{"id":9816,"date":"2019-10-30T16:15:06","date_gmt":"2019-10-30T16:15:06","guid":{"rendered":"https:\/\/www.maisquecuidar.com\/loja\/?post_type=product&#038;p=9816"},"modified":"2020-01-08T21:37:10","modified_gmt":"2020-01-08T21:37:10","slug":"meias-de-descanso-juzo-light-line-ad","status":"publish","type":"product","link":"https:\/\/www.maisquecuidar.com\/loja\/produtos-ortopedicos-ortoteses\/meias-de-compressao-descanso\/meias-de-descanso-juzo-light-line-ad","title":{"rendered":"Meias de descanso Juzo Light Line AD"},"content":{"rendered":"<p>As meias de descanso Juzo Light Line AD t\u00eam um elevado teor de algod\u00e3o que as torna macias e agrad\u00e1veis de usar. O modelo Juzo Light Line 5800 descongestiona consideravelmente as pernas, ativa a musculatura das pernas e, gra\u00e7as ao seu efeito ligeiramente compressivo, estimula a atividade das veias.<\/p>\n<p>Ideal para o trabalho, o lazer, as viagens e o desporto.<\/p>\n<h3><strong>Caracter\u00edsticas<\/strong><\/h3>\n<ul>\n<li>Elevado teor de algod\u00e3o, muito suave para a pele;<\/li>\n<li>Molda a silhueta das pernas;<\/li>\n<li>Ajuste perfeito;<\/li>\n<li>Sem costura com biqueira fechada<\/li>\n<li>Modelo at\u00e9 ao joelho<\/li>\n<li>Para homem e mulher<\/li>\n<\/ul>\n<p>&nbsp;<\/p>\n<h3><strong>Indica\u00e7\u00f5es<\/strong><\/h3>\n<ul>\n<li>Para a sensa\u00e7\u00e3o de pernas pesadas e pernas cansadas.<\/li>\n<\/ul>\n<p>&nbsp;<\/p>\n","protected":false},"excerpt":{"rendered":"<p>As meias de descanso Juzo Light Line AD t\u00eam um elevado teor de algod\u00e3o que as torna macias e agrad\u00e1veis de usar. O modelo Juzo Light Line 5800 descongestiona consideravelmente as pernas, ativa a musculatura das pernas e, gra\u00e7as ao seu efeito ligeiramente compressivo, estimula a atividade das veias. Ideal para o trabalho, o lazer,&hellip;&nbsp;<a href=\"https:\/\/www.maisquecuidar.com\/loja\/produtos-ortopedicos-ortoteses\/meias-de-compressao-descanso\/meias-de-descanso-juzo-light-line-ad\" rel=\"bookmark\">Ler mais &raquo;<span class=\"screen-reader-text\">Meias de descanso Juzo Light Line AD<\/span><\/a><\/p>\n","protected":false},"featured_media":9828,"template":"","meta":{"_acf_changed":false,"neve_meta_sidebar":"","neve_meta_container":"","neve_meta_enable_content_width":"","neve_meta_content_width":0,"neve_meta_title_alignment":"","neve_meta_author_avatar":"","neve_post_elements_order":"","neve_meta_disable_header":"","neve_meta_disable_footer":"","neve_meta_disable_title":""},"product_brand":[],"product_cat":[685],"product_tag":[],"class_list":{"0":"post-9816","1":"product","2":"type-product","3":"status-publish","4":"has-post-thumbnail","6":"product_cat-meias-de-compressao-descanso","8":"first","9":"instock","10":"taxable","11":"shipping-taxable","12":"purchasable","13":"product-type-variable"},"acf":[],"yoast_head":"<!-- This site is optimized with the Yoast SEO plugin v27.5 - https:\/\/yoast.com\/product\/yoast-seo-wordpress\/ -->\n<title>Meias de descanso Juzo Light Line AD - Mais que Cuidar<\/title>\n<meta name=\"description\" content=\"Descubra as meias de descanso da Juzo Light Line AD, indicadas para a sensa\u00e7\u00e3o de pernas cansadas e pesadas. Confira as caracter\u00edsticas e os pre\u00e7os.\" \/>\n<meta name=\"robots\" content=\"index, follow, max-snippet:-1, max-image-preview:large, max-video-preview:-1\" \/>\n<link rel=\"canonical\" href=\"https:\/\/www.maisquecuidar.com\/loja\/produtos-ortopedicos-ortoteses\/meias-de-compressao-descanso\/meias-de-descanso-juzo-light-line-ad\" \/>\n<meta property=\"og:locale\" content=\"pt_PT\" \/>\n<meta property=\"og:type\" content=\"article\" \/>\n<meta property=\"og:title\" content=\"Meias de descanso Juzo Light Line AD - Mais que Cuidar\" \/>\n<meta property=\"og:description\" content=\"Descubra as meias de descanso da Juzo Light Line AD, indicadas para a sensa\u00e7\u00e3o de pernas cansadas e pesadas. Confira as caracter\u00edsticas e os pre\u00e7os.\" \/>\n<meta property=\"og:url\" content=\"https:\/\/www.maisquecuidar.com\/loja\/produtos-ortopedicos-ortoteses\/meias-de-compressao-descanso\/meias-de-descanso-juzo-light-line-ad\" \/>\n<meta property=\"og:site_name\" content=\"Mais que Cuidar\" \/>\n<meta property=\"article:publisher\" content=\"https:\/\/www.facebook.com\/maisquecuidar.pt\" \/>\n<meta property=\"article:modified_time\" content=\"2020-01-08T21:37:10+00:00\" \/>\n<meta property=\"og:image\" content=\"https:\/\/img.maisquecuidar.com\/loja\/wp-content\/uploads\/2019\/10\/meias-descanso-juzo-light-line-preto.png\" \/>\n\t<meta property=\"og:image:width\" content=\"425\" \/>\n\t<meta property=\"og:image:height\" content=\"320\" \/>\n\t<meta property=\"og:image:type\" content=\"image\/png\" \/>\n<meta name=\"twitter:label1\" content=\"Tempo estimado de leitura\" \/>\n\t<meta name=\"twitter:data1\" content=\"1 minuto\" \/>\n<script type=\"application\/ld+json\" class=\"yoast-schema-graph\">{\"@context\":\"https:\\\/\\\/schema.org\",\"@graph\":[{\"@type\":\"WebPage\",\"@id\":\"https:\\\/\\\/www.maisquecuidar.com\\\/loja\\\/produtos-ortopedicos-ortoteses\\\/meias-de-compressao-descanso\\\/meias-de-descanso-juzo-light-line-ad\",\"url\":\"https:\\\/\\\/www.maisquecuidar.com\\\/loja\\\/produtos-ortopedicos-ortoteses\\\/meias-de-compressao-descanso\\\/meias-de-descanso-juzo-light-line-ad\",\"name\":\"Meias de descanso Juzo Light Line AD - Mais que Cuidar\",\"isPartOf\":{\"@id\":\"https:\\\/\\\/www.maisquecuidar.com\\\/loja\\\/#website\"},\"primaryImageOfPage\":{\"@id\":\"https:\\\/\\\/www.maisquecuidar.com\\\/loja\\\/produtos-ortopedicos-ortoteses\\\/meias-de-compressao-descanso\\\/meias-de-descanso-juzo-light-line-ad#primaryimage\"},\"image\":{\"@id\":\"https:\\\/\\\/www.maisquecuidar.com\\\/loja\\\/produtos-ortopedicos-ortoteses\\\/meias-de-compressao-descanso\\\/meias-de-descanso-juzo-light-line-ad#primaryimage\"},\"thumbnailUrl\":\"https:\\\/\\\/img.maisquecuidar.com\\\/loja\\\/wp-content\\\/uploads\\\/2019\\\/10\\\/meias-descanso-juzo-light-line-preto.png\",\"datePublished\":\"2019-10-30T16:15:06+00:00\",\"dateModified\":\"2020-01-08T21:37:10+00:00\",\"description\":\"Descubra as meias de descanso da Juzo Light Line AD, indicadas para a sensa\u00e7\u00e3o de pernas cansadas e pesadas. Confira as caracter\u00edsticas e os pre\u00e7os.\",\"breadcrumb\":{\"@id\":\"https:\\\/\\\/www.maisquecuidar.com\\\/loja\\\/produtos-ortopedicos-ortoteses\\\/meias-de-compressao-descanso\\\/meias-de-descanso-juzo-light-line-ad#breadcrumb\"},\"inLanguage\":\"pt-PT\",\"potentialAction\":[{\"@type\":\"ReadAction\",\"target\":[\"https:\\\/\\\/www.maisquecuidar.com\\\/loja\\\/produtos-ortopedicos-ortoteses\\\/meias-de-compressao-descanso\\\/meias-de-descanso-juzo-light-line-ad\"]}]},{\"@type\":\"ImageObject\",\"inLanguage\":\"pt-PT\",\"@id\":\"https:\\\/\\\/www.maisquecuidar.com\\\/loja\\\/produtos-ortopedicos-ortoteses\\\/meias-de-compressao-descanso\\\/meias-de-descanso-juzo-light-line-ad#primaryimage\",\"url\":\"https:\\\/\\\/img.maisquecuidar.com\\\/loja\\\/wp-content\\\/uploads\\\/2019\\\/10\\\/meias-descanso-juzo-light-line-preto.png\",\"contentUrl\":\"https:\\\/\\\/img.maisquecuidar.com\\\/loja\\\/wp-content\\\/uploads\\\/2019\\\/10\\\/meias-descanso-juzo-light-line-preto.png\",\"width\":425,\"height\":320,\"caption\":\"meias de descanso juzo light line cor preto\"},{\"@type\":\"BreadcrumbList\",\"@id\":\"https:\\\/\\\/www.maisquecuidar.com\\\/loja\\\/produtos-ortopedicos-ortoteses\\\/meias-de-compressao-descanso\\\/meias-de-descanso-juzo-light-line-ad#breadcrumb\",\"itemListElement\":[{\"@type\":\"ListItem\",\"position\":1,\"name\":\"Home\",\"item\":\"https:\\\/\\\/www.maisquecuidar.com\\\/loja\\\/\"},{\"@type\":\"ListItem\",\"position\":2,\"name\":\"Loja Online de Ortopedia e Geriatria em Portugal\",\"item\":\"https:\\\/\\\/www.maisquecuidar.com\\\/loja\\\/loja\"},{\"@type\":\"ListItem\",\"position\":3,\"name\":\"Produtos Ortop\u00e9dicos - Ort\u00f3teses\",\"item\":\"https:\\\/\\\/www.maisquecuidar.com\\\/loja\\\/produtos-ortopedicos-ortoteses\"},{\"@type\":\"ListItem\",\"position\":4,\"name\":\"Meias de Compress\u00e3o e de Descanso\",\"item\":\"https:\\\/\\\/www.maisquecuidar.com\\\/loja\\\/produtos-ortopedicos-ortoteses\\\/meias-de-compressao-descanso\"},{\"@type\":\"ListItem\",\"position\":5,\"name\":\"Meias de descanso Juzo Light Line AD\"}]},{\"@type\":\"WebSite\",\"@id\":\"https:\\\/\\\/www.maisquecuidar.com\\\/loja\\\/#website\",\"url\":\"https:\\\/\\\/www.maisquecuidar.com\\\/loja\\\/\",\"name\":\"Mais que Cuidar\",\"description\":\"Sa\u00fade, Ortopedia e Geriatria\",\"publisher\":{\"@id\":\"https:\\\/\\\/www.maisquecuidar.com\\\/loja\\\/#organization\"},\"potentialAction\":[{\"@type\":\"SearchAction\",\"target\":{\"@type\":\"EntryPoint\",\"urlTemplate\":\"https:\\\/\\\/www.maisquecuidar.com\\\/loja\\\/?s={search_term_string}\"},\"query-input\":{\"@type\":\"PropertyValueSpecification\",\"valueRequired\":true,\"valueName\":\"search_term_string\"}}],\"inLanguage\":\"pt-PT\"},{\"@type\":\"Organization\",\"@id\":\"https:\\\/\\\/www.maisquecuidar.com\\\/loja\\\/#organization\",\"name\":\"Mais Que Cuidar\",\"url\":\"https:\\\/\\\/www.maisquecuidar.com\\\/loja\\\/\",\"logo\":{\"@type\":\"ImageObject\",\"inLanguage\":\"pt-PT\",\"@id\":\"https:\\\/\\\/www.maisquecuidar.com\\\/loja\\\/#\\\/schema\\\/logo\\\/image\\\/\",\"url\":\"https:\\\/\\\/img.maisquecuidar.com\\\/loja\\\/wp-content\\\/uploads\\\/2019\\\/08\\\/logo-mais-que-cuidar-retina.png\",\"contentUrl\":\"https:\\\/\\\/img.maisquecuidar.com\\\/loja\\\/wp-content\\\/uploads\\\/2019\\\/08\\\/logo-mais-que-cuidar-retina.png\",\"width\":565,\"height\":75,\"caption\":\"Mais Que Cuidar\"},\"image\":{\"@id\":\"https:\\\/\\\/www.maisquecuidar.com\\\/loja\\\/#\\\/schema\\\/logo\\\/image\\\/\"},\"sameAs\":[\"https:\\\/\\\/www.facebook.com\\\/maisquecuidar.pt\",\"https:\\\/\\\/www.instagram.com\\\/maisquecuidar\"]}]}<\/script>\n<!-- \/ Yoast SEO plugin. -->","yoast_head_json":{"title":"Meias de descanso Juzo Light Line AD - Mais que Cuidar","description":"Descubra as meias de descanso da Juzo Light Line AD, indicadas para a sensa\u00e7\u00e3o de pernas cansadas e pesadas. Confira as caracter\u00edsticas e os pre\u00e7os.","robots":{"index":"index","follow":"follow","max-snippet":"max-snippet:-1","max-image-preview":"max-image-preview:large","max-video-preview":"max-video-preview:-1"},"canonical":"https:\/\/www.maisquecuidar.com\/loja\/produtos-ortopedicos-ortoteses\/meias-de-compressao-descanso\/meias-de-descanso-juzo-light-line-ad","og_locale":"pt_PT","og_type":"article","og_title":"Meias de descanso Juzo Light Line AD - Mais que Cuidar","og_description":"Descubra as meias de descanso da Juzo Light Line AD, indicadas para a sensa\u00e7\u00e3o de pernas cansadas e pesadas. Confira as caracter\u00edsticas e os pre\u00e7os.","og_url":"https:\/\/www.maisquecuidar.com\/loja\/produtos-ortopedicos-ortoteses\/meias-de-compressao-descanso\/meias-de-descanso-juzo-light-line-ad","og_site_name":"Mais que Cuidar","article_publisher":"https:\/\/www.facebook.com\/maisquecuidar.pt","article_modified_time":"2020-01-08T21:37:10+00:00","og_image":[{"width":425,"height":320,"url":"https:\/\/img.maisquecuidar.com\/loja\/wp-content\/uploads\/2019\/10\/meias-descanso-juzo-light-line-preto.png","type":"image\/png"}],"twitter_misc":{"Tempo estimado de leitura":"1 minuto"},"schema":{"@context":"https:\/\/schema.org","@graph":[{"@type":"WebPage","@id":"https:\/\/www.maisquecuidar.com\/loja\/produtos-ortopedicos-ortoteses\/meias-de-compressao-descanso\/meias-de-descanso-juzo-light-line-ad","url":"https:\/\/www.maisquecuidar.com\/loja\/produtos-ortopedicos-ortoteses\/meias-de-compressao-descanso\/meias-de-descanso-juzo-light-line-ad","name":"Meias de descanso Juzo Light Line AD - Mais que Cuidar","isPartOf":{"@id":"https:\/\/www.maisquecuidar.com\/loja\/#website"},"primaryImageOfPage":{"@id":"https:\/\/www.maisquecuidar.com\/loja\/produtos-ortopedicos-ortoteses\/meias-de-compressao-descanso\/meias-de-descanso-juzo-light-line-ad#primaryimage"},"image":{"@id":"https:\/\/www.maisquecuidar.com\/loja\/produtos-ortopedicos-ortoteses\/meias-de-compressao-descanso\/meias-de-descanso-juzo-light-line-ad#primaryimage"},"thumbnailUrl":"https:\/\/img.maisquecuidar.com\/loja\/wp-content\/uploads\/2019\/10\/meias-descanso-juzo-light-line-preto.png","datePublished":"2019-10-30T16:15:06+00:00","dateModified":"2020-01-08T21:37:10+00:00","description":"Descubra as meias de descanso da Juzo Light Line AD, indicadas para a sensa\u00e7\u00e3o de pernas cansadas e pesadas. Confira as caracter\u00edsticas e os pre\u00e7os.","breadcrumb":{"@id":"https:\/\/www.maisquecuidar.com\/loja\/produtos-ortopedicos-ortoteses\/meias-de-compressao-descanso\/meias-de-descanso-juzo-light-line-ad#breadcrumb"},"inLanguage":"pt-PT","potentialAction":[{"@type":"ReadAction","target":["https:\/\/www.maisquecuidar.com\/loja\/produtos-ortopedicos-ortoteses\/meias-de-compressao-descanso\/meias-de-descanso-juzo-light-line-ad"]}]},{"@type":"ImageObject","inLanguage":"pt-PT","@id":"https:\/\/www.maisquecuidar.com\/loja\/produtos-ortopedicos-ortoteses\/meias-de-compressao-descanso\/meias-de-descanso-juzo-light-line-ad#primaryimage","url":"https:\/\/img.maisquecuidar.com\/loja\/wp-content\/uploads\/2019\/10\/meias-descanso-juzo-light-line-preto.png","contentUrl":"https:\/\/img.maisquecuidar.com\/loja\/wp-content\/uploads\/2019\/10\/meias-descanso-juzo-light-line-preto.png","width":425,"height":320,"caption":"meias de descanso juzo light line cor preto"},{"@type":"BreadcrumbList","@id":"https:\/\/www.maisquecuidar.com\/loja\/produtos-ortopedicos-ortoteses\/meias-de-compressao-descanso\/meias-de-descanso-juzo-light-line-ad#breadcrumb","itemListElement":[{"@type":"ListItem","position":1,"name":"Home","item":"https:\/\/www.maisquecuidar.com\/loja\/"},{"@type":"ListItem","position":2,"name":"Loja Online de Ortopedia e Geriatria em Portugal","item":"https:\/\/www.maisquecuidar.com\/loja\/loja"},{"@type":"ListItem","position":3,"name":"Produtos Ortop\u00e9dicos - Ort\u00f3teses","item":"https:\/\/www.maisquecuidar.com\/loja\/produtos-ortopedicos-ortoteses"},{"@type":"ListItem","position":4,"name":"Meias de Compress\u00e3o e de Descanso","item":"https:\/\/www.maisquecuidar.com\/loja\/produtos-ortopedicos-ortoteses\/meias-de-compressao-descanso"},{"@type":"ListItem","position":5,"name":"Meias de descanso Juzo Light Line AD"}]},{"@type":"WebSite","@id":"https:\/\/www.maisquecuidar.com\/loja\/#website","url":"https:\/\/www.maisquecuidar.com\/loja\/","name":"Mais que Cuidar","description":"Sa\u00fade, Ortopedia e Geriatria","publisher":{"@id":"https:\/\/www.maisquecuidar.com\/loja\/#organization"},"potentialAction":[{"@type":"SearchAction","target":{"@type":"EntryPoint","urlTemplate":"https:\/\/www.maisquecuidar.com\/loja\/?s={search_term_string}"},"query-input":{"@type":"PropertyValueSpecification","valueRequired":true,"valueName":"search_term_string"}}],"inLanguage":"pt-PT"},{"@type":"Organization","@id":"https:\/\/www.maisquecuidar.com\/loja\/#organization","name":"Mais Que Cuidar","url":"https:\/\/www.maisquecuidar.com\/loja\/","logo":{"@type":"ImageObject","inLanguage":"pt-PT","@id":"https:\/\/www.maisquecuidar.com\/loja\/#\/schema\/logo\/image\/","url":"https:\/\/img.maisquecuidar.com\/loja\/wp-content\/uploads\/2019\/08\/logo-mais-que-cuidar-retina.png","contentUrl":"https:\/\/img.maisquecuidar.com\/loja\/wp-content\/uploads\/2019\/08\/logo-mais-que-cuidar-retina.png","width":565,"height":75,"caption":"Mais Que Cuidar"},"image":{"@id":"https:\/\/www.maisquecuidar.com\/loja\/#\/schema\/logo\/image\/"},"sameAs":["https:\/\/www.facebook.com\/maisquecuidar.pt","https:\/\/www.instagram.com\/maisquecuidar"]}]}},"_links":{"self":[{"href":"https:\/\/www.maisquecuidar.com\/loja\/wp-json\/wp\/v2\/product\/9816","targetHints":{"allow":["GET"]}}],"collection":[{"href":"https:\/\/www.maisquecuidar.com\/loja\/wp-json\/wp\/v2\/product"}],"about":[{"href":"https:\/\/www.maisquecuidar.com\/loja\/wp-json\/wp\/v2\/types\/product"}],"wp:featuredmedia":[{"embeddable":true,"href":"https:\/\/www.maisquecuidar.com\/loja\/wp-json\/wp\/v2\/media\/9828"}],"wp:attachment":[{"href":"https:\/\/www.maisquecuidar.com\/loja\/wp-json\/wp\/v2\/media?parent=9816"}],"wp:term":[{"taxonomy":"product_brand","embeddable":true,"href":"https:\/\/www.maisquecuidar.com\/loja\/wp-json\/wp\/v2\/product_brand?post=9816"},{"taxonomy":"product_cat","embeddable":true,"href":"https:\/\/www.maisquecuidar.com\/loja\/wp-json\/wp\/v2\/product_cat?post=9816"},{"taxonomy":"product_tag","embeddable":true,"href":"https:\/\/www.maisquecuidar.com\/loja\/wp-json\/wp\/v2\/product_tag?post=9816"}],"curies":[{"name":"wp","href":"https:\/\/api.w.org\/{rel}","templated":true}]}}