{"id":9223,"date":"2019-10-14T09:26:36","date_gmt":"2019-10-14T08:26:36","guid":{"rendered":"https:\/\/www.maisquecuidar.com\/loja\/?post_type=product&#038;p=9223"},"modified":"2025-10-01T18:32:15","modified_gmt":"2025-10-01T17:32:15","slug":"muleta-umbracal","status":"publish","type":"product","link":"https:\/\/www.maisquecuidar.com\/loja\/mais-mobilidade\/muletas-canadianas\/muleta-umbracal","title":{"rendered":"Muleta umbracal"},"content":{"rendered":"<ul style=\"overflow: inherit; padding-left: 30px;\">\n<li class=\"cmsms_icon_list_item cmsms-icon-ok-circled\" style=\"font-size: 25px; left: -35px; line-height: 23px; color: #1c9cd1;\"><span style=\"color: #808080;\">A muleta umbracal \u00e9 indicada para adultos e \u00e9 constru\u00edda em a\u00e7o e alum\u00ednio de grande resist\u00eancia.\n<p><\/span><\/li>\n<li id=\"cmsms_icon_list_item_57fb6de0320bc\" class=\"cmsms_icon_list_item cmsms-icon-ok-circled\" style=\"font-size: 25px; left: -35px; line-height: 23px; color: #1c9cd1;\"><span style=\"color: #808080;\"><span style=\"font-size: 25px;\">A altura da muleta ou canadiana \u00e9 regul\u00e1vel na parte inferior e no antrebra\u00e7o. <\/span><\/span><\/li>\n<li class=\"cmsms_icon_list_item cmsms-icon-ok-circled\" style=\"font-size: 25px; left: -35px; line-height: 23px; color: #1c9cd1;\"><span style=\"color: #808080;\"><span style=\"font-size: 25px;\"><strong>O pre\u00e7o apresentado \u00e9 referente ao par<\/strong>.\n<p><\/span><\/span><\/li>\n<\/ul>\n<div class=\"innerShortcode\">\n<div class=\"innerContent\">\n<p><span style=\"font-size: 14pt;\">*Pode ser levantado directamente nas nossas lojas no Porto (Matosinhos), Lisboa, Almada e Algarve.<\/span><\/p>\n<\/div>\n<\/div>\n","protected":false},"excerpt":{"rendered":"<p>A muleta umbracal \u00e9 indicada para adultos e \u00e9 constru\u00edda em a\u00e7o e alum\u00ednio de grande resist\u00eancia. A altura da muleta ou canadiana \u00e9 regul\u00e1vel na parte inferior e no antrebra\u00e7o. O pre\u00e7o apresentado \u00e9 referente ao par. *Pode ser levantado directamente nas nossas lojas no Porto (Matosinhos), Lisboa, Almada e Algarve.<\/p>\n","protected":false},"featured_media":9224,"template":"","meta":{"_acf_changed":false,"neve_meta_sidebar":"","neve_meta_container":"","neve_meta_enable_content_width":"","neve_meta_content_width":0,"neve_meta_title_alignment":"","neve_meta_author_avatar":"","neve_post_elements_order":"","neve_meta_disable_header":"","neve_meta_disable_footer":"","neve_meta_disable_title":""},"product_brand":[],"product_cat":[683],"product_tag":[],"class_list":{"0":"post-9223","1":"product","2":"type-product","3":"status-publish","4":"has-post-thumbnail","6":"product_cat-muletas-canadianas","8":"first","9":"outofstock","10":"taxable","11":"shipping-taxable","12":"purchasable","13":"product-type-simple"},"acf":[],"yoast_head":"<!-- This site is optimized with the Yoast SEO plugin v27.4 - https:\/\/yoast.com\/product\/yoast-seo-wordpress\/ -->\n<title>Muleta umbracal - Mais que Cuidar<\/title>\n<meta name=\"description\" content=\"Conhe\u00e7a o modelo de muleta umbracal para adultos em a\u00e7o e alum\u00ednio com altura regul\u00e1vel. Confira o pre\u00e7o e as suas caracter\u00edsticas.\" \/>\n<meta name=\"robots\" content=\"index, follow, max-snippet:-1, max-image-preview:large, max-video-preview:-1\" \/>\n<link rel=\"canonical\" href=\"https:\/\/www.maisquecuidar.com\/loja\/mais-mobilidade\/muletas-canadianas\/muleta-umbracal\" \/>\n<meta property=\"og:locale\" content=\"pt_PT\" \/>\n<meta property=\"og:type\" content=\"article\" \/>\n<meta property=\"og:title\" content=\"Muleta umbracal - Mais que Cuidar\" \/>\n<meta property=\"og:description\" content=\"Conhe\u00e7a o modelo de muleta umbracal para adultos em a\u00e7o e alum\u00ednio com altura regul\u00e1vel. Confira o pre\u00e7o e as suas caracter\u00edsticas.\" \/>\n<meta property=\"og:url\" content=\"https:\/\/www.maisquecuidar.com\/loja\/mais-mobilidade\/muletas-canadianas\/muleta-umbracal\" \/>\n<meta property=\"og:site_name\" content=\"Mais que Cuidar\" \/>\n<meta property=\"article:publisher\" content=\"https:\/\/www.facebook.com\/maisquecuidar.pt\" \/>\n<meta property=\"article:modified_time\" content=\"2025-10-01T17:32:15+00:00\" \/>\n<meta property=\"og:image\" content=\"https:\/\/img.maisquecuidar.com\/loja\/wp-content\/uploads\/2019\/10\/muleta-umbracal.jpg\" \/>\n\t<meta property=\"og:image:width\" content=\"425\" \/>\n\t<meta property=\"og:image:height\" content=\"320\" \/>\n\t<meta property=\"og:image:type\" content=\"image\/jpeg\" \/>\n<script type=\"application\/ld+json\" class=\"yoast-schema-graph\">{\"@context\":\"https:\\\/\\\/schema.org\",\"@graph\":[{\"@type\":\"WebPage\",\"@id\":\"https:\\\/\\\/www.maisquecuidar.com\\\/loja\\\/mais-mobilidade\\\/muletas-canadianas\\\/muleta-umbracal\",\"url\":\"https:\\\/\\\/www.maisquecuidar.com\\\/loja\\\/mais-mobilidade\\\/muletas-canadianas\\\/muleta-umbracal\",\"name\":\"Muleta umbracal - Mais que Cuidar\",\"isPartOf\":{\"@id\":\"https:\\\/\\\/www.maisquecuidar.com\\\/loja\\\/#website\"},\"primaryImageOfPage\":{\"@id\":\"https:\\\/\\\/www.maisquecuidar.com\\\/loja\\\/mais-mobilidade\\\/muletas-canadianas\\\/muleta-umbracal#primaryimage\"},\"image\":{\"@id\":\"https:\\\/\\\/www.maisquecuidar.com\\\/loja\\\/mais-mobilidade\\\/muletas-canadianas\\\/muleta-umbracal#primaryimage\"},\"thumbnailUrl\":\"https:\\\/\\\/img.maisquecuidar.com\\\/loja\\\/wp-content\\\/uploads\\\/2019\\\/10\\\/muleta-umbracal.jpg\",\"datePublished\":\"2019-10-14T08:26:36+00:00\",\"dateModified\":\"2025-10-01T17:32:15+00:00\",\"description\":\"Conhe\u00e7a o modelo de muleta umbracal para adultos em a\u00e7o e alum\u00ednio com altura regul\u00e1vel. Confira o pre\u00e7o e as suas caracter\u00edsticas.\",\"breadcrumb\":{\"@id\":\"https:\\\/\\\/www.maisquecuidar.com\\\/loja\\\/mais-mobilidade\\\/muletas-canadianas\\\/muleta-umbracal#breadcrumb\"},\"inLanguage\":\"pt-PT\",\"potentialAction\":[{\"@type\":\"ReadAction\",\"target\":[\"https:\\\/\\\/www.maisquecuidar.com\\\/loja\\\/mais-mobilidade\\\/muletas-canadianas\\\/muleta-umbracal\"]}]},{\"@type\":\"ImageObject\",\"inLanguage\":\"pt-PT\",\"@id\":\"https:\\\/\\\/www.maisquecuidar.com\\\/loja\\\/mais-mobilidade\\\/muletas-canadianas\\\/muleta-umbracal#primaryimage\",\"url\":\"https:\\\/\\\/img.maisquecuidar.com\\\/loja\\\/wp-content\\\/uploads\\\/2019\\\/10\\\/muleta-umbracal.jpg\",\"contentUrl\":\"https:\\\/\\\/img.maisquecuidar.com\\\/loja\\\/wp-content\\\/uploads\\\/2019\\\/10\\\/muleta-umbracal.jpg\",\"width\":425,\"height\":320,\"caption\":\"muleta ou canadiana umbracal para adultos\"},{\"@type\":\"BreadcrumbList\",\"@id\":\"https:\\\/\\\/www.maisquecuidar.com\\\/loja\\\/mais-mobilidade\\\/muletas-canadianas\\\/muleta-umbracal#breadcrumb\",\"itemListElement\":[{\"@type\":\"ListItem\",\"position\":1,\"name\":\"Home\",\"item\":\"https:\\\/\\\/www.maisquecuidar.com\\\/loja\\\/\"},{\"@type\":\"ListItem\",\"position\":2,\"name\":\"Loja Online de Ortopedia e Geriatria em Portugal\",\"item\":\"https:\\\/\\\/www.maisquecuidar.com\\\/loja\\\/loja\"},{\"@type\":\"ListItem\",\"position\":3,\"name\":\"Mais Mobilidade\",\"item\":\"https:\\\/\\\/www.maisquecuidar.com\\\/loja\\\/mais-mobilidade\"},{\"@type\":\"ListItem\",\"position\":4,\"name\":\"Muletas e Canadianas\",\"item\":\"https:\\\/\\\/www.maisquecuidar.com\\\/loja\\\/mais-mobilidade\\\/muletas-canadianas\"},{\"@type\":\"ListItem\",\"position\":5,\"name\":\"Muleta umbracal\"}]},{\"@type\":\"WebSite\",\"@id\":\"https:\\\/\\\/www.maisquecuidar.com\\\/loja\\\/#website\",\"url\":\"https:\\\/\\\/www.maisquecuidar.com\\\/loja\\\/\",\"name\":\"Mais que Cuidar\",\"description\":\"Sa\u00fade, Ortopedia e Geriatria\",\"publisher\":{\"@id\":\"https:\\\/\\\/www.maisquecuidar.com\\\/loja\\\/#organization\"},\"potentialAction\":[{\"@type\":\"SearchAction\",\"target\":{\"@type\":\"EntryPoint\",\"urlTemplate\":\"https:\\\/\\\/www.maisquecuidar.com\\\/loja\\\/?s={search_term_string}\"},\"query-input\":{\"@type\":\"PropertyValueSpecification\",\"valueRequired\":true,\"valueName\":\"search_term_string\"}}],\"inLanguage\":\"pt-PT\"},{\"@type\":\"Organization\",\"@id\":\"https:\\\/\\\/www.maisquecuidar.com\\\/loja\\\/#organization\",\"name\":\"Mais Que Cuidar\",\"url\":\"https:\\\/\\\/www.maisquecuidar.com\\\/loja\\\/\",\"logo\":{\"@type\":\"ImageObject\",\"inLanguage\":\"pt-PT\",\"@id\":\"https:\\\/\\\/www.maisquecuidar.com\\\/loja\\\/#\\\/schema\\\/logo\\\/image\\\/\",\"url\":\"https:\\\/\\\/img.maisquecuidar.com\\\/loja\\\/wp-content\\\/uploads\\\/2019\\\/08\\\/logo-mais-que-cuidar-retina.png\",\"contentUrl\":\"https:\\\/\\\/img.maisquecuidar.com\\\/loja\\\/wp-content\\\/uploads\\\/2019\\\/08\\\/logo-mais-que-cuidar-retina.png\",\"width\":565,\"height\":75,\"caption\":\"Mais Que Cuidar\"},\"image\":{\"@id\":\"https:\\\/\\\/www.maisquecuidar.com\\\/loja\\\/#\\\/schema\\\/logo\\\/image\\\/\"},\"sameAs\":[\"https:\\\/\\\/www.facebook.com\\\/maisquecuidar.pt\",\"https:\\\/\\\/www.instagram.com\\\/maisquecuidar\"]}]}<\/script>\n<!-- \/ Yoast SEO plugin. -->","yoast_head_json":{"title":"Muleta umbracal - Mais que Cuidar","description":"Conhe\u00e7a o modelo de muleta umbracal para adultos em a\u00e7o e alum\u00ednio com altura regul\u00e1vel. Confira o pre\u00e7o e as suas caracter\u00edsticas.","robots":{"index":"index","follow":"follow","max-snippet":"max-snippet:-1","max-image-preview":"max-image-preview:large","max-video-preview":"max-video-preview:-1"},"canonical":"https:\/\/www.maisquecuidar.com\/loja\/mais-mobilidade\/muletas-canadianas\/muleta-umbracal","og_locale":"pt_PT","og_type":"article","og_title":"Muleta umbracal - Mais que Cuidar","og_description":"Conhe\u00e7a o modelo de muleta umbracal para adultos em a\u00e7o e alum\u00ednio com altura regul\u00e1vel. Confira o pre\u00e7o e as suas caracter\u00edsticas.","og_url":"https:\/\/www.maisquecuidar.com\/loja\/mais-mobilidade\/muletas-canadianas\/muleta-umbracal","og_site_name":"Mais que Cuidar","article_publisher":"https:\/\/www.facebook.com\/maisquecuidar.pt","article_modified_time":"2025-10-01T17:32:15+00:00","og_image":[{"width":425,"height":320,"url":"https:\/\/img.maisquecuidar.com\/loja\/wp-content\/uploads\/2019\/10\/muleta-umbracal.jpg","type":"image\/jpeg"}],"schema":{"@context":"https:\/\/schema.org","@graph":[{"@type":"WebPage","@id":"https:\/\/www.maisquecuidar.com\/loja\/mais-mobilidade\/muletas-canadianas\/muleta-umbracal","url":"https:\/\/www.maisquecuidar.com\/loja\/mais-mobilidade\/muletas-canadianas\/muleta-umbracal","name":"Muleta umbracal - Mais que Cuidar","isPartOf":{"@id":"https:\/\/www.maisquecuidar.com\/loja\/#website"},"primaryImageOfPage":{"@id":"https:\/\/www.maisquecuidar.com\/loja\/mais-mobilidade\/muletas-canadianas\/muleta-umbracal#primaryimage"},"image":{"@id":"https:\/\/www.maisquecuidar.com\/loja\/mais-mobilidade\/muletas-canadianas\/muleta-umbracal#primaryimage"},"thumbnailUrl":"https:\/\/img.maisquecuidar.com\/loja\/wp-content\/uploads\/2019\/10\/muleta-umbracal.jpg","datePublished":"2019-10-14T08:26:36+00:00","dateModified":"2025-10-01T17:32:15+00:00","description":"Conhe\u00e7a o modelo de muleta umbracal para adultos em a\u00e7o e alum\u00ednio com altura regul\u00e1vel. Confira o pre\u00e7o e as suas caracter\u00edsticas.","breadcrumb":{"@id":"https:\/\/www.maisquecuidar.com\/loja\/mais-mobilidade\/muletas-canadianas\/muleta-umbracal#breadcrumb"},"inLanguage":"pt-PT","potentialAction":[{"@type":"ReadAction","target":["https:\/\/www.maisquecuidar.com\/loja\/mais-mobilidade\/muletas-canadianas\/muleta-umbracal"]}]},{"@type":"ImageObject","inLanguage":"pt-PT","@id":"https:\/\/www.maisquecuidar.com\/loja\/mais-mobilidade\/muletas-canadianas\/muleta-umbracal#primaryimage","url":"https:\/\/img.maisquecuidar.com\/loja\/wp-content\/uploads\/2019\/10\/muleta-umbracal.jpg","contentUrl":"https:\/\/img.maisquecuidar.com\/loja\/wp-content\/uploads\/2019\/10\/muleta-umbracal.jpg","width":425,"height":320,"caption":"muleta ou canadiana umbracal para adultos"},{"@type":"BreadcrumbList","@id":"https:\/\/www.maisquecuidar.com\/loja\/mais-mobilidade\/muletas-canadianas\/muleta-umbracal#breadcrumb","itemListElement":[{"@type":"ListItem","position":1,"name":"Home","item":"https:\/\/www.maisquecuidar.com\/loja\/"},{"@type":"ListItem","position":2,"name":"Loja Online de Ortopedia e Geriatria em Portugal","item":"https:\/\/www.maisquecuidar.com\/loja\/loja"},{"@type":"ListItem","position":3,"name":"Mais Mobilidade","item":"https:\/\/www.maisquecuidar.com\/loja\/mais-mobilidade"},{"@type":"ListItem","position":4,"name":"Muletas e Canadianas","item":"https:\/\/www.maisquecuidar.com\/loja\/mais-mobilidade\/muletas-canadianas"},{"@type":"ListItem","position":5,"name":"Muleta umbracal"}]},{"@type":"WebSite","@id":"https:\/\/www.maisquecuidar.com\/loja\/#website","url":"https:\/\/www.maisquecuidar.com\/loja\/","name":"Mais que Cuidar","description":"Sa\u00fade, Ortopedia e Geriatria","publisher":{"@id":"https:\/\/www.maisquecuidar.com\/loja\/#organization"},"potentialAction":[{"@type":"SearchAction","target":{"@type":"EntryPoint","urlTemplate":"https:\/\/www.maisquecuidar.com\/loja\/?s={search_term_string}"},"query-input":{"@type":"PropertyValueSpecification","valueRequired":true,"valueName":"search_term_string"}}],"inLanguage":"pt-PT"},{"@type":"Organization","@id":"https:\/\/www.maisquecuidar.com\/loja\/#organization","name":"Mais Que Cuidar","url":"https:\/\/www.maisquecuidar.com\/loja\/","logo":{"@type":"ImageObject","inLanguage":"pt-PT","@id":"https:\/\/www.maisquecuidar.com\/loja\/#\/schema\/logo\/image\/","url":"https:\/\/img.maisquecuidar.com\/loja\/wp-content\/uploads\/2019\/08\/logo-mais-que-cuidar-retina.png","contentUrl":"https:\/\/img.maisquecuidar.com\/loja\/wp-content\/uploads\/2019\/08\/logo-mais-que-cuidar-retina.png","width":565,"height":75,"caption":"Mais Que Cuidar"},"image":{"@id":"https:\/\/www.maisquecuidar.com\/loja\/#\/schema\/logo\/image\/"},"sameAs":["https:\/\/www.facebook.com\/maisquecuidar.pt","https:\/\/www.instagram.com\/maisquecuidar"]}]}},"_links":{"self":[{"href":"https:\/\/www.maisquecuidar.com\/loja\/wp-json\/wp\/v2\/product\/9223","targetHints":{"allow":["GET"]}}],"collection":[{"href":"https:\/\/www.maisquecuidar.com\/loja\/wp-json\/wp\/v2\/product"}],"about":[{"href":"https:\/\/www.maisquecuidar.com\/loja\/wp-json\/wp\/v2\/types\/product"}],"wp:featuredmedia":[{"embeddable":true,"href":"https:\/\/www.maisquecuidar.com\/loja\/wp-json\/wp\/v2\/media\/9224"}],"wp:attachment":[{"href":"https:\/\/www.maisquecuidar.com\/loja\/wp-json\/wp\/v2\/media?parent=9223"}],"wp:term":[{"taxonomy":"product_brand","embeddable":true,"href":"https:\/\/www.maisquecuidar.com\/loja\/wp-json\/wp\/v2\/product_brand?post=9223"},{"taxonomy":"product_cat","embeddable":true,"href":"https:\/\/www.maisquecuidar.com\/loja\/wp-json\/wp\/v2\/product_cat?post=9223"},{"taxonomy":"product_tag","embeddable":true,"href":"https:\/\/www.maisquecuidar.com\/loja\/wp-json\/wp\/v2\/product_tag?post=9223"}],"curies":[{"name":"wp","href":"https:\/\/api.w.org\/{rel}","templated":true}]}}