{"id":7715,"date":"2019-04-09T14:35:03","date_gmt":"2019-04-09T13:35:03","guid":{"rendered":"https:\/\/www.maisquecuidar.com\/loja\/produto\/colchao-softform-premier-visco\/"},"modified":"2025-10-01T18:31:46","modified_gmt":"2025-10-01T17:31:46","slug":"colchao-softform-premier-visco","status":"publish","type":"product","link":"https:\/\/www.maisquecuidar.com\/loja\/quarto-conforto-bem-estar\/colchoes-anti-escaras\/colchao-softform-premier-visco","title":{"rendered":"Colch\u00e3o Softform Premier Visco Invacare"},"content":{"rendered":"<p><strong>Colch\u00e3o Softform Premier Visco Invacare<\/strong><\/p>\n<p>Destaca-se pela cama superior de espuma viscoel\u00e1stica de elevada densidade e sens\u00edvel \u00e0 temperatura que permite uma perfeita adaptabilidade ao corpo do utilizador. Oferece um conforto excecional e minimiza as for\u00e7as de press\u00e3o.<\/p>\n<p>\u00c9 indicado para utilizadores com elevado risco de aparecimento de \u00falceras de press\u00e3o ou igual a 15+ na escala de Waterlow.<\/p>\n<h3>Caracter\u00edsticas em destaque:<\/h3>\n<ul>\n<li><strong>Preven\u00e7\u00e3o de \u00dalceras de Press\u00e3o: <\/strong>a camada de espuma viscoel\u00e1stica 55 kg\/m3, sens\u00edvel \u00e0 temperatura, adapta-se rapidamente ao corpo do utilizador, garantindo uma \u00e1rea de contato uniforme e uma redu\u00e7\u00e3o significativa das press\u00f5es. A capa bi-el\u00e1stica e perme\u00e1vel aos vapores tamb\u00e9m ajuda na preven\u00e7\u00e3o de \u00falceras reduzindo os efeitos de fric\u00e7\u00e3o e da suda\u00e7\u00e3o.<\/li>\n<li><strong>\u00d3timo posicionamento e conforto:<\/strong> a elevada qualidade da espuma viscoel\u00e1stica com um n\u00edvel de firmeza adequado e a base em U de espuma de alta resili\u00eancia garante conforto e posicionamento otimizado assim como permite a boa mobilidade do utilizador na posi\u00e7\u00e3o deitada ou durante as transfer\u00eancias de ou para a cama.<\/li>\n<li><strong>N\u00e3o existe necessidade de virar ou rodar o colch\u00e3o: <\/strong>este colch\u00e3o n\u00e3o tem necessidade de ser virado ou rodado, minimizando significativamente o manuseio manual.<\/li>\n<li><strong>Capa superior com aba protetora:<\/strong> a aba cobre e protege o fecho reduzindo o risco de entrada de flu\u00eddos para o interior da capa, evitando a contamina\u00e7\u00e3o do n\u00facleo da espuma.<\/li>\n<li><strong>Prote\u00e7\u00e3o adicional: <\/strong>capa bi-el\u00e1stica, resistente aos l\u00edquidos e perme\u00e1vel aos vapores com as costuras soldadas, para evitar a acumula\u00e7\u00e3o de p\u00f3 e outros res\u00edduos l\u00edquidos.<\/li>\n<li><strong>V\u00e1rias medidas dispon\u00edveis: <\/strong>este colch\u00e3o tem 2 medidas standard dispon\u00edveis.<\/li>\n<\/ul>\n<p><strong>O pre\u00e7o apresentado \u00e9 referente \u00e0 medida de largura 90 cm e comprimento 200 cm.<\/strong><\/p>\n<p>Pode tamb\u00e9m ser feito por medida e o or\u00e7amento \u00e9 feito conforme as dimens\u00f5es solicitadas.<\/p>\n<p>&nbsp;<\/p>\n","protected":false},"excerpt":{"rendered":"<p>Colch\u00e3o composto de uma camada superior de espuma viscoel\u00e1stica para m\u00e1ximo conforto.<\/p>\n","protected":false},"featured_media":17236,"template":"","meta":{"_acf_changed":false,"neve_meta_sidebar":"","neve_meta_container":"","neve_meta_enable_content_width":"","neve_meta_content_width":0,"neve_meta_title_alignment":"","neve_meta_author_avatar":"","neve_post_elements_order":"","neve_meta_disable_header":"","neve_meta_disable_footer":"","neve_meta_disable_title":""},"product_brand":[],"product_cat":[763],"product_tag":[337,340,659,658,660,335,336],"class_list":{"0":"post-7715","1":"product","2":"type-product","3":"status-publish","4":"has-post-thumbnail","6":"product_cat-colchoes-anti-escaras","7":"product_tag-colchao-anti-escaras","8":"product_tag-colchao-anti-escaras-em-viscoelastico","9":"product_tag-colchao-invacare","10":"product_tag-colchao-preventivos-de-feridas","11":"product_tag-colchao-softform-premier-visco","12":"product_tag-colchoes-para-acamados","13":"product_tag-colchoes-para-pessoas-acamados","15":"first","16":"instock","17":"taxable","18":"shipping-taxable","19":"purchasable","20":"product-type-simple"},"acf":[],"yoast_head":"<!-- This site is optimized with the Yoast SEO plugin v27.5 - https:\/\/yoast.com\/product\/yoast-seo-wordpress\/ -->\n<title>Colch\u00e3o Softform Premier Visco Invacare - Invacare<\/title>\n<meta name=\"description\" content=\"Conhe\u00e7a o colch\u00e3o Softform Premier Visco da Invacare composto de uma camada superior de viscoel\u00e1stico para m\u00e1ximo conforto. Confira o pre\u00e7o!\" \/>\n<meta name=\"robots\" content=\"index, follow, max-snippet:-1, max-image-preview:large, max-video-preview:-1\" \/>\n<link rel=\"canonical\" href=\"https:\/\/www.maisquecuidar.com\/loja\/quarto-conforto-bem-estar\/colchoes-anti-escaras\/colchao-softform-premier-visco\" \/>\n<meta property=\"og:locale\" content=\"pt_PT\" \/>\n<meta property=\"og:type\" content=\"article\" \/>\n<meta property=\"og:title\" content=\"Colch\u00e3o Softform Premier Visco Invacare - Invacare\" \/>\n<meta property=\"og:description\" content=\"Conhe\u00e7a o colch\u00e3o Softform Premier Visco da Invacare composto de uma camada superior de viscoel\u00e1stico para m\u00e1ximo conforto. Confira o pre\u00e7o!\" \/>\n<meta property=\"og:url\" content=\"https:\/\/www.maisquecuidar.com\/loja\/quarto-conforto-bem-estar\/colchoes-anti-escaras\/colchao-softform-premier-visco\" \/>\n<meta property=\"og:site_name\" content=\"Mais que Cuidar\" \/>\n<meta property=\"article:publisher\" content=\"https:\/\/www.facebook.com\/maisquecuidar.pt\" \/>\n<meta property=\"article:modified_time\" content=\"2025-10-01T17:31:46+00:00\" \/>\n<meta property=\"og:image\" content=\"https:\/\/img.maisquecuidar.com\/loja\/wp-content\/uploads\/2019\/04\/colchao-anti-escaras-premier-visco-invacare.png\" \/>\n\t<meta property=\"og:image:width\" content=\"1280\" \/>\n\t<meta property=\"og:image:height\" content=\"800\" \/>\n\t<meta property=\"og:image:type\" content=\"image\/png\" \/>\n<meta name=\"twitter:label1\" content=\"Tempo estimado de leitura\" \/>\n\t<meta name=\"twitter:data1\" content=\"2 minutos\" \/>\n<script type=\"application\/ld+json\" class=\"yoast-schema-graph\">{\"@context\":\"https:\\\/\\\/schema.org\",\"@graph\":[{\"@type\":\"WebPage\",\"@id\":\"https:\\\/\\\/www.maisquecuidar.com\\\/loja\\\/quarto-conforto-bem-estar\\\/colchoes-anti-escaras\\\/colchao-softform-premier-visco\",\"url\":\"https:\\\/\\\/www.maisquecuidar.com\\\/loja\\\/quarto-conforto-bem-estar\\\/colchoes-anti-escaras\\\/colchao-softform-premier-visco\",\"name\":\"Colch\u00e3o Softform Premier Visco Invacare - Invacare\",\"isPartOf\":{\"@id\":\"https:\\\/\\\/www.maisquecuidar.com\\\/loja\\\/#website\"},\"primaryImageOfPage\":{\"@id\":\"https:\\\/\\\/www.maisquecuidar.com\\\/loja\\\/quarto-conforto-bem-estar\\\/colchoes-anti-escaras\\\/colchao-softform-premier-visco#primaryimage\"},\"image\":{\"@id\":\"https:\\\/\\\/www.maisquecuidar.com\\\/loja\\\/quarto-conforto-bem-estar\\\/colchoes-anti-escaras\\\/colchao-softform-premier-visco#primaryimage\"},\"thumbnailUrl\":\"https:\\\/\\\/img.maisquecuidar.com\\\/loja\\\/wp-content\\\/uploads\\\/2019\\\/04\\\/colchao-anti-escaras-premier-visco-invacare.png\",\"datePublished\":\"2019-04-09T13:35:03+00:00\",\"dateModified\":\"2025-10-01T17:31:46+00:00\",\"description\":\"Conhe\u00e7a o colch\u00e3o Softform Premier Visco da Invacare composto de uma camada superior de viscoel\u00e1stico para m\u00e1ximo conforto. Confira o pre\u00e7o!\",\"breadcrumb\":{\"@id\":\"https:\\\/\\\/www.maisquecuidar.com\\\/loja\\\/quarto-conforto-bem-estar\\\/colchoes-anti-escaras\\\/colchao-softform-premier-visco#breadcrumb\"},\"inLanguage\":\"pt-PT\",\"potentialAction\":[{\"@type\":\"ReadAction\",\"target\":[\"https:\\\/\\\/www.maisquecuidar.com\\\/loja\\\/quarto-conforto-bem-estar\\\/colchoes-anti-escaras\\\/colchao-softform-premier-visco\"]}]},{\"@type\":\"ImageObject\",\"inLanguage\":\"pt-PT\",\"@id\":\"https:\\\/\\\/www.maisquecuidar.com\\\/loja\\\/quarto-conforto-bem-estar\\\/colchoes-anti-escaras\\\/colchao-softform-premier-visco#primaryimage\",\"url\":\"https:\\\/\\\/img.maisquecuidar.com\\\/loja\\\/wp-content\\\/uploads\\\/2019\\\/04\\\/colchao-anti-escaras-premier-visco-invacare.png\",\"contentUrl\":\"https:\\\/\\\/img.maisquecuidar.com\\\/loja\\\/wp-content\\\/uploads\\\/2019\\\/04\\\/colchao-anti-escaras-premier-visco-invacare.png\",\"width\":1280,\"height\":800,\"caption\":\"Colch\u00e3o anti-escaras premier visco Invacare\"},{\"@type\":\"BreadcrumbList\",\"@id\":\"https:\\\/\\\/www.maisquecuidar.com\\\/loja\\\/quarto-conforto-bem-estar\\\/colchoes-anti-escaras\\\/colchao-softform-premier-visco#breadcrumb\",\"itemListElement\":[{\"@type\":\"ListItem\",\"position\":1,\"name\":\"Home\",\"item\":\"https:\\\/\\\/www.maisquecuidar.com\\\/loja\\\/\"},{\"@type\":\"ListItem\",\"position\":2,\"name\":\"Loja Online de Ortopedia e Geriatria em Portugal\",\"item\":\"https:\\\/\\\/www.maisquecuidar.com\\\/loja\\\/loja\"},{\"@type\":\"ListItem\",\"position\":3,\"name\":\"Quarto, Conforto e Bem Estar\",\"item\":\"https:\\\/\\\/www.maisquecuidar.com\\\/loja\\\/quarto-conforto-bem-estar\"},{\"@type\":\"ListItem\",\"position\":4,\"name\":\"Colch\u00f5es Anti-Escaras\",\"item\":\"https:\\\/\\\/www.maisquecuidar.com\\\/loja\\\/quarto-conforto-bem-estar\\\/colchoes-anti-escaras\"},{\"@type\":\"ListItem\",\"position\":5,\"name\":\"Colch\u00e3o Softform Premier Visco Invacare\"}]},{\"@type\":\"WebSite\",\"@id\":\"https:\\\/\\\/www.maisquecuidar.com\\\/loja\\\/#website\",\"url\":\"https:\\\/\\\/www.maisquecuidar.com\\\/loja\\\/\",\"name\":\"Mais que Cuidar\",\"description\":\"Sa\u00fade, Ortopedia e Geriatria\",\"publisher\":{\"@id\":\"https:\\\/\\\/www.maisquecuidar.com\\\/loja\\\/#organization\"},\"potentialAction\":[{\"@type\":\"SearchAction\",\"target\":{\"@type\":\"EntryPoint\",\"urlTemplate\":\"https:\\\/\\\/www.maisquecuidar.com\\\/loja\\\/?s={search_term_string}\"},\"query-input\":{\"@type\":\"PropertyValueSpecification\",\"valueRequired\":true,\"valueName\":\"search_term_string\"}}],\"inLanguage\":\"pt-PT\"},{\"@type\":\"Organization\",\"@id\":\"https:\\\/\\\/www.maisquecuidar.com\\\/loja\\\/#organization\",\"name\":\"Mais Que Cuidar\",\"url\":\"https:\\\/\\\/www.maisquecuidar.com\\\/loja\\\/\",\"logo\":{\"@type\":\"ImageObject\",\"inLanguage\":\"pt-PT\",\"@id\":\"https:\\\/\\\/www.maisquecuidar.com\\\/loja\\\/#\\\/schema\\\/logo\\\/image\\\/\",\"url\":\"https:\\\/\\\/img.maisquecuidar.com\\\/loja\\\/wp-content\\\/uploads\\\/2019\\\/08\\\/logo-mais-que-cuidar-retina.png\",\"contentUrl\":\"https:\\\/\\\/img.maisquecuidar.com\\\/loja\\\/wp-content\\\/uploads\\\/2019\\\/08\\\/logo-mais-que-cuidar-retina.png\",\"width\":565,\"height\":75,\"caption\":\"Mais Que Cuidar\"},\"image\":{\"@id\":\"https:\\\/\\\/www.maisquecuidar.com\\\/loja\\\/#\\\/schema\\\/logo\\\/image\\\/\"},\"sameAs\":[\"https:\\\/\\\/www.facebook.com\\\/maisquecuidar.pt\",\"https:\\\/\\\/www.instagram.com\\\/maisquecuidar\"]}]}<\/script>\n<!-- \/ Yoast SEO plugin. -->","yoast_head_json":{"title":"Colch\u00e3o Softform Premier Visco Invacare - Invacare","description":"Conhe\u00e7a o colch\u00e3o Softform Premier Visco da Invacare composto de uma camada superior de viscoel\u00e1stico para m\u00e1ximo conforto. Confira o pre\u00e7o!","robots":{"index":"index","follow":"follow","max-snippet":"max-snippet:-1","max-image-preview":"max-image-preview:large","max-video-preview":"max-video-preview:-1"},"canonical":"https:\/\/www.maisquecuidar.com\/loja\/quarto-conforto-bem-estar\/colchoes-anti-escaras\/colchao-softform-premier-visco","og_locale":"pt_PT","og_type":"article","og_title":"Colch\u00e3o Softform Premier Visco Invacare - Invacare","og_description":"Conhe\u00e7a o colch\u00e3o Softform Premier Visco da Invacare composto de uma camada superior de viscoel\u00e1stico para m\u00e1ximo conforto. Confira o pre\u00e7o!","og_url":"https:\/\/www.maisquecuidar.com\/loja\/quarto-conforto-bem-estar\/colchoes-anti-escaras\/colchao-softform-premier-visco","og_site_name":"Mais que Cuidar","article_publisher":"https:\/\/www.facebook.com\/maisquecuidar.pt","article_modified_time":"2025-10-01T17:31:46+00:00","og_image":[{"width":1280,"height":800,"url":"https:\/\/img.maisquecuidar.com\/loja\/wp-content\/uploads\/2019\/04\/colchao-anti-escaras-premier-visco-invacare.png","type":"image\/png"}],"twitter_misc":{"Tempo estimado de leitura":"2 minutos"},"schema":{"@context":"https:\/\/schema.org","@graph":[{"@type":"WebPage","@id":"https:\/\/www.maisquecuidar.com\/loja\/quarto-conforto-bem-estar\/colchoes-anti-escaras\/colchao-softform-premier-visco","url":"https:\/\/www.maisquecuidar.com\/loja\/quarto-conforto-bem-estar\/colchoes-anti-escaras\/colchao-softform-premier-visco","name":"Colch\u00e3o Softform Premier Visco Invacare - Invacare","isPartOf":{"@id":"https:\/\/www.maisquecuidar.com\/loja\/#website"},"primaryImageOfPage":{"@id":"https:\/\/www.maisquecuidar.com\/loja\/quarto-conforto-bem-estar\/colchoes-anti-escaras\/colchao-softform-premier-visco#primaryimage"},"image":{"@id":"https:\/\/www.maisquecuidar.com\/loja\/quarto-conforto-bem-estar\/colchoes-anti-escaras\/colchao-softform-premier-visco#primaryimage"},"thumbnailUrl":"https:\/\/img.maisquecuidar.com\/loja\/wp-content\/uploads\/2019\/04\/colchao-anti-escaras-premier-visco-invacare.png","datePublished":"2019-04-09T13:35:03+00:00","dateModified":"2025-10-01T17:31:46+00:00","description":"Conhe\u00e7a o colch\u00e3o Softform Premier Visco da Invacare composto de uma camada superior de viscoel\u00e1stico para m\u00e1ximo conforto. Confira o pre\u00e7o!","breadcrumb":{"@id":"https:\/\/www.maisquecuidar.com\/loja\/quarto-conforto-bem-estar\/colchoes-anti-escaras\/colchao-softform-premier-visco#breadcrumb"},"inLanguage":"pt-PT","potentialAction":[{"@type":"ReadAction","target":["https:\/\/www.maisquecuidar.com\/loja\/quarto-conforto-bem-estar\/colchoes-anti-escaras\/colchao-softform-premier-visco"]}]},{"@type":"ImageObject","inLanguage":"pt-PT","@id":"https:\/\/www.maisquecuidar.com\/loja\/quarto-conforto-bem-estar\/colchoes-anti-escaras\/colchao-softform-premier-visco#primaryimage","url":"https:\/\/img.maisquecuidar.com\/loja\/wp-content\/uploads\/2019\/04\/colchao-anti-escaras-premier-visco-invacare.png","contentUrl":"https:\/\/img.maisquecuidar.com\/loja\/wp-content\/uploads\/2019\/04\/colchao-anti-escaras-premier-visco-invacare.png","width":1280,"height":800,"caption":"Colch\u00e3o anti-escaras premier visco Invacare"},{"@type":"BreadcrumbList","@id":"https:\/\/www.maisquecuidar.com\/loja\/quarto-conforto-bem-estar\/colchoes-anti-escaras\/colchao-softform-premier-visco#breadcrumb","itemListElement":[{"@type":"ListItem","position":1,"name":"Home","item":"https:\/\/www.maisquecuidar.com\/loja\/"},{"@type":"ListItem","position":2,"name":"Loja Online de Ortopedia e Geriatria em Portugal","item":"https:\/\/www.maisquecuidar.com\/loja\/loja"},{"@type":"ListItem","position":3,"name":"Quarto, Conforto e Bem Estar","item":"https:\/\/www.maisquecuidar.com\/loja\/quarto-conforto-bem-estar"},{"@type":"ListItem","position":4,"name":"Colch\u00f5es Anti-Escaras","item":"https:\/\/www.maisquecuidar.com\/loja\/quarto-conforto-bem-estar\/colchoes-anti-escaras"},{"@type":"ListItem","position":5,"name":"Colch\u00e3o Softform Premier Visco Invacare"}]},{"@type":"WebSite","@id":"https:\/\/www.maisquecuidar.com\/loja\/#website","url":"https:\/\/www.maisquecuidar.com\/loja\/","name":"Mais que Cuidar","description":"Sa\u00fade, Ortopedia e Geriatria","publisher":{"@id":"https:\/\/www.maisquecuidar.com\/loja\/#organization"},"potentialAction":[{"@type":"SearchAction","target":{"@type":"EntryPoint","urlTemplate":"https:\/\/www.maisquecuidar.com\/loja\/?s={search_term_string}"},"query-input":{"@type":"PropertyValueSpecification","valueRequired":true,"valueName":"search_term_string"}}],"inLanguage":"pt-PT"},{"@type":"Organization","@id":"https:\/\/www.maisquecuidar.com\/loja\/#organization","name":"Mais Que Cuidar","url":"https:\/\/www.maisquecuidar.com\/loja\/","logo":{"@type":"ImageObject","inLanguage":"pt-PT","@id":"https:\/\/www.maisquecuidar.com\/loja\/#\/schema\/logo\/image\/","url":"https:\/\/img.maisquecuidar.com\/loja\/wp-content\/uploads\/2019\/08\/logo-mais-que-cuidar-retina.png","contentUrl":"https:\/\/img.maisquecuidar.com\/loja\/wp-content\/uploads\/2019\/08\/logo-mais-que-cuidar-retina.png","width":565,"height":75,"caption":"Mais Que Cuidar"},"image":{"@id":"https:\/\/www.maisquecuidar.com\/loja\/#\/schema\/logo\/image\/"},"sameAs":["https:\/\/www.facebook.com\/maisquecuidar.pt","https:\/\/www.instagram.com\/maisquecuidar"]}]}},"_links":{"self":[{"href":"https:\/\/www.maisquecuidar.com\/loja\/wp-json\/wp\/v2\/product\/7715","targetHints":{"allow":["GET"]}}],"collection":[{"href":"https:\/\/www.maisquecuidar.com\/loja\/wp-json\/wp\/v2\/product"}],"about":[{"href":"https:\/\/www.maisquecuidar.com\/loja\/wp-json\/wp\/v2\/types\/product"}],"wp:featuredmedia":[{"embeddable":true,"href":"https:\/\/www.maisquecuidar.com\/loja\/wp-json\/wp\/v2\/media\/17236"}],"wp:attachment":[{"href":"https:\/\/www.maisquecuidar.com\/loja\/wp-json\/wp\/v2\/media?parent=7715"}],"wp:term":[{"taxonomy":"product_brand","embeddable":true,"href":"https:\/\/www.maisquecuidar.com\/loja\/wp-json\/wp\/v2\/product_brand?post=7715"},{"taxonomy":"product_cat","embeddable":true,"href":"https:\/\/www.maisquecuidar.com\/loja\/wp-json\/wp\/v2\/product_cat?post=7715"},{"taxonomy":"product_tag","embeddable":true,"href":"https:\/\/www.maisquecuidar.com\/loja\/wp-json\/wp\/v2\/product_tag?post=7715"}],"curies":[{"name":"wp","href":"https:\/\/api.w.org\/{rel}","templated":true}]}}