{"id":7676,"date":"2019-04-08T14:06:53","date_gmt":"2019-04-08T13:06:53","guid":{"rendered":"https:\/\/www.maisquecuidar.com\/loja\/produto\/cadeira-de-rodas-action-3-light\/"},"modified":"2026-02-25T10:51:26","modified_gmt":"2026-02-25T10:51:26","slug":"cadeira-de-rodas-action-3-light","status":"publish","type":"product","link":"https:\/\/www.maisquecuidar.com\/loja\/mais-mobilidade\/cadeiras-de-rodas\/manuais\/cadeira-de-rodas-action-3-light","title":{"rendered":"Cadeira de Rodas Liga Leve Action 3 Light"},"content":{"rendered":"<p><span style=\"color: #808080;\">A cadeira de rodas Action 3 Light \u00e9 leve, compacta e multi-ajust\u00e1vel.<\/span><\/p>\n<p>&nbsp;<\/p>\n<p><span style=\"color: #808080;\">A cadeira de rodas action 3 Light \u00e9 a cadeira de rodas manual m\u00e9dio-ativa dobr\u00e1vel mais leve da fam\u00edlia Action. <\/span><\/p>\n<p><span style=\"color: #808080;\">A configura\u00e7\u00e3o com rodas traseiras ativas, suporte da forqueta em alum\u00ednio e protetor de roupa com rebordo destac\u00e1vel faz com que tenha menos 1,2 kg do que o modelo Action3 standard. Para complementar o baixo peso de transporte, a cadeira pode ter ainda um encosto dobr\u00e1vel para que seja facilmente desmontada e encartada, para facilitar a arruma\u00e7\u00e3o e o transporte mesmo em carros mais pequenos.<\/span><\/p>\n<p><span style=\"color: #808080;\">A cadeira de rodas manual Action3 Light \u00e9 uma cadeira de uso di\u00e1rio e a compatibilidade de acess\u00f3rios e op\u00e7\u00f5es com a restante fam\u00edlia Action faz com que se adapte perfeitamente \u00e0s necessidades dos utilizadores. Entre as v\u00e1rias op\u00e7\u00f5es dispon\u00edveis est\u00e3o v\u00e1rios tipos de rodas traseiras, cores do chassis, cintos de posicionamento Bodypoint e almofadas Matrx para necessidades espec\u00edficas de conforto.<\/span><\/p>\n","protected":false},"excerpt":{"rendered":"<p>Cadeira de rodas manual com estrutura de alum\u00ednio com mecanismo de encarte por cruzeta de alta resist\u00eancia.<\/p>\n","protected":false},"featured_media":14988,"template":"","meta":{"_acf_changed":false,"neve_meta_sidebar":"","neve_meta_container":"","neve_meta_enable_content_width":"off","neve_meta_content_width":100,"neve_meta_title_alignment":"","neve_meta_author_avatar":"","neve_post_elements_order":"","neve_meta_disable_header":"","neve_meta_disable_footer":"","neve_meta_disable_title":""},"product_brand":[],"product_cat":[82],"product_tag":[407,416,654,408,655,414],"class_list":{"0":"post-7676","1":"product","2":"type-product","3":"status-publish","4":"has-post-thumbnail","6":"product_cat-manuais","7":"product_tag-cadeira-de-rodas","8":"product_tag-cadeira-de-rodas-action-3","9":"product_tag-cadeira-de-rodas-action3-light","10":"product_tag-cadeira-de-rodas-manuais","11":"product_tag-cadeira-de-rodas-manual","12":"product_tag-cadeira-rodas-liga-leve","14":"first","15":"onbackorder","16":"taxable","17":"shipping-taxable","18":"purchasable","19":"product-type-simple"},"acf":[],"yoast_head":"<!-- This site is optimized with the Yoast SEO plugin v27.5 - https:\/\/yoast.com\/product\/yoast-seo-wordpress\/ -->\n<title>Cadeira de Rodas Liga Leve Action 3 Light - Mais que Cuidar<\/title>\n<meta name=\"description\" content=\"Conhe\u00e7a a cadeira de rodas de liga leve Action 3 Light da Invacare que tem chassis dobr\u00e1vel em alum\u00ednio com cruzeta de alta resist\u00eancia.\" \/>\n<meta name=\"robots\" content=\"index, follow, max-snippet:-1, max-image-preview:large, max-video-preview:-1\" \/>\n<link rel=\"canonical\" href=\"https:\/\/www.maisquecuidar.com\/loja\/mais-mobilidade\/cadeiras-de-rodas\/manuais\/cadeira-de-rodas-action-3-light\" \/>\n<meta property=\"og:locale\" content=\"pt_PT\" \/>\n<meta property=\"og:type\" content=\"article\" \/>\n<meta property=\"og:title\" content=\"Cadeira de Rodas Liga Leve Action 3 Light - Mais que Cuidar\" \/>\n<meta property=\"og:description\" content=\"Conhe\u00e7a a cadeira de rodas de liga leve Action 3 Light da Invacare que tem chassis dobr\u00e1vel em alum\u00ednio com cruzeta de alta resist\u00eancia.\" \/>\n<meta property=\"og:url\" content=\"https:\/\/www.maisquecuidar.com\/loja\/mais-mobilidade\/cadeiras-de-rodas\/manuais\/cadeira-de-rodas-action-3-light\" \/>\n<meta property=\"og:site_name\" content=\"Mais que Cuidar\" \/>\n<meta property=\"article:publisher\" content=\"https:\/\/www.facebook.com\/maisquecuidar.pt\" \/>\n<meta property=\"article:modified_time\" content=\"2026-02-25T10:51:26+00:00\" \/>\n<meta property=\"og:image\" content=\"https:\/\/img.maisquecuidar.com\/loja\/wp-content\/uploads\/2019\/04\/cadeira-liga-leve-action-3-light.png\" \/>\n\t<meta property=\"og:image:width\" content=\"1280\" \/>\n\t<meta property=\"og:image:height\" content=\"800\" \/>\n\t<meta property=\"og:image:type\" content=\"image\/png\" \/>\n<meta name=\"twitter:label1\" content=\"Tempo estimado de leitura\" \/>\n\t<meta name=\"twitter:data1\" content=\"2 minutos\" \/>\n<script type=\"application\/ld+json\" class=\"yoast-schema-graph\">{\"@context\":\"https:\\\/\\\/schema.org\",\"@graph\":[{\"@type\":\"WebPage\",\"@id\":\"https:\\\/\\\/www.maisquecuidar.com\\\/loja\\\/mais-mobilidade\\\/cadeiras-de-rodas\\\/manuais\\\/cadeira-de-rodas-action-3-light\",\"url\":\"https:\\\/\\\/www.maisquecuidar.com\\\/loja\\\/mais-mobilidade\\\/cadeiras-de-rodas\\\/manuais\\\/cadeira-de-rodas-action-3-light\",\"name\":\"Cadeira de Rodas Liga Leve Action 3 Light - Mais que Cuidar\",\"isPartOf\":{\"@id\":\"https:\\\/\\\/www.maisquecuidar.com\\\/loja\\\/#website\"},\"primaryImageOfPage\":{\"@id\":\"https:\\\/\\\/www.maisquecuidar.com\\\/loja\\\/mais-mobilidade\\\/cadeiras-de-rodas\\\/manuais\\\/cadeira-de-rodas-action-3-light#primaryimage\"},\"image\":{\"@id\":\"https:\\\/\\\/www.maisquecuidar.com\\\/loja\\\/mais-mobilidade\\\/cadeiras-de-rodas\\\/manuais\\\/cadeira-de-rodas-action-3-light#primaryimage\"},\"thumbnailUrl\":\"https:\\\/\\\/img.maisquecuidar.com\\\/loja\\\/wp-content\\\/uploads\\\/2019\\\/04\\\/cadeira-liga-leve-action-3-light.png\",\"datePublished\":\"2019-04-08T13:06:53+00:00\",\"dateModified\":\"2026-02-25T10:51:26+00:00\",\"description\":\"Conhe\u00e7a a cadeira de rodas de liga leve Action 3 Light da Invacare que tem chassis dobr\u00e1vel em alum\u00ednio com cruzeta de alta resist\u00eancia.\",\"breadcrumb\":{\"@id\":\"https:\\\/\\\/www.maisquecuidar.com\\\/loja\\\/mais-mobilidade\\\/cadeiras-de-rodas\\\/manuais\\\/cadeira-de-rodas-action-3-light#breadcrumb\"},\"inLanguage\":\"pt-PT\",\"potentialAction\":[{\"@type\":\"ReadAction\",\"target\":[\"https:\\\/\\\/www.maisquecuidar.com\\\/loja\\\/mais-mobilidade\\\/cadeiras-de-rodas\\\/manuais\\\/cadeira-de-rodas-action-3-light\"]}]},{\"@type\":\"ImageObject\",\"inLanguage\":\"pt-PT\",\"@id\":\"https:\\\/\\\/www.maisquecuidar.com\\\/loja\\\/mais-mobilidade\\\/cadeiras-de-rodas\\\/manuais\\\/cadeira-de-rodas-action-3-light#primaryimage\",\"url\":\"https:\\\/\\\/img.maisquecuidar.com\\\/loja\\\/wp-content\\\/uploads\\\/2019\\\/04\\\/cadeira-liga-leve-action-3-light.png\",\"contentUrl\":\"https:\\\/\\\/img.maisquecuidar.com\\\/loja\\\/wp-content\\\/uploads\\\/2019\\\/04\\\/cadeira-liga-leve-action-3-light.png\",\"width\":1280,\"height\":800,\"caption\":\"Cadeira de rodas de liga leve Action 3 Light\"},{\"@type\":\"BreadcrumbList\",\"@id\":\"https:\\\/\\\/www.maisquecuidar.com\\\/loja\\\/mais-mobilidade\\\/cadeiras-de-rodas\\\/manuais\\\/cadeira-de-rodas-action-3-light#breadcrumb\",\"itemListElement\":[{\"@type\":\"ListItem\",\"position\":1,\"name\":\"Home\",\"item\":\"https:\\\/\\\/www.maisquecuidar.com\\\/loja\\\/\"},{\"@type\":\"ListItem\",\"position\":2,\"name\":\"Loja Online de Ortopedia e Geriatria em Portugal\",\"item\":\"https:\\\/\\\/www.maisquecuidar.com\\\/loja\\\/loja\"},{\"@type\":\"ListItem\",\"position\":3,\"name\":\"Mais Mobilidade\",\"item\":\"https:\\\/\\\/www.maisquecuidar.com\\\/loja\\\/mais-mobilidade\"},{\"@type\":\"ListItem\",\"position\":4,\"name\":\"Cadeiras de Rodas\",\"item\":\"https:\\\/\\\/www.maisquecuidar.com\\\/loja\\\/mais-mobilidade\\\/cadeiras-de-rodas\"},{\"@type\":\"ListItem\",\"position\":5,\"name\":\"Cadeiras de Rodas Manuais\",\"item\":\"https:\\\/\\\/www.maisquecuidar.com\\\/loja\\\/mais-mobilidade\\\/cadeiras-de-rodas\\\/manuais\"},{\"@type\":\"ListItem\",\"position\":6,\"name\":\"Cadeira de Rodas Liga Leve Action 3 Light\"}]},{\"@type\":\"WebSite\",\"@id\":\"https:\\\/\\\/www.maisquecuidar.com\\\/loja\\\/#website\",\"url\":\"https:\\\/\\\/www.maisquecuidar.com\\\/loja\\\/\",\"name\":\"Mais que Cuidar\",\"description\":\"Sa\u00fade, Ortopedia e Geriatria\",\"publisher\":{\"@id\":\"https:\\\/\\\/www.maisquecuidar.com\\\/loja\\\/#organization\"},\"potentialAction\":[{\"@type\":\"SearchAction\",\"target\":{\"@type\":\"EntryPoint\",\"urlTemplate\":\"https:\\\/\\\/www.maisquecuidar.com\\\/loja\\\/?s={search_term_string}\"},\"query-input\":{\"@type\":\"PropertyValueSpecification\",\"valueRequired\":true,\"valueName\":\"search_term_string\"}}],\"inLanguage\":\"pt-PT\"},{\"@type\":\"Organization\",\"@id\":\"https:\\\/\\\/www.maisquecuidar.com\\\/loja\\\/#organization\",\"name\":\"Mais Que Cuidar\",\"url\":\"https:\\\/\\\/www.maisquecuidar.com\\\/loja\\\/\",\"logo\":{\"@type\":\"ImageObject\",\"inLanguage\":\"pt-PT\",\"@id\":\"https:\\\/\\\/www.maisquecuidar.com\\\/loja\\\/#\\\/schema\\\/logo\\\/image\\\/\",\"url\":\"https:\\\/\\\/img.maisquecuidar.com\\\/loja\\\/wp-content\\\/uploads\\\/2019\\\/08\\\/logo-mais-que-cuidar-retina.png\",\"contentUrl\":\"https:\\\/\\\/img.maisquecuidar.com\\\/loja\\\/wp-content\\\/uploads\\\/2019\\\/08\\\/logo-mais-que-cuidar-retina.png\",\"width\":565,\"height\":75,\"caption\":\"Mais Que Cuidar\"},\"image\":{\"@id\":\"https:\\\/\\\/www.maisquecuidar.com\\\/loja\\\/#\\\/schema\\\/logo\\\/image\\\/\"},\"sameAs\":[\"https:\\\/\\\/www.facebook.com\\\/maisquecuidar.pt\",\"https:\\\/\\\/www.instagram.com\\\/maisquecuidar\"]}]}<\/script>\n<!-- \/ Yoast SEO plugin. -->","yoast_head_json":{"title":"Cadeira de Rodas Liga Leve Action 3 Light - Mais que Cuidar","description":"Conhe\u00e7a a cadeira de rodas de liga leve Action 3 Light da Invacare que tem chassis dobr\u00e1vel em alum\u00ednio com cruzeta de alta resist\u00eancia.","robots":{"index":"index","follow":"follow","max-snippet":"max-snippet:-1","max-image-preview":"max-image-preview:large","max-video-preview":"max-video-preview:-1"},"canonical":"https:\/\/www.maisquecuidar.com\/loja\/mais-mobilidade\/cadeiras-de-rodas\/manuais\/cadeira-de-rodas-action-3-light","og_locale":"pt_PT","og_type":"article","og_title":"Cadeira de Rodas Liga Leve Action 3 Light - Mais que Cuidar","og_description":"Conhe\u00e7a a cadeira de rodas de liga leve Action 3 Light da Invacare que tem chassis dobr\u00e1vel em alum\u00ednio com cruzeta de alta resist\u00eancia.","og_url":"https:\/\/www.maisquecuidar.com\/loja\/mais-mobilidade\/cadeiras-de-rodas\/manuais\/cadeira-de-rodas-action-3-light","og_site_name":"Mais que Cuidar","article_publisher":"https:\/\/www.facebook.com\/maisquecuidar.pt","article_modified_time":"2026-02-25T10:51:26+00:00","og_image":[{"width":1280,"height":800,"url":"https:\/\/img.maisquecuidar.com\/loja\/wp-content\/uploads\/2019\/04\/cadeira-liga-leve-action-3-light.png","type":"image\/png"}],"twitter_misc":{"Tempo estimado de leitura":"2 minutos"},"schema":{"@context":"https:\/\/schema.org","@graph":[{"@type":"WebPage","@id":"https:\/\/www.maisquecuidar.com\/loja\/mais-mobilidade\/cadeiras-de-rodas\/manuais\/cadeira-de-rodas-action-3-light","url":"https:\/\/www.maisquecuidar.com\/loja\/mais-mobilidade\/cadeiras-de-rodas\/manuais\/cadeira-de-rodas-action-3-light","name":"Cadeira de Rodas Liga Leve Action 3 Light - Mais que Cuidar","isPartOf":{"@id":"https:\/\/www.maisquecuidar.com\/loja\/#website"},"primaryImageOfPage":{"@id":"https:\/\/www.maisquecuidar.com\/loja\/mais-mobilidade\/cadeiras-de-rodas\/manuais\/cadeira-de-rodas-action-3-light#primaryimage"},"image":{"@id":"https:\/\/www.maisquecuidar.com\/loja\/mais-mobilidade\/cadeiras-de-rodas\/manuais\/cadeira-de-rodas-action-3-light#primaryimage"},"thumbnailUrl":"https:\/\/img.maisquecuidar.com\/loja\/wp-content\/uploads\/2019\/04\/cadeira-liga-leve-action-3-light.png","datePublished":"2019-04-08T13:06:53+00:00","dateModified":"2026-02-25T10:51:26+00:00","description":"Conhe\u00e7a a cadeira de rodas de liga leve Action 3 Light da Invacare que tem chassis dobr\u00e1vel em alum\u00ednio com cruzeta de alta resist\u00eancia.","breadcrumb":{"@id":"https:\/\/www.maisquecuidar.com\/loja\/mais-mobilidade\/cadeiras-de-rodas\/manuais\/cadeira-de-rodas-action-3-light#breadcrumb"},"inLanguage":"pt-PT","potentialAction":[{"@type":"ReadAction","target":["https:\/\/www.maisquecuidar.com\/loja\/mais-mobilidade\/cadeiras-de-rodas\/manuais\/cadeira-de-rodas-action-3-light"]}]},{"@type":"ImageObject","inLanguage":"pt-PT","@id":"https:\/\/www.maisquecuidar.com\/loja\/mais-mobilidade\/cadeiras-de-rodas\/manuais\/cadeira-de-rodas-action-3-light#primaryimage","url":"https:\/\/img.maisquecuidar.com\/loja\/wp-content\/uploads\/2019\/04\/cadeira-liga-leve-action-3-light.png","contentUrl":"https:\/\/img.maisquecuidar.com\/loja\/wp-content\/uploads\/2019\/04\/cadeira-liga-leve-action-3-light.png","width":1280,"height":800,"caption":"Cadeira de rodas de liga leve Action 3 Light"},{"@type":"BreadcrumbList","@id":"https:\/\/www.maisquecuidar.com\/loja\/mais-mobilidade\/cadeiras-de-rodas\/manuais\/cadeira-de-rodas-action-3-light#breadcrumb","itemListElement":[{"@type":"ListItem","position":1,"name":"Home","item":"https:\/\/www.maisquecuidar.com\/loja\/"},{"@type":"ListItem","position":2,"name":"Loja Online de Ortopedia e Geriatria em Portugal","item":"https:\/\/www.maisquecuidar.com\/loja\/loja"},{"@type":"ListItem","position":3,"name":"Mais Mobilidade","item":"https:\/\/www.maisquecuidar.com\/loja\/mais-mobilidade"},{"@type":"ListItem","position":4,"name":"Cadeiras de Rodas","item":"https:\/\/www.maisquecuidar.com\/loja\/mais-mobilidade\/cadeiras-de-rodas"},{"@type":"ListItem","position":5,"name":"Cadeiras de Rodas Manuais","item":"https:\/\/www.maisquecuidar.com\/loja\/mais-mobilidade\/cadeiras-de-rodas\/manuais"},{"@type":"ListItem","position":6,"name":"Cadeira de Rodas Liga Leve Action 3 Light"}]},{"@type":"WebSite","@id":"https:\/\/www.maisquecuidar.com\/loja\/#website","url":"https:\/\/www.maisquecuidar.com\/loja\/","name":"Mais que Cuidar","description":"Sa\u00fade, Ortopedia e Geriatria","publisher":{"@id":"https:\/\/www.maisquecuidar.com\/loja\/#organization"},"potentialAction":[{"@type":"SearchAction","target":{"@type":"EntryPoint","urlTemplate":"https:\/\/www.maisquecuidar.com\/loja\/?s={search_term_string}"},"query-input":{"@type":"PropertyValueSpecification","valueRequired":true,"valueName":"search_term_string"}}],"inLanguage":"pt-PT"},{"@type":"Organization","@id":"https:\/\/www.maisquecuidar.com\/loja\/#organization","name":"Mais Que Cuidar","url":"https:\/\/www.maisquecuidar.com\/loja\/","logo":{"@type":"ImageObject","inLanguage":"pt-PT","@id":"https:\/\/www.maisquecuidar.com\/loja\/#\/schema\/logo\/image\/","url":"https:\/\/img.maisquecuidar.com\/loja\/wp-content\/uploads\/2019\/08\/logo-mais-que-cuidar-retina.png","contentUrl":"https:\/\/img.maisquecuidar.com\/loja\/wp-content\/uploads\/2019\/08\/logo-mais-que-cuidar-retina.png","width":565,"height":75,"caption":"Mais Que Cuidar"},"image":{"@id":"https:\/\/www.maisquecuidar.com\/loja\/#\/schema\/logo\/image\/"},"sameAs":["https:\/\/www.facebook.com\/maisquecuidar.pt","https:\/\/www.instagram.com\/maisquecuidar"]}]}},"_links":{"self":[{"href":"https:\/\/www.maisquecuidar.com\/loja\/wp-json\/wp\/v2\/product\/7676","targetHints":{"allow":["GET"]}}],"collection":[{"href":"https:\/\/www.maisquecuidar.com\/loja\/wp-json\/wp\/v2\/product"}],"about":[{"href":"https:\/\/www.maisquecuidar.com\/loja\/wp-json\/wp\/v2\/types\/product"}],"wp:featuredmedia":[{"embeddable":true,"href":"https:\/\/www.maisquecuidar.com\/loja\/wp-json\/wp\/v2\/media\/14988"}],"wp:attachment":[{"href":"https:\/\/www.maisquecuidar.com\/loja\/wp-json\/wp\/v2\/media?parent=7676"}],"wp:term":[{"taxonomy":"product_brand","embeddable":true,"href":"https:\/\/www.maisquecuidar.com\/loja\/wp-json\/wp\/v2\/product_brand?post=7676"},{"taxonomy":"product_cat","embeddable":true,"href":"https:\/\/www.maisquecuidar.com\/loja\/wp-json\/wp\/v2\/product_cat?post=7676"},{"taxonomy":"product_tag","embeddable":true,"href":"https:\/\/www.maisquecuidar.com\/loja\/wp-json\/wp\/v2\/product_tag?post=7676"}],"curies":[{"name":"wp","href":"https:\/\/api.w.org\/{rel}","templated":true}]}}