{"id":7072,"date":"2018-09-09T17:42:35","date_gmt":"2018-09-09T16:42:35","guid":{"rendered":"https:\/\/www.maisquecuidar.com\/loja\/produto\/pulso-comprido-aberto-com-tala-de-palmar-e-polegar\/"},"modified":"2025-10-01T18:33:24","modified_gmt":"2025-10-01T17:33:24","slug":"pulso-comprido-aberto-com-tala-de-palmar-e-polegar","status":"publish","type":"product","link":"https:\/\/www.maisquecuidar.com\/loja\/produtos-ortopedicos-ortoteses\/ortoteses-membros-superiores\/pulso-comprido-aberto-com-tala-de-palmar-e-polegar","title":{"rendered":"Pulso Comprido Aberto com Tala de Palmar e Polegar"},"content":{"rendered":"<p>O pulso comprido aberto com tala de palmar e polegar \u00e9 fabricado com material el\u00e1stico suave, com fechos velcro, tala flex\u00edvel palmar remov\u00edvel e tala de polegar flex\u00edvel mold\u00e1vel.<\/p>\n<h3>Indica\u00e7\u00f5es<\/h3>\n<ul>\n<li>Les\u00f5es combinadas da articula\u00e7\u00e3o do pulso com o polegar.<\/li>\n<li>Afec\u00e7\u00f5es do t\u00fanel carpiano.<\/li>\n<li>Tendinites.<\/li>\n<li>Tenossinovites.<\/li>\n<li>Sequelas dolorosas e inflamat\u00f3rias.<\/li>\n<li>Instabilidades das articula\u00e7\u00f5es carpometacarpianas e metacarpofal\u00e2ngicas.<\/li>\n<\/ul>\n<h3>Efeitos<\/h3>\n<p>Controlo e estabiliza\u00e7\u00e3o da articula\u00e7\u00e3o do pulso e trapezi-metracarpiana.<\/p>\n<h3>Tamanhos<\/h3>\n<p><img decoding=\"async\" class=\"alignnone size-full wp-image-15153 lazyload\" data-src=\"https:\/\/img.maisquecuidar.com\/loja\/wp-content\/uploads\/2018\/09\/tamanhos-pulso-comprido-aberto-tala-palmar-polegar.png\" alt=\"Tamanhos do pulso comprido aberto com tala palmar e polegar\" width=\"605\" height=\"76\" data-srcset=\"https:\/\/img.maisquecuidar.com\/loja\/wp-content\/uploads\/2018\/09\/tamanhos-pulso-comprido-aberto-tala-palmar-polegar.png 605w, https:\/\/img.maisquecuidar.com\/loja\/wp-content\/uploads\/2018\/09\/tamanhos-pulso-comprido-aberto-tala-palmar-polegar-380x48.png 380w, https:\/\/img.maisquecuidar.com\/loja\/wp-content\/uploads\/2018\/09\/tamanhos-pulso-comprido-aberto-tala-palmar-polegar-350x44.png 350w\" data-sizes=\"(max-width: 605px) 100vw, 605px\" src=\"data:image\/svg+xml;base64,PHN2ZyB3aWR0aD0iMSIgaGVpZ2h0PSIxIiB4bWxucz0iaHR0cDovL3d3dy53My5vcmcvMjAwMC9zdmciPjwvc3ZnPg==\" style=\"--smush-placeholder-width: 605px; --smush-placeholder-aspect-ratio: 605\/76;\" \/><\/p>\n","protected":false},"excerpt":{"rendered":"<p>O pulso comprido aberto com tala de palmar e polegar \u00e9 fabricado com material el\u00e1stico suave, com fechos velcro, tala flex\u00edvel palmar remov\u00edvel e tala de polegar flex\u00edvel mold\u00e1vel. Indica\u00e7\u00f5es Les\u00f5es combinadas da articula\u00e7\u00e3o do pulso com o polegar. Afec\u00e7\u00f5es do t\u00fanel carpiano. Tendinites. Tenossinovites. Sequelas dolorosas e inflamat\u00f3rias. Instabilidades das articula\u00e7\u00f5es carpometacarpianas e metacarpofal\u00e2ngicas.&hellip;&nbsp;<a href=\"https:\/\/www.maisquecuidar.com\/loja\/produtos-ortopedicos-ortoteses\/ortoteses-membros-superiores\/pulso-comprido-aberto-com-tala-de-palmar-e-polegar\" rel=\"bookmark\">Ler mais &raquo;<span class=\"screen-reader-text\">Pulso Comprido Aberto com Tala de Palmar e Polegar<\/span><\/a><\/p>\n","protected":false},"featured_media":15151,"template":"","meta":{"_acf_changed":false,"neve_meta_sidebar":"","neve_meta_container":"","neve_meta_enable_content_width":"","neve_meta_content_width":0,"neve_meta_title_alignment":"","neve_meta_author_avatar":"","neve_post_elements_order":"","neve_meta_disable_header":"","neve_meta_disable_footer":"","neve_meta_disable_title":""},"product_brand":[],"product_cat":[477],"product_tag":[562,549],"class_list":{"0":"post-7072","1":"product","2":"type-product","3":"status-publish","4":"has-post-thumbnail","6":"product_cat-ortoteses-membros-superiores","7":"product_tag-tala-de-mao","8":"product_tag-tala-pulso","10":"first","11":"instock","12":"taxable","13":"shipping-taxable","14":"purchasable","15":"product-type-variable","16":"has-default-attributes"},"acf":[],"yoast_head":"<!-- This site is optimized with the Yoast SEO plugin v27.4 - https:\/\/yoast.com\/product\/yoast-seo-wordpress\/ -->\n<title>Pulso Comprido Aberto com Tala de Palmar e Polegar - Mais que Cuidar<\/title>\n<meta name=\"description\" content=\"Pulso comprido aberto com tala de palmar e polegar com a fun\u00e7\u00e3o de controlo e estabiliza\u00e7\u00e3o da articula\u00e7\u00e3o do pulso e trapezi-metracarpiana.\" \/>\n<meta name=\"robots\" content=\"index, follow, max-snippet:-1, max-image-preview:large, max-video-preview:-1\" \/>\n<link rel=\"canonical\" href=\"https:\/\/www.maisquecuidar.com\/loja\/produtos-ortopedicos-ortoteses\/ortoteses-membros-superiores\/pulso-comprido-aberto-com-tala-de-palmar-e-polegar\" \/>\n<meta property=\"og:locale\" content=\"pt_PT\" \/>\n<meta property=\"og:type\" content=\"article\" \/>\n<meta property=\"og:title\" content=\"Pulso Comprido Aberto com Tala de Palmar e Polegar - Mais que Cuidar\" \/>\n<meta property=\"og:description\" content=\"Pulso comprido aberto com tala de palmar e polegar com a fun\u00e7\u00e3o de controlo e estabiliza\u00e7\u00e3o da articula\u00e7\u00e3o do pulso e trapezi-metracarpiana.\" \/>\n<meta property=\"og:url\" content=\"https:\/\/www.maisquecuidar.com\/loja\/produtos-ortopedicos-ortoteses\/ortoteses-membros-superiores\/pulso-comprido-aberto-com-tala-de-palmar-e-polegar\" \/>\n<meta property=\"og:site_name\" content=\"Mais que Cuidar\" \/>\n<meta property=\"article:publisher\" content=\"https:\/\/www.facebook.com\/maisquecuidar.pt\" \/>\n<meta property=\"article:modified_time\" content=\"2025-10-01T17:33:24+00:00\" \/>\n<meta property=\"og:image\" content=\"https:\/\/img.maisquecuidar.com\/loja\/wp-content\/uploads\/2018\/09\/pulso-comprido-aberto-tala-palmar-polegar.png\" \/>\n\t<meta property=\"og:image:width\" content=\"1280\" \/>\n\t<meta property=\"og:image:height\" content=\"800\" \/>\n\t<meta property=\"og:image:type\" content=\"image\/png\" \/>\n<meta name=\"twitter:label1\" content=\"Tempo estimado de leitura\" \/>\n\t<meta name=\"twitter:data1\" content=\"1 minuto\" \/>\n<script type=\"application\/ld+json\" class=\"yoast-schema-graph\">{\"@context\":\"https:\\\/\\\/schema.org\",\"@graph\":[{\"@type\":\"WebPage\",\"@id\":\"https:\\\/\\\/www.maisquecuidar.com\\\/loja\\\/produtos-ortopedicos-ortoteses\\\/ortoteses-membros-superiores\\\/pulso-comprido-aberto-com-tala-de-palmar-e-polegar\",\"url\":\"https:\\\/\\\/www.maisquecuidar.com\\\/loja\\\/produtos-ortopedicos-ortoteses\\\/ortoteses-membros-superiores\\\/pulso-comprido-aberto-com-tala-de-palmar-e-polegar\",\"name\":\"Pulso Comprido Aberto com Tala de Palmar e Polegar - Mais que Cuidar\",\"isPartOf\":{\"@id\":\"https:\\\/\\\/www.maisquecuidar.com\\\/loja\\\/#website\"},\"primaryImageOfPage\":{\"@id\":\"https:\\\/\\\/www.maisquecuidar.com\\\/loja\\\/produtos-ortopedicos-ortoteses\\\/ortoteses-membros-superiores\\\/pulso-comprido-aberto-com-tala-de-palmar-e-polegar#primaryimage\"},\"image\":{\"@id\":\"https:\\\/\\\/www.maisquecuidar.com\\\/loja\\\/produtos-ortopedicos-ortoteses\\\/ortoteses-membros-superiores\\\/pulso-comprido-aberto-com-tala-de-palmar-e-polegar#primaryimage\"},\"thumbnailUrl\":\"https:\\\/\\\/img.maisquecuidar.com\\\/loja\\\/wp-content\\\/uploads\\\/2018\\\/09\\\/pulso-comprido-aberto-tala-palmar-polegar.png\",\"datePublished\":\"2018-09-09T16:42:35+00:00\",\"dateModified\":\"2025-10-01T17:33:24+00:00\",\"description\":\"Pulso comprido aberto com tala de palmar e polegar com a fun\u00e7\u00e3o de controlo e estabiliza\u00e7\u00e3o da articula\u00e7\u00e3o do pulso e trapezi-metracarpiana.\",\"breadcrumb\":{\"@id\":\"https:\\\/\\\/www.maisquecuidar.com\\\/loja\\\/produtos-ortopedicos-ortoteses\\\/ortoteses-membros-superiores\\\/pulso-comprido-aberto-com-tala-de-palmar-e-polegar#breadcrumb\"},\"inLanguage\":\"pt-PT\",\"potentialAction\":[{\"@type\":\"ReadAction\",\"target\":[\"https:\\\/\\\/www.maisquecuidar.com\\\/loja\\\/produtos-ortopedicos-ortoteses\\\/ortoteses-membros-superiores\\\/pulso-comprido-aberto-com-tala-de-palmar-e-polegar\"]}]},{\"@type\":\"ImageObject\",\"inLanguage\":\"pt-PT\",\"@id\":\"https:\\\/\\\/www.maisquecuidar.com\\\/loja\\\/produtos-ortopedicos-ortoteses\\\/ortoteses-membros-superiores\\\/pulso-comprido-aberto-com-tala-de-palmar-e-polegar#primaryimage\",\"url\":\"https:\\\/\\\/img.maisquecuidar.com\\\/loja\\\/wp-content\\\/uploads\\\/2018\\\/09\\\/pulso-comprido-aberto-tala-palmar-polegar.png\",\"contentUrl\":\"https:\\\/\\\/img.maisquecuidar.com\\\/loja\\\/wp-content\\\/uploads\\\/2018\\\/09\\\/pulso-comprido-aberto-tala-palmar-polegar.png\",\"width\":1280,\"height\":800,\"caption\":\"Pulso comprido aberto com tala de palmar e polegar orliman\"},{\"@type\":\"BreadcrumbList\",\"@id\":\"https:\\\/\\\/www.maisquecuidar.com\\\/loja\\\/produtos-ortopedicos-ortoteses\\\/ortoteses-membros-superiores\\\/pulso-comprido-aberto-com-tala-de-palmar-e-polegar#breadcrumb\",\"itemListElement\":[{\"@type\":\"ListItem\",\"position\":1,\"name\":\"Home\",\"item\":\"https:\\\/\\\/www.maisquecuidar.com\\\/loja\\\/\"},{\"@type\":\"ListItem\",\"position\":2,\"name\":\"Loja Online de Ortopedia e Geriatria em Portugal\",\"item\":\"https:\\\/\\\/www.maisquecuidar.com\\\/loja\\\/loja\"},{\"@type\":\"ListItem\",\"position\":3,\"name\":\"Produtos Ortop\u00e9dicos - Ort\u00f3teses\",\"item\":\"https:\\\/\\\/www.maisquecuidar.com\\\/loja\\\/produtos-ortopedicos-ortoteses\"},{\"@type\":\"ListItem\",\"position\":4,\"name\":\"Ort\u00f3teses dos Membros Superiores\",\"item\":\"https:\\\/\\\/www.maisquecuidar.com\\\/loja\\\/produtos-ortopedicos-ortoteses\\\/ortoteses-membros-superiores\"},{\"@type\":\"ListItem\",\"position\":5,\"name\":\"Pulso Comprido Aberto com Tala de Palmar e Polegar\"}]},{\"@type\":\"WebSite\",\"@id\":\"https:\\\/\\\/www.maisquecuidar.com\\\/loja\\\/#website\",\"url\":\"https:\\\/\\\/www.maisquecuidar.com\\\/loja\\\/\",\"name\":\"Mais que Cuidar\",\"description\":\"Sa\u00fade, Ortopedia e Geriatria\",\"publisher\":{\"@id\":\"https:\\\/\\\/www.maisquecuidar.com\\\/loja\\\/#organization\"},\"potentialAction\":[{\"@type\":\"SearchAction\",\"target\":{\"@type\":\"EntryPoint\",\"urlTemplate\":\"https:\\\/\\\/www.maisquecuidar.com\\\/loja\\\/?s={search_term_string}\"},\"query-input\":{\"@type\":\"PropertyValueSpecification\",\"valueRequired\":true,\"valueName\":\"search_term_string\"}}],\"inLanguage\":\"pt-PT\"},{\"@type\":\"Organization\",\"@id\":\"https:\\\/\\\/www.maisquecuidar.com\\\/loja\\\/#organization\",\"name\":\"Mais Que Cuidar\",\"url\":\"https:\\\/\\\/www.maisquecuidar.com\\\/loja\\\/\",\"logo\":{\"@type\":\"ImageObject\",\"inLanguage\":\"pt-PT\",\"@id\":\"https:\\\/\\\/www.maisquecuidar.com\\\/loja\\\/#\\\/schema\\\/logo\\\/image\\\/\",\"url\":\"https:\\\/\\\/img.maisquecuidar.com\\\/loja\\\/wp-content\\\/uploads\\\/2019\\\/08\\\/logo-mais-que-cuidar-retina.png\",\"contentUrl\":\"https:\\\/\\\/img.maisquecuidar.com\\\/loja\\\/wp-content\\\/uploads\\\/2019\\\/08\\\/logo-mais-que-cuidar-retina.png\",\"width\":565,\"height\":75,\"caption\":\"Mais Que Cuidar\"},\"image\":{\"@id\":\"https:\\\/\\\/www.maisquecuidar.com\\\/loja\\\/#\\\/schema\\\/logo\\\/image\\\/\"},\"sameAs\":[\"https:\\\/\\\/www.facebook.com\\\/maisquecuidar.pt\",\"https:\\\/\\\/www.instagram.com\\\/maisquecuidar\"]}]}<\/script>\n<!-- \/ Yoast SEO plugin. -->","yoast_head_json":{"title":"Pulso Comprido Aberto com Tala de Palmar e Polegar - Mais que Cuidar","description":"Pulso comprido aberto com tala de palmar e polegar com a fun\u00e7\u00e3o de controlo e estabiliza\u00e7\u00e3o da articula\u00e7\u00e3o do pulso e trapezi-metracarpiana.","robots":{"index":"index","follow":"follow","max-snippet":"max-snippet:-1","max-image-preview":"max-image-preview:large","max-video-preview":"max-video-preview:-1"},"canonical":"https:\/\/www.maisquecuidar.com\/loja\/produtos-ortopedicos-ortoteses\/ortoteses-membros-superiores\/pulso-comprido-aberto-com-tala-de-palmar-e-polegar","og_locale":"pt_PT","og_type":"article","og_title":"Pulso Comprido Aberto com Tala de Palmar e Polegar - Mais que Cuidar","og_description":"Pulso comprido aberto com tala de palmar e polegar com a fun\u00e7\u00e3o de controlo e estabiliza\u00e7\u00e3o da articula\u00e7\u00e3o do pulso e trapezi-metracarpiana.","og_url":"https:\/\/www.maisquecuidar.com\/loja\/produtos-ortopedicos-ortoteses\/ortoteses-membros-superiores\/pulso-comprido-aberto-com-tala-de-palmar-e-polegar","og_site_name":"Mais que Cuidar","article_publisher":"https:\/\/www.facebook.com\/maisquecuidar.pt","article_modified_time":"2025-10-01T17:33:24+00:00","og_image":[{"width":1280,"height":800,"url":"https:\/\/img.maisquecuidar.com\/loja\/wp-content\/uploads\/2018\/09\/pulso-comprido-aberto-tala-palmar-polegar.png","type":"image\/png"}],"twitter_misc":{"Tempo estimado de leitura":"1 minuto"},"schema":{"@context":"https:\/\/schema.org","@graph":[{"@type":"WebPage","@id":"https:\/\/www.maisquecuidar.com\/loja\/produtos-ortopedicos-ortoteses\/ortoteses-membros-superiores\/pulso-comprido-aberto-com-tala-de-palmar-e-polegar","url":"https:\/\/www.maisquecuidar.com\/loja\/produtos-ortopedicos-ortoteses\/ortoteses-membros-superiores\/pulso-comprido-aberto-com-tala-de-palmar-e-polegar","name":"Pulso Comprido Aberto com Tala de Palmar e Polegar - Mais que Cuidar","isPartOf":{"@id":"https:\/\/www.maisquecuidar.com\/loja\/#website"},"primaryImageOfPage":{"@id":"https:\/\/www.maisquecuidar.com\/loja\/produtos-ortopedicos-ortoteses\/ortoteses-membros-superiores\/pulso-comprido-aberto-com-tala-de-palmar-e-polegar#primaryimage"},"image":{"@id":"https:\/\/www.maisquecuidar.com\/loja\/produtos-ortopedicos-ortoteses\/ortoteses-membros-superiores\/pulso-comprido-aberto-com-tala-de-palmar-e-polegar#primaryimage"},"thumbnailUrl":"https:\/\/img.maisquecuidar.com\/loja\/wp-content\/uploads\/2018\/09\/pulso-comprido-aberto-tala-palmar-polegar.png","datePublished":"2018-09-09T16:42:35+00:00","dateModified":"2025-10-01T17:33:24+00:00","description":"Pulso comprido aberto com tala de palmar e polegar com a fun\u00e7\u00e3o de controlo e estabiliza\u00e7\u00e3o da articula\u00e7\u00e3o do pulso e trapezi-metracarpiana.","breadcrumb":{"@id":"https:\/\/www.maisquecuidar.com\/loja\/produtos-ortopedicos-ortoteses\/ortoteses-membros-superiores\/pulso-comprido-aberto-com-tala-de-palmar-e-polegar#breadcrumb"},"inLanguage":"pt-PT","potentialAction":[{"@type":"ReadAction","target":["https:\/\/www.maisquecuidar.com\/loja\/produtos-ortopedicos-ortoteses\/ortoteses-membros-superiores\/pulso-comprido-aberto-com-tala-de-palmar-e-polegar"]}]},{"@type":"ImageObject","inLanguage":"pt-PT","@id":"https:\/\/www.maisquecuidar.com\/loja\/produtos-ortopedicos-ortoteses\/ortoteses-membros-superiores\/pulso-comprido-aberto-com-tala-de-palmar-e-polegar#primaryimage","url":"https:\/\/img.maisquecuidar.com\/loja\/wp-content\/uploads\/2018\/09\/pulso-comprido-aberto-tala-palmar-polegar.png","contentUrl":"https:\/\/img.maisquecuidar.com\/loja\/wp-content\/uploads\/2018\/09\/pulso-comprido-aberto-tala-palmar-polegar.png","width":1280,"height":800,"caption":"Pulso comprido aberto com tala de palmar e polegar orliman"},{"@type":"BreadcrumbList","@id":"https:\/\/www.maisquecuidar.com\/loja\/produtos-ortopedicos-ortoteses\/ortoteses-membros-superiores\/pulso-comprido-aberto-com-tala-de-palmar-e-polegar#breadcrumb","itemListElement":[{"@type":"ListItem","position":1,"name":"Home","item":"https:\/\/www.maisquecuidar.com\/loja\/"},{"@type":"ListItem","position":2,"name":"Loja Online de Ortopedia e Geriatria em Portugal","item":"https:\/\/www.maisquecuidar.com\/loja\/loja"},{"@type":"ListItem","position":3,"name":"Produtos Ortop\u00e9dicos - Ort\u00f3teses","item":"https:\/\/www.maisquecuidar.com\/loja\/produtos-ortopedicos-ortoteses"},{"@type":"ListItem","position":4,"name":"Ort\u00f3teses dos Membros Superiores","item":"https:\/\/www.maisquecuidar.com\/loja\/produtos-ortopedicos-ortoteses\/ortoteses-membros-superiores"},{"@type":"ListItem","position":5,"name":"Pulso Comprido Aberto com Tala de Palmar e Polegar"}]},{"@type":"WebSite","@id":"https:\/\/www.maisquecuidar.com\/loja\/#website","url":"https:\/\/www.maisquecuidar.com\/loja\/","name":"Mais que Cuidar","description":"Sa\u00fade, Ortopedia e Geriatria","publisher":{"@id":"https:\/\/www.maisquecuidar.com\/loja\/#organization"},"potentialAction":[{"@type":"SearchAction","target":{"@type":"EntryPoint","urlTemplate":"https:\/\/www.maisquecuidar.com\/loja\/?s={search_term_string}"},"query-input":{"@type":"PropertyValueSpecification","valueRequired":true,"valueName":"search_term_string"}}],"inLanguage":"pt-PT"},{"@type":"Organization","@id":"https:\/\/www.maisquecuidar.com\/loja\/#organization","name":"Mais Que Cuidar","url":"https:\/\/www.maisquecuidar.com\/loja\/","logo":{"@type":"ImageObject","inLanguage":"pt-PT","@id":"https:\/\/www.maisquecuidar.com\/loja\/#\/schema\/logo\/image\/","url":"https:\/\/img.maisquecuidar.com\/loja\/wp-content\/uploads\/2019\/08\/logo-mais-que-cuidar-retina.png","contentUrl":"https:\/\/img.maisquecuidar.com\/loja\/wp-content\/uploads\/2019\/08\/logo-mais-que-cuidar-retina.png","width":565,"height":75,"caption":"Mais Que Cuidar"},"image":{"@id":"https:\/\/www.maisquecuidar.com\/loja\/#\/schema\/logo\/image\/"},"sameAs":["https:\/\/www.facebook.com\/maisquecuidar.pt","https:\/\/www.instagram.com\/maisquecuidar"]}]}},"_links":{"self":[{"href":"https:\/\/www.maisquecuidar.com\/loja\/wp-json\/wp\/v2\/product\/7072","targetHints":{"allow":["GET"]}}],"collection":[{"href":"https:\/\/www.maisquecuidar.com\/loja\/wp-json\/wp\/v2\/product"}],"about":[{"href":"https:\/\/www.maisquecuidar.com\/loja\/wp-json\/wp\/v2\/types\/product"}],"wp:featuredmedia":[{"embeddable":true,"href":"https:\/\/www.maisquecuidar.com\/loja\/wp-json\/wp\/v2\/media\/15151"}],"wp:attachment":[{"href":"https:\/\/www.maisquecuidar.com\/loja\/wp-json\/wp\/v2\/media?parent=7072"}],"wp:term":[{"taxonomy":"product_brand","embeddable":true,"href":"https:\/\/www.maisquecuidar.com\/loja\/wp-json\/wp\/v2\/product_brand?post=7072"},{"taxonomy":"product_cat","embeddable":true,"href":"https:\/\/www.maisquecuidar.com\/loja\/wp-json\/wp\/v2\/product_cat?post=7072"},{"taxonomy":"product_tag","embeddable":true,"href":"https:\/\/www.maisquecuidar.com\/loja\/wp-json\/wp\/v2\/product_tag?post=7072"}],"curies":[{"name":"wp","href":"https:\/\/api.w.org\/{rel}","templated":true}]}}