{"id":6896,"date":"2018-08-22T15:56:11","date_gmt":"2018-08-22T14:56:11","guid":{"rendered":"https:\/\/www.maisquecuidar.com\/loja\/produto\/pulso-elas-com-tala-polegar-amovivel\/"},"modified":"2025-10-01T18:33:24","modified_gmt":"2025-10-01T17:33:24","slug":"pulso-elas-com-tala-polegar-amovivel","status":"publish","type":"product","link":"https:\/\/www.maisquecuidar.com\/loja\/produtos-ortopedicos-ortoteses\/ortoteses-membros-superiores\/pulso-elas-com-tala-polegar-amovivel","title":{"rendered":"Pulso El\u00e1stico Curto Aberto com Tala de Polegar Amov\u00edvel"},"content":{"rendered":"<p>O pulso el\u00e1stico curto aberto com tala de polegar amov\u00edvel \u00e9 fabricado em el\u00e1stico imperme\u00e1vel acolchoado e forrado em algod\u00e3o anelado muito resistente e suave, com fecho ajust\u00e1vel em velcro que d\u00e1 uma maior adapta\u00e7\u00e3o da ort\u00f3tese e tala de polegar em alum\u00ednio flex\u00edvel \/mold\u00e1vel e amov\u00edvel para controlo da flex\u00e3o.<\/p>\n<h3>Indica\u00e7\u00f5es<\/h3>\n<ul>\n<li>Imobiliza\u00e7\u00e3o funcional do polegar.<\/li>\n<li>Sequelas dolorosas ou inflamat\u00f3rias nas artroses e artrites.<\/li>\n<li>Tratamento de protec\u00e7\u00e3o ap\u00f3s cirurgia ou les\u00f5es.<\/li>\n<\/ul>\n<h3>Efeitos<\/h3>\n<p>Posicionamento e suporte do polegar, de f\u00e1cil coloca\u00e7\u00e3o gra\u00e7as \u00e0s faixas de velcro que passam atrav\u00e9s das fivelas e deixam suspenso o pulso el\u00e1stico,permitindo regular a adapta\u00e7\u00e3o das faixas at\u00e9 atingir a posi\u00e7\u00e3o ideal.<\/p>\n<h3>Tamanhos<\/h3>\n<p><img fetchpriority=\"high\" decoding=\"async\" class=\"alignnone size-full wp-image-15190\" src=\"https:\/\/img.maisquecuidar.com\/loja\/wp-content\/uploads\/2018\/08\/tamanhos-pulso-elastico-curto-aberto-tala-amovivel.png\" alt=\"Tamanhos do pulso el\u00e1stico curto aberto com tala de polegar amov\u00edvel\" width=\"423\" height=\"151\" srcset=\"https:\/\/img.maisquecuidar.com\/loja\/wp-content\/uploads\/2018\/08\/tamanhos-pulso-elastico-curto-aberto-tala-amovivel.png 423w, https:\/\/img.maisquecuidar.com\/loja\/wp-content\/uploads\/2018\/08\/tamanhos-pulso-elastico-curto-aberto-tala-amovivel-380x136.png 380w, https:\/\/img.maisquecuidar.com\/loja\/wp-content\/uploads\/2018\/08\/tamanhos-pulso-elastico-curto-aberto-tala-amovivel-350x125.png 350w\" sizes=\"(max-width: 423px) 100vw, 423px\" \/><\/p>\n<p>&nbsp;<\/p>\n","protected":false},"excerpt":{"rendered":"<p>O pulso el\u00e1stico curto aberto com tala de polegar amov\u00edvel \u00e9 fabricado em el\u00e1stico imperme\u00e1vel acolchoado e forrado em algod\u00e3o anelado muito resistente e suave, com fecho ajust\u00e1vel em velcro que d\u00e1 uma maior adapta\u00e7\u00e3o da ort\u00f3tese e tala de polegar em alum\u00ednio flex\u00edvel \/mold\u00e1vel e amov\u00edvel para controlo da flex\u00e3o. Indica\u00e7\u00f5es Imobiliza\u00e7\u00e3o funcional do&hellip;&nbsp;<a href=\"https:\/\/www.maisquecuidar.com\/loja\/produtos-ortopedicos-ortoteses\/ortoteses-membros-superiores\/pulso-elas-com-tala-polegar-amovivel\" rel=\"bookmark\">Ler mais &raquo;<span class=\"screen-reader-text\">Pulso El\u00e1stico Curto Aberto com Tala de Polegar Amov\u00edvel<\/span><\/a><\/p>\n","protected":false},"featured_media":15191,"template":"","meta":{"_acf_changed":false,"neve_meta_sidebar":"","neve_meta_container":"","neve_meta_enable_content_width":"","neve_meta_content_width":0,"neve_meta_title_alignment":"","neve_meta_author_avatar":"","neve_post_elements_order":"","neve_meta_disable_header":"","neve_meta_disable_footer":"","neve_meta_disable_title":""},"product_brand":[],"product_cat":[477],"product_tag":[549],"class_list":{"0":"post-6896","1":"product","2":"type-product","3":"status-publish","4":"has-post-thumbnail","6":"product_cat-ortoteses-membros-superiores","7":"product_tag-tala-pulso","9":"first","10":"instock","11":"taxable","12":"shipping-taxable","13":"purchasable","14":"product-type-variable","15":"has-default-attributes"},"acf":[],"yoast_head":"<!-- This site is optimized with the Yoast SEO plugin v27.4 - https:\/\/yoast.com\/product\/yoast-seo-wordpress\/ -->\n<title>Pulso El\u00e1stico Curto Aberto com Tala de Polegar Amov\u00edvel<\/title>\n<meta name=\"description\" content=\"O pulso el\u00e1stico curto aberto com tala de polegar amov\u00edvel \u00e9 indicado na imobiliza\u00e7\u00e3o funcional do polegar e nas sequelas dolorosas.\" \/>\n<meta name=\"robots\" content=\"index, follow, max-snippet:-1, max-image-preview:large, max-video-preview:-1\" \/>\n<link rel=\"canonical\" href=\"https:\/\/www.maisquecuidar.com\/loja\/produtos-ortopedicos-ortoteses\/ortoteses-membros-superiores\/pulso-elas-com-tala-polegar-amovivel\" \/>\n<meta property=\"og:locale\" content=\"pt_PT\" \/>\n<meta property=\"og:type\" content=\"article\" \/>\n<meta property=\"og:title\" content=\"Pulso El\u00e1stico Curto Aberto com Tala de Polegar Amov\u00edvel\" \/>\n<meta property=\"og:description\" content=\"O pulso el\u00e1stico curto aberto com tala de polegar amov\u00edvel \u00e9 indicado na imobiliza\u00e7\u00e3o funcional do polegar e nas sequelas dolorosas.\" \/>\n<meta property=\"og:url\" content=\"https:\/\/www.maisquecuidar.com\/loja\/produtos-ortopedicos-ortoteses\/ortoteses-membros-superiores\/pulso-elas-com-tala-polegar-amovivel\" \/>\n<meta property=\"og:site_name\" content=\"Mais que Cuidar\" \/>\n<meta property=\"article:publisher\" content=\"https:\/\/www.facebook.com\/maisquecuidar.pt\" \/>\n<meta property=\"article:modified_time\" content=\"2025-10-01T17:33:24+00:00\" \/>\n<meta property=\"og:image\" content=\"https:\/\/img.maisquecuidar.com\/loja\/wp-content\/uploads\/2018\/08\/pulso-elastico-curto-aberto-polegar-amovivel.png\" \/>\n\t<meta property=\"og:image:width\" content=\"1280\" \/>\n\t<meta property=\"og:image:height\" content=\"800\" \/>\n\t<meta property=\"og:image:type\" content=\"image\/png\" \/>\n<meta name=\"twitter:label1\" content=\"Tempo estimado de leitura\" \/>\n\t<meta name=\"twitter:data1\" content=\"1 minuto\" \/>\n<script type=\"application\/ld+json\" class=\"yoast-schema-graph\">{\"@context\":\"https:\\\/\\\/schema.org\",\"@graph\":[{\"@type\":\"WebPage\",\"@id\":\"https:\\\/\\\/www.maisquecuidar.com\\\/loja\\\/produtos-ortopedicos-ortoteses\\\/ortoteses-membros-superiores\\\/pulso-elas-com-tala-polegar-amovivel\",\"url\":\"https:\\\/\\\/www.maisquecuidar.com\\\/loja\\\/produtos-ortopedicos-ortoteses\\\/ortoteses-membros-superiores\\\/pulso-elas-com-tala-polegar-amovivel\",\"name\":\"Pulso El\u00e1stico Curto Aberto com Tala de Polegar Amov\u00edvel\",\"isPartOf\":{\"@id\":\"https:\\\/\\\/www.maisquecuidar.com\\\/loja\\\/#website\"},\"primaryImageOfPage\":{\"@id\":\"https:\\\/\\\/www.maisquecuidar.com\\\/loja\\\/produtos-ortopedicos-ortoteses\\\/ortoteses-membros-superiores\\\/pulso-elas-com-tala-polegar-amovivel#primaryimage\"},\"image\":{\"@id\":\"https:\\\/\\\/www.maisquecuidar.com\\\/loja\\\/produtos-ortopedicos-ortoteses\\\/ortoteses-membros-superiores\\\/pulso-elas-com-tala-polegar-amovivel#primaryimage\"},\"thumbnailUrl\":\"https:\\\/\\\/img.maisquecuidar.com\\\/loja\\\/wp-content\\\/uploads\\\/2018\\\/08\\\/pulso-elastico-curto-aberto-polegar-amovivel.png\",\"datePublished\":\"2018-08-22T14:56:11+00:00\",\"dateModified\":\"2025-10-01T17:33:24+00:00\",\"description\":\"O pulso el\u00e1stico curto aberto com tala de polegar amov\u00edvel \u00e9 indicado na imobiliza\u00e7\u00e3o funcional do polegar e nas sequelas dolorosas.\",\"breadcrumb\":{\"@id\":\"https:\\\/\\\/www.maisquecuidar.com\\\/loja\\\/produtos-ortopedicos-ortoteses\\\/ortoteses-membros-superiores\\\/pulso-elas-com-tala-polegar-amovivel#breadcrumb\"},\"inLanguage\":\"pt-PT\",\"potentialAction\":[{\"@type\":\"ReadAction\",\"target\":[\"https:\\\/\\\/www.maisquecuidar.com\\\/loja\\\/produtos-ortopedicos-ortoteses\\\/ortoteses-membros-superiores\\\/pulso-elas-com-tala-polegar-amovivel\"]}]},{\"@type\":\"ImageObject\",\"inLanguage\":\"pt-PT\",\"@id\":\"https:\\\/\\\/www.maisquecuidar.com\\\/loja\\\/produtos-ortopedicos-ortoteses\\\/ortoteses-membros-superiores\\\/pulso-elas-com-tala-polegar-amovivel#primaryimage\",\"url\":\"https:\\\/\\\/img.maisquecuidar.com\\\/loja\\\/wp-content\\\/uploads\\\/2018\\\/08\\\/pulso-elastico-curto-aberto-polegar-amovivel.png\",\"contentUrl\":\"https:\\\/\\\/img.maisquecuidar.com\\\/loja\\\/wp-content\\\/uploads\\\/2018\\\/08\\\/pulso-elastico-curto-aberto-polegar-amovivel.png\",\"width\":1280,\"height\":800},{\"@type\":\"BreadcrumbList\",\"@id\":\"https:\\\/\\\/www.maisquecuidar.com\\\/loja\\\/produtos-ortopedicos-ortoteses\\\/ortoteses-membros-superiores\\\/pulso-elas-com-tala-polegar-amovivel#breadcrumb\",\"itemListElement\":[{\"@type\":\"ListItem\",\"position\":1,\"name\":\"Home\",\"item\":\"https:\\\/\\\/www.maisquecuidar.com\\\/loja\\\/\"},{\"@type\":\"ListItem\",\"position\":2,\"name\":\"Loja Online de Ortopedia e Geriatria em Portugal\",\"item\":\"https:\\\/\\\/www.maisquecuidar.com\\\/loja\\\/loja\"},{\"@type\":\"ListItem\",\"position\":3,\"name\":\"Produtos Ortop\u00e9dicos - Ort\u00f3teses\",\"item\":\"https:\\\/\\\/www.maisquecuidar.com\\\/loja\\\/produtos-ortopedicos-ortoteses\"},{\"@type\":\"ListItem\",\"position\":4,\"name\":\"Ort\u00f3teses dos Membros Superiores\",\"item\":\"https:\\\/\\\/www.maisquecuidar.com\\\/loja\\\/produtos-ortopedicos-ortoteses\\\/ortoteses-membros-superiores\"},{\"@type\":\"ListItem\",\"position\":5,\"name\":\"Pulso El\u00e1stico Curto Aberto com Tala de Polegar Amov\u00edvel\"}]},{\"@type\":\"WebSite\",\"@id\":\"https:\\\/\\\/www.maisquecuidar.com\\\/loja\\\/#website\",\"url\":\"https:\\\/\\\/www.maisquecuidar.com\\\/loja\\\/\",\"name\":\"Mais que Cuidar\",\"description\":\"Sa\u00fade, Ortopedia e Geriatria\",\"publisher\":{\"@id\":\"https:\\\/\\\/www.maisquecuidar.com\\\/loja\\\/#organization\"},\"potentialAction\":[{\"@type\":\"SearchAction\",\"target\":{\"@type\":\"EntryPoint\",\"urlTemplate\":\"https:\\\/\\\/www.maisquecuidar.com\\\/loja\\\/?s={search_term_string}\"},\"query-input\":{\"@type\":\"PropertyValueSpecification\",\"valueRequired\":true,\"valueName\":\"search_term_string\"}}],\"inLanguage\":\"pt-PT\"},{\"@type\":\"Organization\",\"@id\":\"https:\\\/\\\/www.maisquecuidar.com\\\/loja\\\/#organization\",\"name\":\"Mais Que Cuidar\",\"url\":\"https:\\\/\\\/www.maisquecuidar.com\\\/loja\\\/\",\"logo\":{\"@type\":\"ImageObject\",\"inLanguage\":\"pt-PT\",\"@id\":\"https:\\\/\\\/www.maisquecuidar.com\\\/loja\\\/#\\\/schema\\\/logo\\\/image\\\/\",\"url\":\"https:\\\/\\\/img.maisquecuidar.com\\\/loja\\\/wp-content\\\/uploads\\\/2019\\\/08\\\/logo-mais-que-cuidar-retina.png\",\"contentUrl\":\"https:\\\/\\\/img.maisquecuidar.com\\\/loja\\\/wp-content\\\/uploads\\\/2019\\\/08\\\/logo-mais-que-cuidar-retina.png\",\"width\":565,\"height\":75,\"caption\":\"Mais Que Cuidar\"},\"image\":{\"@id\":\"https:\\\/\\\/www.maisquecuidar.com\\\/loja\\\/#\\\/schema\\\/logo\\\/image\\\/\"},\"sameAs\":[\"https:\\\/\\\/www.facebook.com\\\/maisquecuidar.pt\",\"https:\\\/\\\/www.instagram.com\\\/maisquecuidar\"]}]}<\/script>\n<!-- \/ Yoast SEO plugin. -->","yoast_head_json":{"title":"Pulso El\u00e1stico Curto Aberto com Tala de Polegar Amov\u00edvel","description":"O pulso el\u00e1stico curto aberto com tala de polegar amov\u00edvel \u00e9 indicado na imobiliza\u00e7\u00e3o funcional do polegar e nas sequelas dolorosas.","robots":{"index":"index","follow":"follow","max-snippet":"max-snippet:-1","max-image-preview":"max-image-preview:large","max-video-preview":"max-video-preview:-1"},"canonical":"https:\/\/www.maisquecuidar.com\/loja\/produtos-ortopedicos-ortoteses\/ortoteses-membros-superiores\/pulso-elas-com-tala-polegar-amovivel","og_locale":"pt_PT","og_type":"article","og_title":"Pulso El\u00e1stico Curto Aberto com Tala de Polegar Amov\u00edvel","og_description":"O pulso el\u00e1stico curto aberto com tala de polegar amov\u00edvel \u00e9 indicado na imobiliza\u00e7\u00e3o funcional do polegar e nas sequelas dolorosas.","og_url":"https:\/\/www.maisquecuidar.com\/loja\/produtos-ortopedicos-ortoteses\/ortoteses-membros-superiores\/pulso-elas-com-tala-polegar-amovivel","og_site_name":"Mais que Cuidar","article_publisher":"https:\/\/www.facebook.com\/maisquecuidar.pt","article_modified_time":"2025-10-01T17:33:24+00:00","og_image":[{"width":1280,"height":800,"url":"https:\/\/img.maisquecuidar.com\/loja\/wp-content\/uploads\/2018\/08\/pulso-elastico-curto-aberto-polegar-amovivel.png","type":"image\/png"}],"twitter_misc":{"Tempo estimado de leitura":"1 minuto"},"schema":{"@context":"https:\/\/schema.org","@graph":[{"@type":"WebPage","@id":"https:\/\/www.maisquecuidar.com\/loja\/produtos-ortopedicos-ortoteses\/ortoteses-membros-superiores\/pulso-elas-com-tala-polegar-amovivel","url":"https:\/\/www.maisquecuidar.com\/loja\/produtos-ortopedicos-ortoteses\/ortoteses-membros-superiores\/pulso-elas-com-tala-polegar-amovivel","name":"Pulso El\u00e1stico Curto Aberto com Tala de Polegar Amov\u00edvel","isPartOf":{"@id":"https:\/\/www.maisquecuidar.com\/loja\/#website"},"primaryImageOfPage":{"@id":"https:\/\/www.maisquecuidar.com\/loja\/produtos-ortopedicos-ortoteses\/ortoteses-membros-superiores\/pulso-elas-com-tala-polegar-amovivel#primaryimage"},"image":{"@id":"https:\/\/www.maisquecuidar.com\/loja\/produtos-ortopedicos-ortoteses\/ortoteses-membros-superiores\/pulso-elas-com-tala-polegar-amovivel#primaryimage"},"thumbnailUrl":"https:\/\/img.maisquecuidar.com\/loja\/wp-content\/uploads\/2018\/08\/pulso-elastico-curto-aberto-polegar-amovivel.png","datePublished":"2018-08-22T14:56:11+00:00","dateModified":"2025-10-01T17:33:24+00:00","description":"O pulso el\u00e1stico curto aberto com tala de polegar amov\u00edvel \u00e9 indicado na imobiliza\u00e7\u00e3o funcional do polegar e nas sequelas dolorosas.","breadcrumb":{"@id":"https:\/\/www.maisquecuidar.com\/loja\/produtos-ortopedicos-ortoteses\/ortoteses-membros-superiores\/pulso-elas-com-tala-polegar-amovivel#breadcrumb"},"inLanguage":"pt-PT","potentialAction":[{"@type":"ReadAction","target":["https:\/\/www.maisquecuidar.com\/loja\/produtos-ortopedicos-ortoteses\/ortoteses-membros-superiores\/pulso-elas-com-tala-polegar-amovivel"]}]},{"@type":"ImageObject","inLanguage":"pt-PT","@id":"https:\/\/www.maisquecuidar.com\/loja\/produtos-ortopedicos-ortoteses\/ortoteses-membros-superiores\/pulso-elas-com-tala-polegar-amovivel#primaryimage","url":"https:\/\/img.maisquecuidar.com\/loja\/wp-content\/uploads\/2018\/08\/pulso-elastico-curto-aberto-polegar-amovivel.png","contentUrl":"https:\/\/img.maisquecuidar.com\/loja\/wp-content\/uploads\/2018\/08\/pulso-elastico-curto-aberto-polegar-amovivel.png","width":1280,"height":800},{"@type":"BreadcrumbList","@id":"https:\/\/www.maisquecuidar.com\/loja\/produtos-ortopedicos-ortoteses\/ortoteses-membros-superiores\/pulso-elas-com-tala-polegar-amovivel#breadcrumb","itemListElement":[{"@type":"ListItem","position":1,"name":"Home","item":"https:\/\/www.maisquecuidar.com\/loja\/"},{"@type":"ListItem","position":2,"name":"Loja Online de Ortopedia e Geriatria em Portugal","item":"https:\/\/www.maisquecuidar.com\/loja\/loja"},{"@type":"ListItem","position":3,"name":"Produtos Ortop\u00e9dicos - Ort\u00f3teses","item":"https:\/\/www.maisquecuidar.com\/loja\/produtos-ortopedicos-ortoteses"},{"@type":"ListItem","position":4,"name":"Ort\u00f3teses dos Membros Superiores","item":"https:\/\/www.maisquecuidar.com\/loja\/produtos-ortopedicos-ortoteses\/ortoteses-membros-superiores"},{"@type":"ListItem","position":5,"name":"Pulso El\u00e1stico Curto Aberto com Tala de Polegar Amov\u00edvel"}]},{"@type":"WebSite","@id":"https:\/\/www.maisquecuidar.com\/loja\/#website","url":"https:\/\/www.maisquecuidar.com\/loja\/","name":"Mais que Cuidar","description":"Sa\u00fade, Ortopedia e Geriatria","publisher":{"@id":"https:\/\/www.maisquecuidar.com\/loja\/#organization"},"potentialAction":[{"@type":"SearchAction","target":{"@type":"EntryPoint","urlTemplate":"https:\/\/www.maisquecuidar.com\/loja\/?s={search_term_string}"},"query-input":{"@type":"PropertyValueSpecification","valueRequired":true,"valueName":"search_term_string"}}],"inLanguage":"pt-PT"},{"@type":"Organization","@id":"https:\/\/www.maisquecuidar.com\/loja\/#organization","name":"Mais Que Cuidar","url":"https:\/\/www.maisquecuidar.com\/loja\/","logo":{"@type":"ImageObject","inLanguage":"pt-PT","@id":"https:\/\/www.maisquecuidar.com\/loja\/#\/schema\/logo\/image\/","url":"https:\/\/img.maisquecuidar.com\/loja\/wp-content\/uploads\/2019\/08\/logo-mais-que-cuidar-retina.png","contentUrl":"https:\/\/img.maisquecuidar.com\/loja\/wp-content\/uploads\/2019\/08\/logo-mais-que-cuidar-retina.png","width":565,"height":75,"caption":"Mais Que Cuidar"},"image":{"@id":"https:\/\/www.maisquecuidar.com\/loja\/#\/schema\/logo\/image\/"},"sameAs":["https:\/\/www.facebook.com\/maisquecuidar.pt","https:\/\/www.instagram.com\/maisquecuidar"]}]}},"_links":{"self":[{"href":"https:\/\/www.maisquecuidar.com\/loja\/wp-json\/wp\/v2\/product\/6896","targetHints":{"allow":["GET"]}}],"collection":[{"href":"https:\/\/www.maisquecuidar.com\/loja\/wp-json\/wp\/v2\/product"}],"about":[{"href":"https:\/\/www.maisquecuidar.com\/loja\/wp-json\/wp\/v2\/types\/product"}],"wp:featuredmedia":[{"embeddable":true,"href":"https:\/\/www.maisquecuidar.com\/loja\/wp-json\/wp\/v2\/media\/15191"}],"wp:attachment":[{"href":"https:\/\/www.maisquecuidar.com\/loja\/wp-json\/wp\/v2\/media?parent=6896"}],"wp:term":[{"taxonomy":"product_brand","embeddable":true,"href":"https:\/\/www.maisquecuidar.com\/loja\/wp-json\/wp\/v2\/product_brand?post=6896"},{"taxonomy":"product_cat","embeddable":true,"href":"https:\/\/www.maisquecuidar.com\/loja\/wp-json\/wp\/v2\/product_cat?post=6896"},{"taxonomy":"product_tag","embeddable":true,"href":"https:\/\/www.maisquecuidar.com\/loja\/wp-json\/wp\/v2\/product_tag?post=6896"}],"curies":[{"name":"wp","href":"https:\/\/api.w.org\/{rel}","templated":true}]}}