{"id":6540,"date":"2017-11-02T12:19:08","date_gmt":"2017-11-02T12:19:08","guid":{"rendered":"https:\/\/www.maisquecuidar.com\/loja\/produto\/poltrona-eletrica-cosy-up\/"},"modified":"2026-02-27T12:51:32","modified_gmt":"2026-02-27T12:51:32","slug":"poltrona-eletrica-cosy-up","status":"publish","type":"product","link":"https:\/\/www.maisquecuidar.com\/loja\/quarto-conforto-bem-estar\/poltronas-repouso-relax\/poltrona-eletrica-cosy-up","title":{"rendered":"Poltrona El\u00e9trica Cosy Up Invacare"},"content":{"rendered":"<p><strong>Poltrona El\u00e9trica Cosy Up<\/strong><\/p>\n<p>&nbsp;<\/p>\n<p>Oferece o m\u00e1ximo de conforto gra\u00e7as \u00e0 unidade de assento inteiri\u00e7a, com continuidade at\u00e9 ao apoio de pernas, totalmente almofadada.<\/p>\n<p><strong>Indicada para pessoas com mobilidade reduzida<\/strong>: facilita o sentar e o levantar da poltrona evitando as dores, o esfor\u00e7o e as quedas.<\/p>\n<p>Com um variado leque de tecidos de almofadas \u00e0 escolha, padr\u00f5es mais s\u00f3brios ou mais coloridos, a poltrona enquadra-se facilmente e, qualquer ambiente domicili\u00e1rio ou institucional.<\/p>\n<p>Tanto a vers\u00e3o el\u00e9trica de 1 motor como a de 2 motores permitem a fun\u00e7\u00e3o de eleva\u00e7\u00e3o de pernas, reclina\u00e7\u00e3o de encosto e eleva\u00e7\u00e3o frontal.<\/p>\n<p><strong>Fornecida de s\u00e9rie com encosto regul\u00e1vel em profundidade<\/strong><\/p>\n<p>Gra\u00e7as aos dois pontos de fixa\u00e7\u00e3o do encosto, a Cosy Up \u00e9 regul\u00e1vel em profundidade de uma forma muito simples. Gra\u00e7as a estes dois pontos de fixa\u00e7\u00e3o, esta poltrona responde \u00e0s necessidades de um variado grupo de utilizadores.<\/p>\n<p>Com o encosto montado mais \u00e0 frente a poltrona fica com a profundidade de 45 cm e \u00e9 recomendado para pessoas de estatura mais baixa. Na posi\u00e7\u00e3o recuada, fica com 54 cm de profundidade e adapta-se a pessoas mais altas.<\/p>\n<p><img fetchpriority=\"high\" decoding=\"async\" class=\"alignnone size-full wp-image-14270\" src=\"https:\/\/img.maisquecuidar.com\/loja\/wp-content\/uploads\/2017\/11\/poltrona-cosy-up-medidas.png\" alt=\"poltrona cosy up medidas\" width=\"420\" height=\"320\" srcset=\"https:\/\/img.maisquecuidar.com\/loja\/wp-content\/uploads\/2017\/11\/poltrona-cosy-up-medidas.png 420w, https:\/\/img.maisquecuidar.com\/loja\/wp-content\/uploads\/2017\/11\/poltrona-cosy-up-medidas-380x290.png 380w, https:\/\/img.maisquecuidar.com\/loja\/wp-content\/uploads\/2017\/11\/poltrona-cosy-up-medidas-350x267.png 350w\" sizes=\"(max-width: 420px) 100vw, 420px\" \/><\/p>\n<p><strong>Bolsas laterais<\/strong><\/p>\n<p>A poltrona reclin\u00e1vel Cosy Up \u00e9 equipada de duas bolsas laterais, uma \u00e0 esquerda e outra \u00e0 direita para coloca\u00e7\u00e3o de revistas ou outros objetos.<\/p>\n<p><strong>Poupan\u00e7a de espa\u00e7o<\/strong><\/p>\n<p>Gra\u00e7as a uma conce\u00e7\u00e3o otimizada <strong>da Cosy Up 1 motor<\/strong>, para espa\u00e7os pequenos, s\u00e3o necess\u00e1rios apenas 9 cm entre a parede e a poltrona para permitir a reclina\u00e7\u00e3o total do encosto sem ter de afastar a poltrona da parede.<\/p>\n<p><img decoding=\"async\" class=\"alignnone size-full wp-image-14271 lazyload\" data-src=\"https:\/\/img.maisquecuidar.com\/loja\/wp-content\/uploads\/2017\/11\/dimensoes-poltrona-cosy-up-invacare.png\" alt=\"Dimens\u00f5es da poltrona cosy up junto \u00e0 parede\" width=\"425\" height=\"320\" data-srcset=\"https:\/\/img.maisquecuidar.com\/loja\/wp-content\/uploads\/2017\/11\/dimensoes-poltrona-cosy-up-invacare.png 425w, https:\/\/img.maisquecuidar.com\/loja\/wp-content\/uploads\/2017\/11\/dimensoes-poltrona-cosy-up-invacare-380x285.png 380w, https:\/\/img.maisquecuidar.com\/loja\/wp-content\/uploads\/2017\/11\/dimensoes-poltrona-cosy-up-invacare-350x264.png 350w\" data-sizes=\"(max-width: 425px) 100vw, 425px\" src=\"data:image\/svg+xml;base64,PHN2ZyB3aWR0aD0iMSIgaGVpZ2h0PSIxIiB4bWxucz0iaHR0cDovL3d3dy53My5vcmcvMjAwMC9zdmciPjwvc3ZnPg==\" style=\"--smush-placeholder-width: 425px; --smush-placeholder-aspect-ratio: 425\/320;\" \/><\/p>\n<p><strong>Poltrona Cosy Up: misture, escolha e altere a cor das almofadas a seu gosto!<\/strong><\/p>\n<p>Com 1 base e 6 padr\u00f5es de almofadas \u00e0 escolha, a Cosy Up \u00e9 a poltrona mais configur\u00e1vel do mercado. Pode encomendar a poltrona completa ou criar a poltrona ao seu gosto ao selecionar as almofadas que deseja: a partir de agora vai poder mudar as vezes que quiser!<\/p>\n<p>Sets de almofadas \u00e0 escolha<\/p>\n<ul>\n<li>Easyclean Cinza Taupe<\/li>\n<li>Napa Cinza Taupe<\/li>\n<li>Microfibra Cinza Taupe<\/li>\n<\/ul>\n<p>Tecidos EasyClean: Lav\u00e1veis com a \u00e1gua<\/p>\n<p>Tecido antibacteriano e repelente, com tratamento especial para limpeza com \u00e1gua. O Easyclean permite remover n\u00f3doas di\u00e1rias como por exemplo caf\u00e9 ou chocolate com um pano limpo com \u00e1gua. O Easyclean evita que as manchas penetrem no tecido aumentando a durabilidade da poltrona.<\/p>\n<p>Pr\u00e1tico e est\u00e9tico, o tecido anti-manchas previne a humidade e resiste ao fogo conforme as normas EN 1021-1 e EN 1021-2.<\/p>\n<p>Lav\u00e1veis \u00e0 m\u00e1quina a 40\u00baC, podem ir tamb\u00e9m \u00e0 maquina de secar, <strong>as almofadas EasyClean modernas e confort\u00e1veis, fazem da Cosy Up a poltrona ideal para uso em meios dom\u00e9sticos e institucionais<\/strong>.<\/p>\n<div class=\"innerShortcode\">\n<div class=\"innerContent\">\n<p>Informa\u00e7\u00e3o sobre o servi\u00e7o de entrega<\/p>\n<ul>\n<li>Dispomos de servi\u00e7o de entrega e montagem no domicilio na regi\u00e3o do Porto e de Lisboa por t\u00e9cnicos especializados da Mais que Cuidar.<\/li>\n<li>Fazemos entregas para andares acima do r\u00e9s-do-ch\u00e3o na regi\u00e3o do Porto e de Lisboa.<\/li>\n<\/ul>\n<\/div>\n<\/div>\n","protected":false},"excerpt":{"rendered":"<p>A Poltrona mais configur\u00e1vel do mercado! Pode escolher a base com 1 ou 2 motores e a cor das almofadas!<\/p>\n<p>&nbsp;<\/p>\n","protected":false},"featured_media":14296,"template":"","meta":{"_acf_changed":false,"neve_meta_sidebar":"","neve_meta_container":"","neve_meta_enable_content_width":"off","neve_meta_content_width":100,"neve_meta_title_alignment":"","neve_meta_author_avatar":"","neve_post_elements_order":"","neve_meta_disable_header":"","neve_meta_disable_footer":"","neve_meta_disable_title":""},"product_brand":[],"product_cat":[778],"product_tag":[344,342,341,546,343,346,345],"class_list":{"0":"post-6540","1":"product","2":"type-product","3":"status-publish","4":"has-post-thumbnail","6":"product_cat-poltronas-repouso-relax","7":"product_tag-poltrona-eletrica-para-idosos","8":"product_tag-poltrona-para-doentes","9":"product_tag-poltrona-para-idosos","10":"product_tag-poltronas-invacare","11":"product_tag-poltronas-para-idosos","12":"product_tag-sofas-para-doentes","13":"product_tag-sofas-para-idosos","15":"first","16":"instock","17":"taxable","18":"shipping-taxable","19":"purchasable","20":"product-type-variable"},"acf":[],"yoast_head":"<!-- This site is optimized with the Yoast SEO plugin v27.4 - https:\/\/yoast.com\/product\/yoast-seo-wordpress\/ -->\n<title>Poltrona El\u00e9trica Cosy Up Invacare - Mais que Cuidar<\/title>\n<meta name=\"description\" content=\"Poltrona geri\u00e1trica el\u00e9trica Cosy Up da Invacare que proporciona o melhor conforto e posicionamento. Dispon\u00edvel com 1 ou 2 motores. Confira o pre\u00e7o!\" \/>\n<meta name=\"robots\" content=\"index, follow, max-snippet:-1, max-image-preview:large, max-video-preview:-1\" \/>\n<link rel=\"canonical\" href=\"https:\/\/www.maisquecuidar.com\/loja\/quarto-conforto-bem-estar\/poltronas-repouso-relax\/poltrona-eletrica-cosy-up\" \/>\n<meta property=\"og:locale\" content=\"pt_PT\" \/>\n<meta property=\"og:type\" content=\"article\" \/>\n<meta property=\"og:title\" content=\"Poltrona El\u00e9trica Cosy Up Invacare - Mais que Cuidar\" \/>\n<meta property=\"og:description\" content=\"Poltrona geri\u00e1trica el\u00e9trica Cosy Up da Invacare que proporciona o melhor conforto e posicionamento. Dispon\u00edvel com 1 ou 2 motores. Confira o pre\u00e7o!\" \/>\n<meta property=\"og:url\" content=\"https:\/\/www.maisquecuidar.com\/loja\/quarto-conforto-bem-estar\/poltronas-repouso-relax\/poltrona-eletrica-cosy-up\" \/>\n<meta property=\"og:site_name\" content=\"Mais que Cuidar\" \/>\n<meta property=\"article:publisher\" content=\"https:\/\/www.facebook.com\/maisquecuidar.pt\" \/>\n<meta property=\"article:modified_time\" content=\"2026-02-27T12:51:32+00:00\" \/>\n<meta property=\"og:image\" content=\"https:\/\/img.maisquecuidar.com\/loja\/wp-content\/uploads\/2017\/11\/poltrona-invacare-cosy-up-microfibra-cinza-taupe-2.jpg\" \/>\n\t<meta property=\"og:image:width\" content=\"1280\" \/>\n\t<meta property=\"og:image:height\" content=\"800\" \/>\n\t<meta property=\"og:image:type\" content=\"image\/jpeg\" \/>\n<meta name=\"twitter:label1\" content=\"Tempo estimado de leitura\" \/>\n\t<meta name=\"twitter:data1\" content=\"4 minutos\" \/>\n<script type=\"application\/ld+json\" class=\"yoast-schema-graph\">{\"@context\":\"https:\\\/\\\/schema.org\",\"@graph\":[{\"@type\":\"WebPage\",\"@id\":\"https:\\\/\\\/www.maisquecuidar.com\\\/loja\\\/quarto-conforto-bem-estar\\\/poltronas-repouso-relax\\\/poltrona-eletrica-cosy-up\",\"url\":\"https:\\\/\\\/www.maisquecuidar.com\\\/loja\\\/quarto-conforto-bem-estar\\\/poltronas-repouso-relax\\\/poltrona-eletrica-cosy-up\",\"name\":\"Poltrona El\u00e9trica Cosy Up Invacare - Mais que Cuidar\",\"isPartOf\":{\"@id\":\"https:\\\/\\\/www.maisquecuidar.com\\\/loja\\\/#website\"},\"primaryImageOfPage\":{\"@id\":\"https:\\\/\\\/www.maisquecuidar.com\\\/loja\\\/quarto-conforto-bem-estar\\\/poltronas-repouso-relax\\\/poltrona-eletrica-cosy-up#primaryimage\"},\"image\":{\"@id\":\"https:\\\/\\\/www.maisquecuidar.com\\\/loja\\\/quarto-conforto-bem-estar\\\/poltronas-repouso-relax\\\/poltrona-eletrica-cosy-up#primaryimage\"},\"thumbnailUrl\":\"https:\\\/\\\/img.maisquecuidar.com\\\/loja\\\/wp-content\\\/uploads\\\/2017\\\/11\\\/poltrona-invacare-cosy-up-microfibra-cinza-taupe-2.jpg\",\"datePublished\":\"2017-11-02T12:19:08+00:00\",\"dateModified\":\"2026-02-27T12:51:32+00:00\",\"description\":\"Poltrona geri\u00e1trica el\u00e9trica Cosy Up da Invacare que proporciona o melhor conforto e posicionamento. Dispon\u00edvel com 1 ou 2 motores. Confira o pre\u00e7o!\",\"breadcrumb\":{\"@id\":\"https:\\\/\\\/www.maisquecuidar.com\\\/loja\\\/quarto-conforto-bem-estar\\\/poltronas-repouso-relax\\\/poltrona-eletrica-cosy-up#breadcrumb\"},\"inLanguage\":\"pt-PT\",\"potentialAction\":[{\"@type\":\"ReadAction\",\"target\":[\"https:\\\/\\\/www.maisquecuidar.com\\\/loja\\\/quarto-conforto-bem-estar\\\/poltronas-repouso-relax\\\/poltrona-eletrica-cosy-up\"]}]},{\"@type\":\"ImageObject\",\"inLanguage\":\"pt-PT\",\"@id\":\"https:\\\/\\\/www.maisquecuidar.com\\\/loja\\\/quarto-conforto-bem-estar\\\/poltronas-repouso-relax\\\/poltrona-eletrica-cosy-up#primaryimage\",\"url\":\"https:\\\/\\\/img.maisquecuidar.com\\\/loja\\\/wp-content\\\/uploads\\\/2017\\\/11\\\/poltrona-invacare-cosy-up-microfibra-cinza-taupe-2.jpg\",\"contentUrl\":\"https:\\\/\\\/img.maisquecuidar.com\\\/loja\\\/wp-content\\\/uploads\\\/2017\\\/11\\\/poltrona-invacare-cosy-up-microfibra-cinza-taupe-2.jpg\",\"width\":1280,\"height\":800,\"caption\":\"Poltrona cosy up em microfibra cinza taupe Invacare\"},{\"@type\":\"BreadcrumbList\",\"@id\":\"https:\\\/\\\/www.maisquecuidar.com\\\/loja\\\/quarto-conforto-bem-estar\\\/poltronas-repouso-relax\\\/poltrona-eletrica-cosy-up#breadcrumb\",\"itemListElement\":[{\"@type\":\"ListItem\",\"position\":1,\"name\":\"Home\",\"item\":\"https:\\\/\\\/www.maisquecuidar.com\\\/loja\\\/\"},{\"@type\":\"ListItem\",\"position\":2,\"name\":\"Loja Online de Ortopedia e Geriatria em Portugal\",\"item\":\"https:\\\/\\\/www.maisquecuidar.com\\\/loja\\\/loja\"},{\"@type\":\"ListItem\",\"position\":3,\"name\":\"Quarto, Conforto e Bem Estar\",\"item\":\"https:\\\/\\\/www.maisquecuidar.com\\\/loja\\\/quarto-conforto-bem-estar\"},{\"@type\":\"ListItem\",\"position\":4,\"name\":\"Cadeir\u00f5es e Poltronas Reclin\u00e1veis | Geri\u00e1tricas\",\"item\":\"https:\\\/\\\/www.maisquecuidar.com\\\/loja\\\/quarto-conforto-bem-estar\\\/poltronas-repouso-relax\"},{\"@type\":\"ListItem\",\"position\":5,\"name\":\"Poltrona El\u00e9trica Cosy Up Invacare\"}]},{\"@type\":\"WebSite\",\"@id\":\"https:\\\/\\\/www.maisquecuidar.com\\\/loja\\\/#website\",\"url\":\"https:\\\/\\\/www.maisquecuidar.com\\\/loja\\\/\",\"name\":\"Mais que Cuidar\",\"description\":\"Sa\u00fade, Ortopedia e Geriatria\",\"publisher\":{\"@id\":\"https:\\\/\\\/www.maisquecuidar.com\\\/loja\\\/#organization\"},\"potentialAction\":[{\"@type\":\"SearchAction\",\"target\":{\"@type\":\"EntryPoint\",\"urlTemplate\":\"https:\\\/\\\/www.maisquecuidar.com\\\/loja\\\/?s={search_term_string}\"},\"query-input\":{\"@type\":\"PropertyValueSpecification\",\"valueRequired\":true,\"valueName\":\"search_term_string\"}}],\"inLanguage\":\"pt-PT\"},{\"@type\":\"Organization\",\"@id\":\"https:\\\/\\\/www.maisquecuidar.com\\\/loja\\\/#organization\",\"name\":\"Mais Que Cuidar\",\"url\":\"https:\\\/\\\/www.maisquecuidar.com\\\/loja\\\/\",\"logo\":{\"@type\":\"ImageObject\",\"inLanguage\":\"pt-PT\",\"@id\":\"https:\\\/\\\/www.maisquecuidar.com\\\/loja\\\/#\\\/schema\\\/logo\\\/image\\\/\",\"url\":\"https:\\\/\\\/img.maisquecuidar.com\\\/loja\\\/wp-content\\\/uploads\\\/2019\\\/08\\\/logo-mais-que-cuidar-retina.png\",\"contentUrl\":\"https:\\\/\\\/img.maisquecuidar.com\\\/loja\\\/wp-content\\\/uploads\\\/2019\\\/08\\\/logo-mais-que-cuidar-retina.png\",\"width\":565,\"height\":75,\"caption\":\"Mais Que Cuidar\"},\"image\":{\"@id\":\"https:\\\/\\\/www.maisquecuidar.com\\\/loja\\\/#\\\/schema\\\/logo\\\/image\\\/\"},\"sameAs\":[\"https:\\\/\\\/www.facebook.com\\\/maisquecuidar.pt\",\"https:\\\/\\\/www.instagram.com\\\/maisquecuidar\"]}]}<\/script>\n<!-- \/ Yoast SEO plugin. -->","yoast_head_json":{"title":"Poltrona El\u00e9trica Cosy Up Invacare - Mais que Cuidar","description":"Poltrona geri\u00e1trica el\u00e9trica Cosy Up da Invacare que proporciona o melhor conforto e posicionamento. Dispon\u00edvel com 1 ou 2 motores. Confira o pre\u00e7o!","robots":{"index":"index","follow":"follow","max-snippet":"max-snippet:-1","max-image-preview":"max-image-preview:large","max-video-preview":"max-video-preview:-1"},"canonical":"https:\/\/www.maisquecuidar.com\/loja\/quarto-conforto-bem-estar\/poltronas-repouso-relax\/poltrona-eletrica-cosy-up","og_locale":"pt_PT","og_type":"article","og_title":"Poltrona El\u00e9trica Cosy Up Invacare - Mais que Cuidar","og_description":"Poltrona geri\u00e1trica el\u00e9trica Cosy Up da Invacare que proporciona o melhor conforto e posicionamento. Dispon\u00edvel com 1 ou 2 motores. Confira o pre\u00e7o!","og_url":"https:\/\/www.maisquecuidar.com\/loja\/quarto-conforto-bem-estar\/poltronas-repouso-relax\/poltrona-eletrica-cosy-up","og_site_name":"Mais que Cuidar","article_publisher":"https:\/\/www.facebook.com\/maisquecuidar.pt","article_modified_time":"2026-02-27T12:51:32+00:00","og_image":[{"width":1280,"height":800,"url":"https:\/\/img.maisquecuidar.com\/loja\/wp-content\/uploads\/2017\/11\/poltrona-invacare-cosy-up-microfibra-cinza-taupe-2.jpg","type":"image\/jpeg"}],"twitter_misc":{"Tempo estimado de leitura":"4 minutos"},"schema":{"@context":"https:\/\/schema.org","@graph":[{"@type":"WebPage","@id":"https:\/\/www.maisquecuidar.com\/loja\/quarto-conforto-bem-estar\/poltronas-repouso-relax\/poltrona-eletrica-cosy-up","url":"https:\/\/www.maisquecuidar.com\/loja\/quarto-conforto-bem-estar\/poltronas-repouso-relax\/poltrona-eletrica-cosy-up","name":"Poltrona El\u00e9trica Cosy Up Invacare - Mais que Cuidar","isPartOf":{"@id":"https:\/\/www.maisquecuidar.com\/loja\/#website"},"primaryImageOfPage":{"@id":"https:\/\/www.maisquecuidar.com\/loja\/quarto-conforto-bem-estar\/poltronas-repouso-relax\/poltrona-eletrica-cosy-up#primaryimage"},"image":{"@id":"https:\/\/www.maisquecuidar.com\/loja\/quarto-conforto-bem-estar\/poltronas-repouso-relax\/poltrona-eletrica-cosy-up#primaryimage"},"thumbnailUrl":"https:\/\/img.maisquecuidar.com\/loja\/wp-content\/uploads\/2017\/11\/poltrona-invacare-cosy-up-microfibra-cinza-taupe-2.jpg","datePublished":"2017-11-02T12:19:08+00:00","dateModified":"2026-02-27T12:51:32+00:00","description":"Poltrona geri\u00e1trica el\u00e9trica Cosy Up da Invacare que proporciona o melhor conforto e posicionamento. Dispon\u00edvel com 1 ou 2 motores. Confira o pre\u00e7o!","breadcrumb":{"@id":"https:\/\/www.maisquecuidar.com\/loja\/quarto-conforto-bem-estar\/poltronas-repouso-relax\/poltrona-eletrica-cosy-up#breadcrumb"},"inLanguage":"pt-PT","potentialAction":[{"@type":"ReadAction","target":["https:\/\/www.maisquecuidar.com\/loja\/quarto-conforto-bem-estar\/poltronas-repouso-relax\/poltrona-eletrica-cosy-up"]}]},{"@type":"ImageObject","inLanguage":"pt-PT","@id":"https:\/\/www.maisquecuidar.com\/loja\/quarto-conforto-bem-estar\/poltronas-repouso-relax\/poltrona-eletrica-cosy-up#primaryimage","url":"https:\/\/img.maisquecuidar.com\/loja\/wp-content\/uploads\/2017\/11\/poltrona-invacare-cosy-up-microfibra-cinza-taupe-2.jpg","contentUrl":"https:\/\/img.maisquecuidar.com\/loja\/wp-content\/uploads\/2017\/11\/poltrona-invacare-cosy-up-microfibra-cinza-taupe-2.jpg","width":1280,"height":800,"caption":"Poltrona cosy up em microfibra cinza taupe Invacare"},{"@type":"BreadcrumbList","@id":"https:\/\/www.maisquecuidar.com\/loja\/quarto-conforto-bem-estar\/poltronas-repouso-relax\/poltrona-eletrica-cosy-up#breadcrumb","itemListElement":[{"@type":"ListItem","position":1,"name":"Home","item":"https:\/\/www.maisquecuidar.com\/loja\/"},{"@type":"ListItem","position":2,"name":"Loja Online de Ortopedia e Geriatria em Portugal","item":"https:\/\/www.maisquecuidar.com\/loja\/loja"},{"@type":"ListItem","position":3,"name":"Quarto, Conforto e Bem Estar","item":"https:\/\/www.maisquecuidar.com\/loja\/quarto-conforto-bem-estar"},{"@type":"ListItem","position":4,"name":"Cadeir\u00f5es e Poltronas Reclin\u00e1veis | Geri\u00e1tricas","item":"https:\/\/www.maisquecuidar.com\/loja\/quarto-conforto-bem-estar\/poltronas-repouso-relax"},{"@type":"ListItem","position":5,"name":"Poltrona El\u00e9trica Cosy Up Invacare"}]},{"@type":"WebSite","@id":"https:\/\/www.maisquecuidar.com\/loja\/#website","url":"https:\/\/www.maisquecuidar.com\/loja\/","name":"Mais que Cuidar","description":"Sa\u00fade, Ortopedia e Geriatria","publisher":{"@id":"https:\/\/www.maisquecuidar.com\/loja\/#organization"},"potentialAction":[{"@type":"SearchAction","target":{"@type":"EntryPoint","urlTemplate":"https:\/\/www.maisquecuidar.com\/loja\/?s={search_term_string}"},"query-input":{"@type":"PropertyValueSpecification","valueRequired":true,"valueName":"search_term_string"}}],"inLanguage":"pt-PT"},{"@type":"Organization","@id":"https:\/\/www.maisquecuidar.com\/loja\/#organization","name":"Mais Que Cuidar","url":"https:\/\/www.maisquecuidar.com\/loja\/","logo":{"@type":"ImageObject","inLanguage":"pt-PT","@id":"https:\/\/www.maisquecuidar.com\/loja\/#\/schema\/logo\/image\/","url":"https:\/\/img.maisquecuidar.com\/loja\/wp-content\/uploads\/2019\/08\/logo-mais-que-cuidar-retina.png","contentUrl":"https:\/\/img.maisquecuidar.com\/loja\/wp-content\/uploads\/2019\/08\/logo-mais-que-cuidar-retina.png","width":565,"height":75,"caption":"Mais Que Cuidar"},"image":{"@id":"https:\/\/www.maisquecuidar.com\/loja\/#\/schema\/logo\/image\/"},"sameAs":["https:\/\/www.facebook.com\/maisquecuidar.pt","https:\/\/www.instagram.com\/maisquecuidar"]}]}},"_links":{"self":[{"href":"https:\/\/www.maisquecuidar.com\/loja\/wp-json\/wp\/v2\/product\/6540","targetHints":{"allow":["GET"]}}],"collection":[{"href":"https:\/\/www.maisquecuidar.com\/loja\/wp-json\/wp\/v2\/product"}],"about":[{"href":"https:\/\/www.maisquecuidar.com\/loja\/wp-json\/wp\/v2\/types\/product"}],"wp:featuredmedia":[{"embeddable":true,"href":"https:\/\/www.maisquecuidar.com\/loja\/wp-json\/wp\/v2\/media\/14296"}],"wp:attachment":[{"href":"https:\/\/www.maisquecuidar.com\/loja\/wp-json\/wp\/v2\/media?parent=6540"}],"wp:term":[{"taxonomy":"product_brand","embeddable":true,"href":"https:\/\/www.maisquecuidar.com\/loja\/wp-json\/wp\/v2\/product_brand?post=6540"},{"taxonomy":"product_cat","embeddable":true,"href":"https:\/\/www.maisquecuidar.com\/loja\/wp-json\/wp\/v2\/product_cat?post=6540"},{"taxonomy":"product_tag","embeddable":true,"href":"https:\/\/www.maisquecuidar.com\/loja\/wp-json\/wp\/v2\/product_tag?post=6540"}],"curies":[{"name":"wp","href":"https:\/\/api.w.org\/{rel}","templated":true}]}}