{"id":5881,"date":"2017-02-28T16:36:26","date_gmt":"2017-02-28T16:36:26","guid":{"rendered":"https:\/\/www.maisquecuidar.com\/loja\/?post_type=product&#038;p=5881"},"modified":"2025-10-01T18:31:30","modified_gmt":"2025-10-01T17:31:30","slug":"pensos-homem-molimed-men-active","status":"publish","type":"product","link":"https:\/\/www.maisquecuidar.com\/loja\/higiene-casa-banho\/fraldas-resguardos\/pensos-incontinencia\/pensos-homem-molimed-men-active","title":{"rendered":"Penso para Homem Molicare Premium Men Pad 4 gotas"},"content":{"rendered":"<p>O penso para homem Molicare Premium Men Pad 4 gotas \u00e9 fabricado pela marca internacional Hartmann e conta com os mais recentes padr\u00f5es de qualidade do mercado. Especialmente concebido para homens, conta com uma <strong>camada de distribui\u00e7\u00e3o de fluidos Dry Plus<\/strong> com efeito anti-bacteriano e pH neutro, que ajuda a manter a pele seca e saud\u00e1vel diariamente.<\/p>\n<p>Indicado para perdas de urina bem como p\u00f3s-operat\u00f3rio em cirurgias \u00e0 pr\u00f3stata, possui um formato anat\u00f3mico especial para o ajuste perfeito \u00e0 anatomia masculina.<\/p>\n<p>Testado dermatologicamente, garante conforto e seguran\u00e7a nas atividades di\u00e1rias.<\/p>\n<p><strong>Caracter\u00edsticas em destaque<\/strong><\/p>\n<ul>\n<li>Discreto e confort\u00e1vel com tecido suave e respir\u00e1vel o que contribui para uma pele saud\u00e1vel.<\/li>\n<li>Neutraliza o odor.<\/li>\n<li>Ajusta-se \u00e0 roupa interior de forma segura e discreta, gra\u00e7as \u00e0 sua longa fita adesiva.<\/li>\n<li>Devido ao car\u00e1ter antibacteriano, ajuda a manter um valor de pH neutro de pele de 5,5.<\/li>\n<li>Embalagem com 14 pensos.<\/li>\n<\/ul>\n","protected":false},"excerpt":{"rendered":"<p>Penso de incontin\u00eancia para homem com formato anat\u00f3mico e com capacidade de absor\u00e7\u00e3o at\u00e9 560 ml<\/p>\n","protected":false},"featured_media":15788,"template":"","meta":{"_acf_changed":false,"neve_meta_sidebar":"","neve_meta_container":"","neve_meta_enable_content_width":"","neve_meta_content_width":0,"neve_meta_title_alignment":"","neve_meta_author_avatar":"","neve_post_elements_order":"","neve_meta_disable_header":"","neve_meta_disable_footer":"","neve_meta_disable_title":""},"product_brand":[],"product_cat":[506],"product_tag":[521],"class_list":{"0":"post-5881","1":"product","2":"type-product","3":"status-publish","4":"has-post-thumbnail","6":"product_cat-pensos-incontinencia","7":"product_tag-pensos-homem-molimed-active","9":"first","10":"instock","11":"taxable","12":"shipping-taxable","13":"purchasable","14":"product-type-simple"},"acf":[],"yoast_head":"<!-- This site is optimized with the Yoast SEO plugin v27.5 - https:\/\/yoast.com\/product\/yoast-seo-wordpress\/ -->\n<title>Penso para Homem Molicare Premium Men Pad 4 gotas - Mais que Cuidar<\/title>\n<meta name=\"description\" content=\"Conhe\u00e7a o penso para homem Molicare Premium Men Pad 4 gotas indicado para situa\u00e7\u00f5es de incontin\u00eancia e com capacidade de absor\u00e7\u00e3o at\u00e9 560 ml.\" \/>\n<meta name=\"robots\" content=\"index, follow, max-snippet:-1, max-image-preview:large, max-video-preview:-1\" \/>\n<link rel=\"canonical\" href=\"https:\/\/www.maisquecuidar.com\/loja\/higiene-casa-banho\/fraldas-resguardos\/pensos-incontinencia\/pensos-homem-molimed-men-active\" \/>\n<meta property=\"og:locale\" content=\"pt_PT\" \/>\n<meta property=\"og:type\" content=\"article\" \/>\n<meta property=\"og:title\" content=\"Penso para Homem Molicare Premium Men Pad 4 gotas - Mais que Cuidar\" \/>\n<meta property=\"og:description\" content=\"Conhe\u00e7a o penso para homem Molicare Premium Men Pad 4 gotas indicado para situa\u00e7\u00f5es de incontin\u00eancia e com capacidade de absor\u00e7\u00e3o at\u00e9 560 ml.\" \/>\n<meta property=\"og:url\" content=\"https:\/\/www.maisquecuidar.com\/loja\/higiene-casa-banho\/fraldas-resguardos\/pensos-incontinencia\/pensos-homem-molimed-men-active\" \/>\n<meta property=\"og:site_name\" content=\"Mais que Cuidar\" \/>\n<meta property=\"article:publisher\" content=\"https:\/\/www.facebook.com\/maisquecuidar.pt\" \/>\n<meta property=\"article:modified_time\" content=\"2025-10-01T17:31:30+00:00\" \/>\n<meta property=\"og:image\" content=\"https:\/\/img.maisquecuidar.com\/loja\/wp-content\/uploads\/2017\/02\/molicare-premium-men-pad-4-gotas.png\" \/>\n\t<meta property=\"og:image:width\" content=\"1280\" \/>\n\t<meta property=\"og:image:height\" content=\"800\" \/>\n\t<meta property=\"og:image:type\" content=\"image\/png\" \/>\n<meta name=\"twitter:label1\" content=\"Tempo estimado de leitura\" \/>\n\t<meta name=\"twitter:data1\" content=\"1 minuto\" \/>\n<script type=\"application\/ld+json\" class=\"yoast-schema-graph\">{\"@context\":\"https:\\\/\\\/schema.org\",\"@graph\":[{\"@type\":\"WebPage\",\"@id\":\"https:\\\/\\\/www.maisquecuidar.com\\\/loja\\\/higiene-casa-banho\\\/fraldas-resguardos\\\/pensos-incontinencia\\\/pensos-homem-molimed-men-active\",\"url\":\"https:\\\/\\\/www.maisquecuidar.com\\\/loja\\\/higiene-casa-banho\\\/fraldas-resguardos\\\/pensos-incontinencia\\\/pensos-homem-molimed-men-active\",\"name\":\"Penso para Homem Molicare Premium Men Pad 4 gotas - Mais que Cuidar\",\"isPartOf\":{\"@id\":\"https:\\\/\\\/www.maisquecuidar.com\\\/loja\\\/#website\"},\"primaryImageOfPage\":{\"@id\":\"https:\\\/\\\/www.maisquecuidar.com\\\/loja\\\/higiene-casa-banho\\\/fraldas-resguardos\\\/pensos-incontinencia\\\/pensos-homem-molimed-men-active#primaryimage\"},\"image\":{\"@id\":\"https:\\\/\\\/www.maisquecuidar.com\\\/loja\\\/higiene-casa-banho\\\/fraldas-resguardos\\\/pensos-incontinencia\\\/pensos-homem-molimed-men-active#primaryimage\"},\"thumbnailUrl\":\"https:\\\/\\\/img.maisquecuidar.com\\\/loja\\\/wp-content\\\/uploads\\\/2017\\\/02\\\/molicare-premium-men-pad-4-gotas.png\",\"datePublished\":\"2017-02-28T16:36:26+00:00\",\"dateModified\":\"2025-10-01T17:31:30+00:00\",\"description\":\"Conhe\u00e7a o penso para homem Molicare Premium Men Pad 4 gotas indicado para situa\u00e7\u00f5es de incontin\u00eancia e com capacidade de absor\u00e7\u00e3o at\u00e9 560 ml.\",\"breadcrumb\":{\"@id\":\"https:\\\/\\\/www.maisquecuidar.com\\\/loja\\\/higiene-casa-banho\\\/fraldas-resguardos\\\/pensos-incontinencia\\\/pensos-homem-molimed-men-active#breadcrumb\"},\"inLanguage\":\"pt-PT\",\"potentialAction\":[{\"@type\":\"ReadAction\",\"target\":[\"https:\\\/\\\/www.maisquecuidar.com\\\/loja\\\/higiene-casa-banho\\\/fraldas-resguardos\\\/pensos-incontinencia\\\/pensos-homem-molimed-men-active\"]}]},{\"@type\":\"ImageObject\",\"inLanguage\":\"pt-PT\",\"@id\":\"https:\\\/\\\/www.maisquecuidar.com\\\/loja\\\/higiene-casa-banho\\\/fraldas-resguardos\\\/pensos-incontinencia\\\/pensos-homem-molimed-men-active#primaryimage\",\"url\":\"https:\\\/\\\/img.maisquecuidar.com\\\/loja\\\/wp-content\\\/uploads\\\/2017\\\/02\\\/molicare-premium-men-pad-4-gotas.png\",\"contentUrl\":\"https:\\\/\\\/img.maisquecuidar.com\\\/loja\\\/wp-content\\\/uploads\\\/2017\\\/02\\\/molicare-premium-men-pad-4-gotas.png\",\"width\":1280,\"height\":800,\"caption\":\"Penso para homem Molicare Premium Men Pad 4 gotas da Hartmann\"},{\"@type\":\"BreadcrumbList\",\"@id\":\"https:\\\/\\\/www.maisquecuidar.com\\\/loja\\\/higiene-casa-banho\\\/fraldas-resguardos\\\/pensos-incontinencia\\\/pensos-homem-molimed-men-active#breadcrumb\",\"itemListElement\":[{\"@type\":\"ListItem\",\"position\":1,\"name\":\"Home\",\"item\":\"https:\\\/\\\/www.maisquecuidar.com\\\/loja\\\/\"},{\"@type\":\"ListItem\",\"position\":2,\"name\":\"Loja Online de Ortopedia e Geriatria em Portugal\",\"item\":\"https:\\\/\\\/www.maisquecuidar.com\\\/loja\\\/loja\"},{\"@type\":\"ListItem\",\"position\":3,\"name\":\"Higiene e Casa de Banho\",\"item\":\"https:\\\/\\\/www.maisquecuidar.com\\\/loja\\\/higiene-casa-banho\"},{\"@type\":\"ListItem\",\"position\":4,\"name\":\"Produtos para Incontin\u00eancia\",\"item\":\"https:\\\/\\\/www.maisquecuidar.com\\\/loja\\\/higiene-casa-banho\\\/fraldas-resguardos\"},{\"@type\":\"ListItem\",\"position\":5,\"name\":\"Pensos para Incontin\u00eancia\",\"item\":\"https:\\\/\\\/www.maisquecuidar.com\\\/loja\\\/higiene-casa-banho\\\/fraldas-resguardos\\\/pensos-incontinencia\"},{\"@type\":\"ListItem\",\"position\":6,\"name\":\"Penso para Homem Molicare Premium Men Pad 4 gotas\"}]},{\"@type\":\"WebSite\",\"@id\":\"https:\\\/\\\/www.maisquecuidar.com\\\/loja\\\/#website\",\"url\":\"https:\\\/\\\/www.maisquecuidar.com\\\/loja\\\/\",\"name\":\"Mais que Cuidar\",\"description\":\"Sa\u00fade, Ortopedia e Geriatria\",\"publisher\":{\"@id\":\"https:\\\/\\\/www.maisquecuidar.com\\\/loja\\\/#organization\"},\"potentialAction\":[{\"@type\":\"SearchAction\",\"target\":{\"@type\":\"EntryPoint\",\"urlTemplate\":\"https:\\\/\\\/www.maisquecuidar.com\\\/loja\\\/?s={search_term_string}\"},\"query-input\":{\"@type\":\"PropertyValueSpecification\",\"valueRequired\":true,\"valueName\":\"search_term_string\"}}],\"inLanguage\":\"pt-PT\"},{\"@type\":\"Organization\",\"@id\":\"https:\\\/\\\/www.maisquecuidar.com\\\/loja\\\/#organization\",\"name\":\"Mais Que Cuidar\",\"url\":\"https:\\\/\\\/www.maisquecuidar.com\\\/loja\\\/\",\"logo\":{\"@type\":\"ImageObject\",\"inLanguage\":\"pt-PT\",\"@id\":\"https:\\\/\\\/www.maisquecuidar.com\\\/loja\\\/#\\\/schema\\\/logo\\\/image\\\/\",\"url\":\"https:\\\/\\\/img.maisquecuidar.com\\\/loja\\\/wp-content\\\/uploads\\\/2019\\\/08\\\/logo-mais-que-cuidar-retina.png\",\"contentUrl\":\"https:\\\/\\\/img.maisquecuidar.com\\\/loja\\\/wp-content\\\/uploads\\\/2019\\\/08\\\/logo-mais-que-cuidar-retina.png\",\"width\":565,\"height\":75,\"caption\":\"Mais Que Cuidar\"},\"image\":{\"@id\":\"https:\\\/\\\/www.maisquecuidar.com\\\/loja\\\/#\\\/schema\\\/logo\\\/image\\\/\"},\"sameAs\":[\"https:\\\/\\\/www.facebook.com\\\/maisquecuidar.pt\",\"https:\\\/\\\/www.instagram.com\\\/maisquecuidar\"]}]}<\/script>\n<!-- \/ Yoast SEO plugin. -->","yoast_head_json":{"title":"Penso para Homem Molicare Premium Men Pad 4 gotas - Mais que Cuidar","description":"Conhe\u00e7a o penso para homem Molicare Premium Men Pad 4 gotas indicado para situa\u00e7\u00f5es de incontin\u00eancia e com capacidade de absor\u00e7\u00e3o at\u00e9 560 ml.","robots":{"index":"index","follow":"follow","max-snippet":"max-snippet:-1","max-image-preview":"max-image-preview:large","max-video-preview":"max-video-preview:-1"},"canonical":"https:\/\/www.maisquecuidar.com\/loja\/higiene-casa-banho\/fraldas-resguardos\/pensos-incontinencia\/pensos-homem-molimed-men-active","og_locale":"pt_PT","og_type":"article","og_title":"Penso para Homem Molicare Premium Men Pad 4 gotas - Mais que Cuidar","og_description":"Conhe\u00e7a o penso para homem Molicare Premium Men Pad 4 gotas indicado para situa\u00e7\u00f5es de incontin\u00eancia e com capacidade de absor\u00e7\u00e3o at\u00e9 560 ml.","og_url":"https:\/\/www.maisquecuidar.com\/loja\/higiene-casa-banho\/fraldas-resguardos\/pensos-incontinencia\/pensos-homem-molimed-men-active","og_site_name":"Mais que Cuidar","article_publisher":"https:\/\/www.facebook.com\/maisquecuidar.pt","article_modified_time":"2025-10-01T17:31:30+00:00","og_image":[{"width":1280,"height":800,"url":"https:\/\/img.maisquecuidar.com\/loja\/wp-content\/uploads\/2017\/02\/molicare-premium-men-pad-4-gotas.png","type":"image\/png"}],"twitter_misc":{"Tempo estimado de leitura":"1 minuto"},"schema":{"@context":"https:\/\/schema.org","@graph":[{"@type":"WebPage","@id":"https:\/\/www.maisquecuidar.com\/loja\/higiene-casa-banho\/fraldas-resguardos\/pensos-incontinencia\/pensos-homem-molimed-men-active","url":"https:\/\/www.maisquecuidar.com\/loja\/higiene-casa-banho\/fraldas-resguardos\/pensos-incontinencia\/pensos-homem-molimed-men-active","name":"Penso para Homem Molicare Premium Men Pad 4 gotas - Mais que Cuidar","isPartOf":{"@id":"https:\/\/www.maisquecuidar.com\/loja\/#website"},"primaryImageOfPage":{"@id":"https:\/\/www.maisquecuidar.com\/loja\/higiene-casa-banho\/fraldas-resguardos\/pensos-incontinencia\/pensos-homem-molimed-men-active#primaryimage"},"image":{"@id":"https:\/\/www.maisquecuidar.com\/loja\/higiene-casa-banho\/fraldas-resguardos\/pensos-incontinencia\/pensos-homem-molimed-men-active#primaryimage"},"thumbnailUrl":"https:\/\/img.maisquecuidar.com\/loja\/wp-content\/uploads\/2017\/02\/molicare-premium-men-pad-4-gotas.png","datePublished":"2017-02-28T16:36:26+00:00","dateModified":"2025-10-01T17:31:30+00:00","description":"Conhe\u00e7a o penso para homem Molicare Premium Men Pad 4 gotas indicado para situa\u00e7\u00f5es de incontin\u00eancia e com capacidade de absor\u00e7\u00e3o at\u00e9 560 ml.","breadcrumb":{"@id":"https:\/\/www.maisquecuidar.com\/loja\/higiene-casa-banho\/fraldas-resguardos\/pensos-incontinencia\/pensos-homem-molimed-men-active#breadcrumb"},"inLanguage":"pt-PT","potentialAction":[{"@type":"ReadAction","target":["https:\/\/www.maisquecuidar.com\/loja\/higiene-casa-banho\/fraldas-resguardos\/pensos-incontinencia\/pensos-homem-molimed-men-active"]}]},{"@type":"ImageObject","inLanguage":"pt-PT","@id":"https:\/\/www.maisquecuidar.com\/loja\/higiene-casa-banho\/fraldas-resguardos\/pensos-incontinencia\/pensos-homem-molimed-men-active#primaryimage","url":"https:\/\/img.maisquecuidar.com\/loja\/wp-content\/uploads\/2017\/02\/molicare-premium-men-pad-4-gotas.png","contentUrl":"https:\/\/img.maisquecuidar.com\/loja\/wp-content\/uploads\/2017\/02\/molicare-premium-men-pad-4-gotas.png","width":1280,"height":800,"caption":"Penso para homem Molicare Premium Men Pad 4 gotas da Hartmann"},{"@type":"BreadcrumbList","@id":"https:\/\/www.maisquecuidar.com\/loja\/higiene-casa-banho\/fraldas-resguardos\/pensos-incontinencia\/pensos-homem-molimed-men-active#breadcrumb","itemListElement":[{"@type":"ListItem","position":1,"name":"Home","item":"https:\/\/www.maisquecuidar.com\/loja\/"},{"@type":"ListItem","position":2,"name":"Loja Online de Ortopedia e Geriatria em Portugal","item":"https:\/\/www.maisquecuidar.com\/loja\/loja"},{"@type":"ListItem","position":3,"name":"Higiene e Casa de Banho","item":"https:\/\/www.maisquecuidar.com\/loja\/higiene-casa-banho"},{"@type":"ListItem","position":4,"name":"Produtos para Incontin\u00eancia","item":"https:\/\/www.maisquecuidar.com\/loja\/higiene-casa-banho\/fraldas-resguardos"},{"@type":"ListItem","position":5,"name":"Pensos para Incontin\u00eancia","item":"https:\/\/www.maisquecuidar.com\/loja\/higiene-casa-banho\/fraldas-resguardos\/pensos-incontinencia"},{"@type":"ListItem","position":6,"name":"Penso para Homem Molicare Premium Men Pad 4 gotas"}]},{"@type":"WebSite","@id":"https:\/\/www.maisquecuidar.com\/loja\/#website","url":"https:\/\/www.maisquecuidar.com\/loja\/","name":"Mais que Cuidar","description":"Sa\u00fade, Ortopedia e Geriatria","publisher":{"@id":"https:\/\/www.maisquecuidar.com\/loja\/#organization"},"potentialAction":[{"@type":"SearchAction","target":{"@type":"EntryPoint","urlTemplate":"https:\/\/www.maisquecuidar.com\/loja\/?s={search_term_string}"},"query-input":{"@type":"PropertyValueSpecification","valueRequired":true,"valueName":"search_term_string"}}],"inLanguage":"pt-PT"},{"@type":"Organization","@id":"https:\/\/www.maisquecuidar.com\/loja\/#organization","name":"Mais Que Cuidar","url":"https:\/\/www.maisquecuidar.com\/loja\/","logo":{"@type":"ImageObject","inLanguage":"pt-PT","@id":"https:\/\/www.maisquecuidar.com\/loja\/#\/schema\/logo\/image\/","url":"https:\/\/img.maisquecuidar.com\/loja\/wp-content\/uploads\/2019\/08\/logo-mais-que-cuidar-retina.png","contentUrl":"https:\/\/img.maisquecuidar.com\/loja\/wp-content\/uploads\/2019\/08\/logo-mais-que-cuidar-retina.png","width":565,"height":75,"caption":"Mais Que Cuidar"},"image":{"@id":"https:\/\/www.maisquecuidar.com\/loja\/#\/schema\/logo\/image\/"},"sameAs":["https:\/\/www.facebook.com\/maisquecuidar.pt","https:\/\/www.instagram.com\/maisquecuidar"]}]}},"_links":{"self":[{"href":"https:\/\/www.maisquecuidar.com\/loja\/wp-json\/wp\/v2\/product\/5881","targetHints":{"allow":["GET"]}}],"collection":[{"href":"https:\/\/www.maisquecuidar.com\/loja\/wp-json\/wp\/v2\/product"}],"about":[{"href":"https:\/\/www.maisquecuidar.com\/loja\/wp-json\/wp\/v2\/types\/product"}],"wp:featuredmedia":[{"embeddable":true,"href":"https:\/\/www.maisquecuidar.com\/loja\/wp-json\/wp\/v2\/media\/15788"}],"wp:attachment":[{"href":"https:\/\/www.maisquecuidar.com\/loja\/wp-json\/wp\/v2\/media?parent=5881"}],"wp:term":[{"taxonomy":"product_brand","embeddable":true,"href":"https:\/\/www.maisquecuidar.com\/loja\/wp-json\/wp\/v2\/product_brand?post=5881"},{"taxonomy":"product_cat","embeddable":true,"href":"https:\/\/www.maisquecuidar.com\/loja\/wp-json\/wp\/v2\/product_cat?post=5881"},{"taxonomy":"product_tag","embeddable":true,"href":"https:\/\/www.maisquecuidar.com\/loja\/wp-json\/wp\/v2\/product_tag?post=5881"}],"curies":[{"name":"wp","href":"https:\/\/api.w.org\/{rel}","templated":true}]}}