{"id":5865,"date":"2017-02-27T17:44:53","date_gmt":"2017-02-27T17:44:53","guid":{"rendered":"https:\/\/www.maisquecuidar.com\/loja\/?post_type=product&#038;p=5865"},"modified":"2025-10-01T18:33:19","modified_gmt":"2025-10-01T17:33:19","slug":"activon-tube-bisnaga","status":"publish","type":"product","link":"https:\/\/www.maisquecuidar.com\/loja\/produtos-saude\/curativos-tratamentos-feridas\/activon-tube-bisnaga","title":{"rendered":"Activon Tube Bisnaga de Mel de Manuka (25g)"},"content":{"rendered":"<p><strong>Activon Tube Bisnaga de Mel de Manuka<\/strong><\/p>\n<p>O mel de Manuka Activon\u00ae \u00e9 um mel puro de Manuka sem aditivos. O mel proveniente da planta Manuka tem demonstrado possuir propriedades antibacterianas \u00fanicas, n\u00e3o encontradas em nenhum outro mel, sendo eficaz contra um elevado n\u00famero de bact\u00e9rias invasoras das feridas como por exemplo Staphylococus aureus e Pseudomonas aeruginosa.<\/p>\n<p><strong>Activon Tube\u00ae foi concebido para:<\/strong><\/p>\n<ul>\n<li>Proteger a ferida<\/li>\n<li>Criar um ambiente h\u00famido<\/li>\n<li>Proporcionar o desbridamento de tecido necr\u00f3tico<\/li>\n<li>Promover a cicatriza\u00e7\u00e3o<\/li>\n<li>Reduzir ou mesmo eliminar de forma eficaz, o mau odor pr\u00f3prio de algumas feridas<\/li>\n<\/ul>\n<h2>Recomenda\u00e7\u00f5es de Utiliza\u00e7\u00e3o<\/h2>\n<p>Antes de utilizar o Activon Tube\u00ae mantenha o tubo \u00e0 temperatura ambiente durante algum tempo.<\/p>\n<p>Devido \u00e0 natureza do mel, este pode solidificar a temperaturas mais baixas.<\/p>\n<p>Se o mel Activon Tube\u00ae endurecer, aquecer o tubo entre as m\u00e3os durante alguns minutos.<\/p>\n<p>Para abrir o tubo rode a tampa at\u00e9 quebrar.<\/p>\n<p>Aplique o mel do Activon Tube\u00ae generosamente no leito da ferida com uma altura m\u00ednima de 5 mm e cubra com um penso secund\u00e1rio apropriado.<\/p>\n<p>Activon Tube\u00ae pode tamb\u00e9m servir para impregnar material de penso como sejam gaze, tecido n\u00e3o tecido, alginato, espuma de poliuretano, hidrofibras, etc.<\/p>\n<p><strong>Activon Tube\u00ae \u00e9 um produto de uso \u00fanico, a ser utilizado apenas num paciente<\/strong>. Uma vez aberto o tubo este deve ser utilizado imediatamente ou nos 4 dias seguintes.<\/p>\n<p>Para desbridamento e descama\u00e7\u00e3o de feridas aconselhamos o uso de Activon Tube\u00ae conjuntamente com Algivon\u00ae.<\/p>\n<p>Dependendo de v\u00e1rios fatores, tais como os n\u00edveis de exsudado da ferida, o fluido intersticial circundante e o edema, o penso pode necessitar de ser substitu\u00eddo diariamente ou pode permanecer na ferida at\u00e9 7 dias.<\/p>\n<p>Quando utilizado em feridas cavit\u00e1rias, o mel pode ser lavado com solu\u00e7\u00e3o salina est\u00e9ril a 0,9%.<\/p>\n","protected":false},"excerpt":{"rendered":"<p>Bisnaga com mel de Manuka Activon de grau m\u00e9dico, com propriedades antibacterianas e anti-aderentes no tratamento de feridas<\/p>\n","protected":false},"featured_media":14921,"template":"","meta":{"_acf_changed":false,"neve_meta_sidebar":"","neve_meta_container":"","neve_meta_enable_content_width":"","neve_meta_content_width":0,"neve_meta_title_alignment":"","neve_meta_author_avatar":"","neve_post_elements_order":"","neve_meta_disable_header":"","neve_meta_disable_footer":"","neve_meta_disable_title":""},"product_brand":[],"product_cat":[479,465],"product_tag":[518],"class_list":{"0":"post-5865","1":"product","2":"type-product","3":"status-publish","4":"has-post-thumbnail","6":"product_cat-curativos-tratamentos-feridas","7":"product_cat-material-clinico","8":"product_tag-activon-tube","10":"first","11":"onbackorder","12":"taxable","13":"shipping-taxable","14":"purchasable","15":"product-type-simple"},"acf":[],"yoast_head":"<!-- This site is optimized with the Yoast SEO plugin v27.3 - https:\/\/yoast.com\/product\/yoast-seo-wordpress\/ -->\n<title>Activon Tube Bisnaga de Mel de Manuka (25g) - Mais que Cuidar<\/title>\n<meta name=\"description\" content=\"Conhe\u00e7a o Activon Tube, uma bisnaga de mel de Manuka (25 gramas) que pode ser usado no tratamento antibacteriano e anti-aderente de feridas.\" \/>\n<meta name=\"robots\" content=\"index, follow, max-snippet:-1, max-image-preview:large, max-video-preview:-1\" \/>\n<link rel=\"canonical\" href=\"https:\/\/www.maisquecuidar.com\/loja\/produtos-saude\/curativos-tratamentos-feridas\/activon-tube-bisnaga\" \/>\n<meta property=\"og:locale\" content=\"pt_PT\" \/>\n<meta property=\"og:type\" content=\"article\" \/>\n<meta property=\"og:title\" content=\"Activon Tube Bisnaga de Mel de Manuka (25g) - Mais que Cuidar\" \/>\n<meta property=\"og:description\" content=\"Conhe\u00e7a o Activon Tube, uma bisnaga de mel de Manuka (25 gramas) que pode ser usado no tratamento antibacteriano e anti-aderente de feridas.\" \/>\n<meta property=\"og:url\" content=\"https:\/\/www.maisquecuidar.com\/loja\/produtos-saude\/curativos-tratamentos-feridas\/activon-tube-bisnaga\" \/>\n<meta property=\"og:site_name\" content=\"Mais que Cuidar\" \/>\n<meta property=\"article:publisher\" content=\"https:\/\/www.facebook.com\/maisquecuidar.pt\" \/>\n<meta property=\"article:modified_time\" content=\"2025-10-01T17:33:19+00:00\" \/>\n<meta property=\"og:image\" content=\"https:\/\/img.maisquecuidar.com\/loja\/wp-content\/uploads\/2017\/02\/activon-tube-bisnaga-mel-manuka.png\" \/>\n\t<meta property=\"og:image:width\" content=\"1280\" \/>\n\t<meta property=\"og:image:height\" content=\"800\" \/>\n\t<meta property=\"og:image:type\" content=\"image\/png\" \/>\n<meta name=\"twitter:label1\" content=\"Tempo estimado de leitura\" \/>\n\t<meta name=\"twitter:data1\" content=\"2 minutos\" \/>\n<script type=\"application\/ld+json\" class=\"yoast-schema-graph\">{\"@context\":\"https:\\\/\\\/schema.org\",\"@graph\":[{\"@type\":\"WebPage\",\"@id\":\"https:\\\/\\\/www.maisquecuidar.com\\\/loja\\\/produtos-saude\\\/curativos-tratamentos-feridas\\\/activon-tube-bisnaga\",\"url\":\"https:\\\/\\\/www.maisquecuidar.com\\\/loja\\\/produtos-saude\\\/curativos-tratamentos-feridas\\\/activon-tube-bisnaga\",\"name\":\"Activon Tube Bisnaga de Mel de Manuka (25g) - Mais que Cuidar\",\"isPartOf\":{\"@id\":\"https:\\\/\\\/www.maisquecuidar.com\\\/loja\\\/#website\"},\"primaryImageOfPage\":{\"@id\":\"https:\\\/\\\/www.maisquecuidar.com\\\/loja\\\/produtos-saude\\\/curativos-tratamentos-feridas\\\/activon-tube-bisnaga#primaryimage\"},\"image\":{\"@id\":\"https:\\\/\\\/www.maisquecuidar.com\\\/loja\\\/produtos-saude\\\/curativos-tratamentos-feridas\\\/activon-tube-bisnaga#primaryimage\"},\"thumbnailUrl\":\"https:\\\/\\\/img.maisquecuidar.com\\\/loja\\\/wp-content\\\/uploads\\\/2017\\\/02\\\/activon-tube-bisnaga-mel-manuka.png\",\"datePublished\":\"2017-02-27T17:44:53+00:00\",\"dateModified\":\"2025-10-01T17:33:19+00:00\",\"description\":\"Conhe\u00e7a o Activon Tube, uma bisnaga de mel de Manuka (25 gramas) que pode ser usado no tratamento antibacteriano e anti-aderente de feridas.\",\"breadcrumb\":{\"@id\":\"https:\\\/\\\/www.maisquecuidar.com\\\/loja\\\/produtos-saude\\\/curativos-tratamentos-feridas\\\/activon-tube-bisnaga#breadcrumb\"},\"inLanguage\":\"pt-PT\",\"potentialAction\":[{\"@type\":\"ReadAction\",\"target\":[\"https:\\\/\\\/www.maisquecuidar.com\\\/loja\\\/produtos-saude\\\/curativos-tratamentos-feridas\\\/activon-tube-bisnaga\"]}]},{\"@type\":\"ImageObject\",\"inLanguage\":\"pt-PT\",\"@id\":\"https:\\\/\\\/www.maisquecuidar.com\\\/loja\\\/produtos-saude\\\/curativos-tratamentos-feridas\\\/activon-tube-bisnaga#primaryimage\",\"url\":\"https:\\\/\\\/img.maisquecuidar.com\\\/loja\\\/wp-content\\\/uploads\\\/2017\\\/02\\\/activon-tube-bisnaga-mel-manuka.png\",\"contentUrl\":\"https:\\\/\\\/img.maisquecuidar.com\\\/loja\\\/wp-content\\\/uploads\\\/2017\\\/02\\\/activon-tube-bisnaga-mel-manuka.png\",\"width\":1280,\"height\":800,\"caption\":\"Activon tube bisnaga de mel de manuka 25 gramas\"},{\"@type\":\"BreadcrumbList\",\"@id\":\"https:\\\/\\\/www.maisquecuidar.com\\\/loja\\\/produtos-saude\\\/curativos-tratamentos-feridas\\\/activon-tube-bisnaga#breadcrumb\",\"itemListElement\":[{\"@type\":\"ListItem\",\"position\":1,\"name\":\"Home\",\"item\":\"https:\\\/\\\/www.maisquecuidar.com\\\/loja\\\/\"},{\"@type\":\"ListItem\",\"position\":2,\"name\":\"Loja Online de Ortopedia e Geriatria em Portugal\",\"item\":\"https:\\\/\\\/www.maisquecuidar.com\\\/loja\\\/loja\"},{\"@type\":\"ListItem\",\"position\":3,\"name\":\"Produtos de Sa\u00fade\",\"item\":\"https:\\\/\\\/www.maisquecuidar.com\\\/loja\\\/produtos-saude\"},{\"@type\":\"ListItem\",\"position\":4,\"name\":\"Curativos para Tratamento de Feridas\",\"item\":\"https:\\\/\\\/www.maisquecuidar.com\\\/loja\\\/produtos-saude\\\/curativos-tratamentos-feridas\"},{\"@type\":\"ListItem\",\"position\":5,\"name\":\"Activon Tube Bisnaga de Mel de Manuka (25g)\"}]},{\"@type\":\"WebSite\",\"@id\":\"https:\\\/\\\/www.maisquecuidar.com\\\/loja\\\/#website\",\"url\":\"https:\\\/\\\/www.maisquecuidar.com\\\/loja\\\/\",\"name\":\"Mais que Cuidar\",\"description\":\"Sa\u00fade, Ortopedia e Geriatria\",\"publisher\":{\"@id\":\"https:\\\/\\\/www.maisquecuidar.com\\\/loja\\\/#organization\"},\"potentialAction\":[{\"@type\":\"SearchAction\",\"target\":{\"@type\":\"EntryPoint\",\"urlTemplate\":\"https:\\\/\\\/www.maisquecuidar.com\\\/loja\\\/?s={search_term_string}\"},\"query-input\":{\"@type\":\"PropertyValueSpecification\",\"valueRequired\":true,\"valueName\":\"search_term_string\"}}],\"inLanguage\":\"pt-PT\"},{\"@type\":\"Organization\",\"@id\":\"https:\\\/\\\/www.maisquecuidar.com\\\/loja\\\/#organization\",\"name\":\"Mais Que Cuidar\",\"url\":\"https:\\\/\\\/www.maisquecuidar.com\\\/loja\\\/\",\"logo\":{\"@type\":\"ImageObject\",\"inLanguage\":\"pt-PT\",\"@id\":\"https:\\\/\\\/www.maisquecuidar.com\\\/loja\\\/#\\\/schema\\\/logo\\\/image\\\/\",\"url\":\"https:\\\/\\\/img.maisquecuidar.com\\\/loja\\\/wp-content\\\/uploads\\\/2019\\\/08\\\/logo-mais-que-cuidar-retina.png\",\"contentUrl\":\"https:\\\/\\\/img.maisquecuidar.com\\\/loja\\\/wp-content\\\/uploads\\\/2019\\\/08\\\/logo-mais-que-cuidar-retina.png\",\"width\":565,\"height\":75,\"caption\":\"Mais Que Cuidar\"},\"image\":{\"@id\":\"https:\\\/\\\/www.maisquecuidar.com\\\/loja\\\/#\\\/schema\\\/logo\\\/image\\\/\"},\"sameAs\":[\"https:\\\/\\\/www.facebook.com\\\/maisquecuidar.pt\",\"https:\\\/\\\/www.instagram.com\\\/maisquecuidar\"]}]}<\/script>\n<!-- \/ Yoast SEO plugin. -->","yoast_head_json":{"title":"Activon Tube Bisnaga de Mel de Manuka (25g) - Mais que Cuidar","description":"Conhe\u00e7a o Activon Tube, uma bisnaga de mel de Manuka (25 gramas) que pode ser usado no tratamento antibacteriano e anti-aderente de feridas.","robots":{"index":"index","follow":"follow","max-snippet":"max-snippet:-1","max-image-preview":"max-image-preview:large","max-video-preview":"max-video-preview:-1"},"canonical":"https:\/\/www.maisquecuidar.com\/loja\/produtos-saude\/curativos-tratamentos-feridas\/activon-tube-bisnaga","og_locale":"pt_PT","og_type":"article","og_title":"Activon Tube Bisnaga de Mel de Manuka (25g) - Mais que Cuidar","og_description":"Conhe\u00e7a o Activon Tube, uma bisnaga de mel de Manuka (25 gramas) que pode ser usado no tratamento antibacteriano e anti-aderente de feridas.","og_url":"https:\/\/www.maisquecuidar.com\/loja\/produtos-saude\/curativos-tratamentos-feridas\/activon-tube-bisnaga","og_site_name":"Mais que Cuidar","article_publisher":"https:\/\/www.facebook.com\/maisquecuidar.pt","article_modified_time":"2025-10-01T17:33:19+00:00","og_image":[{"width":1280,"height":800,"url":"https:\/\/img.maisquecuidar.com\/loja\/wp-content\/uploads\/2017\/02\/activon-tube-bisnaga-mel-manuka.png","type":"image\/png"}],"twitter_misc":{"Tempo estimado de leitura":"2 minutos"},"schema":{"@context":"https:\/\/schema.org","@graph":[{"@type":"WebPage","@id":"https:\/\/www.maisquecuidar.com\/loja\/produtos-saude\/curativos-tratamentos-feridas\/activon-tube-bisnaga","url":"https:\/\/www.maisquecuidar.com\/loja\/produtos-saude\/curativos-tratamentos-feridas\/activon-tube-bisnaga","name":"Activon Tube Bisnaga de Mel de Manuka (25g) - Mais que Cuidar","isPartOf":{"@id":"https:\/\/www.maisquecuidar.com\/loja\/#website"},"primaryImageOfPage":{"@id":"https:\/\/www.maisquecuidar.com\/loja\/produtos-saude\/curativos-tratamentos-feridas\/activon-tube-bisnaga#primaryimage"},"image":{"@id":"https:\/\/www.maisquecuidar.com\/loja\/produtos-saude\/curativos-tratamentos-feridas\/activon-tube-bisnaga#primaryimage"},"thumbnailUrl":"https:\/\/img.maisquecuidar.com\/loja\/wp-content\/uploads\/2017\/02\/activon-tube-bisnaga-mel-manuka.png","datePublished":"2017-02-27T17:44:53+00:00","dateModified":"2025-10-01T17:33:19+00:00","description":"Conhe\u00e7a o Activon Tube, uma bisnaga de mel de Manuka (25 gramas) que pode ser usado no tratamento antibacteriano e anti-aderente de feridas.","breadcrumb":{"@id":"https:\/\/www.maisquecuidar.com\/loja\/produtos-saude\/curativos-tratamentos-feridas\/activon-tube-bisnaga#breadcrumb"},"inLanguage":"pt-PT","potentialAction":[{"@type":"ReadAction","target":["https:\/\/www.maisquecuidar.com\/loja\/produtos-saude\/curativos-tratamentos-feridas\/activon-tube-bisnaga"]}]},{"@type":"ImageObject","inLanguage":"pt-PT","@id":"https:\/\/www.maisquecuidar.com\/loja\/produtos-saude\/curativos-tratamentos-feridas\/activon-tube-bisnaga#primaryimage","url":"https:\/\/img.maisquecuidar.com\/loja\/wp-content\/uploads\/2017\/02\/activon-tube-bisnaga-mel-manuka.png","contentUrl":"https:\/\/img.maisquecuidar.com\/loja\/wp-content\/uploads\/2017\/02\/activon-tube-bisnaga-mel-manuka.png","width":1280,"height":800,"caption":"Activon tube bisnaga de mel de manuka 25 gramas"},{"@type":"BreadcrumbList","@id":"https:\/\/www.maisquecuidar.com\/loja\/produtos-saude\/curativos-tratamentos-feridas\/activon-tube-bisnaga#breadcrumb","itemListElement":[{"@type":"ListItem","position":1,"name":"Home","item":"https:\/\/www.maisquecuidar.com\/loja\/"},{"@type":"ListItem","position":2,"name":"Loja Online de Ortopedia e Geriatria em Portugal","item":"https:\/\/www.maisquecuidar.com\/loja\/loja"},{"@type":"ListItem","position":3,"name":"Produtos de Sa\u00fade","item":"https:\/\/www.maisquecuidar.com\/loja\/produtos-saude"},{"@type":"ListItem","position":4,"name":"Curativos para Tratamento de Feridas","item":"https:\/\/www.maisquecuidar.com\/loja\/produtos-saude\/curativos-tratamentos-feridas"},{"@type":"ListItem","position":5,"name":"Activon Tube Bisnaga de Mel de Manuka (25g)"}]},{"@type":"WebSite","@id":"https:\/\/www.maisquecuidar.com\/loja\/#website","url":"https:\/\/www.maisquecuidar.com\/loja\/","name":"Mais que Cuidar","description":"Sa\u00fade, Ortopedia e Geriatria","publisher":{"@id":"https:\/\/www.maisquecuidar.com\/loja\/#organization"},"potentialAction":[{"@type":"SearchAction","target":{"@type":"EntryPoint","urlTemplate":"https:\/\/www.maisquecuidar.com\/loja\/?s={search_term_string}"},"query-input":{"@type":"PropertyValueSpecification","valueRequired":true,"valueName":"search_term_string"}}],"inLanguage":"pt-PT"},{"@type":"Organization","@id":"https:\/\/www.maisquecuidar.com\/loja\/#organization","name":"Mais Que Cuidar","url":"https:\/\/www.maisquecuidar.com\/loja\/","logo":{"@type":"ImageObject","inLanguage":"pt-PT","@id":"https:\/\/www.maisquecuidar.com\/loja\/#\/schema\/logo\/image\/","url":"https:\/\/img.maisquecuidar.com\/loja\/wp-content\/uploads\/2019\/08\/logo-mais-que-cuidar-retina.png","contentUrl":"https:\/\/img.maisquecuidar.com\/loja\/wp-content\/uploads\/2019\/08\/logo-mais-que-cuidar-retina.png","width":565,"height":75,"caption":"Mais Que Cuidar"},"image":{"@id":"https:\/\/www.maisquecuidar.com\/loja\/#\/schema\/logo\/image\/"},"sameAs":["https:\/\/www.facebook.com\/maisquecuidar.pt","https:\/\/www.instagram.com\/maisquecuidar"]}]}},"_links":{"self":[{"href":"https:\/\/www.maisquecuidar.com\/loja\/wp-json\/wp\/v2\/product\/5865","targetHints":{"allow":["GET"]}}],"collection":[{"href":"https:\/\/www.maisquecuidar.com\/loja\/wp-json\/wp\/v2\/product"}],"about":[{"href":"https:\/\/www.maisquecuidar.com\/loja\/wp-json\/wp\/v2\/types\/product"}],"wp:featuredmedia":[{"embeddable":true,"href":"https:\/\/www.maisquecuidar.com\/loja\/wp-json\/wp\/v2\/media\/14921"}],"wp:attachment":[{"href":"https:\/\/www.maisquecuidar.com\/loja\/wp-json\/wp\/v2\/media?parent=5865"}],"wp:term":[{"taxonomy":"product_brand","embeddable":true,"href":"https:\/\/www.maisquecuidar.com\/loja\/wp-json\/wp\/v2\/product_brand?post=5865"},{"taxonomy":"product_cat","embeddable":true,"href":"https:\/\/www.maisquecuidar.com\/loja\/wp-json\/wp\/v2\/product_cat?post=5865"},{"taxonomy":"product_tag","embeddable":true,"href":"https:\/\/www.maisquecuidar.com\/loja\/wp-json\/wp\/v2\/product_tag?post=5865"}],"curies":[{"name":"wp","href":"https:\/\/api.w.org\/{rel}","templated":true}]}}