{"id":5861,"date":"2017-02-27T17:14:52","date_gmt":"2017-02-27T17:14:52","guid":{"rendered":"https:\/\/www.maisquecuidar.com\/loja\/?post_type=product&#038;p=5861"},"modified":"2025-10-01T18:31:53","modified_gmt":"2025-10-01T17:31:53","slug":"activon-tulle-compressa","status":"publish","type":"product","link":"https:\/\/www.maisquecuidar.com\/loja\/produtos-saude\/curativos-tratamentos-feridas\/activon-tulle-compressa","title":{"rendered":"Activon Tulle &#8211; Pensos de Malha Impregnados com Mel de Manuka"},"content":{"rendered":"<p>Malha de viscose (gaze) impregnada com mel de Manuka a 100%.<\/p>\n<p>O Action Tulle est\u00e1 especialmente indicado no tratamento de feridas superficiais ou em fase de granula\u00e7\u00e3o.<\/p>\n<p><strong>O Activon \u00e9 um mel puro de Manuka sem aditivos, n\u00e3o-aderente, mold\u00e1vel ao formato da feridas e foi concebido para:<\/strong><\/p>\n<ul>\n<li>Promover um ambiente antibacteriano de largo espectro<\/li>\n<li>Combater de forma eficaz o mau odor das feridas<\/li>\n<li>Proporcionar um efeito osm\u00f3tico<\/li>\n<li>Promover a granula\u00e7\u00e3o e a cicatriza\u00e7\u00e3o de feridas<\/li>\n<\/ul>\n<h2>Recomenda\u00e7\u00f5es de Utiliza\u00e7\u00e3o<\/h2>\n<p>O Activon Tulle pode ser aplicado com qualquer um dos lados na superf\u00edcie da ferida. Os pensos podem ser colocados lado a lado para cobrir grandes \u00e1reas da ferida, ou serem cortados \u00e0 medida da mesma.<\/p>\n<p>Pode ser aberto para cobrir \u00e1reas maiores, embora isto reduza a concentra\u00e7\u00e3o do mel no local da ferida. Dependendo do tipo de tecido existente no leito da ferida e do n\u00edvel de exsudado, a escolhe do penso secund\u00e1rio pode ser um filme ou um penso absorvente.<\/p>\n<p>Nas feridas com um elevado n\u00edvel de exsudado, sugere-se que seja aplicado adicionalmente um penso altamente absorvente.<\/p>\n<p>Dependendo de v\u00e1rios factores, tais como os n\u00edveis de exsudado da ferida, o l\u00edquido intersticial circundante e o edema, o penso pode necessitar de ser substitu\u00eddo diariamente ou permanecer na ferida at\u00e9 7 dias.<\/p>\n<p>&nbsp;<\/p>\n","protected":false},"excerpt":{"rendered":"<p>Penso prim\u00e1rio de malha de viscose, esterilizado, n\u00e3o aderente, impregnado com mel de Manuka Activon de grau m\u00e9dico podendo ser utilizado no tratamento eficaz de feridas.<\/p>\n","protected":false},"featured_media":14923,"template":"","meta":{"_acf_changed":false,"neve_meta_sidebar":"","neve_meta_container":"","neve_meta_enable_content_width":"","neve_meta_content_width":0,"neve_meta_title_alignment":"","neve_meta_author_avatar":"","neve_post_elements_order":"","neve_meta_disable_header":"","neve_meta_disable_footer":"","neve_meta_disable_title":""},"product_brand":[],"product_cat":[479,465],"product_tag":[517],"class_list":{"0":"post-5861","1":"product","2":"type-product","3":"status-publish","4":"has-post-thumbnail","6":"product_cat-curativos-tratamentos-feridas","7":"product_cat-material-clinico","8":"product_tag-activon-tulle","10":"first","11":"onbackorder","12":"taxable","13":"shipping-taxable","14":"purchasable","15":"product-type-variable"},"acf":[],"yoast_head":"<!-- This site is optimized with the Yoast SEO plugin v27.4 - https:\/\/yoast.com\/product\/yoast-seo-wordpress\/ -->\n<title>Activon Tulle - Pensos de Malha Impregnados com Mel de Manuka<\/title>\n<meta name=\"description\" content=\"Conhe\u00e7a o Activon Tulle pensos de malha impregnados com mel, recomendado no tratamento de feridas superficiais ou em fase de granula\u00e7\u00e3o.\" \/>\n<meta name=\"robots\" content=\"index, follow, max-snippet:-1, max-image-preview:large, max-video-preview:-1\" \/>\n<link rel=\"canonical\" href=\"https:\/\/www.maisquecuidar.com\/loja\/produtos-saude\/curativos-tratamentos-feridas\/activon-tulle-compressa\" \/>\n<meta property=\"og:locale\" content=\"pt_PT\" \/>\n<meta property=\"og:type\" content=\"article\" \/>\n<meta property=\"og:title\" content=\"Activon Tulle - Pensos de Malha Impregnados com Mel de Manuka\" \/>\n<meta property=\"og:description\" content=\"Conhe\u00e7a o Activon Tulle pensos de malha impregnados com mel, recomendado no tratamento de feridas superficiais ou em fase de granula\u00e7\u00e3o.\" \/>\n<meta property=\"og:url\" content=\"https:\/\/www.maisquecuidar.com\/loja\/produtos-saude\/curativos-tratamentos-feridas\/activon-tulle-compressa\" \/>\n<meta property=\"og:site_name\" content=\"Mais que Cuidar\" \/>\n<meta property=\"article:publisher\" content=\"https:\/\/www.facebook.com\/maisquecuidar.pt\" \/>\n<meta property=\"article:modified_time\" content=\"2025-10-01T17:31:53+00:00\" \/>\n<meta property=\"og:image\" content=\"https:\/\/img.maisquecuidar.com\/loja\/wp-content\/uploads\/2017\/02\/activon-tulle-penso-malha-mel.png\" \/>\n\t<meta property=\"og:image:width\" content=\"1280\" \/>\n\t<meta property=\"og:image:height\" content=\"800\" \/>\n\t<meta property=\"og:image:type\" content=\"image\/png\" \/>\n<meta name=\"twitter:label1\" content=\"Tempo estimado de leitura\" \/>\n\t<meta name=\"twitter:data1\" content=\"2 minutos\" \/>\n<script type=\"application\/ld+json\" class=\"yoast-schema-graph\">{\"@context\":\"https:\\\/\\\/schema.org\",\"@graph\":[{\"@type\":\"WebPage\",\"@id\":\"https:\\\/\\\/www.maisquecuidar.com\\\/loja\\\/produtos-saude\\\/curativos-tratamentos-feridas\\\/activon-tulle-compressa\",\"url\":\"https:\\\/\\\/www.maisquecuidar.com\\\/loja\\\/produtos-saude\\\/curativos-tratamentos-feridas\\\/activon-tulle-compressa\",\"name\":\"Activon Tulle - Pensos de Malha Impregnados com Mel de Manuka\",\"isPartOf\":{\"@id\":\"https:\\\/\\\/www.maisquecuidar.com\\\/loja\\\/#website\"},\"primaryImageOfPage\":{\"@id\":\"https:\\\/\\\/www.maisquecuidar.com\\\/loja\\\/produtos-saude\\\/curativos-tratamentos-feridas\\\/activon-tulle-compressa#primaryimage\"},\"image\":{\"@id\":\"https:\\\/\\\/www.maisquecuidar.com\\\/loja\\\/produtos-saude\\\/curativos-tratamentos-feridas\\\/activon-tulle-compressa#primaryimage\"},\"thumbnailUrl\":\"https:\\\/\\\/img.maisquecuidar.com\\\/loja\\\/wp-content\\\/uploads\\\/2017\\\/02\\\/activon-tulle-penso-malha-mel.png\",\"datePublished\":\"2017-02-27T17:14:52+00:00\",\"dateModified\":\"2025-10-01T17:31:53+00:00\",\"description\":\"Conhe\u00e7a o Activon Tulle pensos de malha impregnados com mel, recomendado no tratamento de feridas superficiais ou em fase de granula\u00e7\u00e3o.\",\"breadcrumb\":{\"@id\":\"https:\\\/\\\/www.maisquecuidar.com\\\/loja\\\/produtos-saude\\\/curativos-tratamentos-feridas\\\/activon-tulle-compressa#breadcrumb\"},\"inLanguage\":\"pt-PT\",\"potentialAction\":[{\"@type\":\"ReadAction\",\"target\":[\"https:\\\/\\\/www.maisquecuidar.com\\\/loja\\\/produtos-saude\\\/curativos-tratamentos-feridas\\\/activon-tulle-compressa\"]}]},{\"@type\":\"ImageObject\",\"inLanguage\":\"pt-PT\",\"@id\":\"https:\\\/\\\/www.maisquecuidar.com\\\/loja\\\/produtos-saude\\\/curativos-tratamentos-feridas\\\/activon-tulle-compressa#primaryimage\",\"url\":\"https:\\\/\\\/img.maisquecuidar.com\\\/loja\\\/wp-content\\\/uploads\\\/2017\\\/02\\\/activon-tulle-penso-malha-mel.png\",\"contentUrl\":\"https:\\\/\\\/img.maisquecuidar.com\\\/loja\\\/wp-content\\\/uploads\\\/2017\\\/02\\\/activon-tulle-penso-malha-mel.png\",\"width\":1280,\"height\":800,\"caption\":\"Activon Tulle pensos de malha impregnados com mel de manuka\"},{\"@type\":\"BreadcrumbList\",\"@id\":\"https:\\\/\\\/www.maisquecuidar.com\\\/loja\\\/produtos-saude\\\/curativos-tratamentos-feridas\\\/activon-tulle-compressa#breadcrumb\",\"itemListElement\":[{\"@type\":\"ListItem\",\"position\":1,\"name\":\"Home\",\"item\":\"https:\\\/\\\/www.maisquecuidar.com\\\/loja\\\/\"},{\"@type\":\"ListItem\",\"position\":2,\"name\":\"Loja Online de Ortopedia e Geriatria em Portugal\",\"item\":\"https:\\\/\\\/www.maisquecuidar.com\\\/loja\\\/loja\"},{\"@type\":\"ListItem\",\"position\":3,\"name\":\"Produtos de Sa\u00fade\",\"item\":\"https:\\\/\\\/www.maisquecuidar.com\\\/loja\\\/produtos-saude\"},{\"@type\":\"ListItem\",\"position\":4,\"name\":\"Curativos para Tratamento de Feridas\",\"item\":\"https:\\\/\\\/www.maisquecuidar.com\\\/loja\\\/produtos-saude\\\/curativos-tratamentos-feridas\"},{\"@type\":\"ListItem\",\"position\":5,\"name\":\"Activon Tulle &#8211; Pensos de Malha Impregnados com Mel de Manuka\"}]},{\"@type\":\"WebSite\",\"@id\":\"https:\\\/\\\/www.maisquecuidar.com\\\/loja\\\/#website\",\"url\":\"https:\\\/\\\/www.maisquecuidar.com\\\/loja\\\/\",\"name\":\"Mais que Cuidar\",\"description\":\"Sa\u00fade, Ortopedia e Geriatria\",\"publisher\":{\"@id\":\"https:\\\/\\\/www.maisquecuidar.com\\\/loja\\\/#organization\"},\"potentialAction\":[{\"@type\":\"SearchAction\",\"target\":{\"@type\":\"EntryPoint\",\"urlTemplate\":\"https:\\\/\\\/www.maisquecuidar.com\\\/loja\\\/?s={search_term_string}\"},\"query-input\":{\"@type\":\"PropertyValueSpecification\",\"valueRequired\":true,\"valueName\":\"search_term_string\"}}],\"inLanguage\":\"pt-PT\"},{\"@type\":\"Organization\",\"@id\":\"https:\\\/\\\/www.maisquecuidar.com\\\/loja\\\/#organization\",\"name\":\"Mais Que Cuidar\",\"url\":\"https:\\\/\\\/www.maisquecuidar.com\\\/loja\\\/\",\"logo\":{\"@type\":\"ImageObject\",\"inLanguage\":\"pt-PT\",\"@id\":\"https:\\\/\\\/www.maisquecuidar.com\\\/loja\\\/#\\\/schema\\\/logo\\\/image\\\/\",\"url\":\"https:\\\/\\\/img.maisquecuidar.com\\\/loja\\\/wp-content\\\/uploads\\\/2019\\\/08\\\/logo-mais-que-cuidar-retina.png\",\"contentUrl\":\"https:\\\/\\\/img.maisquecuidar.com\\\/loja\\\/wp-content\\\/uploads\\\/2019\\\/08\\\/logo-mais-que-cuidar-retina.png\",\"width\":565,\"height\":75,\"caption\":\"Mais Que Cuidar\"},\"image\":{\"@id\":\"https:\\\/\\\/www.maisquecuidar.com\\\/loja\\\/#\\\/schema\\\/logo\\\/image\\\/\"},\"sameAs\":[\"https:\\\/\\\/www.facebook.com\\\/maisquecuidar.pt\",\"https:\\\/\\\/www.instagram.com\\\/maisquecuidar\"]}]}<\/script>\n<!-- \/ Yoast SEO plugin. -->","yoast_head_json":{"title":"Activon Tulle - Pensos de Malha Impregnados com Mel de Manuka","description":"Conhe\u00e7a o Activon Tulle pensos de malha impregnados com mel, recomendado no tratamento de feridas superficiais ou em fase de granula\u00e7\u00e3o.","robots":{"index":"index","follow":"follow","max-snippet":"max-snippet:-1","max-image-preview":"max-image-preview:large","max-video-preview":"max-video-preview:-1"},"canonical":"https:\/\/www.maisquecuidar.com\/loja\/produtos-saude\/curativos-tratamentos-feridas\/activon-tulle-compressa","og_locale":"pt_PT","og_type":"article","og_title":"Activon Tulle - Pensos de Malha Impregnados com Mel de Manuka","og_description":"Conhe\u00e7a o Activon Tulle pensos de malha impregnados com mel, recomendado no tratamento de feridas superficiais ou em fase de granula\u00e7\u00e3o.","og_url":"https:\/\/www.maisquecuidar.com\/loja\/produtos-saude\/curativos-tratamentos-feridas\/activon-tulle-compressa","og_site_name":"Mais que Cuidar","article_publisher":"https:\/\/www.facebook.com\/maisquecuidar.pt","article_modified_time":"2025-10-01T17:31:53+00:00","og_image":[{"width":1280,"height":800,"url":"https:\/\/img.maisquecuidar.com\/loja\/wp-content\/uploads\/2017\/02\/activon-tulle-penso-malha-mel.png","type":"image\/png"}],"twitter_misc":{"Tempo estimado de leitura":"2 minutos"},"schema":{"@context":"https:\/\/schema.org","@graph":[{"@type":"WebPage","@id":"https:\/\/www.maisquecuidar.com\/loja\/produtos-saude\/curativos-tratamentos-feridas\/activon-tulle-compressa","url":"https:\/\/www.maisquecuidar.com\/loja\/produtos-saude\/curativos-tratamentos-feridas\/activon-tulle-compressa","name":"Activon Tulle - Pensos de Malha Impregnados com Mel de Manuka","isPartOf":{"@id":"https:\/\/www.maisquecuidar.com\/loja\/#website"},"primaryImageOfPage":{"@id":"https:\/\/www.maisquecuidar.com\/loja\/produtos-saude\/curativos-tratamentos-feridas\/activon-tulle-compressa#primaryimage"},"image":{"@id":"https:\/\/www.maisquecuidar.com\/loja\/produtos-saude\/curativos-tratamentos-feridas\/activon-tulle-compressa#primaryimage"},"thumbnailUrl":"https:\/\/img.maisquecuidar.com\/loja\/wp-content\/uploads\/2017\/02\/activon-tulle-penso-malha-mel.png","datePublished":"2017-02-27T17:14:52+00:00","dateModified":"2025-10-01T17:31:53+00:00","description":"Conhe\u00e7a o Activon Tulle pensos de malha impregnados com mel, recomendado no tratamento de feridas superficiais ou em fase de granula\u00e7\u00e3o.","breadcrumb":{"@id":"https:\/\/www.maisquecuidar.com\/loja\/produtos-saude\/curativos-tratamentos-feridas\/activon-tulle-compressa#breadcrumb"},"inLanguage":"pt-PT","potentialAction":[{"@type":"ReadAction","target":["https:\/\/www.maisquecuidar.com\/loja\/produtos-saude\/curativos-tratamentos-feridas\/activon-tulle-compressa"]}]},{"@type":"ImageObject","inLanguage":"pt-PT","@id":"https:\/\/www.maisquecuidar.com\/loja\/produtos-saude\/curativos-tratamentos-feridas\/activon-tulle-compressa#primaryimage","url":"https:\/\/img.maisquecuidar.com\/loja\/wp-content\/uploads\/2017\/02\/activon-tulle-penso-malha-mel.png","contentUrl":"https:\/\/img.maisquecuidar.com\/loja\/wp-content\/uploads\/2017\/02\/activon-tulle-penso-malha-mel.png","width":1280,"height":800,"caption":"Activon Tulle pensos de malha impregnados com mel de manuka"},{"@type":"BreadcrumbList","@id":"https:\/\/www.maisquecuidar.com\/loja\/produtos-saude\/curativos-tratamentos-feridas\/activon-tulle-compressa#breadcrumb","itemListElement":[{"@type":"ListItem","position":1,"name":"Home","item":"https:\/\/www.maisquecuidar.com\/loja\/"},{"@type":"ListItem","position":2,"name":"Loja Online de Ortopedia e Geriatria em Portugal","item":"https:\/\/www.maisquecuidar.com\/loja\/loja"},{"@type":"ListItem","position":3,"name":"Produtos de Sa\u00fade","item":"https:\/\/www.maisquecuidar.com\/loja\/produtos-saude"},{"@type":"ListItem","position":4,"name":"Curativos para Tratamento de Feridas","item":"https:\/\/www.maisquecuidar.com\/loja\/produtos-saude\/curativos-tratamentos-feridas"},{"@type":"ListItem","position":5,"name":"Activon Tulle &#8211; Pensos de Malha Impregnados com Mel de Manuka"}]},{"@type":"WebSite","@id":"https:\/\/www.maisquecuidar.com\/loja\/#website","url":"https:\/\/www.maisquecuidar.com\/loja\/","name":"Mais que Cuidar","description":"Sa\u00fade, Ortopedia e Geriatria","publisher":{"@id":"https:\/\/www.maisquecuidar.com\/loja\/#organization"},"potentialAction":[{"@type":"SearchAction","target":{"@type":"EntryPoint","urlTemplate":"https:\/\/www.maisquecuidar.com\/loja\/?s={search_term_string}"},"query-input":{"@type":"PropertyValueSpecification","valueRequired":true,"valueName":"search_term_string"}}],"inLanguage":"pt-PT"},{"@type":"Organization","@id":"https:\/\/www.maisquecuidar.com\/loja\/#organization","name":"Mais Que Cuidar","url":"https:\/\/www.maisquecuidar.com\/loja\/","logo":{"@type":"ImageObject","inLanguage":"pt-PT","@id":"https:\/\/www.maisquecuidar.com\/loja\/#\/schema\/logo\/image\/","url":"https:\/\/img.maisquecuidar.com\/loja\/wp-content\/uploads\/2019\/08\/logo-mais-que-cuidar-retina.png","contentUrl":"https:\/\/img.maisquecuidar.com\/loja\/wp-content\/uploads\/2019\/08\/logo-mais-que-cuidar-retina.png","width":565,"height":75,"caption":"Mais Que Cuidar"},"image":{"@id":"https:\/\/www.maisquecuidar.com\/loja\/#\/schema\/logo\/image\/"},"sameAs":["https:\/\/www.facebook.com\/maisquecuidar.pt","https:\/\/www.instagram.com\/maisquecuidar"]}]}},"_links":{"self":[{"href":"https:\/\/www.maisquecuidar.com\/loja\/wp-json\/wp\/v2\/product\/5861","targetHints":{"allow":["GET"]}}],"collection":[{"href":"https:\/\/www.maisquecuidar.com\/loja\/wp-json\/wp\/v2\/product"}],"about":[{"href":"https:\/\/www.maisquecuidar.com\/loja\/wp-json\/wp\/v2\/types\/product"}],"wp:featuredmedia":[{"embeddable":true,"href":"https:\/\/www.maisquecuidar.com\/loja\/wp-json\/wp\/v2\/media\/14923"}],"wp:attachment":[{"href":"https:\/\/www.maisquecuidar.com\/loja\/wp-json\/wp\/v2\/media?parent=5861"}],"wp:term":[{"taxonomy":"product_brand","embeddable":true,"href":"https:\/\/www.maisquecuidar.com\/loja\/wp-json\/wp\/v2\/product_brand?post=5861"},{"taxonomy":"product_cat","embeddable":true,"href":"https:\/\/www.maisquecuidar.com\/loja\/wp-json\/wp\/v2\/product_cat?post=5861"},{"taxonomy":"product_tag","embeddable":true,"href":"https:\/\/www.maisquecuidar.com\/loja\/wp-json\/wp\/v2\/product_tag?post=5861"}],"curies":[{"name":"wp","href":"https:\/\/api.w.org\/{rel}","templated":true}]}}