{"id":5857,"date":"2017-02-27T16:24:49","date_gmt":"2017-02-27T16:24:49","guid":{"rendered":"https:\/\/www.maisquecuidar.com\/loja\/?post_type=product&#038;p=5857"},"modified":"2025-10-01T18:30:57","modified_gmt":"2025-10-01T17:30:57","slug":"varihesive-gel-control-border-14-x-14-cm","status":"publish","type":"product","link":"https:\/\/www.maisquecuidar.com\/loja\/produtos-saude\/curativos-tratamentos-feridas\/varihesive-gel-control-border-14-x-14-cm","title":{"rendered":"Varihesive Gel Control com Rebordo 14 X 14 cm Convatec"},"content":{"rendered":"<p>O penso VariHesive<sup>\u00ae<\/sup>\u00a0Gel Control com rebordo \u00e9 um penso est\u00e9ril, auto-aderente, que incorpora\u00a0a formula\u00e7\u00e3o de hidrocol\u00f3ides \u00fanica da ConvaTec, que o distingue de outros\u00a0pensos hidrocoloides.<\/p>\n<p>Pode ser utilizado em\u00a0zonas dif\u00edceis. O penso apresenta um rebordo com espuma que n\u00e3o requer adesivo adicional.<\/p>\n<p>O penso VariHesive<sup>\u00ae<\/sup>\u00a0Gel Control\u00a0com rebordo\u00a0est\u00e1 indicado para feridas cr\u00f3nicas, \u00falceras por press\u00e3o (Grau I a IV), \u00falceras vasculares, feridas agudas, feridas traum\u00e1ticas (abras\u00f5es menores, lacera\u00e7\u00f5es), queimaduras (1\u00ba\u00a0e 2\u00ba grau), quistos derm\u00f3ides, feridas\u00a0p\u00f3s-cir\u00fargicas (feridas p\u00f3s-operat\u00f3rias, zonas dadoras).<\/p>\n<p><strong>Cicatriza\u00e7\u00e3o:<\/strong><\/p>\n<ul>\n<li>\u00c9 importante que os profissionais de sa\u00fade utilizem de forma correcta o penso Varihesive Gel Control Border, na altura certa e durante o tempo adequado para a les\u00e3o e a sua quantidade de exsudado.<\/li>\n<li>Promove a granula\u00e7\u00e3o e facilita o desbridamento autol\u00edtico.<\/li>\n<\/ul>\n<p><strong>F\u00e1cil de Usar:<\/strong><\/p>\n<ul>\n<li>Os pensos Vari-hesive podem ser utilizados at\u00e9 7 dias sob supervis\u00e3o de profissional de sa\u00fade (enfermeiro ou m\u00e9dico).<\/li>\n<li>Os pensos s\u00e3o bastante adapt\u00e1veis, e podem ser adaptados \u00e0 les\u00e3o de forma f\u00e1cil e suave.<\/li>\n<\/ul>\n","protected":false},"excerpt":{"rendered":"<p>O penso VariHesive\u00ae\u00a0Gel Control com rebordo \u00e9 um penso est\u00e9ril, auto-aderente, que incorpora\u00a0a formula\u00e7\u00e3o de hidrocol\u00f3ides \u00fanica da ConvaTec, que o distingue de outros\u00a0pensos hidrocoloides. Pode ser utilizado em\u00a0zonas dif\u00edceis. O penso apresenta um rebordo com espuma que n\u00e3o requer adesivo adicional. O penso VariHesive\u00ae\u00a0Gel Control\u00a0com rebordo\u00a0est\u00e1 indicado para feridas cr\u00f3nicas, \u00falceras por press\u00e3o (Grau&hellip;&nbsp;<a href=\"https:\/\/www.maisquecuidar.com\/loja\/produtos-saude\/curativos-tratamentos-feridas\/varihesive-gel-control-border-14-x-14-cm\" rel=\"bookmark\">Ler mais &raquo;<span class=\"screen-reader-text\">Varihesive Gel Control com Rebordo 14 X 14 cm Convatec<\/span><\/a><\/p>\n","protected":false},"featured_media":14932,"template":"","meta":{"_acf_changed":false,"neve_meta_sidebar":"","neve_meta_container":"","neve_meta_enable_content_width":"","neve_meta_content_width":0,"neve_meta_title_alignment":"","neve_meta_author_avatar":"","neve_post_elements_order":"","neve_meta_disable_header":"","neve_meta_disable_footer":"","neve_meta_disable_title":""},"product_brand":[],"product_cat":[479,465],"product_tag":[515],"class_list":{"0":"post-5857","1":"product","2":"type-product","3":"status-publish","4":"has-post-thumbnail","6":"product_cat-curativos-tratamentos-feridas","7":"product_cat-material-clinico","8":"product_tag-varihesive-gel-control-border-14-x-14-cm","10":"first","11":"onbackorder","12":"taxable","13":"shipping-taxable","14":"purchasable","15":"product-type-simple"},"acf":[],"yoast_head":"<!-- This site is optimized with the Yoast SEO plugin v27.4 - https:\/\/yoast.com\/product\/yoast-seo-wordpress\/ -->\n<title>Varihesive Gel Control com Rebordo 14 X 14 cm Convatec - Mais que Cuidar<\/title>\n<meta name=\"description\" content=\"Conhe\u00e7a o penso Varihesive Gel Control Border da Convatec indicado no tratamento de feridas ou \u00falceras com exsudado ligeiro a moderado.\" \/>\n<meta name=\"robots\" content=\"index, follow, max-snippet:-1, max-image-preview:large, max-video-preview:-1\" \/>\n<link rel=\"canonical\" href=\"https:\/\/www.maisquecuidar.com\/loja\/produtos-saude\/curativos-tratamentos-feridas\/varihesive-gel-control-border-14-x-14-cm\" \/>\n<meta property=\"og:locale\" content=\"pt_PT\" \/>\n<meta property=\"og:type\" content=\"article\" \/>\n<meta property=\"og:title\" content=\"Varihesive Gel Control com Rebordo 14 X 14 cm Convatec - Mais que Cuidar\" \/>\n<meta property=\"og:description\" content=\"Conhe\u00e7a o penso Varihesive Gel Control Border da Convatec indicado no tratamento de feridas ou \u00falceras com exsudado ligeiro a moderado.\" \/>\n<meta property=\"og:url\" content=\"https:\/\/www.maisquecuidar.com\/loja\/produtos-saude\/curativos-tratamentos-feridas\/varihesive-gel-control-border-14-x-14-cm\" \/>\n<meta property=\"og:site_name\" content=\"Mais que Cuidar\" \/>\n<meta property=\"article:publisher\" content=\"https:\/\/www.facebook.com\/maisquecuidar.pt\" \/>\n<meta property=\"article:modified_time\" content=\"2025-10-01T17:30:57+00:00\" \/>\n<meta property=\"og:image\" content=\"https:\/\/img.maisquecuidar.com\/loja\/wp-content\/uploads\/2017\/02\/varihesive-gel-control-border-1.jpg\" \/>\n\t<meta property=\"og:image:width\" content=\"425\" \/>\n\t<meta property=\"og:image:height\" content=\"320\" \/>\n\t<meta property=\"og:image:type\" content=\"image\/jpeg\" \/>\n<meta name=\"twitter:label1\" content=\"Tempo estimado de leitura\" \/>\n\t<meta name=\"twitter:data1\" content=\"1 minuto\" \/>\n<script type=\"application\/ld+json\" class=\"yoast-schema-graph\">{\"@context\":\"https:\\\/\\\/schema.org\",\"@graph\":[{\"@type\":\"WebPage\",\"@id\":\"https:\\\/\\\/www.maisquecuidar.com\\\/loja\\\/produtos-saude\\\/curativos-tratamentos-feridas\\\/varihesive-gel-control-border-14-x-14-cm\",\"url\":\"https:\\\/\\\/www.maisquecuidar.com\\\/loja\\\/produtos-saude\\\/curativos-tratamentos-feridas\\\/varihesive-gel-control-border-14-x-14-cm\",\"name\":\"Varihesive Gel Control com Rebordo 14 X 14 cm Convatec - Mais que Cuidar\",\"isPartOf\":{\"@id\":\"https:\\\/\\\/www.maisquecuidar.com\\\/loja\\\/#website\"},\"primaryImageOfPage\":{\"@id\":\"https:\\\/\\\/www.maisquecuidar.com\\\/loja\\\/produtos-saude\\\/curativos-tratamentos-feridas\\\/varihesive-gel-control-border-14-x-14-cm#primaryimage\"},\"image\":{\"@id\":\"https:\\\/\\\/www.maisquecuidar.com\\\/loja\\\/produtos-saude\\\/curativos-tratamentos-feridas\\\/varihesive-gel-control-border-14-x-14-cm#primaryimage\"},\"thumbnailUrl\":\"https:\\\/\\\/img.maisquecuidar.com\\\/loja\\\/wp-content\\\/uploads\\\/2017\\\/02\\\/varihesive-gel-control-border-1.jpg\",\"datePublished\":\"2017-02-27T16:24:49+00:00\",\"dateModified\":\"2025-10-01T17:30:57+00:00\",\"description\":\"Conhe\u00e7a o penso Varihesive Gel Control Border da Convatec indicado no tratamento de feridas ou \u00falceras com exsudado ligeiro a moderado.\",\"breadcrumb\":{\"@id\":\"https:\\\/\\\/www.maisquecuidar.com\\\/loja\\\/produtos-saude\\\/curativos-tratamentos-feridas\\\/varihesive-gel-control-border-14-x-14-cm#breadcrumb\"},\"inLanguage\":\"pt-PT\",\"potentialAction\":[{\"@type\":\"ReadAction\",\"target\":[\"https:\\\/\\\/www.maisquecuidar.com\\\/loja\\\/produtos-saude\\\/curativos-tratamentos-feridas\\\/varihesive-gel-control-border-14-x-14-cm\"]}]},{\"@type\":\"ImageObject\",\"inLanguage\":\"pt-PT\",\"@id\":\"https:\\\/\\\/www.maisquecuidar.com\\\/loja\\\/produtos-saude\\\/curativos-tratamentos-feridas\\\/varihesive-gel-control-border-14-x-14-cm#primaryimage\",\"url\":\"https:\\\/\\\/img.maisquecuidar.com\\\/loja\\\/wp-content\\\/uploads\\\/2017\\\/02\\\/varihesive-gel-control-border-1.jpg\",\"contentUrl\":\"https:\\\/\\\/img.maisquecuidar.com\\\/loja\\\/wp-content\\\/uploads\\\/2017\\\/02\\\/varihesive-gel-control-border-1.jpg\",\"width\":425,\"height\":320,\"caption\":\"Varihesive Gel control border\"},{\"@type\":\"BreadcrumbList\",\"@id\":\"https:\\\/\\\/www.maisquecuidar.com\\\/loja\\\/produtos-saude\\\/curativos-tratamentos-feridas\\\/varihesive-gel-control-border-14-x-14-cm#breadcrumb\",\"itemListElement\":[{\"@type\":\"ListItem\",\"position\":1,\"name\":\"Home\",\"item\":\"https:\\\/\\\/www.maisquecuidar.com\\\/loja\\\/\"},{\"@type\":\"ListItem\",\"position\":2,\"name\":\"Loja Online de Ortopedia e Geriatria em Portugal\",\"item\":\"https:\\\/\\\/www.maisquecuidar.com\\\/loja\\\/loja\"},{\"@type\":\"ListItem\",\"position\":3,\"name\":\"Produtos de Sa\u00fade\",\"item\":\"https:\\\/\\\/www.maisquecuidar.com\\\/loja\\\/produtos-saude\"},{\"@type\":\"ListItem\",\"position\":4,\"name\":\"Curativos para Tratamento de Feridas\",\"item\":\"https:\\\/\\\/www.maisquecuidar.com\\\/loja\\\/produtos-saude\\\/curativos-tratamentos-feridas\"},{\"@type\":\"ListItem\",\"position\":5,\"name\":\"Varihesive Gel Control com Rebordo 14 X 14 cm Convatec\"}]},{\"@type\":\"WebSite\",\"@id\":\"https:\\\/\\\/www.maisquecuidar.com\\\/loja\\\/#website\",\"url\":\"https:\\\/\\\/www.maisquecuidar.com\\\/loja\\\/\",\"name\":\"Mais que Cuidar\",\"description\":\"Sa\u00fade, Ortopedia e Geriatria\",\"publisher\":{\"@id\":\"https:\\\/\\\/www.maisquecuidar.com\\\/loja\\\/#organization\"},\"potentialAction\":[{\"@type\":\"SearchAction\",\"target\":{\"@type\":\"EntryPoint\",\"urlTemplate\":\"https:\\\/\\\/www.maisquecuidar.com\\\/loja\\\/?s={search_term_string}\"},\"query-input\":{\"@type\":\"PropertyValueSpecification\",\"valueRequired\":true,\"valueName\":\"search_term_string\"}}],\"inLanguage\":\"pt-PT\"},{\"@type\":\"Organization\",\"@id\":\"https:\\\/\\\/www.maisquecuidar.com\\\/loja\\\/#organization\",\"name\":\"Mais Que Cuidar\",\"url\":\"https:\\\/\\\/www.maisquecuidar.com\\\/loja\\\/\",\"logo\":{\"@type\":\"ImageObject\",\"inLanguage\":\"pt-PT\",\"@id\":\"https:\\\/\\\/www.maisquecuidar.com\\\/loja\\\/#\\\/schema\\\/logo\\\/image\\\/\",\"url\":\"https:\\\/\\\/img.maisquecuidar.com\\\/loja\\\/wp-content\\\/uploads\\\/2019\\\/08\\\/logo-mais-que-cuidar-retina.png\",\"contentUrl\":\"https:\\\/\\\/img.maisquecuidar.com\\\/loja\\\/wp-content\\\/uploads\\\/2019\\\/08\\\/logo-mais-que-cuidar-retina.png\",\"width\":565,\"height\":75,\"caption\":\"Mais Que Cuidar\"},\"image\":{\"@id\":\"https:\\\/\\\/www.maisquecuidar.com\\\/loja\\\/#\\\/schema\\\/logo\\\/image\\\/\"},\"sameAs\":[\"https:\\\/\\\/www.facebook.com\\\/maisquecuidar.pt\",\"https:\\\/\\\/www.instagram.com\\\/maisquecuidar\"]}]}<\/script>\n<!-- \/ Yoast SEO plugin. -->","yoast_head_json":{"title":"Varihesive Gel Control com Rebordo 14 X 14 cm Convatec - Mais que Cuidar","description":"Conhe\u00e7a o penso Varihesive Gel Control Border da Convatec indicado no tratamento de feridas ou \u00falceras com exsudado ligeiro a moderado.","robots":{"index":"index","follow":"follow","max-snippet":"max-snippet:-1","max-image-preview":"max-image-preview:large","max-video-preview":"max-video-preview:-1"},"canonical":"https:\/\/www.maisquecuidar.com\/loja\/produtos-saude\/curativos-tratamentos-feridas\/varihesive-gel-control-border-14-x-14-cm","og_locale":"pt_PT","og_type":"article","og_title":"Varihesive Gel Control com Rebordo 14 X 14 cm Convatec - Mais que Cuidar","og_description":"Conhe\u00e7a o penso Varihesive Gel Control Border da Convatec indicado no tratamento de feridas ou \u00falceras com exsudado ligeiro a moderado.","og_url":"https:\/\/www.maisquecuidar.com\/loja\/produtos-saude\/curativos-tratamentos-feridas\/varihesive-gel-control-border-14-x-14-cm","og_site_name":"Mais que Cuidar","article_publisher":"https:\/\/www.facebook.com\/maisquecuidar.pt","article_modified_time":"2025-10-01T17:30:57+00:00","og_image":[{"width":425,"height":320,"url":"https:\/\/img.maisquecuidar.com\/loja\/wp-content\/uploads\/2017\/02\/varihesive-gel-control-border-1.jpg","type":"image\/jpeg"}],"twitter_misc":{"Tempo estimado de leitura":"1 minuto"},"schema":{"@context":"https:\/\/schema.org","@graph":[{"@type":"WebPage","@id":"https:\/\/www.maisquecuidar.com\/loja\/produtos-saude\/curativos-tratamentos-feridas\/varihesive-gel-control-border-14-x-14-cm","url":"https:\/\/www.maisquecuidar.com\/loja\/produtos-saude\/curativos-tratamentos-feridas\/varihesive-gel-control-border-14-x-14-cm","name":"Varihesive Gel Control com Rebordo 14 X 14 cm Convatec - Mais que Cuidar","isPartOf":{"@id":"https:\/\/www.maisquecuidar.com\/loja\/#website"},"primaryImageOfPage":{"@id":"https:\/\/www.maisquecuidar.com\/loja\/produtos-saude\/curativos-tratamentos-feridas\/varihesive-gel-control-border-14-x-14-cm#primaryimage"},"image":{"@id":"https:\/\/www.maisquecuidar.com\/loja\/produtos-saude\/curativos-tratamentos-feridas\/varihesive-gel-control-border-14-x-14-cm#primaryimage"},"thumbnailUrl":"https:\/\/img.maisquecuidar.com\/loja\/wp-content\/uploads\/2017\/02\/varihesive-gel-control-border-1.jpg","datePublished":"2017-02-27T16:24:49+00:00","dateModified":"2025-10-01T17:30:57+00:00","description":"Conhe\u00e7a o penso Varihesive Gel Control Border da Convatec indicado no tratamento de feridas ou \u00falceras com exsudado ligeiro a moderado.","breadcrumb":{"@id":"https:\/\/www.maisquecuidar.com\/loja\/produtos-saude\/curativos-tratamentos-feridas\/varihesive-gel-control-border-14-x-14-cm#breadcrumb"},"inLanguage":"pt-PT","potentialAction":[{"@type":"ReadAction","target":["https:\/\/www.maisquecuidar.com\/loja\/produtos-saude\/curativos-tratamentos-feridas\/varihesive-gel-control-border-14-x-14-cm"]}]},{"@type":"ImageObject","inLanguage":"pt-PT","@id":"https:\/\/www.maisquecuidar.com\/loja\/produtos-saude\/curativos-tratamentos-feridas\/varihesive-gel-control-border-14-x-14-cm#primaryimage","url":"https:\/\/img.maisquecuidar.com\/loja\/wp-content\/uploads\/2017\/02\/varihesive-gel-control-border-1.jpg","contentUrl":"https:\/\/img.maisquecuidar.com\/loja\/wp-content\/uploads\/2017\/02\/varihesive-gel-control-border-1.jpg","width":425,"height":320,"caption":"Varihesive Gel control border"},{"@type":"BreadcrumbList","@id":"https:\/\/www.maisquecuidar.com\/loja\/produtos-saude\/curativos-tratamentos-feridas\/varihesive-gel-control-border-14-x-14-cm#breadcrumb","itemListElement":[{"@type":"ListItem","position":1,"name":"Home","item":"https:\/\/www.maisquecuidar.com\/loja\/"},{"@type":"ListItem","position":2,"name":"Loja Online de Ortopedia e Geriatria em Portugal","item":"https:\/\/www.maisquecuidar.com\/loja\/loja"},{"@type":"ListItem","position":3,"name":"Produtos de Sa\u00fade","item":"https:\/\/www.maisquecuidar.com\/loja\/produtos-saude"},{"@type":"ListItem","position":4,"name":"Curativos para Tratamento de Feridas","item":"https:\/\/www.maisquecuidar.com\/loja\/produtos-saude\/curativos-tratamentos-feridas"},{"@type":"ListItem","position":5,"name":"Varihesive Gel Control com Rebordo 14 X 14 cm Convatec"}]},{"@type":"WebSite","@id":"https:\/\/www.maisquecuidar.com\/loja\/#website","url":"https:\/\/www.maisquecuidar.com\/loja\/","name":"Mais que Cuidar","description":"Sa\u00fade, Ortopedia e Geriatria","publisher":{"@id":"https:\/\/www.maisquecuidar.com\/loja\/#organization"},"potentialAction":[{"@type":"SearchAction","target":{"@type":"EntryPoint","urlTemplate":"https:\/\/www.maisquecuidar.com\/loja\/?s={search_term_string}"},"query-input":{"@type":"PropertyValueSpecification","valueRequired":true,"valueName":"search_term_string"}}],"inLanguage":"pt-PT"},{"@type":"Organization","@id":"https:\/\/www.maisquecuidar.com\/loja\/#organization","name":"Mais Que Cuidar","url":"https:\/\/www.maisquecuidar.com\/loja\/","logo":{"@type":"ImageObject","inLanguage":"pt-PT","@id":"https:\/\/www.maisquecuidar.com\/loja\/#\/schema\/logo\/image\/","url":"https:\/\/img.maisquecuidar.com\/loja\/wp-content\/uploads\/2019\/08\/logo-mais-que-cuidar-retina.png","contentUrl":"https:\/\/img.maisquecuidar.com\/loja\/wp-content\/uploads\/2019\/08\/logo-mais-que-cuidar-retina.png","width":565,"height":75,"caption":"Mais Que Cuidar"},"image":{"@id":"https:\/\/www.maisquecuidar.com\/loja\/#\/schema\/logo\/image\/"},"sameAs":["https:\/\/www.facebook.com\/maisquecuidar.pt","https:\/\/www.instagram.com\/maisquecuidar"]}]}},"_links":{"self":[{"href":"https:\/\/www.maisquecuidar.com\/loja\/wp-json\/wp\/v2\/product\/5857","targetHints":{"allow":["GET"]}}],"collection":[{"href":"https:\/\/www.maisquecuidar.com\/loja\/wp-json\/wp\/v2\/product"}],"about":[{"href":"https:\/\/www.maisquecuidar.com\/loja\/wp-json\/wp\/v2\/types\/product"}],"wp:featuredmedia":[{"embeddable":true,"href":"https:\/\/www.maisquecuidar.com\/loja\/wp-json\/wp\/v2\/media\/14932"}],"wp:attachment":[{"href":"https:\/\/www.maisquecuidar.com\/loja\/wp-json\/wp\/v2\/media?parent=5857"}],"wp:term":[{"taxonomy":"product_brand","embeddable":true,"href":"https:\/\/www.maisquecuidar.com\/loja\/wp-json\/wp\/v2\/product_brand?post=5857"},{"taxonomy":"product_cat","embeddable":true,"href":"https:\/\/www.maisquecuidar.com\/loja\/wp-json\/wp\/v2\/product_cat?post=5857"},{"taxonomy":"product_tag","embeddable":true,"href":"https:\/\/www.maisquecuidar.com\/loja\/wp-json\/wp\/v2\/product_tag?post=5857"}],"curies":[{"name":"wp","href":"https:\/\/api.w.org\/{rel}","templated":true}]}}