{"id":5849,"date":"2017-02-27T15:40:04","date_gmt":"2017-02-27T15:40:04","guid":{"rendered":"https:\/\/www.maisquecuidar.com\/loja\/?post_type=product&#038;p=5849"},"modified":"2025-10-01T18:30:49","modified_gmt":"2025-10-01T17:30:49","slug":"aquacel-extra-10-x-10-cm","status":"publish","type":"product","link":"https:\/\/www.maisquecuidar.com\/loja\/produtos-saude\/curativos-tratamentos-feridas\/aquacel-extra-10-x-10-cm","title":{"rendered":"Aquacel Extra 10 X 10 cm Convatec"},"content":{"rendered":"<p>O penso Aquacel Extra 10 x 10 cm da Convatec \u00e9 feito de hidrofibra, absorvente, est\u00e9ril, macio, n\u00e3o entrela\u00e7ado, composto por fibras de carboximetilcelulose s\u00f3dica e e fibras de refor\u00e7o.<\/p>\n<p>Tem uma grande capacidade de abor\u00e7\u00e3o do exsudado. Esta absor\u00e7\u00e3o faz-se na vertical, para o interior das fibras. O exsudado fica retido no penso que, de um aspecto fibroso, passa a apresentar-se como uma pel\u00edcula de gel. Uma vez retido no interior das fibras, o exsudado fica aprisionado e n\u00e3o extravasa.<\/p>\n<p>\u00c9 especificamente adequado para ajudar a gerir feridas moderadamente a altamente exsudativas e possui as mesmas indica\u00e7\u00f5es que o Aquacel original.<\/p>\n<p><strong>Indica\u00e7\u00f5es:<\/strong><\/p>\n<ul>\n<li>Abras\u00f5es<\/li>\n<li>Lacera\u00e7\u00f5es<\/li>\n<li>Queimaduras de 2\u00ba Grau<\/li>\n<li>\u00dalceras vasculog\u00e9nicas<\/li>\n<li>Feridas cir\u00fargicas e traum\u00e1ticas<\/li>\n<\/ul>\n","protected":false},"excerpt":{"rendered":"<p>Penso prim\u00e1rio vers\u00e1til que incorpora a a\u00e7\u00e3o gelificante \u00fanica da tecnologia hidro-fibra para a gest\u00e3o de feridas exsudativas, constru\u00eddo com fibras de refor\u00e7o bidimensionais.<\/p>\n","protected":false},"featured_media":14960,"template":"","meta":{"_acf_changed":false,"neve_meta_sidebar":"","neve_meta_container":"","neve_meta_enable_content_width":"","neve_meta_content_width":0,"neve_meta_title_alignment":"","neve_meta_author_avatar":"","neve_post_elements_order":"","neve_meta_disable_header":"","neve_meta_disable_footer":"","neve_meta_disable_title":""},"product_brand":[],"product_cat":[479,465],"product_tag":[511],"class_list":{"0":"post-5849","1":"product","2":"type-product","3":"status-publish","4":"has-post-thumbnail","6":"product_cat-curativos-tratamentos-feridas","7":"product_cat-material-clinico","8":"product_tag-aquacel-extra-10-x-10-cm","10":"first","11":"onbackorder","12":"taxable","13":"shipping-taxable","14":"purchasable","15":"product-type-simple"},"acf":[],"yoast_head":"<!-- This site is optimized with the Yoast SEO plugin v27.3 - https:\/\/yoast.com\/product\/yoast-seo-wordpress\/ -->\n<title>Aquacel Extra 10 X 10 cm Convatec - Mais que Cuidar<\/title>\n<meta name=\"description\" content=\"Aquacel Extra 10 X 10 cm Convatec\" \/>\n<meta name=\"robots\" content=\"index, follow, max-snippet:-1, max-image-preview:large, max-video-preview:-1\" \/>\n<link rel=\"canonical\" href=\"https:\/\/www.maisquecuidar.com\/loja\/produtos-saude\/curativos-tratamentos-feridas\/aquacel-extra-10-x-10-cm\" \/>\n<meta property=\"og:locale\" content=\"pt_PT\" \/>\n<meta property=\"og:type\" content=\"article\" \/>\n<meta property=\"og:title\" content=\"Aquacel Extra 10 X 10 cm Convatec - Mais que Cuidar\" \/>\n<meta property=\"og:description\" content=\"Aquacel Extra 10 X 10 cm Convatec\" \/>\n<meta property=\"og:url\" content=\"https:\/\/www.maisquecuidar.com\/loja\/produtos-saude\/curativos-tratamentos-feridas\/aquacel-extra-10-x-10-cm\" \/>\n<meta property=\"og:site_name\" content=\"Mais que Cuidar\" \/>\n<meta property=\"article:publisher\" content=\"https:\/\/www.facebook.com\/maisquecuidar.pt\" \/>\n<meta property=\"article:modified_time\" content=\"2025-10-01T17:30:49+00:00\" \/>\n<meta property=\"og:image\" content=\"https:\/\/img.maisquecuidar.com\/loja\/wp-content\/uploads\/2017\/02\/aquacel-extra-10x10-convatec.png\" \/>\n\t<meta property=\"og:image:width\" content=\"1280\" \/>\n\t<meta property=\"og:image:height\" content=\"800\" \/>\n\t<meta property=\"og:image:type\" content=\"image\/png\" \/>\n<meta name=\"twitter:label1\" content=\"Tempo estimado de leitura\" \/>\n\t<meta name=\"twitter:data1\" content=\"1 minuto\" \/>\n<script type=\"application\/ld+json\" class=\"yoast-schema-graph\">{\"@context\":\"https:\\\/\\\/schema.org\",\"@graph\":[{\"@type\":\"WebPage\",\"@id\":\"https:\\\/\\\/www.maisquecuidar.com\\\/loja\\\/produtos-saude\\\/curativos-tratamentos-feridas\\\/aquacel-extra-10-x-10-cm\",\"url\":\"https:\\\/\\\/www.maisquecuidar.com\\\/loja\\\/produtos-saude\\\/curativos-tratamentos-feridas\\\/aquacel-extra-10-x-10-cm\",\"name\":\"Aquacel Extra 10 X 10 cm Convatec - Mais que Cuidar\",\"isPartOf\":{\"@id\":\"https:\\\/\\\/www.maisquecuidar.com\\\/loja\\\/#website\"},\"primaryImageOfPage\":{\"@id\":\"https:\\\/\\\/www.maisquecuidar.com\\\/loja\\\/produtos-saude\\\/curativos-tratamentos-feridas\\\/aquacel-extra-10-x-10-cm#primaryimage\"},\"image\":{\"@id\":\"https:\\\/\\\/www.maisquecuidar.com\\\/loja\\\/produtos-saude\\\/curativos-tratamentos-feridas\\\/aquacel-extra-10-x-10-cm#primaryimage\"},\"thumbnailUrl\":\"https:\\\/\\\/img.maisquecuidar.com\\\/loja\\\/wp-content\\\/uploads\\\/2017\\\/02\\\/aquacel-extra-10x10-convatec.png\",\"datePublished\":\"2017-02-27T15:40:04+00:00\",\"dateModified\":\"2025-10-01T17:30:49+00:00\",\"description\":\"Aquacel Extra 10 X 10 cm Convatec\",\"breadcrumb\":{\"@id\":\"https:\\\/\\\/www.maisquecuidar.com\\\/loja\\\/produtos-saude\\\/curativos-tratamentos-feridas\\\/aquacel-extra-10-x-10-cm#breadcrumb\"},\"inLanguage\":\"pt-PT\",\"potentialAction\":[{\"@type\":\"ReadAction\",\"target\":[\"https:\\\/\\\/www.maisquecuidar.com\\\/loja\\\/produtos-saude\\\/curativos-tratamentos-feridas\\\/aquacel-extra-10-x-10-cm\"]}]},{\"@type\":\"ImageObject\",\"inLanguage\":\"pt-PT\",\"@id\":\"https:\\\/\\\/www.maisquecuidar.com\\\/loja\\\/produtos-saude\\\/curativos-tratamentos-feridas\\\/aquacel-extra-10-x-10-cm#primaryimage\",\"url\":\"https:\\\/\\\/img.maisquecuidar.com\\\/loja\\\/wp-content\\\/uploads\\\/2017\\\/02\\\/aquacel-extra-10x10-convatec.png\",\"contentUrl\":\"https:\\\/\\\/img.maisquecuidar.com\\\/loja\\\/wp-content\\\/uploads\\\/2017\\\/02\\\/aquacel-extra-10x10-convatec.png\",\"width\":1280,\"height\":800,\"caption\":\"Penso Aquacel Extra 10x10 cm da Convatec\"},{\"@type\":\"BreadcrumbList\",\"@id\":\"https:\\\/\\\/www.maisquecuidar.com\\\/loja\\\/produtos-saude\\\/curativos-tratamentos-feridas\\\/aquacel-extra-10-x-10-cm#breadcrumb\",\"itemListElement\":[{\"@type\":\"ListItem\",\"position\":1,\"name\":\"Home\",\"item\":\"https:\\\/\\\/www.maisquecuidar.com\\\/loja\\\/\"},{\"@type\":\"ListItem\",\"position\":2,\"name\":\"Loja Online de Ortopedia e Geriatria em Portugal\",\"item\":\"https:\\\/\\\/www.maisquecuidar.com\\\/loja\\\/loja\"},{\"@type\":\"ListItem\",\"position\":3,\"name\":\"Produtos de Sa\u00fade\",\"item\":\"https:\\\/\\\/www.maisquecuidar.com\\\/loja\\\/produtos-saude\"},{\"@type\":\"ListItem\",\"position\":4,\"name\":\"Curativos para Tratamento de Feridas\",\"item\":\"https:\\\/\\\/www.maisquecuidar.com\\\/loja\\\/produtos-saude\\\/curativos-tratamentos-feridas\"},{\"@type\":\"ListItem\",\"position\":5,\"name\":\"Aquacel Extra 10 X 10 cm Convatec\"}]},{\"@type\":\"WebSite\",\"@id\":\"https:\\\/\\\/www.maisquecuidar.com\\\/loja\\\/#website\",\"url\":\"https:\\\/\\\/www.maisquecuidar.com\\\/loja\\\/\",\"name\":\"Mais que Cuidar\",\"description\":\"Sa\u00fade, Ortopedia e Geriatria\",\"publisher\":{\"@id\":\"https:\\\/\\\/www.maisquecuidar.com\\\/loja\\\/#organization\"},\"potentialAction\":[{\"@type\":\"SearchAction\",\"target\":{\"@type\":\"EntryPoint\",\"urlTemplate\":\"https:\\\/\\\/www.maisquecuidar.com\\\/loja\\\/?s={search_term_string}\"},\"query-input\":{\"@type\":\"PropertyValueSpecification\",\"valueRequired\":true,\"valueName\":\"search_term_string\"}}],\"inLanguage\":\"pt-PT\"},{\"@type\":\"Organization\",\"@id\":\"https:\\\/\\\/www.maisquecuidar.com\\\/loja\\\/#organization\",\"name\":\"Mais Que Cuidar\",\"url\":\"https:\\\/\\\/www.maisquecuidar.com\\\/loja\\\/\",\"logo\":{\"@type\":\"ImageObject\",\"inLanguage\":\"pt-PT\",\"@id\":\"https:\\\/\\\/www.maisquecuidar.com\\\/loja\\\/#\\\/schema\\\/logo\\\/image\\\/\",\"url\":\"https:\\\/\\\/img.maisquecuidar.com\\\/loja\\\/wp-content\\\/uploads\\\/2019\\\/08\\\/logo-mais-que-cuidar-retina.png\",\"contentUrl\":\"https:\\\/\\\/img.maisquecuidar.com\\\/loja\\\/wp-content\\\/uploads\\\/2019\\\/08\\\/logo-mais-que-cuidar-retina.png\",\"width\":565,\"height\":75,\"caption\":\"Mais Que Cuidar\"},\"image\":{\"@id\":\"https:\\\/\\\/www.maisquecuidar.com\\\/loja\\\/#\\\/schema\\\/logo\\\/image\\\/\"},\"sameAs\":[\"https:\\\/\\\/www.facebook.com\\\/maisquecuidar.pt\",\"https:\\\/\\\/www.instagram.com\\\/maisquecuidar\"]}]}<\/script>\n<!-- \/ Yoast SEO plugin. -->","yoast_head_json":{"title":"Aquacel Extra 10 X 10 cm Convatec - Mais que Cuidar","description":"Aquacel Extra 10 X 10 cm Convatec","robots":{"index":"index","follow":"follow","max-snippet":"max-snippet:-1","max-image-preview":"max-image-preview:large","max-video-preview":"max-video-preview:-1"},"canonical":"https:\/\/www.maisquecuidar.com\/loja\/produtos-saude\/curativos-tratamentos-feridas\/aquacel-extra-10-x-10-cm","og_locale":"pt_PT","og_type":"article","og_title":"Aquacel Extra 10 X 10 cm Convatec - Mais que Cuidar","og_description":"Aquacel Extra 10 X 10 cm Convatec","og_url":"https:\/\/www.maisquecuidar.com\/loja\/produtos-saude\/curativos-tratamentos-feridas\/aquacel-extra-10-x-10-cm","og_site_name":"Mais que Cuidar","article_publisher":"https:\/\/www.facebook.com\/maisquecuidar.pt","article_modified_time":"2025-10-01T17:30:49+00:00","og_image":[{"width":1280,"height":800,"url":"https:\/\/img.maisquecuidar.com\/loja\/wp-content\/uploads\/2017\/02\/aquacel-extra-10x10-convatec.png","type":"image\/png"}],"twitter_misc":{"Tempo estimado de leitura":"1 minuto"},"schema":{"@context":"https:\/\/schema.org","@graph":[{"@type":"WebPage","@id":"https:\/\/www.maisquecuidar.com\/loja\/produtos-saude\/curativos-tratamentos-feridas\/aquacel-extra-10-x-10-cm","url":"https:\/\/www.maisquecuidar.com\/loja\/produtos-saude\/curativos-tratamentos-feridas\/aquacel-extra-10-x-10-cm","name":"Aquacel Extra 10 X 10 cm Convatec - Mais que Cuidar","isPartOf":{"@id":"https:\/\/www.maisquecuidar.com\/loja\/#website"},"primaryImageOfPage":{"@id":"https:\/\/www.maisquecuidar.com\/loja\/produtos-saude\/curativos-tratamentos-feridas\/aquacel-extra-10-x-10-cm#primaryimage"},"image":{"@id":"https:\/\/www.maisquecuidar.com\/loja\/produtos-saude\/curativos-tratamentos-feridas\/aquacel-extra-10-x-10-cm#primaryimage"},"thumbnailUrl":"https:\/\/img.maisquecuidar.com\/loja\/wp-content\/uploads\/2017\/02\/aquacel-extra-10x10-convatec.png","datePublished":"2017-02-27T15:40:04+00:00","dateModified":"2025-10-01T17:30:49+00:00","description":"Aquacel Extra 10 X 10 cm Convatec","breadcrumb":{"@id":"https:\/\/www.maisquecuidar.com\/loja\/produtos-saude\/curativos-tratamentos-feridas\/aquacel-extra-10-x-10-cm#breadcrumb"},"inLanguage":"pt-PT","potentialAction":[{"@type":"ReadAction","target":["https:\/\/www.maisquecuidar.com\/loja\/produtos-saude\/curativos-tratamentos-feridas\/aquacel-extra-10-x-10-cm"]}]},{"@type":"ImageObject","inLanguage":"pt-PT","@id":"https:\/\/www.maisquecuidar.com\/loja\/produtos-saude\/curativos-tratamentos-feridas\/aquacel-extra-10-x-10-cm#primaryimage","url":"https:\/\/img.maisquecuidar.com\/loja\/wp-content\/uploads\/2017\/02\/aquacel-extra-10x10-convatec.png","contentUrl":"https:\/\/img.maisquecuidar.com\/loja\/wp-content\/uploads\/2017\/02\/aquacel-extra-10x10-convatec.png","width":1280,"height":800,"caption":"Penso Aquacel Extra 10x10 cm da Convatec"},{"@type":"BreadcrumbList","@id":"https:\/\/www.maisquecuidar.com\/loja\/produtos-saude\/curativos-tratamentos-feridas\/aquacel-extra-10-x-10-cm#breadcrumb","itemListElement":[{"@type":"ListItem","position":1,"name":"Home","item":"https:\/\/www.maisquecuidar.com\/loja\/"},{"@type":"ListItem","position":2,"name":"Loja Online de Ortopedia e Geriatria em Portugal","item":"https:\/\/www.maisquecuidar.com\/loja\/loja"},{"@type":"ListItem","position":3,"name":"Produtos de Sa\u00fade","item":"https:\/\/www.maisquecuidar.com\/loja\/produtos-saude"},{"@type":"ListItem","position":4,"name":"Curativos para Tratamento de Feridas","item":"https:\/\/www.maisquecuidar.com\/loja\/produtos-saude\/curativos-tratamentos-feridas"},{"@type":"ListItem","position":5,"name":"Aquacel Extra 10 X 10 cm Convatec"}]},{"@type":"WebSite","@id":"https:\/\/www.maisquecuidar.com\/loja\/#website","url":"https:\/\/www.maisquecuidar.com\/loja\/","name":"Mais que Cuidar","description":"Sa\u00fade, Ortopedia e Geriatria","publisher":{"@id":"https:\/\/www.maisquecuidar.com\/loja\/#organization"},"potentialAction":[{"@type":"SearchAction","target":{"@type":"EntryPoint","urlTemplate":"https:\/\/www.maisquecuidar.com\/loja\/?s={search_term_string}"},"query-input":{"@type":"PropertyValueSpecification","valueRequired":true,"valueName":"search_term_string"}}],"inLanguage":"pt-PT"},{"@type":"Organization","@id":"https:\/\/www.maisquecuidar.com\/loja\/#organization","name":"Mais Que Cuidar","url":"https:\/\/www.maisquecuidar.com\/loja\/","logo":{"@type":"ImageObject","inLanguage":"pt-PT","@id":"https:\/\/www.maisquecuidar.com\/loja\/#\/schema\/logo\/image\/","url":"https:\/\/img.maisquecuidar.com\/loja\/wp-content\/uploads\/2019\/08\/logo-mais-que-cuidar-retina.png","contentUrl":"https:\/\/img.maisquecuidar.com\/loja\/wp-content\/uploads\/2019\/08\/logo-mais-que-cuidar-retina.png","width":565,"height":75,"caption":"Mais Que Cuidar"},"image":{"@id":"https:\/\/www.maisquecuidar.com\/loja\/#\/schema\/logo\/image\/"},"sameAs":["https:\/\/www.facebook.com\/maisquecuidar.pt","https:\/\/www.instagram.com\/maisquecuidar"]}]}},"_links":{"self":[{"href":"https:\/\/www.maisquecuidar.com\/loja\/wp-json\/wp\/v2\/product\/5849","targetHints":{"allow":["GET"]}}],"collection":[{"href":"https:\/\/www.maisquecuidar.com\/loja\/wp-json\/wp\/v2\/product"}],"about":[{"href":"https:\/\/www.maisquecuidar.com\/loja\/wp-json\/wp\/v2\/types\/product"}],"wp:featuredmedia":[{"embeddable":true,"href":"https:\/\/www.maisquecuidar.com\/loja\/wp-json\/wp\/v2\/media\/14960"}],"wp:attachment":[{"href":"https:\/\/www.maisquecuidar.com\/loja\/wp-json\/wp\/v2\/media?parent=5849"}],"wp:term":[{"taxonomy":"product_brand","embeddable":true,"href":"https:\/\/www.maisquecuidar.com\/loja\/wp-json\/wp\/v2\/product_brand?post=5849"},{"taxonomy":"product_cat","embeddable":true,"href":"https:\/\/www.maisquecuidar.com\/loja\/wp-json\/wp\/v2\/product_cat?post=5849"},{"taxonomy":"product_tag","embeddable":true,"href":"https:\/\/www.maisquecuidar.com\/loja\/wp-json\/wp\/v2\/product_tag?post=5849"}],"curies":[{"name":"wp","href":"https:\/\/api.w.org\/{rel}","templated":true}]}}