{"id":5846,"date":"2017-02-27T15:32:07","date_gmt":"2017-02-27T15:32:07","guid":{"rendered":"https:\/\/www.maisquecuidar.com\/loja\/?post_type=product&#038;p=5846"},"modified":"2025-10-01T18:30:55","modified_gmt":"2025-10-01T17:30:55","slug":"compressas-neutras-grassolind","status":"publish","type":"product","link":"https:\/\/www.maisquecuidar.com\/loja\/produtos-saude\/curativos-tratamentos-feridas\/compressas-neutras-grassolind","title":{"rendered":"Grassolind Compressas Neutras de Gaze com Vaselina Hartmann"},"content":{"rendered":"<p>Grassolind Neutral da Hartmann s\u00e3o compressas neutras de gaze com vaselina para o tratamento de feridas.<\/p>\n<p>O seu entrela\u00e7ado largo de gaze de algod\u00e3o impregnada com pomada desidratada \u00e9 composta por vaselina, \u00e9ster de diglicerina de monocarbono e dicarbono de \u00e1cidos gordos e cera de hidrato de carbono, microcristalina.<\/p>\n<p>Grassolind Neutral permite alcan\u00e7ar a camada secund\u00e1ria e absorvente, evitando-se assim a acumula\u00e7\u00e3o de secre\u00e7\u00f5es. A pomada vaselinada mant\u00e9m os bordos da ferida intactos, promove a granula\u00e7\u00e3o e epiteliza\u00e7\u00e3o e evita que a compressa adira \u00e0 ferida, permitindo que possam ser removidas automaticamente.<\/p>\n<p><strong>Est\u00e1 indicado para o tratamento geral de feridas<\/strong>, como por exemplo abras\u00f5es, lacera\u00e7\u00f5es, feridas profundas, queimaduras, queimaduras \u00e1cidas, para cobertura das zonas dadoras e recetoras de pele enxertada, em cirurgia pl\u00e1stica e cosm\u00e9tica, remo\u00e7\u00e3o de unhas, circuncis\u00f5es, etc.<\/p>\n<p>Devido \u00e0s propriedades neutras da base gorda, Grassolind Neutral \u00e9 especialmente \u00fatil em dermatologia e para pacientes com pele sens\u00edvel ou sens\u00edveis a certos medicamentos.<\/p>\n","protected":false},"excerpt":{"rendered":"<p>Compressas neutras de gaze com vaselina.<\/p>\n","protected":false},"featured_media":14961,"template":"","meta":{"_acf_changed":false,"neve_meta_sidebar":"","neve_meta_container":"","neve_meta_enable_content_width":"","neve_meta_content_width":0,"neve_meta_title_alignment":"","neve_meta_author_avatar":"","neve_post_elements_order":"","neve_meta_disable_header":"","neve_meta_disable_footer":"","neve_meta_disable_title":""},"product_brand":[],"product_cat":[479,465],"product_tag":[510],"class_list":{"0":"post-5846","1":"product","2":"type-product","3":"status-publish","4":"has-post-thumbnail","6":"product_cat-curativos-tratamentos-feridas","7":"product_cat-material-clinico","8":"product_tag-grassolind","10":"first","11":"onbackorder","12":"taxable","13":"shipping-taxable","14":"purchasable","15":"product-type-simple"},"acf":[],"yoast_head":"<!-- This site is optimized with the Yoast SEO plugin v27.3 - https:\/\/yoast.com\/product\/yoast-seo-wordpress\/ -->\n<title>Grassolind Compressas Neutras de Gaze com Vaselina Hartmann<\/title>\n<meta name=\"description\" content=\"Conhe\u00e7a Grassolind da Hartmann, as compressas neutras de gaze com vaselina indicadas no tratamento geral de v\u00e1rios tipos de feridas.\" \/>\n<meta name=\"robots\" content=\"index, follow, max-snippet:-1, max-image-preview:large, max-video-preview:-1\" \/>\n<link rel=\"canonical\" href=\"https:\/\/www.maisquecuidar.com\/loja\/produtos-saude\/curativos-tratamentos-feridas\/compressas-neutras-grassolind\" \/>\n<meta property=\"og:locale\" content=\"pt_PT\" \/>\n<meta property=\"og:type\" content=\"article\" \/>\n<meta property=\"og:title\" content=\"Grassolind Compressas Neutras de Gaze com Vaselina Hartmann\" \/>\n<meta property=\"og:description\" content=\"Conhe\u00e7a Grassolind da Hartmann, as compressas neutras de gaze com vaselina indicadas no tratamento geral de v\u00e1rios tipos de feridas.\" \/>\n<meta property=\"og:url\" content=\"https:\/\/www.maisquecuidar.com\/loja\/produtos-saude\/curativos-tratamentos-feridas\/compressas-neutras-grassolind\" \/>\n<meta property=\"og:site_name\" content=\"Mais que Cuidar\" \/>\n<meta property=\"article:publisher\" content=\"https:\/\/www.facebook.com\/maisquecuidar.pt\" \/>\n<meta property=\"article:modified_time\" content=\"2025-10-01T17:30:55+00:00\" \/>\n<meta property=\"og:image\" content=\"https:\/\/img.maisquecuidar.com\/loja\/wp-content\/uploads\/2017\/02\/grassolind-neutral-compressas-gaze-gorda.png\" \/>\n\t<meta property=\"og:image:width\" content=\"1280\" \/>\n\t<meta property=\"og:image:height\" content=\"800\" \/>\n\t<meta property=\"og:image:type\" content=\"image\/png\" \/>\n<meta name=\"twitter:label1\" content=\"Tempo estimado de leitura\" \/>\n\t<meta name=\"twitter:data1\" content=\"1 minuto\" \/>\n<script type=\"application\/ld+json\" class=\"yoast-schema-graph\">{\"@context\":\"https:\\\/\\\/schema.org\",\"@graph\":[{\"@type\":\"WebPage\",\"@id\":\"https:\\\/\\\/www.maisquecuidar.com\\\/loja\\\/produtos-saude\\\/curativos-tratamentos-feridas\\\/compressas-neutras-grassolind\",\"url\":\"https:\\\/\\\/www.maisquecuidar.com\\\/loja\\\/produtos-saude\\\/curativos-tratamentos-feridas\\\/compressas-neutras-grassolind\",\"name\":\"Grassolind Compressas Neutras de Gaze com Vaselina Hartmann\",\"isPartOf\":{\"@id\":\"https:\\\/\\\/www.maisquecuidar.com\\\/loja\\\/#website\"},\"primaryImageOfPage\":{\"@id\":\"https:\\\/\\\/www.maisquecuidar.com\\\/loja\\\/produtos-saude\\\/curativos-tratamentos-feridas\\\/compressas-neutras-grassolind#primaryimage\"},\"image\":{\"@id\":\"https:\\\/\\\/www.maisquecuidar.com\\\/loja\\\/produtos-saude\\\/curativos-tratamentos-feridas\\\/compressas-neutras-grassolind#primaryimage\"},\"thumbnailUrl\":\"https:\\\/\\\/img.maisquecuidar.com\\\/loja\\\/wp-content\\\/uploads\\\/2017\\\/02\\\/grassolind-neutral-compressas-gaze-gorda.png\",\"datePublished\":\"2017-02-27T15:32:07+00:00\",\"dateModified\":\"2025-10-01T17:30:55+00:00\",\"description\":\"Conhe\u00e7a Grassolind da Hartmann, as compressas neutras de gaze com vaselina indicadas no tratamento geral de v\u00e1rios tipos de feridas.\",\"breadcrumb\":{\"@id\":\"https:\\\/\\\/www.maisquecuidar.com\\\/loja\\\/produtos-saude\\\/curativos-tratamentos-feridas\\\/compressas-neutras-grassolind#breadcrumb\"},\"inLanguage\":\"pt-PT\",\"potentialAction\":[{\"@type\":\"ReadAction\",\"target\":[\"https:\\\/\\\/www.maisquecuidar.com\\\/loja\\\/produtos-saude\\\/curativos-tratamentos-feridas\\\/compressas-neutras-grassolind\"]}]},{\"@type\":\"ImageObject\",\"inLanguage\":\"pt-PT\",\"@id\":\"https:\\\/\\\/www.maisquecuidar.com\\\/loja\\\/produtos-saude\\\/curativos-tratamentos-feridas\\\/compressas-neutras-grassolind#primaryimage\",\"url\":\"https:\\\/\\\/img.maisquecuidar.com\\\/loja\\\/wp-content\\\/uploads\\\/2017\\\/02\\\/grassolind-neutral-compressas-gaze-gorda.png\",\"contentUrl\":\"https:\\\/\\\/img.maisquecuidar.com\\\/loja\\\/wp-content\\\/uploads\\\/2017\\\/02\\\/grassolind-neutral-compressas-gaze-gorda.png\",\"width\":1280,\"height\":800,\"caption\":\"Grassolind compressas neutras de gaze com vaselina Hartmann\"},{\"@type\":\"BreadcrumbList\",\"@id\":\"https:\\\/\\\/www.maisquecuidar.com\\\/loja\\\/produtos-saude\\\/curativos-tratamentos-feridas\\\/compressas-neutras-grassolind#breadcrumb\",\"itemListElement\":[{\"@type\":\"ListItem\",\"position\":1,\"name\":\"Home\",\"item\":\"https:\\\/\\\/www.maisquecuidar.com\\\/loja\\\/\"},{\"@type\":\"ListItem\",\"position\":2,\"name\":\"Loja Online de Ortopedia e Geriatria em Portugal\",\"item\":\"https:\\\/\\\/www.maisquecuidar.com\\\/loja\\\/loja\"},{\"@type\":\"ListItem\",\"position\":3,\"name\":\"Produtos de Sa\u00fade\",\"item\":\"https:\\\/\\\/www.maisquecuidar.com\\\/loja\\\/produtos-saude\"},{\"@type\":\"ListItem\",\"position\":4,\"name\":\"Curativos para Tratamento de Feridas\",\"item\":\"https:\\\/\\\/www.maisquecuidar.com\\\/loja\\\/produtos-saude\\\/curativos-tratamentos-feridas\"},{\"@type\":\"ListItem\",\"position\":5,\"name\":\"Grassolind Compressas Neutras de Gaze com Vaselina Hartmann\"}]},{\"@type\":\"WebSite\",\"@id\":\"https:\\\/\\\/www.maisquecuidar.com\\\/loja\\\/#website\",\"url\":\"https:\\\/\\\/www.maisquecuidar.com\\\/loja\\\/\",\"name\":\"Mais que Cuidar\",\"description\":\"Sa\u00fade, Ortopedia e Geriatria\",\"publisher\":{\"@id\":\"https:\\\/\\\/www.maisquecuidar.com\\\/loja\\\/#organization\"},\"potentialAction\":[{\"@type\":\"SearchAction\",\"target\":{\"@type\":\"EntryPoint\",\"urlTemplate\":\"https:\\\/\\\/www.maisquecuidar.com\\\/loja\\\/?s={search_term_string}\"},\"query-input\":{\"@type\":\"PropertyValueSpecification\",\"valueRequired\":true,\"valueName\":\"search_term_string\"}}],\"inLanguage\":\"pt-PT\"},{\"@type\":\"Organization\",\"@id\":\"https:\\\/\\\/www.maisquecuidar.com\\\/loja\\\/#organization\",\"name\":\"Mais Que Cuidar\",\"url\":\"https:\\\/\\\/www.maisquecuidar.com\\\/loja\\\/\",\"logo\":{\"@type\":\"ImageObject\",\"inLanguage\":\"pt-PT\",\"@id\":\"https:\\\/\\\/www.maisquecuidar.com\\\/loja\\\/#\\\/schema\\\/logo\\\/image\\\/\",\"url\":\"https:\\\/\\\/img.maisquecuidar.com\\\/loja\\\/wp-content\\\/uploads\\\/2019\\\/08\\\/logo-mais-que-cuidar-retina.png\",\"contentUrl\":\"https:\\\/\\\/img.maisquecuidar.com\\\/loja\\\/wp-content\\\/uploads\\\/2019\\\/08\\\/logo-mais-que-cuidar-retina.png\",\"width\":565,\"height\":75,\"caption\":\"Mais Que Cuidar\"},\"image\":{\"@id\":\"https:\\\/\\\/www.maisquecuidar.com\\\/loja\\\/#\\\/schema\\\/logo\\\/image\\\/\"},\"sameAs\":[\"https:\\\/\\\/www.facebook.com\\\/maisquecuidar.pt\",\"https:\\\/\\\/www.instagram.com\\\/maisquecuidar\"]}]}<\/script>\n<!-- \/ Yoast SEO plugin. -->","yoast_head_json":{"title":"Grassolind Compressas Neutras de Gaze com Vaselina Hartmann","description":"Conhe\u00e7a Grassolind da Hartmann, as compressas neutras de gaze com vaselina indicadas no tratamento geral de v\u00e1rios tipos de feridas.","robots":{"index":"index","follow":"follow","max-snippet":"max-snippet:-1","max-image-preview":"max-image-preview:large","max-video-preview":"max-video-preview:-1"},"canonical":"https:\/\/www.maisquecuidar.com\/loja\/produtos-saude\/curativos-tratamentos-feridas\/compressas-neutras-grassolind","og_locale":"pt_PT","og_type":"article","og_title":"Grassolind Compressas Neutras de Gaze com Vaselina Hartmann","og_description":"Conhe\u00e7a Grassolind da Hartmann, as compressas neutras de gaze com vaselina indicadas no tratamento geral de v\u00e1rios tipos de feridas.","og_url":"https:\/\/www.maisquecuidar.com\/loja\/produtos-saude\/curativos-tratamentos-feridas\/compressas-neutras-grassolind","og_site_name":"Mais que Cuidar","article_publisher":"https:\/\/www.facebook.com\/maisquecuidar.pt","article_modified_time":"2025-10-01T17:30:55+00:00","og_image":[{"width":1280,"height":800,"url":"https:\/\/img.maisquecuidar.com\/loja\/wp-content\/uploads\/2017\/02\/grassolind-neutral-compressas-gaze-gorda.png","type":"image\/png"}],"twitter_misc":{"Tempo estimado de leitura":"1 minuto"},"schema":{"@context":"https:\/\/schema.org","@graph":[{"@type":"WebPage","@id":"https:\/\/www.maisquecuidar.com\/loja\/produtos-saude\/curativos-tratamentos-feridas\/compressas-neutras-grassolind","url":"https:\/\/www.maisquecuidar.com\/loja\/produtos-saude\/curativos-tratamentos-feridas\/compressas-neutras-grassolind","name":"Grassolind Compressas Neutras de Gaze com Vaselina Hartmann","isPartOf":{"@id":"https:\/\/www.maisquecuidar.com\/loja\/#website"},"primaryImageOfPage":{"@id":"https:\/\/www.maisquecuidar.com\/loja\/produtos-saude\/curativos-tratamentos-feridas\/compressas-neutras-grassolind#primaryimage"},"image":{"@id":"https:\/\/www.maisquecuidar.com\/loja\/produtos-saude\/curativos-tratamentos-feridas\/compressas-neutras-grassolind#primaryimage"},"thumbnailUrl":"https:\/\/img.maisquecuidar.com\/loja\/wp-content\/uploads\/2017\/02\/grassolind-neutral-compressas-gaze-gorda.png","datePublished":"2017-02-27T15:32:07+00:00","dateModified":"2025-10-01T17:30:55+00:00","description":"Conhe\u00e7a Grassolind da Hartmann, as compressas neutras de gaze com vaselina indicadas no tratamento geral de v\u00e1rios tipos de feridas.","breadcrumb":{"@id":"https:\/\/www.maisquecuidar.com\/loja\/produtos-saude\/curativos-tratamentos-feridas\/compressas-neutras-grassolind#breadcrumb"},"inLanguage":"pt-PT","potentialAction":[{"@type":"ReadAction","target":["https:\/\/www.maisquecuidar.com\/loja\/produtos-saude\/curativos-tratamentos-feridas\/compressas-neutras-grassolind"]}]},{"@type":"ImageObject","inLanguage":"pt-PT","@id":"https:\/\/www.maisquecuidar.com\/loja\/produtos-saude\/curativos-tratamentos-feridas\/compressas-neutras-grassolind#primaryimage","url":"https:\/\/img.maisquecuidar.com\/loja\/wp-content\/uploads\/2017\/02\/grassolind-neutral-compressas-gaze-gorda.png","contentUrl":"https:\/\/img.maisquecuidar.com\/loja\/wp-content\/uploads\/2017\/02\/grassolind-neutral-compressas-gaze-gorda.png","width":1280,"height":800,"caption":"Grassolind compressas neutras de gaze com vaselina Hartmann"},{"@type":"BreadcrumbList","@id":"https:\/\/www.maisquecuidar.com\/loja\/produtos-saude\/curativos-tratamentos-feridas\/compressas-neutras-grassolind#breadcrumb","itemListElement":[{"@type":"ListItem","position":1,"name":"Home","item":"https:\/\/www.maisquecuidar.com\/loja\/"},{"@type":"ListItem","position":2,"name":"Loja Online de Ortopedia e Geriatria em Portugal","item":"https:\/\/www.maisquecuidar.com\/loja\/loja"},{"@type":"ListItem","position":3,"name":"Produtos de Sa\u00fade","item":"https:\/\/www.maisquecuidar.com\/loja\/produtos-saude"},{"@type":"ListItem","position":4,"name":"Curativos para Tratamento de Feridas","item":"https:\/\/www.maisquecuidar.com\/loja\/produtos-saude\/curativos-tratamentos-feridas"},{"@type":"ListItem","position":5,"name":"Grassolind Compressas Neutras de Gaze com Vaselina Hartmann"}]},{"@type":"WebSite","@id":"https:\/\/www.maisquecuidar.com\/loja\/#website","url":"https:\/\/www.maisquecuidar.com\/loja\/","name":"Mais que Cuidar","description":"Sa\u00fade, Ortopedia e Geriatria","publisher":{"@id":"https:\/\/www.maisquecuidar.com\/loja\/#organization"},"potentialAction":[{"@type":"SearchAction","target":{"@type":"EntryPoint","urlTemplate":"https:\/\/www.maisquecuidar.com\/loja\/?s={search_term_string}"},"query-input":{"@type":"PropertyValueSpecification","valueRequired":true,"valueName":"search_term_string"}}],"inLanguage":"pt-PT"},{"@type":"Organization","@id":"https:\/\/www.maisquecuidar.com\/loja\/#organization","name":"Mais Que Cuidar","url":"https:\/\/www.maisquecuidar.com\/loja\/","logo":{"@type":"ImageObject","inLanguage":"pt-PT","@id":"https:\/\/www.maisquecuidar.com\/loja\/#\/schema\/logo\/image\/","url":"https:\/\/img.maisquecuidar.com\/loja\/wp-content\/uploads\/2019\/08\/logo-mais-que-cuidar-retina.png","contentUrl":"https:\/\/img.maisquecuidar.com\/loja\/wp-content\/uploads\/2019\/08\/logo-mais-que-cuidar-retina.png","width":565,"height":75,"caption":"Mais Que Cuidar"},"image":{"@id":"https:\/\/www.maisquecuidar.com\/loja\/#\/schema\/logo\/image\/"},"sameAs":["https:\/\/www.facebook.com\/maisquecuidar.pt","https:\/\/www.instagram.com\/maisquecuidar"]}]}},"_links":{"self":[{"href":"https:\/\/www.maisquecuidar.com\/loja\/wp-json\/wp\/v2\/product\/5846","targetHints":{"allow":["GET"]}}],"collection":[{"href":"https:\/\/www.maisquecuidar.com\/loja\/wp-json\/wp\/v2\/product"}],"about":[{"href":"https:\/\/www.maisquecuidar.com\/loja\/wp-json\/wp\/v2\/types\/product"}],"wp:featuredmedia":[{"embeddable":true,"href":"https:\/\/www.maisquecuidar.com\/loja\/wp-json\/wp\/v2\/media\/14961"}],"wp:attachment":[{"href":"https:\/\/www.maisquecuidar.com\/loja\/wp-json\/wp\/v2\/media?parent=5846"}],"wp:term":[{"taxonomy":"product_brand","embeddable":true,"href":"https:\/\/www.maisquecuidar.com\/loja\/wp-json\/wp\/v2\/product_brand?post=5846"},{"taxonomy":"product_cat","embeddable":true,"href":"https:\/\/www.maisquecuidar.com\/loja\/wp-json\/wp\/v2\/product_cat?post=5846"},{"taxonomy":"product_tag","embeddable":true,"href":"https:\/\/www.maisquecuidar.com\/loja\/wp-json\/wp\/v2\/product_tag?post=5846"}],"curies":[{"name":"wp","href":"https:\/\/api.w.org\/{rel}","templated":true}]}}