{"id":5844,"date":"2017-02-27T15:18:50","date_gmt":"2017-02-27T15:18:50","guid":{"rendered":"https:\/\/www.maisquecuidar.com\/loja\/?post_type=product&#038;p=5844"},"modified":"2026-02-18T10:18:30","modified_gmt":"2026-02-18T10:18:30","slug":"adesivo-hipoalergico-omnifix","status":"publish","type":"product","link":"https:\/\/www.maisquecuidar.com\/loja\/produtos-saude\/curativos-tratamentos-feridas\/adesivo-hipoalergico-omnifix","title":{"rendered":"Adesivo Hipoal\u00e9rgico Omnifix Hartmann"},"content":{"rendered":"<p>O adesivo hipoal\u00e9rgico Omnifix da Hartmann \u00e9 feito de tecido n\u00e3o tecido utilizado para a reten\u00e7\u00e3o de pensos na pele.<\/p>\n<p>\u00c9 macio, flex\u00edvel, el\u00e1stico no sentido da largura e tem elevada permeabilidade ao ar e vapor de \u00e1gua evitando a macera\u00e7\u00e3o da pele.<\/p>\n<p>Tem uma ader\u00eancia fi\u00e1vel e retira-se sem dor e sem deixar marcas. \u00c9 dur\u00e1vel e n\u00e3o absorve raios X.<\/p>\n<p>Possui boa resist\u00eancia ao tempo e \u00e0 temperatura.<\/p>\n<h3>Utiliza\u00e7\u00f5es<\/h3>\n<ul>\n<li>Para cobertura completa de pensos e reten\u00e7\u00e3o de pensos em todas as \u00e1reas m\u00e9dicas;<\/li>\n<li>Ideal para reten\u00e7\u00e3o de pensos nas articula\u00e7\u00f5es e partes redondas e angulares do corpo;<\/li>\n<li>Para fixa\u00e7\u00e3o de equipamento de medi\u00e7\u00e3o, sondas, cateteres, etc.<\/li>\n<li>Indicado para pacientes com pele sens\u00edvel.<\/li>\n<\/ul>\n","protected":false},"excerpt":{"rendered":"<p>Banda autoadesiva hipoalerg\u00e9nica de boa toler\u00e2ncia cut\u00e2nea.<\/p>\n","protected":false},"featured_media":14963,"template":"","meta":{"_acf_changed":false,"neve_meta_sidebar":"","neve_meta_container":"","neve_meta_enable_content_width":"off","neve_meta_content_width":100,"neve_meta_title_alignment":"","neve_meta_author_avatar":"","neve_post_elements_order":"","neve_meta_disable_header":"","neve_meta_disable_footer":"","neve_meta_disable_title":""},"product_brand":[],"product_cat":[479,465],"product_tag":[509],"class_list":{"0":"post-5844","1":"product","2":"type-product","3":"status-publish","4":"has-post-thumbnail","6":"product_cat-curativos-tratamentos-feridas","7":"product_cat-material-clinico","8":"product_tag-adesivo-omnifix","10":"first","11":"onbackorder","12":"taxable","13":"shipping-taxable","14":"purchasable","15":"product-type-simple"},"acf":[],"yoast_head":"<!-- This site is optimized with the Yoast SEO plugin v27.3 - https:\/\/yoast.com\/product\/yoast-seo-wordpress\/ -->\n<title>Adesivo Hipoal\u00e9rgico Omnifix Hartmann - Mais que Cuidar<\/title>\n<meta name=\"description\" content=\"Descubra o adesivo hipoal\u00e9rgico Omnifix da Hartmann indicado para a reten\u00e7\u00e3o de v\u00e1rios tipos de pensos na pele. Confira o pre\u00e7o.\" \/>\n<meta name=\"robots\" content=\"index, follow, max-snippet:-1, max-image-preview:large, max-video-preview:-1\" \/>\n<link rel=\"canonical\" href=\"https:\/\/www.maisquecuidar.com\/loja\/produtos-saude\/curativos-tratamentos-feridas\/adesivo-hipoalergico-omnifix\" \/>\n<meta property=\"og:locale\" content=\"pt_PT\" \/>\n<meta property=\"og:type\" content=\"article\" \/>\n<meta property=\"og:title\" content=\"Adesivo Hipoal\u00e9rgico Omnifix Hartmann - Mais que Cuidar\" \/>\n<meta property=\"og:description\" content=\"Descubra o adesivo hipoal\u00e9rgico Omnifix da Hartmann indicado para a reten\u00e7\u00e3o de v\u00e1rios tipos de pensos na pele. Confira o pre\u00e7o.\" \/>\n<meta property=\"og:url\" content=\"https:\/\/www.maisquecuidar.com\/loja\/produtos-saude\/curativos-tratamentos-feridas\/adesivo-hipoalergico-omnifix\" \/>\n<meta property=\"og:site_name\" content=\"Mais que Cuidar\" \/>\n<meta property=\"article:publisher\" content=\"https:\/\/www.facebook.com\/maisquecuidar.pt\" \/>\n<meta property=\"article:modified_time\" content=\"2026-02-18T10:18:30+00:00\" \/>\n<meta property=\"og:image\" content=\"https:\/\/img.maisquecuidar.com\/loja\/wp-content\/uploads\/2017\/02\/omnifix-adesivo-hartmann.png\" \/>\n\t<meta property=\"og:image:width\" content=\"1280\" \/>\n\t<meta property=\"og:image:height\" content=\"800\" \/>\n\t<meta property=\"og:image:type\" content=\"image\/png\" \/>\n<meta name=\"twitter:label1\" content=\"Tempo estimado de leitura\" \/>\n\t<meta name=\"twitter:data1\" content=\"1 minuto\" \/>\n<script type=\"application\/ld+json\" class=\"yoast-schema-graph\">{\"@context\":\"https:\\\/\\\/schema.org\",\"@graph\":[{\"@type\":\"WebPage\",\"@id\":\"https:\\\/\\\/www.maisquecuidar.com\\\/loja\\\/produtos-saude\\\/curativos-tratamentos-feridas\\\/adesivo-hipoalergico-omnifix\",\"url\":\"https:\\\/\\\/www.maisquecuidar.com\\\/loja\\\/produtos-saude\\\/curativos-tratamentos-feridas\\\/adesivo-hipoalergico-omnifix\",\"name\":\"Adesivo Hipoal\u00e9rgico Omnifix Hartmann - Mais que Cuidar\",\"isPartOf\":{\"@id\":\"https:\\\/\\\/www.maisquecuidar.com\\\/loja\\\/#website\"},\"primaryImageOfPage\":{\"@id\":\"https:\\\/\\\/www.maisquecuidar.com\\\/loja\\\/produtos-saude\\\/curativos-tratamentos-feridas\\\/adesivo-hipoalergico-omnifix#primaryimage\"},\"image\":{\"@id\":\"https:\\\/\\\/www.maisquecuidar.com\\\/loja\\\/produtos-saude\\\/curativos-tratamentos-feridas\\\/adesivo-hipoalergico-omnifix#primaryimage\"},\"thumbnailUrl\":\"https:\\\/\\\/img.maisquecuidar.com\\\/loja\\\/wp-content\\\/uploads\\\/2017\\\/02\\\/omnifix-adesivo-hartmann.png\",\"datePublished\":\"2017-02-27T15:18:50+00:00\",\"dateModified\":\"2026-02-18T10:18:30+00:00\",\"description\":\"Descubra o adesivo hipoal\u00e9rgico Omnifix da Hartmann indicado para a reten\u00e7\u00e3o de v\u00e1rios tipos de pensos na pele. Confira o pre\u00e7o.\",\"breadcrumb\":{\"@id\":\"https:\\\/\\\/www.maisquecuidar.com\\\/loja\\\/produtos-saude\\\/curativos-tratamentos-feridas\\\/adesivo-hipoalergico-omnifix#breadcrumb\"},\"inLanguage\":\"pt-PT\",\"potentialAction\":[{\"@type\":\"ReadAction\",\"target\":[\"https:\\\/\\\/www.maisquecuidar.com\\\/loja\\\/produtos-saude\\\/curativos-tratamentos-feridas\\\/adesivo-hipoalergico-omnifix\"]}]},{\"@type\":\"ImageObject\",\"inLanguage\":\"pt-PT\",\"@id\":\"https:\\\/\\\/www.maisquecuidar.com\\\/loja\\\/produtos-saude\\\/curativos-tratamentos-feridas\\\/adesivo-hipoalergico-omnifix#primaryimage\",\"url\":\"https:\\\/\\\/img.maisquecuidar.com\\\/loja\\\/wp-content\\\/uploads\\\/2017\\\/02\\\/omnifix-adesivo-hartmann.png\",\"contentUrl\":\"https:\\\/\\\/img.maisquecuidar.com\\\/loja\\\/wp-content\\\/uploads\\\/2017\\\/02\\\/omnifix-adesivo-hartmann.png\",\"width\":1280,\"height\":800,\"caption\":\"Rolo de adesivo hipoal\u00e9rgico Omnifix\"},{\"@type\":\"BreadcrumbList\",\"@id\":\"https:\\\/\\\/www.maisquecuidar.com\\\/loja\\\/produtos-saude\\\/curativos-tratamentos-feridas\\\/adesivo-hipoalergico-omnifix#breadcrumb\",\"itemListElement\":[{\"@type\":\"ListItem\",\"position\":1,\"name\":\"Home\",\"item\":\"https:\\\/\\\/www.maisquecuidar.com\\\/loja\\\/\"},{\"@type\":\"ListItem\",\"position\":2,\"name\":\"Loja Online de Ortopedia e Geriatria em Portugal\",\"item\":\"https:\\\/\\\/www.maisquecuidar.com\\\/loja\\\/loja\"},{\"@type\":\"ListItem\",\"position\":3,\"name\":\"Produtos de Sa\u00fade\",\"item\":\"https:\\\/\\\/www.maisquecuidar.com\\\/loja\\\/produtos-saude\"},{\"@type\":\"ListItem\",\"position\":4,\"name\":\"Curativos para Tratamento de Feridas\",\"item\":\"https:\\\/\\\/www.maisquecuidar.com\\\/loja\\\/produtos-saude\\\/curativos-tratamentos-feridas\"},{\"@type\":\"ListItem\",\"position\":5,\"name\":\"Adesivo Hipoal\u00e9rgico Omnifix Hartmann\"}]},{\"@type\":\"WebSite\",\"@id\":\"https:\\\/\\\/www.maisquecuidar.com\\\/loja\\\/#website\",\"url\":\"https:\\\/\\\/www.maisquecuidar.com\\\/loja\\\/\",\"name\":\"Mais que Cuidar\",\"description\":\"Sa\u00fade, Ortopedia e Geriatria\",\"publisher\":{\"@id\":\"https:\\\/\\\/www.maisquecuidar.com\\\/loja\\\/#organization\"},\"potentialAction\":[{\"@type\":\"SearchAction\",\"target\":{\"@type\":\"EntryPoint\",\"urlTemplate\":\"https:\\\/\\\/www.maisquecuidar.com\\\/loja\\\/?s={search_term_string}\"},\"query-input\":{\"@type\":\"PropertyValueSpecification\",\"valueRequired\":true,\"valueName\":\"search_term_string\"}}],\"inLanguage\":\"pt-PT\"},{\"@type\":\"Organization\",\"@id\":\"https:\\\/\\\/www.maisquecuidar.com\\\/loja\\\/#organization\",\"name\":\"Mais Que Cuidar\",\"url\":\"https:\\\/\\\/www.maisquecuidar.com\\\/loja\\\/\",\"logo\":{\"@type\":\"ImageObject\",\"inLanguage\":\"pt-PT\",\"@id\":\"https:\\\/\\\/www.maisquecuidar.com\\\/loja\\\/#\\\/schema\\\/logo\\\/image\\\/\",\"url\":\"https:\\\/\\\/img.maisquecuidar.com\\\/loja\\\/wp-content\\\/uploads\\\/2019\\\/08\\\/logo-mais-que-cuidar-retina.png\",\"contentUrl\":\"https:\\\/\\\/img.maisquecuidar.com\\\/loja\\\/wp-content\\\/uploads\\\/2019\\\/08\\\/logo-mais-que-cuidar-retina.png\",\"width\":565,\"height\":75,\"caption\":\"Mais Que Cuidar\"},\"image\":{\"@id\":\"https:\\\/\\\/www.maisquecuidar.com\\\/loja\\\/#\\\/schema\\\/logo\\\/image\\\/\"},\"sameAs\":[\"https:\\\/\\\/www.facebook.com\\\/maisquecuidar.pt\",\"https:\\\/\\\/www.instagram.com\\\/maisquecuidar\"]}]}<\/script>\n<!-- \/ Yoast SEO plugin. -->","yoast_head_json":{"title":"Adesivo Hipoal\u00e9rgico Omnifix Hartmann - Mais que Cuidar","description":"Descubra o adesivo hipoal\u00e9rgico Omnifix da Hartmann indicado para a reten\u00e7\u00e3o de v\u00e1rios tipos de pensos na pele. Confira o pre\u00e7o.","robots":{"index":"index","follow":"follow","max-snippet":"max-snippet:-1","max-image-preview":"max-image-preview:large","max-video-preview":"max-video-preview:-1"},"canonical":"https:\/\/www.maisquecuidar.com\/loja\/produtos-saude\/curativos-tratamentos-feridas\/adesivo-hipoalergico-omnifix","og_locale":"pt_PT","og_type":"article","og_title":"Adesivo Hipoal\u00e9rgico Omnifix Hartmann - Mais que Cuidar","og_description":"Descubra o adesivo hipoal\u00e9rgico Omnifix da Hartmann indicado para a reten\u00e7\u00e3o de v\u00e1rios tipos de pensos na pele. Confira o pre\u00e7o.","og_url":"https:\/\/www.maisquecuidar.com\/loja\/produtos-saude\/curativos-tratamentos-feridas\/adesivo-hipoalergico-omnifix","og_site_name":"Mais que Cuidar","article_publisher":"https:\/\/www.facebook.com\/maisquecuidar.pt","article_modified_time":"2026-02-18T10:18:30+00:00","og_image":[{"width":1280,"height":800,"url":"https:\/\/img.maisquecuidar.com\/loja\/wp-content\/uploads\/2017\/02\/omnifix-adesivo-hartmann.png","type":"image\/png"}],"twitter_misc":{"Tempo estimado de leitura":"1 minuto"},"schema":{"@context":"https:\/\/schema.org","@graph":[{"@type":"WebPage","@id":"https:\/\/www.maisquecuidar.com\/loja\/produtos-saude\/curativos-tratamentos-feridas\/adesivo-hipoalergico-omnifix","url":"https:\/\/www.maisquecuidar.com\/loja\/produtos-saude\/curativos-tratamentos-feridas\/adesivo-hipoalergico-omnifix","name":"Adesivo Hipoal\u00e9rgico Omnifix Hartmann - Mais que Cuidar","isPartOf":{"@id":"https:\/\/www.maisquecuidar.com\/loja\/#website"},"primaryImageOfPage":{"@id":"https:\/\/www.maisquecuidar.com\/loja\/produtos-saude\/curativos-tratamentos-feridas\/adesivo-hipoalergico-omnifix#primaryimage"},"image":{"@id":"https:\/\/www.maisquecuidar.com\/loja\/produtos-saude\/curativos-tratamentos-feridas\/adesivo-hipoalergico-omnifix#primaryimage"},"thumbnailUrl":"https:\/\/img.maisquecuidar.com\/loja\/wp-content\/uploads\/2017\/02\/omnifix-adesivo-hartmann.png","datePublished":"2017-02-27T15:18:50+00:00","dateModified":"2026-02-18T10:18:30+00:00","description":"Descubra o adesivo hipoal\u00e9rgico Omnifix da Hartmann indicado para a reten\u00e7\u00e3o de v\u00e1rios tipos de pensos na pele. Confira o pre\u00e7o.","breadcrumb":{"@id":"https:\/\/www.maisquecuidar.com\/loja\/produtos-saude\/curativos-tratamentos-feridas\/adesivo-hipoalergico-omnifix#breadcrumb"},"inLanguage":"pt-PT","potentialAction":[{"@type":"ReadAction","target":["https:\/\/www.maisquecuidar.com\/loja\/produtos-saude\/curativos-tratamentos-feridas\/adesivo-hipoalergico-omnifix"]}]},{"@type":"ImageObject","inLanguage":"pt-PT","@id":"https:\/\/www.maisquecuidar.com\/loja\/produtos-saude\/curativos-tratamentos-feridas\/adesivo-hipoalergico-omnifix#primaryimage","url":"https:\/\/img.maisquecuidar.com\/loja\/wp-content\/uploads\/2017\/02\/omnifix-adesivo-hartmann.png","contentUrl":"https:\/\/img.maisquecuidar.com\/loja\/wp-content\/uploads\/2017\/02\/omnifix-adesivo-hartmann.png","width":1280,"height":800,"caption":"Rolo de adesivo hipoal\u00e9rgico Omnifix"},{"@type":"BreadcrumbList","@id":"https:\/\/www.maisquecuidar.com\/loja\/produtos-saude\/curativos-tratamentos-feridas\/adesivo-hipoalergico-omnifix#breadcrumb","itemListElement":[{"@type":"ListItem","position":1,"name":"Home","item":"https:\/\/www.maisquecuidar.com\/loja\/"},{"@type":"ListItem","position":2,"name":"Loja Online de Ortopedia e Geriatria em Portugal","item":"https:\/\/www.maisquecuidar.com\/loja\/loja"},{"@type":"ListItem","position":3,"name":"Produtos de Sa\u00fade","item":"https:\/\/www.maisquecuidar.com\/loja\/produtos-saude"},{"@type":"ListItem","position":4,"name":"Curativos para Tratamento de Feridas","item":"https:\/\/www.maisquecuidar.com\/loja\/produtos-saude\/curativos-tratamentos-feridas"},{"@type":"ListItem","position":5,"name":"Adesivo Hipoal\u00e9rgico Omnifix Hartmann"}]},{"@type":"WebSite","@id":"https:\/\/www.maisquecuidar.com\/loja\/#website","url":"https:\/\/www.maisquecuidar.com\/loja\/","name":"Mais que Cuidar","description":"Sa\u00fade, Ortopedia e Geriatria","publisher":{"@id":"https:\/\/www.maisquecuidar.com\/loja\/#organization"},"potentialAction":[{"@type":"SearchAction","target":{"@type":"EntryPoint","urlTemplate":"https:\/\/www.maisquecuidar.com\/loja\/?s={search_term_string}"},"query-input":{"@type":"PropertyValueSpecification","valueRequired":true,"valueName":"search_term_string"}}],"inLanguage":"pt-PT"},{"@type":"Organization","@id":"https:\/\/www.maisquecuidar.com\/loja\/#organization","name":"Mais Que Cuidar","url":"https:\/\/www.maisquecuidar.com\/loja\/","logo":{"@type":"ImageObject","inLanguage":"pt-PT","@id":"https:\/\/www.maisquecuidar.com\/loja\/#\/schema\/logo\/image\/","url":"https:\/\/img.maisquecuidar.com\/loja\/wp-content\/uploads\/2019\/08\/logo-mais-que-cuidar-retina.png","contentUrl":"https:\/\/img.maisquecuidar.com\/loja\/wp-content\/uploads\/2019\/08\/logo-mais-que-cuidar-retina.png","width":565,"height":75,"caption":"Mais Que Cuidar"},"image":{"@id":"https:\/\/www.maisquecuidar.com\/loja\/#\/schema\/logo\/image\/"},"sameAs":["https:\/\/www.facebook.com\/maisquecuidar.pt","https:\/\/www.instagram.com\/maisquecuidar"]}]}},"_links":{"self":[{"href":"https:\/\/www.maisquecuidar.com\/loja\/wp-json\/wp\/v2\/product\/5844","targetHints":{"allow":["GET"]}}],"collection":[{"href":"https:\/\/www.maisquecuidar.com\/loja\/wp-json\/wp\/v2\/product"}],"about":[{"href":"https:\/\/www.maisquecuidar.com\/loja\/wp-json\/wp\/v2\/types\/product"}],"wp:featuredmedia":[{"embeddable":true,"href":"https:\/\/www.maisquecuidar.com\/loja\/wp-json\/wp\/v2\/media\/14963"}],"wp:attachment":[{"href":"https:\/\/www.maisquecuidar.com\/loja\/wp-json\/wp\/v2\/media?parent=5844"}],"wp:term":[{"taxonomy":"product_brand","embeddable":true,"href":"https:\/\/www.maisquecuidar.com\/loja\/wp-json\/wp\/v2\/product_brand?post=5844"},{"taxonomy":"product_cat","embeddable":true,"href":"https:\/\/www.maisquecuidar.com\/loja\/wp-json\/wp\/v2\/product_cat?post=5844"},{"taxonomy":"product_tag","embeddable":true,"href":"https:\/\/www.maisquecuidar.com\/loja\/wp-json\/wp\/v2\/product_tag?post=5844"}],"curies":[{"name":"wp","href":"https:\/\/api.w.org\/{rel}","templated":true}]}}