{"id":5775,"date":"2017-02-19T00:07:27","date_gmt":"2017-02-19T00:07:27","guid":{"rendered":"https:\/\/www.maisquecuidar.com\/loja\/?post_type=product&#038;p=5775"},"modified":"2025-10-01T18:31:48","modified_gmt":"2025-10-01T17:31:48","slug":"cinta-sacrolombar-lumbitron","status":"publish","type":"product","link":"https:\/\/www.maisquecuidar.com\/loja\/produtos-ortopedicos-ortoteses\/bandas-cintas-ortopedicas\/cinta-sacrolombar-lumbitron","title":{"rendered":"Cinta Sacrolombar Tipo Lumbitron Orliman"},"content":{"rendered":"<p>A cinta sacrolombar tipo lumbriton da Orliman incorpora uma almofada lombar em espuma para dar calor nessa regia\u0303o, podendo ser retirada se na\u0303o for necessa\u0301ria.<\/p>\n<h3>Indica\u00e7\u00f5es<\/h3>\n<ul>\n<li>Lombalgia e lombocia\u0301tica.<\/li>\n<li>Processos degenerativos.<\/li>\n<li>Atonia e debilidade muscular.<\/li>\n<li>Tratamentos pre\u0301 e po\u0301s-ciru\u0301rgicos.<\/li>\n<\/ul>\n<h3>Efeitos<\/h3>\n<ul>\n<li>Estabilizac\u0327a\u0303o sacrolombar.<\/li>\n<li>Perfeita adaptac\u0327a\u0303o anato\u0301mica.<\/li>\n<li>Conforto na utilizac\u0327a\u0303o e toque suave em contacto com a pele.<\/li>\n<\/ul>\n<h3>Tamanhos<\/h3>\n<p><img fetchpriority=\"high\" decoding=\"async\" class=\"alignnone wp-image-15066\" src=\"https:\/\/img.maisquecuidar.com\/loja\/wp-content\/uploads\/2017\/02\/tamanhos-cinta-sacrolombar-orliman-800x694.png\" alt=\"Tamanhos da cinta sacro-lombar da Orliman\" width=\"376\" height=\"326\" srcset=\"https:\/\/img.maisquecuidar.com\/loja\/wp-content\/uploads\/2017\/02\/tamanhos-cinta-sacrolombar-orliman-800x694.png 800w, https:\/\/img.maisquecuidar.com\/loja\/wp-content\/uploads\/2017\/02\/tamanhos-cinta-sacrolombar-orliman-380x330.png 380w, https:\/\/img.maisquecuidar.com\/loja\/wp-content\/uploads\/2017\/02\/tamanhos-cinta-sacrolombar-orliman-768x666.png 768w, https:\/\/img.maisquecuidar.com\/loja\/wp-content\/uploads\/2017\/02\/tamanhos-cinta-sacrolombar-orliman-350x304.png 350w, https:\/\/img.maisquecuidar.com\/loja\/wp-content\/uploads\/2017\/02\/tamanhos-cinta-sacrolombar-orliman.png 860w\" sizes=\"(max-width: 376px) 100vw, 376px\" \/><\/p>\n<p>&nbsp;<\/p>\n","protected":false},"excerpt":{"rendered":"<p>Faixa sacrolombar em material respir\u00e1vel multibanda com duas bandas cruzadas, hastes flexi\u0301veis posteriores e fecho de velcro anterior.<\/p>\n","protected":false},"featured_media":15068,"template":"","meta":{"_acf_changed":false,"neve_meta_sidebar":"","neve_meta_container":"","neve_meta_enable_content_width":"","neve_meta_content_width":0,"neve_meta_title_alignment":"","neve_meta_author_avatar":"","neve_post_elements_order":"","neve_meta_disable_header":"","neve_meta_disable_footer":"","neve_meta_disable_title":""},"product_brand":[],"product_cat":[475],"product_tag":[496],"class_list":{"0":"post-5775","1":"product","2":"type-product","3":"status-publish","4":"has-post-thumbnail","6":"product_cat-bandas-cintas-ortopedicas","7":"product_tag-cinta-sacrolombar-lumbitron","9":"first","10":"onbackorder","11":"sold-individually","12":"taxable","13":"shipping-taxable","14":"purchasable","15":"product-type-variable"},"acf":[],"yoast_head":"<!-- This site is optimized with the Yoast SEO plugin v27.5 - https:\/\/yoast.com\/product\/yoast-seo-wordpress\/ -->\n<title>Cinta Sacrolombar Tipo Lumbitron Orliman - Mais que Cuidar<\/title>\n<meta name=\"description\" content=\"Conhe\u00e7a a cinta de apoio sacrolombar tipo lumbitron com uma perfeita adapta\u00e7\u00e3o anat\u00f3mica. Confira o pre\u00e7o na Mais que Cuidar.\" \/>\n<meta name=\"robots\" content=\"index, follow, max-snippet:-1, max-image-preview:large, max-video-preview:-1\" \/>\n<link rel=\"canonical\" href=\"https:\/\/www.maisquecuidar.com\/loja\/produtos-ortopedicos-ortoteses\/bandas-cintas-ortopedicas\/cinta-sacrolombar-lumbitron\" \/>\n<meta property=\"og:locale\" content=\"pt_PT\" \/>\n<meta property=\"og:type\" content=\"article\" \/>\n<meta property=\"og:title\" content=\"Cinta Sacrolombar Tipo Lumbitron Orliman - Mais que Cuidar\" \/>\n<meta property=\"og:description\" content=\"Conhe\u00e7a a cinta de apoio sacrolombar tipo lumbitron com uma perfeita adapta\u00e7\u00e3o anat\u00f3mica. Confira o pre\u00e7o na Mais que Cuidar.\" \/>\n<meta property=\"og:url\" content=\"https:\/\/www.maisquecuidar.com\/loja\/produtos-ortopedicos-ortoteses\/bandas-cintas-ortopedicas\/cinta-sacrolombar-lumbitron\" \/>\n<meta property=\"og:site_name\" content=\"Mais que Cuidar\" \/>\n<meta property=\"article:publisher\" content=\"https:\/\/www.facebook.com\/maisquecuidar.pt\" \/>\n<meta property=\"article:modified_time\" content=\"2025-10-01T17:31:48+00:00\" \/>\n<meta property=\"og:image\" content=\"https:\/\/img.maisquecuidar.com\/loja\/wp-content\/uploads\/2017\/02\/cinta-sacrolombar-orliman.png\" \/>\n\t<meta property=\"og:image:width\" content=\"1280\" \/>\n\t<meta property=\"og:image:height\" content=\"800\" \/>\n\t<meta property=\"og:image:type\" content=\"image\/png\" \/>\n<meta name=\"twitter:label1\" content=\"Tempo estimado de leitura\" \/>\n\t<meta name=\"twitter:data1\" content=\"1 minuto\" \/>\n<script type=\"application\/ld+json\" class=\"yoast-schema-graph\">{\"@context\":\"https:\\\/\\\/schema.org\",\"@graph\":[{\"@type\":\"WebPage\",\"@id\":\"https:\\\/\\\/www.maisquecuidar.com\\\/loja\\\/produtos-ortopedicos-ortoteses\\\/bandas-cintas-ortopedicas\\\/cinta-sacrolombar-lumbitron\",\"url\":\"https:\\\/\\\/www.maisquecuidar.com\\\/loja\\\/produtos-ortopedicos-ortoteses\\\/bandas-cintas-ortopedicas\\\/cinta-sacrolombar-lumbitron\",\"name\":\"Cinta Sacrolombar Tipo Lumbitron Orliman - Mais que Cuidar\",\"isPartOf\":{\"@id\":\"https:\\\/\\\/www.maisquecuidar.com\\\/loja\\\/#website\"},\"primaryImageOfPage\":{\"@id\":\"https:\\\/\\\/www.maisquecuidar.com\\\/loja\\\/produtos-ortopedicos-ortoteses\\\/bandas-cintas-ortopedicas\\\/cinta-sacrolombar-lumbitron#primaryimage\"},\"image\":{\"@id\":\"https:\\\/\\\/www.maisquecuidar.com\\\/loja\\\/produtos-ortopedicos-ortoteses\\\/bandas-cintas-ortopedicas\\\/cinta-sacrolombar-lumbitron#primaryimage\"},\"thumbnailUrl\":\"https:\\\/\\\/img.maisquecuidar.com\\\/loja\\\/wp-content\\\/uploads\\\/2017\\\/02\\\/cinta-sacrolombar-orliman.png\",\"datePublished\":\"2017-02-19T00:07:27+00:00\",\"dateModified\":\"2025-10-01T17:31:48+00:00\",\"description\":\"Conhe\u00e7a a cinta de apoio sacrolombar tipo lumbitron com uma perfeita adapta\u00e7\u00e3o anat\u00f3mica. Confira o pre\u00e7o na Mais que Cuidar.\",\"breadcrumb\":{\"@id\":\"https:\\\/\\\/www.maisquecuidar.com\\\/loja\\\/produtos-ortopedicos-ortoteses\\\/bandas-cintas-ortopedicas\\\/cinta-sacrolombar-lumbitron#breadcrumb\"},\"inLanguage\":\"pt-PT\",\"potentialAction\":[{\"@type\":\"ReadAction\",\"target\":[\"https:\\\/\\\/www.maisquecuidar.com\\\/loja\\\/produtos-ortopedicos-ortoteses\\\/bandas-cintas-ortopedicas\\\/cinta-sacrolombar-lumbitron\"]}]},{\"@type\":\"ImageObject\",\"inLanguage\":\"pt-PT\",\"@id\":\"https:\\\/\\\/www.maisquecuidar.com\\\/loja\\\/produtos-ortopedicos-ortoteses\\\/bandas-cintas-ortopedicas\\\/cinta-sacrolombar-lumbitron#primaryimage\",\"url\":\"https:\\\/\\\/img.maisquecuidar.com\\\/loja\\\/wp-content\\\/uploads\\\/2017\\\/02\\\/cinta-sacrolombar-orliman.png\",\"contentUrl\":\"https:\\\/\\\/img.maisquecuidar.com\\\/loja\\\/wp-content\\\/uploads\\\/2017\\\/02\\\/cinta-sacrolombar-orliman.png\",\"width\":1280,\"height\":800,\"caption\":\"Cinta sacrolombar da Orliman\"},{\"@type\":\"BreadcrumbList\",\"@id\":\"https:\\\/\\\/www.maisquecuidar.com\\\/loja\\\/produtos-ortopedicos-ortoteses\\\/bandas-cintas-ortopedicas\\\/cinta-sacrolombar-lumbitron#breadcrumb\",\"itemListElement\":[{\"@type\":\"ListItem\",\"position\":1,\"name\":\"Home\",\"item\":\"https:\\\/\\\/www.maisquecuidar.com\\\/loja\\\/\"},{\"@type\":\"ListItem\",\"position\":2,\"name\":\"Loja Online de Ortopedia e Geriatria em Portugal\",\"item\":\"https:\\\/\\\/www.maisquecuidar.com\\\/loja\\\/loja\"},{\"@type\":\"ListItem\",\"position\":3,\"name\":\"Produtos Ortop\u00e9dicos - Ort\u00f3teses\",\"item\":\"https:\\\/\\\/www.maisquecuidar.com\\\/loja\\\/produtos-ortopedicos-ortoteses\"},{\"@type\":\"ListItem\",\"position\":4,\"name\":\"Bandas e Cintas Ortop\u00e9dicas\",\"item\":\"https:\\\/\\\/www.maisquecuidar.com\\\/loja\\\/produtos-ortopedicos-ortoteses\\\/bandas-cintas-ortopedicas\"},{\"@type\":\"ListItem\",\"position\":5,\"name\":\"Cinta Sacrolombar Tipo Lumbitron Orliman\"}]},{\"@type\":\"WebSite\",\"@id\":\"https:\\\/\\\/www.maisquecuidar.com\\\/loja\\\/#website\",\"url\":\"https:\\\/\\\/www.maisquecuidar.com\\\/loja\\\/\",\"name\":\"Mais que Cuidar\",\"description\":\"Sa\u00fade, Ortopedia e Geriatria\",\"publisher\":{\"@id\":\"https:\\\/\\\/www.maisquecuidar.com\\\/loja\\\/#organization\"},\"potentialAction\":[{\"@type\":\"SearchAction\",\"target\":{\"@type\":\"EntryPoint\",\"urlTemplate\":\"https:\\\/\\\/www.maisquecuidar.com\\\/loja\\\/?s={search_term_string}\"},\"query-input\":{\"@type\":\"PropertyValueSpecification\",\"valueRequired\":true,\"valueName\":\"search_term_string\"}}],\"inLanguage\":\"pt-PT\"},{\"@type\":\"Organization\",\"@id\":\"https:\\\/\\\/www.maisquecuidar.com\\\/loja\\\/#organization\",\"name\":\"Mais Que Cuidar\",\"url\":\"https:\\\/\\\/www.maisquecuidar.com\\\/loja\\\/\",\"logo\":{\"@type\":\"ImageObject\",\"inLanguage\":\"pt-PT\",\"@id\":\"https:\\\/\\\/www.maisquecuidar.com\\\/loja\\\/#\\\/schema\\\/logo\\\/image\\\/\",\"url\":\"https:\\\/\\\/img.maisquecuidar.com\\\/loja\\\/wp-content\\\/uploads\\\/2019\\\/08\\\/logo-mais-que-cuidar-retina.png\",\"contentUrl\":\"https:\\\/\\\/img.maisquecuidar.com\\\/loja\\\/wp-content\\\/uploads\\\/2019\\\/08\\\/logo-mais-que-cuidar-retina.png\",\"width\":565,\"height\":75,\"caption\":\"Mais Que Cuidar\"},\"image\":{\"@id\":\"https:\\\/\\\/www.maisquecuidar.com\\\/loja\\\/#\\\/schema\\\/logo\\\/image\\\/\"},\"sameAs\":[\"https:\\\/\\\/www.facebook.com\\\/maisquecuidar.pt\",\"https:\\\/\\\/www.instagram.com\\\/maisquecuidar\"]}]}<\/script>\n<!-- \/ Yoast SEO plugin. -->","yoast_head_json":{"title":"Cinta Sacrolombar Tipo Lumbitron Orliman - Mais que Cuidar","description":"Conhe\u00e7a a cinta de apoio sacrolombar tipo lumbitron com uma perfeita adapta\u00e7\u00e3o anat\u00f3mica. Confira o pre\u00e7o na Mais que Cuidar.","robots":{"index":"index","follow":"follow","max-snippet":"max-snippet:-1","max-image-preview":"max-image-preview:large","max-video-preview":"max-video-preview:-1"},"canonical":"https:\/\/www.maisquecuidar.com\/loja\/produtos-ortopedicos-ortoteses\/bandas-cintas-ortopedicas\/cinta-sacrolombar-lumbitron","og_locale":"pt_PT","og_type":"article","og_title":"Cinta Sacrolombar Tipo Lumbitron Orliman - Mais que Cuidar","og_description":"Conhe\u00e7a a cinta de apoio sacrolombar tipo lumbitron com uma perfeita adapta\u00e7\u00e3o anat\u00f3mica. Confira o pre\u00e7o na Mais que Cuidar.","og_url":"https:\/\/www.maisquecuidar.com\/loja\/produtos-ortopedicos-ortoteses\/bandas-cintas-ortopedicas\/cinta-sacrolombar-lumbitron","og_site_name":"Mais que Cuidar","article_publisher":"https:\/\/www.facebook.com\/maisquecuidar.pt","article_modified_time":"2025-10-01T17:31:48+00:00","og_image":[{"width":1280,"height":800,"url":"https:\/\/img.maisquecuidar.com\/loja\/wp-content\/uploads\/2017\/02\/cinta-sacrolombar-orliman.png","type":"image\/png"}],"twitter_misc":{"Tempo estimado de leitura":"1 minuto"},"schema":{"@context":"https:\/\/schema.org","@graph":[{"@type":"WebPage","@id":"https:\/\/www.maisquecuidar.com\/loja\/produtos-ortopedicos-ortoteses\/bandas-cintas-ortopedicas\/cinta-sacrolombar-lumbitron","url":"https:\/\/www.maisquecuidar.com\/loja\/produtos-ortopedicos-ortoteses\/bandas-cintas-ortopedicas\/cinta-sacrolombar-lumbitron","name":"Cinta Sacrolombar Tipo Lumbitron Orliman - Mais que Cuidar","isPartOf":{"@id":"https:\/\/www.maisquecuidar.com\/loja\/#website"},"primaryImageOfPage":{"@id":"https:\/\/www.maisquecuidar.com\/loja\/produtos-ortopedicos-ortoteses\/bandas-cintas-ortopedicas\/cinta-sacrolombar-lumbitron#primaryimage"},"image":{"@id":"https:\/\/www.maisquecuidar.com\/loja\/produtos-ortopedicos-ortoteses\/bandas-cintas-ortopedicas\/cinta-sacrolombar-lumbitron#primaryimage"},"thumbnailUrl":"https:\/\/img.maisquecuidar.com\/loja\/wp-content\/uploads\/2017\/02\/cinta-sacrolombar-orliman.png","datePublished":"2017-02-19T00:07:27+00:00","dateModified":"2025-10-01T17:31:48+00:00","description":"Conhe\u00e7a a cinta de apoio sacrolombar tipo lumbitron com uma perfeita adapta\u00e7\u00e3o anat\u00f3mica. Confira o pre\u00e7o na Mais que Cuidar.","breadcrumb":{"@id":"https:\/\/www.maisquecuidar.com\/loja\/produtos-ortopedicos-ortoteses\/bandas-cintas-ortopedicas\/cinta-sacrolombar-lumbitron#breadcrumb"},"inLanguage":"pt-PT","potentialAction":[{"@type":"ReadAction","target":["https:\/\/www.maisquecuidar.com\/loja\/produtos-ortopedicos-ortoteses\/bandas-cintas-ortopedicas\/cinta-sacrolombar-lumbitron"]}]},{"@type":"ImageObject","inLanguage":"pt-PT","@id":"https:\/\/www.maisquecuidar.com\/loja\/produtos-ortopedicos-ortoteses\/bandas-cintas-ortopedicas\/cinta-sacrolombar-lumbitron#primaryimage","url":"https:\/\/img.maisquecuidar.com\/loja\/wp-content\/uploads\/2017\/02\/cinta-sacrolombar-orliman.png","contentUrl":"https:\/\/img.maisquecuidar.com\/loja\/wp-content\/uploads\/2017\/02\/cinta-sacrolombar-orliman.png","width":1280,"height":800,"caption":"Cinta sacrolombar da Orliman"},{"@type":"BreadcrumbList","@id":"https:\/\/www.maisquecuidar.com\/loja\/produtos-ortopedicos-ortoteses\/bandas-cintas-ortopedicas\/cinta-sacrolombar-lumbitron#breadcrumb","itemListElement":[{"@type":"ListItem","position":1,"name":"Home","item":"https:\/\/www.maisquecuidar.com\/loja\/"},{"@type":"ListItem","position":2,"name":"Loja Online de Ortopedia e Geriatria em Portugal","item":"https:\/\/www.maisquecuidar.com\/loja\/loja"},{"@type":"ListItem","position":3,"name":"Produtos Ortop\u00e9dicos - Ort\u00f3teses","item":"https:\/\/www.maisquecuidar.com\/loja\/produtos-ortopedicos-ortoteses"},{"@type":"ListItem","position":4,"name":"Bandas e Cintas Ortop\u00e9dicas","item":"https:\/\/www.maisquecuidar.com\/loja\/produtos-ortopedicos-ortoteses\/bandas-cintas-ortopedicas"},{"@type":"ListItem","position":5,"name":"Cinta Sacrolombar Tipo Lumbitron Orliman"}]},{"@type":"WebSite","@id":"https:\/\/www.maisquecuidar.com\/loja\/#website","url":"https:\/\/www.maisquecuidar.com\/loja\/","name":"Mais que Cuidar","description":"Sa\u00fade, Ortopedia e Geriatria","publisher":{"@id":"https:\/\/www.maisquecuidar.com\/loja\/#organization"},"potentialAction":[{"@type":"SearchAction","target":{"@type":"EntryPoint","urlTemplate":"https:\/\/www.maisquecuidar.com\/loja\/?s={search_term_string}"},"query-input":{"@type":"PropertyValueSpecification","valueRequired":true,"valueName":"search_term_string"}}],"inLanguage":"pt-PT"},{"@type":"Organization","@id":"https:\/\/www.maisquecuidar.com\/loja\/#organization","name":"Mais Que Cuidar","url":"https:\/\/www.maisquecuidar.com\/loja\/","logo":{"@type":"ImageObject","inLanguage":"pt-PT","@id":"https:\/\/www.maisquecuidar.com\/loja\/#\/schema\/logo\/image\/","url":"https:\/\/img.maisquecuidar.com\/loja\/wp-content\/uploads\/2019\/08\/logo-mais-que-cuidar-retina.png","contentUrl":"https:\/\/img.maisquecuidar.com\/loja\/wp-content\/uploads\/2019\/08\/logo-mais-que-cuidar-retina.png","width":565,"height":75,"caption":"Mais Que Cuidar"},"image":{"@id":"https:\/\/www.maisquecuidar.com\/loja\/#\/schema\/logo\/image\/"},"sameAs":["https:\/\/www.facebook.com\/maisquecuidar.pt","https:\/\/www.instagram.com\/maisquecuidar"]}]}},"_links":{"self":[{"href":"https:\/\/www.maisquecuidar.com\/loja\/wp-json\/wp\/v2\/product\/5775","targetHints":{"allow":["GET"]}}],"collection":[{"href":"https:\/\/www.maisquecuidar.com\/loja\/wp-json\/wp\/v2\/product"}],"about":[{"href":"https:\/\/www.maisquecuidar.com\/loja\/wp-json\/wp\/v2\/types\/product"}],"wp:featuredmedia":[{"embeddable":true,"href":"https:\/\/www.maisquecuidar.com\/loja\/wp-json\/wp\/v2\/media\/15068"}],"wp:attachment":[{"href":"https:\/\/www.maisquecuidar.com\/loja\/wp-json\/wp\/v2\/media?parent=5775"}],"wp:term":[{"taxonomy":"product_brand","embeddable":true,"href":"https:\/\/www.maisquecuidar.com\/loja\/wp-json\/wp\/v2\/product_brand?post=5775"},{"taxonomy":"product_cat","embeddable":true,"href":"https:\/\/www.maisquecuidar.com\/loja\/wp-json\/wp\/v2\/product_cat?post=5775"},{"taxonomy":"product_tag","embeddable":true,"href":"https:\/\/www.maisquecuidar.com\/loja\/wp-json\/wp\/v2\/product_tag?post=5775"}],"curies":[{"name":"wp","href":"https:\/\/api.w.org\/{rel}","templated":true}]}}