{"id":5263,"date":"2017-01-30T14:37:24","date_gmt":"2017-01-30T14:37:24","guid":{"rendered":"https:\/\/www.maisquecuidar.com\/loja\/?post_type=product&#038;p=5263"},"modified":"2025-10-01T18:31:06","modified_gmt":"2025-10-01T17:31:06","slug":"balanca-digital-para-bebe","status":"publish","type":"product","link":"https:\/\/www.maisquecuidar.com\/loja\/produtos-saude\/produtos-maternidade\/balanca-digital-para-bebe","title":{"rendered":"Balan\u00e7a Digital para Beb\u00e9"},"content":{"rendered":"<p>A balan\u00e7a digital para beb\u00e9 tem um desenho ergon\u00f3mico que proporciona conforto e estabilidade. \u00c9 indicada para controlar o peso do beb\u00e9 at\u00e9 15 kg.<\/p>\n<p>Disp\u00f5e de um visor grande de cristais l\u00edquidos de 78,5 x 37 mm. Indica a diferen\u00e7a de peso entre pesagens. Tem indicador de desgaste de pilha.<\/p>\n<p>Recomenda\u00e7\u00e3o sobre a utiliza\u00e7\u00e3o: O controlo do peso do beb\u00e9 em casa, n\u00e3o dispensa o aconselhamento e a vigil\u00e2ncia por parte dos profissionais de sa\u00fade.<\/p>\n<div class=\"innerShortcode\">\n<div class=\"innerContent\">\n<p>&nbsp;<\/p>\n<\/div>\n<\/div>\n","protected":false},"excerpt":{"rendered":"<p>Balan\u00e7a indicada para controlar o peso de rec\u00e9m-nascidos, sobretudo em prematuros.<\/p>\n","protected":false},"featured_media":14877,"template":"","meta":{"_acf_changed":false,"neve_meta_sidebar":"","neve_meta_container":"","neve_meta_enable_content_width":"","neve_meta_content_width":0,"neve_meta_title_alignment":"","neve_meta_author_avatar":"","neve_post_elements_order":"","neve_meta_disable_header":"","neve_meta_disable_footer":"","neve_meta_disable_title":""},"product_brand":[],"product_cat":[466],"product_tag":[487],"class_list":{"0":"post-5263","1":"product","2":"type-product","3":"status-publish","4":"has-post-thumbnail","6":"product_cat-produtos-maternidade","7":"product_tag-balanca-para-bebe","9":"first","10":"instock","11":"taxable","12":"shipping-taxable","13":"purchasable","14":"product-type-simple"},"acf":[],"yoast_head":"<!-- This site is optimized with the Yoast SEO plugin v27.3 - https:\/\/yoast.com\/product\/yoast-seo-wordpress\/ -->\n<title>Balan\u00e7a Digital para Beb\u00e9 - Mais que Cuidar<\/title>\n<meta name=\"description\" content=\"Balan\u00e7a Digital para Beb\u00e9\" \/>\n<meta name=\"robots\" content=\"index, follow, max-snippet:-1, max-image-preview:large, max-video-preview:-1\" \/>\n<link rel=\"canonical\" href=\"https:\/\/www.maisquecuidar.com\/loja\/produtos-saude\/produtos-maternidade\/balanca-digital-para-bebe\" \/>\n<meta property=\"og:locale\" content=\"pt_PT\" \/>\n<meta property=\"og:type\" content=\"article\" \/>\n<meta property=\"og:title\" content=\"Balan\u00e7a Digital para Beb\u00e9 - Mais que Cuidar\" \/>\n<meta property=\"og:description\" content=\"Balan\u00e7a Digital para Beb\u00e9\" \/>\n<meta property=\"og:url\" content=\"https:\/\/www.maisquecuidar.com\/loja\/produtos-saude\/produtos-maternidade\/balanca-digital-para-bebe\" \/>\n<meta property=\"og:site_name\" content=\"Mais que Cuidar\" \/>\n<meta property=\"article:publisher\" content=\"https:\/\/www.facebook.com\/maisquecuidar.pt\" \/>\n<meta property=\"article:modified_time\" content=\"2025-10-01T17:31:06+00:00\" \/>\n<meta property=\"og:image\" content=\"https:\/\/img.maisquecuidar.com\/loja\/wp-content\/uploads\/2017\/01\/balanca-digital-bebe.png\" \/>\n\t<meta property=\"og:image:width\" content=\"1280\" \/>\n\t<meta property=\"og:image:height\" content=\"800\" \/>\n\t<meta property=\"og:image:type\" content=\"image\/png\" \/>\n<script type=\"application\/ld+json\" class=\"yoast-schema-graph\">{\"@context\":\"https:\\\/\\\/schema.org\",\"@graph\":[{\"@type\":\"WebPage\",\"@id\":\"https:\\\/\\\/www.maisquecuidar.com\\\/loja\\\/produtos-saude\\\/produtos-maternidade\\\/balanca-digital-para-bebe\",\"url\":\"https:\\\/\\\/www.maisquecuidar.com\\\/loja\\\/produtos-saude\\\/produtos-maternidade\\\/balanca-digital-para-bebe\",\"name\":\"Balan\u00e7a Digital para Beb\u00e9 - Mais que Cuidar\",\"isPartOf\":{\"@id\":\"https:\\\/\\\/www.maisquecuidar.com\\\/loja\\\/#website\"},\"primaryImageOfPage\":{\"@id\":\"https:\\\/\\\/www.maisquecuidar.com\\\/loja\\\/produtos-saude\\\/produtos-maternidade\\\/balanca-digital-para-bebe#primaryimage\"},\"image\":{\"@id\":\"https:\\\/\\\/www.maisquecuidar.com\\\/loja\\\/produtos-saude\\\/produtos-maternidade\\\/balanca-digital-para-bebe#primaryimage\"},\"thumbnailUrl\":\"https:\\\/\\\/img.maisquecuidar.com\\\/loja\\\/wp-content\\\/uploads\\\/2017\\\/01\\\/balanca-digital-bebe.png\",\"datePublished\":\"2017-01-30T14:37:24+00:00\",\"dateModified\":\"2025-10-01T17:31:06+00:00\",\"description\":\"Balan\u00e7a Digital para Beb\u00e9\",\"breadcrumb\":{\"@id\":\"https:\\\/\\\/www.maisquecuidar.com\\\/loja\\\/produtos-saude\\\/produtos-maternidade\\\/balanca-digital-para-bebe#breadcrumb\"},\"inLanguage\":\"pt-PT\",\"potentialAction\":[{\"@type\":\"ReadAction\",\"target\":[\"https:\\\/\\\/www.maisquecuidar.com\\\/loja\\\/produtos-saude\\\/produtos-maternidade\\\/balanca-digital-para-bebe\"]}]},{\"@type\":\"ImageObject\",\"inLanguage\":\"pt-PT\",\"@id\":\"https:\\\/\\\/www.maisquecuidar.com\\\/loja\\\/produtos-saude\\\/produtos-maternidade\\\/balanca-digital-para-bebe#primaryimage\",\"url\":\"https:\\\/\\\/img.maisquecuidar.com\\\/loja\\\/wp-content\\\/uploads\\\/2017\\\/01\\\/balanca-digital-bebe.png\",\"contentUrl\":\"https:\\\/\\\/img.maisquecuidar.com\\\/loja\\\/wp-content\\\/uploads\\\/2017\\\/01\\\/balanca-digital-bebe.png\",\"width\":1280,\"height\":800,\"caption\":\"Balan\u00e7a digital para beb\u00e9\"},{\"@type\":\"BreadcrumbList\",\"@id\":\"https:\\\/\\\/www.maisquecuidar.com\\\/loja\\\/produtos-saude\\\/produtos-maternidade\\\/balanca-digital-para-bebe#breadcrumb\",\"itemListElement\":[{\"@type\":\"ListItem\",\"position\":1,\"name\":\"Home\",\"item\":\"https:\\\/\\\/www.maisquecuidar.com\\\/loja\\\/\"},{\"@type\":\"ListItem\",\"position\":2,\"name\":\"Loja Online de Ortopedia e Geriatria em Portugal\",\"item\":\"https:\\\/\\\/www.maisquecuidar.com\\\/loja\\\/loja\"},{\"@type\":\"ListItem\",\"position\":3,\"name\":\"Produtos de Sa\u00fade\",\"item\":\"https:\\\/\\\/www.maisquecuidar.com\\\/loja\\\/produtos-saude\"},{\"@type\":\"ListItem\",\"position\":4,\"name\":\"Produtos para Maternidade\",\"item\":\"https:\\\/\\\/www.maisquecuidar.com\\\/loja\\\/produtos-saude\\\/produtos-maternidade\"},{\"@type\":\"ListItem\",\"position\":5,\"name\":\"Balan\u00e7a Digital para Beb\u00e9\"}]},{\"@type\":\"WebSite\",\"@id\":\"https:\\\/\\\/www.maisquecuidar.com\\\/loja\\\/#website\",\"url\":\"https:\\\/\\\/www.maisquecuidar.com\\\/loja\\\/\",\"name\":\"Mais que Cuidar\",\"description\":\"Sa\u00fade, Ortopedia e Geriatria\",\"publisher\":{\"@id\":\"https:\\\/\\\/www.maisquecuidar.com\\\/loja\\\/#organization\"},\"potentialAction\":[{\"@type\":\"SearchAction\",\"target\":{\"@type\":\"EntryPoint\",\"urlTemplate\":\"https:\\\/\\\/www.maisquecuidar.com\\\/loja\\\/?s={search_term_string}\"},\"query-input\":{\"@type\":\"PropertyValueSpecification\",\"valueRequired\":true,\"valueName\":\"search_term_string\"}}],\"inLanguage\":\"pt-PT\"},{\"@type\":\"Organization\",\"@id\":\"https:\\\/\\\/www.maisquecuidar.com\\\/loja\\\/#organization\",\"name\":\"Mais Que Cuidar\",\"url\":\"https:\\\/\\\/www.maisquecuidar.com\\\/loja\\\/\",\"logo\":{\"@type\":\"ImageObject\",\"inLanguage\":\"pt-PT\",\"@id\":\"https:\\\/\\\/www.maisquecuidar.com\\\/loja\\\/#\\\/schema\\\/logo\\\/image\\\/\",\"url\":\"https:\\\/\\\/img.maisquecuidar.com\\\/loja\\\/wp-content\\\/uploads\\\/2019\\\/08\\\/logo-mais-que-cuidar-retina.png\",\"contentUrl\":\"https:\\\/\\\/img.maisquecuidar.com\\\/loja\\\/wp-content\\\/uploads\\\/2019\\\/08\\\/logo-mais-que-cuidar-retina.png\",\"width\":565,\"height\":75,\"caption\":\"Mais Que Cuidar\"},\"image\":{\"@id\":\"https:\\\/\\\/www.maisquecuidar.com\\\/loja\\\/#\\\/schema\\\/logo\\\/image\\\/\"},\"sameAs\":[\"https:\\\/\\\/www.facebook.com\\\/maisquecuidar.pt\",\"https:\\\/\\\/www.instagram.com\\\/maisquecuidar\"]}]}<\/script>\n<!-- \/ Yoast SEO plugin. -->","yoast_head_json":{"title":"Balan\u00e7a Digital para Beb\u00e9 - Mais que Cuidar","description":"Balan\u00e7a Digital para Beb\u00e9","robots":{"index":"index","follow":"follow","max-snippet":"max-snippet:-1","max-image-preview":"max-image-preview:large","max-video-preview":"max-video-preview:-1"},"canonical":"https:\/\/www.maisquecuidar.com\/loja\/produtos-saude\/produtos-maternidade\/balanca-digital-para-bebe","og_locale":"pt_PT","og_type":"article","og_title":"Balan\u00e7a Digital para Beb\u00e9 - Mais que Cuidar","og_description":"Balan\u00e7a Digital para Beb\u00e9","og_url":"https:\/\/www.maisquecuidar.com\/loja\/produtos-saude\/produtos-maternidade\/balanca-digital-para-bebe","og_site_name":"Mais que Cuidar","article_publisher":"https:\/\/www.facebook.com\/maisquecuidar.pt","article_modified_time":"2025-10-01T17:31:06+00:00","og_image":[{"width":1280,"height":800,"url":"https:\/\/img.maisquecuidar.com\/loja\/wp-content\/uploads\/2017\/01\/balanca-digital-bebe.png","type":"image\/png"}],"schema":{"@context":"https:\/\/schema.org","@graph":[{"@type":"WebPage","@id":"https:\/\/www.maisquecuidar.com\/loja\/produtos-saude\/produtos-maternidade\/balanca-digital-para-bebe","url":"https:\/\/www.maisquecuidar.com\/loja\/produtos-saude\/produtos-maternidade\/balanca-digital-para-bebe","name":"Balan\u00e7a Digital para Beb\u00e9 - Mais que Cuidar","isPartOf":{"@id":"https:\/\/www.maisquecuidar.com\/loja\/#website"},"primaryImageOfPage":{"@id":"https:\/\/www.maisquecuidar.com\/loja\/produtos-saude\/produtos-maternidade\/balanca-digital-para-bebe#primaryimage"},"image":{"@id":"https:\/\/www.maisquecuidar.com\/loja\/produtos-saude\/produtos-maternidade\/balanca-digital-para-bebe#primaryimage"},"thumbnailUrl":"https:\/\/img.maisquecuidar.com\/loja\/wp-content\/uploads\/2017\/01\/balanca-digital-bebe.png","datePublished":"2017-01-30T14:37:24+00:00","dateModified":"2025-10-01T17:31:06+00:00","description":"Balan\u00e7a Digital para Beb\u00e9","breadcrumb":{"@id":"https:\/\/www.maisquecuidar.com\/loja\/produtos-saude\/produtos-maternidade\/balanca-digital-para-bebe#breadcrumb"},"inLanguage":"pt-PT","potentialAction":[{"@type":"ReadAction","target":["https:\/\/www.maisquecuidar.com\/loja\/produtos-saude\/produtos-maternidade\/balanca-digital-para-bebe"]}]},{"@type":"ImageObject","inLanguage":"pt-PT","@id":"https:\/\/www.maisquecuidar.com\/loja\/produtos-saude\/produtos-maternidade\/balanca-digital-para-bebe#primaryimage","url":"https:\/\/img.maisquecuidar.com\/loja\/wp-content\/uploads\/2017\/01\/balanca-digital-bebe.png","contentUrl":"https:\/\/img.maisquecuidar.com\/loja\/wp-content\/uploads\/2017\/01\/balanca-digital-bebe.png","width":1280,"height":800,"caption":"Balan\u00e7a digital para beb\u00e9"},{"@type":"BreadcrumbList","@id":"https:\/\/www.maisquecuidar.com\/loja\/produtos-saude\/produtos-maternidade\/balanca-digital-para-bebe#breadcrumb","itemListElement":[{"@type":"ListItem","position":1,"name":"Home","item":"https:\/\/www.maisquecuidar.com\/loja\/"},{"@type":"ListItem","position":2,"name":"Loja Online de Ortopedia e Geriatria em Portugal","item":"https:\/\/www.maisquecuidar.com\/loja\/loja"},{"@type":"ListItem","position":3,"name":"Produtos de Sa\u00fade","item":"https:\/\/www.maisquecuidar.com\/loja\/produtos-saude"},{"@type":"ListItem","position":4,"name":"Produtos para Maternidade","item":"https:\/\/www.maisquecuidar.com\/loja\/produtos-saude\/produtos-maternidade"},{"@type":"ListItem","position":5,"name":"Balan\u00e7a Digital para Beb\u00e9"}]},{"@type":"WebSite","@id":"https:\/\/www.maisquecuidar.com\/loja\/#website","url":"https:\/\/www.maisquecuidar.com\/loja\/","name":"Mais que Cuidar","description":"Sa\u00fade, Ortopedia e Geriatria","publisher":{"@id":"https:\/\/www.maisquecuidar.com\/loja\/#organization"},"potentialAction":[{"@type":"SearchAction","target":{"@type":"EntryPoint","urlTemplate":"https:\/\/www.maisquecuidar.com\/loja\/?s={search_term_string}"},"query-input":{"@type":"PropertyValueSpecification","valueRequired":true,"valueName":"search_term_string"}}],"inLanguage":"pt-PT"},{"@type":"Organization","@id":"https:\/\/www.maisquecuidar.com\/loja\/#organization","name":"Mais Que Cuidar","url":"https:\/\/www.maisquecuidar.com\/loja\/","logo":{"@type":"ImageObject","inLanguage":"pt-PT","@id":"https:\/\/www.maisquecuidar.com\/loja\/#\/schema\/logo\/image\/","url":"https:\/\/img.maisquecuidar.com\/loja\/wp-content\/uploads\/2019\/08\/logo-mais-que-cuidar-retina.png","contentUrl":"https:\/\/img.maisquecuidar.com\/loja\/wp-content\/uploads\/2019\/08\/logo-mais-que-cuidar-retina.png","width":565,"height":75,"caption":"Mais Que Cuidar"},"image":{"@id":"https:\/\/www.maisquecuidar.com\/loja\/#\/schema\/logo\/image\/"},"sameAs":["https:\/\/www.facebook.com\/maisquecuidar.pt","https:\/\/www.instagram.com\/maisquecuidar"]}]}},"_links":{"self":[{"href":"https:\/\/www.maisquecuidar.com\/loja\/wp-json\/wp\/v2\/product\/5263","targetHints":{"allow":["GET"]}}],"collection":[{"href":"https:\/\/www.maisquecuidar.com\/loja\/wp-json\/wp\/v2\/product"}],"about":[{"href":"https:\/\/www.maisquecuidar.com\/loja\/wp-json\/wp\/v2\/types\/product"}],"wp:featuredmedia":[{"embeddable":true,"href":"https:\/\/www.maisquecuidar.com\/loja\/wp-json\/wp\/v2\/media\/14877"}],"wp:attachment":[{"href":"https:\/\/www.maisquecuidar.com\/loja\/wp-json\/wp\/v2\/media?parent=5263"}],"wp:term":[{"taxonomy":"product_brand","embeddable":true,"href":"https:\/\/www.maisquecuidar.com\/loja\/wp-json\/wp\/v2\/product_brand?post=5263"},{"taxonomy":"product_cat","embeddable":true,"href":"https:\/\/www.maisquecuidar.com\/loja\/wp-json\/wp\/v2\/product_cat?post=5263"},{"taxonomy":"product_tag","embeddable":true,"href":"https:\/\/www.maisquecuidar.com\/loja\/wp-json\/wp\/v2\/product_tag?post=5263"}],"curies":[{"name":"wp","href":"https:\/\/api.w.org\/{rel}","templated":true}]}}