{"id":5193,"date":"2017-01-27T15:25:45","date_gmt":"2017-01-27T15:25:45","guid":{"rendered":"https:\/\/www.maisquecuidar.com\/loja\/?post_type=product&#038;p=5193"},"modified":"2025-10-01T18:33:24","modified_gmt":"2025-10-01T17:33:24","slug":"sapatos-pes-sensiveis-arrabida","status":"publish","type":"product","link":"https:\/\/www.maisquecuidar.com\/loja\/produtos-ortopedicos-ortoteses\/sapatos-ortopedicos\/sapatos-pes-sensiveis-arrabida","title":{"rendered":"Sapatos para P\u00e9s Sens\u00edveis Arr\u00e1bida"},"content":{"rendered":"<p>Os sapatos para p\u00e9s sens\u00edveis Arr\u00e1bida da marca portuguesa Nursing Care, foram concebidos para os p\u00e9s mais dif\u00edceis de cal\u00e7ar. Estes sapatos t\u00eam por base caracter\u00edsticas particulares, tais como, abertura total para facilitar a introdu\u00e7\u00e3o do p\u00e9 e permitir a adapta\u00e7\u00e3o a todas as morfologias e patologias, devido \u00e0 sua flexibilidade e m\u00faltiplas op\u00e7\u00f5es de ajuste.<\/p>\n<p>Ajustam-se perfeitamente a todos os p\u00e9s, aliviando as dores e facilitando a marcha. Proporcionam seguran\u00e7a gra\u00e7as \u00e0 sua sola anti-derrapante.<\/p>\n<p><strong>Indica\u00e7\u00f5es<\/strong><\/p>\n<ul>\n<li>P\u00e9s edemaciados (inchados devido a acumula\u00e7\u00e3o de l\u00edquidos).<\/li>\n<li>Deforma\u00e7\u00f5es do p\u00e9.<\/li>\n<li>Artrites no p\u00e9.<\/li>\n<li>Rigidez das articula\u00e7\u00f5es do p\u00e9.<\/li>\n<\/ul>\n<p>&nbsp;<\/p>\n<p><strong>A destacar:<\/strong><\/p>\n<ul>\n<li>Adapt\u00e1veis<\/li>\n<li>Abertura ampla<\/li>\n<li>Flex\u00edveis<\/li>\n<li>Confort\u00e1veis<\/li>\n<li>Absor\u00e7\u00e3o de impactos<\/li>\n<li>Palmilha amov\u00edvel<\/li>\n<li>Fabricados em Portugal<\/li>\n<\/ul>\n","protected":false},"excerpt":{"rendered":"<p>Os sapatos para p\u00e9s sens\u00edveis Arr\u00e1bida da marca portuguesa Nursing Care, foram concebidos para os p\u00e9s mais dif\u00edceis de cal\u00e7ar. Estes sapatos t\u00eam por base caracter\u00edsticas particulares, tais como, abertura total para facilitar a introdu\u00e7\u00e3o do p\u00e9 e permitir a adapta\u00e7\u00e3o a todas as morfologias e patologias, devido \u00e0 sua flexibilidade e m\u00faltiplas op\u00e7\u00f5es de&hellip;&nbsp;<a href=\"https:\/\/www.maisquecuidar.com\/loja\/produtos-ortopedicos-ortoteses\/sapatos-ortopedicos\/sapatos-pes-sensiveis-arrabida\" rel=\"bookmark\">Ler mais &raquo;<span class=\"screen-reader-text\">Sapatos para P\u00e9s Sens\u00edveis Arr\u00e1bida<\/span><\/a><\/p>\n","protected":false},"featured_media":15006,"template":"","meta":{"_acf_changed":false,"neve_meta_sidebar":"","neve_meta_container":"","neve_meta_enable_content_width":"","neve_meta_content_width":0,"neve_meta_title_alignment":"","neve_meta_author_avatar":"","neve_post_elements_order":"","neve_meta_disable_header":"","neve_meta_disable_footer":"","neve_meta_disable_title":""},"product_brand":[],"product_cat":[463],"product_tag":[474],"class_list":{"0":"post-5193","1":"product","2":"type-product","3":"status-publish","4":"has-post-thumbnail","6":"product_cat-sapatos-ortopedicos","7":"product_tag-sapatos-para-idosos","9":"first","10":"onbackorder","11":"taxable","12":"shipping-taxable","13":"purchasable","14":"product-type-variable"},"acf":[],"yoast_head":"<!-- This site is optimized with the Yoast SEO plugin v27.5 - https:\/\/yoast.com\/product\/yoast-seo-wordpress\/ -->\n<title>Sapatos para P\u00e9s Sens\u00edveis Arr\u00e1bida - Mais que Cuidar<\/title>\n<meta name=\"description\" content=\"Descubra os sapatos para p\u00e9s sens\u00edveis Arr\u00e1bida da marca Nursing Care recomendados para os p\u00e9s mais dif\u00edceis de cal\u00e7ar. Confira!\" \/>\n<meta name=\"robots\" content=\"index, follow, max-snippet:-1, max-image-preview:large, max-video-preview:-1\" \/>\n<link rel=\"canonical\" href=\"https:\/\/www.maisquecuidar.com\/loja\/produtos-ortopedicos-ortoteses\/sapatos-ortopedicos\/sapatos-pes-sensiveis-arrabida\" \/>\n<meta property=\"og:locale\" content=\"pt_PT\" \/>\n<meta property=\"og:type\" content=\"article\" \/>\n<meta property=\"og:title\" content=\"Sapatos para P\u00e9s Sens\u00edveis Arr\u00e1bida - Mais que Cuidar\" \/>\n<meta property=\"og:description\" content=\"Descubra os sapatos para p\u00e9s sens\u00edveis Arr\u00e1bida da marca Nursing Care recomendados para os p\u00e9s mais dif\u00edceis de cal\u00e7ar. Confira!\" \/>\n<meta property=\"og:url\" content=\"https:\/\/www.maisquecuidar.com\/loja\/produtos-ortopedicos-ortoteses\/sapatos-ortopedicos\/sapatos-pes-sensiveis-arrabida\" \/>\n<meta property=\"og:site_name\" content=\"Mais que Cuidar\" \/>\n<meta property=\"article:publisher\" content=\"https:\/\/www.facebook.com\/maisquecuidar.pt\" \/>\n<meta property=\"article:modified_time\" content=\"2025-10-01T17:33:24+00:00\" \/>\n<meta property=\"og:image\" content=\"https:\/\/img.maisquecuidar.com\/loja\/wp-content\/uploads\/2017\/01\/sapato-arrabida.png\" \/>\n\t<meta property=\"og:image:width\" content=\"1280\" \/>\n\t<meta property=\"og:image:height\" content=\"800\" \/>\n\t<meta property=\"og:image:type\" content=\"image\/png\" \/>\n<meta name=\"twitter:label1\" content=\"Tempo estimado de leitura\" \/>\n\t<meta name=\"twitter:data1\" content=\"1 minuto\" \/>\n<script type=\"application\/ld+json\" class=\"yoast-schema-graph\">{\"@context\":\"https:\\\/\\\/schema.org\",\"@graph\":[{\"@type\":\"WebPage\",\"@id\":\"https:\\\/\\\/www.maisquecuidar.com\\\/loja\\\/produtos-ortopedicos-ortoteses\\\/sapatos-ortopedicos\\\/sapatos-pes-sensiveis-arrabida\",\"url\":\"https:\\\/\\\/www.maisquecuidar.com\\\/loja\\\/produtos-ortopedicos-ortoteses\\\/sapatos-ortopedicos\\\/sapatos-pes-sensiveis-arrabida\",\"name\":\"Sapatos para P\u00e9s Sens\u00edveis Arr\u00e1bida - Mais que Cuidar\",\"isPartOf\":{\"@id\":\"https:\\\/\\\/www.maisquecuidar.com\\\/loja\\\/#website\"},\"primaryImageOfPage\":{\"@id\":\"https:\\\/\\\/www.maisquecuidar.com\\\/loja\\\/produtos-ortopedicos-ortoteses\\\/sapatos-ortopedicos\\\/sapatos-pes-sensiveis-arrabida#primaryimage\"},\"image\":{\"@id\":\"https:\\\/\\\/www.maisquecuidar.com\\\/loja\\\/produtos-ortopedicos-ortoteses\\\/sapatos-ortopedicos\\\/sapatos-pes-sensiveis-arrabida#primaryimage\"},\"thumbnailUrl\":\"https:\\\/\\\/img.maisquecuidar.com\\\/loja\\\/wp-content\\\/uploads\\\/2017\\\/01\\\/sapato-arrabida.png\",\"datePublished\":\"2017-01-27T15:25:45+00:00\",\"dateModified\":\"2025-10-01T17:33:24+00:00\",\"description\":\"Descubra os sapatos para p\u00e9s sens\u00edveis Arr\u00e1bida da marca Nursing Care recomendados para os p\u00e9s mais dif\u00edceis de cal\u00e7ar. Confira!\",\"breadcrumb\":{\"@id\":\"https:\\\/\\\/www.maisquecuidar.com\\\/loja\\\/produtos-ortopedicos-ortoteses\\\/sapatos-ortopedicos\\\/sapatos-pes-sensiveis-arrabida#breadcrumb\"},\"inLanguage\":\"pt-PT\",\"potentialAction\":[{\"@type\":\"ReadAction\",\"target\":[\"https:\\\/\\\/www.maisquecuidar.com\\\/loja\\\/produtos-ortopedicos-ortoteses\\\/sapatos-ortopedicos\\\/sapatos-pes-sensiveis-arrabida\"]}]},{\"@type\":\"ImageObject\",\"inLanguage\":\"pt-PT\",\"@id\":\"https:\\\/\\\/www.maisquecuidar.com\\\/loja\\\/produtos-ortopedicos-ortoteses\\\/sapatos-ortopedicos\\\/sapatos-pes-sensiveis-arrabida#primaryimage\",\"url\":\"https:\\\/\\\/img.maisquecuidar.com\\\/loja\\\/wp-content\\\/uploads\\\/2017\\\/01\\\/sapato-arrabida.png\",\"contentUrl\":\"https:\\\/\\\/img.maisquecuidar.com\\\/loja\\\/wp-content\\\/uploads\\\/2017\\\/01\\\/sapato-arrabida.png\",\"width\":1280,\"height\":800,\"caption\":\"Sapato arr\u00e1bida da Nursing care\"},{\"@type\":\"BreadcrumbList\",\"@id\":\"https:\\\/\\\/www.maisquecuidar.com\\\/loja\\\/produtos-ortopedicos-ortoteses\\\/sapatos-ortopedicos\\\/sapatos-pes-sensiveis-arrabida#breadcrumb\",\"itemListElement\":[{\"@type\":\"ListItem\",\"position\":1,\"name\":\"Home\",\"item\":\"https:\\\/\\\/www.maisquecuidar.com\\\/loja\\\/\"},{\"@type\":\"ListItem\",\"position\":2,\"name\":\"Loja Online de Ortopedia e Geriatria em Portugal\",\"item\":\"https:\\\/\\\/www.maisquecuidar.com\\\/loja\\\/loja\"},{\"@type\":\"ListItem\",\"position\":3,\"name\":\"Produtos Ortop\u00e9dicos - Ort\u00f3teses\",\"item\":\"https:\\\/\\\/www.maisquecuidar.com\\\/loja\\\/produtos-ortopedicos-ortoteses\"},{\"@type\":\"ListItem\",\"position\":4,\"name\":\"Sapatos Ortop\u00e9dicos\",\"item\":\"https:\\\/\\\/www.maisquecuidar.com\\\/loja\\\/produtos-ortopedicos-ortoteses\\\/sapatos-ortopedicos\"},{\"@type\":\"ListItem\",\"position\":5,\"name\":\"Sapatos para P\u00e9s Sens\u00edveis Arr\u00e1bida\"}]},{\"@type\":\"WebSite\",\"@id\":\"https:\\\/\\\/www.maisquecuidar.com\\\/loja\\\/#website\",\"url\":\"https:\\\/\\\/www.maisquecuidar.com\\\/loja\\\/\",\"name\":\"Mais que Cuidar\",\"description\":\"Sa\u00fade, Ortopedia e Geriatria\",\"publisher\":{\"@id\":\"https:\\\/\\\/www.maisquecuidar.com\\\/loja\\\/#organization\"},\"potentialAction\":[{\"@type\":\"SearchAction\",\"target\":{\"@type\":\"EntryPoint\",\"urlTemplate\":\"https:\\\/\\\/www.maisquecuidar.com\\\/loja\\\/?s={search_term_string}\"},\"query-input\":{\"@type\":\"PropertyValueSpecification\",\"valueRequired\":true,\"valueName\":\"search_term_string\"}}],\"inLanguage\":\"pt-PT\"},{\"@type\":\"Organization\",\"@id\":\"https:\\\/\\\/www.maisquecuidar.com\\\/loja\\\/#organization\",\"name\":\"Mais Que Cuidar\",\"url\":\"https:\\\/\\\/www.maisquecuidar.com\\\/loja\\\/\",\"logo\":{\"@type\":\"ImageObject\",\"inLanguage\":\"pt-PT\",\"@id\":\"https:\\\/\\\/www.maisquecuidar.com\\\/loja\\\/#\\\/schema\\\/logo\\\/image\\\/\",\"url\":\"https:\\\/\\\/img.maisquecuidar.com\\\/loja\\\/wp-content\\\/uploads\\\/2019\\\/08\\\/logo-mais-que-cuidar-retina.png\",\"contentUrl\":\"https:\\\/\\\/img.maisquecuidar.com\\\/loja\\\/wp-content\\\/uploads\\\/2019\\\/08\\\/logo-mais-que-cuidar-retina.png\",\"width\":565,\"height\":75,\"caption\":\"Mais Que Cuidar\"},\"image\":{\"@id\":\"https:\\\/\\\/www.maisquecuidar.com\\\/loja\\\/#\\\/schema\\\/logo\\\/image\\\/\"},\"sameAs\":[\"https:\\\/\\\/www.facebook.com\\\/maisquecuidar.pt\",\"https:\\\/\\\/www.instagram.com\\\/maisquecuidar\"]}]}<\/script>\n<!-- \/ Yoast SEO plugin. -->","yoast_head_json":{"title":"Sapatos para P\u00e9s Sens\u00edveis Arr\u00e1bida - Mais que Cuidar","description":"Descubra os sapatos para p\u00e9s sens\u00edveis Arr\u00e1bida da marca Nursing Care recomendados para os p\u00e9s mais dif\u00edceis de cal\u00e7ar. Confira!","robots":{"index":"index","follow":"follow","max-snippet":"max-snippet:-1","max-image-preview":"max-image-preview:large","max-video-preview":"max-video-preview:-1"},"canonical":"https:\/\/www.maisquecuidar.com\/loja\/produtos-ortopedicos-ortoteses\/sapatos-ortopedicos\/sapatos-pes-sensiveis-arrabida","og_locale":"pt_PT","og_type":"article","og_title":"Sapatos para P\u00e9s Sens\u00edveis Arr\u00e1bida - Mais que Cuidar","og_description":"Descubra os sapatos para p\u00e9s sens\u00edveis Arr\u00e1bida da marca Nursing Care recomendados para os p\u00e9s mais dif\u00edceis de cal\u00e7ar. Confira!","og_url":"https:\/\/www.maisquecuidar.com\/loja\/produtos-ortopedicos-ortoteses\/sapatos-ortopedicos\/sapatos-pes-sensiveis-arrabida","og_site_name":"Mais que Cuidar","article_publisher":"https:\/\/www.facebook.com\/maisquecuidar.pt","article_modified_time":"2025-10-01T17:33:24+00:00","og_image":[{"width":1280,"height":800,"url":"https:\/\/img.maisquecuidar.com\/loja\/wp-content\/uploads\/2017\/01\/sapato-arrabida.png","type":"image\/png"}],"twitter_misc":{"Tempo estimado de leitura":"1 minuto"},"schema":{"@context":"https:\/\/schema.org","@graph":[{"@type":"WebPage","@id":"https:\/\/www.maisquecuidar.com\/loja\/produtos-ortopedicos-ortoteses\/sapatos-ortopedicos\/sapatos-pes-sensiveis-arrabida","url":"https:\/\/www.maisquecuidar.com\/loja\/produtos-ortopedicos-ortoteses\/sapatos-ortopedicos\/sapatos-pes-sensiveis-arrabida","name":"Sapatos para P\u00e9s Sens\u00edveis Arr\u00e1bida - Mais que Cuidar","isPartOf":{"@id":"https:\/\/www.maisquecuidar.com\/loja\/#website"},"primaryImageOfPage":{"@id":"https:\/\/www.maisquecuidar.com\/loja\/produtos-ortopedicos-ortoteses\/sapatos-ortopedicos\/sapatos-pes-sensiveis-arrabida#primaryimage"},"image":{"@id":"https:\/\/www.maisquecuidar.com\/loja\/produtos-ortopedicos-ortoteses\/sapatos-ortopedicos\/sapatos-pes-sensiveis-arrabida#primaryimage"},"thumbnailUrl":"https:\/\/img.maisquecuidar.com\/loja\/wp-content\/uploads\/2017\/01\/sapato-arrabida.png","datePublished":"2017-01-27T15:25:45+00:00","dateModified":"2025-10-01T17:33:24+00:00","description":"Descubra os sapatos para p\u00e9s sens\u00edveis Arr\u00e1bida da marca Nursing Care recomendados para os p\u00e9s mais dif\u00edceis de cal\u00e7ar. Confira!","breadcrumb":{"@id":"https:\/\/www.maisquecuidar.com\/loja\/produtos-ortopedicos-ortoteses\/sapatos-ortopedicos\/sapatos-pes-sensiveis-arrabida#breadcrumb"},"inLanguage":"pt-PT","potentialAction":[{"@type":"ReadAction","target":["https:\/\/www.maisquecuidar.com\/loja\/produtos-ortopedicos-ortoteses\/sapatos-ortopedicos\/sapatos-pes-sensiveis-arrabida"]}]},{"@type":"ImageObject","inLanguage":"pt-PT","@id":"https:\/\/www.maisquecuidar.com\/loja\/produtos-ortopedicos-ortoteses\/sapatos-ortopedicos\/sapatos-pes-sensiveis-arrabida#primaryimage","url":"https:\/\/img.maisquecuidar.com\/loja\/wp-content\/uploads\/2017\/01\/sapato-arrabida.png","contentUrl":"https:\/\/img.maisquecuidar.com\/loja\/wp-content\/uploads\/2017\/01\/sapato-arrabida.png","width":1280,"height":800,"caption":"Sapato arr\u00e1bida da Nursing care"},{"@type":"BreadcrumbList","@id":"https:\/\/www.maisquecuidar.com\/loja\/produtos-ortopedicos-ortoteses\/sapatos-ortopedicos\/sapatos-pes-sensiveis-arrabida#breadcrumb","itemListElement":[{"@type":"ListItem","position":1,"name":"Home","item":"https:\/\/www.maisquecuidar.com\/loja\/"},{"@type":"ListItem","position":2,"name":"Loja Online de Ortopedia e Geriatria em Portugal","item":"https:\/\/www.maisquecuidar.com\/loja\/loja"},{"@type":"ListItem","position":3,"name":"Produtos Ortop\u00e9dicos - Ort\u00f3teses","item":"https:\/\/www.maisquecuidar.com\/loja\/produtos-ortopedicos-ortoteses"},{"@type":"ListItem","position":4,"name":"Sapatos Ortop\u00e9dicos","item":"https:\/\/www.maisquecuidar.com\/loja\/produtos-ortopedicos-ortoteses\/sapatos-ortopedicos"},{"@type":"ListItem","position":5,"name":"Sapatos para P\u00e9s Sens\u00edveis Arr\u00e1bida"}]},{"@type":"WebSite","@id":"https:\/\/www.maisquecuidar.com\/loja\/#website","url":"https:\/\/www.maisquecuidar.com\/loja\/","name":"Mais que Cuidar","description":"Sa\u00fade, Ortopedia e Geriatria","publisher":{"@id":"https:\/\/www.maisquecuidar.com\/loja\/#organization"},"potentialAction":[{"@type":"SearchAction","target":{"@type":"EntryPoint","urlTemplate":"https:\/\/www.maisquecuidar.com\/loja\/?s={search_term_string}"},"query-input":{"@type":"PropertyValueSpecification","valueRequired":true,"valueName":"search_term_string"}}],"inLanguage":"pt-PT"},{"@type":"Organization","@id":"https:\/\/www.maisquecuidar.com\/loja\/#organization","name":"Mais Que Cuidar","url":"https:\/\/www.maisquecuidar.com\/loja\/","logo":{"@type":"ImageObject","inLanguage":"pt-PT","@id":"https:\/\/www.maisquecuidar.com\/loja\/#\/schema\/logo\/image\/","url":"https:\/\/img.maisquecuidar.com\/loja\/wp-content\/uploads\/2019\/08\/logo-mais-que-cuidar-retina.png","contentUrl":"https:\/\/img.maisquecuidar.com\/loja\/wp-content\/uploads\/2019\/08\/logo-mais-que-cuidar-retina.png","width":565,"height":75,"caption":"Mais Que Cuidar"},"image":{"@id":"https:\/\/www.maisquecuidar.com\/loja\/#\/schema\/logo\/image\/"},"sameAs":["https:\/\/www.facebook.com\/maisquecuidar.pt","https:\/\/www.instagram.com\/maisquecuidar"]}]}},"_links":{"self":[{"href":"https:\/\/www.maisquecuidar.com\/loja\/wp-json\/wp\/v2\/product\/5193","targetHints":{"allow":["GET"]}}],"collection":[{"href":"https:\/\/www.maisquecuidar.com\/loja\/wp-json\/wp\/v2\/product"}],"about":[{"href":"https:\/\/www.maisquecuidar.com\/loja\/wp-json\/wp\/v2\/types\/product"}],"wp:featuredmedia":[{"embeddable":true,"href":"https:\/\/www.maisquecuidar.com\/loja\/wp-json\/wp\/v2\/media\/15006"}],"wp:attachment":[{"href":"https:\/\/www.maisquecuidar.com\/loja\/wp-json\/wp\/v2\/media?parent=5193"}],"wp:term":[{"taxonomy":"product_brand","embeddable":true,"href":"https:\/\/www.maisquecuidar.com\/loja\/wp-json\/wp\/v2\/product_brand?post=5193"},{"taxonomy":"product_cat","embeddable":true,"href":"https:\/\/www.maisquecuidar.com\/loja\/wp-json\/wp\/v2\/product_cat?post=5193"},{"taxonomy":"product_tag","embeddable":true,"href":"https:\/\/www.maisquecuidar.com\/loja\/wp-json\/wp\/v2\/product_tag?post=5193"}],"curies":[{"name":"wp","href":"https:\/\/api.w.org\/{rel}","templated":true}]}}