{"id":5132,"date":"2017-01-26T15:35:17","date_gmt":"2017-01-26T15:35:17","guid":{"rendered":"https:\/\/www.maisquecuidar.com\/loja\/?post_type=product&#038;p=5132"},"modified":"2025-10-01T18:32:22","modified_gmt":"2025-10-01T17:32:22","slug":"nebulizador-apex-mini-plus","status":"publish","type":"product","link":"https:\/\/www.maisquecuidar.com\/loja\/produtos-saude\/terapias-respiratorias\/nebulizador-apex-mini-plus","title":{"rendered":"Nebulizador Apex Mini Plus"},"content":{"rendered":"<p>O nebulizador Apex Mini Plus \u00e9 uma terapia respirat\u00f3ria eficaz e muitas vezes essencial a uma boa qualidade de vida.<\/p>\n<p>Atualmente existem mais de 100 milh\u00f5es de pessoas no mundo que sofrem com problemas de asma e de doen\u00e7as pulmonares cr\u00f3nicas, das quais a maioria s\u00e3o crian\u00e7as e idosos. Para estes doentes, o nebulizador \u00e9 uma das melhores formas de realizar aerossolterapia.<\/p>\n<p>Este nebulizador foi concebido para proporcionar um tratamento eficaz e eficiente e pode gerar 0,5-5 micron de part\u00edculas finas para inala\u00e7\u00e3o. contribuindo para o al\u00edvio dos sintomas num curto per\u00edodo de tempo.<\/p>\n<p>Tendo em conta que \u00e9 um pequeno compressor, leve e silencioso, o tratamento \u00e9 mais f\u00e1cil e agrad\u00e1vel, fazendo com que o Mini Plus seja uma \u00f3tima solu\u00e7\u00e3o para os cuidados domicili\u00e1rios de aerossolterapia.<\/p>\n<p><strong>Caracter\u00edsticas em destaque:<\/strong><\/p>\n<ul>\n<li>Motor de pist\u00e3o que mant\u00e9m um rendimento consistente.<\/li>\n<li>Pega incorporada que permite um f\u00e1cil transporte do nebulizador com compressor.<\/li>\n<li>Design elegante e compacto que permite guard\u00e1-lo e limp\u00e1-lo de forma f\u00e1cil.<\/li>\n<li>No compressor existe um sulco para adaptar qualquer tubo e bocal do mercado.<\/li>\n<li>Proporciona 3 cent\u00edmetros c\u00fabicos de medica\u00e7\u00e3o em 10 minutos ou menos.<\/li>\n<\/ul>\n","protected":false},"excerpt":{"rendered":"<p>Nebulizador pneum\u00e1tico para aerossolterapia.<\/p>\n","protected":false},"featured_media":11904,"template":"","meta":{"_acf_changed":false,"neve_meta_sidebar":"","neve_meta_container":"","neve_meta_enable_content_width":"","neve_meta_content_width":0,"neve_meta_title_alignment":"","neve_meta_author_avatar":"","neve_post_elements_order":"","neve_meta_disable_header":"","neve_meta_disable_footer":"","neve_meta_disable_title":""},"product_brand":[],"product_cat":[460],"product_tag":[],"class_list":{"0":"post-5132","1":"product","2":"type-product","3":"status-publish","4":"has-post-thumbnail","6":"product_cat-terapias-respiratorias","8":"first","9":"instock","10":"taxable","11":"shipping-taxable","12":"purchasable","13":"product-type-simple"},"acf":[],"yoast_head":"<!-- This site is optimized with the Yoast SEO plugin v27.4 - https:\/\/yoast.com\/product\/yoast-seo-wordpress\/ -->\n<title>Nebulizador Pneum\u00e1tico Mini Plus - Mais que Cuidar<\/title>\n<meta name=\"description\" content=\"Descubra o nebulizador pneum\u00e1tico mini plus da Apex indicado para crian\u00e7as e adultos. Confira as caracter\u00edsticas e o pre\u00e7o deste inalador.\" \/>\n<meta name=\"robots\" content=\"index, follow, max-snippet:-1, max-image-preview:large, max-video-preview:-1\" \/>\n<link rel=\"canonical\" href=\"https:\/\/www.maisquecuidar.com\/loja\/produtos-saude\/terapias-respiratorias\/nebulizador-apex-mini-plus\" \/>\n<meta property=\"og:locale\" content=\"pt_PT\" \/>\n<meta property=\"og:type\" content=\"article\" \/>\n<meta property=\"og:title\" content=\"Nebulizador Pneum\u00e1tico Mini Plus - Mais que Cuidar\" \/>\n<meta property=\"og:description\" content=\"Descubra o nebulizador pneum\u00e1tico mini plus da Apex indicado para crian\u00e7as e adultos. Confira as caracter\u00edsticas e o pre\u00e7o deste inalador.\" \/>\n<meta property=\"og:url\" content=\"https:\/\/www.maisquecuidar.com\/loja\/produtos-saude\/terapias-respiratorias\/nebulizador-apex-mini-plus\" \/>\n<meta property=\"og:site_name\" content=\"Mais que Cuidar\" \/>\n<meta property=\"article:publisher\" content=\"https:\/\/www.facebook.com\/maisquecuidar.pt\" \/>\n<meta property=\"article:modified_time\" content=\"2025-10-01T17:32:22+00:00\" \/>\n<meta property=\"og:image\" content=\"https:\/\/img.maisquecuidar.com\/loja\/wp-content\/uploads\/2017\/01\/nebulizador-pneumatico-mini-plus.jpg\" \/>\n\t<meta property=\"og:image:width\" content=\"1280\" \/>\n\t<meta property=\"og:image:height\" content=\"800\" \/>\n\t<meta property=\"og:image:type\" content=\"image\/jpeg\" \/>\n<meta name=\"twitter:label1\" content=\"Tempo estimado de leitura\" \/>\n\t<meta name=\"twitter:data1\" content=\"1 minuto\" \/>\n<script type=\"application\/ld+json\" class=\"yoast-schema-graph\">{\"@context\":\"https:\\\/\\\/schema.org\",\"@graph\":[{\"@type\":\"WebPage\",\"@id\":\"https:\\\/\\\/www.maisquecuidar.com\\\/loja\\\/produtos-saude\\\/terapias-respiratorias\\\/nebulizador-apex-mini-plus\",\"url\":\"https:\\\/\\\/www.maisquecuidar.com\\\/loja\\\/produtos-saude\\\/terapias-respiratorias\\\/nebulizador-apex-mini-plus\",\"name\":\"Nebulizador Pneum\u00e1tico Mini Plus - Mais que Cuidar\",\"isPartOf\":{\"@id\":\"https:\\\/\\\/www.maisquecuidar.com\\\/loja\\\/#website\"},\"primaryImageOfPage\":{\"@id\":\"https:\\\/\\\/www.maisquecuidar.com\\\/loja\\\/produtos-saude\\\/terapias-respiratorias\\\/nebulizador-apex-mini-plus#primaryimage\"},\"image\":{\"@id\":\"https:\\\/\\\/www.maisquecuidar.com\\\/loja\\\/produtos-saude\\\/terapias-respiratorias\\\/nebulizador-apex-mini-plus#primaryimage\"},\"thumbnailUrl\":\"https:\\\/\\\/img.maisquecuidar.com\\\/loja\\\/wp-content\\\/uploads\\\/2017\\\/01\\\/nebulizador-pneumatico-mini-plus.jpg\",\"datePublished\":\"2017-01-26T15:35:17+00:00\",\"dateModified\":\"2025-10-01T17:32:22+00:00\",\"description\":\"Descubra o nebulizador pneum\u00e1tico mini plus da Apex indicado para crian\u00e7as e adultos. Confira as caracter\u00edsticas e o pre\u00e7o deste inalador.\",\"breadcrumb\":{\"@id\":\"https:\\\/\\\/www.maisquecuidar.com\\\/loja\\\/produtos-saude\\\/terapias-respiratorias\\\/nebulizador-apex-mini-plus#breadcrumb\"},\"inLanguage\":\"pt-PT\",\"potentialAction\":[{\"@type\":\"ReadAction\",\"target\":[\"https:\\\/\\\/www.maisquecuidar.com\\\/loja\\\/produtos-saude\\\/terapias-respiratorias\\\/nebulizador-apex-mini-plus\"]}]},{\"@type\":\"ImageObject\",\"inLanguage\":\"pt-PT\",\"@id\":\"https:\\\/\\\/www.maisquecuidar.com\\\/loja\\\/produtos-saude\\\/terapias-respiratorias\\\/nebulizador-apex-mini-plus#primaryimage\",\"url\":\"https:\\\/\\\/img.maisquecuidar.com\\\/loja\\\/wp-content\\\/uploads\\\/2017\\\/01\\\/nebulizador-pneumatico-mini-plus.jpg\",\"contentUrl\":\"https:\\\/\\\/img.maisquecuidar.com\\\/loja\\\/wp-content\\\/uploads\\\/2017\\\/01\\\/nebulizador-pneumatico-mini-plus.jpg\",\"width\":1280,\"height\":800,\"caption\":\"nebulizador pneum\u00e1tico mini plus\"},{\"@type\":\"BreadcrumbList\",\"@id\":\"https:\\\/\\\/www.maisquecuidar.com\\\/loja\\\/produtos-saude\\\/terapias-respiratorias\\\/nebulizador-apex-mini-plus#breadcrumb\",\"itemListElement\":[{\"@type\":\"ListItem\",\"position\":1,\"name\":\"Home\",\"item\":\"https:\\\/\\\/www.maisquecuidar.com\\\/loja\\\/\"},{\"@type\":\"ListItem\",\"position\":2,\"name\":\"Loja Online de Ortopedia e Geriatria em Portugal\",\"item\":\"https:\\\/\\\/www.maisquecuidar.com\\\/loja\\\/loja\"},{\"@type\":\"ListItem\",\"position\":3,\"name\":\"Produtos de Sa\u00fade\",\"item\":\"https:\\\/\\\/www.maisquecuidar.com\\\/loja\\\/produtos-saude\"},{\"@type\":\"ListItem\",\"position\":4,\"name\":\"Terapias Respirat\u00f3rias\",\"item\":\"https:\\\/\\\/www.maisquecuidar.com\\\/loja\\\/produtos-saude\\\/terapias-respiratorias\"},{\"@type\":\"ListItem\",\"position\":5,\"name\":\"Nebulizador Apex Mini Plus\"}]},{\"@type\":\"WebSite\",\"@id\":\"https:\\\/\\\/www.maisquecuidar.com\\\/loja\\\/#website\",\"url\":\"https:\\\/\\\/www.maisquecuidar.com\\\/loja\\\/\",\"name\":\"Mais que Cuidar\",\"description\":\"Sa\u00fade, Ortopedia e Geriatria\",\"publisher\":{\"@id\":\"https:\\\/\\\/www.maisquecuidar.com\\\/loja\\\/#organization\"},\"potentialAction\":[{\"@type\":\"SearchAction\",\"target\":{\"@type\":\"EntryPoint\",\"urlTemplate\":\"https:\\\/\\\/www.maisquecuidar.com\\\/loja\\\/?s={search_term_string}\"},\"query-input\":{\"@type\":\"PropertyValueSpecification\",\"valueRequired\":true,\"valueName\":\"search_term_string\"}}],\"inLanguage\":\"pt-PT\"},{\"@type\":\"Organization\",\"@id\":\"https:\\\/\\\/www.maisquecuidar.com\\\/loja\\\/#organization\",\"name\":\"Mais Que Cuidar\",\"url\":\"https:\\\/\\\/www.maisquecuidar.com\\\/loja\\\/\",\"logo\":{\"@type\":\"ImageObject\",\"inLanguage\":\"pt-PT\",\"@id\":\"https:\\\/\\\/www.maisquecuidar.com\\\/loja\\\/#\\\/schema\\\/logo\\\/image\\\/\",\"url\":\"https:\\\/\\\/img.maisquecuidar.com\\\/loja\\\/wp-content\\\/uploads\\\/2019\\\/08\\\/logo-mais-que-cuidar-retina.png\",\"contentUrl\":\"https:\\\/\\\/img.maisquecuidar.com\\\/loja\\\/wp-content\\\/uploads\\\/2019\\\/08\\\/logo-mais-que-cuidar-retina.png\",\"width\":565,\"height\":75,\"caption\":\"Mais Que Cuidar\"},\"image\":{\"@id\":\"https:\\\/\\\/www.maisquecuidar.com\\\/loja\\\/#\\\/schema\\\/logo\\\/image\\\/\"},\"sameAs\":[\"https:\\\/\\\/www.facebook.com\\\/maisquecuidar.pt\",\"https:\\\/\\\/www.instagram.com\\\/maisquecuidar\"]}]}<\/script>\n<!-- \/ Yoast SEO plugin. -->","yoast_head_json":{"title":"Nebulizador Pneum\u00e1tico Mini Plus - Mais que Cuidar","description":"Descubra o nebulizador pneum\u00e1tico mini plus da Apex indicado para crian\u00e7as e adultos. Confira as caracter\u00edsticas e o pre\u00e7o deste inalador.","robots":{"index":"index","follow":"follow","max-snippet":"max-snippet:-1","max-image-preview":"max-image-preview:large","max-video-preview":"max-video-preview:-1"},"canonical":"https:\/\/www.maisquecuidar.com\/loja\/produtos-saude\/terapias-respiratorias\/nebulizador-apex-mini-plus","og_locale":"pt_PT","og_type":"article","og_title":"Nebulizador Pneum\u00e1tico Mini Plus - Mais que Cuidar","og_description":"Descubra o nebulizador pneum\u00e1tico mini plus da Apex indicado para crian\u00e7as e adultos. Confira as caracter\u00edsticas e o pre\u00e7o deste inalador.","og_url":"https:\/\/www.maisquecuidar.com\/loja\/produtos-saude\/terapias-respiratorias\/nebulizador-apex-mini-plus","og_site_name":"Mais que Cuidar","article_publisher":"https:\/\/www.facebook.com\/maisquecuidar.pt","article_modified_time":"2025-10-01T17:32:22+00:00","og_image":[{"width":1280,"height":800,"url":"https:\/\/img.maisquecuidar.com\/loja\/wp-content\/uploads\/2017\/01\/nebulizador-pneumatico-mini-plus.jpg","type":"image\/jpeg"}],"twitter_misc":{"Tempo estimado de leitura":"1 minuto"},"schema":{"@context":"https:\/\/schema.org","@graph":[{"@type":"WebPage","@id":"https:\/\/www.maisquecuidar.com\/loja\/produtos-saude\/terapias-respiratorias\/nebulizador-apex-mini-plus","url":"https:\/\/www.maisquecuidar.com\/loja\/produtos-saude\/terapias-respiratorias\/nebulizador-apex-mini-plus","name":"Nebulizador Pneum\u00e1tico Mini Plus - Mais que Cuidar","isPartOf":{"@id":"https:\/\/www.maisquecuidar.com\/loja\/#website"},"primaryImageOfPage":{"@id":"https:\/\/www.maisquecuidar.com\/loja\/produtos-saude\/terapias-respiratorias\/nebulizador-apex-mini-plus#primaryimage"},"image":{"@id":"https:\/\/www.maisquecuidar.com\/loja\/produtos-saude\/terapias-respiratorias\/nebulizador-apex-mini-plus#primaryimage"},"thumbnailUrl":"https:\/\/img.maisquecuidar.com\/loja\/wp-content\/uploads\/2017\/01\/nebulizador-pneumatico-mini-plus.jpg","datePublished":"2017-01-26T15:35:17+00:00","dateModified":"2025-10-01T17:32:22+00:00","description":"Descubra o nebulizador pneum\u00e1tico mini plus da Apex indicado para crian\u00e7as e adultos. Confira as caracter\u00edsticas e o pre\u00e7o deste inalador.","breadcrumb":{"@id":"https:\/\/www.maisquecuidar.com\/loja\/produtos-saude\/terapias-respiratorias\/nebulizador-apex-mini-plus#breadcrumb"},"inLanguage":"pt-PT","potentialAction":[{"@type":"ReadAction","target":["https:\/\/www.maisquecuidar.com\/loja\/produtos-saude\/terapias-respiratorias\/nebulizador-apex-mini-plus"]}]},{"@type":"ImageObject","inLanguage":"pt-PT","@id":"https:\/\/www.maisquecuidar.com\/loja\/produtos-saude\/terapias-respiratorias\/nebulizador-apex-mini-plus#primaryimage","url":"https:\/\/img.maisquecuidar.com\/loja\/wp-content\/uploads\/2017\/01\/nebulizador-pneumatico-mini-plus.jpg","contentUrl":"https:\/\/img.maisquecuidar.com\/loja\/wp-content\/uploads\/2017\/01\/nebulizador-pneumatico-mini-plus.jpg","width":1280,"height":800,"caption":"nebulizador pneum\u00e1tico mini plus"},{"@type":"BreadcrumbList","@id":"https:\/\/www.maisquecuidar.com\/loja\/produtos-saude\/terapias-respiratorias\/nebulizador-apex-mini-plus#breadcrumb","itemListElement":[{"@type":"ListItem","position":1,"name":"Home","item":"https:\/\/www.maisquecuidar.com\/loja\/"},{"@type":"ListItem","position":2,"name":"Loja Online de Ortopedia e Geriatria em Portugal","item":"https:\/\/www.maisquecuidar.com\/loja\/loja"},{"@type":"ListItem","position":3,"name":"Produtos de Sa\u00fade","item":"https:\/\/www.maisquecuidar.com\/loja\/produtos-saude"},{"@type":"ListItem","position":4,"name":"Terapias Respirat\u00f3rias","item":"https:\/\/www.maisquecuidar.com\/loja\/produtos-saude\/terapias-respiratorias"},{"@type":"ListItem","position":5,"name":"Nebulizador Apex Mini Plus"}]},{"@type":"WebSite","@id":"https:\/\/www.maisquecuidar.com\/loja\/#website","url":"https:\/\/www.maisquecuidar.com\/loja\/","name":"Mais que Cuidar","description":"Sa\u00fade, Ortopedia e Geriatria","publisher":{"@id":"https:\/\/www.maisquecuidar.com\/loja\/#organization"},"potentialAction":[{"@type":"SearchAction","target":{"@type":"EntryPoint","urlTemplate":"https:\/\/www.maisquecuidar.com\/loja\/?s={search_term_string}"},"query-input":{"@type":"PropertyValueSpecification","valueRequired":true,"valueName":"search_term_string"}}],"inLanguage":"pt-PT"},{"@type":"Organization","@id":"https:\/\/www.maisquecuidar.com\/loja\/#organization","name":"Mais Que Cuidar","url":"https:\/\/www.maisquecuidar.com\/loja\/","logo":{"@type":"ImageObject","inLanguage":"pt-PT","@id":"https:\/\/www.maisquecuidar.com\/loja\/#\/schema\/logo\/image\/","url":"https:\/\/img.maisquecuidar.com\/loja\/wp-content\/uploads\/2019\/08\/logo-mais-que-cuidar-retina.png","contentUrl":"https:\/\/img.maisquecuidar.com\/loja\/wp-content\/uploads\/2019\/08\/logo-mais-que-cuidar-retina.png","width":565,"height":75,"caption":"Mais Que Cuidar"},"image":{"@id":"https:\/\/www.maisquecuidar.com\/loja\/#\/schema\/logo\/image\/"},"sameAs":["https:\/\/www.facebook.com\/maisquecuidar.pt","https:\/\/www.instagram.com\/maisquecuidar"]}]}},"_links":{"self":[{"href":"https:\/\/www.maisquecuidar.com\/loja\/wp-json\/wp\/v2\/product\/5132","targetHints":{"allow":["GET"]}}],"collection":[{"href":"https:\/\/www.maisquecuidar.com\/loja\/wp-json\/wp\/v2\/product"}],"about":[{"href":"https:\/\/www.maisquecuidar.com\/loja\/wp-json\/wp\/v2\/types\/product"}],"wp:featuredmedia":[{"embeddable":true,"href":"https:\/\/www.maisquecuidar.com\/loja\/wp-json\/wp\/v2\/media\/11904"}],"wp:attachment":[{"href":"https:\/\/www.maisquecuidar.com\/loja\/wp-json\/wp\/v2\/media?parent=5132"}],"wp:term":[{"taxonomy":"product_brand","embeddable":true,"href":"https:\/\/www.maisquecuidar.com\/loja\/wp-json\/wp\/v2\/product_brand?post=5132"},{"taxonomy":"product_cat","embeddable":true,"href":"https:\/\/www.maisquecuidar.com\/loja\/wp-json\/wp\/v2\/product_cat?post=5132"},{"taxonomy":"product_tag","embeddable":true,"href":"https:\/\/www.maisquecuidar.com\/loja\/wp-json\/wp\/v2\/product_tag?post=5132"}],"curies":[{"name":"wp","href":"https:\/\/api.w.org\/{rel}","templated":true}]}}