{"id":5079,"date":"2017-01-25T14:03:50","date_gmt":"2017-01-25T14:03:50","guid":{"rendered":"https:\/\/www.maisquecuidar.com\/loja\/?post_type=product&#038;p=5079"},"modified":"2025-10-01T18:32:21","modified_gmt":"2025-10-01T17:32:21","slug":"caixa-semanal-4-tomas","status":"publish","type":"product","link":"https:\/\/www.maisquecuidar.com\/loja\/ajudas-uteis\/medicacao\/caixa-semanal-4-tomas","title":{"rendered":"Caixa Semanal 4 Tomas &#8211; Organiza\u00e7\u00e3o dos Comprimidos"},"content":{"rendered":"<p>A caixa semanal 4 tomas \u00e9 um acess\u00f3rio ideal para a organiza\u00e7\u00e3o de medicamentos, cont\u00e9m caixas individuais di\u00e1rias amov\u00edveis com identifica\u00e7\u00e3o de manh\u00e3, meio-dia, tarde e noite.<\/p>\n<p>Tem compartimentos adequados para colocar os comprimidos sendo transl\u00facidos de forma a que os pacientes n\u00e3o tenham que os abrir para se certificarem que tomaram a medica\u00e7\u00e3o.<\/p>\n<div class=\"innerShortcode\"><\/div>\n","protected":false},"excerpt":{"rendered":"<p>A caixa semanal 4 tomas \u00e9 um acess\u00f3rio ideal para a organiza\u00e7\u00e3o de medicamentos, cont\u00e9m caixas individuais di\u00e1rias amov\u00edveis com identifica\u00e7\u00e3o de manh\u00e3, meio-dia, tarde e noite. Tem compartimentos adequados para colocar os comprimidos sendo transl\u00facidos de forma a que os pacientes n\u00e3o tenham que os abrir para se certificarem que tomaram a medica\u00e7\u00e3o.<\/p>\n","protected":false},"featured_media":14786,"template":"","meta":{"_acf_changed":false,"neve_meta_sidebar":"","neve_meta_container":"","neve_meta_enable_content_width":"","neve_meta_content_width":0,"neve_meta_title_alignment":"","neve_meta_author_avatar":"","neve_post_elements_order":"","neve_meta_disable_header":"","neve_meta_disable_footer":"","neve_meta_disable_title":""},"product_brand":[],"product_cat":[739],"product_tag":[457],"class_list":{"0":"post-5079","1":"product","2":"type-product","3":"status-publish","4":"has-post-thumbnail","6":"product_cat-medicacao","7":"product_tag-controlar-a-medicacao","9":"first","10":"instock","11":"taxable","12":"shipping-taxable","13":"purchasable","14":"product-type-simple"},"acf":[],"yoast_head":"<!-- This site is optimized with the Yoast SEO plugin v27.4 - https:\/\/yoast.com\/product\/yoast-seo-wordpress\/ -->\n<title>Caixa Semanal 4 Tomas - Organiza\u00e7\u00e3o dos Comprimidos<\/title>\n<meta name=\"description\" content=\"Conhe\u00e7a a caixa semanal 4 tomas que pode ajudar a organizar a toma de medicamentos (comprimidos) prescritos ao longo da semana. Confira!\" \/>\n<meta name=\"robots\" content=\"index, follow, max-snippet:-1, max-image-preview:large, max-video-preview:-1\" \/>\n<link rel=\"canonical\" href=\"https:\/\/www.maisquecuidar.com\/loja\/ajudas-uteis\/medicacao\/caixa-semanal-4-tomas\" \/>\n<meta property=\"og:locale\" content=\"pt_PT\" \/>\n<meta property=\"og:type\" content=\"article\" \/>\n<meta property=\"og:title\" content=\"Caixa Semanal 4 Tomas - Organiza\u00e7\u00e3o dos Comprimidos\" \/>\n<meta property=\"og:description\" content=\"Conhe\u00e7a a caixa semanal 4 tomas que pode ajudar a organizar a toma de medicamentos (comprimidos) prescritos ao longo da semana. Confira!\" \/>\n<meta property=\"og:url\" content=\"https:\/\/www.maisquecuidar.com\/loja\/ajudas-uteis\/medicacao\/caixa-semanal-4-tomas\" \/>\n<meta property=\"og:site_name\" content=\"Mais que Cuidar\" \/>\n<meta property=\"article:publisher\" content=\"https:\/\/www.facebook.com\/maisquecuidar.pt\" \/>\n<meta property=\"article:modified_time\" content=\"2025-10-01T17:32:21+00:00\" \/>\n<meta property=\"og:image\" content=\"https:\/\/img.maisquecuidar.com\/loja\/wp-content\/uploads\/2017\/01\/Caixa-de-medicamentos-4-tomas-semanais-2.jpg\" \/>\n\t<meta property=\"og:image:width\" content=\"600\" \/>\n\t<meta property=\"og:image:height\" content=\"400\" \/>\n\t<meta property=\"og:image:type\" content=\"image\/jpeg\" \/>\n<meta name=\"twitter:label1\" content=\"Tempo estimado de leitura\" \/>\n\t<meta name=\"twitter:data1\" content=\"1 minuto\" \/>\n<script type=\"application\/ld+json\" class=\"yoast-schema-graph\">{\"@context\":\"https:\\\/\\\/schema.org\",\"@graph\":[{\"@type\":\"WebPage\",\"@id\":\"https:\\\/\\\/www.maisquecuidar.com\\\/loja\\\/ajudas-uteis\\\/medicacao\\\/caixa-semanal-4-tomas\",\"url\":\"https:\\\/\\\/www.maisquecuidar.com\\\/loja\\\/ajudas-uteis\\\/medicacao\\\/caixa-semanal-4-tomas\",\"name\":\"Caixa Semanal 4 Tomas - Organiza\u00e7\u00e3o dos Comprimidos\",\"isPartOf\":{\"@id\":\"https:\\\/\\\/www.maisquecuidar.com\\\/loja\\\/#website\"},\"primaryImageOfPage\":{\"@id\":\"https:\\\/\\\/www.maisquecuidar.com\\\/loja\\\/ajudas-uteis\\\/medicacao\\\/caixa-semanal-4-tomas#primaryimage\"},\"image\":{\"@id\":\"https:\\\/\\\/www.maisquecuidar.com\\\/loja\\\/ajudas-uteis\\\/medicacao\\\/caixa-semanal-4-tomas#primaryimage\"},\"thumbnailUrl\":\"https:\\\/\\\/img.maisquecuidar.com\\\/loja\\\/wp-content\\\/uploads\\\/2017\\\/01\\\/Caixa-de-medicamentos-4-tomas-semanais-2.jpg\",\"datePublished\":\"2017-01-25T14:03:50+00:00\",\"dateModified\":\"2025-10-01T17:32:21+00:00\",\"description\":\"Conhe\u00e7a a caixa semanal 4 tomas que pode ajudar a organizar a toma de medicamentos (comprimidos) prescritos ao longo da semana. Confira!\",\"breadcrumb\":{\"@id\":\"https:\\\/\\\/www.maisquecuidar.com\\\/loja\\\/ajudas-uteis\\\/medicacao\\\/caixa-semanal-4-tomas#breadcrumb\"},\"inLanguage\":\"pt-PT\",\"potentialAction\":[{\"@type\":\"ReadAction\",\"target\":[\"https:\\\/\\\/www.maisquecuidar.com\\\/loja\\\/ajudas-uteis\\\/medicacao\\\/caixa-semanal-4-tomas\"]}]},{\"@type\":\"ImageObject\",\"inLanguage\":\"pt-PT\",\"@id\":\"https:\\\/\\\/www.maisquecuidar.com\\\/loja\\\/ajudas-uteis\\\/medicacao\\\/caixa-semanal-4-tomas#primaryimage\",\"url\":\"https:\\\/\\\/img.maisquecuidar.com\\\/loja\\\/wp-content\\\/uploads\\\/2017\\\/01\\\/Caixa-de-medicamentos-4-tomas-semanais-2.jpg\",\"contentUrl\":\"https:\\\/\\\/img.maisquecuidar.com\\\/loja\\\/wp-content\\\/uploads\\\/2017\\\/01\\\/Caixa-de-medicamentos-4-tomas-semanais-2.jpg\",\"width\":600,\"height\":400,\"caption\":\"Caixa de medicamentos 4 tomas semanais\"},{\"@type\":\"BreadcrumbList\",\"@id\":\"https:\\\/\\\/www.maisquecuidar.com\\\/loja\\\/ajudas-uteis\\\/medicacao\\\/caixa-semanal-4-tomas#breadcrumb\",\"itemListElement\":[{\"@type\":\"ListItem\",\"position\":1,\"name\":\"Home\",\"item\":\"https:\\\/\\\/www.maisquecuidar.com\\\/loja\\\/\"},{\"@type\":\"ListItem\",\"position\":2,\"name\":\"Loja Online de Ortopedia e Geriatria em Portugal\",\"item\":\"https:\\\/\\\/www.maisquecuidar.com\\\/loja\\\/loja\"},{\"@type\":\"ListItem\",\"position\":3,\"name\":\"Ajudas \u00fateis di\u00e1rias\",\"item\":\"https:\\\/\\\/www.maisquecuidar.com\\\/loja\\\/ajudas-uteis\"},{\"@type\":\"ListItem\",\"position\":4,\"name\":\"Medica\u00e7\u00e3o\",\"item\":\"https:\\\/\\\/www.maisquecuidar.com\\\/loja\\\/ajudas-uteis\\\/medicacao\"},{\"@type\":\"ListItem\",\"position\":5,\"name\":\"Caixa Semanal 4 Tomas &#8211; Organiza\u00e7\u00e3o dos Comprimidos\"}]},{\"@type\":\"WebSite\",\"@id\":\"https:\\\/\\\/www.maisquecuidar.com\\\/loja\\\/#website\",\"url\":\"https:\\\/\\\/www.maisquecuidar.com\\\/loja\\\/\",\"name\":\"Mais que Cuidar\",\"description\":\"Sa\u00fade, Ortopedia e Geriatria\",\"publisher\":{\"@id\":\"https:\\\/\\\/www.maisquecuidar.com\\\/loja\\\/#organization\"},\"potentialAction\":[{\"@type\":\"SearchAction\",\"target\":{\"@type\":\"EntryPoint\",\"urlTemplate\":\"https:\\\/\\\/www.maisquecuidar.com\\\/loja\\\/?s={search_term_string}\"},\"query-input\":{\"@type\":\"PropertyValueSpecification\",\"valueRequired\":true,\"valueName\":\"search_term_string\"}}],\"inLanguage\":\"pt-PT\"},{\"@type\":\"Organization\",\"@id\":\"https:\\\/\\\/www.maisquecuidar.com\\\/loja\\\/#organization\",\"name\":\"Mais Que Cuidar\",\"url\":\"https:\\\/\\\/www.maisquecuidar.com\\\/loja\\\/\",\"logo\":{\"@type\":\"ImageObject\",\"inLanguage\":\"pt-PT\",\"@id\":\"https:\\\/\\\/www.maisquecuidar.com\\\/loja\\\/#\\\/schema\\\/logo\\\/image\\\/\",\"url\":\"https:\\\/\\\/img.maisquecuidar.com\\\/loja\\\/wp-content\\\/uploads\\\/2019\\\/08\\\/logo-mais-que-cuidar-retina.png\",\"contentUrl\":\"https:\\\/\\\/img.maisquecuidar.com\\\/loja\\\/wp-content\\\/uploads\\\/2019\\\/08\\\/logo-mais-que-cuidar-retina.png\",\"width\":565,\"height\":75,\"caption\":\"Mais Que Cuidar\"},\"image\":{\"@id\":\"https:\\\/\\\/www.maisquecuidar.com\\\/loja\\\/#\\\/schema\\\/logo\\\/image\\\/\"},\"sameAs\":[\"https:\\\/\\\/www.facebook.com\\\/maisquecuidar.pt\",\"https:\\\/\\\/www.instagram.com\\\/maisquecuidar\"]}]}<\/script>\n<!-- \/ Yoast SEO plugin. -->","yoast_head_json":{"title":"Caixa Semanal 4 Tomas - Organiza\u00e7\u00e3o dos Comprimidos","description":"Conhe\u00e7a a caixa semanal 4 tomas que pode ajudar a organizar a toma de medicamentos (comprimidos) prescritos ao longo da semana. Confira!","robots":{"index":"index","follow":"follow","max-snippet":"max-snippet:-1","max-image-preview":"max-image-preview:large","max-video-preview":"max-video-preview:-1"},"canonical":"https:\/\/www.maisquecuidar.com\/loja\/ajudas-uteis\/medicacao\/caixa-semanal-4-tomas","og_locale":"pt_PT","og_type":"article","og_title":"Caixa Semanal 4 Tomas - Organiza\u00e7\u00e3o dos Comprimidos","og_description":"Conhe\u00e7a a caixa semanal 4 tomas que pode ajudar a organizar a toma de medicamentos (comprimidos) prescritos ao longo da semana. Confira!","og_url":"https:\/\/www.maisquecuidar.com\/loja\/ajudas-uteis\/medicacao\/caixa-semanal-4-tomas","og_site_name":"Mais que Cuidar","article_publisher":"https:\/\/www.facebook.com\/maisquecuidar.pt","article_modified_time":"2025-10-01T17:32:21+00:00","og_image":[{"width":600,"height":400,"url":"https:\/\/img.maisquecuidar.com\/loja\/wp-content\/uploads\/2017\/01\/Caixa-de-medicamentos-4-tomas-semanais-2.jpg","type":"image\/jpeg"}],"twitter_misc":{"Tempo estimado de leitura":"1 minuto"},"schema":{"@context":"https:\/\/schema.org","@graph":[{"@type":"WebPage","@id":"https:\/\/www.maisquecuidar.com\/loja\/ajudas-uteis\/medicacao\/caixa-semanal-4-tomas","url":"https:\/\/www.maisquecuidar.com\/loja\/ajudas-uteis\/medicacao\/caixa-semanal-4-tomas","name":"Caixa Semanal 4 Tomas - Organiza\u00e7\u00e3o dos Comprimidos","isPartOf":{"@id":"https:\/\/www.maisquecuidar.com\/loja\/#website"},"primaryImageOfPage":{"@id":"https:\/\/www.maisquecuidar.com\/loja\/ajudas-uteis\/medicacao\/caixa-semanal-4-tomas#primaryimage"},"image":{"@id":"https:\/\/www.maisquecuidar.com\/loja\/ajudas-uteis\/medicacao\/caixa-semanal-4-tomas#primaryimage"},"thumbnailUrl":"https:\/\/img.maisquecuidar.com\/loja\/wp-content\/uploads\/2017\/01\/Caixa-de-medicamentos-4-tomas-semanais-2.jpg","datePublished":"2017-01-25T14:03:50+00:00","dateModified":"2025-10-01T17:32:21+00:00","description":"Conhe\u00e7a a caixa semanal 4 tomas que pode ajudar a organizar a toma de medicamentos (comprimidos) prescritos ao longo da semana. Confira!","breadcrumb":{"@id":"https:\/\/www.maisquecuidar.com\/loja\/ajudas-uteis\/medicacao\/caixa-semanal-4-tomas#breadcrumb"},"inLanguage":"pt-PT","potentialAction":[{"@type":"ReadAction","target":["https:\/\/www.maisquecuidar.com\/loja\/ajudas-uteis\/medicacao\/caixa-semanal-4-tomas"]}]},{"@type":"ImageObject","inLanguage":"pt-PT","@id":"https:\/\/www.maisquecuidar.com\/loja\/ajudas-uteis\/medicacao\/caixa-semanal-4-tomas#primaryimage","url":"https:\/\/img.maisquecuidar.com\/loja\/wp-content\/uploads\/2017\/01\/Caixa-de-medicamentos-4-tomas-semanais-2.jpg","contentUrl":"https:\/\/img.maisquecuidar.com\/loja\/wp-content\/uploads\/2017\/01\/Caixa-de-medicamentos-4-tomas-semanais-2.jpg","width":600,"height":400,"caption":"Caixa de medicamentos 4 tomas semanais"},{"@type":"BreadcrumbList","@id":"https:\/\/www.maisquecuidar.com\/loja\/ajudas-uteis\/medicacao\/caixa-semanal-4-tomas#breadcrumb","itemListElement":[{"@type":"ListItem","position":1,"name":"Home","item":"https:\/\/www.maisquecuidar.com\/loja\/"},{"@type":"ListItem","position":2,"name":"Loja Online de Ortopedia e Geriatria em Portugal","item":"https:\/\/www.maisquecuidar.com\/loja\/loja"},{"@type":"ListItem","position":3,"name":"Ajudas \u00fateis di\u00e1rias","item":"https:\/\/www.maisquecuidar.com\/loja\/ajudas-uteis"},{"@type":"ListItem","position":4,"name":"Medica\u00e7\u00e3o","item":"https:\/\/www.maisquecuidar.com\/loja\/ajudas-uteis\/medicacao"},{"@type":"ListItem","position":5,"name":"Caixa Semanal 4 Tomas &#8211; Organiza\u00e7\u00e3o dos Comprimidos"}]},{"@type":"WebSite","@id":"https:\/\/www.maisquecuidar.com\/loja\/#website","url":"https:\/\/www.maisquecuidar.com\/loja\/","name":"Mais que Cuidar","description":"Sa\u00fade, Ortopedia e Geriatria","publisher":{"@id":"https:\/\/www.maisquecuidar.com\/loja\/#organization"},"potentialAction":[{"@type":"SearchAction","target":{"@type":"EntryPoint","urlTemplate":"https:\/\/www.maisquecuidar.com\/loja\/?s={search_term_string}"},"query-input":{"@type":"PropertyValueSpecification","valueRequired":true,"valueName":"search_term_string"}}],"inLanguage":"pt-PT"},{"@type":"Organization","@id":"https:\/\/www.maisquecuidar.com\/loja\/#organization","name":"Mais Que Cuidar","url":"https:\/\/www.maisquecuidar.com\/loja\/","logo":{"@type":"ImageObject","inLanguage":"pt-PT","@id":"https:\/\/www.maisquecuidar.com\/loja\/#\/schema\/logo\/image\/","url":"https:\/\/img.maisquecuidar.com\/loja\/wp-content\/uploads\/2019\/08\/logo-mais-que-cuidar-retina.png","contentUrl":"https:\/\/img.maisquecuidar.com\/loja\/wp-content\/uploads\/2019\/08\/logo-mais-que-cuidar-retina.png","width":565,"height":75,"caption":"Mais Que Cuidar"},"image":{"@id":"https:\/\/www.maisquecuidar.com\/loja\/#\/schema\/logo\/image\/"},"sameAs":["https:\/\/www.facebook.com\/maisquecuidar.pt","https:\/\/www.instagram.com\/maisquecuidar"]}]}},"_links":{"self":[{"href":"https:\/\/www.maisquecuidar.com\/loja\/wp-json\/wp\/v2\/product\/5079","targetHints":{"allow":["GET"]}}],"collection":[{"href":"https:\/\/www.maisquecuidar.com\/loja\/wp-json\/wp\/v2\/product"}],"about":[{"href":"https:\/\/www.maisquecuidar.com\/loja\/wp-json\/wp\/v2\/types\/product"}],"wp:featuredmedia":[{"embeddable":true,"href":"https:\/\/www.maisquecuidar.com\/loja\/wp-json\/wp\/v2\/media\/14786"}],"wp:attachment":[{"href":"https:\/\/www.maisquecuidar.com\/loja\/wp-json\/wp\/v2\/media?parent=5079"}],"wp:term":[{"taxonomy":"product_brand","embeddable":true,"href":"https:\/\/www.maisquecuidar.com\/loja\/wp-json\/wp\/v2\/product_brand?post=5079"},{"taxonomy":"product_cat","embeddable":true,"href":"https:\/\/www.maisquecuidar.com\/loja\/wp-json\/wp\/v2\/product_cat?post=5079"},{"taxonomy":"product_tag","embeddable":true,"href":"https:\/\/www.maisquecuidar.com\/loja\/wp-json\/wp\/v2\/product_tag?post=5079"}],"curies":[{"name":"wp","href":"https:\/\/api.w.org\/{rel}","templated":true}]}}