{"id":5023,"date":"2017-01-24T18:47:14","date_gmt":"2017-01-24T18:47:14","guid":{"rendered":"https:\/\/www.maisquecuidar.com\/loja\/?post_type=product&#038;p=5023"},"modified":"2025-10-01T18:30:49","modified_gmt":"2025-10-01T17:30:49","slug":"transfer-flexivel","status":"publish","type":"product","link":"https:\/\/www.maisquecuidar.com\/loja\/transferencias\/sistemas-de-transferencia\/transfer-flexivel","title":{"rendered":"Transfer Flex\u00edvel"},"content":{"rendered":"<p><strong>Transfer Flex\u00edvel<\/strong><\/p>\n<p>Fabricado pela marca Ayudas Din\u00e2micas \u00e9 indicado para ajudar os cuidadores a transferir e mobilizar doentes ou pessoas com mobilidade reduzida. Pode ser utilizado por um ou dois cuidadores nas transfer\u00eancias de doentes.<\/p>\n<p><img fetchpriority=\"high\" decoding=\"async\" class=\"alignnone  wp-image-14777\" src=\"https:\/\/img.maisquecuidar.com\/loja\/wp-content\/uploads\/2017\/01\/transfer-flexivel-ayudas-dinamicas-800x497.jpg\" alt=\"Transfer flex\u00edvel para mobilizar doentes ou idosos com mobilidade reduzida\" width=\"356\" height=\"221\" srcset=\"https:\/\/img.maisquecuidar.com\/loja\/wp-content\/uploads\/2017\/01\/transfer-flexivel-ayudas-dinamicas-800x497.jpg 800w, https:\/\/img.maisquecuidar.com\/loja\/wp-content\/uploads\/2017\/01\/transfer-flexivel-ayudas-dinamicas-380x236.jpg 380w, https:\/\/img.maisquecuidar.com\/loja\/wp-content\/uploads\/2017\/01\/transfer-flexivel-ayudas-dinamicas-1024x636.jpg 1024w, https:\/\/img.maisquecuidar.com\/loja\/wp-content\/uploads\/2017\/01\/transfer-flexivel-ayudas-dinamicas-768x477.jpg 768w, https:\/\/img.maisquecuidar.com\/loja\/wp-content\/uploads\/2017\/01\/transfer-flexivel-ayudas-dinamicas-350x218.jpg 350w, https:\/\/img.maisquecuidar.com\/loja\/wp-content\/uploads\/2017\/01\/transfer-flexivel-ayudas-dinamicas.jpg 1292w\" sizes=\"(max-width: 356px) 100vw, 356px\" \/><\/p>\n","protected":false},"excerpt":{"rendered":"<p>O transfer flex\u00edvel reduz consideravelmente o esfor\u00e7o e aumenta a seguran\u00e7a das transfer\u00eancia de doentes ou pessoas com pouco mobilidade.<\/p>\n","protected":false},"featured_media":14776,"template":"","meta":{"_acf_changed":false,"neve_meta_sidebar":"","neve_meta_container":"","neve_meta_enable_content_width":"","neve_meta_content_width":0,"neve_meta_title_alignment":"","neve_meta_author_avatar":"","neve_post_elements_order":"","neve_meta_disable_header":"","neve_meta_disable_footer":"","neve_meta_disable_title":""},"product_brand":[],"product_cat":[445,92],"product_tag":[447],"class_list":{"0":"post-5023","1":"product","2":"type-product","3":"status-publish","4":"has-post-thumbnail","6":"product_cat-sistemas-de-transferencia","7":"product_cat-transferencias","8":"product_tag-transfer-flexivel","10":"first","11":"instock","12":"taxable","13":"shipping-taxable","14":"purchasable","15":"product-type-simple"},"acf":[],"yoast_head":"<!-- This site is optimized with the Yoast SEO plugin v27.4 - https:\/\/yoast.com\/product\/yoast-seo-wordpress\/ -->\n<title>Transfer Flex\u00edvel - Mais que Cuidar<\/title>\n<meta name=\"description\" content=\"Transfer Flex\u00edvel\" \/>\n<meta name=\"robots\" content=\"index, follow, max-snippet:-1, max-image-preview:large, max-video-preview:-1\" \/>\n<link rel=\"canonical\" href=\"https:\/\/www.maisquecuidar.com\/loja\/transferencias\/sistemas-de-transferencia\/transfer-flexivel\" \/>\n<meta property=\"og:locale\" content=\"pt_PT\" \/>\n<meta property=\"og:type\" content=\"article\" \/>\n<meta property=\"og:title\" content=\"Transfer Flex\u00edvel - Mais que Cuidar\" \/>\n<meta property=\"og:description\" content=\"Transfer Flex\u00edvel\" \/>\n<meta property=\"og:url\" content=\"https:\/\/www.maisquecuidar.com\/loja\/transferencias\/sistemas-de-transferencia\/transfer-flexivel\" \/>\n<meta property=\"og:site_name\" content=\"Mais que Cuidar\" \/>\n<meta property=\"article:publisher\" content=\"https:\/\/www.facebook.com\/maisquecuidar.pt\" \/>\n<meta property=\"article:modified_time\" content=\"2025-10-01T17:30:49+00:00\" \/>\n<meta property=\"og:image\" content=\"https:\/\/img.maisquecuidar.com\/loja\/wp-content\/uploads\/2017\/01\/transfer-flexivel.png\" \/>\n\t<meta property=\"og:image:width\" content=\"1280\" \/>\n\t<meta property=\"og:image:height\" content=\"800\" \/>\n\t<meta property=\"og:image:type\" content=\"image\/png\" \/>\n<meta name=\"twitter:label1\" content=\"Tempo estimado de leitura\" \/>\n\t<meta name=\"twitter:data1\" content=\"1 minuto\" \/>\n<script type=\"application\/ld+json\" class=\"yoast-schema-graph\">{\"@context\":\"https:\\\/\\\/schema.org\",\"@graph\":[{\"@type\":\"WebPage\",\"@id\":\"https:\\\/\\\/www.maisquecuidar.com\\\/loja\\\/transferencias\\\/sistemas-de-transferencia\\\/transfer-flexivel\",\"url\":\"https:\\\/\\\/www.maisquecuidar.com\\\/loja\\\/transferencias\\\/sistemas-de-transferencia\\\/transfer-flexivel\",\"name\":\"Transfer Flex\u00edvel - Mais que Cuidar\",\"isPartOf\":{\"@id\":\"https:\\\/\\\/www.maisquecuidar.com\\\/loja\\\/#website\"},\"primaryImageOfPage\":{\"@id\":\"https:\\\/\\\/www.maisquecuidar.com\\\/loja\\\/transferencias\\\/sistemas-de-transferencia\\\/transfer-flexivel#primaryimage\"},\"image\":{\"@id\":\"https:\\\/\\\/www.maisquecuidar.com\\\/loja\\\/transferencias\\\/sistemas-de-transferencia\\\/transfer-flexivel#primaryimage\"},\"thumbnailUrl\":\"https:\\\/\\\/img.maisquecuidar.com\\\/loja\\\/wp-content\\\/uploads\\\/2017\\\/01\\\/transfer-flexivel.png\",\"datePublished\":\"2017-01-24T18:47:14+00:00\",\"dateModified\":\"2025-10-01T17:30:49+00:00\",\"description\":\"Transfer Flex\u00edvel\",\"breadcrumb\":{\"@id\":\"https:\\\/\\\/www.maisquecuidar.com\\\/loja\\\/transferencias\\\/sistemas-de-transferencia\\\/transfer-flexivel#breadcrumb\"},\"inLanguage\":\"pt-PT\",\"potentialAction\":[{\"@type\":\"ReadAction\",\"target\":[\"https:\\\/\\\/www.maisquecuidar.com\\\/loja\\\/transferencias\\\/sistemas-de-transferencia\\\/transfer-flexivel\"]}]},{\"@type\":\"ImageObject\",\"inLanguage\":\"pt-PT\",\"@id\":\"https:\\\/\\\/www.maisquecuidar.com\\\/loja\\\/transferencias\\\/sistemas-de-transferencia\\\/transfer-flexivel#primaryimage\",\"url\":\"https:\\\/\\\/img.maisquecuidar.com\\\/loja\\\/wp-content\\\/uploads\\\/2017\\\/01\\\/transfer-flexivel.png\",\"contentUrl\":\"https:\\\/\\\/img.maisquecuidar.com\\\/loja\\\/wp-content\\\/uploads\\\/2017\\\/01\\\/transfer-flexivel.png\",\"width\":1280,\"height\":800,\"caption\":\"Transfer Flex\u00edvel\"},{\"@type\":\"BreadcrumbList\",\"@id\":\"https:\\\/\\\/www.maisquecuidar.com\\\/loja\\\/transferencias\\\/sistemas-de-transferencia\\\/transfer-flexivel#breadcrumb\",\"itemListElement\":[{\"@type\":\"ListItem\",\"position\":1,\"name\":\"Home\",\"item\":\"https:\\\/\\\/www.maisquecuidar.com\\\/loja\\\/\"},{\"@type\":\"ListItem\",\"position\":2,\"name\":\"Loja Online de Ortopedia e Geriatria em Portugal\",\"item\":\"https:\\\/\\\/www.maisquecuidar.com\\\/loja\\\/loja\"},{\"@type\":\"ListItem\",\"position\":3,\"name\":\"Transfer\u00eancias\",\"item\":\"https:\\\/\\\/www.maisquecuidar.com\\\/loja\\\/transferencias\"},{\"@type\":\"ListItem\",\"position\":4,\"name\":\"Sistemas de Transfer\u00eancia\",\"item\":\"https:\\\/\\\/www.maisquecuidar.com\\\/loja\\\/transferencias\\\/sistemas-de-transferencia\"},{\"@type\":\"ListItem\",\"position\":5,\"name\":\"Transfer Flex\u00edvel\"}]},{\"@type\":\"WebSite\",\"@id\":\"https:\\\/\\\/www.maisquecuidar.com\\\/loja\\\/#website\",\"url\":\"https:\\\/\\\/www.maisquecuidar.com\\\/loja\\\/\",\"name\":\"Mais que Cuidar\",\"description\":\"Sa\u00fade, Ortopedia e Geriatria\",\"publisher\":{\"@id\":\"https:\\\/\\\/www.maisquecuidar.com\\\/loja\\\/#organization\"},\"potentialAction\":[{\"@type\":\"SearchAction\",\"target\":{\"@type\":\"EntryPoint\",\"urlTemplate\":\"https:\\\/\\\/www.maisquecuidar.com\\\/loja\\\/?s={search_term_string}\"},\"query-input\":{\"@type\":\"PropertyValueSpecification\",\"valueRequired\":true,\"valueName\":\"search_term_string\"}}],\"inLanguage\":\"pt-PT\"},{\"@type\":\"Organization\",\"@id\":\"https:\\\/\\\/www.maisquecuidar.com\\\/loja\\\/#organization\",\"name\":\"Mais Que Cuidar\",\"url\":\"https:\\\/\\\/www.maisquecuidar.com\\\/loja\\\/\",\"logo\":{\"@type\":\"ImageObject\",\"inLanguage\":\"pt-PT\",\"@id\":\"https:\\\/\\\/www.maisquecuidar.com\\\/loja\\\/#\\\/schema\\\/logo\\\/image\\\/\",\"url\":\"https:\\\/\\\/img.maisquecuidar.com\\\/loja\\\/wp-content\\\/uploads\\\/2019\\\/08\\\/logo-mais-que-cuidar-retina.png\",\"contentUrl\":\"https:\\\/\\\/img.maisquecuidar.com\\\/loja\\\/wp-content\\\/uploads\\\/2019\\\/08\\\/logo-mais-que-cuidar-retina.png\",\"width\":565,\"height\":75,\"caption\":\"Mais Que Cuidar\"},\"image\":{\"@id\":\"https:\\\/\\\/www.maisquecuidar.com\\\/loja\\\/#\\\/schema\\\/logo\\\/image\\\/\"},\"sameAs\":[\"https:\\\/\\\/www.facebook.com\\\/maisquecuidar.pt\",\"https:\\\/\\\/www.instagram.com\\\/maisquecuidar\"]}]}<\/script>\n<!-- \/ Yoast SEO plugin. -->","yoast_head_json":{"title":"Transfer Flex\u00edvel - Mais que Cuidar","description":"Transfer Flex\u00edvel","robots":{"index":"index","follow":"follow","max-snippet":"max-snippet:-1","max-image-preview":"max-image-preview:large","max-video-preview":"max-video-preview:-1"},"canonical":"https:\/\/www.maisquecuidar.com\/loja\/transferencias\/sistemas-de-transferencia\/transfer-flexivel","og_locale":"pt_PT","og_type":"article","og_title":"Transfer Flex\u00edvel - Mais que Cuidar","og_description":"Transfer Flex\u00edvel","og_url":"https:\/\/www.maisquecuidar.com\/loja\/transferencias\/sistemas-de-transferencia\/transfer-flexivel","og_site_name":"Mais que Cuidar","article_publisher":"https:\/\/www.facebook.com\/maisquecuidar.pt","article_modified_time":"2025-10-01T17:30:49+00:00","og_image":[{"width":1280,"height":800,"url":"https:\/\/img.maisquecuidar.com\/loja\/wp-content\/uploads\/2017\/01\/transfer-flexivel.png","type":"image\/png"}],"twitter_misc":{"Tempo estimado de leitura":"1 minuto"},"schema":{"@context":"https:\/\/schema.org","@graph":[{"@type":"WebPage","@id":"https:\/\/www.maisquecuidar.com\/loja\/transferencias\/sistemas-de-transferencia\/transfer-flexivel","url":"https:\/\/www.maisquecuidar.com\/loja\/transferencias\/sistemas-de-transferencia\/transfer-flexivel","name":"Transfer Flex\u00edvel - Mais que Cuidar","isPartOf":{"@id":"https:\/\/www.maisquecuidar.com\/loja\/#website"},"primaryImageOfPage":{"@id":"https:\/\/www.maisquecuidar.com\/loja\/transferencias\/sistemas-de-transferencia\/transfer-flexivel#primaryimage"},"image":{"@id":"https:\/\/www.maisquecuidar.com\/loja\/transferencias\/sistemas-de-transferencia\/transfer-flexivel#primaryimage"},"thumbnailUrl":"https:\/\/img.maisquecuidar.com\/loja\/wp-content\/uploads\/2017\/01\/transfer-flexivel.png","datePublished":"2017-01-24T18:47:14+00:00","dateModified":"2025-10-01T17:30:49+00:00","description":"Transfer Flex\u00edvel","breadcrumb":{"@id":"https:\/\/www.maisquecuidar.com\/loja\/transferencias\/sistemas-de-transferencia\/transfer-flexivel#breadcrumb"},"inLanguage":"pt-PT","potentialAction":[{"@type":"ReadAction","target":["https:\/\/www.maisquecuidar.com\/loja\/transferencias\/sistemas-de-transferencia\/transfer-flexivel"]}]},{"@type":"ImageObject","inLanguage":"pt-PT","@id":"https:\/\/www.maisquecuidar.com\/loja\/transferencias\/sistemas-de-transferencia\/transfer-flexivel#primaryimage","url":"https:\/\/img.maisquecuidar.com\/loja\/wp-content\/uploads\/2017\/01\/transfer-flexivel.png","contentUrl":"https:\/\/img.maisquecuidar.com\/loja\/wp-content\/uploads\/2017\/01\/transfer-flexivel.png","width":1280,"height":800,"caption":"Transfer Flex\u00edvel"},{"@type":"BreadcrumbList","@id":"https:\/\/www.maisquecuidar.com\/loja\/transferencias\/sistemas-de-transferencia\/transfer-flexivel#breadcrumb","itemListElement":[{"@type":"ListItem","position":1,"name":"Home","item":"https:\/\/www.maisquecuidar.com\/loja\/"},{"@type":"ListItem","position":2,"name":"Loja Online de Ortopedia e Geriatria em Portugal","item":"https:\/\/www.maisquecuidar.com\/loja\/loja"},{"@type":"ListItem","position":3,"name":"Transfer\u00eancias","item":"https:\/\/www.maisquecuidar.com\/loja\/transferencias"},{"@type":"ListItem","position":4,"name":"Sistemas de Transfer\u00eancia","item":"https:\/\/www.maisquecuidar.com\/loja\/transferencias\/sistemas-de-transferencia"},{"@type":"ListItem","position":5,"name":"Transfer Flex\u00edvel"}]},{"@type":"WebSite","@id":"https:\/\/www.maisquecuidar.com\/loja\/#website","url":"https:\/\/www.maisquecuidar.com\/loja\/","name":"Mais que Cuidar","description":"Sa\u00fade, Ortopedia e Geriatria","publisher":{"@id":"https:\/\/www.maisquecuidar.com\/loja\/#organization"},"potentialAction":[{"@type":"SearchAction","target":{"@type":"EntryPoint","urlTemplate":"https:\/\/www.maisquecuidar.com\/loja\/?s={search_term_string}"},"query-input":{"@type":"PropertyValueSpecification","valueRequired":true,"valueName":"search_term_string"}}],"inLanguage":"pt-PT"},{"@type":"Organization","@id":"https:\/\/www.maisquecuidar.com\/loja\/#organization","name":"Mais Que Cuidar","url":"https:\/\/www.maisquecuidar.com\/loja\/","logo":{"@type":"ImageObject","inLanguage":"pt-PT","@id":"https:\/\/www.maisquecuidar.com\/loja\/#\/schema\/logo\/image\/","url":"https:\/\/img.maisquecuidar.com\/loja\/wp-content\/uploads\/2019\/08\/logo-mais-que-cuidar-retina.png","contentUrl":"https:\/\/img.maisquecuidar.com\/loja\/wp-content\/uploads\/2019\/08\/logo-mais-que-cuidar-retina.png","width":565,"height":75,"caption":"Mais Que Cuidar"},"image":{"@id":"https:\/\/www.maisquecuidar.com\/loja\/#\/schema\/logo\/image\/"},"sameAs":["https:\/\/www.facebook.com\/maisquecuidar.pt","https:\/\/www.instagram.com\/maisquecuidar"]}]}},"_links":{"self":[{"href":"https:\/\/www.maisquecuidar.com\/loja\/wp-json\/wp\/v2\/product\/5023","targetHints":{"allow":["GET"]}}],"collection":[{"href":"https:\/\/www.maisquecuidar.com\/loja\/wp-json\/wp\/v2\/product"}],"about":[{"href":"https:\/\/www.maisquecuidar.com\/loja\/wp-json\/wp\/v2\/types\/product"}],"wp:featuredmedia":[{"embeddable":true,"href":"https:\/\/www.maisquecuidar.com\/loja\/wp-json\/wp\/v2\/media\/14776"}],"wp:attachment":[{"href":"https:\/\/www.maisquecuidar.com\/loja\/wp-json\/wp\/v2\/media?parent=5023"}],"wp:term":[{"taxonomy":"product_brand","embeddable":true,"href":"https:\/\/www.maisquecuidar.com\/loja\/wp-json\/wp\/v2\/product_brand?post=5023"},{"taxonomy":"product_cat","embeddable":true,"href":"https:\/\/www.maisquecuidar.com\/loja\/wp-json\/wp\/v2\/product_cat?post=5023"},{"taxonomy":"product_tag","embeddable":true,"href":"https:\/\/www.maisquecuidar.com\/loja\/wp-json\/wp\/v2\/product_tag?post=5023"}],"curies":[{"name":"wp","href":"https:\/\/api.w.org\/{rel}","templated":true}]}}