{"id":5020,"date":"2017-01-24T18:35:22","date_gmt":"2017-01-24T18:35:22","guid":{"rendered":"https:\/\/www.maisquecuidar.com\/loja\/?post_type=product&#038;p=5020"},"modified":"2025-10-01T18:32:56","modified_gmt":"2025-10-01T17:32:56","slug":"disco-giratorio-easy-turn","status":"publish","type":"product","link":"https:\/\/www.maisquecuidar.com\/loja\/transferencias\/sistemas-de-transferencia\/disco-giratorio-easy-turn","title":{"rendered":"Disco Girat\u00f3rio Easy Turn"},"content":{"rendered":"<p>O disco girat\u00f3rio Easy Turn foi desenhado originalmente para uso no carro, contudo pode ser muito \u00fatil como uma ajuda disco rotativo para mobilizar pacientes com seguran\u00e7a, por exemplo, na cama ou para sair dela.<\/p>\n<p>A base<span id=\"more_text\" class=\"more_text\"> \u00e9 constitu\u00edda por um material antiderrapante de modo a evitar qualquer movimento acidental.<\/span><\/p>\n<p><span id=\"more_text\" class=\"more_text\"> No seu interior h\u00e1 dois discos de nylon que reduzem o atrito e giram o disco com o m\u00ednimo esfor\u00e7o.<\/span><\/p>\n<p><img fetchpriority=\"high\" decoding=\"async\" class=\"alignnone size-medium wp-image-16446\" src=\"https:\/\/img.maisquecuidar.com\/loja\/wp-content\/uploads\/2017\/01\/utilizacao-disco-giratorio-easy-turn-800x210.jpg\" alt=\"Utiliza\u00e7\u00e3o do disco girat\u00f3rio easy turn\" width=\"800\" height=\"210\" srcset=\"https:\/\/img.maisquecuidar.com\/loja\/wp-content\/uploads\/2017\/01\/utilizacao-disco-giratorio-easy-turn-800x210.jpg 800w, https:\/\/img.maisquecuidar.com\/loja\/wp-content\/uploads\/2017\/01\/utilizacao-disco-giratorio-easy-turn-scaled-380x100.jpg 380w, https:\/\/img.maisquecuidar.com\/loja\/wp-content\/uploads\/2017\/01\/utilizacao-disco-giratorio-easy-turn-1024x269.jpg 1024w, https:\/\/img.maisquecuidar.com\/loja\/wp-content\/uploads\/2017\/01\/utilizacao-disco-giratorio-easy-turn-768x202.jpg 768w, https:\/\/img.maisquecuidar.com\/loja\/wp-content\/uploads\/2017\/01\/utilizacao-disco-giratorio-easy-turn-1536x403.jpg 1536w, https:\/\/img.maisquecuidar.com\/loja\/wp-content\/uploads\/2017\/01\/utilizacao-disco-giratorio-easy-turn-2048x538.jpg 2048w\" sizes=\"(max-width: 800px) 100vw, 800px\" \/><\/p>\n","protected":false},"excerpt":{"rendered":"<p>Disco girat\u00f3rio, com base redonda composto por tecido antideslizante e acolchoado. Permite uma transfer\u00eancia bastante f\u00e1cil, com o m\u00ednimo de esfor\u00e7o e fric\u00e7\u00e3o.<\/p>\n","protected":false},"featured_media":16444,"template":"","meta":{"_acf_changed":false,"neve_meta_sidebar":"","neve_meta_container":"","neve_meta_enable_content_width":"","neve_meta_content_width":0,"neve_meta_title_alignment":"","neve_meta_author_avatar":"","neve_post_elements_order":"","neve_meta_disable_header":"","neve_meta_disable_footer":"","neve_meta_disable_title":""},"product_brand":[],"product_cat":[445,92],"product_tag":[446],"class_list":{"0":"post-5020","1":"product","2":"type-product","3":"status-publish","4":"has-post-thumbnail","6":"product_cat-sistemas-de-transferencia","7":"product_cat-transferencias","8":"product_tag-disco-giratorio","10":"first","11":"instock","12":"taxable","13":"shipping-taxable","14":"purchasable","15":"product-type-simple"},"acf":[],"yoast_head":"<!-- This site is optimized with the Yoast SEO plugin v27.4 - https:\/\/yoast.com\/product\/yoast-seo-wordpress\/ -->\n<title>Disco Girat\u00f3rio Easy Turn - Mais que Cuidar<\/title>\n<meta name=\"description\" content=\"Disco girat\u00f3rio Easy Turn da Ayudas Din\u00e2micas permite uma transfer\u00eancia bastante f\u00e1cil, com o m\u00ednimo de esfor\u00e7o e fric\u00e7\u00e3o de pessoas com pouca mobilidade.\" \/>\n<meta name=\"robots\" content=\"index, follow, max-snippet:-1, max-image-preview:large, max-video-preview:-1\" \/>\n<link rel=\"canonical\" href=\"https:\/\/www.maisquecuidar.com\/loja\/transferencias\/sistemas-de-transferencia\/disco-giratorio-easy-turn\" \/>\n<meta property=\"og:locale\" content=\"pt_PT\" \/>\n<meta property=\"og:type\" content=\"article\" \/>\n<meta property=\"og:title\" content=\"Disco Girat\u00f3rio Easy Turn - Mais que Cuidar\" \/>\n<meta property=\"og:description\" content=\"Disco girat\u00f3rio Easy Turn da Ayudas Din\u00e2micas permite uma transfer\u00eancia bastante f\u00e1cil, com o m\u00ednimo de esfor\u00e7o e fric\u00e7\u00e3o de pessoas com pouca mobilidade.\" \/>\n<meta property=\"og:url\" content=\"https:\/\/www.maisquecuidar.com\/loja\/transferencias\/sistemas-de-transferencia\/disco-giratorio-easy-turn\" \/>\n<meta property=\"og:site_name\" content=\"Mais que Cuidar\" \/>\n<meta property=\"article:publisher\" content=\"https:\/\/www.facebook.com\/maisquecuidar.pt\" \/>\n<meta property=\"article:modified_time\" content=\"2025-10-01T17:32:56+00:00\" \/>\n<meta property=\"og:image\" content=\"https:\/\/img.maisquecuidar.com\/loja\/wp-content\/uploads\/2017\/01\/disco-giratorio-easy-turn-1.jpg\" \/>\n\t<meta property=\"og:image:width\" content=\"1280\" \/>\n\t<meta property=\"og:image:height\" content=\"800\" \/>\n\t<meta property=\"og:image:type\" content=\"image\/jpeg\" \/>\n<meta name=\"twitter:label1\" content=\"Tempo estimado de leitura\" \/>\n\t<meta name=\"twitter:data1\" content=\"1 minuto\" \/>\n<script type=\"application\/ld+json\" class=\"yoast-schema-graph\">{\"@context\":\"https:\\\/\\\/schema.org\",\"@graph\":[{\"@type\":\"WebPage\",\"@id\":\"https:\\\/\\\/www.maisquecuidar.com\\\/loja\\\/transferencias\\\/sistemas-de-transferencia\\\/disco-giratorio-easy-turn\",\"url\":\"https:\\\/\\\/www.maisquecuidar.com\\\/loja\\\/transferencias\\\/sistemas-de-transferencia\\\/disco-giratorio-easy-turn\",\"name\":\"Disco Girat\u00f3rio Easy Turn - Mais que Cuidar\",\"isPartOf\":{\"@id\":\"https:\\\/\\\/www.maisquecuidar.com\\\/loja\\\/#website\"},\"primaryImageOfPage\":{\"@id\":\"https:\\\/\\\/www.maisquecuidar.com\\\/loja\\\/transferencias\\\/sistemas-de-transferencia\\\/disco-giratorio-easy-turn#primaryimage\"},\"image\":{\"@id\":\"https:\\\/\\\/www.maisquecuidar.com\\\/loja\\\/transferencias\\\/sistemas-de-transferencia\\\/disco-giratorio-easy-turn#primaryimage\"},\"thumbnailUrl\":\"https:\\\/\\\/img.maisquecuidar.com\\\/loja\\\/wp-content\\\/uploads\\\/2017\\\/01\\\/disco-giratorio-easy-turn-1.jpg\",\"datePublished\":\"2017-01-24T18:35:22+00:00\",\"dateModified\":\"2025-10-01T17:32:56+00:00\",\"description\":\"Disco girat\u00f3rio Easy Turn da Ayudas Din\u00e2micas permite uma transfer\u00eancia bastante f\u00e1cil, com o m\u00ednimo de esfor\u00e7o e fric\u00e7\u00e3o de pessoas com pouca mobilidade.\",\"breadcrumb\":{\"@id\":\"https:\\\/\\\/www.maisquecuidar.com\\\/loja\\\/transferencias\\\/sistemas-de-transferencia\\\/disco-giratorio-easy-turn#breadcrumb\"},\"inLanguage\":\"pt-PT\",\"potentialAction\":[{\"@type\":\"ReadAction\",\"target\":[\"https:\\\/\\\/www.maisquecuidar.com\\\/loja\\\/transferencias\\\/sistemas-de-transferencia\\\/disco-giratorio-easy-turn\"]}]},{\"@type\":\"ImageObject\",\"inLanguage\":\"pt-PT\",\"@id\":\"https:\\\/\\\/www.maisquecuidar.com\\\/loja\\\/transferencias\\\/sistemas-de-transferencia\\\/disco-giratorio-easy-turn#primaryimage\",\"url\":\"https:\\\/\\\/img.maisquecuidar.com\\\/loja\\\/wp-content\\\/uploads\\\/2017\\\/01\\\/disco-giratorio-easy-turn-1.jpg\",\"contentUrl\":\"https:\\\/\\\/img.maisquecuidar.com\\\/loja\\\/wp-content\\\/uploads\\\/2017\\\/01\\\/disco-giratorio-easy-turn-1.jpg\",\"width\":1280,\"height\":800,\"caption\":\"Disco girat\u00f3rio easy turn\"},{\"@type\":\"BreadcrumbList\",\"@id\":\"https:\\\/\\\/www.maisquecuidar.com\\\/loja\\\/transferencias\\\/sistemas-de-transferencia\\\/disco-giratorio-easy-turn#breadcrumb\",\"itemListElement\":[{\"@type\":\"ListItem\",\"position\":1,\"name\":\"Home\",\"item\":\"https:\\\/\\\/www.maisquecuidar.com\\\/loja\\\/\"},{\"@type\":\"ListItem\",\"position\":2,\"name\":\"Loja Online de Ortopedia e Geriatria em Portugal\",\"item\":\"https:\\\/\\\/www.maisquecuidar.com\\\/loja\\\/loja\"},{\"@type\":\"ListItem\",\"position\":3,\"name\":\"Transfer\u00eancias\",\"item\":\"https:\\\/\\\/www.maisquecuidar.com\\\/loja\\\/transferencias\"},{\"@type\":\"ListItem\",\"position\":4,\"name\":\"Sistemas de Transfer\u00eancia\",\"item\":\"https:\\\/\\\/www.maisquecuidar.com\\\/loja\\\/transferencias\\\/sistemas-de-transferencia\"},{\"@type\":\"ListItem\",\"position\":5,\"name\":\"Disco Girat\u00f3rio Easy Turn\"}]},{\"@type\":\"WebSite\",\"@id\":\"https:\\\/\\\/www.maisquecuidar.com\\\/loja\\\/#website\",\"url\":\"https:\\\/\\\/www.maisquecuidar.com\\\/loja\\\/\",\"name\":\"Mais que Cuidar\",\"description\":\"Sa\u00fade, Ortopedia e Geriatria\",\"publisher\":{\"@id\":\"https:\\\/\\\/www.maisquecuidar.com\\\/loja\\\/#organization\"},\"potentialAction\":[{\"@type\":\"SearchAction\",\"target\":{\"@type\":\"EntryPoint\",\"urlTemplate\":\"https:\\\/\\\/www.maisquecuidar.com\\\/loja\\\/?s={search_term_string}\"},\"query-input\":{\"@type\":\"PropertyValueSpecification\",\"valueRequired\":true,\"valueName\":\"search_term_string\"}}],\"inLanguage\":\"pt-PT\"},{\"@type\":\"Organization\",\"@id\":\"https:\\\/\\\/www.maisquecuidar.com\\\/loja\\\/#organization\",\"name\":\"Mais Que Cuidar\",\"url\":\"https:\\\/\\\/www.maisquecuidar.com\\\/loja\\\/\",\"logo\":{\"@type\":\"ImageObject\",\"inLanguage\":\"pt-PT\",\"@id\":\"https:\\\/\\\/www.maisquecuidar.com\\\/loja\\\/#\\\/schema\\\/logo\\\/image\\\/\",\"url\":\"https:\\\/\\\/img.maisquecuidar.com\\\/loja\\\/wp-content\\\/uploads\\\/2019\\\/08\\\/logo-mais-que-cuidar-retina.png\",\"contentUrl\":\"https:\\\/\\\/img.maisquecuidar.com\\\/loja\\\/wp-content\\\/uploads\\\/2019\\\/08\\\/logo-mais-que-cuidar-retina.png\",\"width\":565,\"height\":75,\"caption\":\"Mais Que Cuidar\"},\"image\":{\"@id\":\"https:\\\/\\\/www.maisquecuidar.com\\\/loja\\\/#\\\/schema\\\/logo\\\/image\\\/\"},\"sameAs\":[\"https:\\\/\\\/www.facebook.com\\\/maisquecuidar.pt\",\"https:\\\/\\\/www.instagram.com\\\/maisquecuidar\"]}]}<\/script>\n<!-- \/ Yoast SEO plugin. -->","yoast_head_json":{"title":"Disco Girat\u00f3rio Easy Turn - Mais que Cuidar","description":"Disco girat\u00f3rio Easy Turn da Ayudas Din\u00e2micas permite uma transfer\u00eancia bastante f\u00e1cil, com o m\u00ednimo de esfor\u00e7o e fric\u00e7\u00e3o de pessoas com pouca mobilidade.","robots":{"index":"index","follow":"follow","max-snippet":"max-snippet:-1","max-image-preview":"max-image-preview:large","max-video-preview":"max-video-preview:-1"},"canonical":"https:\/\/www.maisquecuidar.com\/loja\/transferencias\/sistemas-de-transferencia\/disco-giratorio-easy-turn","og_locale":"pt_PT","og_type":"article","og_title":"Disco Girat\u00f3rio Easy Turn - Mais que Cuidar","og_description":"Disco girat\u00f3rio Easy Turn da Ayudas Din\u00e2micas permite uma transfer\u00eancia bastante f\u00e1cil, com o m\u00ednimo de esfor\u00e7o e fric\u00e7\u00e3o de pessoas com pouca mobilidade.","og_url":"https:\/\/www.maisquecuidar.com\/loja\/transferencias\/sistemas-de-transferencia\/disco-giratorio-easy-turn","og_site_name":"Mais que Cuidar","article_publisher":"https:\/\/www.facebook.com\/maisquecuidar.pt","article_modified_time":"2025-10-01T17:32:56+00:00","og_image":[{"width":1280,"height":800,"url":"https:\/\/img.maisquecuidar.com\/loja\/wp-content\/uploads\/2017\/01\/disco-giratorio-easy-turn-1.jpg","type":"image\/jpeg"}],"twitter_misc":{"Tempo estimado de leitura":"1 minuto"},"schema":{"@context":"https:\/\/schema.org","@graph":[{"@type":"WebPage","@id":"https:\/\/www.maisquecuidar.com\/loja\/transferencias\/sistemas-de-transferencia\/disco-giratorio-easy-turn","url":"https:\/\/www.maisquecuidar.com\/loja\/transferencias\/sistemas-de-transferencia\/disco-giratorio-easy-turn","name":"Disco Girat\u00f3rio Easy Turn - Mais que Cuidar","isPartOf":{"@id":"https:\/\/www.maisquecuidar.com\/loja\/#website"},"primaryImageOfPage":{"@id":"https:\/\/www.maisquecuidar.com\/loja\/transferencias\/sistemas-de-transferencia\/disco-giratorio-easy-turn#primaryimage"},"image":{"@id":"https:\/\/www.maisquecuidar.com\/loja\/transferencias\/sistemas-de-transferencia\/disco-giratorio-easy-turn#primaryimage"},"thumbnailUrl":"https:\/\/img.maisquecuidar.com\/loja\/wp-content\/uploads\/2017\/01\/disco-giratorio-easy-turn-1.jpg","datePublished":"2017-01-24T18:35:22+00:00","dateModified":"2025-10-01T17:32:56+00:00","description":"Disco girat\u00f3rio Easy Turn da Ayudas Din\u00e2micas permite uma transfer\u00eancia bastante f\u00e1cil, com o m\u00ednimo de esfor\u00e7o e fric\u00e7\u00e3o de pessoas com pouca mobilidade.","breadcrumb":{"@id":"https:\/\/www.maisquecuidar.com\/loja\/transferencias\/sistemas-de-transferencia\/disco-giratorio-easy-turn#breadcrumb"},"inLanguage":"pt-PT","potentialAction":[{"@type":"ReadAction","target":["https:\/\/www.maisquecuidar.com\/loja\/transferencias\/sistemas-de-transferencia\/disco-giratorio-easy-turn"]}]},{"@type":"ImageObject","inLanguage":"pt-PT","@id":"https:\/\/www.maisquecuidar.com\/loja\/transferencias\/sistemas-de-transferencia\/disco-giratorio-easy-turn#primaryimage","url":"https:\/\/img.maisquecuidar.com\/loja\/wp-content\/uploads\/2017\/01\/disco-giratorio-easy-turn-1.jpg","contentUrl":"https:\/\/img.maisquecuidar.com\/loja\/wp-content\/uploads\/2017\/01\/disco-giratorio-easy-turn-1.jpg","width":1280,"height":800,"caption":"Disco girat\u00f3rio easy turn"},{"@type":"BreadcrumbList","@id":"https:\/\/www.maisquecuidar.com\/loja\/transferencias\/sistemas-de-transferencia\/disco-giratorio-easy-turn#breadcrumb","itemListElement":[{"@type":"ListItem","position":1,"name":"Home","item":"https:\/\/www.maisquecuidar.com\/loja\/"},{"@type":"ListItem","position":2,"name":"Loja Online de Ortopedia e Geriatria em Portugal","item":"https:\/\/www.maisquecuidar.com\/loja\/loja"},{"@type":"ListItem","position":3,"name":"Transfer\u00eancias","item":"https:\/\/www.maisquecuidar.com\/loja\/transferencias"},{"@type":"ListItem","position":4,"name":"Sistemas de Transfer\u00eancia","item":"https:\/\/www.maisquecuidar.com\/loja\/transferencias\/sistemas-de-transferencia"},{"@type":"ListItem","position":5,"name":"Disco Girat\u00f3rio Easy Turn"}]},{"@type":"WebSite","@id":"https:\/\/www.maisquecuidar.com\/loja\/#website","url":"https:\/\/www.maisquecuidar.com\/loja\/","name":"Mais que Cuidar","description":"Sa\u00fade, Ortopedia e Geriatria","publisher":{"@id":"https:\/\/www.maisquecuidar.com\/loja\/#organization"},"potentialAction":[{"@type":"SearchAction","target":{"@type":"EntryPoint","urlTemplate":"https:\/\/www.maisquecuidar.com\/loja\/?s={search_term_string}"},"query-input":{"@type":"PropertyValueSpecification","valueRequired":true,"valueName":"search_term_string"}}],"inLanguage":"pt-PT"},{"@type":"Organization","@id":"https:\/\/www.maisquecuidar.com\/loja\/#organization","name":"Mais Que Cuidar","url":"https:\/\/www.maisquecuidar.com\/loja\/","logo":{"@type":"ImageObject","inLanguage":"pt-PT","@id":"https:\/\/www.maisquecuidar.com\/loja\/#\/schema\/logo\/image\/","url":"https:\/\/img.maisquecuidar.com\/loja\/wp-content\/uploads\/2019\/08\/logo-mais-que-cuidar-retina.png","contentUrl":"https:\/\/img.maisquecuidar.com\/loja\/wp-content\/uploads\/2019\/08\/logo-mais-que-cuidar-retina.png","width":565,"height":75,"caption":"Mais Que Cuidar"},"image":{"@id":"https:\/\/www.maisquecuidar.com\/loja\/#\/schema\/logo\/image\/"},"sameAs":["https:\/\/www.facebook.com\/maisquecuidar.pt","https:\/\/www.instagram.com\/maisquecuidar"]}]}},"_links":{"self":[{"href":"https:\/\/www.maisquecuidar.com\/loja\/wp-json\/wp\/v2\/product\/5020","targetHints":{"allow":["GET"]}}],"collection":[{"href":"https:\/\/www.maisquecuidar.com\/loja\/wp-json\/wp\/v2\/product"}],"about":[{"href":"https:\/\/www.maisquecuidar.com\/loja\/wp-json\/wp\/v2\/types\/product"}],"wp:featuredmedia":[{"embeddable":true,"href":"https:\/\/www.maisquecuidar.com\/loja\/wp-json\/wp\/v2\/media\/16444"}],"wp:attachment":[{"href":"https:\/\/www.maisquecuidar.com\/loja\/wp-json\/wp\/v2\/media?parent=5020"}],"wp:term":[{"taxonomy":"product_brand","embeddable":true,"href":"https:\/\/www.maisquecuidar.com\/loja\/wp-json\/wp\/v2\/product_brand?post=5020"},{"taxonomy":"product_cat","embeddable":true,"href":"https:\/\/www.maisquecuidar.com\/loja\/wp-json\/wp\/v2\/product_cat?post=5020"},{"taxonomy":"product_tag","embeddable":true,"href":"https:\/\/www.maisquecuidar.com\/loja\/wp-json\/wp\/v2\/product_tag?post=5020"}],"curies":[{"name":"wp","href":"https:\/\/api.w.org\/{rel}","templated":true}]}}