{"id":5000,"date":"2017-01-22T18:39:44","date_gmt":"2017-01-22T18:39:44","guid":{"rendered":"https:\/\/www.maisquecuidar.com\/loja\/?post_type=product&#038;p=5000"},"modified":"2025-10-01T18:32:24","modified_gmt":"2025-10-01T17:32:24","slug":"cesta-standard-apoio-cabeca","status":"publish","type":"product","link":"https:\/\/www.maisquecuidar.com\/loja\/transferencias\/cestas-de-transferencia\/cesta-standard-apoio-cabeca","title":{"rendered":"Cesta Universal Alta Invacare"},"content":{"rendered":"<p><strong>Cesta Universal Alta<\/strong><\/p>\n<p>Cesta de transfer\u00eancia para utiliza\u00e7\u00e3o nas rotinas di\u00e1rias. Suporta todo o corpo, incluindo a cabe\u00e7a. O utilizador fica sentado numa ligeira posi\u00e7\u00e3o reclinada.<\/p>\n<p>Adequada a utilizadores com controlo limitado da cabe\u00e7a, do tronco e das ancas. Pode ser usada para transfer\u00eancias a partir da posi\u00e7\u00e3o deitada, do ch\u00e3o ou entre transfer\u00eancias de posi\u00e7\u00f5es sentadas.<\/p>\n<p>Fabricada em tecido de conforto (Spacer), respir\u00e1vel, mais confort\u00e1vel e flex\u00edvel, permite que se adapte ao contorno do corpo do utilizador proporcionando altos n\u00edveis de suporte e conforto.<\/p>\n<p><strong>Selecionar o tamanho certo<\/strong><\/p>\n<p>A largura das ancas e a altura das costas, medidas na posi\u00e7\u00e3o sentada, s\u00e3o os indicadores mais\u00a0 importantes para selecionar o tamanho correto da cesta. Para cestas com cintos, o per\u00edmetro da cintura tamb\u00e9m \u00e9 importante.<\/p>\n<p>O peso do utilizador precisa de ser considerado principalmente para comparar com o peso m\u00e1ximo suportado pela cesta.<\/p>\n<p><img fetchpriority=\"high\" decoding=\"async\" class=\"alignnone wp-image-17322\" src=\"https:\/\/img.maisquecuidar.com\/loja\/wp-content\/uploads\/2017\/01\/selecionar-tamanho-cestas.png\" alt=\"Selecionar tamanho cestas\" width=\"471\" height=\"267\" srcset=\"https:\/\/img.maisquecuidar.com\/loja\/wp-content\/uploads\/2017\/01\/selecionar-tamanho-cestas.png 558w, https:\/\/img.maisquecuidar.com\/loja\/wp-content\/uploads\/2017\/01\/selecionar-tamanho-cestas-380x215.png 380w\" sizes=\"(max-width: 471px) 100vw, 471px\" \/><\/p>\n<p><strong>Tamanhos e Tecidos das Cestas Invacare<\/strong><\/p>\n<p><img decoding=\"async\" class=\"alignnone wp-image-17323 lazyload\" data-src=\"https:\/\/img.maisquecuidar.com\/loja\/wp-content\/uploads\/2017\/01\/Tamanhos-tecidos-cestas-800x351.png\" alt=\"Tamanhos e tecidos das cestas Invacare\" width=\"695\" height=\"305\" data-srcset=\"https:\/\/img.maisquecuidar.com\/loja\/wp-content\/uploads\/2017\/01\/Tamanhos-tecidos-cestas-800x351.png 800w, https:\/\/img.maisquecuidar.com\/loja\/wp-content\/uploads\/2017\/01\/Tamanhos-tecidos-cestas-380x167.png 380w, https:\/\/img.maisquecuidar.com\/loja\/wp-content\/uploads\/2017\/01\/Tamanhos-tecidos-cestas-1024x449.png 1024w, https:\/\/img.maisquecuidar.com\/loja\/wp-content\/uploads\/2017\/01\/Tamanhos-tecidos-cestas-768x337.png 768w, https:\/\/img.maisquecuidar.com\/loja\/wp-content\/uploads\/2017\/01\/Tamanhos-tecidos-cestas.png 1341w\" data-sizes=\"(max-width: 695px) 100vw, 695px\" src=\"data:image\/svg+xml;base64,PHN2ZyB3aWR0aD0iMSIgaGVpZ2h0PSIxIiB4bWxucz0iaHR0cDovL3d3dy53My5vcmcvMjAwMC9zdmciPjwvc3ZnPg==\" style=\"--smush-placeholder-width: 695px; --smush-placeholder-aspect-ratio: 695\/305;\" \/><\/p>\n<p><strong>Peso M\u00e1ximo do Utilizador<\/strong><\/p>\n<ul>\n<li>Nos tamanhos XS, S, M e L: 200 kgs<\/li>\n<li>No tamanho XL: 250 Kgs<\/li>\n<\/ul>\n<p><img decoding=\"async\" class=\"alignnone wp-image-17324 lazyload\" data-src=\"https:\/\/img.maisquecuidar.com\/loja\/wp-content\/uploads\/2017\/01\/tamanho-suportado-peso-800x84.png\" alt=\"Tamanho das cestas e peso suportado utilizador\" width=\"638\" height=\"67\" data-srcset=\"https:\/\/img.maisquecuidar.com\/loja\/wp-content\/uploads\/2017\/01\/tamanho-suportado-peso-800x84.png 800w, https:\/\/img.maisquecuidar.com\/loja\/wp-content\/uploads\/2017\/01\/tamanho-suportado-peso-380x40.png 380w, https:\/\/img.maisquecuidar.com\/loja\/wp-content\/uploads\/2017\/01\/tamanho-suportado-peso-1024x107.png 1024w, https:\/\/img.maisquecuidar.com\/loja\/wp-content\/uploads\/2017\/01\/tamanho-suportado-peso-768x80.png 768w, https:\/\/img.maisquecuidar.com\/loja\/wp-content\/uploads\/2017\/01\/tamanho-suportado-peso.png 1330w\" data-sizes=\"(max-width: 638px) 100vw, 638px\" src=\"data:image\/svg+xml;base64,PHN2ZyB3aWR0aD0iMSIgaGVpZ2h0PSIxIiB4bWxucz0iaHR0cDovL3d3dy53My5vcmcvMjAwMC9zdmciPjwvc3ZnPg==\" style=\"--smush-placeholder-width: 638px; --smush-placeholder-aspect-ratio: 638\/67;\" \/><\/p>\n<p><strong>Cuidados a ter na utiliza\u00e7\u00e3o<\/strong><\/p>\n<ul>\n<li>Todas as cestas devem ser testadas e ajustadas ao utilizador, para garantir um excelente conforto e seguran\u00e7a durante as transfer\u00eancias.<\/li>\n<li>Temperatura m\u00e1xima de lavagem: 90\u00baC<\/li>\n<li>N\u00e3o usar lix\u00edvia.<\/li>\n<li>Secagem \u00e0 m\u00e1quina: a baixa temperatura<\/li>\n<\/ul>\n","protected":false},"excerpt":{"rendered":"<p>Cesta para transfer\u00eancias passivas<\/p>\n","protected":false},"featured_media":17320,"template":"","meta":{"_acf_changed":false,"neve_meta_sidebar":"","neve_meta_container":"","neve_meta_enable_content_width":"","neve_meta_content_width":0,"neve_meta_title_alignment":"","neve_meta_author_avatar":"","neve_post_elements_order":"","neve_meta_disable_header":"","neve_meta_disable_footer":"","neve_meta_disable_title":""},"product_brand":[],"product_cat":[92,96],"product_tag":[443],"class_list":{"0":"post-5000","1":"product","2":"type-product","3":"status-publish","4":"has-post-thumbnail","6":"product_cat-transferencias","7":"product_cat-cestas-de-transferencia","8":"product_tag-cestas-de-transferencia","10":"first","11":"onbackorder","12":"taxable","13":"shipping-taxable","14":"purchasable","15":"product-type-simple"},"acf":[],"yoast_head":"<!-- This site is optimized with the Yoast SEO plugin v27.4 - https:\/\/yoast.com\/product\/yoast-seo-wordpress\/ -->\n<title>Cesta Universal Alta Invacare - Mais que Cuidar<\/title>\n<meta name=\"description\" content=\"A cesta universal alta da Invacare suporta todo o corpo, incluindo a cabe\u00e7a. Indicada a utilizadores com controlo limitado da cabe\u00e7a, do tronco e das ancas.\" \/>\n<meta name=\"robots\" content=\"index, follow, max-snippet:-1, max-image-preview:large, max-video-preview:-1\" \/>\n<link rel=\"canonical\" href=\"https:\/\/www.maisquecuidar.com\/loja\/transferencias\/cestas-de-transferencia\/cesta-standard-apoio-cabeca\" \/>\n<meta property=\"og:locale\" content=\"pt_PT\" \/>\n<meta property=\"og:type\" content=\"article\" \/>\n<meta property=\"og:title\" content=\"Cesta Universal Alta Invacare - Mais que Cuidar\" \/>\n<meta property=\"og:description\" content=\"A cesta universal alta da Invacare suporta todo o corpo, incluindo a cabe\u00e7a. Indicada a utilizadores com controlo limitado da cabe\u00e7a, do tronco e das ancas.\" \/>\n<meta property=\"og:url\" content=\"https:\/\/www.maisquecuidar.com\/loja\/transferencias\/cestas-de-transferencia\/cesta-standard-apoio-cabeca\" \/>\n<meta property=\"og:site_name\" content=\"Mais que Cuidar\" \/>\n<meta property=\"article:publisher\" content=\"https:\/\/www.facebook.com\/maisquecuidar.pt\" \/>\n<meta property=\"article:modified_time\" content=\"2025-10-01T17:32:24+00:00\" \/>\n<meta property=\"og:image\" content=\"https:\/\/img.maisquecuidar.com\/loja\/wp-content\/uploads\/2017\/01\/cesta-universal.png\" \/>\n\t<meta property=\"og:image:width\" content=\"1280\" \/>\n\t<meta property=\"og:image:height\" content=\"800\" \/>\n\t<meta property=\"og:image:type\" content=\"image\/png\" \/>\n<meta name=\"twitter:label1\" content=\"Tempo estimado de leitura\" \/>\n\t<meta name=\"twitter:data1\" content=\"2 minutos\" \/>\n<script type=\"application\/ld+json\" class=\"yoast-schema-graph\">{\"@context\":\"https:\\\/\\\/schema.org\",\"@graph\":[{\"@type\":\"WebPage\",\"@id\":\"https:\\\/\\\/www.maisquecuidar.com\\\/loja\\\/transferencias\\\/cestas-de-transferencia\\\/cesta-standard-apoio-cabeca\",\"url\":\"https:\\\/\\\/www.maisquecuidar.com\\\/loja\\\/transferencias\\\/cestas-de-transferencia\\\/cesta-standard-apoio-cabeca\",\"name\":\"Cesta Universal Alta Invacare - Mais que Cuidar\",\"isPartOf\":{\"@id\":\"https:\\\/\\\/www.maisquecuidar.com\\\/loja\\\/#website\"},\"primaryImageOfPage\":{\"@id\":\"https:\\\/\\\/www.maisquecuidar.com\\\/loja\\\/transferencias\\\/cestas-de-transferencia\\\/cesta-standard-apoio-cabeca#primaryimage\"},\"image\":{\"@id\":\"https:\\\/\\\/www.maisquecuidar.com\\\/loja\\\/transferencias\\\/cestas-de-transferencia\\\/cesta-standard-apoio-cabeca#primaryimage\"},\"thumbnailUrl\":\"https:\\\/\\\/img.maisquecuidar.com\\\/loja\\\/wp-content\\\/uploads\\\/2017\\\/01\\\/cesta-universal.png\",\"datePublished\":\"2017-01-22T18:39:44+00:00\",\"dateModified\":\"2025-10-01T17:32:24+00:00\",\"description\":\"A cesta universal alta da Invacare suporta todo o corpo, incluindo a cabe\u00e7a. Indicada a utilizadores com controlo limitado da cabe\u00e7a, do tronco e das ancas.\",\"breadcrumb\":{\"@id\":\"https:\\\/\\\/www.maisquecuidar.com\\\/loja\\\/transferencias\\\/cestas-de-transferencia\\\/cesta-standard-apoio-cabeca#breadcrumb\"},\"inLanguage\":\"pt-PT\",\"potentialAction\":[{\"@type\":\"ReadAction\",\"target\":[\"https:\\\/\\\/www.maisquecuidar.com\\\/loja\\\/transferencias\\\/cestas-de-transferencia\\\/cesta-standard-apoio-cabeca\"]}]},{\"@type\":\"ImageObject\",\"inLanguage\":\"pt-PT\",\"@id\":\"https:\\\/\\\/www.maisquecuidar.com\\\/loja\\\/transferencias\\\/cestas-de-transferencia\\\/cesta-standard-apoio-cabeca#primaryimage\",\"url\":\"https:\\\/\\\/img.maisquecuidar.com\\\/loja\\\/wp-content\\\/uploads\\\/2017\\\/01\\\/cesta-universal.png\",\"contentUrl\":\"https:\\\/\\\/img.maisquecuidar.com\\\/loja\\\/wp-content\\\/uploads\\\/2017\\\/01\\\/cesta-universal.png\",\"width\":1280,\"height\":800,\"caption\":\"Cesta Universal Alta da Invacare\"},{\"@type\":\"BreadcrumbList\",\"@id\":\"https:\\\/\\\/www.maisquecuidar.com\\\/loja\\\/transferencias\\\/cestas-de-transferencia\\\/cesta-standard-apoio-cabeca#breadcrumb\",\"itemListElement\":[{\"@type\":\"ListItem\",\"position\":1,\"name\":\"Home\",\"item\":\"https:\\\/\\\/www.maisquecuidar.com\\\/loja\\\/\"},{\"@type\":\"ListItem\",\"position\":2,\"name\":\"Loja Online de Ortopedia e Geriatria em Portugal\",\"item\":\"https:\\\/\\\/www.maisquecuidar.com\\\/loja\\\/loja\"},{\"@type\":\"ListItem\",\"position\":3,\"name\":\"Transfer\u00eancias\",\"item\":\"https:\\\/\\\/www.maisquecuidar.com\\\/loja\\\/transferencias\"},{\"@type\":\"ListItem\",\"position\":4,\"name\":\"Cestas de Transfer\u00eancia\",\"item\":\"https:\\\/\\\/www.maisquecuidar.com\\\/loja\\\/transferencias\\\/cestas-de-transferencia\"},{\"@type\":\"ListItem\",\"position\":5,\"name\":\"Cesta Universal Alta Invacare\"}]},{\"@type\":\"WebSite\",\"@id\":\"https:\\\/\\\/www.maisquecuidar.com\\\/loja\\\/#website\",\"url\":\"https:\\\/\\\/www.maisquecuidar.com\\\/loja\\\/\",\"name\":\"Mais que Cuidar\",\"description\":\"Sa\u00fade, Ortopedia e Geriatria\",\"publisher\":{\"@id\":\"https:\\\/\\\/www.maisquecuidar.com\\\/loja\\\/#organization\"},\"potentialAction\":[{\"@type\":\"SearchAction\",\"target\":{\"@type\":\"EntryPoint\",\"urlTemplate\":\"https:\\\/\\\/www.maisquecuidar.com\\\/loja\\\/?s={search_term_string}\"},\"query-input\":{\"@type\":\"PropertyValueSpecification\",\"valueRequired\":true,\"valueName\":\"search_term_string\"}}],\"inLanguage\":\"pt-PT\"},{\"@type\":\"Organization\",\"@id\":\"https:\\\/\\\/www.maisquecuidar.com\\\/loja\\\/#organization\",\"name\":\"Mais Que Cuidar\",\"url\":\"https:\\\/\\\/www.maisquecuidar.com\\\/loja\\\/\",\"logo\":{\"@type\":\"ImageObject\",\"inLanguage\":\"pt-PT\",\"@id\":\"https:\\\/\\\/www.maisquecuidar.com\\\/loja\\\/#\\\/schema\\\/logo\\\/image\\\/\",\"url\":\"https:\\\/\\\/img.maisquecuidar.com\\\/loja\\\/wp-content\\\/uploads\\\/2019\\\/08\\\/logo-mais-que-cuidar-retina.png\",\"contentUrl\":\"https:\\\/\\\/img.maisquecuidar.com\\\/loja\\\/wp-content\\\/uploads\\\/2019\\\/08\\\/logo-mais-que-cuidar-retina.png\",\"width\":565,\"height\":75,\"caption\":\"Mais Que Cuidar\"},\"image\":{\"@id\":\"https:\\\/\\\/www.maisquecuidar.com\\\/loja\\\/#\\\/schema\\\/logo\\\/image\\\/\"},\"sameAs\":[\"https:\\\/\\\/www.facebook.com\\\/maisquecuidar.pt\",\"https:\\\/\\\/www.instagram.com\\\/maisquecuidar\"]}]}<\/script>\n<!-- \/ Yoast SEO plugin. -->","yoast_head_json":{"title":"Cesta Universal Alta Invacare - Mais que Cuidar","description":"A cesta universal alta da Invacare suporta todo o corpo, incluindo a cabe\u00e7a. Indicada a utilizadores com controlo limitado da cabe\u00e7a, do tronco e das ancas.","robots":{"index":"index","follow":"follow","max-snippet":"max-snippet:-1","max-image-preview":"max-image-preview:large","max-video-preview":"max-video-preview:-1"},"canonical":"https:\/\/www.maisquecuidar.com\/loja\/transferencias\/cestas-de-transferencia\/cesta-standard-apoio-cabeca","og_locale":"pt_PT","og_type":"article","og_title":"Cesta Universal Alta Invacare - Mais que Cuidar","og_description":"A cesta universal alta da Invacare suporta todo o corpo, incluindo a cabe\u00e7a. Indicada a utilizadores com controlo limitado da cabe\u00e7a, do tronco e das ancas.","og_url":"https:\/\/www.maisquecuidar.com\/loja\/transferencias\/cestas-de-transferencia\/cesta-standard-apoio-cabeca","og_site_name":"Mais que Cuidar","article_publisher":"https:\/\/www.facebook.com\/maisquecuidar.pt","article_modified_time":"2025-10-01T17:32:24+00:00","og_image":[{"width":1280,"height":800,"url":"https:\/\/img.maisquecuidar.com\/loja\/wp-content\/uploads\/2017\/01\/cesta-universal.png","type":"image\/png"}],"twitter_misc":{"Tempo estimado de leitura":"2 minutos"},"schema":{"@context":"https:\/\/schema.org","@graph":[{"@type":"WebPage","@id":"https:\/\/www.maisquecuidar.com\/loja\/transferencias\/cestas-de-transferencia\/cesta-standard-apoio-cabeca","url":"https:\/\/www.maisquecuidar.com\/loja\/transferencias\/cestas-de-transferencia\/cesta-standard-apoio-cabeca","name":"Cesta Universal Alta Invacare - Mais que Cuidar","isPartOf":{"@id":"https:\/\/www.maisquecuidar.com\/loja\/#website"},"primaryImageOfPage":{"@id":"https:\/\/www.maisquecuidar.com\/loja\/transferencias\/cestas-de-transferencia\/cesta-standard-apoio-cabeca#primaryimage"},"image":{"@id":"https:\/\/www.maisquecuidar.com\/loja\/transferencias\/cestas-de-transferencia\/cesta-standard-apoio-cabeca#primaryimage"},"thumbnailUrl":"https:\/\/img.maisquecuidar.com\/loja\/wp-content\/uploads\/2017\/01\/cesta-universal.png","datePublished":"2017-01-22T18:39:44+00:00","dateModified":"2025-10-01T17:32:24+00:00","description":"A cesta universal alta da Invacare suporta todo o corpo, incluindo a cabe\u00e7a. Indicada a utilizadores com controlo limitado da cabe\u00e7a, do tronco e das ancas.","breadcrumb":{"@id":"https:\/\/www.maisquecuidar.com\/loja\/transferencias\/cestas-de-transferencia\/cesta-standard-apoio-cabeca#breadcrumb"},"inLanguage":"pt-PT","potentialAction":[{"@type":"ReadAction","target":["https:\/\/www.maisquecuidar.com\/loja\/transferencias\/cestas-de-transferencia\/cesta-standard-apoio-cabeca"]}]},{"@type":"ImageObject","inLanguage":"pt-PT","@id":"https:\/\/www.maisquecuidar.com\/loja\/transferencias\/cestas-de-transferencia\/cesta-standard-apoio-cabeca#primaryimage","url":"https:\/\/img.maisquecuidar.com\/loja\/wp-content\/uploads\/2017\/01\/cesta-universal.png","contentUrl":"https:\/\/img.maisquecuidar.com\/loja\/wp-content\/uploads\/2017\/01\/cesta-universal.png","width":1280,"height":800,"caption":"Cesta Universal Alta da Invacare"},{"@type":"BreadcrumbList","@id":"https:\/\/www.maisquecuidar.com\/loja\/transferencias\/cestas-de-transferencia\/cesta-standard-apoio-cabeca#breadcrumb","itemListElement":[{"@type":"ListItem","position":1,"name":"Home","item":"https:\/\/www.maisquecuidar.com\/loja\/"},{"@type":"ListItem","position":2,"name":"Loja Online de Ortopedia e Geriatria em Portugal","item":"https:\/\/www.maisquecuidar.com\/loja\/loja"},{"@type":"ListItem","position":3,"name":"Transfer\u00eancias","item":"https:\/\/www.maisquecuidar.com\/loja\/transferencias"},{"@type":"ListItem","position":4,"name":"Cestas de Transfer\u00eancia","item":"https:\/\/www.maisquecuidar.com\/loja\/transferencias\/cestas-de-transferencia"},{"@type":"ListItem","position":5,"name":"Cesta Universal Alta Invacare"}]},{"@type":"WebSite","@id":"https:\/\/www.maisquecuidar.com\/loja\/#website","url":"https:\/\/www.maisquecuidar.com\/loja\/","name":"Mais que Cuidar","description":"Sa\u00fade, Ortopedia e Geriatria","publisher":{"@id":"https:\/\/www.maisquecuidar.com\/loja\/#organization"},"potentialAction":[{"@type":"SearchAction","target":{"@type":"EntryPoint","urlTemplate":"https:\/\/www.maisquecuidar.com\/loja\/?s={search_term_string}"},"query-input":{"@type":"PropertyValueSpecification","valueRequired":true,"valueName":"search_term_string"}}],"inLanguage":"pt-PT"},{"@type":"Organization","@id":"https:\/\/www.maisquecuidar.com\/loja\/#organization","name":"Mais Que Cuidar","url":"https:\/\/www.maisquecuidar.com\/loja\/","logo":{"@type":"ImageObject","inLanguage":"pt-PT","@id":"https:\/\/www.maisquecuidar.com\/loja\/#\/schema\/logo\/image\/","url":"https:\/\/img.maisquecuidar.com\/loja\/wp-content\/uploads\/2019\/08\/logo-mais-que-cuidar-retina.png","contentUrl":"https:\/\/img.maisquecuidar.com\/loja\/wp-content\/uploads\/2019\/08\/logo-mais-que-cuidar-retina.png","width":565,"height":75,"caption":"Mais Que Cuidar"},"image":{"@id":"https:\/\/www.maisquecuidar.com\/loja\/#\/schema\/logo\/image\/"},"sameAs":["https:\/\/www.facebook.com\/maisquecuidar.pt","https:\/\/www.instagram.com\/maisquecuidar"]}]}},"_links":{"self":[{"href":"https:\/\/www.maisquecuidar.com\/loja\/wp-json\/wp\/v2\/product\/5000","targetHints":{"allow":["GET"]}}],"collection":[{"href":"https:\/\/www.maisquecuidar.com\/loja\/wp-json\/wp\/v2\/product"}],"about":[{"href":"https:\/\/www.maisquecuidar.com\/loja\/wp-json\/wp\/v2\/types\/product"}],"wp:featuredmedia":[{"embeddable":true,"href":"https:\/\/www.maisquecuidar.com\/loja\/wp-json\/wp\/v2\/media\/17320"}],"wp:attachment":[{"href":"https:\/\/www.maisquecuidar.com\/loja\/wp-json\/wp\/v2\/media?parent=5000"}],"wp:term":[{"taxonomy":"product_brand","embeddable":true,"href":"https:\/\/www.maisquecuidar.com\/loja\/wp-json\/wp\/v2\/product_brand?post=5000"},{"taxonomy":"product_cat","embeddable":true,"href":"https:\/\/www.maisquecuidar.com\/loja\/wp-json\/wp\/v2\/product_cat?post=5000"},{"taxonomy":"product_tag","embeddable":true,"href":"https:\/\/www.maisquecuidar.com\/loja\/wp-json\/wp\/v2\/product_tag?post=5000"}],"curies":[{"name":"wp","href":"https:\/\/api.w.org\/{rel}","templated":true}]}}