{"id":4973,"date":"2017-01-22T16:18:01","date_gmt":"2017-01-22T16:18:01","guid":{"rendered":"https:\/\/www.maisquecuidar.com\/loja\/?post_type=product&#038;p=4973"},"modified":"2026-04-14T20:50:57","modified_gmt":"2026-04-14T19:50:57","slug":"bengala-inteligente","status":"publish","type":"product","link":"https:\/\/www.maisquecuidar.com\/loja\/mais-mobilidade\/auxiliares-marcha\/bengala-inteligente","title":{"rendered":"Bengala Inteligente com R\u00e1dio, Alarme e Lanterna"},"content":{"rendered":"<p><strong>Bengala inteligente com R\u00e1dio, Alarme e Lanterna<\/strong><\/p>\n<p>&nbsp;<\/p>\n<p>Uma solu\u00e7\u00e3o multifuncional que combina tecnologia de ponta com um design cuidadoso para proporcionar aos utilizadores a seguran\u00e7a e o conforto que merecem.<\/p>\n<h3>Caracter\u00edsticas Principais da Bengala Inteligente<\/h3>\n<ul>\n<li><strong>Ponteira Anti-Derrapante<\/strong>: Equipada com uma ponteira antiderrapante e resistente a choques, a bengala proporciona uma caminhada est\u00e1vel e segura, mesmo em superf\u00edcies irregulares.<\/li>\n<li><strong>Alarme SOS: <\/strong>Tem um bot\u00e3o no punho para acionar um alarme sonoro e luminoso em caso de SOS.<\/li>\n<li><strong>Luz LED Integrada<\/strong>: Para uma visibilidade aprimorada durante a noite ou em ambientes escuros, garantindo que cada passo seja dado com seguran\u00e7a.<\/li>\n<li><strong>R\u00e1dio Incorporado<\/strong>: Mantenha-se entretido e informado com a fun\u00e7\u00e3o de r\u00e1dio, perfeita para longas caminhadas ou momentos de descanso.<\/li>\n<li><strong>Ajust\u00e1vel<\/strong>: Personalize a altura da bengala de acordo com as suas necessidades, proporcionando o m\u00e1ximo de conforto e ergonomia.<\/li>\n<li><strong>Luz de Aviso<\/strong>: A luz de aviso integrada aumenta a visibilidade em \u00e1reas movimentadas, alertando os outros da sua presen\u00e7a.<\/li>\n<li><strong>Bateria interna:<\/strong> Recarreg\u00e1vel com cabo USB (Cabo USB inclu\u00eddo. N\u00e3o inclui carregador).<\/li>\n<li><strong>Punho Anat\u00f3mico:<\/strong> Disp\u00f5e de um punho anat\u00f3mico, ergon\u00f3mico, resistente e confort\u00e1vel.<\/li>\n<\/ul>\n<p><img fetchpriority=\"high\" decoding=\"async\" class=\"alignnone wp-image-18251\" src=\"https:\/\/img.maisquecuidar.com\/loja\/wp-content\/uploads\/2017\/01\/carregamento-bengala-inteligente-800x500.png\" alt=\"Carregamento da bengala inteligente\" width=\"446\" height=\"279\" srcset=\"https:\/\/img.maisquecuidar.com\/loja\/wp-content\/uploads\/2017\/01\/carregamento-bengala-inteligente-800x500.png 800w, https:\/\/img.maisquecuidar.com\/loja\/wp-content\/uploads\/2017\/01\/carregamento-bengala-inteligente-380x238.png 380w, https:\/\/img.maisquecuidar.com\/loja\/wp-content\/uploads\/2017\/01\/carregamento-bengala-inteligente-1024x640.png 1024w, https:\/\/img.maisquecuidar.com\/loja\/wp-content\/uploads\/2017\/01\/carregamento-bengala-inteligente-768x480.png 768w, https:\/\/img.maisquecuidar.com\/loja\/wp-content\/uploads\/2017\/01\/carregamento-bengala-inteligente.png 1280w\" sizes=\"(max-width: 446px) 100vw, 446px\" \/><\/p>\n","protected":false},"excerpt":{"rendered":"<p>PROMO\u00c7\u00c3O V\u00c1LIDA DE 15 a 21 DE ABRIL DE 2026<\/p>\n","protected":false},"featured_media":18232,"template":"","meta":{"_acf_changed":false,"neve_meta_sidebar":"","neve_meta_container":"","neve_meta_enable_content_width":"off","neve_meta_content_width":100,"neve_meta_title_alignment":"","neve_meta_author_avatar":"","neve_post_elements_order":"","neve_meta_disable_header":"","neve_meta_disable_footer":"","neve_meta_disable_title":""},"product_brand":[],"product_cat":[91,757,760],"product_tag":[441,780],"class_list":{"0":"post-4973","1":"product","2":"type-product","3":"status-publish","4":"has-post-thumbnail","6":"product_cat-auxiliares-marcha","7":"product_cat-novidades","8":"product_cat-os-10-produtos-mais-vendidos-a-semana-passada","9":"product_tag-bengalas","10":"product_tag-mais-que-cuidar","12":"first","13":"instock","14":"sale","15":"taxable","16":"shipping-taxable","17":"purchasable","18":"product-type-simple"},"acf":[],"yoast_head":"<!-- This site is optimized with the Yoast SEO plugin v27.4 - https:\/\/yoast.com\/product\/yoast-seo-wordpress\/ -->\n<title>Bengala Inteligente com R\u00e1dio, Alarme e Lanterna - Mais que Cuidar<\/title>\n<meta name=\"description\" content=\"Descubra a bengala inteligente indicada para utilizadores com mobilidade reduzida. Inclui luz LED, r\u00e1dio, ponteira anti-derrapante e alarme.\" \/>\n<meta name=\"robots\" content=\"index, follow, max-snippet:-1, max-image-preview:large, max-video-preview:-1\" \/>\n<link rel=\"canonical\" href=\"https:\/\/www.maisquecuidar.com\/loja\/mais-mobilidade\/auxiliares-marcha\/bengala-inteligente\" \/>\n<meta property=\"og:locale\" content=\"pt_PT\" \/>\n<meta property=\"og:type\" content=\"article\" \/>\n<meta property=\"og:title\" content=\"Bengala Inteligente com R\u00e1dio, Alarme e Lanterna - Mais que Cuidar\" \/>\n<meta property=\"og:description\" content=\"Descubra a bengala inteligente indicada para utilizadores com mobilidade reduzida. Inclui luz LED, r\u00e1dio, ponteira anti-derrapante e alarme.\" \/>\n<meta property=\"og:url\" content=\"https:\/\/www.maisquecuidar.com\/loja\/mais-mobilidade\/auxiliares-marcha\/bengala-inteligente\" \/>\n<meta property=\"og:site_name\" content=\"Mais que Cuidar\" \/>\n<meta property=\"article:publisher\" content=\"https:\/\/www.facebook.com\/maisquecuidar.pt\" \/>\n<meta property=\"article:modified_time\" content=\"2026-04-14T19:50:57+00:00\" \/>\n<meta property=\"og:image\" content=\"https:\/\/img.maisquecuidar.com\/loja\/wp-content\/uploads\/2017\/01\/bengala-inteligente.png\" \/>\n\t<meta property=\"og:image:width\" content=\"1280\" \/>\n\t<meta property=\"og:image:height\" content=\"800\" \/>\n\t<meta property=\"og:image:type\" content=\"image\/png\" \/>\n<meta name=\"twitter:label1\" content=\"Tempo estimado de leitura\" \/>\n\t<meta name=\"twitter:data1\" content=\"2 minutos\" \/>\n<script type=\"application\/ld+json\" class=\"yoast-schema-graph\">{\"@context\":\"https:\\\/\\\/schema.org\",\"@graph\":[{\"@type\":\"WebPage\",\"@id\":\"https:\\\/\\\/www.maisquecuidar.com\\\/loja\\\/mais-mobilidade\\\/auxiliares-marcha\\\/bengala-inteligente\",\"url\":\"https:\\\/\\\/www.maisquecuidar.com\\\/loja\\\/mais-mobilidade\\\/auxiliares-marcha\\\/bengala-inteligente\",\"name\":\"Bengala Inteligente com R\u00e1dio, Alarme e Lanterna - Mais que Cuidar\",\"isPartOf\":{\"@id\":\"https:\\\/\\\/www.maisquecuidar.com\\\/loja\\\/#website\"},\"primaryImageOfPage\":{\"@id\":\"https:\\\/\\\/www.maisquecuidar.com\\\/loja\\\/mais-mobilidade\\\/auxiliares-marcha\\\/bengala-inteligente#primaryimage\"},\"image\":{\"@id\":\"https:\\\/\\\/www.maisquecuidar.com\\\/loja\\\/mais-mobilidade\\\/auxiliares-marcha\\\/bengala-inteligente#primaryimage\"},\"thumbnailUrl\":\"https:\\\/\\\/img.maisquecuidar.com\\\/loja\\\/wp-content\\\/uploads\\\/2017\\\/01\\\/bengala-inteligente.png\",\"datePublished\":\"2017-01-22T16:18:01+00:00\",\"dateModified\":\"2026-04-14T19:50:57+00:00\",\"description\":\"Descubra a bengala inteligente indicada para utilizadores com mobilidade reduzida. Inclui luz LED, r\u00e1dio, ponteira anti-derrapante e alarme.\",\"breadcrumb\":{\"@id\":\"https:\\\/\\\/www.maisquecuidar.com\\\/loja\\\/mais-mobilidade\\\/auxiliares-marcha\\\/bengala-inteligente#breadcrumb\"},\"inLanguage\":\"pt-PT\",\"potentialAction\":[{\"@type\":\"ReadAction\",\"target\":[\"https:\\\/\\\/www.maisquecuidar.com\\\/loja\\\/mais-mobilidade\\\/auxiliares-marcha\\\/bengala-inteligente\"]}]},{\"@type\":\"ImageObject\",\"inLanguage\":\"pt-PT\",\"@id\":\"https:\\\/\\\/www.maisquecuidar.com\\\/loja\\\/mais-mobilidade\\\/auxiliares-marcha\\\/bengala-inteligente#primaryimage\",\"url\":\"https:\\\/\\\/img.maisquecuidar.com\\\/loja\\\/wp-content\\\/uploads\\\/2017\\\/01\\\/bengala-inteligente.png\",\"contentUrl\":\"https:\\\/\\\/img.maisquecuidar.com\\\/loja\\\/wp-content\\\/uploads\\\/2017\\\/01\\\/bengala-inteligente.png\",\"width\":1280,\"height\":800,\"caption\":\"Bengala inteligente Mais que Cuidar\"},{\"@type\":\"BreadcrumbList\",\"@id\":\"https:\\\/\\\/www.maisquecuidar.com\\\/loja\\\/mais-mobilidade\\\/auxiliares-marcha\\\/bengala-inteligente#breadcrumb\",\"itemListElement\":[{\"@type\":\"ListItem\",\"position\":1,\"name\":\"Home\",\"item\":\"https:\\\/\\\/www.maisquecuidar.com\\\/loja\\\/\"},{\"@type\":\"ListItem\",\"position\":2,\"name\":\"Loja Online de Ortopedia e Geriatria em Portugal\",\"item\":\"https:\\\/\\\/www.maisquecuidar.com\\\/loja\\\/loja\"},{\"@type\":\"ListItem\",\"position\":3,\"name\":\"Mais Mobilidade\",\"item\":\"https:\\\/\\\/www.maisquecuidar.com\\\/loja\\\/mais-mobilidade\"},{\"@type\":\"ListItem\",\"position\":4,\"name\":\"Auxiliares de marcha\",\"item\":\"https:\\\/\\\/www.maisquecuidar.com\\\/loja\\\/mais-mobilidade\\\/auxiliares-marcha\"},{\"@type\":\"ListItem\",\"position\":5,\"name\":\"Bengala Inteligente com R\u00e1dio, Alarme e Lanterna\"}]},{\"@type\":\"WebSite\",\"@id\":\"https:\\\/\\\/www.maisquecuidar.com\\\/loja\\\/#website\",\"url\":\"https:\\\/\\\/www.maisquecuidar.com\\\/loja\\\/\",\"name\":\"Mais que Cuidar\",\"description\":\"Sa\u00fade, Ortopedia e Geriatria\",\"publisher\":{\"@id\":\"https:\\\/\\\/www.maisquecuidar.com\\\/loja\\\/#organization\"},\"potentialAction\":[{\"@type\":\"SearchAction\",\"target\":{\"@type\":\"EntryPoint\",\"urlTemplate\":\"https:\\\/\\\/www.maisquecuidar.com\\\/loja\\\/?s={search_term_string}\"},\"query-input\":{\"@type\":\"PropertyValueSpecification\",\"valueRequired\":true,\"valueName\":\"search_term_string\"}}],\"inLanguage\":\"pt-PT\"},{\"@type\":\"Organization\",\"@id\":\"https:\\\/\\\/www.maisquecuidar.com\\\/loja\\\/#organization\",\"name\":\"Mais Que Cuidar\",\"url\":\"https:\\\/\\\/www.maisquecuidar.com\\\/loja\\\/\",\"logo\":{\"@type\":\"ImageObject\",\"inLanguage\":\"pt-PT\",\"@id\":\"https:\\\/\\\/www.maisquecuidar.com\\\/loja\\\/#\\\/schema\\\/logo\\\/image\\\/\",\"url\":\"https:\\\/\\\/img.maisquecuidar.com\\\/loja\\\/wp-content\\\/uploads\\\/2019\\\/08\\\/logo-mais-que-cuidar-retina.png\",\"contentUrl\":\"https:\\\/\\\/img.maisquecuidar.com\\\/loja\\\/wp-content\\\/uploads\\\/2019\\\/08\\\/logo-mais-que-cuidar-retina.png\",\"width\":565,\"height\":75,\"caption\":\"Mais Que Cuidar\"},\"image\":{\"@id\":\"https:\\\/\\\/www.maisquecuidar.com\\\/loja\\\/#\\\/schema\\\/logo\\\/image\\\/\"},\"sameAs\":[\"https:\\\/\\\/www.facebook.com\\\/maisquecuidar.pt\",\"https:\\\/\\\/www.instagram.com\\\/maisquecuidar\"]}]}<\/script>\n<!-- \/ Yoast SEO plugin. -->","yoast_head_json":{"title":"Bengala Inteligente com R\u00e1dio, Alarme e Lanterna - Mais que Cuidar","description":"Descubra a bengala inteligente indicada para utilizadores com mobilidade reduzida. Inclui luz LED, r\u00e1dio, ponteira anti-derrapante e alarme.","robots":{"index":"index","follow":"follow","max-snippet":"max-snippet:-1","max-image-preview":"max-image-preview:large","max-video-preview":"max-video-preview:-1"},"canonical":"https:\/\/www.maisquecuidar.com\/loja\/mais-mobilidade\/auxiliares-marcha\/bengala-inteligente","og_locale":"pt_PT","og_type":"article","og_title":"Bengala Inteligente com R\u00e1dio, Alarme e Lanterna - Mais que Cuidar","og_description":"Descubra a bengala inteligente indicada para utilizadores com mobilidade reduzida. Inclui luz LED, r\u00e1dio, ponteira anti-derrapante e alarme.","og_url":"https:\/\/www.maisquecuidar.com\/loja\/mais-mobilidade\/auxiliares-marcha\/bengala-inteligente","og_site_name":"Mais que Cuidar","article_publisher":"https:\/\/www.facebook.com\/maisquecuidar.pt","article_modified_time":"2026-04-14T19:50:57+00:00","og_image":[{"width":1280,"height":800,"url":"https:\/\/img.maisquecuidar.com\/loja\/wp-content\/uploads\/2017\/01\/bengala-inteligente.png","type":"image\/png"}],"twitter_misc":{"Tempo estimado de leitura":"2 minutos"},"schema":{"@context":"https:\/\/schema.org","@graph":[{"@type":"WebPage","@id":"https:\/\/www.maisquecuidar.com\/loja\/mais-mobilidade\/auxiliares-marcha\/bengala-inteligente","url":"https:\/\/www.maisquecuidar.com\/loja\/mais-mobilidade\/auxiliares-marcha\/bengala-inteligente","name":"Bengala Inteligente com R\u00e1dio, Alarme e Lanterna - Mais que Cuidar","isPartOf":{"@id":"https:\/\/www.maisquecuidar.com\/loja\/#website"},"primaryImageOfPage":{"@id":"https:\/\/www.maisquecuidar.com\/loja\/mais-mobilidade\/auxiliares-marcha\/bengala-inteligente#primaryimage"},"image":{"@id":"https:\/\/www.maisquecuidar.com\/loja\/mais-mobilidade\/auxiliares-marcha\/bengala-inteligente#primaryimage"},"thumbnailUrl":"https:\/\/img.maisquecuidar.com\/loja\/wp-content\/uploads\/2017\/01\/bengala-inteligente.png","datePublished":"2017-01-22T16:18:01+00:00","dateModified":"2026-04-14T19:50:57+00:00","description":"Descubra a bengala inteligente indicada para utilizadores com mobilidade reduzida. Inclui luz LED, r\u00e1dio, ponteira anti-derrapante e alarme.","breadcrumb":{"@id":"https:\/\/www.maisquecuidar.com\/loja\/mais-mobilidade\/auxiliares-marcha\/bengala-inteligente#breadcrumb"},"inLanguage":"pt-PT","potentialAction":[{"@type":"ReadAction","target":["https:\/\/www.maisquecuidar.com\/loja\/mais-mobilidade\/auxiliares-marcha\/bengala-inteligente"]}]},{"@type":"ImageObject","inLanguage":"pt-PT","@id":"https:\/\/www.maisquecuidar.com\/loja\/mais-mobilidade\/auxiliares-marcha\/bengala-inteligente#primaryimage","url":"https:\/\/img.maisquecuidar.com\/loja\/wp-content\/uploads\/2017\/01\/bengala-inteligente.png","contentUrl":"https:\/\/img.maisquecuidar.com\/loja\/wp-content\/uploads\/2017\/01\/bengala-inteligente.png","width":1280,"height":800,"caption":"Bengala inteligente Mais que Cuidar"},{"@type":"BreadcrumbList","@id":"https:\/\/www.maisquecuidar.com\/loja\/mais-mobilidade\/auxiliares-marcha\/bengala-inteligente#breadcrumb","itemListElement":[{"@type":"ListItem","position":1,"name":"Home","item":"https:\/\/www.maisquecuidar.com\/loja\/"},{"@type":"ListItem","position":2,"name":"Loja Online de Ortopedia e Geriatria em Portugal","item":"https:\/\/www.maisquecuidar.com\/loja\/loja"},{"@type":"ListItem","position":3,"name":"Mais Mobilidade","item":"https:\/\/www.maisquecuidar.com\/loja\/mais-mobilidade"},{"@type":"ListItem","position":4,"name":"Auxiliares de marcha","item":"https:\/\/www.maisquecuidar.com\/loja\/mais-mobilidade\/auxiliares-marcha"},{"@type":"ListItem","position":5,"name":"Bengala Inteligente com R\u00e1dio, Alarme e Lanterna"}]},{"@type":"WebSite","@id":"https:\/\/www.maisquecuidar.com\/loja\/#website","url":"https:\/\/www.maisquecuidar.com\/loja\/","name":"Mais que Cuidar","description":"Sa\u00fade, Ortopedia e Geriatria","publisher":{"@id":"https:\/\/www.maisquecuidar.com\/loja\/#organization"},"potentialAction":[{"@type":"SearchAction","target":{"@type":"EntryPoint","urlTemplate":"https:\/\/www.maisquecuidar.com\/loja\/?s={search_term_string}"},"query-input":{"@type":"PropertyValueSpecification","valueRequired":true,"valueName":"search_term_string"}}],"inLanguage":"pt-PT"},{"@type":"Organization","@id":"https:\/\/www.maisquecuidar.com\/loja\/#organization","name":"Mais Que Cuidar","url":"https:\/\/www.maisquecuidar.com\/loja\/","logo":{"@type":"ImageObject","inLanguage":"pt-PT","@id":"https:\/\/www.maisquecuidar.com\/loja\/#\/schema\/logo\/image\/","url":"https:\/\/img.maisquecuidar.com\/loja\/wp-content\/uploads\/2019\/08\/logo-mais-que-cuidar-retina.png","contentUrl":"https:\/\/img.maisquecuidar.com\/loja\/wp-content\/uploads\/2019\/08\/logo-mais-que-cuidar-retina.png","width":565,"height":75,"caption":"Mais Que Cuidar"},"image":{"@id":"https:\/\/www.maisquecuidar.com\/loja\/#\/schema\/logo\/image\/"},"sameAs":["https:\/\/www.facebook.com\/maisquecuidar.pt","https:\/\/www.instagram.com\/maisquecuidar"]}]}},"_links":{"self":[{"href":"https:\/\/www.maisquecuidar.com\/loja\/wp-json\/wp\/v2\/product\/4973","targetHints":{"allow":["GET"]}}],"collection":[{"href":"https:\/\/www.maisquecuidar.com\/loja\/wp-json\/wp\/v2\/product"}],"about":[{"href":"https:\/\/www.maisquecuidar.com\/loja\/wp-json\/wp\/v2\/types\/product"}],"wp:featuredmedia":[{"embeddable":true,"href":"https:\/\/www.maisquecuidar.com\/loja\/wp-json\/wp\/v2\/media\/18232"}],"wp:attachment":[{"href":"https:\/\/www.maisquecuidar.com\/loja\/wp-json\/wp\/v2\/media?parent=4973"}],"wp:term":[{"taxonomy":"product_brand","embeddable":true,"href":"https:\/\/www.maisquecuidar.com\/loja\/wp-json\/wp\/v2\/product_brand?post=4973"},{"taxonomy":"product_cat","embeddable":true,"href":"https:\/\/www.maisquecuidar.com\/loja\/wp-json\/wp\/v2\/product_cat?post=4973"},{"taxonomy":"product_tag","embeddable":true,"href":"https:\/\/www.maisquecuidar.com\/loja\/wp-json\/wp\/v2\/product_tag?post=4973"}],"curies":[{"name":"wp","href":"https:\/\/api.w.org\/{rel}","templated":true}]}}