{"id":4939,"date":"2017-01-21T20:10:22","date_gmt":"2017-01-21T20:10:22","guid":{"rendered":"https:\/\/www.maisquecuidar.com\/loja\/?post_type=product&#038;p=4939"},"modified":"2025-10-01T18:32:57","modified_gmt":"2025-10-01T17:32:57","slug":"rampas-tipo-maleta-multiplegado","status":"publish","type":"product","link":"https:\/\/www.maisquecuidar.com\/loja\/mais-mobilidade\/rampas-aluminio\/rampas-tipo-maleta-multiplegado","title":{"rendered":"Rampas Tipo Maleta Dobr\u00e1veis para Cadeira de Rodas"},"content":{"rendered":"<p>As rampas para cadeira de rodas tipo maleta dobr\u00e1veis foram desenhadas para ultrapassar as maiores alturas e suportar os maiores pesos. Apesar de serem mais compridas, n\u00e3o s\u00e3o mais dif\u00edceis de transportar ou mais pesadas, uma vez que podem ser desmontadas em duas partes e cada uma delas dobra-se a meio como uma maleta.<\/p>\n<p>As rampas tipo maleta dobr\u00e1veis est\u00e3o dispon\u00edveis em dois modelos, conforme a altura m\u00e1xima a vencer.<\/p>\n<h3>Dica para escolher a rampa em alum\u00ednio mais adequada para cadeira de rodas:<\/h3>\n<p>Selecione sempre a rampa mais comprida poss\u00edvel. Quanto mais comprida for a rampa, menor ser\u00e1 a inclina\u00e7\u00e3o a superar. Para calcular o comprimento adequado que a rampa deve ter pode multiplicar a altura a vencer por 7 (no caso de ser um utilizador independente de cadeira de rodas manual), ou multiplique a altura a ultrapassar por 5 (no caso da cadeira de rodas manual ser empurrada por um ajudante ou se o utilizador usar uma cadeira de rodas el\u00e9trica).<\/p>\n","protected":false},"excerpt":{"rendered":"<p>Rampas em alum\u00ednio para cadeiras de rodas manuais ou el\u00e9tricas<\/p>\n","protected":false},"featured_media":2969,"template":"","meta":{"_acf_changed":false,"neve_meta_sidebar":"","neve_meta_container":"","neve_meta_enable_content_width":"","neve_meta_content_width":0,"neve_meta_title_alignment":"","neve_meta_author_avatar":"","neve_post_elements_order":"","neve_meta_disable_header":"","neve_meta_disable_footer":"","neve_meta_disable_title":""},"product_brand":[],"product_cat":[89],"product_tag":[436],"class_list":{"0":"post-4939","1":"product","2":"type-product","3":"status-publish","4":"has-post-thumbnail","6":"product_cat-rampas-aluminio","7":"product_tag-rampas","9":"first","10":"instock","11":"sold-individually","12":"taxable","13":"shipping-taxable","14":"purchasable","15":"product-type-variable"},"acf":[],"yoast_head":"<!-- This site is optimized with the Yoast SEO plugin v27.3 - https:\/\/yoast.com\/product\/yoast-seo-wordpress\/ -->\n<title>Rampas Tipo Maleta Dobr\u00e1veis para Cadeira de Rodas - Mais que Cuidar<\/title>\n<meta name=\"description\" content=\"Conhe\u00e7a as rampas tipo maleta dobr\u00e1veis para cadeira de rodas que podem ter 2 tamanhos diferentes. Confira o pre\u00e7o e as dimens\u00f5es.\" \/>\n<meta name=\"robots\" content=\"index, follow, max-snippet:-1, max-image-preview:large, max-video-preview:-1\" \/>\n<link rel=\"canonical\" href=\"https:\/\/www.maisquecuidar.com\/loja\/mais-mobilidade\/rampas-aluminio\/rampas-tipo-maleta-multiplegado\" \/>\n<meta property=\"og:locale\" content=\"pt_PT\" \/>\n<meta property=\"og:type\" content=\"article\" \/>\n<meta property=\"og:title\" content=\"Rampas Tipo Maleta Dobr\u00e1veis para Cadeira de Rodas - Mais que Cuidar\" \/>\n<meta property=\"og:description\" content=\"Conhe\u00e7a as rampas tipo maleta dobr\u00e1veis para cadeira de rodas que podem ter 2 tamanhos diferentes. Confira o pre\u00e7o e as dimens\u00f5es.\" \/>\n<meta property=\"og:url\" content=\"https:\/\/www.maisquecuidar.com\/loja\/mais-mobilidade\/rampas-aluminio\/rampas-tipo-maleta-multiplegado\" \/>\n<meta property=\"og:site_name\" content=\"Mais que Cuidar\" \/>\n<meta property=\"article:publisher\" content=\"https:\/\/www.facebook.com\/maisquecuidar.pt\" \/>\n<meta property=\"article:modified_time\" content=\"2025-10-01T17:32:57+00:00\" \/>\n<meta property=\"og:image\" content=\"https:\/\/img.maisquecuidar.com\/loja\/wp-content\/uploads\/2016\/09\/rampas-tipo-maleta-multi-plegado-01.jpg\" \/>\n\t<meta property=\"og:image:width\" content=\"746\" \/>\n\t<meta property=\"og:image:height\" content=\"559\" \/>\n\t<meta property=\"og:image:type\" content=\"image\/jpeg\" \/>\n<meta name=\"twitter:label1\" content=\"Tempo estimado de leitura\" \/>\n\t<meta name=\"twitter:data1\" content=\"1 minuto\" \/>\n<script type=\"application\/ld+json\" class=\"yoast-schema-graph\">{\"@context\":\"https:\\\/\\\/schema.org\",\"@graph\":[{\"@type\":\"WebPage\",\"@id\":\"https:\\\/\\\/www.maisquecuidar.com\\\/loja\\\/mais-mobilidade\\\/rampas-aluminio\\\/rampas-tipo-maleta-multiplegado\",\"url\":\"https:\\\/\\\/www.maisquecuidar.com\\\/loja\\\/mais-mobilidade\\\/rampas-aluminio\\\/rampas-tipo-maleta-multiplegado\",\"name\":\"Rampas Tipo Maleta Dobr\u00e1veis para Cadeira de Rodas - Mais que Cuidar\",\"isPartOf\":{\"@id\":\"https:\\\/\\\/www.maisquecuidar.com\\\/loja\\\/#website\"},\"primaryImageOfPage\":{\"@id\":\"https:\\\/\\\/www.maisquecuidar.com\\\/loja\\\/mais-mobilidade\\\/rampas-aluminio\\\/rampas-tipo-maleta-multiplegado#primaryimage\"},\"image\":{\"@id\":\"https:\\\/\\\/www.maisquecuidar.com\\\/loja\\\/mais-mobilidade\\\/rampas-aluminio\\\/rampas-tipo-maleta-multiplegado#primaryimage\"},\"thumbnailUrl\":\"https:\\\/\\\/img.maisquecuidar.com\\\/loja\\\/wp-content\\\/uploads\\\/2016\\\/09\\\/rampas-tipo-maleta-multi-plegado-01.jpg\",\"datePublished\":\"2017-01-21T20:10:22+00:00\",\"dateModified\":\"2025-10-01T17:32:57+00:00\",\"description\":\"Conhe\u00e7a as rampas tipo maleta dobr\u00e1veis para cadeira de rodas que podem ter 2 tamanhos diferentes. Confira o pre\u00e7o e as dimens\u00f5es.\",\"breadcrumb\":{\"@id\":\"https:\\\/\\\/www.maisquecuidar.com\\\/loja\\\/mais-mobilidade\\\/rampas-aluminio\\\/rampas-tipo-maleta-multiplegado#breadcrumb\"},\"inLanguage\":\"pt-PT\",\"potentialAction\":[{\"@type\":\"ReadAction\",\"target\":[\"https:\\\/\\\/www.maisquecuidar.com\\\/loja\\\/mais-mobilidade\\\/rampas-aluminio\\\/rampas-tipo-maleta-multiplegado\"]}]},{\"@type\":\"ImageObject\",\"inLanguage\":\"pt-PT\",\"@id\":\"https:\\\/\\\/www.maisquecuidar.com\\\/loja\\\/mais-mobilidade\\\/rampas-aluminio\\\/rampas-tipo-maleta-multiplegado#primaryimage\",\"url\":\"https:\\\/\\\/img.maisquecuidar.com\\\/loja\\\/wp-content\\\/uploads\\\/2016\\\/09\\\/rampas-tipo-maleta-multi-plegado-01.jpg\",\"contentUrl\":\"https:\\\/\\\/img.maisquecuidar.com\\\/loja\\\/wp-content\\\/uploads\\\/2016\\\/09\\\/rampas-tipo-maleta-multi-plegado-01.jpg\",\"width\":746,\"height\":559},{\"@type\":\"BreadcrumbList\",\"@id\":\"https:\\\/\\\/www.maisquecuidar.com\\\/loja\\\/mais-mobilidade\\\/rampas-aluminio\\\/rampas-tipo-maleta-multiplegado#breadcrumb\",\"itemListElement\":[{\"@type\":\"ListItem\",\"position\":1,\"name\":\"Home\",\"item\":\"https:\\\/\\\/www.maisquecuidar.com\\\/loja\\\/\"},{\"@type\":\"ListItem\",\"position\":2,\"name\":\"Loja Online de Ortopedia e Geriatria em Portugal\",\"item\":\"https:\\\/\\\/www.maisquecuidar.com\\\/loja\\\/loja\"},{\"@type\":\"ListItem\",\"position\":3,\"name\":\"Mais Mobilidade\",\"item\":\"https:\\\/\\\/www.maisquecuidar.com\\\/loja\\\/mais-mobilidade\"},{\"@type\":\"ListItem\",\"position\":4,\"name\":\"Rampas de Alum\u00ednio\",\"item\":\"https:\\\/\\\/www.maisquecuidar.com\\\/loja\\\/mais-mobilidade\\\/rampas-aluminio\"},{\"@type\":\"ListItem\",\"position\":5,\"name\":\"Rampas Tipo Maleta Dobr\u00e1veis para Cadeira de Rodas\"}]},{\"@type\":\"WebSite\",\"@id\":\"https:\\\/\\\/www.maisquecuidar.com\\\/loja\\\/#website\",\"url\":\"https:\\\/\\\/www.maisquecuidar.com\\\/loja\\\/\",\"name\":\"Mais que Cuidar\",\"description\":\"Sa\u00fade, Ortopedia e Geriatria\",\"publisher\":{\"@id\":\"https:\\\/\\\/www.maisquecuidar.com\\\/loja\\\/#organization\"},\"potentialAction\":[{\"@type\":\"SearchAction\",\"target\":{\"@type\":\"EntryPoint\",\"urlTemplate\":\"https:\\\/\\\/www.maisquecuidar.com\\\/loja\\\/?s={search_term_string}\"},\"query-input\":{\"@type\":\"PropertyValueSpecification\",\"valueRequired\":true,\"valueName\":\"search_term_string\"}}],\"inLanguage\":\"pt-PT\"},{\"@type\":\"Organization\",\"@id\":\"https:\\\/\\\/www.maisquecuidar.com\\\/loja\\\/#organization\",\"name\":\"Mais Que Cuidar\",\"url\":\"https:\\\/\\\/www.maisquecuidar.com\\\/loja\\\/\",\"logo\":{\"@type\":\"ImageObject\",\"inLanguage\":\"pt-PT\",\"@id\":\"https:\\\/\\\/www.maisquecuidar.com\\\/loja\\\/#\\\/schema\\\/logo\\\/image\\\/\",\"url\":\"https:\\\/\\\/img.maisquecuidar.com\\\/loja\\\/wp-content\\\/uploads\\\/2019\\\/08\\\/logo-mais-que-cuidar-retina.png\",\"contentUrl\":\"https:\\\/\\\/img.maisquecuidar.com\\\/loja\\\/wp-content\\\/uploads\\\/2019\\\/08\\\/logo-mais-que-cuidar-retina.png\",\"width\":565,\"height\":75,\"caption\":\"Mais Que Cuidar\"},\"image\":{\"@id\":\"https:\\\/\\\/www.maisquecuidar.com\\\/loja\\\/#\\\/schema\\\/logo\\\/image\\\/\"},\"sameAs\":[\"https:\\\/\\\/www.facebook.com\\\/maisquecuidar.pt\",\"https:\\\/\\\/www.instagram.com\\\/maisquecuidar\"]}]}<\/script>\n<!-- \/ Yoast SEO plugin. -->","yoast_head_json":{"title":"Rampas Tipo Maleta Dobr\u00e1veis para Cadeira de Rodas - Mais que Cuidar","description":"Conhe\u00e7a as rampas tipo maleta dobr\u00e1veis para cadeira de rodas que podem ter 2 tamanhos diferentes. Confira o pre\u00e7o e as dimens\u00f5es.","robots":{"index":"index","follow":"follow","max-snippet":"max-snippet:-1","max-image-preview":"max-image-preview:large","max-video-preview":"max-video-preview:-1"},"canonical":"https:\/\/www.maisquecuidar.com\/loja\/mais-mobilidade\/rampas-aluminio\/rampas-tipo-maleta-multiplegado","og_locale":"pt_PT","og_type":"article","og_title":"Rampas Tipo Maleta Dobr\u00e1veis para Cadeira de Rodas - Mais que Cuidar","og_description":"Conhe\u00e7a as rampas tipo maleta dobr\u00e1veis para cadeira de rodas que podem ter 2 tamanhos diferentes. Confira o pre\u00e7o e as dimens\u00f5es.","og_url":"https:\/\/www.maisquecuidar.com\/loja\/mais-mobilidade\/rampas-aluminio\/rampas-tipo-maleta-multiplegado","og_site_name":"Mais que Cuidar","article_publisher":"https:\/\/www.facebook.com\/maisquecuidar.pt","article_modified_time":"2025-10-01T17:32:57+00:00","og_image":[{"width":746,"height":559,"url":"https:\/\/img.maisquecuidar.com\/loja\/wp-content\/uploads\/2016\/09\/rampas-tipo-maleta-multi-plegado-01.jpg","type":"image\/jpeg"}],"twitter_misc":{"Tempo estimado de leitura":"1 minuto"},"schema":{"@context":"https:\/\/schema.org","@graph":[{"@type":"WebPage","@id":"https:\/\/www.maisquecuidar.com\/loja\/mais-mobilidade\/rampas-aluminio\/rampas-tipo-maleta-multiplegado","url":"https:\/\/www.maisquecuidar.com\/loja\/mais-mobilidade\/rampas-aluminio\/rampas-tipo-maleta-multiplegado","name":"Rampas Tipo Maleta Dobr\u00e1veis para Cadeira de Rodas - Mais que Cuidar","isPartOf":{"@id":"https:\/\/www.maisquecuidar.com\/loja\/#website"},"primaryImageOfPage":{"@id":"https:\/\/www.maisquecuidar.com\/loja\/mais-mobilidade\/rampas-aluminio\/rampas-tipo-maleta-multiplegado#primaryimage"},"image":{"@id":"https:\/\/www.maisquecuidar.com\/loja\/mais-mobilidade\/rampas-aluminio\/rampas-tipo-maleta-multiplegado#primaryimage"},"thumbnailUrl":"https:\/\/img.maisquecuidar.com\/loja\/wp-content\/uploads\/2016\/09\/rampas-tipo-maleta-multi-plegado-01.jpg","datePublished":"2017-01-21T20:10:22+00:00","dateModified":"2025-10-01T17:32:57+00:00","description":"Conhe\u00e7a as rampas tipo maleta dobr\u00e1veis para cadeira de rodas que podem ter 2 tamanhos diferentes. Confira o pre\u00e7o e as dimens\u00f5es.","breadcrumb":{"@id":"https:\/\/www.maisquecuidar.com\/loja\/mais-mobilidade\/rampas-aluminio\/rampas-tipo-maleta-multiplegado#breadcrumb"},"inLanguage":"pt-PT","potentialAction":[{"@type":"ReadAction","target":["https:\/\/www.maisquecuidar.com\/loja\/mais-mobilidade\/rampas-aluminio\/rampas-tipo-maleta-multiplegado"]}]},{"@type":"ImageObject","inLanguage":"pt-PT","@id":"https:\/\/www.maisquecuidar.com\/loja\/mais-mobilidade\/rampas-aluminio\/rampas-tipo-maleta-multiplegado#primaryimage","url":"https:\/\/img.maisquecuidar.com\/loja\/wp-content\/uploads\/2016\/09\/rampas-tipo-maleta-multi-plegado-01.jpg","contentUrl":"https:\/\/img.maisquecuidar.com\/loja\/wp-content\/uploads\/2016\/09\/rampas-tipo-maleta-multi-plegado-01.jpg","width":746,"height":559},{"@type":"BreadcrumbList","@id":"https:\/\/www.maisquecuidar.com\/loja\/mais-mobilidade\/rampas-aluminio\/rampas-tipo-maleta-multiplegado#breadcrumb","itemListElement":[{"@type":"ListItem","position":1,"name":"Home","item":"https:\/\/www.maisquecuidar.com\/loja\/"},{"@type":"ListItem","position":2,"name":"Loja Online de Ortopedia e Geriatria em Portugal","item":"https:\/\/www.maisquecuidar.com\/loja\/loja"},{"@type":"ListItem","position":3,"name":"Mais Mobilidade","item":"https:\/\/www.maisquecuidar.com\/loja\/mais-mobilidade"},{"@type":"ListItem","position":4,"name":"Rampas de Alum\u00ednio","item":"https:\/\/www.maisquecuidar.com\/loja\/mais-mobilidade\/rampas-aluminio"},{"@type":"ListItem","position":5,"name":"Rampas Tipo Maleta Dobr\u00e1veis para Cadeira de Rodas"}]},{"@type":"WebSite","@id":"https:\/\/www.maisquecuidar.com\/loja\/#website","url":"https:\/\/www.maisquecuidar.com\/loja\/","name":"Mais que Cuidar","description":"Sa\u00fade, Ortopedia e Geriatria","publisher":{"@id":"https:\/\/www.maisquecuidar.com\/loja\/#organization"},"potentialAction":[{"@type":"SearchAction","target":{"@type":"EntryPoint","urlTemplate":"https:\/\/www.maisquecuidar.com\/loja\/?s={search_term_string}"},"query-input":{"@type":"PropertyValueSpecification","valueRequired":true,"valueName":"search_term_string"}}],"inLanguage":"pt-PT"},{"@type":"Organization","@id":"https:\/\/www.maisquecuidar.com\/loja\/#organization","name":"Mais Que Cuidar","url":"https:\/\/www.maisquecuidar.com\/loja\/","logo":{"@type":"ImageObject","inLanguage":"pt-PT","@id":"https:\/\/www.maisquecuidar.com\/loja\/#\/schema\/logo\/image\/","url":"https:\/\/img.maisquecuidar.com\/loja\/wp-content\/uploads\/2019\/08\/logo-mais-que-cuidar-retina.png","contentUrl":"https:\/\/img.maisquecuidar.com\/loja\/wp-content\/uploads\/2019\/08\/logo-mais-que-cuidar-retina.png","width":565,"height":75,"caption":"Mais Que Cuidar"},"image":{"@id":"https:\/\/www.maisquecuidar.com\/loja\/#\/schema\/logo\/image\/"},"sameAs":["https:\/\/www.facebook.com\/maisquecuidar.pt","https:\/\/www.instagram.com\/maisquecuidar"]}]}},"_links":{"self":[{"href":"https:\/\/www.maisquecuidar.com\/loja\/wp-json\/wp\/v2\/product\/4939","targetHints":{"allow":["GET"]}}],"collection":[{"href":"https:\/\/www.maisquecuidar.com\/loja\/wp-json\/wp\/v2\/product"}],"about":[{"href":"https:\/\/www.maisquecuidar.com\/loja\/wp-json\/wp\/v2\/types\/product"}],"wp:featuredmedia":[{"embeddable":true,"href":"https:\/\/www.maisquecuidar.com\/loja\/wp-json\/wp\/v2\/media\/2969"}],"wp:attachment":[{"href":"https:\/\/www.maisquecuidar.com\/loja\/wp-json\/wp\/v2\/media?parent=4939"}],"wp:term":[{"taxonomy":"product_brand","embeddable":true,"href":"https:\/\/www.maisquecuidar.com\/loja\/wp-json\/wp\/v2\/product_brand?post=4939"},{"taxonomy":"product_cat","embeddable":true,"href":"https:\/\/www.maisquecuidar.com\/loja\/wp-json\/wp\/v2\/product_cat?post=4939"},{"taxonomy":"product_tag","embeddable":true,"href":"https:\/\/www.maisquecuidar.com\/loja\/wp-json\/wp\/v2\/product_tag?post=4939"}],"curies":[{"name":"wp","href":"https:\/\/api.w.org\/{rel}","templated":true}]}}