{"id":4933,"date":"2017-01-21T19:08:29","date_gmt":"2017-01-21T19:08:29","guid":{"rendered":"https:\/\/www.maisquecuidar.com\/loja\/?post_type=product&#038;p=4933"},"modified":"2026-04-24T14:43:35","modified_gmt":"2026-04-24T13:43:35","slug":"rampa-quadrada","status":"publish","type":"product","link":"https:\/\/www.maisquecuidar.com\/loja\/mais-mobilidade\/rampas-aluminio\/rampa-quadrada","title":{"rendered":"Rampa quadrada"},"content":{"rendered":"<p><strong><span style=\"font-size: 18pt;\">Rampa quadrada em alum\u00ednio<\/span><\/strong><\/p>\n<ul style=\"overflow: inherit; padding-left: 30px;\">\n<li class=\"cmsms_icon_list_item cmsms-icon-ok-circled\" style=\"font-size: 25px; line-height: 23px; color: #1c9cd1;\"><span style=\"color: #808080;\">Esta rampa monta-se e desmonta-se rapidamente. Enrola-se para ser colocada dentro de um saco para ser transportada ou guardada.<\/span><\/li>\n<li class=\"cmsms_icon_list_item cmsms-icon-ok-circled\" style=\"font-size: 25px; line-height: 23px; color: #1c9cd1;\"><span style=\"color: #808080;\">Leve e port\u00e1til. A sua superf\u00edcie em alum\u00ednio \u00e9 anti-deslizante.<\/span><\/li>\n<li id=\"cmsms_icon_list_item_57fb6de0320bc\" class=\"cmsms_icon_list_item cmsms-icon-ok-circled\" style=\"font-size: 25px; line-height: 23px; color: #1c9cd1;\"><span style=\"color: #808080;\">A rampa quadrada est\u00e1 dispon\u00edvel em stock para entrega imediata.<\/span><\/li>\n<\/ul>\n<div class=\"innerShortcode\">\n<div class=\"innerContent\">\n<p><span style=\"font-size: 14pt;\">*Pode ser levantada directamente nas nossas lojas no Porto (Matosinhos), Lisboa, Almada e Algarve.<\/span><\/p>\n<\/div>\n<\/div>\n","protected":false},"excerpt":{"rendered":"<p>Rampa quadrada em alum\u00ednio Esta rampa monta-se e desmonta-se rapidamente. Enrola-se para ser colocada dentro de um saco para ser transportada ou guardada. Leve e port\u00e1til. A sua superf\u00edcie em alum\u00ednio \u00e9 anti-deslizante. A rampa quadrada est\u00e1 dispon\u00edvel em stock para entrega imediata. *Pode ser levantada directamente nas nossas lojas no Porto (Matosinhos), Lisboa, Almada&hellip;&nbsp;<a href=\"https:\/\/www.maisquecuidar.com\/loja\/mais-mobilidade\/rampas-aluminio\/rampa-quadrada\" rel=\"bookmark\">Ler mais &raquo;<span class=\"screen-reader-text\">Rampa quadrada<\/span><\/a><\/p>\n","protected":false},"featured_media":6080,"template":"","meta":{"_acf_changed":false,"neve_meta_sidebar":"","neve_meta_container":"","neve_meta_enable_content_width":"off","neve_meta_content_width":100,"neve_meta_title_alignment":"","neve_meta_author_avatar":"","neve_post_elements_order":"","neve_meta_disable_header":"","neve_meta_disable_footer":"","neve_meta_disable_title":""},"product_brand":[],"product_cat":[89],"product_tag":[436],"class_list":{"0":"post-4933","1":"product","2":"type-product","3":"status-publish","4":"has-post-thumbnail","6":"product_cat-rampas-aluminio","7":"product_tag-rampas","9":"first","10":"outofstock","11":"taxable","12":"shipping-taxable","13":"product-type-simple"},"acf":[],"yoast_head":"<!-- This site is optimized with the Yoast SEO plugin v27.5 - https:\/\/yoast.com\/product\/yoast-seo-wordpress\/ -->\n<title>Rampa quadrada - Mais que Cuidar<\/title>\n<meta name=\"description\" content=\"Rampa quadrada\" \/>\n<meta name=\"robots\" content=\"index, follow, max-snippet:-1, max-image-preview:large, max-video-preview:-1\" \/>\n<link rel=\"canonical\" href=\"https:\/\/www.maisquecuidar.com\/loja\/mais-mobilidade\/rampas-aluminio\/rampa-quadrada\" \/>\n<meta property=\"og:locale\" content=\"pt_PT\" \/>\n<meta property=\"og:type\" content=\"article\" \/>\n<meta property=\"og:title\" content=\"Rampa quadrada - Mais que Cuidar\" \/>\n<meta property=\"og:description\" content=\"Rampa quadrada\" \/>\n<meta property=\"og:url\" content=\"https:\/\/www.maisquecuidar.com\/loja\/mais-mobilidade\/rampas-aluminio\/rampa-quadrada\" \/>\n<meta property=\"og:site_name\" content=\"Mais que Cuidar\" \/>\n<meta property=\"article:publisher\" content=\"https:\/\/www.facebook.com\/maisquecuidar.pt\" \/>\n<meta property=\"article:modified_time\" content=\"2026-04-24T13:43:35+00:00\" \/>\n<meta property=\"og:image\" content=\"https:\/\/img.maisquecuidar.com\/loja\/wp-content\/uploads\/2017\/01\/rampaquadradaenrolavel.jpg\" \/>\n\t<meta property=\"og:image:width\" content=\"1166\" \/>\n\t<meta property=\"og:image:height\" content=\"720\" \/>\n\t<meta property=\"og:image:type\" content=\"image\/jpeg\" \/>\n<meta name=\"twitter:label1\" content=\"Tempo estimado de leitura\" \/>\n\t<meta name=\"twitter:data1\" content=\"1 minuto\" \/>\n<script type=\"application\/ld+json\" class=\"yoast-schema-graph\">{\"@context\":\"https:\\\/\\\/schema.org\",\"@graph\":[{\"@type\":\"WebPage\",\"@id\":\"https:\\\/\\\/www.maisquecuidar.com\\\/loja\\\/mais-mobilidade\\\/rampas-aluminio\\\/rampa-quadrada\",\"url\":\"https:\\\/\\\/www.maisquecuidar.com\\\/loja\\\/mais-mobilidade\\\/rampas-aluminio\\\/rampa-quadrada\",\"name\":\"Rampa quadrada - Mais que Cuidar\",\"isPartOf\":{\"@id\":\"https:\\\/\\\/www.maisquecuidar.com\\\/loja\\\/#website\"},\"primaryImageOfPage\":{\"@id\":\"https:\\\/\\\/www.maisquecuidar.com\\\/loja\\\/mais-mobilidade\\\/rampas-aluminio\\\/rampa-quadrada#primaryimage\"},\"image\":{\"@id\":\"https:\\\/\\\/www.maisquecuidar.com\\\/loja\\\/mais-mobilidade\\\/rampas-aluminio\\\/rampa-quadrada#primaryimage\"},\"thumbnailUrl\":\"https:\\\/\\\/img.maisquecuidar.com\\\/loja\\\/wp-content\\\/uploads\\\/2017\\\/01\\\/rampaquadradaenrolavel.jpg\",\"datePublished\":\"2017-01-21T19:08:29+00:00\",\"dateModified\":\"2026-04-24T13:43:35+00:00\",\"description\":\"Rampa quadrada\",\"breadcrumb\":{\"@id\":\"https:\\\/\\\/www.maisquecuidar.com\\\/loja\\\/mais-mobilidade\\\/rampas-aluminio\\\/rampa-quadrada#breadcrumb\"},\"inLanguage\":\"pt-PT\",\"potentialAction\":[{\"@type\":\"ReadAction\",\"target\":[\"https:\\\/\\\/www.maisquecuidar.com\\\/loja\\\/mais-mobilidade\\\/rampas-aluminio\\\/rampa-quadrada\"]}]},{\"@type\":\"ImageObject\",\"inLanguage\":\"pt-PT\",\"@id\":\"https:\\\/\\\/www.maisquecuidar.com\\\/loja\\\/mais-mobilidade\\\/rampas-aluminio\\\/rampa-quadrada#primaryimage\",\"url\":\"https:\\\/\\\/img.maisquecuidar.com\\\/loja\\\/wp-content\\\/uploads\\\/2017\\\/01\\\/rampaquadradaenrolavel.jpg\",\"contentUrl\":\"https:\\\/\\\/img.maisquecuidar.com\\\/loja\\\/wp-content\\\/uploads\\\/2017\\\/01\\\/rampaquadradaenrolavel.jpg\",\"width\":1166,\"height\":720,\"caption\":\"y-6\"},{\"@type\":\"BreadcrumbList\",\"@id\":\"https:\\\/\\\/www.maisquecuidar.com\\\/loja\\\/mais-mobilidade\\\/rampas-aluminio\\\/rampa-quadrada#breadcrumb\",\"itemListElement\":[{\"@type\":\"ListItem\",\"position\":1,\"name\":\"Home\",\"item\":\"https:\\\/\\\/www.maisquecuidar.com\\\/loja\\\/\"},{\"@type\":\"ListItem\",\"position\":2,\"name\":\"Loja Online de Ortopedia e Geriatria em Portugal\",\"item\":\"https:\\\/\\\/www.maisquecuidar.com\\\/loja\\\/loja\"},{\"@type\":\"ListItem\",\"position\":3,\"name\":\"Mais Mobilidade\",\"item\":\"https:\\\/\\\/www.maisquecuidar.com\\\/loja\\\/mais-mobilidade\"},{\"@type\":\"ListItem\",\"position\":4,\"name\":\"Rampas de Alum\u00ednio\",\"item\":\"https:\\\/\\\/www.maisquecuidar.com\\\/loja\\\/mais-mobilidade\\\/rampas-aluminio\"},{\"@type\":\"ListItem\",\"position\":5,\"name\":\"Rampa quadrada\"}]},{\"@type\":\"WebSite\",\"@id\":\"https:\\\/\\\/www.maisquecuidar.com\\\/loja\\\/#website\",\"url\":\"https:\\\/\\\/www.maisquecuidar.com\\\/loja\\\/\",\"name\":\"Mais que Cuidar\",\"description\":\"Sa\u00fade, Ortopedia e Geriatria\",\"publisher\":{\"@id\":\"https:\\\/\\\/www.maisquecuidar.com\\\/loja\\\/#organization\"},\"potentialAction\":[{\"@type\":\"SearchAction\",\"target\":{\"@type\":\"EntryPoint\",\"urlTemplate\":\"https:\\\/\\\/www.maisquecuidar.com\\\/loja\\\/?s={search_term_string}\"},\"query-input\":{\"@type\":\"PropertyValueSpecification\",\"valueRequired\":true,\"valueName\":\"search_term_string\"}}],\"inLanguage\":\"pt-PT\"},{\"@type\":\"Organization\",\"@id\":\"https:\\\/\\\/www.maisquecuidar.com\\\/loja\\\/#organization\",\"name\":\"Mais Que Cuidar\",\"url\":\"https:\\\/\\\/www.maisquecuidar.com\\\/loja\\\/\",\"logo\":{\"@type\":\"ImageObject\",\"inLanguage\":\"pt-PT\",\"@id\":\"https:\\\/\\\/www.maisquecuidar.com\\\/loja\\\/#\\\/schema\\\/logo\\\/image\\\/\",\"url\":\"https:\\\/\\\/img.maisquecuidar.com\\\/loja\\\/wp-content\\\/uploads\\\/2019\\\/08\\\/logo-mais-que-cuidar-retina.png\",\"contentUrl\":\"https:\\\/\\\/img.maisquecuidar.com\\\/loja\\\/wp-content\\\/uploads\\\/2019\\\/08\\\/logo-mais-que-cuidar-retina.png\",\"width\":565,\"height\":75,\"caption\":\"Mais Que Cuidar\"},\"image\":{\"@id\":\"https:\\\/\\\/www.maisquecuidar.com\\\/loja\\\/#\\\/schema\\\/logo\\\/image\\\/\"},\"sameAs\":[\"https:\\\/\\\/www.facebook.com\\\/maisquecuidar.pt\",\"https:\\\/\\\/www.instagram.com\\\/maisquecuidar\"]}]}<\/script>\n<!-- \/ Yoast SEO plugin. -->","yoast_head_json":{"title":"Rampa quadrada - Mais que Cuidar","description":"Rampa quadrada","robots":{"index":"index","follow":"follow","max-snippet":"max-snippet:-1","max-image-preview":"max-image-preview:large","max-video-preview":"max-video-preview:-1"},"canonical":"https:\/\/www.maisquecuidar.com\/loja\/mais-mobilidade\/rampas-aluminio\/rampa-quadrada","og_locale":"pt_PT","og_type":"article","og_title":"Rampa quadrada - Mais que Cuidar","og_description":"Rampa quadrada","og_url":"https:\/\/www.maisquecuidar.com\/loja\/mais-mobilidade\/rampas-aluminio\/rampa-quadrada","og_site_name":"Mais que Cuidar","article_publisher":"https:\/\/www.facebook.com\/maisquecuidar.pt","article_modified_time":"2026-04-24T13:43:35+00:00","og_image":[{"width":1166,"height":720,"url":"https:\/\/img.maisquecuidar.com\/loja\/wp-content\/uploads\/2017\/01\/rampaquadradaenrolavel.jpg","type":"image\/jpeg"}],"twitter_misc":{"Tempo estimado de leitura":"1 minuto"},"schema":{"@context":"https:\/\/schema.org","@graph":[{"@type":"WebPage","@id":"https:\/\/www.maisquecuidar.com\/loja\/mais-mobilidade\/rampas-aluminio\/rampa-quadrada","url":"https:\/\/www.maisquecuidar.com\/loja\/mais-mobilidade\/rampas-aluminio\/rampa-quadrada","name":"Rampa quadrada - Mais que Cuidar","isPartOf":{"@id":"https:\/\/www.maisquecuidar.com\/loja\/#website"},"primaryImageOfPage":{"@id":"https:\/\/www.maisquecuidar.com\/loja\/mais-mobilidade\/rampas-aluminio\/rampa-quadrada#primaryimage"},"image":{"@id":"https:\/\/www.maisquecuidar.com\/loja\/mais-mobilidade\/rampas-aluminio\/rampa-quadrada#primaryimage"},"thumbnailUrl":"https:\/\/img.maisquecuidar.com\/loja\/wp-content\/uploads\/2017\/01\/rampaquadradaenrolavel.jpg","datePublished":"2017-01-21T19:08:29+00:00","dateModified":"2026-04-24T13:43:35+00:00","description":"Rampa quadrada","breadcrumb":{"@id":"https:\/\/www.maisquecuidar.com\/loja\/mais-mobilidade\/rampas-aluminio\/rampa-quadrada#breadcrumb"},"inLanguage":"pt-PT","potentialAction":[{"@type":"ReadAction","target":["https:\/\/www.maisquecuidar.com\/loja\/mais-mobilidade\/rampas-aluminio\/rampa-quadrada"]}]},{"@type":"ImageObject","inLanguage":"pt-PT","@id":"https:\/\/www.maisquecuidar.com\/loja\/mais-mobilidade\/rampas-aluminio\/rampa-quadrada#primaryimage","url":"https:\/\/img.maisquecuidar.com\/loja\/wp-content\/uploads\/2017\/01\/rampaquadradaenrolavel.jpg","contentUrl":"https:\/\/img.maisquecuidar.com\/loja\/wp-content\/uploads\/2017\/01\/rampaquadradaenrolavel.jpg","width":1166,"height":720,"caption":"y-6"},{"@type":"BreadcrumbList","@id":"https:\/\/www.maisquecuidar.com\/loja\/mais-mobilidade\/rampas-aluminio\/rampa-quadrada#breadcrumb","itemListElement":[{"@type":"ListItem","position":1,"name":"Home","item":"https:\/\/www.maisquecuidar.com\/loja\/"},{"@type":"ListItem","position":2,"name":"Loja Online de Ortopedia e Geriatria em Portugal","item":"https:\/\/www.maisquecuidar.com\/loja\/loja"},{"@type":"ListItem","position":3,"name":"Mais Mobilidade","item":"https:\/\/www.maisquecuidar.com\/loja\/mais-mobilidade"},{"@type":"ListItem","position":4,"name":"Rampas de Alum\u00ednio","item":"https:\/\/www.maisquecuidar.com\/loja\/mais-mobilidade\/rampas-aluminio"},{"@type":"ListItem","position":5,"name":"Rampa quadrada"}]},{"@type":"WebSite","@id":"https:\/\/www.maisquecuidar.com\/loja\/#website","url":"https:\/\/www.maisquecuidar.com\/loja\/","name":"Mais que Cuidar","description":"Sa\u00fade, Ortopedia e Geriatria","publisher":{"@id":"https:\/\/www.maisquecuidar.com\/loja\/#organization"},"potentialAction":[{"@type":"SearchAction","target":{"@type":"EntryPoint","urlTemplate":"https:\/\/www.maisquecuidar.com\/loja\/?s={search_term_string}"},"query-input":{"@type":"PropertyValueSpecification","valueRequired":true,"valueName":"search_term_string"}}],"inLanguage":"pt-PT"},{"@type":"Organization","@id":"https:\/\/www.maisquecuidar.com\/loja\/#organization","name":"Mais Que Cuidar","url":"https:\/\/www.maisquecuidar.com\/loja\/","logo":{"@type":"ImageObject","inLanguage":"pt-PT","@id":"https:\/\/www.maisquecuidar.com\/loja\/#\/schema\/logo\/image\/","url":"https:\/\/img.maisquecuidar.com\/loja\/wp-content\/uploads\/2019\/08\/logo-mais-que-cuidar-retina.png","contentUrl":"https:\/\/img.maisquecuidar.com\/loja\/wp-content\/uploads\/2019\/08\/logo-mais-que-cuidar-retina.png","width":565,"height":75,"caption":"Mais Que Cuidar"},"image":{"@id":"https:\/\/www.maisquecuidar.com\/loja\/#\/schema\/logo\/image\/"},"sameAs":["https:\/\/www.facebook.com\/maisquecuidar.pt","https:\/\/www.instagram.com\/maisquecuidar"]}]}},"_links":{"self":[{"href":"https:\/\/www.maisquecuidar.com\/loja\/wp-json\/wp\/v2\/product\/4933","targetHints":{"allow":["GET"]}}],"collection":[{"href":"https:\/\/www.maisquecuidar.com\/loja\/wp-json\/wp\/v2\/product"}],"about":[{"href":"https:\/\/www.maisquecuidar.com\/loja\/wp-json\/wp\/v2\/types\/product"}],"wp:featuredmedia":[{"embeddable":true,"href":"https:\/\/www.maisquecuidar.com\/loja\/wp-json\/wp\/v2\/media\/6080"}],"wp:attachment":[{"href":"https:\/\/www.maisquecuidar.com\/loja\/wp-json\/wp\/v2\/media?parent=4933"}],"wp:term":[{"taxonomy":"product_brand","embeddable":true,"href":"https:\/\/www.maisquecuidar.com\/loja\/wp-json\/wp\/v2\/product_brand?post=4933"},{"taxonomy":"product_cat","embeddable":true,"href":"https:\/\/www.maisquecuidar.com\/loja\/wp-json\/wp\/v2\/product_cat?post=4933"},{"taxonomy":"product_tag","embeddable":true,"href":"https:\/\/www.maisquecuidar.com\/loja\/wp-json\/wp\/v2\/product_tag?post=4933"}],"curies":[{"name":"wp","href":"https:\/\/api.w.org\/{rel}","templated":true}]}}