{"id":4919,"date":"2017-01-21T18:20:00","date_gmt":"2017-01-21T18:20:00","guid":{"rendered":"https:\/\/www.maisquecuidar.com\/loja\/?post_type=product&#038;p=4919"},"modified":"2026-03-18T11:10:25","modified_gmt":"2026-03-18T11:10:25","slug":"cadeira-de-rodas-de-conforto-rea-azalea","status":"publish","type":"product","link":"https:\/\/www.maisquecuidar.com\/loja\/mais-mobilidade\/cadeiras-de-rodas\/conforto\/cadeira-de-rodas-de-conforto-rea-azalea","title":{"rendered":"Cadeira de Rodas de Conforto Rea Azalea Invacare"},"content":{"rendered":"<p>As cadeiras de rodas de conforto Rea Azalea oferecem personaliza\u00e7\u00e3o a cada utilizador gra\u00e7as a uma vasta gama de modelos e op\u00e7\u00f5es.<\/p>\n<p>A fam\u00edlia Rea Azalea permite m\u00faltiplos ajustes como a altura dos apoios de pernas, largura e altura dos apoios de bra\u00e7os, profundidade da plataforma de assento, etc para encontrar o conforto ideal.<\/p>\n<p>A Azalea \u00e9 a cadeira de rodas de conforto ideal para utilizadores moderadamente ativos ou com pouco controlo de tronco. A bascula\u00e7\u00e3o com sistema de compensa\u00e7\u00e3o incorporado permite a mudan\u00e7a de posi\u00e7\u00f5es do utilizador para m\u00e1ximo conforto.<\/p>\n<p>Todas as cadeiras de rodas v\u00eam ainda equipadas com o DSS \u2013 Dual Stability System que devido aos pontos de pivot do encosto e dos apoios de pernas permite alternar posi\u00e7\u00f5es com o m\u00e1ximo de conforto para o utilizador, <strong>minimizando as for\u00e7as de fric\u00e7\u00e3o, deslizamento e compress\u00e3o<\/strong>.<\/p>\n<p>Possui sistema de bascula\u00e7\u00e3o de 25\u00b0 e reclina\u00e7\u00e3o do encosto de 30\u00b0, que pode ser ajustado atrav\u00e9s de um pist\u00e3o com g\u00e1s acionado por man\u00edpulo nos punhos.<\/p>\n<p>Equipada com unidade de assento e e encosto com plataforma r\u00edgida com almofada de assento flo-shape com tecido dartex e encosto almofadado Flex.<\/p>\n<p>Apoios de pernas rebat\u00edveis e destac\u00e1veis.<\/p>\n<p>Patins rebat\u00edveis e ajust\u00e1veis em altura, \u00e2ngulo e profundidade.<\/p>\n<p>Apoios de bra\u00e7os almofadados destac\u00e1veis e ajust\u00e1veis em altura e profundidade.<\/p>\n","protected":false},"excerpt":{"rendered":"<p>Ideal para utilizadores moderadamente ativos ou com pouco controlo de tronco<\/p>\n","protected":false},"featured_media":14678,"template":"","meta":{"_acf_changed":false,"neve_meta_sidebar":"","neve_meta_container":"","neve_meta_enable_content_width":"off","neve_meta_content_width":100,"neve_meta_title_alignment":"","neve_meta_author_avatar":"","neve_post_elements_order":"","neve_meta_disable_header":"","neve_meta_disable_footer":"","neve_meta_disable_title":""},"product_brand":[],"product_cat":[84],"product_tag":[435,661,662,664,663],"class_list":{"0":"post-4919","1":"product","2":"type-product","3":"status-publish","4":"has-post-thumbnail","6":"product_cat-conforto","7":"product_tag-cadeira-de-rodas-de-conforto","8":"product_tag-cadeira-de-rodas-passivas","9":"product_tag-cadeira-de-rodas-rea-azalea","10":"product_tag-cadeiras-de-rodas-invacare","11":"product_tag-cadeiras-de-rodas-manuais","13":"first","14":"onbackorder","15":"taxable","16":"shipping-taxable","17":"purchasable","18":"product-type-simple"},"acf":[],"yoast_head":"<!-- This site is optimized with the Yoast SEO plugin v27.3 - https:\/\/yoast.com\/product\/yoast-seo-wordpress\/ -->\n<title>Cadeira de Rodas de Conforto Rea Azalea Invacare - Invacare - Mais que Cuidar<\/title>\n<meta name=\"description\" content=\"Descubra as vantagens da cadeira de rodas Rea Azalea da Invacare recomendada para melhorar o posicionamento e o conforto de pessoas idosos\/doentes. Confira!\" \/>\n<meta name=\"robots\" content=\"index, follow, max-snippet:-1, max-image-preview:large, max-video-preview:-1\" \/>\n<link rel=\"canonical\" href=\"https:\/\/www.maisquecuidar.com\/loja\/mais-mobilidade\/cadeiras-de-rodas\/conforto\/cadeira-de-rodas-de-conforto-rea-azalea\" \/>\n<meta property=\"og:locale\" content=\"pt_PT\" \/>\n<meta property=\"og:type\" content=\"article\" \/>\n<meta property=\"og:title\" content=\"Cadeira de Rodas de Conforto Rea Azalea Invacare - Invacare - Mais que Cuidar\" \/>\n<meta property=\"og:description\" content=\"Descubra as vantagens da cadeira de rodas Rea Azalea da Invacare recomendada para melhorar o posicionamento e o conforto de pessoas idosos\/doentes. Confira!\" \/>\n<meta property=\"og:url\" content=\"https:\/\/www.maisquecuidar.com\/loja\/mais-mobilidade\/cadeiras-de-rodas\/conforto\/cadeira-de-rodas-de-conforto-rea-azalea\" \/>\n<meta property=\"og:site_name\" content=\"Mais que Cuidar\" \/>\n<meta property=\"article:publisher\" content=\"https:\/\/www.facebook.com\/maisquecuidar.pt\" \/>\n<meta property=\"article:modified_time\" content=\"2026-03-18T11:10:25+00:00\" \/>\n<meta property=\"og:image\" content=\"https:\/\/img.maisquecuidar.com\/loja\/wp-content\/uploads\/2017\/01\/cadeira-rodas-rea-azalea.png\" \/>\n\t<meta property=\"og:image:width\" content=\"1280\" \/>\n\t<meta property=\"og:image:height\" content=\"800\" \/>\n\t<meta property=\"og:image:type\" content=\"image\/png\" \/>\n<meta name=\"twitter:label1\" content=\"Tempo estimado de leitura\" \/>\n\t<meta name=\"twitter:data1\" content=\"2 minutos\" \/>\n<script type=\"application\/ld+json\" class=\"yoast-schema-graph\">{\"@context\":\"https:\\\/\\\/schema.org\",\"@graph\":[{\"@type\":\"WebPage\",\"@id\":\"https:\\\/\\\/www.maisquecuidar.com\\\/loja\\\/mais-mobilidade\\\/cadeiras-de-rodas\\\/conforto\\\/cadeira-de-rodas-de-conforto-rea-azalea\",\"url\":\"https:\\\/\\\/www.maisquecuidar.com\\\/loja\\\/mais-mobilidade\\\/cadeiras-de-rodas\\\/conforto\\\/cadeira-de-rodas-de-conforto-rea-azalea\",\"name\":\"Cadeira de Rodas de Conforto Rea Azalea Invacare - Invacare - Mais que Cuidar\",\"isPartOf\":{\"@id\":\"https:\\\/\\\/www.maisquecuidar.com\\\/loja\\\/#website\"},\"primaryImageOfPage\":{\"@id\":\"https:\\\/\\\/www.maisquecuidar.com\\\/loja\\\/mais-mobilidade\\\/cadeiras-de-rodas\\\/conforto\\\/cadeira-de-rodas-de-conforto-rea-azalea#primaryimage\"},\"image\":{\"@id\":\"https:\\\/\\\/www.maisquecuidar.com\\\/loja\\\/mais-mobilidade\\\/cadeiras-de-rodas\\\/conforto\\\/cadeira-de-rodas-de-conforto-rea-azalea#primaryimage\"},\"thumbnailUrl\":\"https:\\\/\\\/img.maisquecuidar.com\\\/loja\\\/wp-content\\\/uploads\\\/2017\\\/01\\\/cadeira-rodas-rea-azalea.png\",\"datePublished\":\"2017-01-21T18:20:00+00:00\",\"dateModified\":\"2026-03-18T11:10:25+00:00\",\"description\":\"Descubra as vantagens da cadeira de rodas Rea Azalea da Invacare recomendada para melhorar o posicionamento e o conforto de pessoas idosos\\\/doentes. Confira!\",\"breadcrumb\":{\"@id\":\"https:\\\/\\\/www.maisquecuidar.com\\\/loja\\\/mais-mobilidade\\\/cadeiras-de-rodas\\\/conforto\\\/cadeira-de-rodas-de-conforto-rea-azalea#breadcrumb\"},\"inLanguage\":\"pt-PT\",\"potentialAction\":[{\"@type\":\"ReadAction\",\"target\":[\"https:\\\/\\\/www.maisquecuidar.com\\\/loja\\\/mais-mobilidade\\\/cadeiras-de-rodas\\\/conforto\\\/cadeira-de-rodas-de-conforto-rea-azalea\"]}]},{\"@type\":\"ImageObject\",\"inLanguage\":\"pt-PT\",\"@id\":\"https:\\\/\\\/www.maisquecuidar.com\\\/loja\\\/mais-mobilidade\\\/cadeiras-de-rodas\\\/conforto\\\/cadeira-de-rodas-de-conforto-rea-azalea#primaryimage\",\"url\":\"https:\\\/\\\/img.maisquecuidar.com\\\/loja\\\/wp-content\\\/uploads\\\/2017\\\/01\\\/cadeira-rodas-rea-azalea.png\",\"contentUrl\":\"https:\\\/\\\/img.maisquecuidar.com\\\/loja\\\/wp-content\\\/uploads\\\/2017\\\/01\\\/cadeira-rodas-rea-azalea.png\",\"width\":1280,\"height\":800,\"caption\":\"Cadeira de rodas Rea Azalea Invacare\"},{\"@type\":\"BreadcrumbList\",\"@id\":\"https:\\\/\\\/www.maisquecuidar.com\\\/loja\\\/mais-mobilidade\\\/cadeiras-de-rodas\\\/conforto\\\/cadeira-de-rodas-de-conforto-rea-azalea#breadcrumb\",\"itemListElement\":[{\"@type\":\"ListItem\",\"position\":1,\"name\":\"Home\",\"item\":\"https:\\\/\\\/www.maisquecuidar.com\\\/loja\\\/\"},{\"@type\":\"ListItem\",\"position\":2,\"name\":\"Loja Online de Ortopedia e Geriatria em Portugal\",\"item\":\"https:\\\/\\\/www.maisquecuidar.com\\\/loja\\\/loja\"},{\"@type\":\"ListItem\",\"position\":3,\"name\":\"Mais Mobilidade\",\"item\":\"https:\\\/\\\/www.maisquecuidar.com\\\/loja\\\/mais-mobilidade\"},{\"@type\":\"ListItem\",\"position\":4,\"name\":\"Cadeiras de Rodas\",\"item\":\"https:\\\/\\\/www.maisquecuidar.com\\\/loja\\\/mais-mobilidade\\\/cadeiras-de-rodas\"},{\"@type\":\"ListItem\",\"position\":5,\"name\":\"Cadeiras de Rodas de Conforto\",\"item\":\"https:\\\/\\\/www.maisquecuidar.com\\\/loja\\\/mais-mobilidade\\\/cadeiras-de-rodas\\\/conforto\"},{\"@type\":\"ListItem\",\"position\":6,\"name\":\"Cadeira de Rodas de Conforto Rea Azalea Invacare\"}]},{\"@type\":\"WebSite\",\"@id\":\"https:\\\/\\\/www.maisquecuidar.com\\\/loja\\\/#website\",\"url\":\"https:\\\/\\\/www.maisquecuidar.com\\\/loja\\\/\",\"name\":\"Mais que Cuidar\",\"description\":\"Sa\u00fade, Ortopedia e Geriatria\",\"publisher\":{\"@id\":\"https:\\\/\\\/www.maisquecuidar.com\\\/loja\\\/#organization\"},\"potentialAction\":[{\"@type\":\"SearchAction\",\"target\":{\"@type\":\"EntryPoint\",\"urlTemplate\":\"https:\\\/\\\/www.maisquecuidar.com\\\/loja\\\/?s={search_term_string}\"},\"query-input\":{\"@type\":\"PropertyValueSpecification\",\"valueRequired\":true,\"valueName\":\"search_term_string\"}}],\"inLanguage\":\"pt-PT\"},{\"@type\":\"Organization\",\"@id\":\"https:\\\/\\\/www.maisquecuidar.com\\\/loja\\\/#organization\",\"name\":\"Mais Que Cuidar\",\"url\":\"https:\\\/\\\/www.maisquecuidar.com\\\/loja\\\/\",\"logo\":{\"@type\":\"ImageObject\",\"inLanguage\":\"pt-PT\",\"@id\":\"https:\\\/\\\/www.maisquecuidar.com\\\/loja\\\/#\\\/schema\\\/logo\\\/image\\\/\",\"url\":\"https:\\\/\\\/img.maisquecuidar.com\\\/loja\\\/wp-content\\\/uploads\\\/2019\\\/08\\\/logo-mais-que-cuidar-retina.png\",\"contentUrl\":\"https:\\\/\\\/img.maisquecuidar.com\\\/loja\\\/wp-content\\\/uploads\\\/2019\\\/08\\\/logo-mais-que-cuidar-retina.png\",\"width\":565,\"height\":75,\"caption\":\"Mais Que Cuidar\"},\"image\":{\"@id\":\"https:\\\/\\\/www.maisquecuidar.com\\\/loja\\\/#\\\/schema\\\/logo\\\/image\\\/\"},\"sameAs\":[\"https:\\\/\\\/www.facebook.com\\\/maisquecuidar.pt\",\"https:\\\/\\\/www.instagram.com\\\/maisquecuidar\"]}]}<\/script>\n<!-- \/ Yoast SEO plugin. -->","yoast_head_json":{"title":"Cadeira de Rodas de Conforto Rea Azalea Invacare - Invacare - Mais que Cuidar","description":"Descubra as vantagens da cadeira de rodas Rea Azalea da Invacare recomendada para melhorar o posicionamento e o conforto de pessoas idosos\/doentes. Confira!","robots":{"index":"index","follow":"follow","max-snippet":"max-snippet:-1","max-image-preview":"max-image-preview:large","max-video-preview":"max-video-preview:-1"},"canonical":"https:\/\/www.maisquecuidar.com\/loja\/mais-mobilidade\/cadeiras-de-rodas\/conforto\/cadeira-de-rodas-de-conforto-rea-azalea","og_locale":"pt_PT","og_type":"article","og_title":"Cadeira de Rodas de Conforto Rea Azalea Invacare - Invacare - Mais que Cuidar","og_description":"Descubra as vantagens da cadeira de rodas Rea Azalea da Invacare recomendada para melhorar o posicionamento e o conforto de pessoas idosos\/doentes. Confira!","og_url":"https:\/\/www.maisquecuidar.com\/loja\/mais-mobilidade\/cadeiras-de-rodas\/conforto\/cadeira-de-rodas-de-conforto-rea-azalea","og_site_name":"Mais que Cuidar","article_publisher":"https:\/\/www.facebook.com\/maisquecuidar.pt","article_modified_time":"2026-03-18T11:10:25+00:00","og_image":[{"width":1280,"height":800,"url":"https:\/\/img.maisquecuidar.com\/loja\/wp-content\/uploads\/2017\/01\/cadeira-rodas-rea-azalea.png","type":"image\/png"}],"twitter_misc":{"Tempo estimado de leitura":"2 minutos"},"schema":{"@context":"https:\/\/schema.org","@graph":[{"@type":"WebPage","@id":"https:\/\/www.maisquecuidar.com\/loja\/mais-mobilidade\/cadeiras-de-rodas\/conforto\/cadeira-de-rodas-de-conforto-rea-azalea","url":"https:\/\/www.maisquecuidar.com\/loja\/mais-mobilidade\/cadeiras-de-rodas\/conforto\/cadeira-de-rodas-de-conforto-rea-azalea","name":"Cadeira de Rodas de Conforto Rea Azalea Invacare - Invacare - Mais que Cuidar","isPartOf":{"@id":"https:\/\/www.maisquecuidar.com\/loja\/#website"},"primaryImageOfPage":{"@id":"https:\/\/www.maisquecuidar.com\/loja\/mais-mobilidade\/cadeiras-de-rodas\/conforto\/cadeira-de-rodas-de-conforto-rea-azalea#primaryimage"},"image":{"@id":"https:\/\/www.maisquecuidar.com\/loja\/mais-mobilidade\/cadeiras-de-rodas\/conforto\/cadeira-de-rodas-de-conforto-rea-azalea#primaryimage"},"thumbnailUrl":"https:\/\/img.maisquecuidar.com\/loja\/wp-content\/uploads\/2017\/01\/cadeira-rodas-rea-azalea.png","datePublished":"2017-01-21T18:20:00+00:00","dateModified":"2026-03-18T11:10:25+00:00","description":"Descubra as vantagens da cadeira de rodas Rea Azalea da Invacare recomendada para melhorar o posicionamento e o conforto de pessoas idosos\/doentes. Confira!","breadcrumb":{"@id":"https:\/\/www.maisquecuidar.com\/loja\/mais-mobilidade\/cadeiras-de-rodas\/conforto\/cadeira-de-rodas-de-conforto-rea-azalea#breadcrumb"},"inLanguage":"pt-PT","potentialAction":[{"@type":"ReadAction","target":["https:\/\/www.maisquecuidar.com\/loja\/mais-mobilidade\/cadeiras-de-rodas\/conforto\/cadeira-de-rodas-de-conforto-rea-azalea"]}]},{"@type":"ImageObject","inLanguage":"pt-PT","@id":"https:\/\/www.maisquecuidar.com\/loja\/mais-mobilidade\/cadeiras-de-rodas\/conforto\/cadeira-de-rodas-de-conforto-rea-azalea#primaryimage","url":"https:\/\/img.maisquecuidar.com\/loja\/wp-content\/uploads\/2017\/01\/cadeira-rodas-rea-azalea.png","contentUrl":"https:\/\/img.maisquecuidar.com\/loja\/wp-content\/uploads\/2017\/01\/cadeira-rodas-rea-azalea.png","width":1280,"height":800,"caption":"Cadeira de rodas Rea Azalea Invacare"},{"@type":"BreadcrumbList","@id":"https:\/\/www.maisquecuidar.com\/loja\/mais-mobilidade\/cadeiras-de-rodas\/conforto\/cadeira-de-rodas-de-conforto-rea-azalea#breadcrumb","itemListElement":[{"@type":"ListItem","position":1,"name":"Home","item":"https:\/\/www.maisquecuidar.com\/loja\/"},{"@type":"ListItem","position":2,"name":"Loja Online de Ortopedia e Geriatria em Portugal","item":"https:\/\/www.maisquecuidar.com\/loja\/loja"},{"@type":"ListItem","position":3,"name":"Mais Mobilidade","item":"https:\/\/www.maisquecuidar.com\/loja\/mais-mobilidade"},{"@type":"ListItem","position":4,"name":"Cadeiras de Rodas","item":"https:\/\/www.maisquecuidar.com\/loja\/mais-mobilidade\/cadeiras-de-rodas"},{"@type":"ListItem","position":5,"name":"Cadeiras de Rodas de Conforto","item":"https:\/\/www.maisquecuidar.com\/loja\/mais-mobilidade\/cadeiras-de-rodas\/conforto"},{"@type":"ListItem","position":6,"name":"Cadeira de Rodas de Conforto Rea Azalea Invacare"}]},{"@type":"WebSite","@id":"https:\/\/www.maisquecuidar.com\/loja\/#website","url":"https:\/\/www.maisquecuidar.com\/loja\/","name":"Mais que Cuidar","description":"Sa\u00fade, Ortopedia e Geriatria","publisher":{"@id":"https:\/\/www.maisquecuidar.com\/loja\/#organization"},"potentialAction":[{"@type":"SearchAction","target":{"@type":"EntryPoint","urlTemplate":"https:\/\/www.maisquecuidar.com\/loja\/?s={search_term_string}"},"query-input":{"@type":"PropertyValueSpecification","valueRequired":true,"valueName":"search_term_string"}}],"inLanguage":"pt-PT"},{"@type":"Organization","@id":"https:\/\/www.maisquecuidar.com\/loja\/#organization","name":"Mais Que Cuidar","url":"https:\/\/www.maisquecuidar.com\/loja\/","logo":{"@type":"ImageObject","inLanguage":"pt-PT","@id":"https:\/\/www.maisquecuidar.com\/loja\/#\/schema\/logo\/image\/","url":"https:\/\/img.maisquecuidar.com\/loja\/wp-content\/uploads\/2019\/08\/logo-mais-que-cuidar-retina.png","contentUrl":"https:\/\/img.maisquecuidar.com\/loja\/wp-content\/uploads\/2019\/08\/logo-mais-que-cuidar-retina.png","width":565,"height":75,"caption":"Mais Que Cuidar"},"image":{"@id":"https:\/\/www.maisquecuidar.com\/loja\/#\/schema\/logo\/image\/"},"sameAs":["https:\/\/www.facebook.com\/maisquecuidar.pt","https:\/\/www.instagram.com\/maisquecuidar"]}]}},"_links":{"self":[{"href":"https:\/\/www.maisquecuidar.com\/loja\/wp-json\/wp\/v2\/product\/4919","targetHints":{"allow":["GET"]}}],"collection":[{"href":"https:\/\/www.maisquecuidar.com\/loja\/wp-json\/wp\/v2\/product"}],"about":[{"href":"https:\/\/www.maisquecuidar.com\/loja\/wp-json\/wp\/v2\/types\/product"}],"wp:featuredmedia":[{"embeddable":true,"href":"https:\/\/www.maisquecuidar.com\/loja\/wp-json\/wp\/v2\/media\/14678"}],"wp:attachment":[{"href":"https:\/\/www.maisquecuidar.com\/loja\/wp-json\/wp\/v2\/media?parent=4919"}],"wp:term":[{"taxonomy":"product_brand","embeddable":true,"href":"https:\/\/www.maisquecuidar.com\/loja\/wp-json\/wp\/v2\/product_brand?post=4919"},{"taxonomy":"product_cat","embeddable":true,"href":"https:\/\/www.maisquecuidar.com\/loja\/wp-json\/wp\/v2\/product_cat?post=4919"},{"taxonomy":"product_tag","embeddable":true,"href":"https:\/\/www.maisquecuidar.com\/loja\/wp-json\/wp\/v2\/product_tag?post=4919"}],"curies":[{"name":"wp","href":"https:\/\/api.w.org\/{rel}","templated":true}]}}