{"id":4915,"date":"2017-01-21T17:13:25","date_gmt":"2017-01-21T17:13:25","guid":{"rendered":"https:\/\/www.maisquecuidar.com\/loja\/?post_type=product&#038;p=4915"},"modified":"2026-04-07T18:57:18","modified_gmt":"2026-04-07T17:57:18","slug":"cadeira-de-rodas-de-conforto-rea-clematis","status":"publish","type":"product","link":"https:\/\/www.maisquecuidar.com\/loja\/mais-mobilidade\/cadeiras-de-rodas\/conforto\/cadeira-de-rodas-de-conforto-rea-clematis","title":{"rendered":"Cadeira de Rodas Manual de Conforto Rea Clematis Pro"},"content":{"rendered":"<p>A nova cadeira de rodas manual de conforto Rea Clematis Pro foi desenvolvida para melhorar a experi\u00eancia do utilizador e do cuidador.<\/p>\n<p>Com base na reconhecida Rea Clematis, a nova cadeira de rodas passiva engloba tudo o que era valorizado na Clematis, ao mesmo tempo que introduz novas caracter\u00edsticas para garantir um soberbo n\u00edvel de conforto, estabilidade e seguran\u00e7a.<\/p>\n<p><strong>O sistema de encosto modular<\/strong> apresenta um novo desenho e est\u00e1 equipado com a nova almofada de encosto LAGUNA melhorada com maior contorno lombar para suporte adicional. O encosto pode ser facilmente ajustado em altura e permite a instala\u00e7\u00e3o de v\u00e1rios acess\u00f3rios e a nova barra de instala\u00e7\u00e3o do apoio de cabe\u00e7a est\u00e1 testada para as v\u00e1rias op\u00e7\u00f5es de posicionamento. O sistema de encosto oferece uma reclina\u00e7\u00e3o de 30\u00ba regulada por sistema manual nos punhos.<\/p>\n<p>A Clematis Pro \u00e9 equipada com novos Apoio de Bra\u00e7o destac\u00e1veis, ajust\u00e1veis em altura e com caracter\u00edsticas mais favor\u00e1veis para os utilizadores, pois s\u00e3o mais ergon\u00f3micos e com maior suporte e envolv\u00eancia para o antebra\u00e7o. Estes novos apoios de bra\u00e7o apresentam um man\u00edpulo para regula\u00e7\u00e3o em profundidade, sem ferramentas, permitindo um ajuste f\u00e1cil para aproxima\u00e7\u00e3o a diferentes superf\u00edcies ou para adapta\u00e7\u00e3o ao desempenho de diferentes atividades.<\/p>\n<p>Nas principais vantagens desta nova cadeira de rodas manual, est\u00e1 o <em>Dual Stability System,<\/em> a tecnologia \u00fanica de compensa\u00e7\u00e3o das altera\u00e7\u00f5es de peso, que garante <strong>uma excelente estabilidade da cadeira de rodas<\/strong>, quando est\u00e1 basculada e reclinada. O assento possibilita uma bascula\u00e7\u00e3o at\u00e9 25\u00ba e foi desenhado para minimizar as for\u00e7as de cisalhamento e melhorar a redistribui\u00e7\u00e3o da press\u00e3o.<\/p>\n<p>Para al\u00e9m disto, o design de chassis compacto oferece uma soberba manobrabilidade, especialmente em ambientes interiores. As rodas traseiras podem ser avan\u00e7adas para permitir um melhor acesso ao aro motor, no caso dos utilizadores que apresentam capacidade de autopropuls\u00e3o.<\/p>\n<p><strong>Em Destaque:<\/strong><\/p>\n<ul>\n<li><strong>Apoio de pernas com sistema de reclina\u00e7\u00e3o<\/strong>: permite que os apoios de pernas sejam elevados para conforto, quando a cadeira est\u00e1 em posi\u00e7\u00e3o de bascula\u00e7\u00e3o e\/ou reclina\u00e7\u00e3o.<\/li>\n<li><strong>Chassis compacto<\/strong>: f\u00e1cil de manobrar nos espa\u00e7os mais reduzidos e otimizada para uso interior.<\/li>\n<li><strong>Maior bascula\u00e7\u00e3o do assento:<\/strong> com bascula\u00e7\u00e3o m\u00e1xima de 25\u00ba, garante melhor redistribui\u00e7\u00e3o da press\u00e3o e reduz as for\u00e7as de cisalhamento.<\/li>\n<li><strong>Dual Stability System (DSS)<\/strong>: \u00e9 a \u00fanica tecnologia de compensa\u00e7\u00e3o das altera\u00e7\u00f5es de peso que garante uma excelente estabilidade da cadeira de rodas, quando est\u00e1 basculada e reclinada.<\/li>\n<li><strong>Novo apoio de bra\u00e7o envolvente:<\/strong> a almofada envolvente assegura o posicionamento do antebra\u00e7o na posi\u00e7\u00e3o correta ao longo dos movimentos de bascula\u00e7\u00e3o e reclina\u00e7\u00e3o.<\/li>\n<li><strong>Encosto modular:<\/strong> f\u00e1cil e r\u00e1pido de ajustar \u00e0s necessidades do utilizador, permitindo um posicionamento perfeito para uma vasta gama de patologias.<\/li>\n<li><strong>Dispon\u00edvel para venda e para aluguer:<\/strong> para informa\u00e7\u00f5es sobre o servi\u00e7o de aluguer <a href=\"https:\/\/www.maisquecuidar.com\/aluguer\/cadeiras-de-rodas\/cadeira-de-rodas-de-conforto\" target=\"_blank\" rel=\"noopener\">clique aqui<\/a>.<\/li>\n<\/ul>\n","protected":false},"excerpt":{"rendered":"<p>PROMO\u00c7\u00c3O V\u00c1LIDA DE 08 a 14 DE ABRIL DE 2026<\/p>\n<p>Cadeira de rodas reclin\u00e1vel de posicionamento para idosos\/doentes dependentes ou com mobilidade reduzida.<\/p>\n<p>Dispon\u00edvel para venda e aluguer.<\/p>\n","protected":false},"featured_media":14739,"template":"","meta":{"_acf_changed":false,"neve_meta_sidebar":"","neve_meta_container":"","neve_meta_enable_content_width":"off","neve_meta_content_width":100,"neve_meta_title_alignment":"","neve_meta_author_avatar":"","neve_post_elements_order":"","neve_meta_disable_header":"","neve_meta_disable_footer":"","neve_meta_disable_title":""},"product_brand":[],"product_cat":[84],"product_tag":[435],"class_list":{"0":"post-4915","1":"product","2":"type-product","3":"status-publish","4":"has-post-thumbnail","6":"product_cat-conforto","7":"product_tag-cadeira-de-rodas-de-conforto","9":"first","10":"instock","11":"sale","12":"taxable","13":"shipping-taxable","14":"purchasable","15":"product-type-simple"},"acf":[],"yoast_head":"<!-- This site is optimized with the Yoast SEO plugin v27.3 - https:\/\/yoast.com\/product\/yoast-seo-wordpress\/ -->\n<title>Cadeira de Rodas Manual de Conforto Rea Clematis Pro - Invacare<\/title>\n<meta name=\"description\" content=\"Descubra as vantagens da cadeira de rodas Rea Clematis da Invacare ideal para conforto e posicionamento. Marque um teste drive gratuito.\" \/>\n<meta name=\"robots\" content=\"index, follow, max-snippet:-1, max-image-preview:large, max-video-preview:-1\" \/>\n<link rel=\"canonical\" href=\"https:\/\/www.maisquecuidar.com\/loja\/mais-mobilidade\/cadeiras-de-rodas\/conforto\/cadeira-de-rodas-de-conforto-rea-clematis\" \/>\n<meta property=\"og:locale\" content=\"pt_PT\" \/>\n<meta property=\"og:type\" content=\"article\" \/>\n<meta property=\"og:title\" content=\"Cadeira de Rodas Manual de Conforto Rea Clematis Pro - Invacare\" \/>\n<meta property=\"og:description\" content=\"Descubra as vantagens da cadeira de rodas Rea Clematis da Invacare ideal para conforto e posicionamento. Marque um teste drive gratuito.\" \/>\n<meta property=\"og:url\" content=\"https:\/\/www.maisquecuidar.com\/loja\/mais-mobilidade\/cadeiras-de-rodas\/conforto\/cadeira-de-rodas-de-conforto-rea-clematis\" \/>\n<meta property=\"og:site_name\" content=\"Mais que Cuidar\" \/>\n<meta property=\"article:publisher\" content=\"https:\/\/www.facebook.com\/maisquecuidar.pt\" \/>\n<meta property=\"article:modified_time\" content=\"2026-04-07T17:57:18+00:00\" \/>\n<meta property=\"og:image\" content=\"https:\/\/img.maisquecuidar.com\/loja\/wp-content\/uploads\/2017\/01\/rea-clematis-pro-invacare.png\" \/>\n\t<meta property=\"og:image:width\" content=\"1280\" \/>\n\t<meta property=\"og:image:height\" content=\"800\" \/>\n\t<meta property=\"og:image:type\" content=\"image\/png\" \/>\n<meta name=\"twitter:label1\" content=\"Tempo estimado de leitura\" \/>\n\t<meta name=\"twitter:data1\" content=\"3 minutos\" \/>\n<script type=\"application\/ld+json\" class=\"yoast-schema-graph\">{\"@context\":\"https:\\\/\\\/schema.org\",\"@graph\":[{\"@type\":\"WebPage\",\"@id\":\"https:\\\/\\\/www.maisquecuidar.com\\\/loja\\\/mais-mobilidade\\\/cadeiras-de-rodas\\\/conforto\\\/cadeira-de-rodas-de-conforto-rea-clematis\",\"url\":\"https:\\\/\\\/www.maisquecuidar.com\\\/loja\\\/mais-mobilidade\\\/cadeiras-de-rodas\\\/conforto\\\/cadeira-de-rodas-de-conforto-rea-clematis\",\"name\":\"Cadeira de Rodas Manual de Conforto Rea Clematis Pro - Invacare\",\"isPartOf\":{\"@id\":\"https:\\\/\\\/www.maisquecuidar.com\\\/loja\\\/#website\"},\"primaryImageOfPage\":{\"@id\":\"https:\\\/\\\/www.maisquecuidar.com\\\/loja\\\/mais-mobilidade\\\/cadeiras-de-rodas\\\/conforto\\\/cadeira-de-rodas-de-conforto-rea-clematis#primaryimage\"},\"image\":{\"@id\":\"https:\\\/\\\/www.maisquecuidar.com\\\/loja\\\/mais-mobilidade\\\/cadeiras-de-rodas\\\/conforto\\\/cadeira-de-rodas-de-conforto-rea-clematis#primaryimage\"},\"thumbnailUrl\":\"https:\\\/\\\/img.maisquecuidar.com\\\/loja\\\/wp-content\\\/uploads\\\/2017\\\/01\\\/rea-clematis-pro-invacare.png\",\"datePublished\":\"2017-01-21T17:13:25+00:00\",\"dateModified\":\"2026-04-07T17:57:18+00:00\",\"description\":\"Descubra as vantagens da cadeira de rodas Rea Clematis da Invacare ideal para conforto e posicionamento. Marque um teste drive gratuito.\",\"breadcrumb\":{\"@id\":\"https:\\\/\\\/www.maisquecuidar.com\\\/loja\\\/mais-mobilidade\\\/cadeiras-de-rodas\\\/conforto\\\/cadeira-de-rodas-de-conforto-rea-clematis#breadcrumb\"},\"inLanguage\":\"pt-PT\",\"potentialAction\":[{\"@type\":\"ReadAction\",\"target\":[\"https:\\\/\\\/www.maisquecuidar.com\\\/loja\\\/mais-mobilidade\\\/cadeiras-de-rodas\\\/conforto\\\/cadeira-de-rodas-de-conforto-rea-clematis\"]}]},{\"@type\":\"ImageObject\",\"inLanguage\":\"pt-PT\",\"@id\":\"https:\\\/\\\/www.maisquecuidar.com\\\/loja\\\/mais-mobilidade\\\/cadeiras-de-rodas\\\/conforto\\\/cadeira-de-rodas-de-conforto-rea-clematis#primaryimage\",\"url\":\"https:\\\/\\\/img.maisquecuidar.com\\\/loja\\\/wp-content\\\/uploads\\\/2017\\\/01\\\/rea-clematis-pro-invacare.png\",\"contentUrl\":\"https:\\\/\\\/img.maisquecuidar.com\\\/loja\\\/wp-content\\\/uploads\\\/2017\\\/01\\\/rea-clematis-pro-invacare.png\",\"width\":1280,\"height\":800,\"caption\":\"Rea Clematis Pro da Invacare\"},{\"@type\":\"BreadcrumbList\",\"@id\":\"https:\\\/\\\/www.maisquecuidar.com\\\/loja\\\/mais-mobilidade\\\/cadeiras-de-rodas\\\/conforto\\\/cadeira-de-rodas-de-conforto-rea-clematis#breadcrumb\",\"itemListElement\":[{\"@type\":\"ListItem\",\"position\":1,\"name\":\"Home\",\"item\":\"https:\\\/\\\/www.maisquecuidar.com\\\/loja\\\/\"},{\"@type\":\"ListItem\",\"position\":2,\"name\":\"Loja Online de Ortopedia e Geriatria em Portugal\",\"item\":\"https:\\\/\\\/www.maisquecuidar.com\\\/loja\\\/loja\"},{\"@type\":\"ListItem\",\"position\":3,\"name\":\"Mais Mobilidade\",\"item\":\"https:\\\/\\\/www.maisquecuidar.com\\\/loja\\\/mais-mobilidade\"},{\"@type\":\"ListItem\",\"position\":4,\"name\":\"Cadeiras de Rodas\",\"item\":\"https:\\\/\\\/www.maisquecuidar.com\\\/loja\\\/mais-mobilidade\\\/cadeiras-de-rodas\"},{\"@type\":\"ListItem\",\"position\":5,\"name\":\"Cadeiras de Rodas de Conforto\",\"item\":\"https:\\\/\\\/www.maisquecuidar.com\\\/loja\\\/mais-mobilidade\\\/cadeiras-de-rodas\\\/conforto\"},{\"@type\":\"ListItem\",\"position\":6,\"name\":\"Cadeira de Rodas Manual de Conforto Rea Clematis Pro\"}]},{\"@type\":\"WebSite\",\"@id\":\"https:\\\/\\\/www.maisquecuidar.com\\\/loja\\\/#website\",\"url\":\"https:\\\/\\\/www.maisquecuidar.com\\\/loja\\\/\",\"name\":\"Mais que Cuidar\",\"description\":\"Sa\u00fade, Ortopedia e Geriatria\",\"publisher\":{\"@id\":\"https:\\\/\\\/www.maisquecuidar.com\\\/loja\\\/#organization\"},\"potentialAction\":[{\"@type\":\"SearchAction\",\"target\":{\"@type\":\"EntryPoint\",\"urlTemplate\":\"https:\\\/\\\/www.maisquecuidar.com\\\/loja\\\/?s={search_term_string}\"},\"query-input\":{\"@type\":\"PropertyValueSpecification\",\"valueRequired\":true,\"valueName\":\"search_term_string\"}}],\"inLanguage\":\"pt-PT\"},{\"@type\":\"Organization\",\"@id\":\"https:\\\/\\\/www.maisquecuidar.com\\\/loja\\\/#organization\",\"name\":\"Mais Que Cuidar\",\"url\":\"https:\\\/\\\/www.maisquecuidar.com\\\/loja\\\/\",\"logo\":{\"@type\":\"ImageObject\",\"inLanguage\":\"pt-PT\",\"@id\":\"https:\\\/\\\/www.maisquecuidar.com\\\/loja\\\/#\\\/schema\\\/logo\\\/image\\\/\",\"url\":\"https:\\\/\\\/img.maisquecuidar.com\\\/loja\\\/wp-content\\\/uploads\\\/2019\\\/08\\\/logo-mais-que-cuidar-retina.png\",\"contentUrl\":\"https:\\\/\\\/img.maisquecuidar.com\\\/loja\\\/wp-content\\\/uploads\\\/2019\\\/08\\\/logo-mais-que-cuidar-retina.png\",\"width\":565,\"height\":75,\"caption\":\"Mais Que Cuidar\"},\"image\":{\"@id\":\"https:\\\/\\\/www.maisquecuidar.com\\\/loja\\\/#\\\/schema\\\/logo\\\/image\\\/\"},\"sameAs\":[\"https:\\\/\\\/www.facebook.com\\\/maisquecuidar.pt\",\"https:\\\/\\\/www.instagram.com\\\/maisquecuidar\"]}]}<\/script>\n<!-- \/ Yoast SEO plugin. -->","yoast_head_json":{"title":"Cadeira de Rodas Manual de Conforto Rea Clematis Pro - Invacare","description":"Descubra as vantagens da cadeira de rodas Rea Clematis da Invacare ideal para conforto e posicionamento. Marque um teste drive gratuito.","robots":{"index":"index","follow":"follow","max-snippet":"max-snippet:-1","max-image-preview":"max-image-preview:large","max-video-preview":"max-video-preview:-1"},"canonical":"https:\/\/www.maisquecuidar.com\/loja\/mais-mobilidade\/cadeiras-de-rodas\/conforto\/cadeira-de-rodas-de-conforto-rea-clematis","og_locale":"pt_PT","og_type":"article","og_title":"Cadeira de Rodas Manual de Conforto Rea Clematis Pro - Invacare","og_description":"Descubra as vantagens da cadeira de rodas Rea Clematis da Invacare ideal para conforto e posicionamento. Marque um teste drive gratuito.","og_url":"https:\/\/www.maisquecuidar.com\/loja\/mais-mobilidade\/cadeiras-de-rodas\/conforto\/cadeira-de-rodas-de-conforto-rea-clematis","og_site_name":"Mais que Cuidar","article_publisher":"https:\/\/www.facebook.com\/maisquecuidar.pt","article_modified_time":"2026-04-07T17:57:18+00:00","og_image":[{"width":1280,"height":800,"url":"https:\/\/img.maisquecuidar.com\/loja\/wp-content\/uploads\/2017\/01\/rea-clematis-pro-invacare.png","type":"image\/png"}],"twitter_misc":{"Tempo estimado de leitura":"3 minutos"},"schema":{"@context":"https:\/\/schema.org","@graph":[{"@type":"WebPage","@id":"https:\/\/www.maisquecuidar.com\/loja\/mais-mobilidade\/cadeiras-de-rodas\/conforto\/cadeira-de-rodas-de-conforto-rea-clematis","url":"https:\/\/www.maisquecuidar.com\/loja\/mais-mobilidade\/cadeiras-de-rodas\/conforto\/cadeira-de-rodas-de-conforto-rea-clematis","name":"Cadeira de Rodas Manual de Conforto Rea Clematis Pro - Invacare","isPartOf":{"@id":"https:\/\/www.maisquecuidar.com\/loja\/#website"},"primaryImageOfPage":{"@id":"https:\/\/www.maisquecuidar.com\/loja\/mais-mobilidade\/cadeiras-de-rodas\/conforto\/cadeira-de-rodas-de-conforto-rea-clematis#primaryimage"},"image":{"@id":"https:\/\/www.maisquecuidar.com\/loja\/mais-mobilidade\/cadeiras-de-rodas\/conforto\/cadeira-de-rodas-de-conforto-rea-clematis#primaryimage"},"thumbnailUrl":"https:\/\/img.maisquecuidar.com\/loja\/wp-content\/uploads\/2017\/01\/rea-clematis-pro-invacare.png","datePublished":"2017-01-21T17:13:25+00:00","dateModified":"2026-04-07T17:57:18+00:00","description":"Descubra as vantagens da cadeira de rodas Rea Clematis da Invacare ideal para conforto e posicionamento. Marque um teste drive gratuito.","breadcrumb":{"@id":"https:\/\/www.maisquecuidar.com\/loja\/mais-mobilidade\/cadeiras-de-rodas\/conforto\/cadeira-de-rodas-de-conforto-rea-clematis#breadcrumb"},"inLanguage":"pt-PT","potentialAction":[{"@type":"ReadAction","target":["https:\/\/www.maisquecuidar.com\/loja\/mais-mobilidade\/cadeiras-de-rodas\/conforto\/cadeira-de-rodas-de-conforto-rea-clematis"]}]},{"@type":"ImageObject","inLanguage":"pt-PT","@id":"https:\/\/www.maisquecuidar.com\/loja\/mais-mobilidade\/cadeiras-de-rodas\/conforto\/cadeira-de-rodas-de-conforto-rea-clematis#primaryimage","url":"https:\/\/img.maisquecuidar.com\/loja\/wp-content\/uploads\/2017\/01\/rea-clematis-pro-invacare.png","contentUrl":"https:\/\/img.maisquecuidar.com\/loja\/wp-content\/uploads\/2017\/01\/rea-clematis-pro-invacare.png","width":1280,"height":800,"caption":"Rea Clematis Pro da Invacare"},{"@type":"BreadcrumbList","@id":"https:\/\/www.maisquecuidar.com\/loja\/mais-mobilidade\/cadeiras-de-rodas\/conforto\/cadeira-de-rodas-de-conforto-rea-clematis#breadcrumb","itemListElement":[{"@type":"ListItem","position":1,"name":"Home","item":"https:\/\/www.maisquecuidar.com\/loja\/"},{"@type":"ListItem","position":2,"name":"Loja Online de Ortopedia e Geriatria em Portugal","item":"https:\/\/www.maisquecuidar.com\/loja\/loja"},{"@type":"ListItem","position":3,"name":"Mais Mobilidade","item":"https:\/\/www.maisquecuidar.com\/loja\/mais-mobilidade"},{"@type":"ListItem","position":4,"name":"Cadeiras de Rodas","item":"https:\/\/www.maisquecuidar.com\/loja\/mais-mobilidade\/cadeiras-de-rodas"},{"@type":"ListItem","position":5,"name":"Cadeiras de Rodas de Conforto","item":"https:\/\/www.maisquecuidar.com\/loja\/mais-mobilidade\/cadeiras-de-rodas\/conforto"},{"@type":"ListItem","position":6,"name":"Cadeira de Rodas Manual de Conforto Rea Clematis Pro"}]},{"@type":"WebSite","@id":"https:\/\/www.maisquecuidar.com\/loja\/#website","url":"https:\/\/www.maisquecuidar.com\/loja\/","name":"Mais que Cuidar","description":"Sa\u00fade, Ortopedia e Geriatria","publisher":{"@id":"https:\/\/www.maisquecuidar.com\/loja\/#organization"},"potentialAction":[{"@type":"SearchAction","target":{"@type":"EntryPoint","urlTemplate":"https:\/\/www.maisquecuidar.com\/loja\/?s={search_term_string}"},"query-input":{"@type":"PropertyValueSpecification","valueRequired":true,"valueName":"search_term_string"}}],"inLanguage":"pt-PT"},{"@type":"Organization","@id":"https:\/\/www.maisquecuidar.com\/loja\/#organization","name":"Mais Que Cuidar","url":"https:\/\/www.maisquecuidar.com\/loja\/","logo":{"@type":"ImageObject","inLanguage":"pt-PT","@id":"https:\/\/www.maisquecuidar.com\/loja\/#\/schema\/logo\/image\/","url":"https:\/\/img.maisquecuidar.com\/loja\/wp-content\/uploads\/2019\/08\/logo-mais-que-cuidar-retina.png","contentUrl":"https:\/\/img.maisquecuidar.com\/loja\/wp-content\/uploads\/2019\/08\/logo-mais-que-cuidar-retina.png","width":565,"height":75,"caption":"Mais Que Cuidar"},"image":{"@id":"https:\/\/www.maisquecuidar.com\/loja\/#\/schema\/logo\/image\/"},"sameAs":["https:\/\/www.facebook.com\/maisquecuidar.pt","https:\/\/www.instagram.com\/maisquecuidar"]}]}},"_links":{"self":[{"href":"https:\/\/www.maisquecuidar.com\/loja\/wp-json\/wp\/v2\/product\/4915","targetHints":{"allow":["GET"]}}],"collection":[{"href":"https:\/\/www.maisquecuidar.com\/loja\/wp-json\/wp\/v2\/product"}],"about":[{"href":"https:\/\/www.maisquecuidar.com\/loja\/wp-json\/wp\/v2\/types\/product"}],"wp:featuredmedia":[{"embeddable":true,"href":"https:\/\/www.maisquecuidar.com\/loja\/wp-json\/wp\/v2\/media\/14739"}],"wp:attachment":[{"href":"https:\/\/www.maisquecuidar.com\/loja\/wp-json\/wp\/v2\/media?parent=4915"}],"wp:term":[{"taxonomy":"product_brand","embeddable":true,"href":"https:\/\/www.maisquecuidar.com\/loja\/wp-json\/wp\/v2\/product_brand?post=4915"},{"taxonomy":"product_cat","embeddable":true,"href":"https:\/\/www.maisquecuidar.com\/loja\/wp-json\/wp\/v2\/product_cat?post=4915"},{"taxonomy":"product_tag","embeddable":true,"href":"https:\/\/www.maisquecuidar.com\/loja\/wp-json\/wp\/v2\/product_tag?post=4915"}],"curies":[{"name":"wp","href":"https:\/\/api.w.org\/{rel}","templated":true}]}}