{"id":4830,"date":"2017-01-18T17:48:35","date_gmt":"2017-01-18T17:48:35","guid":{"rendered":"https:\/\/www.maisquecuidar.com\/loja\/?post_type=product&#038;p=4830"},"modified":"2026-04-14T20:51:46","modified_gmt":"2026-04-14T19:51:46","slug":"scooter-de-mobilidade-comet-pro","status":"publish","type":"product","link":"https:\/\/www.maisquecuidar.com\/loja\/mais-mobilidade\/scooters-mobilidade\/scooter-de-mobilidade-comet-pro","title":{"rendered":"Scooter El\u00e9trica de Mobilidade Comet Pro"},"content":{"rendered":"<p><strong>Scooter El\u00e9trica de Mobilidade Comet Pro<\/strong><\/p>\n<p>A Comet Pro \u00e9 uma scooter el\u00e9trica de mobilidade maxi, ideal para longas viagens no exterior gra\u00e7as \u00e0s caracter\u00edsticas de seguran\u00e7a avan\u00e7adas e op\u00e7\u00f5es que asseguram uma condu\u00e7\u00e3o r\u00e1pida, poderosa e fi\u00e1vel.<\/p>\n<p>As rodas dianteiras e traseiras de 13\u2019\u2019, combinadas com um sistema de suspens\u00e3o superior nas rodas dianteiras e suspens\u00e3o traseira ajust\u00e1vel, permitem uma passagem por passeios e obst\u00e1culos de uma forma suave e confort\u00e1vel. Adicionalmente, a redu\u00e7\u00e3o autom\u00e1tica da velocidade quando fizer curvas a alta velocidade, confere estabilidade e seguran\u00e7a adicionais.<\/p>\n<p>O volante da scooter el\u00e9trica de mobilidade Comet Pro \u00e9 ergon\u00f3mico j\u00e1 que o tamanho, curvatura e material garantem conforto e estabilidade na condu\u00e7\u00e3o. O ecr\u00e3 LCD \u00e9 de f\u00e1cil compreens\u00e3o e permite-lhe aceder a informa\u00e7\u00f5es como tempos de condu\u00e7\u00e3o, temperatura, estado das baterias, etc e \u00e9 tamb\u00e9m program\u00e1vel.<\/p>\n<p>A coluna de dire\u00e7\u00e3o \u00e9 regul\u00e1vel em \u00e2ngulo para que o utilizador a possa ajustar \u00e0s suas necessidades. O assento Deluxe \u00e9 girat\u00f3rio e deslizante e os apoios de bra\u00e7os regul\u00e1veis em largura.<\/p>\n<p>O sistema de luzes LED inclui a luz de trav\u00e3o clara e brilhante que avisa quando a scooter el\u00e9trica estiver a abrandar. A alavanca de bloqueio duplo previne que a scooter se desengate acidentalmente.<\/p>\n<p>Pode escolher a partir de 10 cores de carenagens e mais de 25 acess\u00f3rios como espelhos retrovisores, suportes para andadeiras e andarilhos, adaptador USB, etc para personalizar a scooter el\u00e9trica ao seu estilo.<\/p>\n<p><strong>A destacar:<\/strong><\/p>\n<ul>\n<li><strong>Suspens\u00e3o avan\u00e7ada:<\/strong> para uma condu\u00e7\u00e3o suave e confort\u00e1vel em pisos irregulares.<\/li>\n<li><strong>Dire\u00e7\u00e3o est\u00e1vel:<\/strong> mant\u00e9m a dire\u00e7\u00e3o est\u00e1vel a altas velocidades para seguran\u00e7a e estabilidade adicional.<\/li>\n<li><strong>Coluna de dire\u00e7\u00e3o regul\u00e1vel:<\/strong> O utilizador pode ajustar a coluna de dire\u00e7\u00e3o \u00e0s suas necessidades.<\/li>\n<li><strong>Volante ergon\u00f3mico<\/strong>: o\u00a0tamanho, curvatura e material do volante garantem conforto e estabiliza\u00e7\u00e3o na condu\u00e7\u00e3o.<\/li>\n<li><strong>Ecr\u00e3 LCD intuitivo<\/strong>: layout de f\u00e1cil compreens\u00e3o para dar total confian\u00e7a e controlo quando conduz.<\/li>\n<li><strong>Luz de travagem:<\/strong> Clara e brilhante avisa quando a scooter est\u00e1 a abrandar.<\/li>\n<\/ul>\n","protected":false},"excerpt":{"rendered":"<p>PROMO\u00c7\u00c3O V\u00c1LIDA DE 15 a 21 DE ABRIL DE 2026<\/p>\n<p><span style=\"font-size: 12pt;\">Quer v\u00e1 ao mercado local, fazer viagens dentro da cidade ou ir mais longe, a nova scooter de mobilidade Comet Pro vai lev\u00e1-lo com conforto, seguran\u00e7a e estilo.<\/span><\/p>\n","protected":false},"featured_media":14722,"template":"","meta":{"_acf_changed":false,"neve_meta_sidebar":"","neve_meta_container":"","neve_meta_enable_content_width":"off","neve_meta_content_width":100,"neve_meta_title_alignment":"","neve_meta_author_avatar":"","neve_post_elements_order":"","neve_meta_disable_header":"","neve_meta_disable_footer":"","neve_meta_disable_title":""},"product_brand":[],"product_cat":[88],"product_tag":[433],"class_list":{"0":"post-4830","1":"product","2":"type-product","3":"status-publish","4":"has-post-thumbnail","6":"product_cat-scooters-mobilidade","7":"product_tag-scooter-de-mobilidade","9":"first","10":"instock","11":"taxable","12":"shipping-taxable","13":"purchasable","14":"product-type-variable"},"acf":[],"yoast_head":"<!-- This site is optimized with the Yoast SEO plugin v27.5 - https:\/\/yoast.com\/product\/yoast-seo-wordpress\/ -->\n<title>Scooter El\u00e9trica de Mobilidade Comet Pro - Mais que Cuidar<\/title>\n<meta name=\"description\" content=\"Conhe\u00e7a a scooter de mobilidade Comet Pro da Invacare recomendada para pessoas com limita\u00e7\u00f5es da mobilidade. Marque um test drive gratuito!\" \/>\n<meta name=\"robots\" content=\"index, follow, max-snippet:-1, max-image-preview:large, max-video-preview:-1\" \/>\n<link rel=\"canonical\" href=\"https:\/\/www.maisquecuidar.com\/loja\/mais-mobilidade\/scooters-mobilidade\/scooter-de-mobilidade-comet-pro\" \/>\n<meta property=\"og:locale\" content=\"pt_PT\" \/>\n<meta property=\"og:type\" content=\"article\" \/>\n<meta property=\"og:title\" content=\"Scooter El\u00e9trica de Mobilidade Comet Pro - Mais que Cuidar\" \/>\n<meta property=\"og:description\" content=\"Conhe\u00e7a a scooter de mobilidade Comet Pro da Invacare recomendada para pessoas com limita\u00e7\u00f5es da mobilidade. Marque um test drive gratuito!\" \/>\n<meta property=\"og:url\" content=\"https:\/\/www.maisquecuidar.com\/loja\/mais-mobilidade\/scooters-mobilidade\/scooter-de-mobilidade-comet-pro\" \/>\n<meta property=\"og:site_name\" content=\"Mais que Cuidar\" \/>\n<meta property=\"article:publisher\" content=\"https:\/\/www.facebook.com\/maisquecuidar.pt\" \/>\n<meta property=\"article:modified_time\" content=\"2026-04-14T19:51:46+00:00\" \/>\n<meta property=\"og:image\" content=\"https:\/\/img.maisquecuidar.com\/loja\/wp-content\/uploads\/2017\/01\/scooter-comet-pro-vermelha.png\" \/>\n\t<meta property=\"og:image:width\" content=\"1280\" \/>\n\t<meta property=\"og:image:height\" content=\"800\" \/>\n\t<meta property=\"og:image:type\" content=\"image\/png\" \/>\n<meta name=\"twitter:label1\" content=\"Tempo estimado de leitura\" \/>\n\t<meta name=\"twitter:data1\" content=\"2 minutos\" \/>\n<script type=\"application\/ld+json\" class=\"yoast-schema-graph\">{\"@context\":\"https:\\\/\\\/schema.org\",\"@graph\":[{\"@type\":\"WebPage\",\"@id\":\"https:\\\/\\\/www.maisquecuidar.com\\\/loja\\\/mais-mobilidade\\\/scooters-mobilidade\\\/scooter-de-mobilidade-comet-pro\",\"url\":\"https:\\\/\\\/www.maisquecuidar.com\\\/loja\\\/mais-mobilidade\\\/scooters-mobilidade\\\/scooter-de-mobilidade-comet-pro\",\"name\":\"Scooter El\u00e9trica de Mobilidade Comet Pro - Mais que Cuidar\",\"isPartOf\":{\"@id\":\"https:\\\/\\\/www.maisquecuidar.com\\\/loja\\\/#website\"},\"primaryImageOfPage\":{\"@id\":\"https:\\\/\\\/www.maisquecuidar.com\\\/loja\\\/mais-mobilidade\\\/scooters-mobilidade\\\/scooter-de-mobilidade-comet-pro#primaryimage\"},\"image\":{\"@id\":\"https:\\\/\\\/www.maisquecuidar.com\\\/loja\\\/mais-mobilidade\\\/scooters-mobilidade\\\/scooter-de-mobilidade-comet-pro#primaryimage\"},\"thumbnailUrl\":\"https:\\\/\\\/img.maisquecuidar.com\\\/loja\\\/wp-content\\\/uploads\\\/2017\\\/01\\\/scooter-comet-pro-vermelha.png\",\"datePublished\":\"2017-01-18T17:48:35+00:00\",\"dateModified\":\"2026-04-14T19:51:46+00:00\",\"description\":\"Conhe\u00e7a a scooter de mobilidade Comet Pro da Invacare recomendada para pessoas com limita\u00e7\u00f5es da mobilidade. Marque um test drive gratuito!\",\"breadcrumb\":{\"@id\":\"https:\\\/\\\/www.maisquecuidar.com\\\/loja\\\/mais-mobilidade\\\/scooters-mobilidade\\\/scooter-de-mobilidade-comet-pro#breadcrumb\"},\"inLanguage\":\"pt-PT\",\"potentialAction\":[{\"@type\":\"ReadAction\",\"target\":[\"https:\\\/\\\/www.maisquecuidar.com\\\/loja\\\/mais-mobilidade\\\/scooters-mobilidade\\\/scooter-de-mobilidade-comet-pro\"]}]},{\"@type\":\"ImageObject\",\"inLanguage\":\"pt-PT\",\"@id\":\"https:\\\/\\\/www.maisquecuidar.com\\\/loja\\\/mais-mobilidade\\\/scooters-mobilidade\\\/scooter-de-mobilidade-comet-pro#primaryimage\",\"url\":\"https:\\\/\\\/img.maisquecuidar.com\\\/loja\\\/wp-content\\\/uploads\\\/2017\\\/01\\\/scooter-comet-pro-vermelha.png\",\"contentUrl\":\"https:\\\/\\\/img.maisquecuidar.com\\\/loja\\\/wp-content\\\/uploads\\\/2017\\\/01\\\/scooter-comet-pro-vermelha.png\",\"width\":1280,\"height\":800,\"caption\":\"Scooter comet pro vermelha\"},{\"@type\":\"BreadcrumbList\",\"@id\":\"https:\\\/\\\/www.maisquecuidar.com\\\/loja\\\/mais-mobilidade\\\/scooters-mobilidade\\\/scooter-de-mobilidade-comet-pro#breadcrumb\",\"itemListElement\":[{\"@type\":\"ListItem\",\"position\":1,\"name\":\"Home\",\"item\":\"https:\\\/\\\/www.maisquecuidar.com\\\/loja\\\/\"},{\"@type\":\"ListItem\",\"position\":2,\"name\":\"Loja Online de Ortopedia e Geriatria em Portugal\",\"item\":\"https:\\\/\\\/www.maisquecuidar.com\\\/loja\\\/loja\"},{\"@type\":\"ListItem\",\"position\":3,\"name\":\"Mais Mobilidade\",\"item\":\"https:\\\/\\\/www.maisquecuidar.com\\\/loja\\\/mais-mobilidade\"},{\"@type\":\"ListItem\",\"position\":4,\"name\":\"Scooters de Mobilidade El\u00e9tricas\",\"item\":\"https:\\\/\\\/www.maisquecuidar.com\\\/loja\\\/mais-mobilidade\\\/scooters-mobilidade\"},{\"@type\":\"ListItem\",\"position\":5,\"name\":\"Scooter El\u00e9trica de Mobilidade Comet Pro\"}]},{\"@type\":\"WebSite\",\"@id\":\"https:\\\/\\\/www.maisquecuidar.com\\\/loja\\\/#website\",\"url\":\"https:\\\/\\\/www.maisquecuidar.com\\\/loja\\\/\",\"name\":\"Mais que Cuidar\",\"description\":\"Sa\u00fade, Ortopedia e Geriatria\",\"publisher\":{\"@id\":\"https:\\\/\\\/www.maisquecuidar.com\\\/loja\\\/#organization\"},\"potentialAction\":[{\"@type\":\"SearchAction\",\"target\":{\"@type\":\"EntryPoint\",\"urlTemplate\":\"https:\\\/\\\/www.maisquecuidar.com\\\/loja\\\/?s={search_term_string}\"},\"query-input\":{\"@type\":\"PropertyValueSpecification\",\"valueRequired\":true,\"valueName\":\"search_term_string\"}}],\"inLanguage\":\"pt-PT\"},{\"@type\":\"Organization\",\"@id\":\"https:\\\/\\\/www.maisquecuidar.com\\\/loja\\\/#organization\",\"name\":\"Mais Que Cuidar\",\"url\":\"https:\\\/\\\/www.maisquecuidar.com\\\/loja\\\/\",\"logo\":{\"@type\":\"ImageObject\",\"inLanguage\":\"pt-PT\",\"@id\":\"https:\\\/\\\/www.maisquecuidar.com\\\/loja\\\/#\\\/schema\\\/logo\\\/image\\\/\",\"url\":\"https:\\\/\\\/img.maisquecuidar.com\\\/loja\\\/wp-content\\\/uploads\\\/2019\\\/08\\\/logo-mais-que-cuidar-retina.png\",\"contentUrl\":\"https:\\\/\\\/img.maisquecuidar.com\\\/loja\\\/wp-content\\\/uploads\\\/2019\\\/08\\\/logo-mais-que-cuidar-retina.png\",\"width\":565,\"height\":75,\"caption\":\"Mais Que Cuidar\"},\"image\":{\"@id\":\"https:\\\/\\\/www.maisquecuidar.com\\\/loja\\\/#\\\/schema\\\/logo\\\/image\\\/\"},\"sameAs\":[\"https:\\\/\\\/www.facebook.com\\\/maisquecuidar.pt\",\"https:\\\/\\\/www.instagram.com\\\/maisquecuidar\"]}]}<\/script>\n<!-- \/ Yoast SEO plugin. -->","yoast_head_json":{"title":"Scooter El\u00e9trica de Mobilidade Comet Pro - Mais que Cuidar","description":"Conhe\u00e7a a scooter de mobilidade Comet Pro da Invacare recomendada para pessoas com limita\u00e7\u00f5es da mobilidade. Marque um test drive gratuito!","robots":{"index":"index","follow":"follow","max-snippet":"max-snippet:-1","max-image-preview":"max-image-preview:large","max-video-preview":"max-video-preview:-1"},"canonical":"https:\/\/www.maisquecuidar.com\/loja\/mais-mobilidade\/scooters-mobilidade\/scooter-de-mobilidade-comet-pro","og_locale":"pt_PT","og_type":"article","og_title":"Scooter El\u00e9trica de Mobilidade Comet Pro - Mais que Cuidar","og_description":"Conhe\u00e7a a scooter de mobilidade Comet Pro da Invacare recomendada para pessoas com limita\u00e7\u00f5es da mobilidade. Marque um test drive gratuito!","og_url":"https:\/\/www.maisquecuidar.com\/loja\/mais-mobilidade\/scooters-mobilidade\/scooter-de-mobilidade-comet-pro","og_site_name":"Mais que Cuidar","article_publisher":"https:\/\/www.facebook.com\/maisquecuidar.pt","article_modified_time":"2026-04-14T19:51:46+00:00","og_image":[{"width":1280,"height":800,"url":"https:\/\/img.maisquecuidar.com\/loja\/wp-content\/uploads\/2017\/01\/scooter-comet-pro-vermelha.png","type":"image\/png"}],"twitter_misc":{"Tempo estimado de leitura":"2 minutos"},"schema":{"@context":"https:\/\/schema.org","@graph":[{"@type":"WebPage","@id":"https:\/\/www.maisquecuidar.com\/loja\/mais-mobilidade\/scooters-mobilidade\/scooter-de-mobilidade-comet-pro","url":"https:\/\/www.maisquecuidar.com\/loja\/mais-mobilidade\/scooters-mobilidade\/scooter-de-mobilidade-comet-pro","name":"Scooter El\u00e9trica de Mobilidade Comet Pro - Mais que Cuidar","isPartOf":{"@id":"https:\/\/www.maisquecuidar.com\/loja\/#website"},"primaryImageOfPage":{"@id":"https:\/\/www.maisquecuidar.com\/loja\/mais-mobilidade\/scooters-mobilidade\/scooter-de-mobilidade-comet-pro#primaryimage"},"image":{"@id":"https:\/\/www.maisquecuidar.com\/loja\/mais-mobilidade\/scooters-mobilidade\/scooter-de-mobilidade-comet-pro#primaryimage"},"thumbnailUrl":"https:\/\/img.maisquecuidar.com\/loja\/wp-content\/uploads\/2017\/01\/scooter-comet-pro-vermelha.png","datePublished":"2017-01-18T17:48:35+00:00","dateModified":"2026-04-14T19:51:46+00:00","description":"Conhe\u00e7a a scooter de mobilidade Comet Pro da Invacare recomendada para pessoas com limita\u00e7\u00f5es da mobilidade. Marque um test drive gratuito!","breadcrumb":{"@id":"https:\/\/www.maisquecuidar.com\/loja\/mais-mobilidade\/scooters-mobilidade\/scooter-de-mobilidade-comet-pro#breadcrumb"},"inLanguage":"pt-PT","potentialAction":[{"@type":"ReadAction","target":["https:\/\/www.maisquecuidar.com\/loja\/mais-mobilidade\/scooters-mobilidade\/scooter-de-mobilidade-comet-pro"]}]},{"@type":"ImageObject","inLanguage":"pt-PT","@id":"https:\/\/www.maisquecuidar.com\/loja\/mais-mobilidade\/scooters-mobilidade\/scooter-de-mobilidade-comet-pro#primaryimage","url":"https:\/\/img.maisquecuidar.com\/loja\/wp-content\/uploads\/2017\/01\/scooter-comet-pro-vermelha.png","contentUrl":"https:\/\/img.maisquecuidar.com\/loja\/wp-content\/uploads\/2017\/01\/scooter-comet-pro-vermelha.png","width":1280,"height":800,"caption":"Scooter comet pro vermelha"},{"@type":"BreadcrumbList","@id":"https:\/\/www.maisquecuidar.com\/loja\/mais-mobilidade\/scooters-mobilidade\/scooter-de-mobilidade-comet-pro#breadcrumb","itemListElement":[{"@type":"ListItem","position":1,"name":"Home","item":"https:\/\/www.maisquecuidar.com\/loja\/"},{"@type":"ListItem","position":2,"name":"Loja Online de Ortopedia e Geriatria em Portugal","item":"https:\/\/www.maisquecuidar.com\/loja\/loja"},{"@type":"ListItem","position":3,"name":"Mais Mobilidade","item":"https:\/\/www.maisquecuidar.com\/loja\/mais-mobilidade"},{"@type":"ListItem","position":4,"name":"Scooters de Mobilidade El\u00e9tricas","item":"https:\/\/www.maisquecuidar.com\/loja\/mais-mobilidade\/scooters-mobilidade"},{"@type":"ListItem","position":5,"name":"Scooter El\u00e9trica de Mobilidade Comet Pro"}]},{"@type":"WebSite","@id":"https:\/\/www.maisquecuidar.com\/loja\/#website","url":"https:\/\/www.maisquecuidar.com\/loja\/","name":"Mais que Cuidar","description":"Sa\u00fade, Ortopedia e Geriatria","publisher":{"@id":"https:\/\/www.maisquecuidar.com\/loja\/#organization"},"potentialAction":[{"@type":"SearchAction","target":{"@type":"EntryPoint","urlTemplate":"https:\/\/www.maisquecuidar.com\/loja\/?s={search_term_string}"},"query-input":{"@type":"PropertyValueSpecification","valueRequired":true,"valueName":"search_term_string"}}],"inLanguage":"pt-PT"},{"@type":"Organization","@id":"https:\/\/www.maisquecuidar.com\/loja\/#organization","name":"Mais Que Cuidar","url":"https:\/\/www.maisquecuidar.com\/loja\/","logo":{"@type":"ImageObject","inLanguage":"pt-PT","@id":"https:\/\/www.maisquecuidar.com\/loja\/#\/schema\/logo\/image\/","url":"https:\/\/img.maisquecuidar.com\/loja\/wp-content\/uploads\/2019\/08\/logo-mais-que-cuidar-retina.png","contentUrl":"https:\/\/img.maisquecuidar.com\/loja\/wp-content\/uploads\/2019\/08\/logo-mais-que-cuidar-retina.png","width":565,"height":75,"caption":"Mais Que Cuidar"},"image":{"@id":"https:\/\/www.maisquecuidar.com\/loja\/#\/schema\/logo\/image\/"},"sameAs":["https:\/\/www.facebook.com\/maisquecuidar.pt","https:\/\/www.instagram.com\/maisquecuidar"]}]}},"_links":{"self":[{"href":"https:\/\/www.maisquecuidar.com\/loja\/wp-json\/wp\/v2\/product\/4830","targetHints":{"allow":["GET"]}}],"collection":[{"href":"https:\/\/www.maisquecuidar.com\/loja\/wp-json\/wp\/v2\/product"}],"about":[{"href":"https:\/\/www.maisquecuidar.com\/loja\/wp-json\/wp\/v2\/types\/product"}],"wp:featuredmedia":[{"embeddable":true,"href":"https:\/\/www.maisquecuidar.com\/loja\/wp-json\/wp\/v2\/media\/14722"}],"wp:attachment":[{"href":"https:\/\/www.maisquecuidar.com\/loja\/wp-json\/wp\/v2\/media?parent=4830"}],"wp:term":[{"taxonomy":"product_brand","embeddable":true,"href":"https:\/\/www.maisquecuidar.com\/loja\/wp-json\/wp\/v2\/product_brand?post=4830"},{"taxonomy":"product_cat","embeddable":true,"href":"https:\/\/www.maisquecuidar.com\/loja\/wp-json\/wp\/v2\/product_cat?post=4830"},{"taxonomy":"product_tag","embeddable":true,"href":"https:\/\/www.maisquecuidar.com\/loja\/wp-json\/wp\/v2\/product_tag?post=4830"}],"curies":[{"name":"wp","href":"https:\/\/api.w.org\/{rel}","templated":true}]}}