{"id":4823,"date":"2017-01-18T17:25:14","date_gmt":"2017-01-18T17:25:14","guid":{"rendered":"https:\/\/www.maisquecuidar.com\/loja\/?post_type=product&#038;p=4823"},"modified":"2026-03-18T11:53:03","modified_gmt":"2026-03-18T11:53:03","slug":"scooter-de-mobilidade-orion-metro","status":"publish","type":"product","link":"https:\/\/www.maisquecuidar.com\/loja\/mais-mobilidade\/scooters-mobilidade\/scooter-de-mobilidade-orion-metro","title":{"rendered":"Scooter El\u00e9trica de Mobilidade Orion Metro Invacare"},"content":{"rendered":"<p><strong>Scooter El\u00e9trica de Mobilidade Orion Metro Invacare<\/strong><\/p>\n<p>A scooter el\u00e9trica de mobilidade Orion Metro \u00e9 a escolha ideal para viagens r\u00e1pidas para ir ao encontro dos amigos para almo\u00e7o ou para uma curta viagem ao mercado local. \u00c9 a combina\u00e7\u00e3o perfeita de conforto, seguran\u00e7a e fiabilidade.<\/p>\n<p>O sistema de suspens\u00e3o foi desenvolvido para que a scooter el\u00e9trica circule diariamente em v\u00e1rios tipos de pisos permitindo que o utilizador relaxe e desfrute de uma viagem controlada e confort\u00e1vel. O seu motor poderoso combinado com as rodas pneum\u00e1ticas de 11\u2019\u2019 v\u00e3o lev\u00e1-lo de forma suave e segura por entre os obst\u00e1culos ou terrenos irregulares.<\/p>\n<p>A Orion Metro \u00e9 equipada com um sistema eletr\u00f3nico de redu\u00e7\u00e3o autom\u00e1tica da velocidade em curvas para maior seguran\u00e7a e manobras mais confort\u00e1veis. A coluna de dire\u00e7\u00e3o \u00e9 ajust\u00e1vel em \u00e2ngulo, o volante ergon\u00f3mico e o assento girat\u00f3rio e deslizante para facilitar as transfer\u00eancias.<\/p>\n<p>Os apoios de bra\u00e7os s\u00e3o regul\u00e1veis em largura e \u00e2ngulo e incorpora ainda um sistema de luzes LED.<\/p>\n<p>Escolha a partir de 10 cores de carenagens e mais de 25 acess\u00f3rios como espelhos retrovisores, suportes para andadeiras e andarilhos, adaptador USB, etc para personalizar a scooter el\u00e9trica de mobilidade ao seu estilo.<\/p>\n<p><strong>Em destaque:<\/strong><\/p>\n<ul>\n<li><strong>Coluna de dire\u00e7\u00e3o ajust\u00e1vel<\/strong>: o\u00a0utilizador pode ajustar a coluna de dire\u00e7\u00e3o \u00e0s suas necessidades.<\/li>\n<li><strong>Volante ergon\u00f3mico<\/strong>: o\u00a0tamanho, curvatura e material do volante garantem conforto e estabiliza\u00e7\u00e3o na condu\u00e7\u00e3o.<\/li>\n<li><strong>Trav\u00e3o de m\u00e3o<\/strong>: garante uma travagem imediata se necess\u00e1rio.<\/li>\n<li><strong>Luz de travagem<\/strong>: clara e brilhante, avisa quando a scooter abranda.<\/li>\n<li><strong>Alavanca de bloqueio duplo<\/strong>: previne que a scooter se desengate acidentalmente.<\/li>\n<li><strong>Redu\u00e7\u00e3o autom\u00e1tica de velocidade<\/strong>: reduz a velocidade nas curvas para uma seguran\u00e7a adicional.<\/li>\n<\/ul>\n<p>&nbsp;<\/p>\n","protected":false},"excerpt":{"rendered":"<p>PROMO\u00c7\u00c3O V\u00c1LIDA DE 18 a 24 DE MAR\u00c7O DE 2026<\/p>\n","protected":false},"featured_media":14725,"template":"","meta":{"_acf_changed":false,"neve_meta_sidebar":"","neve_meta_container":"","neve_meta_enable_content_width":"off","neve_meta_content_width":100,"neve_meta_title_alignment":"","neve_meta_author_avatar":"","neve_post_elements_order":"","neve_meta_disable_header":"","neve_meta_disable_footer":"","neve_meta_disable_title":""},"product_brand":[],"product_cat":[88],"product_tag":[433],"class_list":{"0":"post-4823","1":"product","2":"type-product","3":"status-publish","4":"has-post-thumbnail","6":"product_cat-scooters-mobilidade","7":"product_tag-scooter-de-mobilidade","9":"first","10":"instock","11":"taxable","12":"shipping-taxable","13":"purchasable","14":"product-type-variable"},"acf":[],"yoast_head":"<!-- This site is optimized with the Yoast SEO plugin v27.5 - https:\/\/yoast.com\/product\/yoast-seo-wordpress\/ -->\n<title>Scooter El\u00e9trica de Mobilidade Orion Metro Invacare - Mais que Cuidar<\/title>\n<meta name=\"description\" content=\"Conhe\u00e7a as vantagens da scooter de mobilidade Orion Metro da Invacare recomendada para idosos com mobilidade reduzida. Marque uma demonstra\u00e7\u00e3o gratuita.\" \/>\n<meta name=\"robots\" content=\"index, follow, max-snippet:-1, max-image-preview:large, max-video-preview:-1\" \/>\n<link rel=\"canonical\" href=\"https:\/\/www.maisquecuidar.com\/loja\/mais-mobilidade\/scooters-mobilidade\/scooter-de-mobilidade-orion-metro\" \/>\n<meta property=\"og:locale\" content=\"pt_PT\" \/>\n<meta property=\"og:type\" content=\"article\" \/>\n<meta property=\"og:title\" content=\"Scooter El\u00e9trica de Mobilidade Orion Metro Invacare - Mais que Cuidar\" \/>\n<meta property=\"og:description\" content=\"Conhe\u00e7a as vantagens da scooter de mobilidade Orion Metro da Invacare recomendada para idosos com mobilidade reduzida. Marque uma demonstra\u00e7\u00e3o gratuita.\" \/>\n<meta property=\"og:url\" content=\"https:\/\/www.maisquecuidar.com\/loja\/mais-mobilidade\/scooters-mobilidade\/scooter-de-mobilidade-orion-metro\" \/>\n<meta property=\"og:site_name\" content=\"Mais que Cuidar\" \/>\n<meta property=\"article:publisher\" content=\"https:\/\/www.facebook.com\/maisquecuidar.pt\" \/>\n<meta property=\"article:modified_time\" content=\"2026-03-18T11:53:03+00:00\" \/>\n<meta property=\"og:image\" content=\"https:\/\/img.maisquecuidar.com\/loja\/wp-content\/uploads\/2017\/01\/scooter-orion-metro.png\" \/>\n\t<meta property=\"og:image:width\" content=\"1280\" \/>\n\t<meta property=\"og:image:height\" content=\"800\" \/>\n\t<meta property=\"og:image:type\" content=\"image\/png\" \/>\n<meta name=\"twitter:label1\" content=\"Tempo estimado de leitura\" \/>\n\t<meta name=\"twitter:data1\" content=\"2 minutos\" \/>\n<script type=\"application\/ld+json\" class=\"yoast-schema-graph\">{\"@context\":\"https:\\\/\\\/schema.org\",\"@graph\":[{\"@type\":\"WebPage\",\"@id\":\"https:\\\/\\\/www.maisquecuidar.com\\\/loja\\\/mais-mobilidade\\\/scooters-mobilidade\\\/scooter-de-mobilidade-orion-metro\",\"url\":\"https:\\\/\\\/www.maisquecuidar.com\\\/loja\\\/mais-mobilidade\\\/scooters-mobilidade\\\/scooter-de-mobilidade-orion-metro\",\"name\":\"Scooter El\u00e9trica de Mobilidade Orion Metro Invacare - Mais que Cuidar\",\"isPartOf\":{\"@id\":\"https:\\\/\\\/www.maisquecuidar.com\\\/loja\\\/#website\"},\"primaryImageOfPage\":{\"@id\":\"https:\\\/\\\/www.maisquecuidar.com\\\/loja\\\/mais-mobilidade\\\/scooters-mobilidade\\\/scooter-de-mobilidade-orion-metro#primaryimage\"},\"image\":{\"@id\":\"https:\\\/\\\/www.maisquecuidar.com\\\/loja\\\/mais-mobilidade\\\/scooters-mobilidade\\\/scooter-de-mobilidade-orion-metro#primaryimage\"},\"thumbnailUrl\":\"https:\\\/\\\/img.maisquecuidar.com\\\/loja\\\/wp-content\\\/uploads\\\/2017\\\/01\\\/scooter-orion-metro.png\",\"datePublished\":\"2017-01-18T17:25:14+00:00\",\"dateModified\":\"2026-03-18T11:53:03+00:00\",\"description\":\"Conhe\u00e7a as vantagens da scooter de mobilidade Orion Metro da Invacare recomendada para idosos com mobilidade reduzida. Marque uma demonstra\u00e7\u00e3o gratuita.\",\"breadcrumb\":{\"@id\":\"https:\\\/\\\/www.maisquecuidar.com\\\/loja\\\/mais-mobilidade\\\/scooters-mobilidade\\\/scooter-de-mobilidade-orion-metro#breadcrumb\"},\"inLanguage\":\"pt-PT\",\"potentialAction\":[{\"@type\":\"ReadAction\",\"target\":[\"https:\\\/\\\/www.maisquecuidar.com\\\/loja\\\/mais-mobilidade\\\/scooters-mobilidade\\\/scooter-de-mobilidade-orion-metro\"]}]},{\"@type\":\"ImageObject\",\"inLanguage\":\"pt-PT\",\"@id\":\"https:\\\/\\\/www.maisquecuidar.com\\\/loja\\\/mais-mobilidade\\\/scooters-mobilidade\\\/scooter-de-mobilidade-orion-metro#primaryimage\",\"url\":\"https:\\\/\\\/img.maisquecuidar.com\\\/loja\\\/wp-content\\\/uploads\\\/2017\\\/01\\\/scooter-orion-metro.png\",\"contentUrl\":\"https:\\\/\\\/img.maisquecuidar.com\\\/loja\\\/wp-content\\\/uploads\\\/2017\\\/01\\\/scooter-orion-metro.png\",\"width\":1280,\"height\":800,\"caption\":\"Scooter de mobilidade orion metro\"},{\"@type\":\"BreadcrumbList\",\"@id\":\"https:\\\/\\\/www.maisquecuidar.com\\\/loja\\\/mais-mobilidade\\\/scooters-mobilidade\\\/scooter-de-mobilidade-orion-metro#breadcrumb\",\"itemListElement\":[{\"@type\":\"ListItem\",\"position\":1,\"name\":\"Home\",\"item\":\"https:\\\/\\\/www.maisquecuidar.com\\\/loja\\\/\"},{\"@type\":\"ListItem\",\"position\":2,\"name\":\"Loja Online de Ortopedia e Geriatria em Portugal\",\"item\":\"https:\\\/\\\/www.maisquecuidar.com\\\/loja\\\/loja\"},{\"@type\":\"ListItem\",\"position\":3,\"name\":\"Mais Mobilidade\",\"item\":\"https:\\\/\\\/www.maisquecuidar.com\\\/loja\\\/mais-mobilidade\"},{\"@type\":\"ListItem\",\"position\":4,\"name\":\"Scooters de Mobilidade El\u00e9tricas\",\"item\":\"https:\\\/\\\/www.maisquecuidar.com\\\/loja\\\/mais-mobilidade\\\/scooters-mobilidade\"},{\"@type\":\"ListItem\",\"position\":5,\"name\":\"Scooter El\u00e9trica de Mobilidade Orion Metro Invacare\"}]},{\"@type\":\"WebSite\",\"@id\":\"https:\\\/\\\/www.maisquecuidar.com\\\/loja\\\/#website\",\"url\":\"https:\\\/\\\/www.maisquecuidar.com\\\/loja\\\/\",\"name\":\"Mais que Cuidar\",\"description\":\"Sa\u00fade, Ortopedia e Geriatria\",\"publisher\":{\"@id\":\"https:\\\/\\\/www.maisquecuidar.com\\\/loja\\\/#organization\"},\"potentialAction\":[{\"@type\":\"SearchAction\",\"target\":{\"@type\":\"EntryPoint\",\"urlTemplate\":\"https:\\\/\\\/www.maisquecuidar.com\\\/loja\\\/?s={search_term_string}\"},\"query-input\":{\"@type\":\"PropertyValueSpecification\",\"valueRequired\":true,\"valueName\":\"search_term_string\"}}],\"inLanguage\":\"pt-PT\"},{\"@type\":\"Organization\",\"@id\":\"https:\\\/\\\/www.maisquecuidar.com\\\/loja\\\/#organization\",\"name\":\"Mais Que Cuidar\",\"url\":\"https:\\\/\\\/www.maisquecuidar.com\\\/loja\\\/\",\"logo\":{\"@type\":\"ImageObject\",\"inLanguage\":\"pt-PT\",\"@id\":\"https:\\\/\\\/www.maisquecuidar.com\\\/loja\\\/#\\\/schema\\\/logo\\\/image\\\/\",\"url\":\"https:\\\/\\\/img.maisquecuidar.com\\\/loja\\\/wp-content\\\/uploads\\\/2019\\\/08\\\/logo-mais-que-cuidar-retina.png\",\"contentUrl\":\"https:\\\/\\\/img.maisquecuidar.com\\\/loja\\\/wp-content\\\/uploads\\\/2019\\\/08\\\/logo-mais-que-cuidar-retina.png\",\"width\":565,\"height\":75,\"caption\":\"Mais Que Cuidar\"},\"image\":{\"@id\":\"https:\\\/\\\/www.maisquecuidar.com\\\/loja\\\/#\\\/schema\\\/logo\\\/image\\\/\"},\"sameAs\":[\"https:\\\/\\\/www.facebook.com\\\/maisquecuidar.pt\",\"https:\\\/\\\/www.instagram.com\\\/maisquecuidar\"]}]}<\/script>\n<!-- \/ Yoast SEO plugin. -->","yoast_head_json":{"title":"Scooter El\u00e9trica de Mobilidade Orion Metro Invacare - Mais que Cuidar","description":"Conhe\u00e7a as vantagens da scooter de mobilidade Orion Metro da Invacare recomendada para idosos com mobilidade reduzida. Marque uma demonstra\u00e7\u00e3o gratuita.","robots":{"index":"index","follow":"follow","max-snippet":"max-snippet:-1","max-image-preview":"max-image-preview:large","max-video-preview":"max-video-preview:-1"},"canonical":"https:\/\/www.maisquecuidar.com\/loja\/mais-mobilidade\/scooters-mobilidade\/scooter-de-mobilidade-orion-metro","og_locale":"pt_PT","og_type":"article","og_title":"Scooter El\u00e9trica de Mobilidade Orion Metro Invacare - Mais que Cuidar","og_description":"Conhe\u00e7a as vantagens da scooter de mobilidade Orion Metro da Invacare recomendada para idosos com mobilidade reduzida. Marque uma demonstra\u00e7\u00e3o gratuita.","og_url":"https:\/\/www.maisquecuidar.com\/loja\/mais-mobilidade\/scooters-mobilidade\/scooter-de-mobilidade-orion-metro","og_site_name":"Mais que Cuidar","article_publisher":"https:\/\/www.facebook.com\/maisquecuidar.pt","article_modified_time":"2026-03-18T11:53:03+00:00","og_image":[{"width":1280,"height":800,"url":"https:\/\/img.maisquecuidar.com\/loja\/wp-content\/uploads\/2017\/01\/scooter-orion-metro.png","type":"image\/png"}],"twitter_misc":{"Tempo estimado de leitura":"2 minutos"},"schema":{"@context":"https:\/\/schema.org","@graph":[{"@type":"WebPage","@id":"https:\/\/www.maisquecuidar.com\/loja\/mais-mobilidade\/scooters-mobilidade\/scooter-de-mobilidade-orion-metro","url":"https:\/\/www.maisquecuidar.com\/loja\/mais-mobilidade\/scooters-mobilidade\/scooter-de-mobilidade-orion-metro","name":"Scooter El\u00e9trica de Mobilidade Orion Metro Invacare - Mais que Cuidar","isPartOf":{"@id":"https:\/\/www.maisquecuidar.com\/loja\/#website"},"primaryImageOfPage":{"@id":"https:\/\/www.maisquecuidar.com\/loja\/mais-mobilidade\/scooters-mobilidade\/scooter-de-mobilidade-orion-metro#primaryimage"},"image":{"@id":"https:\/\/www.maisquecuidar.com\/loja\/mais-mobilidade\/scooters-mobilidade\/scooter-de-mobilidade-orion-metro#primaryimage"},"thumbnailUrl":"https:\/\/img.maisquecuidar.com\/loja\/wp-content\/uploads\/2017\/01\/scooter-orion-metro.png","datePublished":"2017-01-18T17:25:14+00:00","dateModified":"2026-03-18T11:53:03+00:00","description":"Conhe\u00e7a as vantagens da scooter de mobilidade Orion Metro da Invacare recomendada para idosos com mobilidade reduzida. Marque uma demonstra\u00e7\u00e3o gratuita.","breadcrumb":{"@id":"https:\/\/www.maisquecuidar.com\/loja\/mais-mobilidade\/scooters-mobilidade\/scooter-de-mobilidade-orion-metro#breadcrumb"},"inLanguage":"pt-PT","potentialAction":[{"@type":"ReadAction","target":["https:\/\/www.maisquecuidar.com\/loja\/mais-mobilidade\/scooters-mobilidade\/scooter-de-mobilidade-orion-metro"]}]},{"@type":"ImageObject","inLanguage":"pt-PT","@id":"https:\/\/www.maisquecuidar.com\/loja\/mais-mobilidade\/scooters-mobilidade\/scooter-de-mobilidade-orion-metro#primaryimage","url":"https:\/\/img.maisquecuidar.com\/loja\/wp-content\/uploads\/2017\/01\/scooter-orion-metro.png","contentUrl":"https:\/\/img.maisquecuidar.com\/loja\/wp-content\/uploads\/2017\/01\/scooter-orion-metro.png","width":1280,"height":800,"caption":"Scooter de mobilidade orion metro"},{"@type":"BreadcrumbList","@id":"https:\/\/www.maisquecuidar.com\/loja\/mais-mobilidade\/scooters-mobilidade\/scooter-de-mobilidade-orion-metro#breadcrumb","itemListElement":[{"@type":"ListItem","position":1,"name":"Home","item":"https:\/\/www.maisquecuidar.com\/loja\/"},{"@type":"ListItem","position":2,"name":"Loja Online de Ortopedia e Geriatria em Portugal","item":"https:\/\/www.maisquecuidar.com\/loja\/loja"},{"@type":"ListItem","position":3,"name":"Mais Mobilidade","item":"https:\/\/www.maisquecuidar.com\/loja\/mais-mobilidade"},{"@type":"ListItem","position":4,"name":"Scooters de Mobilidade El\u00e9tricas","item":"https:\/\/www.maisquecuidar.com\/loja\/mais-mobilidade\/scooters-mobilidade"},{"@type":"ListItem","position":5,"name":"Scooter El\u00e9trica de Mobilidade Orion Metro Invacare"}]},{"@type":"WebSite","@id":"https:\/\/www.maisquecuidar.com\/loja\/#website","url":"https:\/\/www.maisquecuidar.com\/loja\/","name":"Mais que Cuidar","description":"Sa\u00fade, Ortopedia e Geriatria","publisher":{"@id":"https:\/\/www.maisquecuidar.com\/loja\/#organization"},"potentialAction":[{"@type":"SearchAction","target":{"@type":"EntryPoint","urlTemplate":"https:\/\/www.maisquecuidar.com\/loja\/?s={search_term_string}"},"query-input":{"@type":"PropertyValueSpecification","valueRequired":true,"valueName":"search_term_string"}}],"inLanguage":"pt-PT"},{"@type":"Organization","@id":"https:\/\/www.maisquecuidar.com\/loja\/#organization","name":"Mais Que Cuidar","url":"https:\/\/www.maisquecuidar.com\/loja\/","logo":{"@type":"ImageObject","inLanguage":"pt-PT","@id":"https:\/\/www.maisquecuidar.com\/loja\/#\/schema\/logo\/image\/","url":"https:\/\/img.maisquecuidar.com\/loja\/wp-content\/uploads\/2019\/08\/logo-mais-que-cuidar-retina.png","contentUrl":"https:\/\/img.maisquecuidar.com\/loja\/wp-content\/uploads\/2019\/08\/logo-mais-que-cuidar-retina.png","width":565,"height":75,"caption":"Mais Que Cuidar"},"image":{"@id":"https:\/\/www.maisquecuidar.com\/loja\/#\/schema\/logo\/image\/"},"sameAs":["https:\/\/www.facebook.com\/maisquecuidar.pt","https:\/\/www.instagram.com\/maisquecuidar"]}]}},"_links":{"self":[{"href":"https:\/\/www.maisquecuidar.com\/loja\/wp-json\/wp\/v2\/product\/4823","targetHints":{"allow":["GET"]}}],"collection":[{"href":"https:\/\/www.maisquecuidar.com\/loja\/wp-json\/wp\/v2\/product"}],"about":[{"href":"https:\/\/www.maisquecuidar.com\/loja\/wp-json\/wp\/v2\/types\/product"}],"wp:featuredmedia":[{"embeddable":true,"href":"https:\/\/www.maisquecuidar.com\/loja\/wp-json\/wp\/v2\/media\/14725"}],"wp:attachment":[{"href":"https:\/\/www.maisquecuidar.com\/loja\/wp-json\/wp\/v2\/media?parent=4823"}],"wp:term":[{"taxonomy":"product_brand","embeddable":true,"href":"https:\/\/www.maisquecuidar.com\/loja\/wp-json\/wp\/v2\/product_brand?post=4823"},{"taxonomy":"product_cat","embeddable":true,"href":"https:\/\/www.maisquecuidar.com\/loja\/wp-json\/wp\/v2\/product_cat?post=4823"},{"taxonomy":"product_tag","embeddable":true,"href":"https:\/\/www.maisquecuidar.com\/loja\/wp-json\/wp\/v2\/product_tag?post=4823"}],"curies":[{"name":"wp","href":"https:\/\/api.w.org\/{rel}","templated":true}]}}