{"id":4817,"date":"2017-01-18T16:08:23","date_gmt":"2017-01-18T16:08:23","guid":{"rendered":"https:\/\/www.maisquecuidar.com\/loja\/?post_type=product&#038;p=4817"},"modified":"2026-05-05T21:12:55","modified_gmt":"2026-05-05T20:12:55","slug":"scooter-de-mobilidade-leo","status":"publish","type":"product","link":"https:\/\/www.maisquecuidar.com\/loja\/mais-mobilidade\/scooters-mobilidade\/scooter-de-mobilidade-leo","title":{"rendered":"Scooter El\u00e9trica de Mobilidade Leo Invacare"},"content":{"rendered":"<p><strong>Scooter El\u00e9trica de Mobilidade Leo Invacare<\/strong><\/p>\n<p>\u00c9 ideal para todos os que procuram maior autonomia, seguran\u00e7a e independ\u00eancia no dia-a-dia.<\/p>\n<p>Oferece uma experi\u00eancia de condu\u00e7\u00e3o segura e tranquila sendo simples de controlar a f\u00e1cil de manobrar.<\/p>\n<p><strong>Pode ser desmontada em 5 partes<\/strong> e sem recurso a ferramentas, o assento \u00e9 girat\u00f3rio, regul\u00e1vel em profundidade e os apoios de bra\u00e7os rebat\u00edveis para facilitar as transfer\u00eancias.<\/p>\n<p>A <strong>coluna de condu\u00e7\u00e3o<\/strong> desta scooter el\u00e9trica \u00e9 regul\u00e1vel para se ajustar facilmente \u00e0s dimens\u00f5es do utilizador, o<strong> sistema inteligente de luzes<\/strong> indicadoras desliga-se automaticamente e inclui uma luz de stop traseira para uma condu\u00e7\u00e3o segura. O sistema de luzes foi ainda projetado para no caso de alguma avaria, as restantes luzes continuarem a funcionar.<\/p>\n<p>A scooter de mobilidade Leo <strong>\u00e9 resistente e fi\u00e1vel gra\u00e7as \u00e0 pot\u00eancia e eletr\u00f3nica de elevada qualidade.<\/strong> A prote\u00e7\u00e3o anti corros\u00e3o garante o correto funcionamento a longo prazo e a alavanca de bloqueio duplo para prevenir que a scooter se desengate acidentalmente.<\/p>\n<p>Est\u00e1 dispon\u00edvel em 2 cores (Azul e vermelho) e v\u00e1rios acess\u00f3rios (com custo adicional) como suporte de bengala e canadiana, espelho retrovisor, capa protetora, para-brisas, etc.<\/p>\n<p><strong>Em Destaque:<\/strong><\/p>\n<ul>\n<li><strong>Coluna de dire\u00e7\u00e3o regul\u00e1vel:<\/strong> os utilizadores podem ajustar facilmente a posi\u00e7\u00e3o.<\/li>\n<li><strong>Assento confort\u00e1vel:<\/strong> o\u00a0assento \u00e9 girat\u00f3rio e regul\u00e1vel em profundidade. Os apoios de bra\u00e7os s\u00e3o rebat\u00edveis.<\/li>\n<li><strong>Protec\u00e7\u00e3o anti salpicos integrada:<\/strong> para proteger a eletr\u00f3nica e os eixos do motor da \u00e1gua e da sujidade.<\/li>\n<li><strong>Desmonta-se em 5 partes:<\/strong> sem ferramentas, facilmente se desmonta a Leo.<\/li>\n<li><strong>Alavanca de bloqueio duplo:<\/strong> previne que a scooter se desengate acidentalmente.<\/li>\n<li><strong>Luz de stop:<\/strong> as luzes traseiras acendem ao travar e ao abrandar de forma a evitar colis\u00f5es com outros utilizadores da via.<\/li>\n<li><strong>Dispon\u00edvel para venda e aluguer:<\/strong> para informa\u00e7\u00f5es sobre o servi\u00e7o de aluguer <a href=\"https:\/\/www.maisquecuidar.com\/aluguer\/scooters\/scooter-midi\" target=\"_blank\" rel=\"noopener\">clique aqui<\/a>.<\/li>\n<\/ul>\n<p>&nbsp;<\/p>\n<p>Fazemos demonstra\u00e7\u00f5es e teste drive nas nossas lojas ou ao domicilio. Solicite informa\u00e7\u00f5es pela nossa linha de apoio 210819755.<\/p>\n","protected":false},"excerpt":{"rendered":"<p>PROMO\u00c7\u00c3O V\u00c1LIDA DE 06 a 12 DE MAIO DE 2026<\/p>\n<p>Scooter de mobilidade el\u00e9trica com autonomia at\u00e9 36 km.<\/p>\n","protected":false},"featured_media":16140,"template":"","meta":{"_acf_changed":false,"neve_meta_sidebar":"","neve_meta_container":"","neve_meta_enable_content_width":"off","neve_meta_content_width":100,"neve_meta_title_alignment":"","neve_meta_author_avatar":"","neve_post_elements_order":"","neve_meta_disable_header":"","neve_meta_disable_footer":"","neve_meta_disable_title":""},"product_brand":[],"product_cat":[88],"product_tag":[433],"class_list":{"0":"post-4817","1":"product","2":"type-product","3":"status-publish","4":"has-post-thumbnail","6":"product_cat-scooters-mobilidade","7":"product_tag-scooter-de-mobilidade","9":"first","10":"instock","11":"sale","12":"taxable","13":"shipping-taxable","14":"purchasable","15":"product-type-variable"},"acf":[],"yoast_head":"<!-- This site is optimized with the Yoast SEO plugin v27.5 - https:\/\/yoast.com\/product\/yoast-seo-wordpress\/ -->\n<title>Scooter de Mobilidade Leo Invacare - Mais que Cuidar<\/title>\n<meta name=\"description\" content=\"A scooter de mobilidade Leo da Invacare \u00e9 resistente e fi\u00e1vel gra\u00e7as \u00e0 pot\u00eancia e eletr\u00f3nica de elevada qualidade. Proporciona seguran\u00e7a e autonomia!\" \/>\n<meta name=\"robots\" content=\"index, follow, max-snippet:-1, max-image-preview:large, max-video-preview:-1\" \/>\n<link rel=\"canonical\" href=\"https:\/\/www.maisquecuidar.com\/loja\/mais-mobilidade\/scooters-mobilidade\/scooter-de-mobilidade-leo\" \/>\n<meta property=\"og:locale\" content=\"pt_PT\" \/>\n<meta property=\"og:type\" content=\"article\" \/>\n<meta property=\"og:title\" content=\"Scooter de Mobilidade Leo Invacare - Mais que Cuidar\" \/>\n<meta property=\"og:description\" content=\"A scooter de mobilidade Leo da Invacare \u00e9 resistente e fi\u00e1vel gra\u00e7as \u00e0 pot\u00eancia e eletr\u00f3nica de elevada qualidade. Proporciona seguran\u00e7a e autonomia!\" \/>\n<meta property=\"og:url\" content=\"https:\/\/www.maisquecuidar.com\/loja\/mais-mobilidade\/scooters-mobilidade\/scooter-de-mobilidade-leo\" \/>\n<meta property=\"og:site_name\" content=\"Mais que Cuidar\" \/>\n<meta property=\"article:publisher\" content=\"https:\/\/www.facebook.com\/maisquecuidar.pt\" \/>\n<meta property=\"article:modified_time\" content=\"2026-05-05T20:12:55+00:00\" \/>\n<meta property=\"og:image\" content=\"https:\/\/img.maisquecuidar.com\/loja\/wp-content\/uploads\/2017\/01\/scooter-leo-vermelha.png\" \/>\n\t<meta property=\"og:image:width\" content=\"1280\" \/>\n\t<meta property=\"og:image:height\" content=\"800\" \/>\n\t<meta property=\"og:image:type\" content=\"image\/png\" \/>\n<meta name=\"twitter:label1\" content=\"Tempo estimado de leitura\" \/>\n\t<meta name=\"twitter:data1\" content=\"2 minutos\" \/>\n<script type=\"application\/ld+json\" class=\"yoast-schema-graph\">{\"@context\":\"https:\\\/\\\/schema.org\",\"@graph\":[{\"@type\":\"WebPage\",\"@id\":\"https:\\\/\\\/www.maisquecuidar.com\\\/loja\\\/mais-mobilidade\\\/scooters-mobilidade\\\/scooter-de-mobilidade-leo\",\"url\":\"https:\\\/\\\/www.maisquecuidar.com\\\/loja\\\/mais-mobilidade\\\/scooters-mobilidade\\\/scooter-de-mobilidade-leo\",\"name\":\"Scooter de Mobilidade Leo Invacare - Mais que Cuidar\",\"isPartOf\":{\"@id\":\"https:\\\/\\\/www.maisquecuidar.com\\\/loja\\\/#website\"},\"primaryImageOfPage\":{\"@id\":\"https:\\\/\\\/www.maisquecuidar.com\\\/loja\\\/mais-mobilidade\\\/scooters-mobilidade\\\/scooter-de-mobilidade-leo#primaryimage\"},\"image\":{\"@id\":\"https:\\\/\\\/www.maisquecuidar.com\\\/loja\\\/mais-mobilidade\\\/scooters-mobilidade\\\/scooter-de-mobilidade-leo#primaryimage\"},\"thumbnailUrl\":\"https:\\\/\\\/img.maisquecuidar.com\\\/loja\\\/wp-content\\\/uploads\\\/2017\\\/01\\\/scooter-leo-vermelha.png\",\"datePublished\":\"2017-01-18T16:08:23+00:00\",\"dateModified\":\"2026-05-05T20:12:55+00:00\",\"description\":\"A scooter de mobilidade Leo da Invacare \u00e9 resistente e fi\u00e1vel gra\u00e7as \u00e0 pot\u00eancia e eletr\u00f3nica de elevada qualidade. Proporciona seguran\u00e7a e autonomia!\",\"breadcrumb\":{\"@id\":\"https:\\\/\\\/www.maisquecuidar.com\\\/loja\\\/mais-mobilidade\\\/scooters-mobilidade\\\/scooter-de-mobilidade-leo#breadcrumb\"},\"inLanguage\":\"pt-PT\",\"potentialAction\":[{\"@type\":\"ReadAction\",\"target\":[\"https:\\\/\\\/www.maisquecuidar.com\\\/loja\\\/mais-mobilidade\\\/scooters-mobilidade\\\/scooter-de-mobilidade-leo\"]}]},{\"@type\":\"ImageObject\",\"inLanguage\":\"pt-PT\",\"@id\":\"https:\\\/\\\/www.maisquecuidar.com\\\/loja\\\/mais-mobilidade\\\/scooters-mobilidade\\\/scooter-de-mobilidade-leo#primaryimage\",\"url\":\"https:\\\/\\\/img.maisquecuidar.com\\\/loja\\\/wp-content\\\/uploads\\\/2017\\\/01\\\/scooter-leo-vermelha.png\",\"contentUrl\":\"https:\\\/\\\/img.maisquecuidar.com\\\/loja\\\/wp-content\\\/uploads\\\/2017\\\/01\\\/scooter-leo-vermelha.png\",\"width\":1280,\"height\":800,\"caption\":\"Scooter el\u00e9ctrica da Invacare Leo em vermelho\"},{\"@type\":\"BreadcrumbList\",\"@id\":\"https:\\\/\\\/www.maisquecuidar.com\\\/loja\\\/mais-mobilidade\\\/scooters-mobilidade\\\/scooter-de-mobilidade-leo#breadcrumb\",\"itemListElement\":[{\"@type\":\"ListItem\",\"position\":1,\"name\":\"Home\",\"item\":\"https:\\\/\\\/www.maisquecuidar.com\\\/loja\\\/\"},{\"@type\":\"ListItem\",\"position\":2,\"name\":\"Loja Online de Ortopedia e Geriatria em Portugal\",\"item\":\"https:\\\/\\\/www.maisquecuidar.com\\\/loja\\\/loja\"},{\"@type\":\"ListItem\",\"position\":3,\"name\":\"Mais Mobilidade\",\"item\":\"https:\\\/\\\/www.maisquecuidar.com\\\/loja\\\/mais-mobilidade\"},{\"@type\":\"ListItem\",\"position\":4,\"name\":\"Scooters de Mobilidade El\u00e9tricas\",\"item\":\"https:\\\/\\\/www.maisquecuidar.com\\\/loja\\\/mais-mobilidade\\\/scooters-mobilidade\"},{\"@type\":\"ListItem\",\"position\":5,\"name\":\"Scooter El\u00e9trica de Mobilidade Leo Invacare\"}]},{\"@type\":\"WebSite\",\"@id\":\"https:\\\/\\\/www.maisquecuidar.com\\\/loja\\\/#website\",\"url\":\"https:\\\/\\\/www.maisquecuidar.com\\\/loja\\\/\",\"name\":\"Mais que Cuidar\",\"description\":\"Sa\u00fade, Ortopedia e Geriatria\",\"publisher\":{\"@id\":\"https:\\\/\\\/www.maisquecuidar.com\\\/loja\\\/#organization\"},\"potentialAction\":[{\"@type\":\"SearchAction\",\"target\":{\"@type\":\"EntryPoint\",\"urlTemplate\":\"https:\\\/\\\/www.maisquecuidar.com\\\/loja\\\/?s={search_term_string}\"},\"query-input\":{\"@type\":\"PropertyValueSpecification\",\"valueRequired\":true,\"valueName\":\"search_term_string\"}}],\"inLanguage\":\"pt-PT\"},{\"@type\":\"Organization\",\"@id\":\"https:\\\/\\\/www.maisquecuidar.com\\\/loja\\\/#organization\",\"name\":\"Mais Que Cuidar\",\"url\":\"https:\\\/\\\/www.maisquecuidar.com\\\/loja\\\/\",\"logo\":{\"@type\":\"ImageObject\",\"inLanguage\":\"pt-PT\",\"@id\":\"https:\\\/\\\/www.maisquecuidar.com\\\/loja\\\/#\\\/schema\\\/logo\\\/image\\\/\",\"url\":\"https:\\\/\\\/img.maisquecuidar.com\\\/loja\\\/wp-content\\\/uploads\\\/2019\\\/08\\\/logo-mais-que-cuidar-retina.png\",\"contentUrl\":\"https:\\\/\\\/img.maisquecuidar.com\\\/loja\\\/wp-content\\\/uploads\\\/2019\\\/08\\\/logo-mais-que-cuidar-retina.png\",\"width\":565,\"height\":75,\"caption\":\"Mais Que Cuidar\"},\"image\":{\"@id\":\"https:\\\/\\\/www.maisquecuidar.com\\\/loja\\\/#\\\/schema\\\/logo\\\/image\\\/\"},\"sameAs\":[\"https:\\\/\\\/www.facebook.com\\\/maisquecuidar.pt\",\"https:\\\/\\\/www.instagram.com\\\/maisquecuidar\"]}]}<\/script>\n<!-- \/ Yoast SEO plugin. -->","yoast_head_json":{"title":"Scooter de Mobilidade Leo Invacare - Mais que Cuidar","description":"A scooter de mobilidade Leo da Invacare \u00e9 resistente e fi\u00e1vel gra\u00e7as \u00e0 pot\u00eancia e eletr\u00f3nica de elevada qualidade. Proporciona seguran\u00e7a e autonomia!","robots":{"index":"index","follow":"follow","max-snippet":"max-snippet:-1","max-image-preview":"max-image-preview:large","max-video-preview":"max-video-preview:-1"},"canonical":"https:\/\/www.maisquecuidar.com\/loja\/mais-mobilidade\/scooters-mobilidade\/scooter-de-mobilidade-leo","og_locale":"pt_PT","og_type":"article","og_title":"Scooter de Mobilidade Leo Invacare - Mais que Cuidar","og_description":"A scooter de mobilidade Leo da Invacare \u00e9 resistente e fi\u00e1vel gra\u00e7as \u00e0 pot\u00eancia e eletr\u00f3nica de elevada qualidade. Proporciona seguran\u00e7a e autonomia!","og_url":"https:\/\/www.maisquecuidar.com\/loja\/mais-mobilidade\/scooters-mobilidade\/scooter-de-mobilidade-leo","og_site_name":"Mais que Cuidar","article_publisher":"https:\/\/www.facebook.com\/maisquecuidar.pt","article_modified_time":"2026-05-05T20:12:55+00:00","og_image":[{"width":1280,"height":800,"url":"https:\/\/img.maisquecuidar.com\/loja\/wp-content\/uploads\/2017\/01\/scooter-leo-vermelha.png","type":"image\/png"}],"twitter_misc":{"Tempo estimado de leitura":"2 minutos"},"schema":{"@context":"https:\/\/schema.org","@graph":[{"@type":"WebPage","@id":"https:\/\/www.maisquecuidar.com\/loja\/mais-mobilidade\/scooters-mobilidade\/scooter-de-mobilidade-leo","url":"https:\/\/www.maisquecuidar.com\/loja\/mais-mobilidade\/scooters-mobilidade\/scooter-de-mobilidade-leo","name":"Scooter de Mobilidade Leo Invacare - Mais que Cuidar","isPartOf":{"@id":"https:\/\/www.maisquecuidar.com\/loja\/#website"},"primaryImageOfPage":{"@id":"https:\/\/www.maisquecuidar.com\/loja\/mais-mobilidade\/scooters-mobilidade\/scooter-de-mobilidade-leo#primaryimage"},"image":{"@id":"https:\/\/www.maisquecuidar.com\/loja\/mais-mobilidade\/scooters-mobilidade\/scooter-de-mobilidade-leo#primaryimage"},"thumbnailUrl":"https:\/\/img.maisquecuidar.com\/loja\/wp-content\/uploads\/2017\/01\/scooter-leo-vermelha.png","datePublished":"2017-01-18T16:08:23+00:00","dateModified":"2026-05-05T20:12:55+00:00","description":"A scooter de mobilidade Leo da Invacare \u00e9 resistente e fi\u00e1vel gra\u00e7as \u00e0 pot\u00eancia e eletr\u00f3nica de elevada qualidade. Proporciona seguran\u00e7a e autonomia!","breadcrumb":{"@id":"https:\/\/www.maisquecuidar.com\/loja\/mais-mobilidade\/scooters-mobilidade\/scooter-de-mobilidade-leo#breadcrumb"},"inLanguage":"pt-PT","potentialAction":[{"@type":"ReadAction","target":["https:\/\/www.maisquecuidar.com\/loja\/mais-mobilidade\/scooters-mobilidade\/scooter-de-mobilidade-leo"]}]},{"@type":"ImageObject","inLanguage":"pt-PT","@id":"https:\/\/www.maisquecuidar.com\/loja\/mais-mobilidade\/scooters-mobilidade\/scooter-de-mobilidade-leo#primaryimage","url":"https:\/\/img.maisquecuidar.com\/loja\/wp-content\/uploads\/2017\/01\/scooter-leo-vermelha.png","contentUrl":"https:\/\/img.maisquecuidar.com\/loja\/wp-content\/uploads\/2017\/01\/scooter-leo-vermelha.png","width":1280,"height":800,"caption":"Scooter el\u00e9ctrica da Invacare Leo em vermelho"},{"@type":"BreadcrumbList","@id":"https:\/\/www.maisquecuidar.com\/loja\/mais-mobilidade\/scooters-mobilidade\/scooter-de-mobilidade-leo#breadcrumb","itemListElement":[{"@type":"ListItem","position":1,"name":"Home","item":"https:\/\/www.maisquecuidar.com\/loja\/"},{"@type":"ListItem","position":2,"name":"Loja Online de Ortopedia e Geriatria em Portugal","item":"https:\/\/www.maisquecuidar.com\/loja\/loja"},{"@type":"ListItem","position":3,"name":"Mais Mobilidade","item":"https:\/\/www.maisquecuidar.com\/loja\/mais-mobilidade"},{"@type":"ListItem","position":4,"name":"Scooters de Mobilidade El\u00e9tricas","item":"https:\/\/www.maisquecuidar.com\/loja\/mais-mobilidade\/scooters-mobilidade"},{"@type":"ListItem","position":5,"name":"Scooter El\u00e9trica de Mobilidade Leo Invacare"}]},{"@type":"WebSite","@id":"https:\/\/www.maisquecuidar.com\/loja\/#website","url":"https:\/\/www.maisquecuidar.com\/loja\/","name":"Mais que Cuidar","description":"Sa\u00fade, Ortopedia e Geriatria","publisher":{"@id":"https:\/\/www.maisquecuidar.com\/loja\/#organization"},"potentialAction":[{"@type":"SearchAction","target":{"@type":"EntryPoint","urlTemplate":"https:\/\/www.maisquecuidar.com\/loja\/?s={search_term_string}"},"query-input":{"@type":"PropertyValueSpecification","valueRequired":true,"valueName":"search_term_string"}}],"inLanguage":"pt-PT"},{"@type":"Organization","@id":"https:\/\/www.maisquecuidar.com\/loja\/#organization","name":"Mais Que Cuidar","url":"https:\/\/www.maisquecuidar.com\/loja\/","logo":{"@type":"ImageObject","inLanguage":"pt-PT","@id":"https:\/\/www.maisquecuidar.com\/loja\/#\/schema\/logo\/image\/","url":"https:\/\/img.maisquecuidar.com\/loja\/wp-content\/uploads\/2019\/08\/logo-mais-que-cuidar-retina.png","contentUrl":"https:\/\/img.maisquecuidar.com\/loja\/wp-content\/uploads\/2019\/08\/logo-mais-que-cuidar-retina.png","width":565,"height":75,"caption":"Mais Que Cuidar"},"image":{"@id":"https:\/\/www.maisquecuidar.com\/loja\/#\/schema\/logo\/image\/"},"sameAs":["https:\/\/www.facebook.com\/maisquecuidar.pt","https:\/\/www.instagram.com\/maisquecuidar"]}]}},"_links":{"self":[{"href":"https:\/\/www.maisquecuidar.com\/loja\/wp-json\/wp\/v2\/product\/4817","targetHints":{"allow":["GET"]}}],"collection":[{"href":"https:\/\/www.maisquecuidar.com\/loja\/wp-json\/wp\/v2\/product"}],"about":[{"href":"https:\/\/www.maisquecuidar.com\/loja\/wp-json\/wp\/v2\/types\/product"}],"wp:featuredmedia":[{"embeddable":true,"href":"https:\/\/www.maisquecuidar.com\/loja\/wp-json\/wp\/v2\/media\/16140"}],"wp:attachment":[{"href":"https:\/\/www.maisquecuidar.com\/loja\/wp-json\/wp\/v2\/media?parent=4817"}],"wp:term":[{"taxonomy":"product_brand","embeddable":true,"href":"https:\/\/www.maisquecuidar.com\/loja\/wp-json\/wp\/v2\/product_brand?post=4817"},{"taxonomy":"product_cat","embeddable":true,"href":"https:\/\/www.maisquecuidar.com\/loja\/wp-json\/wp\/v2\/product_cat?post=4817"},{"taxonomy":"product_tag","embeddable":true,"href":"https:\/\/www.maisquecuidar.com\/loja\/wp-json\/wp\/v2\/product_tag?post=4817"}],"curies":[{"name":"wp","href":"https:\/\/api.w.org\/{rel}","templated":true}]}}