{"id":4769,"date":"2017-01-17T19:31:21","date_gmt":"2017-01-17T19:31:21","guid":{"rendered":"https:\/\/www.maisquecuidar.com\/loja\/?post_type=product&#038;p=4769"},"modified":"2024-12-16T22:46:35","modified_gmt":"2024-12-16T22:46:35","slug":"andarilho-4-rodas-banjo","status":"publish","type":"product","link":"https:\/\/www.maisquecuidar.com\/loja\/mais-mobilidade\/andarilhos\/andarilho-4-rodas-banjo","title":{"rendered":"Andarilho 4 Rodas Banjo"},"content":{"rendered":"<p>O andarilho 4 rodas Banho \u00e9 recomendado para uso exterior por pessoas com mobilidade reduzida. \u00c9 muito simples de utilizar e muito funcional.<\/p>\n<p>O espa\u00e7o entre o chassis e os punhos \u00e9 amplo para que o utilizador fique bem posicionado e os punhos anat\u00f3micos permitem um bom apoio e f\u00e1cil acesso ao trav\u00e3o. Al\u00e9m disso, os seus punhos anat\u00f3micos s\u00e3o regul\u00e1veis em altura de 71 a 98 cm para ir ao encontro das v\u00e1rias estaturas dos utilizadores idosos com limita\u00e7\u00f5es da mobilidade.<\/p>\n<p>O sistema de travagem do andarilho Banjo \u00e9 simples, atrav\u00e9s de cabos, bem como o sistema de encarte que o torna f\u00e1cil de armazenar e transportar.<\/p>\n<p>Como acess\u00f3rios, este andarilho de 4 rodas tem o cesto para transportar objetos pessoais, o tabuleiro e o suporte de bengala.<\/p>\n","protected":false},"excerpt":{"rendered":"<p>O andarilho 4 rodas Banho \u00e9 recomendado para uso exterior por pessoas com mobilidade reduzida. \u00c9 muito simples de utilizar e muito funcional. O espa\u00e7o entre o chassis e os punhos \u00e9 amplo para que o utilizador fique bem posicionado e os punhos anat\u00f3micos permitem um bom apoio e f\u00e1cil acesso ao trav\u00e3o. Al\u00e9m disso,&hellip;&nbsp;<a href=\"https:\/\/www.maisquecuidar.com\/loja\/mais-mobilidade\/andarilhos\/andarilho-4-rodas-banjo\" rel=\"bookmark\">Ler mais &raquo;<span class=\"screen-reader-text\">Andarilho 4 Rodas Banjo<\/span><\/a><\/p>\n","protected":false},"featured_media":14009,"template":"","meta":{"_acf_changed":false,"neve_meta_sidebar":"","neve_meta_container":"","neve_meta_enable_content_width":"","neve_meta_content_width":0,"neve_meta_title_alignment":"","neve_meta_author_avatar":"","neve_post_elements_order":"","neve_meta_disable_header":"","neve_meta_disable_footer":"","neve_meta_disable_title":""},"product_brand":[],"product_cat":[87],"product_tag":[432],"class_list":{"0":"post-4769","1":"product","2":"type-product","3":"status-publish","4":"has-post-thumbnail","6":"product_cat-andarilhos","7":"product_tag-andarilhos","9":"first","10":"instock","11":"taxable","12":"shipping-taxable","13":"purchasable","14":"product-type-simple"},"acf":[],"yoast_head":"<!-- This site is optimized with the Yoast SEO plugin v27.3 - https:\/\/yoast.com\/product\/yoast-seo-wordpress\/ -->\n<title>Andarilho 4 Rodas Banjo - Invacare - Mais que Cuidar<\/title>\n<meta name=\"description\" content=\"Descubra as caracteristicas do andarilho de 4 rodas Banjo da Invacare recomendado para adultos\/idosos com mobilidade reduzida. Confira o pre\u00e7o!\" \/>\n<meta name=\"robots\" content=\"index, follow, max-snippet:-1, max-image-preview:large, max-video-preview:-1\" \/>\n<link rel=\"canonical\" href=\"https:\/\/www.maisquecuidar.com\/loja\/mais-mobilidade\/andarilhos\/andarilho-4-rodas-banjo\" \/>\n<meta property=\"og:locale\" content=\"pt_PT\" \/>\n<meta property=\"og:type\" content=\"article\" \/>\n<meta property=\"og:title\" content=\"Andarilho 4 Rodas Banjo - Invacare - Mais que Cuidar\" \/>\n<meta property=\"og:description\" content=\"Descubra as caracteristicas do andarilho de 4 rodas Banjo da Invacare recomendado para adultos\/idosos com mobilidade reduzida. Confira o pre\u00e7o!\" \/>\n<meta property=\"og:url\" content=\"https:\/\/www.maisquecuidar.com\/loja\/mais-mobilidade\/andarilhos\/andarilho-4-rodas-banjo\" \/>\n<meta property=\"og:site_name\" content=\"Mais que Cuidar\" \/>\n<meta property=\"article:publisher\" content=\"https:\/\/www.facebook.com\/maisquecuidar.pt\" \/>\n<meta property=\"article:modified_time\" content=\"2024-12-16T22:46:35+00:00\" \/>\n<meta property=\"og:image\" content=\"https:\/\/img.maisquecuidar.com\/loja\/wp-content\/uploads\/2017\/01\/andarilho-4-rodas-banjo.jpg\" \/>\n\t<meta property=\"og:image:width\" content=\"1280\" \/>\n\t<meta property=\"og:image:height\" content=\"800\" \/>\n\t<meta property=\"og:image:type\" content=\"image\/jpeg\" \/>\n<meta name=\"twitter:label1\" content=\"Tempo estimado de leitura\" \/>\n\t<meta name=\"twitter:data1\" content=\"1 minuto\" \/>\n<script type=\"application\/ld+json\" class=\"yoast-schema-graph\">{\"@context\":\"https:\\\/\\\/schema.org\",\"@graph\":[{\"@type\":\"WebPage\",\"@id\":\"https:\\\/\\\/www.maisquecuidar.com\\\/loja\\\/mais-mobilidade\\\/andarilhos\\\/andarilho-4-rodas-banjo\",\"url\":\"https:\\\/\\\/www.maisquecuidar.com\\\/loja\\\/mais-mobilidade\\\/andarilhos\\\/andarilho-4-rodas-banjo\",\"name\":\"Andarilho 4 Rodas Banjo - Invacare - Mais que Cuidar\",\"isPartOf\":{\"@id\":\"https:\\\/\\\/www.maisquecuidar.com\\\/loja\\\/#website\"},\"primaryImageOfPage\":{\"@id\":\"https:\\\/\\\/www.maisquecuidar.com\\\/loja\\\/mais-mobilidade\\\/andarilhos\\\/andarilho-4-rodas-banjo#primaryimage\"},\"image\":{\"@id\":\"https:\\\/\\\/www.maisquecuidar.com\\\/loja\\\/mais-mobilidade\\\/andarilhos\\\/andarilho-4-rodas-banjo#primaryimage\"},\"thumbnailUrl\":\"https:\\\/\\\/img.maisquecuidar.com\\\/loja\\\/wp-content\\\/uploads\\\/2017\\\/01\\\/andarilho-4-rodas-banjo.jpg\",\"datePublished\":\"2017-01-17T19:31:21+00:00\",\"dateModified\":\"2024-12-16T22:46:35+00:00\",\"description\":\"Descubra as caracteristicas do andarilho de 4 rodas Banjo da Invacare recomendado para adultos\\\/idosos com mobilidade reduzida. Confira o pre\u00e7o!\",\"breadcrumb\":{\"@id\":\"https:\\\/\\\/www.maisquecuidar.com\\\/loja\\\/mais-mobilidade\\\/andarilhos\\\/andarilho-4-rodas-banjo#breadcrumb\"},\"inLanguage\":\"pt-PT\",\"potentialAction\":[{\"@type\":\"ReadAction\",\"target\":[\"https:\\\/\\\/www.maisquecuidar.com\\\/loja\\\/mais-mobilidade\\\/andarilhos\\\/andarilho-4-rodas-banjo\"]}]},{\"@type\":\"ImageObject\",\"inLanguage\":\"pt-PT\",\"@id\":\"https:\\\/\\\/www.maisquecuidar.com\\\/loja\\\/mais-mobilidade\\\/andarilhos\\\/andarilho-4-rodas-banjo#primaryimage\",\"url\":\"https:\\\/\\\/img.maisquecuidar.com\\\/loja\\\/wp-content\\\/uploads\\\/2017\\\/01\\\/andarilho-4-rodas-banjo.jpg\",\"contentUrl\":\"https:\\\/\\\/img.maisquecuidar.com\\\/loja\\\/wp-content\\\/uploads\\\/2017\\\/01\\\/andarilho-4-rodas-banjo.jpg\",\"width\":1280,\"height\":800,\"caption\":\"andarilho 4 rodas Banjo Invacare\"},{\"@type\":\"BreadcrumbList\",\"@id\":\"https:\\\/\\\/www.maisquecuidar.com\\\/loja\\\/mais-mobilidade\\\/andarilhos\\\/andarilho-4-rodas-banjo#breadcrumb\",\"itemListElement\":[{\"@type\":\"ListItem\",\"position\":1,\"name\":\"Home\",\"item\":\"https:\\\/\\\/www.maisquecuidar.com\\\/loja\\\/\"},{\"@type\":\"ListItem\",\"position\":2,\"name\":\"Loja Online de Ortopedia e Geriatria em Portugal\",\"item\":\"https:\\\/\\\/www.maisquecuidar.com\\\/loja\\\/loja\"},{\"@type\":\"ListItem\",\"position\":3,\"name\":\"Mais Mobilidade\",\"item\":\"https:\\\/\\\/www.maisquecuidar.com\\\/loja\\\/mais-mobilidade\"},{\"@type\":\"ListItem\",\"position\":4,\"name\":\"Andarilhos para adultos e Idosos em Portugal\",\"item\":\"https:\\\/\\\/www.maisquecuidar.com\\\/loja\\\/mais-mobilidade\\\/andarilhos\"},{\"@type\":\"ListItem\",\"position\":5,\"name\":\"Andarilho 4 Rodas Banjo\"}]},{\"@type\":\"WebSite\",\"@id\":\"https:\\\/\\\/www.maisquecuidar.com\\\/loja\\\/#website\",\"url\":\"https:\\\/\\\/www.maisquecuidar.com\\\/loja\\\/\",\"name\":\"Mais que Cuidar\",\"description\":\"Sa\u00fade, Ortopedia e Geriatria\",\"publisher\":{\"@id\":\"https:\\\/\\\/www.maisquecuidar.com\\\/loja\\\/#organization\"},\"potentialAction\":[{\"@type\":\"SearchAction\",\"target\":{\"@type\":\"EntryPoint\",\"urlTemplate\":\"https:\\\/\\\/www.maisquecuidar.com\\\/loja\\\/?s={search_term_string}\"},\"query-input\":{\"@type\":\"PropertyValueSpecification\",\"valueRequired\":true,\"valueName\":\"search_term_string\"}}],\"inLanguage\":\"pt-PT\"},{\"@type\":\"Organization\",\"@id\":\"https:\\\/\\\/www.maisquecuidar.com\\\/loja\\\/#organization\",\"name\":\"Mais Que Cuidar\",\"url\":\"https:\\\/\\\/www.maisquecuidar.com\\\/loja\\\/\",\"logo\":{\"@type\":\"ImageObject\",\"inLanguage\":\"pt-PT\",\"@id\":\"https:\\\/\\\/www.maisquecuidar.com\\\/loja\\\/#\\\/schema\\\/logo\\\/image\\\/\",\"url\":\"https:\\\/\\\/img.maisquecuidar.com\\\/loja\\\/wp-content\\\/uploads\\\/2019\\\/08\\\/logo-mais-que-cuidar-retina.png\",\"contentUrl\":\"https:\\\/\\\/img.maisquecuidar.com\\\/loja\\\/wp-content\\\/uploads\\\/2019\\\/08\\\/logo-mais-que-cuidar-retina.png\",\"width\":565,\"height\":75,\"caption\":\"Mais Que Cuidar\"},\"image\":{\"@id\":\"https:\\\/\\\/www.maisquecuidar.com\\\/loja\\\/#\\\/schema\\\/logo\\\/image\\\/\"},\"sameAs\":[\"https:\\\/\\\/www.facebook.com\\\/maisquecuidar.pt\",\"https:\\\/\\\/www.instagram.com\\\/maisquecuidar\"]}]}<\/script>\n<!-- \/ Yoast SEO plugin. -->","yoast_head_json":{"title":"Andarilho 4 Rodas Banjo - Invacare - Mais que Cuidar","description":"Descubra as caracteristicas do andarilho de 4 rodas Banjo da Invacare recomendado para adultos\/idosos com mobilidade reduzida. Confira o pre\u00e7o!","robots":{"index":"index","follow":"follow","max-snippet":"max-snippet:-1","max-image-preview":"max-image-preview:large","max-video-preview":"max-video-preview:-1"},"canonical":"https:\/\/www.maisquecuidar.com\/loja\/mais-mobilidade\/andarilhos\/andarilho-4-rodas-banjo","og_locale":"pt_PT","og_type":"article","og_title":"Andarilho 4 Rodas Banjo - Invacare - Mais que Cuidar","og_description":"Descubra as caracteristicas do andarilho de 4 rodas Banjo da Invacare recomendado para adultos\/idosos com mobilidade reduzida. Confira o pre\u00e7o!","og_url":"https:\/\/www.maisquecuidar.com\/loja\/mais-mobilidade\/andarilhos\/andarilho-4-rodas-banjo","og_site_name":"Mais que Cuidar","article_publisher":"https:\/\/www.facebook.com\/maisquecuidar.pt","article_modified_time":"2024-12-16T22:46:35+00:00","og_image":[{"width":1280,"height":800,"url":"https:\/\/img.maisquecuidar.com\/loja\/wp-content\/uploads\/2017\/01\/andarilho-4-rodas-banjo.jpg","type":"image\/jpeg"}],"twitter_misc":{"Tempo estimado de leitura":"1 minuto"},"schema":{"@context":"https:\/\/schema.org","@graph":[{"@type":"WebPage","@id":"https:\/\/www.maisquecuidar.com\/loja\/mais-mobilidade\/andarilhos\/andarilho-4-rodas-banjo","url":"https:\/\/www.maisquecuidar.com\/loja\/mais-mobilidade\/andarilhos\/andarilho-4-rodas-banjo","name":"Andarilho 4 Rodas Banjo - Invacare - Mais que Cuidar","isPartOf":{"@id":"https:\/\/www.maisquecuidar.com\/loja\/#website"},"primaryImageOfPage":{"@id":"https:\/\/www.maisquecuidar.com\/loja\/mais-mobilidade\/andarilhos\/andarilho-4-rodas-banjo#primaryimage"},"image":{"@id":"https:\/\/www.maisquecuidar.com\/loja\/mais-mobilidade\/andarilhos\/andarilho-4-rodas-banjo#primaryimage"},"thumbnailUrl":"https:\/\/img.maisquecuidar.com\/loja\/wp-content\/uploads\/2017\/01\/andarilho-4-rodas-banjo.jpg","datePublished":"2017-01-17T19:31:21+00:00","dateModified":"2024-12-16T22:46:35+00:00","description":"Descubra as caracteristicas do andarilho de 4 rodas Banjo da Invacare recomendado para adultos\/idosos com mobilidade reduzida. Confira o pre\u00e7o!","breadcrumb":{"@id":"https:\/\/www.maisquecuidar.com\/loja\/mais-mobilidade\/andarilhos\/andarilho-4-rodas-banjo#breadcrumb"},"inLanguage":"pt-PT","potentialAction":[{"@type":"ReadAction","target":["https:\/\/www.maisquecuidar.com\/loja\/mais-mobilidade\/andarilhos\/andarilho-4-rodas-banjo"]}]},{"@type":"ImageObject","inLanguage":"pt-PT","@id":"https:\/\/www.maisquecuidar.com\/loja\/mais-mobilidade\/andarilhos\/andarilho-4-rodas-banjo#primaryimage","url":"https:\/\/img.maisquecuidar.com\/loja\/wp-content\/uploads\/2017\/01\/andarilho-4-rodas-banjo.jpg","contentUrl":"https:\/\/img.maisquecuidar.com\/loja\/wp-content\/uploads\/2017\/01\/andarilho-4-rodas-banjo.jpg","width":1280,"height":800,"caption":"andarilho 4 rodas Banjo Invacare"},{"@type":"BreadcrumbList","@id":"https:\/\/www.maisquecuidar.com\/loja\/mais-mobilidade\/andarilhos\/andarilho-4-rodas-banjo#breadcrumb","itemListElement":[{"@type":"ListItem","position":1,"name":"Home","item":"https:\/\/www.maisquecuidar.com\/loja\/"},{"@type":"ListItem","position":2,"name":"Loja Online de Ortopedia e Geriatria em Portugal","item":"https:\/\/www.maisquecuidar.com\/loja\/loja"},{"@type":"ListItem","position":3,"name":"Mais Mobilidade","item":"https:\/\/www.maisquecuidar.com\/loja\/mais-mobilidade"},{"@type":"ListItem","position":4,"name":"Andarilhos para adultos e Idosos em Portugal","item":"https:\/\/www.maisquecuidar.com\/loja\/mais-mobilidade\/andarilhos"},{"@type":"ListItem","position":5,"name":"Andarilho 4 Rodas Banjo"}]},{"@type":"WebSite","@id":"https:\/\/www.maisquecuidar.com\/loja\/#website","url":"https:\/\/www.maisquecuidar.com\/loja\/","name":"Mais que Cuidar","description":"Sa\u00fade, Ortopedia e Geriatria","publisher":{"@id":"https:\/\/www.maisquecuidar.com\/loja\/#organization"},"potentialAction":[{"@type":"SearchAction","target":{"@type":"EntryPoint","urlTemplate":"https:\/\/www.maisquecuidar.com\/loja\/?s={search_term_string}"},"query-input":{"@type":"PropertyValueSpecification","valueRequired":true,"valueName":"search_term_string"}}],"inLanguage":"pt-PT"},{"@type":"Organization","@id":"https:\/\/www.maisquecuidar.com\/loja\/#organization","name":"Mais Que Cuidar","url":"https:\/\/www.maisquecuidar.com\/loja\/","logo":{"@type":"ImageObject","inLanguage":"pt-PT","@id":"https:\/\/www.maisquecuidar.com\/loja\/#\/schema\/logo\/image\/","url":"https:\/\/img.maisquecuidar.com\/loja\/wp-content\/uploads\/2019\/08\/logo-mais-que-cuidar-retina.png","contentUrl":"https:\/\/img.maisquecuidar.com\/loja\/wp-content\/uploads\/2019\/08\/logo-mais-que-cuidar-retina.png","width":565,"height":75,"caption":"Mais Que Cuidar"},"image":{"@id":"https:\/\/www.maisquecuidar.com\/loja\/#\/schema\/logo\/image\/"},"sameAs":["https:\/\/www.facebook.com\/maisquecuidar.pt","https:\/\/www.instagram.com\/maisquecuidar"]}]}},"_links":{"self":[{"href":"https:\/\/www.maisquecuidar.com\/loja\/wp-json\/wp\/v2\/product\/4769","targetHints":{"allow":["GET"]}}],"collection":[{"href":"https:\/\/www.maisquecuidar.com\/loja\/wp-json\/wp\/v2\/product"}],"about":[{"href":"https:\/\/www.maisquecuidar.com\/loja\/wp-json\/wp\/v2\/types\/product"}],"wp:featuredmedia":[{"embeddable":true,"href":"https:\/\/www.maisquecuidar.com\/loja\/wp-json\/wp\/v2\/media\/14009"}],"wp:attachment":[{"href":"https:\/\/www.maisquecuidar.com\/loja\/wp-json\/wp\/v2\/media?parent=4769"}],"wp:term":[{"taxonomy":"product_brand","embeddable":true,"href":"https:\/\/www.maisquecuidar.com\/loja\/wp-json\/wp\/v2\/product_brand?post=4769"},{"taxonomy":"product_cat","embeddable":true,"href":"https:\/\/www.maisquecuidar.com\/loja\/wp-json\/wp\/v2\/product_cat?post=4769"},{"taxonomy":"product_tag","embeddable":true,"href":"https:\/\/www.maisquecuidar.com\/loja\/wp-json\/wp\/v2\/product_tag?post=4769"}],"curies":[{"name":"wp","href":"https:\/\/api.w.org\/{rel}","templated":true}]}}