{"id":4737,"date":"2017-01-17T16:08:37","date_gmt":"2017-01-17T16:08:37","guid":{"rendered":"https:\/\/www.maisquecuidar.com\/loja\/?post_type=product&#038;p=4737"},"modified":"2022-03-03T17:31:41","modified_gmt":"2022-03-03T17:31:41","slug":"andarilho-articulado","status":"publish","type":"product","link":"https:\/\/www.maisquecuidar.com\/loja\/mais-mobilidade\/andarilhos\/andarilho-articulado","title":{"rendered":"Andarilho Articulado em Alum\u00ednio Orthos XXI"},"content":{"rendered":"<p>O andarilho articulado \u00e9 fabricado em alum\u00ednio. Possui as caracter\u00edsticas de um andarilho fixo e a mais-valia de articula\u00e7\u00e3o.<\/p>\n<p>Permite passar de articulado a fixo, quando necess\u00e1rio, atrav\u00e9s de um dispositivo manual existente.<\/p>\n<p>\u00c9 dobr\u00e1vel para facilitar a arruma\u00e7\u00e3o e o transporte.<\/p>\n<p>Permite a regula\u00e7\u00e3o da altura entre 82 e 92 cm para uma melhor adapta\u00e7\u00e3o \u00e0 estatura do utilizador adulto\/idoso.<\/p>\n<p>Tem ponteiras de 20mm de borracha anti-deslizante.<\/p>\n","protected":false},"excerpt":{"rendered":"<p>O andarilho articulado \u00e9 fabricado em alum\u00ednio. Possui as caracter\u00edsticas de um andarilho fixo e a mais-valia de articula\u00e7\u00e3o. Permite passar de articulado a fixo, quando necess\u00e1rio, atrav\u00e9s de um dispositivo manual existente. \u00c9 dobr\u00e1vel para facilitar a arruma\u00e7\u00e3o e o transporte. Permite a regula\u00e7\u00e3o da altura entre 82 e 92 cm para uma melhor&hellip;&nbsp;<a href=\"https:\/\/www.maisquecuidar.com\/loja\/mais-mobilidade\/andarilhos\/andarilho-articulado\" rel=\"bookmark\">Ler mais &raquo;<span class=\"screen-reader-text\">Andarilho Articulado em Alum\u00ednio Orthos XXI<\/span><\/a><\/p>\n","protected":false},"featured_media":14045,"template":"","meta":{"_acf_changed":false,"neve_meta_sidebar":"","neve_meta_container":"","neve_meta_enable_content_width":"","neve_meta_content_width":0,"neve_meta_title_alignment":"","neve_meta_author_avatar":"","neve_post_elements_order":"","neve_meta_disable_header":"","neve_meta_disable_footer":"","neve_meta_disable_title":""},"product_brand":[],"product_cat":[87],"product_tag":[432],"class_list":{"0":"post-4737","1":"product","2":"type-product","3":"status-publish","4":"has-post-thumbnail","6":"product_cat-andarilhos","7":"product_tag-andarilhos","9":"first","10":"instock","11":"taxable","12":"shipping-taxable","13":"purchasable","14":"product-type-simple"},"acf":[],"yoast_head":"<!-- This site is optimized with the Yoast SEO plugin v27.3 - https:\/\/yoast.com\/product\/yoast-seo-wordpress\/ -->\n<title>Andarilho Articulado em Alum\u00ednio Orthos XXI - Mais que Cuidar<\/title>\n<meta name=\"description\" content=\"Descubra as vantagens e o pre\u00e7o do andarilho articulado em alum\u00ednio da Orthos XXI recomendado para adultos\/idosos com limita\u00e7\u00f5es da marcha e da mobilidade.\" \/>\n<meta name=\"robots\" content=\"index, follow, max-snippet:-1, max-image-preview:large, max-video-preview:-1\" \/>\n<link rel=\"canonical\" href=\"https:\/\/www.maisquecuidar.com\/loja\/mais-mobilidade\/andarilhos\/andarilho-articulado\" \/>\n<meta property=\"og:locale\" content=\"pt_PT\" \/>\n<meta property=\"og:type\" content=\"article\" \/>\n<meta property=\"og:title\" content=\"Andarilho Articulado em Alum\u00ednio Orthos XXI - Mais que Cuidar\" \/>\n<meta property=\"og:description\" content=\"Descubra as vantagens e o pre\u00e7o do andarilho articulado em alum\u00ednio da Orthos XXI recomendado para adultos\/idosos com limita\u00e7\u00f5es da marcha e da mobilidade.\" \/>\n<meta property=\"og:url\" content=\"https:\/\/www.maisquecuidar.com\/loja\/mais-mobilidade\/andarilhos\/andarilho-articulado\" \/>\n<meta property=\"og:site_name\" content=\"Mais que Cuidar\" \/>\n<meta property=\"article:publisher\" content=\"https:\/\/www.facebook.com\/maisquecuidar.pt\" \/>\n<meta property=\"article:modified_time\" content=\"2022-03-03T17:31:41+00:00\" \/>\n<meta property=\"og:image\" content=\"https:\/\/img.maisquecuidar.com\/loja\/wp-content\/uploads\/2017\/01\/andarilho-articulado-orthos-xxi.jpg\" \/>\n\t<meta property=\"og:image:width\" content=\"1280\" \/>\n\t<meta property=\"og:image:height\" content=\"800\" \/>\n\t<meta property=\"og:image:type\" content=\"image\/jpeg\" \/>\n<script type=\"application\/ld+json\" class=\"yoast-schema-graph\">{\"@context\":\"https:\\\/\\\/schema.org\",\"@graph\":[{\"@type\":\"WebPage\",\"@id\":\"https:\\\/\\\/www.maisquecuidar.com\\\/loja\\\/mais-mobilidade\\\/andarilhos\\\/andarilho-articulado\",\"url\":\"https:\\\/\\\/www.maisquecuidar.com\\\/loja\\\/mais-mobilidade\\\/andarilhos\\\/andarilho-articulado\",\"name\":\"Andarilho Articulado em Alum\u00ednio Orthos XXI - Mais que Cuidar\",\"isPartOf\":{\"@id\":\"https:\\\/\\\/www.maisquecuidar.com\\\/loja\\\/#website\"},\"primaryImageOfPage\":{\"@id\":\"https:\\\/\\\/www.maisquecuidar.com\\\/loja\\\/mais-mobilidade\\\/andarilhos\\\/andarilho-articulado#primaryimage\"},\"image\":{\"@id\":\"https:\\\/\\\/www.maisquecuidar.com\\\/loja\\\/mais-mobilidade\\\/andarilhos\\\/andarilho-articulado#primaryimage\"},\"thumbnailUrl\":\"https:\\\/\\\/img.maisquecuidar.com\\\/loja\\\/wp-content\\\/uploads\\\/2017\\\/01\\\/andarilho-articulado-orthos-xxi.jpg\",\"datePublished\":\"2017-01-17T16:08:37+00:00\",\"dateModified\":\"2022-03-03T17:31:41+00:00\",\"description\":\"Descubra as vantagens e o pre\u00e7o do andarilho articulado em alum\u00ednio da Orthos XXI recomendado para adultos\\\/idosos com limita\u00e7\u00f5es da marcha e da mobilidade.\",\"breadcrumb\":{\"@id\":\"https:\\\/\\\/www.maisquecuidar.com\\\/loja\\\/mais-mobilidade\\\/andarilhos\\\/andarilho-articulado#breadcrumb\"},\"inLanguage\":\"pt-PT\",\"potentialAction\":[{\"@type\":\"ReadAction\",\"target\":[\"https:\\\/\\\/www.maisquecuidar.com\\\/loja\\\/mais-mobilidade\\\/andarilhos\\\/andarilho-articulado\"]}]},{\"@type\":\"ImageObject\",\"inLanguage\":\"pt-PT\",\"@id\":\"https:\\\/\\\/www.maisquecuidar.com\\\/loja\\\/mais-mobilidade\\\/andarilhos\\\/andarilho-articulado#primaryimage\",\"url\":\"https:\\\/\\\/img.maisquecuidar.com\\\/loja\\\/wp-content\\\/uploads\\\/2017\\\/01\\\/andarilho-articulado-orthos-xxi.jpg\",\"contentUrl\":\"https:\\\/\\\/img.maisquecuidar.com\\\/loja\\\/wp-content\\\/uploads\\\/2017\\\/01\\\/andarilho-articulado-orthos-xxi.jpg\",\"width\":1280,\"height\":800,\"caption\":\"Andarilho Articulado em Aluminio da Orthos XXI\"},{\"@type\":\"BreadcrumbList\",\"@id\":\"https:\\\/\\\/www.maisquecuidar.com\\\/loja\\\/mais-mobilidade\\\/andarilhos\\\/andarilho-articulado#breadcrumb\",\"itemListElement\":[{\"@type\":\"ListItem\",\"position\":1,\"name\":\"Home\",\"item\":\"https:\\\/\\\/www.maisquecuidar.com\\\/loja\\\/\"},{\"@type\":\"ListItem\",\"position\":2,\"name\":\"Loja Online de Ortopedia e Geriatria em Portugal\",\"item\":\"https:\\\/\\\/www.maisquecuidar.com\\\/loja\\\/loja\"},{\"@type\":\"ListItem\",\"position\":3,\"name\":\"Mais Mobilidade\",\"item\":\"https:\\\/\\\/www.maisquecuidar.com\\\/loja\\\/mais-mobilidade\"},{\"@type\":\"ListItem\",\"position\":4,\"name\":\"Andarilhos para adultos e Idosos em Portugal\",\"item\":\"https:\\\/\\\/www.maisquecuidar.com\\\/loja\\\/mais-mobilidade\\\/andarilhos\"},{\"@type\":\"ListItem\",\"position\":5,\"name\":\"Andarilho Articulado em Alum\u00ednio Orthos XXI\"}]},{\"@type\":\"WebSite\",\"@id\":\"https:\\\/\\\/www.maisquecuidar.com\\\/loja\\\/#website\",\"url\":\"https:\\\/\\\/www.maisquecuidar.com\\\/loja\\\/\",\"name\":\"Mais que Cuidar\",\"description\":\"Sa\u00fade, Ortopedia e Geriatria\",\"publisher\":{\"@id\":\"https:\\\/\\\/www.maisquecuidar.com\\\/loja\\\/#organization\"},\"potentialAction\":[{\"@type\":\"SearchAction\",\"target\":{\"@type\":\"EntryPoint\",\"urlTemplate\":\"https:\\\/\\\/www.maisquecuidar.com\\\/loja\\\/?s={search_term_string}\"},\"query-input\":{\"@type\":\"PropertyValueSpecification\",\"valueRequired\":true,\"valueName\":\"search_term_string\"}}],\"inLanguage\":\"pt-PT\"},{\"@type\":\"Organization\",\"@id\":\"https:\\\/\\\/www.maisquecuidar.com\\\/loja\\\/#organization\",\"name\":\"Mais Que Cuidar\",\"url\":\"https:\\\/\\\/www.maisquecuidar.com\\\/loja\\\/\",\"logo\":{\"@type\":\"ImageObject\",\"inLanguage\":\"pt-PT\",\"@id\":\"https:\\\/\\\/www.maisquecuidar.com\\\/loja\\\/#\\\/schema\\\/logo\\\/image\\\/\",\"url\":\"https:\\\/\\\/img.maisquecuidar.com\\\/loja\\\/wp-content\\\/uploads\\\/2019\\\/08\\\/logo-mais-que-cuidar-retina.png\",\"contentUrl\":\"https:\\\/\\\/img.maisquecuidar.com\\\/loja\\\/wp-content\\\/uploads\\\/2019\\\/08\\\/logo-mais-que-cuidar-retina.png\",\"width\":565,\"height\":75,\"caption\":\"Mais Que Cuidar\"},\"image\":{\"@id\":\"https:\\\/\\\/www.maisquecuidar.com\\\/loja\\\/#\\\/schema\\\/logo\\\/image\\\/\"},\"sameAs\":[\"https:\\\/\\\/www.facebook.com\\\/maisquecuidar.pt\",\"https:\\\/\\\/www.instagram.com\\\/maisquecuidar\"]}]}<\/script>\n<!-- \/ Yoast SEO plugin. -->","yoast_head_json":{"title":"Andarilho Articulado em Alum\u00ednio Orthos XXI - Mais que Cuidar","description":"Descubra as vantagens e o pre\u00e7o do andarilho articulado em alum\u00ednio da Orthos XXI recomendado para adultos\/idosos com limita\u00e7\u00f5es da marcha e da mobilidade.","robots":{"index":"index","follow":"follow","max-snippet":"max-snippet:-1","max-image-preview":"max-image-preview:large","max-video-preview":"max-video-preview:-1"},"canonical":"https:\/\/www.maisquecuidar.com\/loja\/mais-mobilidade\/andarilhos\/andarilho-articulado","og_locale":"pt_PT","og_type":"article","og_title":"Andarilho Articulado em Alum\u00ednio Orthos XXI - Mais que Cuidar","og_description":"Descubra as vantagens e o pre\u00e7o do andarilho articulado em alum\u00ednio da Orthos XXI recomendado para adultos\/idosos com limita\u00e7\u00f5es da marcha e da mobilidade.","og_url":"https:\/\/www.maisquecuidar.com\/loja\/mais-mobilidade\/andarilhos\/andarilho-articulado","og_site_name":"Mais que Cuidar","article_publisher":"https:\/\/www.facebook.com\/maisquecuidar.pt","article_modified_time":"2022-03-03T17:31:41+00:00","og_image":[{"width":1280,"height":800,"url":"https:\/\/img.maisquecuidar.com\/loja\/wp-content\/uploads\/2017\/01\/andarilho-articulado-orthos-xxi.jpg","type":"image\/jpeg"}],"schema":{"@context":"https:\/\/schema.org","@graph":[{"@type":"WebPage","@id":"https:\/\/www.maisquecuidar.com\/loja\/mais-mobilidade\/andarilhos\/andarilho-articulado","url":"https:\/\/www.maisquecuidar.com\/loja\/mais-mobilidade\/andarilhos\/andarilho-articulado","name":"Andarilho Articulado em Alum\u00ednio Orthos XXI - Mais que Cuidar","isPartOf":{"@id":"https:\/\/www.maisquecuidar.com\/loja\/#website"},"primaryImageOfPage":{"@id":"https:\/\/www.maisquecuidar.com\/loja\/mais-mobilidade\/andarilhos\/andarilho-articulado#primaryimage"},"image":{"@id":"https:\/\/www.maisquecuidar.com\/loja\/mais-mobilidade\/andarilhos\/andarilho-articulado#primaryimage"},"thumbnailUrl":"https:\/\/img.maisquecuidar.com\/loja\/wp-content\/uploads\/2017\/01\/andarilho-articulado-orthos-xxi.jpg","datePublished":"2017-01-17T16:08:37+00:00","dateModified":"2022-03-03T17:31:41+00:00","description":"Descubra as vantagens e o pre\u00e7o do andarilho articulado em alum\u00ednio da Orthos XXI recomendado para adultos\/idosos com limita\u00e7\u00f5es da marcha e da mobilidade.","breadcrumb":{"@id":"https:\/\/www.maisquecuidar.com\/loja\/mais-mobilidade\/andarilhos\/andarilho-articulado#breadcrumb"},"inLanguage":"pt-PT","potentialAction":[{"@type":"ReadAction","target":["https:\/\/www.maisquecuidar.com\/loja\/mais-mobilidade\/andarilhos\/andarilho-articulado"]}]},{"@type":"ImageObject","inLanguage":"pt-PT","@id":"https:\/\/www.maisquecuidar.com\/loja\/mais-mobilidade\/andarilhos\/andarilho-articulado#primaryimage","url":"https:\/\/img.maisquecuidar.com\/loja\/wp-content\/uploads\/2017\/01\/andarilho-articulado-orthos-xxi.jpg","contentUrl":"https:\/\/img.maisquecuidar.com\/loja\/wp-content\/uploads\/2017\/01\/andarilho-articulado-orthos-xxi.jpg","width":1280,"height":800,"caption":"Andarilho Articulado em Aluminio da Orthos XXI"},{"@type":"BreadcrumbList","@id":"https:\/\/www.maisquecuidar.com\/loja\/mais-mobilidade\/andarilhos\/andarilho-articulado#breadcrumb","itemListElement":[{"@type":"ListItem","position":1,"name":"Home","item":"https:\/\/www.maisquecuidar.com\/loja\/"},{"@type":"ListItem","position":2,"name":"Loja Online de Ortopedia e Geriatria em Portugal","item":"https:\/\/www.maisquecuidar.com\/loja\/loja"},{"@type":"ListItem","position":3,"name":"Mais Mobilidade","item":"https:\/\/www.maisquecuidar.com\/loja\/mais-mobilidade"},{"@type":"ListItem","position":4,"name":"Andarilhos para adultos e Idosos em Portugal","item":"https:\/\/www.maisquecuidar.com\/loja\/mais-mobilidade\/andarilhos"},{"@type":"ListItem","position":5,"name":"Andarilho Articulado em Alum\u00ednio Orthos XXI"}]},{"@type":"WebSite","@id":"https:\/\/www.maisquecuidar.com\/loja\/#website","url":"https:\/\/www.maisquecuidar.com\/loja\/","name":"Mais que Cuidar","description":"Sa\u00fade, Ortopedia e Geriatria","publisher":{"@id":"https:\/\/www.maisquecuidar.com\/loja\/#organization"},"potentialAction":[{"@type":"SearchAction","target":{"@type":"EntryPoint","urlTemplate":"https:\/\/www.maisquecuidar.com\/loja\/?s={search_term_string}"},"query-input":{"@type":"PropertyValueSpecification","valueRequired":true,"valueName":"search_term_string"}}],"inLanguage":"pt-PT"},{"@type":"Organization","@id":"https:\/\/www.maisquecuidar.com\/loja\/#organization","name":"Mais Que Cuidar","url":"https:\/\/www.maisquecuidar.com\/loja\/","logo":{"@type":"ImageObject","inLanguage":"pt-PT","@id":"https:\/\/www.maisquecuidar.com\/loja\/#\/schema\/logo\/image\/","url":"https:\/\/img.maisquecuidar.com\/loja\/wp-content\/uploads\/2019\/08\/logo-mais-que-cuidar-retina.png","contentUrl":"https:\/\/img.maisquecuidar.com\/loja\/wp-content\/uploads\/2019\/08\/logo-mais-que-cuidar-retina.png","width":565,"height":75,"caption":"Mais Que Cuidar"},"image":{"@id":"https:\/\/www.maisquecuidar.com\/loja\/#\/schema\/logo\/image\/"},"sameAs":["https:\/\/www.facebook.com\/maisquecuidar.pt","https:\/\/www.instagram.com\/maisquecuidar"]}]}},"_links":{"self":[{"href":"https:\/\/www.maisquecuidar.com\/loja\/wp-json\/wp\/v2\/product\/4737","targetHints":{"allow":["GET"]}}],"collection":[{"href":"https:\/\/www.maisquecuidar.com\/loja\/wp-json\/wp\/v2\/product"}],"about":[{"href":"https:\/\/www.maisquecuidar.com\/loja\/wp-json\/wp\/v2\/types\/product"}],"wp:featuredmedia":[{"embeddable":true,"href":"https:\/\/www.maisquecuidar.com\/loja\/wp-json\/wp\/v2\/media\/14045"}],"wp:attachment":[{"href":"https:\/\/www.maisquecuidar.com\/loja\/wp-json\/wp\/v2\/media?parent=4737"}],"wp:term":[{"taxonomy":"product_brand","embeddable":true,"href":"https:\/\/www.maisquecuidar.com\/loja\/wp-json\/wp\/v2\/product_brand?post=4737"},{"taxonomy":"product_cat","embeddable":true,"href":"https:\/\/www.maisquecuidar.com\/loja\/wp-json\/wp\/v2\/product_cat?post=4737"},{"taxonomy":"product_tag","embeddable":true,"href":"https:\/\/www.maisquecuidar.com\/loja\/wp-json\/wp\/v2\/product_tag?post=4737"}],"curies":[{"name":"wp","href":"https:\/\/api.w.org\/{rel}","templated":true}]}}