{"id":4722,"date":"2017-01-17T13:48:52","date_gmt":"2017-01-17T13:48:52","guid":{"rendered":"https:\/\/www.maisquecuidar.com\/loja\/?post_type=product&#038;p=4722"},"modified":"2025-10-01T18:32:30","modified_gmt":"2025-10-01T17:32:30","slug":"assento-viscobasic-ergonomico-com-furo","status":"publish","type":"product","link":"https:\/\/www.maisquecuidar.com\/loja\/mais-mobilidade\/cadeiras-de-rodas\/almofadas-cadeiras-de-rodas\/assento-viscobasic-ergonomico-com-furo","title":{"rendered":"Almofada Viscoel\u00e1stica Maxiconfort Redonda com Furo"},"content":{"rendered":"<p>Almofada viscoel\u00e1stica Maxiconfort redonda com furo e fabricada com Tatami &#8211; espuma de poliuretano comprimida &#8211; conferindo maior estabilidade \u00e0 almofada, ajudando a manter a sua forma natural.<\/p>\n<p>\u00c9 recomendada para utilizadores com peso m\u00e1ximo de 80 kgs.<\/p>\n<p>Pode ser usada em situa\u00e7\u00f5es de preven\u00e7\u00e3o de escaras de grau de risco m\u00e9dio.<\/p>\n<p>A espuma de viscoel\u00e1stico ajuda na preven\u00e7\u00e3o e no tratamento de \u00falceras de press\u00e3o e simultaneamente oferece conforto ao utilizador. Este formato de almofada recomenda-se em situa\u00e7\u00f5es de f\u00edstulas, hemorr\u00f3idas e p\u00f3s-parto.<\/p>\n<p>A tela Saniluxe reveste a almofada de forma a ajudar a criar uma barreira imperme\u00e1vel com propriedade antif\u00fangica, antibacteriana e anti\u00e1caros.<\/p>\n","protected":false},"excerpt":{"rendered":"<p>Almofada imperme\u00e1vel em viscoel\u00e1stico redonda com furo<\/p>\n","protected":false},"featured_media":15317,"template":"","meta":{"_acf_changed":false,"neve_meta_sidebar":"","neve_meta_container":"","neve_meta_enable_content_width":"","neve_meta_content_width":0,"neve_meta_title_alignment":"","neve_meta_author_avatar":"","neve_post_elements_order":"","neve_meta_disable_header":"","neve_meta_disable_footer":"","neve_meta_disable_title":""},"product_brand":[],"product_cat":[85],"product_tag":[430],"class_list":{"0":"post-4722","1":"product","2":"type-product","3":"status-publish","4":"has-post-thumbnail","6":"product_cat-almofadas-cadeiras-de-rodas","7":"product_tag-almofadas-para-cadeira-de-rodas","9":"first","10":"instock","11":"taxable","12":"shipping-taxable","13":"purchasable","14":"product-type-simple"},"acf":[],"yoast_head":"<!-- This site is optimized with the Yoast SEO plugin v27.5 - https:\/\/yoast.com\/product\/yoast-seo-wordpress\/ -->\n<title>Almofada Viscoel\u00e1stica Maxiconfort Redonda com Furo - Mais que Cuidar<\/title>\n<meta name=\"description\" content=\"Conhe\u00e7a a almofada viscoel\u00e1stica Maxiconfort redonda com furo recomendada em situa\u00e7\u00f5es de hemorr\u00f3idas, f\u00edstulas ou p\u00f3s-parto.\" \/>\n<meta name=\"robots\" content=\"index, follow, max-snippet:-1, max-image-preview:large, max-video-preview:-1\" \/>\n<link rel=\"canonical\" href=\"https:\/\/www.maisquecuidar.com\/loja\/mais-mobilidade\/cadeiras-de-rodas\/almofadas-cadeiras-de-rodas\/assento-viscobasic-ergonomico-com-furo\" \/>\n<meta property=\"og:locale\" content=\"pt_PT\" \/>\n<meta property=\"og:type\" content=\"article\" \/>\n<meta property=\"og:title\" content=\"Almofada Viscoel\u00e1stica Maxiconfort Redonda com Furo - Mais que Cuidar\" \/>\n<meta property=\"og:description\" content=\"Conhe\u00e7a a almofada viscoel\u00e1stica Maxiconfort redonda com furo recomendada em situa\u00e7\u00f5es de hemorr\u00f3idas, f\u00edstulas ou p\u00f3s-parto.\" \/>\n<meta property=\"og:url\" content=\"https:\/\/www.maisquecuidar.com\/loja\/mais-mobilidade\/cadeiras-de-rodas\/almofadas-cadeiras-de-rodas\/assento-viscobasic-ergonomico-com-furo\" \/>\n<meta property=\"og:site_name\" content=\"Mais que Cuidar\" \/>\n<meta property=\"article:publisher\" content=\"https:\/\/www.facebook.com\/maisquecuidar.pt\" \/>\n<meta property=\"article:modified_time\" content=\"2025-10-01T17:32:30+00:00\" \/>\n<meta property=\"og:image\" content=\"https:\/\/img.maisquecuidar.com\/loja\/wp-content\/uploads\/2017\/01\/almofada-maxiconfort-redonda.png\" \/>\n\t<meta property=\"og:image:width\" content=\"1280\" \/>\n\t<meta property=\"og:image:height\" content=\"800\" \/>\n\t<meta property=\"og:image:type\" content=\"image\/png\" \/>\n<meta name=\"twitter:label1\" content=\"Tempo estimado de leitura\" \/>\n\t<meta name=\"twitter:data1\" content=\"1 minuto\" \/>\n<script type=\"application\/ld+json\" class=\"yoast-schema-graph\">{\"@context\":\"https:\\\/\\\/schema.org\",\"@graph\":[{\"@type\":\"WebPage\",\"@id\":\"https:\\\/\\\/www.maisquecuidar.com\\\/loja\\\/mais-mobilidade\\\/cadeiras-de-rodas\\\/almofadas-cadeiras-de-rodas\\\/assento-viscobasic-ergonomico-com-furo\",\"url\":\"https:\\\/\\\/www.maisquecuidar.com\\\/loja\\\/mais-mobilidade\\\/cadeiras-de-rodas\\\/almofadas-cadeiras-de-rodas\\\/assento-viscobasic-ergonomico-com-furo\",\"name\":\"Almofada Viscoel\u00e1stica Maxiconfort Redonda com Furo - Mais que Cuidar\",\"isPartOf\":{\"@id\":\"https:\\\/\\\/www.maisquecuidar.com\\\/loja\\\/#website\"},\"primaryImageOfPage\":{\"@id\":\"https:\\\/\\\/www.maisquecuidar.com\\\/loja\\\/mais-mobilidade\\\/cadeiras-de-rodas\\\/almofadas-cadeiras-de-rodas\\\/assento-viscobasic-ergonomico-com-furo#primaryimage\"},\"image\":{\"@id\":\"https:\\\/\\\/www.maisquecuidar.com\\\/loja\\\/mais-mobilidade\\\/cadeiras-de-rodas\\\/almofadas-cadeiras-de-rodas\\\/assento-viscobasic-ergonomico-com-furo#primaryimage\"},\"thumbnailUrl\":\"https:\\\/\\\/img.maisquecuidar.com\\\/loja\\\/wp-content\\\/uploads\\\/2017\\\/01\\\/almofada-maxiconfort-redonda.png\",\"datePublished\":\"2017-01-17T13:48:52+00:00\",\"dateModified\":\"2025-10-01T17:32:30+00:00\",\"description\":\"Conhe\u00e7a a almofada viscoel\u00e1stica Maxiconfort redonda com furo recomendada em situa\u00e7\u00f5es de hemorr\u00f3idas, f\u00edstulas ou p\u00f3s-parto.\",\"breadcrumb\":{\"@id\":\"https:\\\/\\\/www.maisquecuidar.com\\\/loja\\\/mais-mobilidade\\\/cadeiras-de-rodas\\\/almofadas-cadeiras-de-rodas\\\/assento-viscobasic-ergonomico-com-furo#breadcrumb\"},\"inLanguage\":\"pt-PT\",\"potentialAction\":[{\"@type\":\"ReadAction\",\"target\":[\"https:\\\/\\\/www.maisquecuidar.com\\\/loja\\\/mais-mobilidade\\\/cadeiras-de-rodas\\\/almofadas-cadeiras-de-rodas\\\/assento-viscobasic-ergonomico-com-furo\"]}]},{\"@type\":\"ImageObject\",\"inLanguage\":\"pt-PT\",\"@id\":\"https:\\\/\\\/www.maisquecuidar.com\\\/loja\\\/mais-mobilidade\\\/cadeiras-de-rodas\\\/almofadas-cadeiras-de-rodas\\\/assento-viscobasic-ergonomico-com-furo#primaryimage\",\"url\":\"https:\\\/\\\/img.maisquecuidar.com\\\/loja\\\/wp-content\\\/uploads\\\/2017\\\/01\\\/almofada-maxiconfort-redonda.png\",\"contentUrl\":\"https:\\\/\\\/img.maisquecuidar.com\\\/loja\\\/wp-content\\\/uploads\\\/2017\\\/01\\\/almofada-maxiconfort-redonda.png\",\"width\":1280,\"height\":800,\"caption\":\"Almofada maxiconfort redonda com furo saniluxe Ubio\"},{\"@type\":\"BreadcrumbList\",\"@id\":\"https:\\\/\\\/www.maisquecuidar.com\\\/loja\\\/mais-mobilidade\\\/cadeiras-de-rodas\\\/almofadas-cadeiras-de-rodas\\\/assento-viscobasic-ergonomico-com-furo#breadcrumb\",\"itemListElement\":[{\"@type\":\"ListItem\",\"position\":1,\"name\":\"Home\",\"item\":\"https:\\\/\\\/www.maisquecuidar.com\\\/loja\\\/\"},{\"@type\":\"ListItem\",\"position\":2,\"name\":\"Loja Online de Ortopedia e Geriatria em Portugal\",\"item\":\"https:\\\/\\\/www.maisquecuidar.com\\\/loja\\\/loja\"},{\"@type\":\"ListItem\",\"position\":3,\"name\":\"Mais Mobilidade\",\"item\":\"https:\\\/\\\/www.maisquecuidar.com\\\/loja\\\/mais-mobilidade\"},{\"@type\":\"ListItem\",\"position\":4,\"name\":\"Cadeiras de Rodas\",\"item\":\"https:\\\/\\\/www.maisquecuidar.com\\\/loja\\\/mais-mobilidade\\\/cadeiras-de-rodas\"},{\"@type\":\"ListItem\",\"position\":5,\"name\":\"Almofadas para Cadeiras de Rodas\",\"item\":\"https:\\\/\\\/www.maisquecuidar.com\\\/loja\\\/mais-mobilidade\\\/cadeiras-de-rodas\\\/almofadas-cadeiras-de-rodas\"},{\"@type\":\"ListItem\",\"position\":6,\"name\":\"Almofada Viscoel\u00e1stica Maxiconfort Redonda com Furo\"}]},{\"@type\":\"WebSite\",\"@id\":\"https:\\\/\\\/www.maisquecuidar.com\\\/loja\\\/#website\",\"url\":\"https:\\\/\\\/www.maisquecuidar.com\\\/loja\\\/\",\"name\":\"Mais que Cuidar\",\"description\":\"Sa\u00fade, Ortopedia e Geriatria\",\"publisher\":{\"@id\":\"https:\\\/\\\/www.maisquecuidar.com\\\/loja\\\/#organization\"},\"potentialAction\":[{\"@type\":\"SearchAction\",\"target\":{\"@type\":\"EntryPoint\",\"urlTemplate\":\"https:\\\/\\\/www.maisquecuidar.com\\\/loja\\\/?s={search_term_string}\"},\"query-input\":{\"@type\":\"PropertyValueSpecification\",\"valueRequired\":true,\"valueName\":\"search_term_string\"}}],\"inLanguage\":\"pt-PT\"},{\"@type\":\"Organization\",\"@id\":\"https:\\\/\\\/www.maisquecuidar.com\\\/loja\\\/#organization\",\"name\":\"Mais Que Cuidar\",\"url\":\"https:\\\/\\\/www.maisquecuidar.com\\\/loja\\\/\",\"logo\":{\"@type\":\"ImageObject\",\"inLanguage\":\"pt-PT\",\"@id\":\"https:\\\/\\\/www.maisquecuidar.com\\\/loja\\\/#\\\/schema\\\/logo\\\/image\\\/\",\"url\":\"https:\\\/\\\/img.maisquecuidar.com\\\/loja\\\/wp-content\\\/uploads\\\/2019\\\/08\\\/logo-mais-que-cuidar-retina.png\",\"contentUrl\":\"https:\\\/\\\/img.maisquecuidar.com\\\/loja\\\/wp-content\\\/uploads\\\/2019\\\/08\\\/logo-mais-que-cuidar-retina.png\",\"width\":565,\"height\":75,\"caption\":\"Mais Que Cuidar\"},\"image\":{\"@id\":\"https:\\\/\\\/www.maisquecuidar.com\\\/loja\\\/#\\\/schema\\\/logo\\\/image\\\/\"},\"sameAs\":[\"https:\\\/\\\/www.facebook.com\\\/maisquecuidar.pt\",\"https:\\\/\\\/www.instagram.com\\\/maisquecuidar\"]}]}<\/script>\n<!-- \/ Yoast SEO plugin. -->","yoast_head_json":{"title":"Almofada Viscoel\u00e1stica Maxiconfort Redonda com Furo - Mais que Cuidar","description":"Conhe\u00e7a a almofada viscoel\u00e1stica Maxiconfort redonda com furo recomendada em situa\u00e7\u00f5es de hemorr\u00f3idas, f\u00edstulas ou p\u00f3s-parto.","robots":{"index":"index","follow":"follow","max-snippet":"max-snippet:-1","max-image-preview":"max-image-preview:large","max-video-preview":"max-video-preview:-1"},"canonical":"https:\/\/www.maisquecuidar.com\/loja\/mais-mobilidade\/cadeiras-de-rodas\/almofadas-cadeiras-de-rodas\/assento-viscobasic-ergonomico-com-furo","og_locale":"pt_PT","og_type":"article","og_title":"Almofada Viscoel\u00e1stica Maxiconfort Redonda com Furo - Mais que Cuidar","og_description":"Conhe\u00e7a a almofada viscoel\u00e1stica Maxiconfort redonda com furo recomendada em situa\u00e7\u00f5es de hemorr\u00f3idas, f\u00edstulas ou p\u00f3s-parto.","og_url":"https:\/\/www.maisquecuidar.com\/loja\/mais-mobilidade\/cadeiras-de-rodas\/almofadas-cadeiras-de-rodas\/assento-viscobasic-ergonomico-com-furo","og_site_name":"Mais que Cuidar","article_publisher":"https:\/\/www.facebook.com\/maisquecuidar.pt","article_modified_time":"2025-10-01T17:32:30+00:00","og_image":[{"width":1280,"height":800,"url":"https:\/\/img.maisquecuidar.com\/loja\/wp-content\/uploads\/2017\/01\/almofada-maxiconfort-redonda.png","type":"image\/png"}],"twitter_misc":{"Tempo estimado de leitura":"1 minuto"},"schema":{"@context":"https:\/\/schema.org","@graph":[{"@type":"WebPage","@id":"https:\/\/www.maisquecuidar.com\/loja\/mais-mobilidade\/cadeiras-de-rodas\/almofadas-cadeiras-de-rodas\/assento-viscobasic-ergonomico-com-furo","url":"https:\/\/www.maisquecuidar.com\/loja\/mais-mobilidade\/cadeiras-de-rodas\/almofadas-cadeiras-de-rodas\/assento-viscobasic-ergonomico-com-furo","name":"Almofada Viscoel\u00e1stica Maxiconfort Redonda com Furo - Mais que Cuidar","isPartOf":{"@id":"https:\/\/www.maisquecuidar.com\/loja\/#website"},"primaryImageOfPage":{"@id":"https:\/\/www.maisquecuidar.com\/loja\/mais-mobilidade\/cadeiras-de-rodas\/almofadas-cadeiras-de-rodas\/assento-viscobasic-ergonomico-com-furo#primaryimage"},"image":{"@id":"https:\/\/www.maisquecuidar.com\/loja\/mais-mobilidade\/cadeiras-de-rodas\/almofadas-cadeiras-de-rodas\/assento-viscobasic-ergonomico-com-furo#primaryimage"},"thumbnailUrl":"https:\/\/img.maisquecuidar.com\/loja\/wp-content\/uploads\/2017\/01\/almofada-maxiconfort-redonda.png","datePublished":"2017-01-17T13:48:52+00:00","dateModified":"2025-10-01T17:32:30+00:00","description":"Conhe\u00e7a a almofada viscoel\u00e1stica Maxiconfort redonda com furo recomendada em situa\u00e7\u00f5es de hemorr\u00f3idas, f\u00edstulas ou p\u00f3s-parto.","breadcrumb":{"@id":"https:\/\/www.maisquecuidar.com\/loja\/mais-mobilidade\/cadeiras-de-rodas\/almofadas-cadeiras-de-rodas\/assento-viscobasic-ergonomico-com-furo#breadcrumb"},"inLanguage":"pt-PT","potentialAction":[{"@type":"ReadAction","target":["https:\/\/www.maisquecuidar.com\/loja\/mais-mobilidade\/cadeiras-de-rodas\/almofadas-cadeiras-de-rodas\/assento-viscobasic-ergonomico-com-furo"]}]},{"@type":"ImageObject","inLanguage":"pt-PT","@id":"https:\/\/www.maisquecuidar.com\/loja\/mais-mobilidade\/cadeiras-de-rodas\/almofadas-cadeiras-de-rodas\/assento-viscobasic-ergonomico-com-furo#primaryimage","url":"https:\/\/img.maisquecuidar.com\/loja\/wp-content\/uploads\/2017\/01\/almofada-maxiconfort-redonda.png","contentUrl":"https:\/\/img.maisquecuidar.com\/loja\/wp-content\/uploads\/2017\/01\/almofada-maxiconfort-redonda.png","width":1280,"height":800,"caption":"Almofada maxiconfort redonda com furo saniluxe Ubio"},{"@type":"BreadcrumbList","@id":"https:\/\/www.maisquecuidar.com\/loja\/mais-mobilidade\/cadeiras-de-rodas\/almofadas-cadeiras-de-rodas\/assento-viscobasic-ergonomico-com-furo#breadcrumb","itemListElement":[{"@type":"ListItem","position":1,"name":"Home","item":"https:\/\/www.maisquecuidar.com\/loja\/"},{"@type":"ListItem","position":2,"name":"Loja Online de Ortopedia e Geriatria em Portugal","item":"https:\/\/www.maisquecuidar.com\/loja\/loja"},{"@type":"ListItem","position":3,"name":"Mais Mobilidade","item":"https:\/\/www.maisquecuidar.com\/loja\/mais-mobilidade"},{"@type":"ListItem","position":4,"name":"Cadeiras de Rodas","item":"https:\/\/www.maisquecuidar.com\/loja\/mais-mobilidade\/cadeiras-de-rodas"},{"@type":"ListItem","position":5,"name":"Almofadas para Cadeiras de Rodas","item":"https:\/\/www.maisquecuidar.com\/loja\/mais-mobilidade\/cadeiras-de-rodas\/almofadas-cadeiras-de-rodas"},{"@type":"ListItem","position":6,"name":"Almofada Viscoel\u00e1stica Maxiconfort Redonda com Furo"}]},{"@type":"WebSite","@id":"https:\/\/www.maisquecuidar.com\/loja\/#website","url":"https:\/\/www.maisquecuidar.com\/loja\/","name":"Mais que Cuidar","description":"Sa\u00fade, Ortopedia e Geriatria","publisher":{"@id":"https:\/\/www.maisquecuidar.com\/loja\/#organization"},"potentialAction":[{"@type":"SearchAction","target":{"@type":"EntryPoint","urlTemplate":"https:\/\/www.maisquecuidar.com\/loja\/?s={search_term_string}"},"query-input":{"@type":"PropertyValueSpecification","valueRequired":true,"valueName":"search_term_string"}}],"inLanguage":"pt-PT"},{"@type":"Organization","@id":"https:\/\/www.maisquecuidar.com\/loja\/#organization","name":"Mais Que Cuidar","url":"https:\/\/www.maisquecuidar.com\/loja\/","logo":{"@type":"ImageObject","inLanguage":"pt-PT","@id":"https:\/\/www.maisquecuidar.com\/loja\/#\/schema\/logo\/image\/","url":"https:\/\/img.maisquecuidar.com\/loja\/wp-content\/uploads\/2019\/08\/logo-mais-que-cuidar-retina.png","contentUrl":"https:\/\/img.maisquecuidar.com\/loja\/wp-content\/uploads\/2019\/08\/logo-mais-que-cuidar-retina.png","width":565,"height":75,"caption":"Mais Que Cuidar"},"image":{"@id":"https:\/\/www.maisquecuidar.com\/loja\/#\/schema\/logo\/image\/"},"sameAs":["https:\/\/www.facebook.com\/maisquecuidar.pt","https:\/\/www.instagram.com\/maisquecuidar"]}]}},"_links":{"self":[{"href":"https:\/\/www.maisquecuidar.com\/loja\/wp-json\/wp\/v2\/product\/4722","targetHints":{"allow":["GET"]}}],"collection":[{"href":"https:\/\/www.maisquecuidar.com\/loja\/wp-json\/wp\/v2\/product"}],"about":[{"href":"https:\/\/www.maisquecuidar.com\/loja\/wp-json\/wp\/v2\/types\/product"}],"wp:featuredmedia":[{"embeddable":true,"href":"https:\/\/www.maisquecuidar.com\/loja\/wp-json\/wp\/v2\/media\/15317"}],"wp:attachment":[{"href":"https:\/\/www.maisquecuidar.com\/loja\/wp-json\/wp\/v2\/media?parent=4722"}],"wp:term":[{"taxonomy":"product_brand","embeddable":true,"href":"https:\/\/www.maisquecuidar.com\/loja\/wp-json\/wp\/v2\/product_brand?post=4722"},{"taxonomy":"product_cat","embeddable":true,"href":"https:\/\/www.maisquecuidar.com\/loja\/wp-json\/wp\/v2\/product_cat?post=4722"},{"taxonomy":"product_tag","embeddable":true,"href":"https:\/\/www.maisquecuidar.com\/loja\/wp-json\/wp\/v2\/product_tag?post=4722"}],"curies":[{"name":"wp","href":"https:\/\/api.w.org\/{rel}","templated":true}]}}