{"id":4688,"date":"2017-01-16T12:07:32","date_gmt":"2017-01-16T12:07:32","guid":{"rendered":"https:\/\/www.maisquecuidar.com\/loja\/?post_type=product&#038;p=4688"},"modified":"2026-02-25T11:00:36","modified_gmt":"2026-02-25T11:00:36","slug":"cadeira-de-rodas-kuschall-compact","status":"publish","type":"product","link":"https:\/\/www.maisquecuidar.com\/loja\/mais-mobilidade\/cadeiras-de-rodas\/activas\/cadeira-de-rodas-kuschall-compact","title":{"rendered":"Cadeira de Rodas Kuschall Compact 2.0 Invacare"},"content":{"rendered":"<p><strong>Cadeira de Rodas Kuschall Compact 2.0<\/strong><\/p>\n<p>&nbsp;<\/p>\n<p>Foi projetada para utilizadores que procuram uma solu\u00e7\u00e3o compacta, funcional e confort\u00e1vel para o uso di\u00e1rio.<\/p>\n<p>A Compact 2.0 est\u00e1 mais din\u00e2mica e mais leve 500 gramas, em compara\u00e7\u00e3o com a gera\u00e7\u00e3o antiga.<\/p>\n<p>Esta cadeira de rodas leve utiliza um <strong>sistema de encarte vertical muito f\u00e1cil<\/strong> (\u201cone finger folding\u201d), conjugado com um mecanismo de bloqueio longitudinal, para suportar os tubos de assento de forma segura, quando n\u00e3o est\u00e1 encartada.<\/p>\n<p>Pode ser desmontada, o que significa que as rodas traseiras, os apoios de p\u00e9s (quando escolhida a vers\u00e3o patins destac\u00e1veis) e os apoios de bra\u00e7os podem ser removidos facilmente, tendo a op\u00e7\u00e3o do encosto rebater sobre o assento. Estes recursos tornam a Compact f\u00e1cil de transportar e armazenar.<\/p>\n<p>Para utilizadores hemipl\u00e9gicos, a cadeira de rodas manual Compact foi projetada para que possa ser montada com <strong>sistema de aro duplo<\/strong> e ainda pode ser configurada com uma <strong>altura assento-ch\u00e3o reduzida<\/strong> para facilitar a propuls\u00e3o com os p\u00e9s.<\/p>\n<h3>Caracter\u00edsticas em destaque:<\/h3>\n<ul>\n<li><strong>Dispon\u00edvel em 2 vers\u00f5es:<\/strong> Kuschall Compact com apoio de p\u00e9 e pernas destac\u00e1veis e Kuschall Compact com apoio de pernas fixos.<\/li>\n<li><strong>Design exclusivo:<\/strong> novas cores do chassis combinadas com personaliza\u00e7\u00e3o de decalques de alta qualidade e durabilidade.<\/li>\n<li><strong>Chassis hidroformado:<\/strong> chassis e apoio de p\u00e9s completamente redesenhados. O chassis em alum\u00ednio hidroformado permite diminuir o peso at\u00e9 500 gramas.<\/li>\n<li><strong>Apoio de p\u00e9s:<\/strong> a nova gama de apoio de p\u00e9s \u00e9 compat\u00edvel com todas as larguras de assento e est\u00e1 alinhada com a linguagem de design moderna, gra\u00e7as \u00e0 nova plataforma de apoio de p\u00e9s antideslizante.<\/li>\n<li><strong>Mecanismo de encarte:<\/strong> sistema de encarte f\u00e1cil apenas com o dedo, conjugado com mecanismo de bloqueio longitudinal, para suportar os tubos do assento de forma segura, quando n\u00e3o est\u00e1 encartada.<\/li>\n<li><strong>Cruzeta:<\/strong> criada especificamente para utilizadores com for\u00e7a reduzida e para suportar maior peso sem adicionar mais material aos tubos de chassis.<\/li>\n<li><strong>Personaliza\u00e7\u00e3o:<\/strong> um conceito sem paralelo, atrav\u00e9s da combina\u00e7\u00e3o de um chassis moderno com elegantes detalhes visuais.<\/li>\n<\/ul>\n","protected":false},"excerpt":{"rendered":"<p>Cadeira de rodas manual ativa liga leve com chassis de alum\u00ednio hidroformado e sistema de encarte por cruzeta vertical.<\/p>\n","protected":false},"featured_media":17511,"template":"","meta":{"_acf_changed":false,"neve_meta_sidebar":"","neve_meta_container":"","neve_meta_enable_content_width":"off","neve_meta_content_width":100,"neve_meta_title_alignment":"","neve_meta_author_avatar":"","neve_post_elements_order":"","neve_meta_disable_header":"","neve_meta_disable_footer":"","neve_meta_disable_title":""},"product_brand":[],"product_cat":[418],"product_tag":[407,408,414,424],"class_list":{"0":"post-4688","1":"product","2":"type-product","3":"status-publish","4":"has-post-thumbnail","6":"product_cat-activas","7":"product_tag-cadeira-de-rodas","8":"product_tag-cadeira-de-rodas-manuais","9":"product_tag-cadeira-rodas-liga-leve","10":"product_tag-kuschall-compact","12":"first","13":"onbackorder","14":"taxable","15":"shipping-taxable","16":"purchasable","17":"product-type-simple"},"acf":[],"yoast_head":"<!-- This site is optimized with the Yoast SEO plugin v27.5 - https:\/\/yoast.com\/product\/yoast-seo-wordpress\/ -->\n<title>Cadeira de Rodas Kuschall Compact 2.0 Invacare - Mais que Cuidar<\/title>\n<meta name=\"description\" content=\"Cadeira de rodas ativa Kuschall Compact 2.0 da Invacare, com sistema de encarte de cruzeta vertical. Ultra leve, funcional e muito confort\u00e1vel.\" \/>\n<meta name=\"robots\" content=\"index, follow, max-snippet:-1, max-image-preview:large, max-video-preview:-1\" \/>\n<link rel=\"canonical\" href=\"https:\/\/www.maisquecuidar.com\/loja\/mais-mobilidade\/cadeiras-de-rodas\/activas\/cadeira-de-rodas-kuschall-compact\" \/>\n<meta property=\"og:locale\" content=\"pt_PT\" \/>\n<meta property=\"og:type\" content=\"article\" \/>\n<meta property=\"og:title\" content=\"Cadeira de Rodas Kuschall Compact 2.0 Invacare - Mais que Cuidar\" \/>\n<meta property=\"og:description\" content=\"Cadeira de rodas ativa Kuschall Compact 2.0 da Invacare, com sistema de encarte de cruzeta vertical. Ultra leve, funcional e muito confort\u00e1vel.\" \/>\n<meta property=\"og:url\" content=\"https:\/\/www.maisquecuidar.com\/loja\/mais-mobilidade\/cadeiras-de-rodas\/activas\/cadeira-de-rodas-kuschall-compact\" \/>\n<meta property=\"og:site_name\" content=\"Mais que Cuidar\" \/>\n<meta property=\"article:publisher\" content=\"https:\/\/www.facebook.com\/maisquecuidar.pt\" \/>\n<meta property=\"article:modified_time\" content=\"2026-02-25T11:00:36+00:00\" \/>\n<meta property=\"og:image\" content=\"https:\/\/img.maisquecuidar.com\/loja\/wp-content\/uploads\/2017\/01\/cadeira-kuschall-compact-2.png\" \/>\n\t<meta property=\"og:image:width\" content=\"1280\" \/>\n\t<meta property=\"og:image:height\" content=\"800\" \/>\n\t<meta property=\"og:image:type\" content=\"image\/png\" \/>\n<meta name=\"twitter:label1\" content=\"Tempo estimado de leitura\" \/>\n\t<meta name=\"twitter:data1\" content=\"2 minutos\" \/>\n<script type=\"application\/ld+json\" class=\"yoast-schema-graph\">{\"@context\":\"https:\\\/\\\/schema.org\",\"@graph\":[{\"@type\":\"WebPage\",\"@id\":\"https:\\\/\\\/www.maisquecuidar.com\\\/loja\\\/mais-mobilidade\\\/cadeiras-de-rodas\\\/activas\\\/cadeira-de-rodas-kuschall-compact\",\"url\":\"https:\\\/\\\/www.maisquecuidar.com\\\/loja\\\/mais-mobilidade\\\/cadeiras-de-rodas\\\/activas\\\/cadeira-de-rodas-kuschall-compact\",\"name\":\"Cadeira de Rodas Kuschall Compact 2.0 Invacare - Mais que Cuidar\",\"isPartOf\":{\"@id\":\"https:\\\/\\\/www.maisquecuidar.com\\\/loja\\\/#website\"},\"primaryImageOfPage\":{\"@id\":\"https:\\\/\\\/www.maisquecuidar.com\\\/loja\\\/mais-mobilidade\\\/cadeiras-de-rodas\\\/activas\\\/cadeira-de-rodas-kuschall-compact#primaryimage\"},\"image\":{\"@id\":\"https:\\\/\\\/www.maisquecuidar.com\\\/loja\\\/mais-mobilidade\\\/cadeiras-de-rodas\\\/activas\\\/cadeira-de-rodas-kuschall-compact#primaryimage\"},\"thumbnailUrl\":\"https:\\\/\\\/img.maisquecuidar.com\\\/loja\\\/wp-content\\\/uploads\\\/2017\\\/01\\\/cadeira-kuschall-compact-2.png\",\"datePublished\":\"2017-01-16T12:07:32+00:00\",\"dateModified\":\"2026-02-25T11:00:36+00:00\",\"description\":\"Cadeira de rodas ativa Kuschall Compact 2.0 da Invacare, com sistema de encarte de cruzeta vertical. Ultra leve, funcional e muito confort\u00e1vel.\",\"breadcrumb\":{\"@id\":\"https:\\\/\\\/www.maisquecuidar.com\\\/loja\\\/mais-mobilidade\\\/cadeiras-de-rodas\\\/activas\\\/cadeira-de-rodas-kuschall-compact#breadcrumb\"},\"inLanguage\":\"pt-PT\",\"potentialAction\":[{\"@type\":\"ReadAction\",\"target\":[\"https:\\\/\\\/www.maisquecuidar.com\\\/loja\\\/mais-mobilidade\\\/cadeiras-de-rodas\\\/activas\\\/cadeira-de-rodas-kuschall-compact\"]}]},{\"@type\":\"ImageObject\",\"inLanguage\":\"pt-PT\",\"@id\":\"https:\\\/\\\/www.maisquecuidar.com\\\/loja\\\/mais-mobilidade\\\/cadeiras-de-rodas\\\/activas\\\/cadeira-de-rodas-kuschall-compact#primaryimage\",\"url\":\"https:\\\/\\\/img.maisquecuidar.com\\\/loja\\\/wp-content\\\/uploads\\\/2017\\\/01\\\/cadeira-kuschall-compact-2.png\",\"contentUrl\":\"https:\\\/\\\/img.maisquecuidar.com\\\/loja\\\/wp-content\\\/uploads\\\/2017\\\/01\\\/cadeira-kuschall-compact-2.png\",\"width\":1280,\"height\":800,\"caption\":\"Cadeira de rodas de liga leve kuschall compact 2.0\"},{\"@type\":\"BreadcrumbList\",\"@id\":\"https:\\\/\\\/www.maisquecuidar.com\\\/loja\\\/mais-mobilidade\\\/cadeiras-de-rodas\\\/activas\\\/cadeira-de-rodas-kuschall-compact#breadcrumb\",\"itemListElement\":[{\"@type\":\"ListItem\",\"position\":1,\"name\":\"Home\",\"item\":\"https:\\\/\\\/www.maisquecuidar.com\\\/loja\\\/\"},{\"@type\":\"ListItem\",\"position\":2,\"name\":\"Loja Online de Ortopedia e Geriatria em Portugal\",\"item\":\"https:\\\/\\\/www.maisquecuidar.com\\\/loja\\\/loja\"},{\"@type\":\"ListItem\",\"position\":3,\"name\":\"Mais Mobilidade\",\"item\":\"https:\\\/\\\/www.maisquecuidar.com\\\/loja\\\/mais-mobilidade\"},{\"@type\":\"ListItem\",\"position\":4,\"name\":\"Cadeiras de Rodas\",\"item\":\"https:\\\/\\\/www.maisquecuidar.com\\\/loja\\\/mais-mobilidade\\\/cadeiras-de-rodas\"},{\"@type\":\"ListItem\",\"position\":5,\"name\":\"Cadeiras de Rodas Activas Ultra Leves\",\"item\":\"https:\\\/\\\/www.maisquecuidar.com\\\/loja\\\/mais-mobilidade\\\/cadeiras-de-rodas\\\/activas\"},{\"@type\":\"ListItem\",\"position\":6,\"name\":\"Cadeira de Rodas Kuschall Compact 2.0 Invacare\"}]},{\"@type\":\"WebSite\",\"@id\":\"https:\\\/\\\/www.maisquecuidar.com\\\/loja\\\/#website\",\"url\":\"https:\\\/\\\/www.maisquecuidar.com\\\/loja\\\/\",\"name\":\"Mais que Cuidar\",\"description\":\"Sa\u00fade, Ortopedia e Geriatria\",\"publisher\":{\"@id\":\"https:\\\/\\\/www.maisquecuidar.com\\\/loja\\\/#organization\"},\"potentialAction\":[{\"@type\":\"SearchAction\",\"target\":{\"@type\":\"EntryPoint\",\"urlTemplate\":\"https:\\\/\\\/www.maisquecuidar.com\\\/loja\\\/?s={search_term_string}\"},\"query-input\":{\"@type\":\"PropertyValueSpecification\",\"valueRequired\":true,\"valueName\":\"search_term_string\"}}],\"inLanguage\":\"pt-PT\"},{\"@type\":\"Organization\",\"@id\":\"https:\\\/\\\/www.maisquecuidar.com\\\/loja\\\/#organization\",\"name\":\"Mais Que Cuidar\",\"url\":\"https:\\\/\\\/www.maisquecuidar.com\\\/loja\\\/\",\"logo\":{\"@type\":\"ImageObject\",\"inLanguage\":\"pt-PT\",\"@id\":\"https:\\\/\\\/www.maisquecuidar.com\\\/loja\\\/#\\\/schema\\\/logo\\\/image\\\/\",\"url\":\"https:\\\/\\\/img.maisquecuidar.com\\\/loja\\\/wp-content\\\/uploads\\\/2019\\\/08\\\/logo-mais-que-cuidar-retina.png\",\"contentUrl\":\"https:\\\/\\\/img.maisquecuidar.com\\\/loja\\\/wp-content\\\/uploads\\\/2019\\\/08\\\/logo-mais-que-cuidar-retina.png\",\"width\":565,\"height\":75,\"caption\":\"Mais Que Cuidar\"},\"image\":{\"@id\":\"https:\\\/\\\/www.maisquecuidar.com\\\/loja\\\/#\\\/schema\\\/logo\\\/image\\\/\"},\"sameAs\":[\"https:\\\/\\\/www.facebook.com\\\/maisquecuidar.pt\",\"https:\\\/\\\/www.instagram.com\\\/maisquecuidar\"]}]}<\/script>\n<!-- \/ Yoast SEO plugin. -->","yoast_head_json":{"title":"Cadeira de Rodas Kuschall Compact 2.0 Invacare - Mais que Cuidar","description":"Cadeira de rodas ativa Kuschall Compact 2.0 da Invacare, com sistema de encarte de cruzeta vertical. Ultra leve, funcional e muito confort\u00e1vel.","robots":{"index":"index","follow":"follow","max-snippet":"max-snippet:-1","max-image-preview":"max-image-preview:large","max-video-preview":"max-video-preview:-1"},"canonical":"https:\/\/www.maisquecuidar.com\/loja\/mais-mobilidade\/cadeiras-de-rodas\/activas\/cadeira-de-rodas-kuschall-compact","og_locale":"pt_PT","og_type":"article","og_title":"Cadeira de Rodas Kuschall Compact 2.0 Invacare - Mais que Cuidar","og_description":"Cadeira de rodas ativa Kuschall Compact 2.0 da Invacare, com sistema de encarte de cruzeta vertical. Ultra leve, funcional e muito confort\u00e1vel.","og_url":"https:\/\/www.maisquecuidar.com\/loja\/mais-mobilidade\/cadeiras-de-rodas\/activas\/cadeira-de-rodas-kuschall-compact","og_site_name":"Mais que Cuidar","article_publisher":"https:\/\/www.facebook.com\/maisquecuidar.pt","article_modified_time":"2026-02-25T11:00:36+00:00","og_image":[{"width":1280,"height":800,"url":"https:\/\/img.maisquecuidar.com\/loja\/wp-content\/uploads\/2017\/01\/cadeira-kuschall-compact-2.png","type":"image\/png"}],"twitter_misc":{"Tempo estimado de leitura":"2 minutos"},"schema":{"@context":"https:\/\/schema.org","@graph":[{"@type":"WebPage","@id":"https:\/\/www.maisquecuidar.com\/loja\/mais-mobilidade\/cadeiras-de-rodas\/activas\/cadeira-de-rodas-kuschall-compact","url":"https:\/\/www.maisquecuidar.com\/loja\/mais-mobilidade\/cadeiras-de-rodas\/activas\/cadeira-de-rodas-kuschall-compact","name":"Cadeira de Rodas Kuschall Compact 2.0 Invacare - Mais que Cuidar","isPartOf":{"@id":"https:\/\/www.maisquecuidar.com\/loja\/#website"},"primaryImageOfPage":{"@id":"https:\/\/www.maisquecuidar.com\/loja\/mais-mobilidade\/cadeiras-de-rodas\/activas\/cadeira-de-rodas-kuschall-compact#primaryimage"},"image":{"@id":"https:\/\/www.maisquecuidar.com\/loja\/mais-mobilidade\/cadeiras-de-rodas\/activas\/cadeira-de-rodas-kuschall-compact#primaryimage"},"thumbnailUrl":"https:\/\/img.maisquecuidar.com\/loja\/wp-content\/uploads\/2017\/01\/cadeira-kuschall-compact-2.png","datePublished":"2017-01-16T12:07:32+00:00","dateModified":"2026-02-25T11:00:36+00:00","description":"Cadeira de rodas ativa Kuschall Compact 2.0 da Invacare, com sistema de encarte de cruzeta vertical. Ultra leve, funcional e muito confort\u00e1vel.","breadcrumb":{"@id":"https:\/\/www.maisquecuidar.com\/loja\/mais-mobilidade\/cadeiras-de-rodas\/activas\/cadeira-de-rodas-kuschall-compact#breadcrumb"},"inLanguage":"pt-PT","potentialAction":[{"@type":"ReadAction","target":["https:\/\/www.maisquecuidar.com\/loja\/mais-mobilidade\/cadeiras-de-rodas\/activas\/cadeira-de-rodas-kuschall-compact"]}]},{"@type":"ImageObject","inLanguage":"pt-PT","@id":"https:\/\/www.maisquecuidar.com\/loja\/mais-mobilidade\/cadeiras-de-rodas\/activas\/cadeira-de-rodas-kuschall-compact#primaryimage","url":"https:\/\/img.maisquecuidar.com\/loja\/wp-content\/uploads\/2017\/01\/cadeira-kuschall-compact-2.png","contentUrl":"https:\/\/img.maisquecuidar.com\/loja\/wp-content\/uploads\/2017\/01\/cadeira-kuschall-compact-2.png","width":1280,"height":800,"caption":"Cadeira de rodas de liga leve kuschall compact 2.0"},{"@type":"BreadcrumbList","@id":"https:\/\/www.maisquecuidar.com\/loja\/mais-mobilidade\/cadeiras-de-rodas\/activas\/cadeira-de-rodas-kuschall-compact#breadcrumb","itemListElement":[{"@type":"ListItem","position":1,"name":"Home","item":"https:\/\/www.maisquecuidar.com\/loja\/"},{"@type":"ListItem","position":2,"name":"Loja Online de Ortopedia e Geriatria em Portugal","item":"https:\/\/www.maisquecuidar.com\/loja\/loja"},{"@type":"ListItem","position":3,"name":"Mais Mobilidade","item":"https:\/\/www.maisquecuidar.com\/loja\/mais-mobilidade"},{"@type":"ListItem","position":4,"name":"Cadeiras de Rodas","item":"https:\/\/www.maisquecuidar.com\/loja\/mais-mobilidade\/cadeiras-de-rodas"},{"@type":"ListItem","position":5,"name":"Cadeiras de Rodas Activas Ultra Leves","item":"https:\/\/www.maisquecuidar.com\/loja\/mais-mobilidade\/cadeiras-de-rodas\/activas"},{"@type":"ListItem","position":6,"name":"Cadeira de Rodas Kuschall Compact 2.0 Invacare"}]},{"@type":"WebSite","@id":"https:\/\/www.maisquecuidar.com\/loja\/#website","url":"https:\/\/www.maisquecuidar.com\/loja\/","name":"Mais que Cuidar","description":"Sa\u00fade, Ortopedia e Geriatria","publisher":{"@id":"https:\/\/www.maisquecuidar.com\/loja\/#organization"},"potentialAction":[{"@type":"SearchAction","target":{"@type":"EntryPoint","urlTemplate":"https:\/\/www.maisquecuidar.com\/loja\/?s={search_term_string}"},"query-input":{"@type":"PropertyValueSpecification","valueRequired":true,"valueName":"search_term_string"}}],"inLanguage":"pt-PT"},{"@type":"Organization","@id":"https:\/\/www.maisquecuidar.com\/loja\/#organization","name":"Mais Que Cuidar","url":"https:\/\/www.maisquecuidar.com\/loja\/","logo":{"@type":"ImageObject","inLanguage":"pt-PT","@id":"https:\/\/www.maisquecuidar.com\/loja\/#\/schema\/logo\/image\/","url":"https:\/\/img.maisquecuidar.com\/loja\/wp-content\/uploads\/2019\/08\/logo-mais-que-cuidar-retina.png","contentUrl":"https:\/\/img.maisquecuidar.com\/loja\/wp-content\/uploads\/2019\/08\/logo-mais-que-cuidar-retina.png","width":565,"height":75,"caption":"Mais Que Cuidar"},"image":{"@id":"https:\/\/www.maisquecuidar.com\/loja\/#\/schema\/logo\/image\/"},"sameAs":["https:\/\/www.facebook.com\/maisquecuidar.pt","https:\/\/www.instagram.com\/maisquecuidar"]}]}},"_links":{"self":[{"href":"https:\/\/www.maisquecuidar.com\/loja\/wp-json\/wp\/v2\/product\/4688","targetHints":{"allow":["GET"]}}],"collection":[{"href":"https:\/\/www.maisquecuidar.com\/loja\/wp-json\/wp\/v2\/product"}],"about":[{"href":"https:\/\/www.maisquecuidar.com\/loja\/wp-json\/wp\/v2\/types\/product"}],"wp:featuredmedia":[{"embeddable":true,"href":"https:\/\/www.maisquecuidar.com\/loja\/wp-json\/wp\/v2\/media\/17511"}],"wp:attachment":[{"href":"https:\/\/www.maisquecuidar.com\/loja\/wp-json\/wp\/v2\/media?parent=4688"}],"wp:term":[{"taxonomy":"product_brand","embeddable":true,"href":"https:\/\/www.maisquecuidar.com\/loja\/wp-json\/wp\/v2\/product_brand?post=4688"},{"taxonomy":"product_cat","embeddable":true,"href":"https:\/\/www.maisquecuidar.com\/loja\/wp-json\/wp\/v2\/product_cat?post=4688"},{"taxonomy":"product_tag","embeddable":true,"href":"https:\/\/www.maisquecuidar.com\/loja\/wp-json\/wp\/v2\/product_tag?post=4688"}],"curies":[{"name":"wp","href":"https:\/\/api.w.org\/{rel}","templated":true}]}}