{"id":4676,"date":"2017-01-16T11:11:32","date_gmt":"2017-01-16T11:11:32","guid":{"rendered":"https:\/\/www.maisquecuidar.com\/loja\/?post_type=product&#038;p=4676"},"modified":"2026-02-25T10:59:35","modified_gmt":"2026-02-25T10:59:35","slug":"cadeira-de-rodas-kuschall-k-series","status":"publish","type":"product","link":"https:\/\/www.maisquecuidar.com\/loja\/mais-mobilidade\/cadeiras-de-rodas\/activas\/cadeira-de-rodas-kuschall-k-series","title":{"rendered":"Cadeira de Rodas Kuschall K-SERIES 2.0 Invacare"},"content":{"rendered":"<p><strong>Cadeira de Rodas Kuschall K-SERIES 2.0<\/strong><\/p>\n<p>&nbsp;<\/p>\n<p>Fabricada pela Invacare, foi desenvolvida para utilizadores ativos que buscam leveza, robustez e manobrabilidade.<\/p>\n<p>O genial sistema de assento modular ajusta-se \u00e0s suas necessidades e a configura\u00e7\u00e3o din\u00e2mica oferece-lhe uma experi\u00eancia de condu\u00e7\u00e3o soberba.<\/p>\n<p>A K-Series \u00e9 multi-ajust\u00e1vel em altura do assento dianteira e traseira, assim como o centro de gravidade. Consegue adaptar-se \u00e0 grande maioria dos utilizadores, atendendo \u00e0s suas necessidades espec\u00edficas. O encosto rebat\u00edvel sobre o assento fica automaticamente bloqueado para facilitar o transporte.<\/p>\n<h3>Caracter\u00edsticas em destaque:<\/h3>\n<ul>\n<li><strong>Chassis em Alum\u00ednio Hidroformado:<\/strong> os tubos tridimensionais e ergon\u00f3micos do chassis oferecem mais rigidez e robustez. A ergonomia do chassis fornece pontos de suporte perfeitos para as transfer\u00eancias e reposicionamentos.<\/li>\n<li><strong>Design exclusivo e Personaliza\u00e7\u00e3o:<\/strong>\u00a0novas cores do chassis combinadas com detalhes de alta qualidade e durabilidade. Consegue m\u00faltiplas entre as cores e os estilos de decalques Bold ou Tag.<\/li>\n<li><strong>Ic\u00f3nica:<\/strong> com o seu chassis de design minimalista, ic\u00f3nica e ultraleve a K-Series d\u00e1 a oportunidade ao utilizador de desfrutar de todas as atividades; quer seja a caminho do trabalho ou no desempenho dos seus hobbies.<\/li>\n<li><strong>Din\u00e2mica:<\/strong> o chassis tem uma geometria perfeita ao longo de toda a cadeira, pelo que n\u00e3o \u00e9 necess\u00e1rio ajustar nada no chassis. As rodas permanecem sempre na mesma posi\u00e7\u00e3o em rela\u00e7\u00e3o ao chassis.<\/li>\n<li><strong>Compatibilidade:<\/strong>\u00a0 a K\u00fcschall K-series 2.0 \u00e9 compat\u00edvel com os dispositivos de ajuda \u00e0 propuls\u00e3o Alber\u00ae, assim como as almofadas e encostos de posicionamento Matrx s\u00e3o op\u00e7\u00f5es ideias para o suporte postural, garantindo m\u00e1ximo conforto e autonomia.<\/li>\n<\/ul>\n","protected":false},"excerpt":{"rendered":"<p>Cadeira de rodas manual ativa com regula\u00e7\u00e3o de assento.<\/p>\n","protected":false},"featured_media":17519,"template":"","meta":{"_acf_changed":false,"neve_meta_sidebar":"","neve_meta_container":"","neve_meta_enable_content_width":"off","neve_meta_content_width":100,"neve_meta_title_alignment":"","neve_meta_author_avatar":"","neve_post_elements_order":"","neve_meta_disable_header":"","neve_meta_disable_footer":"","neve_meta_disable_title":""},"product_brand":[],"product_cat":[418],"product_tag":[407,408,414,422],"class_list":{"0":"post-4676","1":"product","2":"type-product","3":"status-publish","4":"has-post-thumbnail","6":"product_cat-activas","7":"product_tag-cadeira-de-rodas","8":"product_tag-cadeira-de-rodas-manuais","9":"product_tag-cadeira-rodas-liga-leve","10":"product_tag-kuschall-k-series","12":"first","13":"onbackorder","14":"taxable","15":"shipping-taxable","16":"purchasable","17":"product-type-simple"},"acf":[],"yoast_head":"<!-- This site is optimized with the Yoast SEO plugin v27.4 - https:\/\/yoast.com\/product\/yoast-seo-wordpress\/ -->\n<title>Cadeira de Rodas Kuschall K-SERIES 2.0 Invacare<\/title>\n<meta name=\"description\" content=\"Conhe\u00e7a a cadeira de rodas ativa Kuschall K-Series da Invacare, desenhada para utilizadores que procuram leveza, robustez e manobrabilidade.\" \/>\n<meta name=\"robots\" content=\"index, follow, max-snippet:-1, max-image-preview:large, max-video-preview:-1\" \/>\n<link rel=\"canonical\" href=\"https:\/\/www.maisquecuidar.com\/loja\/mais-mobilidade\/cadeiras-de-rodas\/activas\/cadeira-de-rodas-kuschall-k-series\" \/>\n<meta property=\"og:locale\" content=\"pt_PT\" \/>\n<meta property=\"og:type\" content=\"article\" \/>\n<meta property=\"og:title\" content=\"Cadeira de Rodas Kuschall K-SERIES 2.0 Invacare\" \/>\n<meta property=\"og:description\" content=\"Conhe\u00e7a a cadeira de rodas ativa Kuschall K-Series da Invacare, desenhada para utilizadores que procuram leveza, robustez e manobrabilidade.\" \/>\n<meta property=\"og:url\" content=\"https:\/\/www.maisquecuidar.com\/loja\/mais-mobilidade\/cadeiras-de-rodas\/activas\/cadeira-de-rodas-kuschall-k-series\" \/>\n<meta property=\"og:site_name\" content=\"Mais que Cuidar\" \/>\n<meta property=\"article:publisher\" content=\"https:\/\/www.facebook.com\/maisquecuidar.pt\" \/>\n<meta property=\"article:modified_time\" content=\"2026-02-25T10:59:35+00:00\" \/>\n<meta property=\"og:image\" content=\"https:\/\/img.maisquecuidar.com\/loja\/wp-content\/uploads\/2017\/01\/Kuschall-k-series.png\" \/>\n\t<meta property=\"og:image:width\" content=\"1280\" \/>\n\t<meta property=\"og:image:height\" content=\"800\" \/>\n\t<meta property=\"og:image:type\" content=\"image\/png\" \/>\n<meta name=\"twitter:label1\" content=\"Tempo estimado de leitura\" \/>\n\t<meta name=\"twitter:data1\" content=\"2 minutos\" \/>\n<script type=\"application\/ld+json\" class=\"yoast-schema-graph\">{\"@context\":\"https:\\\/\\\/schema.org\",\"@graph\":[{\"@type\":\"WebPage\",\"@id\":\"https:\\\/\\\/www.maisquecuidar.com\\\/loja\\\/mais-mobilidade\\\/cadeiras-de-rodas\\\/activas\\\/cadeira-de-rodas-kuschall-k-series\",\"url\":\"https:\\\/\\\/www.maisquecuidar.com\\\/loja\\\/mais-mobilidade\\\/cadeiras-de-rodas\\\/activas\\\/cadeira-de-rodas-kuschall-k-series\",\"name\":\"Cadeira de Rodas Kuschall K-SERIES 2.0 Invacare\",\"isPartOf\":{\"@id\":\"https:\\\/\\\/www.maisquecuidar.com\\\/loja\\\/#website\"},\"primaryImageOfPage\":{\"@id\":\"https:\\\/\\\/www.maisquecuidar.com\\\/loja\\\/mais-mobilidade\\\/cadeiras-de-rodas\\\/activas\\\/cadeira-de-rodas-kuschall-k-series#primaryimage\"},\"image\":{\"@id\":\"https:\\\/\\\/www.maisquecuidar.com\\\/loja\\\/mais-mobilidade\\\/cadeiras-de-rodas\\\/activas\\\/cadeira-de-rodas-kuschall-k-series#primaryimage\"},\"thumbnailUrl\":\"https:\\\/\\\/img.maisquecuidar.com\\\/loja\\\/wp-content\\\/uploads\\\/2017\\\/01\\\/Kuschall-k-series.png\",\"datePublished\":\"2017-01-16T11:11:32+00:00\",\"dateModified\":\"2026-02-25T10:59:35+00:00\",\"description\":\"Conhe\u00e7a a cadeira de rodas ativa Kuschall K-Series da Invacare, desenhada para utilizadores que procuram leveza, robustez e manobrabilidade.\",\"breadcrumb\":{\"@id\":\"https:\\\/\\\/www.maisquecuidar.com\\\/loja\\\/mais-mobilidade\\\/cadeiras-de-rodas\\\/activas\\\/cadeira-de-rodas-kuschall-k-series#breadcrumb\"},\"inLanguage\":\"pt-PT\",\"potentialAction\":[{\"@type\":\"ReadAction\",\"target\":[\"https:\\\/\\\/www.maisquecuidar.com\\\/loja\\\/mais-mobilidade\\\/cadeiras-de-rodas\\\/activas\\\/cadeira-de-rodas-kuschall-k-series\"]}]},{\"@type\":\"ImageObject\",\"inLanguage\":\"pt-PT\",\"@id\":\"https:\\\/\\\/www.maisquecuidar.com\\\/loja\\\/mais-mobilidade\\\/cadeiras-de-rodas\\\/activas\\\/cadeira-de-rodas-kuschall-k-series#primaryimage\",\"url\":\"https:\\\/\\\/img.maisquecuidar.com\\\/loja\\\/wp-content\\\/uploads\\\/2017\\\/01\\\/Kuschall-k-series.png\",\"contentUrl\":\"https:\\\/\\\/img.maisquecuidar.com\\\/loja\\\/wp-content\\\/uploads\\\/2017\\\/01\\\/Kuschall-k-series.png\",\"width\":1280,\"height\":800,\"caption\":\"Kuschall K-series Invacare\"},{\"@type\":\"BreadcrumbList\",\"@id\":\"https:\\\/\\\/www.maisquecuidar.com\\\/loja\\\/mais-mobilidade\\\/cadeiras-de-rodas\\\/activas\\\/cadeira-de-rodas-kuschall-k-series#breadcrumb\",\"itemListElement\":[{\"@type\":\"ListItem\",\"position\":1,\"name\":\"Home\",\"item\":\"https:\\\/\\\/www.maisquecuidar.com\\\/loja\\\/\"},{\"@type\":\"ListItem\",\"position\":2,\"name\":\"Loja Online de Ortopedia e Geriatria em Portugal\",\"item\":\"https:\\\/\\\/www.maisquecuidar.com\\\/loja\\\/loja\"},{\"@type\":\"ListItem\",\"position\":3,\"name\":\"Mais Mobilidade\",\"item\":\"https:\\\/\\\/www.maisquecuidar.com\\\/loja\\\/mais-mobilidade\"},{\"@type\":\"ListItem\",\"position\":4,\"name\":\"Cadeiras de Rodas\",\"item\":\"https:\\\/\\\/www.maisquecuidar.com\\\/loja\\\/mais-mobilidade\\\/cadeiras-de-rodas\"},{\"@type\":\"ListItem\",\"position\":5,\"name\":\"Cadeiras de Rodas Activas Ultra Leves\",\"item\":\"https:\\\/\\\/www.maisquecuidar.com\\\/loja\\\/mais-mobilidade\\\/cadeiras-de-rodas\\\/activas\"},{\"@type\":\"ListItem\",\"position\":6,\"name\":\"Cadeira de Rodas Kuschall K-SERIES 2.0 Invacare\"}]},{\"@type\":\"WebSite\",\"@id\":\"https:\\\/\\\/www.maisquecuidar.com\\\/loja\\\/#website\",\"url\":\"https:\\\/\\\/www.maisquecuidar.com\\\/loja\\\/\",\"name\":\"Mais que Cuidar\",\"description\":\"Sa\u00fade, Ortopedia e Geriatria\",\"publisher\":{\"@id\":\"https:\\\/\\\/www.maisquecuidar.com\\\/loja\\\/#organization\"},\"potentialAction\":[{\"@type\":\"SearchAction\",\"target\":{\"@type\":\"EntryPoint\",\"urlTemplate\":\"https:\\\/\\\/www.maisquecuidar.com\\\/loja\\\/?s={search_term_string}\"},\"query-input\":{\"@type\":\"PropertyValueSpecification\",\"valueRequired\":true,\"valueName\":\"search_term_string\"}}],\"inLanguage\":\"pt-PT\"},{\"@type\":\"Organization\",\"@id\":\"https:\\\/\\\/www.maisquecuidar.com\\\/loja\\\/#organization\",\"name\":\"Mais Que Cuidar\",\"url\":\"https:\\\/\\\/www.maisquecuidar.com\\\/loja\\\/\",\"logo\":{\"@type\":\"ImageObject\",\"inLanguage\":\"pt-PT\",\"@id\":\"https:\\\/\\\/www.maisquecuidar.com\\\/loja\\\/#\\\/schema\\\/logo\\\/image\\\/\",\"url\":\"https:\\\/\\\/img.maisquecuidar.com\\\/loja\\\/wp-content\\\/uploads\\\/2019\\\/08\\\/logo-mais-que-cuidar-retina.png\",\"contentUrl\":\"https:\\\/\\\/img.maisquecuidar.com\\\/loja\\\/wp-content\\\/uploads\\\/2019\\\/08\\\/logo-mais-que-cuidar-retina.png\",\"width\":565,\"height\":75,\"caption\":\"Mais Que Cuidar\"},\"image\":{\"@id\":\"https:\\\/\\\/www.maisquecuidar.com\\\/loja\\\/#\\\/schema\\\/logo\\\/image\\\/\"},\"sameAs\":[\"https:\\\/\\\/www.facebook.com\\\/maisquecuidar.pt\",\"https:\\\/\\\/www.instagram.com\\\/maisquecuidar\"]}]}<\/script>\n<!-- \/ Yoast SEO plugin. -->","yoast_head_json":{"title":"Cadeira de Rodas Kuschall K-SERIES 2.0 Invacare","description":"Conhe\u00e7a a cadeira de rodas ativa Kuschall K-Series da Invacare, desenhada para utilizadores que procuram leveza, robustez e manobrabilidade.","robots":{"index":"index","follow":"follow","max-snippet":"max-snippet:-1","max-image-preview":"max-image-preview:large","max-video-preview":"max-video-preview:-1"},"canonical":"https:\/\/www.maisquecuidar.com\/loja\/mais-mobilidade\/cadeiras-de-rodas\/activas\/cadeira-de-rodas-kuschall-k-series","og_locale":"pt_PT","og_type":"article","og_title":"Cadeira de Rodas Kuschall K-SERIES 2.0 Invacare","og_description":"Conhe\u00e7a a cadeira de rodas ativa Kuschall K-Series da Invacare, desenhada para utilizadores que procuram leveza, robustez e manobrabilidade.","og_url":"https:\/\/www.maisquecuidar.com\/loja\/mais-mobilidade\/cadeiras-de-rodas\/activas\/cadeira-de-rodas-kuschall-k-series","og_site_name":"Mais que Cuidar","article_publisher":"https:\/\/www.facebook.com\/maisquecuidar.pt","article_modified_time":"2026-02-25T10:59:35+00:00","og_image":[{"width":1280,"height":800,"url":"https:\/\/img.maisquecuidar.com\/loja\/wp-content\/uploads\/2017\/01\/Kuschall-k-series.png","type":"image\/png"}],"twitter_misc":{"Tempo estimado de leitura":"2 minutos"},"schema":{"@context":"https:\/\/schema.org","@graph":[{"@type":"WebPage","@id":"https:\/\/www.maisquecuidar.com\/loja\/mais-mobilidade\/cadeiras-de-rodas\/activas\/cadeira-de-rodas-kuschall-k-series","url":"https:\/\/www.maisquecuidar.com\/loja\/mais-mobilidade\/cadeiras-de-rodas\/activas\/cadeira-de-rodas-kuschall-k-series","name":"Cadeira de Rodas Kuschall K-SERIES 2.0 Invacare","isPartOf":{"@id":"https:\/\/www.maisquecuidar.com\/loja\/#website"},"primaryImageOfPage":{"@id":"https:\/\/www.maisquecuidar.com\/loja\/mais-mobilidade\/cadeiras-de-rodas\/activas\/cadeira-de-rodas-kuschall-k-series#primaryimage"},"image":{"@id":"https:\/\/www.maisquecuidar.com\/loja\/mais-mobilidade\/cadeiras-de-rodas\/activas\/cadeira-de-rodas-kuschall-k-series#primaryimage"},"thumbnailUrl":"https:\/\/img.maisquecuidar.com\/loja\/wp-content\/uploads\/2017\/01\/Kuschall-k-series.png","datePublished":"2017-01-16T11:11:32+00:00","dateModified":"2026-02-25T10:59:35+00:00","description":"Conhe\u00e7a a cadeira de rodas ativa Kuschall K-Series da Invacare, desenhada para utilizadores que procuram leveza, robustez e manobrabilidade.","breadcrumb":{"@id":"https:\/\/www.maisquecuidar.com\/loja\/mais-mobilidade\/cadeiras-de-rodas\/activas\/cadeira-de-rodas-kuschall-k-series#breadcrumb"},"inLanguage":"pt-PT","potentialAction":[{"@type":"ReadAction","target":["https:\/\/www.maisquecuidar.com\/loja\/mais-mobilidade\/cadeiras-de-rodas\/activas\/cadeira-de-rodas-kuschall-k-series"]}]},{"@type":"ImageObject","inLanguage":"pt-PT","@id":"https:\/\/www.maisquecuidar.com\/loja\/mais-mobilidade\/cadeiras-de-rodas\/activas\/cadeira-de-rodas-kuschall-k-series#primaryimage","url":"https:\/\/img.maisquecuidar.com\/loja\/wp-content\/uploads\/2017\/01\/Kuschall-k-series.png","contentUrl":"https:\/\/img.maisquecuidar.com\/loja\/wp-content\/uploads\/2017\/01\/Kuschall-k-series.png","width":1280,"height":800,"caption":"Kuschall K-series Invacare"},{"@type":"BreadcrumbList","@id":"https:\/\/www.maisquecuidar.com\/loja\/mais-mobilidade\/cadeiras-de-rodas\/activas\/cadeira-de-rodas-kuschall-k-series#breadcrumb","itemListElement":[{"@type":"ListItem","position":1,"name":"Home","item":"https:\/\/www.maisquecuidar.com\/loja\/"},{"@type":"ListItem","position":2,"name":"Loja Online de Ortopedia e Geriatria em Portugal","item":"https:\/\/www.maisquecuidar.com\/loja\/loja"},{"@type":"ListItem","position":3,"name":"Mais Mobilidade","item":"https:\/\/www.maisquecuidar.com\/loja\/mais-mobilidade"},{"@type":"ListItem","position":4,"name":"Cadeiras de Rodas","item":"https:\/\/www.maisquecuidar.com\/loja\/mais-mobilidade\/cadeiras-de-rodas"},{"@type":"ListItem","position":5,"name":"Cadeiras de Rodas Activas Ultra Leves","item":"https:\/\/www.maisquecuidar.com\/loja\/mais-mobilidade\/cadeiras-de-rodas\/activas"},{"@type":"ListItem","position":6,"name":"Cadeira de Rodas Kuschall K-SERIES 2.0 Invacare"}]},{"@type":"WebSite","@id":"https:\/\/www.maisquecuidar.com\/loja\/#website","url":"https:\/\/www.maisquecuidar.com\/loja\/","name":"Mais que Cuidar","description":"Sa\u00fade, Ortopedia e Geriatria","publisher":{"@id":"https:\/\/www.maisquecuidar.com\/loja\/#organization"},"potentialAction":[{"@type":"SearchAction","target":{"@type":"EntryPoint","urlTemplate":"https:\/\/www.maisquecuidar.com\/loja\/?s={search_term_string}"},"query-input":{"@type":"PropertyValueSpecification","valueRequired":true,"valueName":"search_term_string"}}],"inLanguage":"pt-PT"},{"@type":"Organization","@id":"https:\/\/www.maisquecuidar.com\/loja\/#organization","name":"Mais Que Cuidar","url":"https:\/\/www.maisquecuidar.com\/loja\/","logo":{"@type":"ImageObject","inLanguage":"pt-PT","@id":"https:\/\/www.maisquecuidar.com\/loja\/#\/schema\/logo\/image\/","url":"https:\/\/img.maisquecuidar.com\/loja\/wp-content\/uploads\/2019\/08\/logo-mais-que-cuidar-retina.png","contentUrl":"https:\/\/img.maisquecuidar.com\/loja\/wp-content\/uploads\/2019\/08\/logo-mais-que-cuidar-retina.png","width":565,"height":75,"caption":"Mais Que Cuidar"},"image":{"@id":"https:\/\/www.maisquecuidar.com\/loja\/#\/schema\/logo\/image\/"},"sameAs":["https:\/\/www.facebook.com\/maisquecuidar.pt","https:\/\/www.instagram.com\/maisquecuidar"]}]}},"_links":{"self":[{"href":"https:\/\/www.maisquecuidar.com\/loja\/wp-json\/wp\/v2\/product\/4676","targetHints":{"allow":["GET"]}}],"collection":[{"href":"https:\/\/www.maisquecuidar.com\/loja\/wp-json\/wp\/v2\/product"}],"about":[{"href":"https:\/\/www.maisquecuidar.com\/loja\/wp-json\/wp\/v2\/types\/product"}],"wp:featuredmedia":[{"embeddable":true,"href":"https:\/\/www.maisquecuidar.com\/loja\/wp-json\/wp\/v2\/media\/17519"}],"wp:attachment":[{"href":"https:\/\/www.maisquecuidar.com\/loja\/wp-json\/wp\/v2\/media?parent=4676"}],"wp:term":[{"taxonomy":"product_brand","embeddable":true,"href":"https:\/\/www.maisquecuidar.com\/loja\/wp-json\/wp\/v2\/product_brand?post=4676"},{"taxonomy":"product_cat","embeddable":true,"href":"https:\/\/www.maisquecuidar.com\/loja\/wp-json\/wp\/v2\/product_cat?post=4676"},{"taxonomy":"product_tag","embeddable":true,"href":"https:\/\/www.maisquecuidar.com\/loja\/wp-json\/wp\/v2\/product_tag?post=4676"}],"curies":[{"name":"wp","href":"https:\/\/api.w.org\/{rel}","templated":true}]}}