{"id":4658,"date":"2017-01-15T22:50:04","date_gmt":"2017-01-15T22:50:04","guid":{"rendered":"https:\/\/www.maisquecuidar.com\/loja\/?post_type=product&#038;p=4658"},"modified":"2026-02-25T10:29:33","modified_gmt":"2026-02-25T10:29:33","slug":"cadeira-de-rodas-action-4","status":"publish","type":"product","link":"https:\/\/www.maisquecuidar.com\/loja\/mais-mobilidade\/cadeiras-de-rodas\/manuais\/cadeira-de-rodas-action-4","title":{"rendered":"Cadeira de rodas Action 4 NG Invacare"},"content":{"rendered":"<p>A cadeira de rodas manual Action 4 NG da Invacare \u00e9 uma cadeira de alum\u00ednio para utilizadores m\u00e9dio-ativos com um sistema de cruzeta dupla para uma condu\u00e7\u00e3o est\u00e1vel e f\u00e1cil.<\/p>\n<h3>Redu\u00e7\u00e3o de peso<\/h3>\n<p>O novo design da forqueta e fixa\u00e7\u00e3o da roda traseira (ambos em alum\u00ednio) permitiu reduzir em 1 kg o peso total da Action4 NG. Esta altera\u00e7\u00e3o de peso n\u00e3o compromete a funcionalidade nem a flexibilidade de ajuste desta cadeira de rodas. Torna-a ainda mais f\u00e1cil de propulsionar e de p\u00f4r e tirar do carro.<\/p>\n<h3>Personaliza\u00e7\u00e3o<\/h3>\n<p>As almofadas e os encostos Matrx podem ser adaptados \u00e0 cadeira de rodas manual Action 4 NG para melhor suporte postural e preven\u00e7\u00e3o de \u00falceras por press\u00e3o.<\/p>\n<p>O chassis das cadeiras de rodas manuais Action4 NG pode tamb\u00e9m ser personalizado ao gosto de cada utilizador, j\u00e1 que pode escolher entre 8 cores que v\u00e3o desde o p\u00farpura, vermelho mate ou verde el\u00e9trico.<\/p>\n<p>Porque cada utilizador tem diferentes necessidades, est\u00e3o dispon\u00edveis v\u00e1rias op\u00e7\u00f5es como apoios de pesco\u00e7o e cabe\u00e7a, apoios de bra\u00e7os e pernas, rodas e cintos p\u00e9lvicos. Est\u00e1 tamb\u00e9m dispon\u00edvel um suporte para amputados e uma vers\u00e3o com aro duplo, ideal para utilizadores hemipl\u00e9gicos.<\/p>\n<p>Todos os componentes (pe\u00e7as) desta cadeira de rodas t\u00eam\u00a0compatibilidade cruzada\u00a0com a restante fam\u00edlia Action, o que significa que o mesmo componente serve para as restantes cadeiras.<\/p>\n<h3>A vers\u00e3o standard inclui:<\/h3>\n<ul>\n<li>\u00e2ngulo do assento ajust\u00e1vel 0\u00ba, 3\u00ba e 6\u00ba com forquetas dianteiras em alum\u00ednio;<\/li>\n<li>tubos de encosto com \u00e2ngulo fixo, altura regul\u00e1vel e punhos integrados;<\/li>\n<li>estrutura de alum\u00ednio com mecanismo de f\u00e1cil encarte por cruzeta dupla de alta resist\u00eancia;<\/li>\n<li>tela de assento ajust\u00e1vel em profundidade em nylon com tiras de faixas aderentes macho\/ f\u00eamea;<\/li>\n<li>encosto almofadado com suporte lombar;<\/li>\n<li>altura traseira e dianteira ajust\u00e1vel;<\/li>\n<li>rodas traseiras com aro motor em alum\u00ednio e eixo de extra\u00e7\u00e3o r\u00e1pida;<\/li>\n<li>apoios de bra\u00e7o rebat\u00edveis e destac\u00e1veis com protetor lateral e almofada tipo secret\u00e1ria;<\/li>\n<li>apoios de p\u00e9s individuais a 80\u00ba ajust\u00e1veis em altura, rebat\u00edveis e destac\u00e1veis.<\/li>\n<\/ul>\n<h3>Vasta gama de op\u00e7\u00f5es dispon\u00edveis:<\/h3>\n<ul>\n<li>encosto regul\u00e1vel em tens\u00e3o;<\/li>\n<li>esticador de encosto para aumentar a estabilidade da tela de encosto;<\/li>\n<li>profundidade de assento regul\u00e1vel;<\/li>\n<li>suporte de soro;<\/li>\n<li>apoios de pernas com \u00e2ngulo regul\u00e1vel ou fixo a 80\u00b0;<\/li>\n<li>tela de encosto bi-material;<\/li>\n<li>v\u00e1rias op\u00e7\u00f5es de apoios de cabe\u00e7a;<\/li>\n<li>trav\u00f5es de punho;<\/li>\n<li>rodas anti-volteio;<\/li>\n<li>vers\u00e3o hemipl\u00e9gico (ISO 12 22 09);<\/li>\n<li>vers\u00e3o tr\u00e2nsito (ISO 12 22 18).<\/li>\n<\/ul>\n<p>&nbsp;<\/p>\n","protected":false},"excerpt":{"rendered":"<p>Cadeira de rodas manual com estrutura de alum\u00ednio com mecanismo de f\u00e1cil encarte por sistema de cruzeta dupla de alta resist\u00eancia.<\/p>\n","protected":false},"featured_media":14684,"template":"","meta":{"_acf_changed":false,"neve_meta_sidebar":"","neve_meta_container":"","neve_meta_enable_content_width":"off","neve_meta_content_width":100,"neve_meta_title_alignment":"","neve_meta_author_avatar":"","neve_post_elements_order":"","neve_meta_disable_header":"","neve_meta_disable_footer":"","neve_meta_disable_title":""},"product_brand":[],"product_cat":[82],"product_tag":[407,417,408,414],"class_list":{"0":"post-4658","1":"product","2":"type-product","3":"status-publish","4":"has-post-thumbnail","6":"product_cat-manuais","7":"product_tag-cadeira-de-rodas","8":"product_tag-cadeira-de-rodas-action-4","9":"product_tag-cadeira-de-rodas-manuais","10":"product_tag-cadeira-rodas-liga-leve","12":"first","13":"onbackorder","14":"taxable","15":"shipping-taxable","16":"purchasable","17":"product-type-variable"},"acf":[],"yoast_head":"<!-- This site is optimized with the Yoast SEO plugin v27.4 - https:\/\/yoast.com\/product\/yoast-seo-wordpress\/ -->\n<title>Cadeira de rodas Action 4 NG Invacare - Mais que Cuidar<\/title>\n<meta name=\"description\" content=\"Conhe\u00e7a a cadeira de rodas manual Action 4 da Invacare com sistema de cruzeta dupla e com chassis de liga leve. Confira o pre\u00e7o.\" \/>\n<meta name=\"robots\" content=\"index, follow, max-snippet:-1, max-image-preview:large, max-video-preview:-1\" \/>\n<link rel=\"canonical\" href=\"https:\/\/www.maisquecuidar.com\/loja\/mais-mobilidade\/cadeiras-de-rodas\/manuais\/cadeira-de-rodas-action-4\" \/>\n<meta property=\"og:locale\" content=\"pt_PT\" \/>\n<meta property=\"og:type\" content=\"article\" \/>\n<meta property=\"og:title\" content=\"Cadeira de rodas Action 4 NG Invacare - Mais que Cuidar\" \/>\n<meta property=\"og:description\" content=\"Conhe\u00e7a a cadeira de rodas manual Action 4 da Invacare com sistema de cruzeta dupla e com chassis de liga leve. Confira o pre\u00e7o.\" \/>\n<meta property=\"og:url\" content=\"https:\/\/www.maisquecuidar.com\/loja\/mais-mobilidade\/cadeiras-de-rodas\/manuais\/cadeira-de-rodas-action-4\" \/>\n<meta property=\"og:site_name\" content=\"Mais que Cuidar\" \/>\n<meta property=\"article:publisher\" content=\"https:\/\/www.facebook.com\/maisquecuidar.pt\" \/>\n<meta property=\"article:modified_time\" content=\"2026-02-25T10:29:33+00:00\" \/>\n<meta property=\"og:image\" content=\"https:\/\/img.maisquecuidar.com\/loja\/wp-content\/uploads\/2017\/01\/cadeira-rodas-action-4.png\" \/>\n\t<meta property=\"og:image:width\" content=\"1280\" \/>\n\t<meta property=\"og:image:height\" content=\"800\" \/>\n\t<meta property=\"og:image:type\" content=\"image\/png\" \/>\n<meta name=\"twitter:label1\" content=\"Tempo estimado de leitura\" \/>\n\t<meta name=\"twitter:data1\" content=\"3 minutos\" \/>\n<script type=\"application\/ld+json\" class=\"yoast-schema-graph\">{\"@context\":\"https:\\\/\\\/schema.org\",\"@graph\":[{\"@type\":\"WebPage\",\"@id\":\"https:\\\/\\\/www.maisquecuidar.com\\\/loja\\\/mais-mobilidade\\\/cadeiras-de-rodas\\\/manuais\\\/cadeira-de-rodas-action-4\",\"url\":\"https:\\\/\\\/www.maisquecuidar.com\\\/loja\\\/mais-mobilidade\\\/cadeiras-de-rodas\\\/manuais\\\/cadeira-de-rodas-action-4\",\"name\":\"Cadeira de rodas Action 4 NG Invacare - Mais que Cuidar\",\"isPartOf\":{\"@id\":\"https:\\\/\\\/www.maisquecuidar.com\\\/loja\\\/#website\"},\"primaryImageOfPage\":{\"@id\":\"https:\\\/\\\/www.maisquecuidar.com\\\/loja\\\/mais-mobilidade\\\/cadeiras-de-rodas\\\/manuais\\\/cadeira-de-rodas-action-4#primaryimage\"},\"image\":{\"@id\":\"https:\\\/\\\/www.maisquecuidar.com\\\/loja\\\/mais-mobilidade\\\/cadeiras-de-rodas\\\/manuais\\\/cadeira-de-rodas-action-4#primaryimage\"},\"thumbnailUrl\":\"https:\\\/\\\/img.maisquecuidar.com\\\/loja\\\/wp-content\\\/uploads\\\/2017\\\/01\\\/cadeira-rodas-action-4.png\",\"datePublished\":\"2017-01-15T22:50:04+00:00\",\"dateModified\":\"2026-02-25T10:29:33+00:00\",\"description\":\"Conhe\u00e7a a cadeira de rodas manual Action 4 da Invacare com sistema de cruzeta dupla e com chassis de liga leve. Confira o pre\u00e7o.\",\"breadcrumb\":{\"@id\":\"https:\\\/\\\/www.maisquecuidar.com\\\/loja\\\/mais-mobilidade\\\/cadeiras-de-rodas\\\/manuais\\\/cadeira-de-rodas-action-4#breadcrumb\"},\"inLanguage\":\"pt-PT\",\"potentialAction\":[{\"@type\":\"ReadAction\",\"target\":[\"https:\\\/\\\/www.maisquecuidar.com\\\/loja\\\/mais-mobilidade\\\/cadeiras-de-rodas\\\/manuais\\\/cadeira-de-rodas-action-4\"]}]},{\"@type\":\"ImageObject\",\"inLanguage\":\"pt-PT\",\"@id\":\"https:\\\/\\\/www.maisquecuidar.com\\\/loja\\\/mais-mobilidade\\\/cadeiras-de-rodas\\\/manuais\\\/cadeira-de-rodas-action-4#primaryimage\",\"url\":\"https:\\\/\\\/img.maisquecuidar.com\\\/loja\\\/wp-content\\\/uploads\\\/2017\\\/01\\\/cadeira-rodas-action-4.png\",\"contentUrl\":\"https:\\\/\\\/img.maisquecuidar.com\\\/loja\\\/wp-content\\\/uploads\\\/2017\\\/01\\\/cadeira-rodas-action-4.png\",\"width\":1280,\"height\":800,\"caption\":\"Cadeira de rodas Action 4\"},{\"@type\":\"BreadcrumbList\",\"@id\":\"https:\\\/\\\/www.maisquecuidar.com\\\/loja\\\/mais-mobilidade\\\/cadeiras-de-rodas\\\/manuais\\\/cadeira-de-rodas-action-4#breadcrumb\",\"itemListElement\":[{\"@type\":\"ListItem\",\"position\":1,\"name\":\"Home\",\"item\":\"https:\\\/\\\/www.maisquecuidar.com\\\/loja\\\/\"},{\"@type\":\"ListItem\",\"position\":2,\"name\":\"Loja Online de Ortopedia e Geriatria em Portugal\",\"item\":\"https:\\\/\\\/www.maisquecuidar.com\\\/loja\\\/loja\"},{\"@type\":\"ListItem\",\"position\":3,\"name\":\"Mais Mobilidade\",\"item\":\"https:\\\/\\\/www.maisquecuidar.com\\\/loja\\\/mais-mobilidade\"},{\"@type\":\"ListItem\",\"position\":4,\"name\":\"Cadeiras de Rodas\",\"item\":\"https:\\\/\\\/www.maisquecuidar.com\\\/loja\\\/mais-mobilidade\\\/cadeiras-de-rodas\"},{\"@type\":\"ListItem\",\"position\":5,\"name\":\"Cadeiras de Rodas Manuais\",\"item\":\"https:\\\/\\\/www.maisquecuidar.com\\\/loja\\\/mais-mobilidade\\\/cadeiras-de-rodas\\\/manuais\"},{\"@type\":\"ListItem\",\"position\":6,\"name\":\"Cadeira de rodas Action 4 NG Invacare\"}]},{\"@type\":\"WebSite\",\"@id\":\"https:\\\/\\\/www.maisquecuidar.com\\\/loja\\\/#website\",\"url\":\"https:\\\/\\\/www.maisquecuidar.com\\\/loja\\\/\",\"name\":\"Mais que Cuidar\",\"description\":\"Sa\u00fade, Ortopedia e Geriatria\",\"publisher\":{\"@id\":\"https:\\\/\\\/www.maisquecuidar.com\\\/loja\\\/#organization\"},\"potentialAction\":[{\"@type\":\"SearchAction\",\"target\":{\"@type\":\"EntryPoint\",\"urlTemplate\":\"https:\\\/\\\/www.maisquecuidar.com\\\/loja\\\/?s={search_term_string}\"},\"query-input\":{\"@type\":\"PropertyValueSpecification\",\"valueRequired\":true,\"valueName\":\"search_term_string\"}}],\"inLanguage\":\"pt-PT\"},{\"@type\":\"Organization\",\"@id\":\"https:\\\/\\\/www.maisquecuidar.com\\\/loja\\\/#organization\",\"name\":\"Mais Que Cuidar\",\"url\":\"https:\\\/\\\/www.maisquecuidar.com\\\/loja\\\/\",\"logo\":{\"@type\":\"ImageObject\",\"inLanguage\":\"pt-PT\",\"@id\":\"https:\\\/\\\/www.maisquecuidar.com\\\/loja\\\/#\\\/schema\\\/logo\\\/image\\\/\",\"url\":\"https:\\\/\\\/img.maisquecuidar.com\\\/loja\\\/wp-content\\\/uploads\\\/2019\\\/08\\\/logo-mais-que-cuidar-retina.png\",\"contentUrl\":\"https:\\\/\\\/img.maisquecuidar.com\\\/loja\\\/wp-content\\\/uploads\\\/2019\\\/08\\\/logo-mais-que-cuidar-retina.png\",\"width\":565,\"height\":75,\"caption\":\"Mais Que Cuidar\"},\"image\":{\"@id\":\"https:\\\/\\\/www.maisquecuidar.com\\\/loja\\\/#\\\/schema\\\/logo\\\/image\\\/\"},\"sameAs\":[\"https:\\\/\\\/www.facebook.com\\\/maisquecuidar.pt\",\"https:\\\/\\\/www.instagram.com\\\/maisquecuidar\"]}]}<\/script>\n<!-- \/ Yoast SEO plugin. -->","yoast_head_json":{"title":"Cadeira de rodas Action 4 NG Invacare - Mais que Cuidar","description":"Conhe\u00e7a a cadeira de rodas manual Action 4 da Invacare com sistema de cruzeta dupla e com chassis de liga leve. Confira o pre\u00e7o.","robots":{"index":"index","follow":"follow","max-snippet":"max-snippet:-1","max-image-preview":"max-image-preview:large","max-video-preview":"max-video-preview:-1"},"canonical":"https:\/\/www.maisquecuidar.com\/loja\/mais-mobilidade\/cadeiras-de-rodas\/manuais\/cadeira-de-rodas-action-4","og_locale":"pt_PT","og_type":"article","og_title":"Cadeira de rodas Action 4 NG Invacare - Mais que Cuidar","og_description":"Conhe\u00e7a a cadeira de rodas manual Action 4 da Invacare com sistema de cruzeta dupla e com chassis de liga leve. Confira o pre\u00e7o.","og_url":"https:\/\/www.maisquecuidar.com\/loja\/mais-mobilidade\/cadeiras-de-rodas\/manuais\/cadeira-de-rodas-action-4","og_site_name":"Mais que Cuidar","article_publisher":"https:\/\/www.facebook.com\/maisquecuidar.pt","article_modified_time":"2026-02-25T10:29:33+00:00","og_image":[{"width":1280,"height":800,"url":"https:\/\/img.maisquecuidar.com\/loja\/wp-content\/uploads\/2017\/01\/cadeira-rodas-action-4.png","type":"image\/png"}],"twitter_misc":{"Tempo estimado de leitura":"3 minutos"},"schema":{"@context":"https:\/\/schema.org","@graph":[{"@type":"WebPage","@id":"https:\/\/www.maisquecuidar.com\/loja\/mais-mobilidade\/cadeiras-de-rodas\/manuais\/cadeira-de-rodas-action-4","url":"https:\/\/www.maisquecuidar.com\/loja\/mais-mobilidade\/cadeiras-de-rodas\/manuais\/cadeira-de-rodas-action-4","name":"Cadeira de rodas Action 4 NG Invacare - Mais que Cuidar","isPartOf":{"@id":"https:\/\/www.maisquecuidar.com\/loja\/#website"},"primaryImageOfPage":{"@id":"https:\/\/www.maisquecuidar.com\/loja\/mais-mobilidade\/cadeiras-de-rodas\/manuais\/cadeira-de-rodas-action-4#primaryimage"},"image":{"@id":"https:\/\/www.maisquecuidar.com\/loja\/mais-mobilidade\/cadeiras-de-rodas\/manuais\/cadeira-de-rodas-action-4#primaryimage"},"thumbnailUrl":"https:\/\/img.maisquecuidar.com\/loja\/wp-content\/uploads\/2017\/01\/cadeira-rodas-action-4.png","datePublished":"2017-01-15T22:50:04+00:00","dateModified":"2026-02-25T10:29:33+00:00","description":"Conhe\u00e7a a cadeira de rodas manual Action 4 da Invacare com sistema de cruzeta dupla e com chassis de liga leve. Confira o pre\u00e7o.","breadcrumb":{"@id":"https:\/\/www.maisquecuidar.com\/loja\/mais-mobilidade\/cadeiras-de-rodas\/manuais\/cadeira-de-rodas-action-4#breadcrumb"},"inLanguage":"pt-PT","potentialAction":[{"@type":"ReadAction","target":["https:\/\/www.maisquecuidar.com\/loja\/mais-mobilidade\/cadeiras-de-rodas\/manuais\/cadeira-de-rodas-action-4"]}]},{"@type":"ImageObject","inLanguage":"pt-PT","@id":"https:\/\/www.maisquecuidar.com\/loja\/mais-mobilidade\/cadeiras-de-rodas\/manuais\/cadeira-de-rodas-action-4#primaryimage","url":"https:\/\/img.maisquecuidar.com\/loja\/wp-content\/uploads\/2017\/01\/cadeira-rodas-action-4.png","contentUrl":"https:\/\/img.maisquecuidar.com\/loja\/wp-content\/uploads\/2017\/01\/cadeira-rodas-action-4.png","width":1280,"height":800,"caption":"Cadeira de rodas Action 4"},{"@type":"BreadcrumbList","@id":"https:\/\/www.maisquecuidar.com\/loja\/mais-mobilidade\/cadeiras-de-rodas\/manuais\/cadeira-de-rodas-action-4#breadcrumb","itemListElement":[{"@type":"ListItem","position":1,"name":"Home","item":"https:\/\/www.maisquecuidar.com\/loja\/"},{"@type":"ListItem","position":2,"name":"Loja Online de Ortopedia e Geriatria em Portugal","item":"https:\/\/www.maisquecuidar.com\/loja\/loja"},{"@type":"ListItem","position":3,"name":"Mais Mobilidade","item":"https:\/\/www.maisquecuidar.com\/loja\/mais-mobilidade"},{"@type":"ListItem","position":4,"name":"Cadeiras de Rodas","item":"https:\/\/www.maisquecuidar.com\/loja\/mais-mobilidade\/cadeiras-de-rodas"},{"@type":"ListItem","position":5,"name":"Cadeiras de Rodas Manuais","item":"https:\/\/www.maisquecuidar.com\/loja\/mais-mobilidade\/cadeiras-de-rodas\/manuais"},{"@type":"ListItem","position":6,"name":"Cadeira de rodas Action 4 NG Invacare"}]},{"@type":"WebSite","@id":"https:\/\/www.maisquecuidar.com\/loja\/#website","url":"https:\/\/www.maisquecuidar.com\/loja\/","name":"Mais que Cuidar","description":"Sa\u00fade, Ortopedia e Geriatria","publisher":{"@id":"https:\/\/www.maisquecuidar.com\/loja\/#organization"},"potentialAction":[{"@type":"SearchAction","target":{"@type":"EntryPoint","urlTemplate":"https:\/\/www.maisquecuidar.com\/loja\/?s={search_term_string}"},"query-input":{"@type":"PropertyValueSpecification","valueRequired":true,"valueName":"search_term_string"}}],"inLanguage":"pt-PT"},{"@type":"Organization","@id":"https:\/\/www.maisquecuidar.com\/loja\/#organization","name":"Mais Que Cuidar","url":"https:\/\/www.maisquecuidar.com\/loja\/","logo":{"@type":"ImageObject","inLanguage":"pt-PT","@id":"https:\/\/www.maisquecuidar.com\/loja\/#\/schema\/logo\/image\/","url":"https:\/\/img.maisquecuidar.com\/loja\/wp-content\/uploads\/2019\/08\/logo-mais-que-cuidar-retina.png","contentUrl":"https:\/\/img.maisquecuidar.com\/loja\/wp-content\/uploads\/2019\/08\/logo-mais-que-cuidar-retina.png","width":565,"height":75,"caption":"Mais Que Cuidar"},"image":{"@id":"https:\/\/www.maisquecuidar.com\/loja\/#\/schema\/logo\/image\/"},"sameAs":["https:\/\/www.facebook.com\/maisquecuidar.pt","https:\/\/www.instagram.com\/maisquecuidar"]}]}},"_links":{"self":[{"href":"https:\/\/www.maisquecuidar.com\/loja\/wp-json\/wp\/v2\/product\/4658","targetHints":{"allow":["GET"]}}],"collection":[{"href":"https:\/\/www.maisquecuidar.com\/loja\/wp-json\/wp\/v2\/product"}],"about":[{"href":"https:\/\/www.maisquecuidar.com\/loja\/wp-json\/wp\/v2\/types\/product"}],"wp:featuredmedia":[{"embeddable":true,"href":"https:\/\/www.maisquecuidar.com\/loja\/wp-json\/wp\/v2\/media\/14684"}],"wp:attachment":[{"href":"https:\/\/www.maisquecuidar.com\/loja\/wp-json\/wp\/v2\/media?parent=4658"}],"wp:term":[{"taxonomy":"product_brand","embeddable":true,"href":"https:\/\/www.maisquecuidar.com\/loja\/wp-json\/wp\/v2\/product_brand?post=4658"},{"taxonomy":"product_cat","embeddable":true,"href":"https:\/\/www.maisquecuidar.com\/loja\/wp-json\/wp\/v2\/product_cat?post=4658"},{"taxonomy":"product_tag","embeddable":true,"href":"https:\/\/www.maisquecuidar.com\/loja\/wp-json\/wp\/v2\/product_tag?post=4658"}],"curies":[{"name":"wp","href":"https:\/\/api.w.org\/{rel}","templated":true}]}}