{"id":4650,"date":"2017-01-15T22:22:20","date_gmt":"2017-01-15T22:22:20","guid":{"rendered":"https:\/\/www.maisquecuidar.com\/loja\/?post_type=product&#038;p=4650"},"modified":"2026-04-07T18:57:30","modified_gmt":"2026-04-07T17:57:30","slug":"cadeira-de-rodas-action-2","status":"publish","type":"product","link":"https:\/\/www.maisquecuidar.com\/loja\/mais-mobilidade\/cadeiras-de-rodas\/manuais\/cadeira-de-rodas-action-2","title":{"rendered":"Cadeira de Rodas Manual Invacare Action 2 NG"},"content":{"rendered":"<p><strong>Cadeira de Rodas Manual Action 2 NG<\/strong><\/p>\n<p>Possui chassis em alum\u00ednio e com estrutura de encartar (dobr\u00e1vel) para facilitar o transporte. Tem um peso total reduzido para f\u00e1cil manuseio e boas caracter\u00edsticas de condu\u00e7\u00e3o.<\/p>\n<p>A Action2 NG tem apoios de bra\u00e7os rebat\u00edveis que facilitam as transfer\u00eancias laterais. \u00c9 o modelo ideal para utilizadores que procuram uma cadeira leve, c\u00f3moda e segura, com total fiabilidade.<\/p>\n<p>\u00c9 a cadeira mais econ\u00f3mica da fam\u00edlia Action e tem compatibilidade cruzada de pe\u00e7as com a restante gama de\u00a0cadeiras de rodas\u00a0manuais.<\/p>\n<p>Inclui de s\u00e9rie encosto fixo com estofo almofadado; apoios de bra\u00e7os rebat\u00edveis para facilitar as transfer\u00eancias e eixos de extra\u00e7\u00e3o r\u00e1pida com aro de alum\u00ednio anodizado.<\/p>\n<p>Vasta gama de op\u00e7\u00f5es dispon\u00edveis compat\u00edveis com restante gama Action, que incluem apoio de pernas elevat\u00f3rios, apoio de cabe\u00e7a, suporte de soro, assento sanit\u00e1rio, mesa, suporte para amputados, rodas anti-volteio, entre outros.<\/p>\n<p><strong>Configura\u00e7\u00e3o Standard:<\/strong><\/p>\n<ul>\n<li>chassis em alum\u00ednio<\/li>\n<li>tela de assento em nylon 40 cm profundidade<\/li>\n<li>encosto fixo com tela em nylon almofadado, altura 43cm<\/li>\n<li>altura assento-ch\u00e3o standard de 48,5cm<\/li>\n<li>apoios de pernas a 80\u00ba destac\u00e1veis e girat\u00f3rios, com patins rebat\u00edveis<\/li>\n<li>apoios de bra\u00e7os rebat\u00edveis e destac\u00e1veis, altura 24 cm<\/li>\n<li>rodas traseiras 24\u2033 pneum\u00e1ticas, aro motor alum\u00ednio<\/li>\n<li>rodas dianteiras 6\u2033 x 1. \u00bc\u201d maci\u00e7as<\/li>\n<li>trav\u00e3o standard<\/li>\n<li>cor de chassis cinza claro<\/li>\n<\/ul>\n","protected":false},"excerpt":{"rendered":"<p>PROMO\u00c7\u00c3O V\u00c1LIDA DE 08 a 14 DE ABRIL DE 2026<\/p>\n<p>Cadeira de rodas manual de liga-leve, com estrutura de encartar em alum\u00ednio.<\/p>\n<p>O modelo ideal para utilizadores que procuram uma cadeira leve, c\u00f3moda, segura e totalmente fi\u00e1vel.<\/p>\n","protected":false},"featured_media":14896,"template":"","meta":{"_acf_changed":false,"neve_meta_sidebar":"","neve_meta_container":"","neve_meta_enable_content_width":"off","neve_meta_content_width":100,"neve_meta_title_alignment":"","neve_meta_author_avatar":"","neve_post_elements_order":"","neve_meta_disable_header":"","neve_meta_disable_footer":"","neve_meta_disable_title":""},"product_brand":[],"product_cat":[82],"product_tag":[407,415,408,414],"class_list":{"0":"post-4650","1":"product","2":"type-product","3":"status-publish","4":"has-post-thumbnail","6":"product_cat-manuais","7":"product_tag-cadeira-de-rodas","8":"product_tag-cadeira-de-rodas-action-2","9":"product_tag-cadeira-de-rodas-manuais","10":"product_tag-cadeira-rodas-liga-leve","12":"first","13":"instock","14":"sale","15":"taxable","16":"shipping-taxable","17":"purchasable","18":"product-type-simple"},"acf":[],"yoast_head":"<!-- This site is optimized with the Yoast SEO plugin v27.3 - https:\/\/yoast.com\/product\/yoast-seo-wordpress\/ -->\n<title>Cadeira de Rodas Manual Action 2 - Pre\u00e7o - Mais que Cuidar<\/title>\n<meta name=\"description\" content=\"Conhe\u00e7a a cadeira de rodas manual de liga leve Action 2 da Invacare. Confira as caracter\u00edsticas e o pre\u00e7o. Marque uma demonstra\u00e7\u00e3o gratuita!\" \/>\n<meta name=\"robots\" content=\"index, follow, max-snippet:-1, max-image-preview:large, max-video-preview:-1\" \/>\n<link rel=\"canonical\" href=\"https:\/\/www.maisquecuidar.com\/loja\/mais-mobilidade\/cadeiras-de-rodas\/manuais\/cadeira-de-rodas-action-2\" \/>\n<meta property=\"og:locale\" content=\"pt_PT\" \/>\n<meta property=\"og:type\" content=\"article\" \/>\n<meta property=\"og:title\" content=\"Cadeira de Rodas Manual Action 2 - Pre\u00e7o - Mais que Cuidar\" \/>\n<meta property=\"og:description\" content=\"Conhe\u00e7a a cadeira de rodas manual de liga leve Action 2 da Invacare. Confira as caracter\u00edsticas e o pre\u00e7o. Marque uma demonstra\u00e7\u00e3o gratuita!\" \/>\n<meta property=\"og:url\" content=\"https:\/\/www.maisquecuidar.com\/loja\/mais-mobilidade\/cadeiras-de-rodas\/manuais\/cadeira-de-rodas-action-2\" \/>\n<meta property=\"og:site_name\" content=\"Mais que Cuidar\" \/>\n<meta property=\"article:publisher\" content=\"https:\/\/www.facebook.com\/maisquecuidar.pt\" \/>\n<meta property=\"article:modified_time\" content=\"2026-04-07T17:57:30+00:00\" \/>\n<meta property=\"og:image\" content=\"https:\/\/img.maisquecuidar.com\/loja\/wp-content\/uploads\/2017\/01\/action-2-cadeira-liga-leve.png\" \/>\n\t<meta property=\"og:image:width\" content=\"1280\" \/>\n\t<meta property=\"og:image:height\" content=\"800\" \/>\n\t<meta property=\"og:image:type\" content=\"image\/png\" \/>\n<meta name=\"twitter:label1\" content=\"Tempo estimado de leitura\" \/>\n\t<meta name=\"twitter:data1\" content=\"2 minutos\" \/>\n<script type=\"application\/ld+json\" class=\"yoast-schema-graph\">{\"@context\":\"https:\\\/\\\/schema.org\",\"@graph\":[{\"@type\":\"WebPage\",\"@id\":\"https:\\\/\\\/www.maisquecuidar.com\\\/loja\\\/mais-mobilidade\\\/cadeiras-de-rodas\\\/manuais\\\/cadeira-de-rodas-action-2\",\"url\":\"https:\\\/\\\/www.maisquecuidar.com\\\/loja\\\/mais-mobilidade\\\/cadeiras-de-rodas\\\/manuais\\\/cadeira-de-rodas-action-2\",\"name\":\"Cadeira de Rodas Manual Action 2 - Pre\u00e7o - Mais que Cuidar\",\"isPartOf\":{\"@id\":\"https:\\\/\\\/www.maisquecuidar.com\\\/loja\\\/#website\"},\"primaryImageOfPage\":{\"@id\":\"https:\\\/\\\/www.maisquecuidar.com\\\/loja\\\/mais-mobilidade\\\/cadeiras-de-rodas\\\/manuais\\\/cadeira-de-rodas-action-2#primaryimage\"},\"image\":{\"@id\":\"https:\\\/\\\/www.maisquecuidar.com\\\/loja\\\/mais-mobilidade\\\/cadeiras-de-rodas\\\/manuais\\\/cadeira-de-rodas-action-2#primaryimage\"},\"thumbnailUrl\":\"https:\\\/\\\/img.maisquecuidar.com\\\/loja\\\/wp-content\\\/uploads\\\/2017\\\/01\\\/action-2-cadeira-liga-leve.png\",\"datePublished\":\"2017-01-15T22:22:20+00:00\",\"dateModified\":\"2026-04-07T17:57:30+00:00\",\"description\":\"Conhe\u00e7a a cadeira de rodas manual de liga leve Action 2 da Invacare. Confira as caracter\u00edsticas e o pre\u00e7o. Marque uma demonstra\u00e7\u00e3o gratuita!\",\"breadcrumb\":{\"@id\":\"https:\\\/\\\/www.maisquecuidar.com\\\/loja\\\/mais-mobilidade\\\/cadeiras-de-rodas\\\/manuais\\\/cadeira-de-rodas-action-2#breadcrumb\"},\"inLanguage\":\"pt-PT\",\"potentialAction\":[{\"@type\":\"ReadAction\",\"target\":[\"https:\\\/\\\/www.maisquecuidar.com\\\/loja\\\/mais-mobilidade\\\/cadeiras-de-rodas\\\/manuais\\\/cadeira-de-rodas-action-2\"]}]},{\"@type\":\"ImageObject\",\"inLanguage\":\"pt-PT\",\"@id\":\"https:\\\/\\\/www.maisquecuidar.com\\\/loja\\\/mais-mobilidade\\\/cadeiras-de-rodas\\\/manuais\\\/cadeira-de-rodas-action-2#primaryimage\",\"url\":\"https:\\\/\\\/img.maisquecuidar.com\\\/loja\\\/wp-content\\\/uploads\\\/2017\\\/01\\\/action-2-cadeira-liga-leve.png\",\"contentUrl\":\"https:\\\/\\\/img.maisquecuidar.com\\\/loja\\\/wp-content\\\/uploads\\\/2017\\\/01\\\/action-2-cadeira-liga-leve.png\",\"width\":1280,\"height\":800,\"caption\":\"Action 2 cadeira de rodas liga leve Invacare\"},{\"@type\":\"BreadcrumbList\",\"@id\":\"https:\\\/\\\/www.maisquecuidar.com\\\/loja\\\/mais-mobilidade\\\/cadeiras-de-rodas\\\/manuais\\\/cadeira-de-rodas-action-2#breadcrumb\",\"itemListElement\":[{\"@type\":\"ListItem\",\"position\":1,\"name\":\"Home\",\"item\":\"https:\\\/\\\/www.maisquecuidar.com\\\/loja\\\/\"},{\"@type\":\"ListItem\",\"position\":2,\"name\":\"Loja Online de Ortopedia e Geriatria em Portugal\",\"item\":\"https:\\\/\\\/www.maisquecuidar.com\\\/loja\\\/loja\"},{\"@type\":\"ListItem\",\"position\":3,\"name\":\"Mais Mobilidade\",\"item\":\"https:\\\/\\\/www.maisquecuidar.com\\\/loja\\\/mais-mobilidade\"},{\"@type\":\"ListItem\",\"position\":4,\"name\":\"Cadeiras de Rodas\",\"item\":\"https:\\\/\\\/www.maisquecuidar.com\\\/loja\\\/mais-mobilidade\\\/cadeiras-de-rodas\"},{\"@type\":\"ListItem\",\"position\":5,\"name\":\"Cadeiras de Rodas Manuais\",\"item\":\"https:\\\/\\\/www.maisquecuidar.com\\\/loja\\\/mais-mobilidade\\\/cadeiras-de-rodas\\\/manuais\"},{\"@type\":\"ListItem\",\"position\":6,\"name\":\"Cadeira de Rodas Manual Invacare Action 2 NG\"}]},{\"@type\":\"WebSite\",\"@id\":\"https:\\\/\\\/www.maisquecuidar.com\\\/loja\\\/#website\",\"url\":\"https:\\\/\\\/www.maisquecuidar.com\\\/loja\\\/\",\"name\":\"Mais que Cuidar\",\"description\":\"Sa\u00fade, Ortopedia e Geriatria\",\"publisher\":{\"@id\":\"https:\\\/\\\/www.maisquecuidar.com\\\/loja\\\/#organization\"},\"potentialAction\":[{\"@type\":\"SearchAction\",\"target\":{\"@type\":\"EntryPoint\",\"urlTemplate\":\"https:\\\/\\\/www.maisquecuidar.com\\\/loja\\\/?s={search_term_string}\"},\"query-input\":{\"@type\":\"PropertyValueSpecification\",\"valueRequired\":true,\"valueName\":\"search_term_string\"}}],\"inLanguage\":\"pt-PT\"},{\"@type\":\"Organization\",\"@id\":\"https:\\\/\\\/www.maisquecuidar.com\\\/loja\\\/#organization\",\"name\":\"Mais Que Cuidar\",\"url\":\"https:\\\/\\\/www.maisquecuidar.com\\\/loja\\\/\",\"logo\":{\"@type\":\"ImageObject\",\"inLanguage\":\"pt-PT\",\"@id\":\"https:\\\/\\\/www.maisquecuidar.com\\\/loja\\\/#\\\/schema\\\/logo\\\/image\\\/\",\"url\":\"https:\\\/\\\/img.maisquecuidar.com\\\/loja\\\/wp-content\\\/uploads\\\/2019\\\/08\\\/logo-mais-que-cuidar-retina.png\",\"contentUrl\":\"https:\\\/\\\/img.maisquecuidar.com\\\/loja\\\/wp-content\\\/uploads\\\/2019\\\/08\\\/logo-mais-que-cuidar-retina.png\",\"width\":565,\"height\":75,\"caption\":\"Mais Que Cuidar\"},\"image\":{\"@id\":\"https:\\\/\\\/www.maisquecuidar.com\\\/loja\\\/#\\\/schema\\\/logo\\\/image\\\/\"},\"sameAs\":[\"https:\\\/\\\/www.facebook.com\\\/maisquecuidar.pt\",\"https:\\\/\\\/www.instagram.com\\\/maisquecuidar\"]}]}<\/script>\n<!-- \/ Yoast SEO plugin. -->","yoast_head_json":{"title":"Cadeira de Rodas Manual Action 2 - Pre\u00e7o - Mais que Cuidar","description":"Conhe\u00e7a a cadeira de rodas manual de liga leve Action 2 da Invacare. Confira as caracter\u00edsticas e o pre\u00e7o. Marque uma demonstra\u00e7\u00e3o gratuita!","robots":{"index":"index","follow":"follow","max-snippet":"max-snippet:-1","max-image-preview":"max-image-preview:large","max-video-preview":"max-video-preview:-1"},"canonical":"https:\/\/www.maisquecuidar.com\/loja\/mais-mobilidade\/cadeiras-de-rodas\/manuais\/cadeira-de-rodas-action-2","og_locale":"pt_PT","og_type":"article","og_title":"Cadeira de Rodas Manual Action 2 - Pre\u00e7o - Mais que Cuidar","og_description":"Conhe\u00e7a a cadeira de rodas manual de liga leve Action 2 da Invacare. Confira as caracter\u00edsticas e o pre\u00e7o. Marque uma demonstra\u00e7\u00e3o gratuita!","og_url":"https:\/\/www.maisquecuidar.com\/loja\/mais-mobilidade\/cadeiras-de-rodas\/manuais\/cadeira-de-rodas-action-2","og_site_name":"Mais que Cuidar","article_publisher":"https:\/\/www.facebook.com\/maisquecuidar.pt","article_modified_time":"2026-04-07T17:57:30+00:00","og_image":[{"width":1280,"height":800,"url":"https:\/\/img.maisquecuidar.com\/loja\/wp-content\/uploads\/2017\/01\/action-2-cadeira-liga-leve.png","type":"image\/png"}],"twitter_misc":{"Tempo estimado de leitura":"2 minutos"},"schema":{"@context":"https:\/\/schema.org","@graph":[{"@type":"WebPage","@id":"https:\/\/www.maisquecuidar.com\/loja\/mais-mobilidade\/cadeiras-de-rodas\/manuais\/cadeira-de-rodas-action-2","url":"https:\/\/www.maisquecuidar.com\/loja\/mais-mobilidade\/cadeiras-de-rodas\/manuais\/cadeira-de-rodas-action-2","name":"Cadeira de Rodas Manual Action 2 - Pre\u00e7o - Mais que Cuidar","isPartOf":{"@id":"https:\/\/www.maisquecuidar.com\/loja\/#website"},"primaryImageOfPage":{"@id":"https:\/\/www.maisquecuidar.com\/loja\/mais-mobilidade\/cadeiras-de-rodas\/manuais\/cadeira-de-rodas-action-2#primaryimage"},"image":{"@id":"https:\/\/www.maisquecuidar.com\/loja\/mais-mobilidade\/cadeiras-de-rodas\/manuais\/cadeira-de-rodas-action-2#primaryimage"},"thumbnailUrl":"https:\/\/img.maisquecuidar.com\/loja\/wp-content\/uploads\/2017\/01\/action-2-cadeira-liga-leve.png","datePublished":"2017-01-15T22:22:20+00:00","dateModified":"2026-04-07T17:57:30+00:00","description":"Conhe\u00e7a a cadeira de rodas manual de liga leve Action 2 da Invacare. Confira as caracter\u00edsticas e o pre\u00e7o. Marque uma demonstra\u00e7\u00e3o gratuita!","breadcrumb":{"@id":"https:\/\/www.maisquecuidar.com\/loja\/mais-mobilidade\/cadeiras-de-rodas\/manuais\/cadeira-de-rodas-action-2#breadcrumb"},"inLanguage":"pt-PT","potentialAction":[{"@type":"ReadAction","target":["https:\/\/www.maisquecuidar.com\/loja\/mais-mobilidade\/cadeiras-de-rodas\/manuais\/cadeira-de-rodas-action-2"]}]},{"@type":"ImageObject","inLanguage":"pt-PT","@id":"https:\/\/www.maisquecuidar.com\/loja\/mais-mobilidade\/cadeiras-de-rodas\/manuais\/cadeira-de-rodas-action-2#primaryimage","url":"https:\/\/img.maisquecuidar.com\/loja\/wp-content\/uploads\/2017\/01\/action-2-cadeira-liga-leve.png","contentUrl":"https:\/\/img.maisquecuidar.com\/loja\/wp-content\/uploads\/2017\/01\/action-2-cadeira-liga-leve.png","width":1280,"height":800,"caption":"Action 2 cadeira de rodas liga leve Invacare"},{"@type":"BreadcrumbList","@id":"https:\/\/www.maisquecuidar.com\/loja\/mais-mobilidade\/cadeiras-de-rodas\/manuais\/cadeira-de-rodas-action-2#breadcrumb","itemListElement":[{"@type":"ListItem","position":1,"name":"Home","item":"https:\/\/www.maisquecuidar.com\/loja\/"},{"@type":"ListItem","position":2,"name":"Loja Online de Ortopedia e Geriatria em Portugal","item":"https:\/\/www.maisquecuidar.com\/loja\/loja"},{"@type":"ListItem","position":3,"name":"Mais Mobilidade","item":"https:\/\/www.maisquecuidar.com\/loja\/mais-mobilidade"},{"@type":"ListItem","position":4,"name":"Cadeiras de Rodas","item":"https:\/\/www.maisquecuidar.com\/loja\/mais-mobilidade\/cadeiras-de-rodas"},{"@type":"ListItem","position":5,"name":"Cadeiras de Rodas Manuais","item":"https:\/\/www.maisquecuidar.com\/loja\/mais-mobilidade\/cadeiras-de-rodas\/manuais"},{"@type":"ListItem","position":6,"name":"Cadeira de Rodas Manual Invacare Action 2 NG"}]},{"@type":"WebSite","@id":"https:\/\/www.maisquecuidar.com\/loja\/#website","url":"https:\/\/www.maisquecuidar.com\/loja\/","name":"Mais que Cuidar","description":"Sa\u00fade, Ortopedia e Geriatria","publisher":{"@id":"https:\/\/www.maisquecuidar.com\/loja\/#organization"},"potentialAction":[{"@type":"SearchAction","target":{"@type":"EntryPoint","urlTemplate":"https:\/\/www.maisquecuidar.com\/loja\/?s={search_term_string}"},"query-input":{"@type":"PropertyValueSpecification","valueRequired":true,"valueName":"search_term_string"}}],"inLanguage":"pt-PT"},{"@type":"Organization","@id":"https:\/\/www.maisquecuidar.com\/loja\/#organization","name":"Mais Que Cuidar","url":"https:\/\/www.maisquecuidar.com\/loja\/","logo":{"@type":"ImageObject","inLanguage":"pt-PT","@id":"https:\/\/www.maisquecuidar.com\/loja\/#\/schema\/logo\/image\/","url":"https:\/\/img.maisquecuidar.com\/loja\/wp-content\/uploads\/2019\/08\/logo-mais-que-cuidar-retina.png","contentUrl":"https:\/\/img.maisquecuidar.com\/loja\/wp-content\/uploads\/2019\/08\/logo-mais-que-cuidar-retina.png","width":565,"height":75,"caption":"Mais Que Cuidar"},"image":{"@id":"https:\/\/www.maisquecuidar.com\/loja\/#\/schema\/logo\/image\/"},"sameAs":["https:\/\/www.facebook.com\/maisquecuidar.pt","https:\/\/www.instagram.com\/maisquecuidar"]}]}},"_links":{"self":[{"href":"https:\/\/www.maisquecuidar.com\/loja\/wp-json\/wp\/v2\/product\/4650","targetHints":{"allow":["GET"]}}],"collection":[{"href":"https:\/\/www.maisquecuidar.com\/loja\/wp-json\/wp\/v2\/product"}],"about":[{"href":"https:\/\/www.maisquecuidar.com\/loja\/wp-json\/wp\/v2\/types\/product"}],"wp:featuredmedia":[{"embeddable":true,"href":"https:\/\/www.maisquecuidar.com\/loja\/wp-json\/wp\/v2\/media\/14896"}],"wp:attachment":[{"href":"https:\/\/www.maisquecuidar.com\/loja\/wp-json\/wp\/v2\/media?parent=4650"}],"wp:term":[{"taxonomy":"product_brand","embeddable":true,"href":"https:\/\/www.maisquecuidar.com\/loja\/wp-json\/wp\/v2\/product_brand?post=4650"},{"taxonomy":"product_cat","embeddable":true,"href":"https:\/\/www.maisquecuidar.com\/loja\/wp-json\/wp\/v2\/product_cat?post=4650"},{"taxonomy":"product_tag","embeddable":true,"href":"https:\/\/www.maisquecuidar.com\/loja\/wp-json\/wp\/v2\/product_tag?post=4650"}],"curies":[{"name":"wp","href":"https:\/\/api.w.org\/{rel}","templated":true}]}}