{"id":4613,"date":"2017-01-14T16:09:43","date_gmt":"2017-01-14T16:09:43","guid":{"rendered":"https:\/\/www.maisquecuidar.com\/loja\/?post_type=product&#038;p=4613"},"modified":"2025-10-01T18:32:24","modified_gmt":"2025-10-01T17:32:24","slug":"manapulas-limpeza-vala-clean","status":"publish","type":"product","link":"https:\/\/www.maisquecuidar.com\/loja\/higiene-casa-banho\/produtos-higiene\/manapulas-limpeza-vala-clean","title":{"rendered":"Man\u00e1pulas Descart\u00e1veis de Limpeza Vala Clean Hartmann"},"content":{"rendered":"<p>As man\u00e1pulas descart\u00e1veis de limpeza Vala Clean s\u00e3o fabricadas pela marca Hartmann e s\u00e3o feitas em tecido Air-Laid resistente e rugoso com revestimento em pel\u00edcula plastificada.<\/p>\n<p>Oferecem uma prote\u00e7\u00e3o adicional e s\u00e3o muito \u00fateis nos cuidados de higiene di\u00e1ria de pessoas com incontin\u00eancia.<\/p>\n<h3>Caracter\u00edsticas em destaque:<\/h3>\n<ul>\n<li>S\u00e3o descart\u00e1veis e desse modo, n\u00e3o implicam despesas de lavagem.<\/li>\n<li>Proporcionam uma limpeza suave e profunda, devido \u00e0 superf\u00edcie em relevo.<\/li>\n<li>S\u00e3o especialmente recomendadas para os cuidados de higiene em caso de incontin\u00eancia.<\/li>\n<\/ul>\n<h3>Indica\u00e7\u00f5es:<\/h3>\n<ul>\n<li>Ideal para a limpeza di\u00e1ria de pessoas com incontin\u00eancia.<\/li>\n<li>Promovem prote\u00e7\u00e3o extra ao utilizador.<\/li>\n<\/ul>\n<p>&nbsp;<\/p>\n","protected":false},"excerpt":{"rendered":"<p>Man\u00e1pula de limpeza descart\u00e1vel<\/p>\n","protected":false},"featured_media":15949,"template":"","meta":{"_acf_changed":false,"neve_meta_sidebar":"","neve_meta_container":"","neve_meta_enable_content_width":"","neve_meta_content_width":0,"neve_meta_title_alignment":"","neve_meta_author_avatar":"","neve_post_elements_order":"","neve_meta_disable_header":"","neve_meta_disable_footer":"","neve_meta_disable_title":""},"product_brand":[],"product_cat":[80],"product_tag":[401,747,746,745],"class_list":{"0":"post-4613","1":"product","2":"type-product","3":"status-publish","4":"has-post-thumbnail","6":"product_cat-produtos-higiene","7":"product_tag-manapulas-de-limpeza-vala-clean","8":"product_tag-manapulas-descartaveis-hartmann","9":"product_tag-manapulas-descartaveis-para-banho","10":"product_tag-manapulas-descartaveis-vala-clean","12":"first","13":"instock","14":"taxable","15":"shipping-taxable","16":"purchasable","17":"product-type-simple"},"acf":[],"yoast_head":"<!-- This site is optimized with the Yoast SEO plugin v27.3 - https:\/\/yoast.com\/product\/yoast-seo-wordpress\/ -->\n<title>Man\u00e1pulas Descart\u00e1veis de Limpeza Vala Clean Hartmann<\/title>\n<meta name=\"description\" content=\"Conhe\u00e7a as man\u00e1pulas descart\u00e1veis de limpeza Vala Clean da Hartmann ideais para a limpeza di\u00e1ria de pessoas com incontin\u00eancia. Confira o pre\u00e7o!\" \/>\n<meta name=\"robots\" content=\"index, follow, max-snippet:-1, max-image-preview:large, max-video-preview:-1\" \/>\n<link rel=\"canonical\" href=\"https:\/\/www.maisquecuidar.com\/loja\/higiene-casa-banho\/produtos-higiene\/manapulas-limpeza-vala-clean\" \/>\n<meta property=\"og:locale\" content=\"pt_PT\" \/>\n<meta property=\"og:type\" content=\"article\" \/>\n<meta property=\"og:title\" content=\"Man\u00e1pulas Descart\u00e1veis de Limpeza Vala Clean Hartmann\" \/>\n<meta property=\"og:description\" content=\"Conhe\u00e7a as man\u00e1pulas descart\u00e1veis de limpeza Vala Clean da Hartmann ideais para a limpeza di\u00e1ria de pessoas com incontin\u00eancia. Confira o pre\u00e7o!\" \/>\n<meta property=\"og:url\" content=\"https:\/\/www.maisquecuidar.com\/loja\/higiene-casa-banho\/produtos-higiene\/manapulas-limpeza-vala-clean\" \/>\n<meta property=\"og:site_name\" content=\"Mais que Cuidar\" \/>\n<meta property=\"article:publisher\" content=\"https:\/\/www.facebook.com\/maisquecuidar.pt\" \/>\n<meta property=\"article:modified_time\" content=\"2025-10-01T17:32:24+00:00\" \/>\n<meta property=\"og:image\" content=\"https:\/\/img.maisquecuidar.com\/loja\/wp-content\/uploads\/2017\/01\/manapula-descartavel-vala-clean.png\" \/>\n\t<meta property=\"og:image:width\" content=\"1280\" \/>\n\t<meta property=\"og:image:height\" content=\"800\" \/>\n\t<meta property=\"og:image:type\" content=\"image\/png\" \/>\n<meta name=\"twitter:label1\" content=\"Tempo estimado de leitura\" \/>\n\t<meta name=\"twitter:data1\" content=\"1 minuto\" \/>\n<script type=\"application\/ld+json\" class=\"yoast-schema-graph\">{\"@context\":\"https:\\\/\\\/schema.org\",\"@graph\":[{\"@type\":\"WebPage\",\"@id\":\"https:\\\/\\\/www.maisquecuidar.com\\\/loja\\\/higiene-casa-banho\\\/produtos-higiene\\\/manapulas-limpeza-vala-clean\",\"url\":\"https:\\\/\\\/www.maisquecuidar.com\\\/loja\\\/higiene-casa-banho\\\/produtos-higiene\\\/manapulas-limpeza-vala-clean\",\"name\":\"Man\u00e1pulas Descart\u00e1veis de Limpeza Vala Clean Hartmann\",\"isPartOf\":{\"@id\":\"https:\\\/\\\/www.maisquecuidar.com\\\/loja\\\/#website\"},\"primaryImageOfPage\":{\"@id\":\"https:\\\/\\\/www.maisquecuidar.com\\\/loja\\\/higiene-casa-banho\\\/produtos-higiene\\\/manapulas-limpeza-vala-clean#primaryimage\"},\"image\":{\"@id\":\"https:\\\/\\\/www.maisquecuidar.com\\\/loja\\\/higiene-casa-banho\\\/produtos-higiene\\\/manapulas-limpeza-vala-clean#primaryimage\"},\"thumbnailUrl\":\"https:\\\/\\\/img.maisquecuidar.com\\\/loja\\\/wp-content\\\/uploads\\\/2017\\\/01\\\/manapula-descartavel-vala-clean.png\",\"datePublished\":\"2017-01-14T16:09:43+00:00\",\"dateModified\":\"2025-10-01T17:32:24+00:00\",\"description\":\"Conhe\u00e7a as man\u00e1pulas descart\u00e1veis de limpeza Vala Clean da Hartmann ideais para a limpeza di\u00e1ria de pessoas com incontin\u00eancia. Confira o pre\u00e7o!\",\"breadcrumb\":{\"@id\":\"https:\\\/\\\/www.maisquecuidar.com\\\/loja\\\/higiene-casa-banho\\\/produtos-higiene\\\/manapulas-limpeza-vala-clean#breadcrumb\"},\"inLanguage\":\"pt-PT\",\"potentialAction\":[{\"@type\":\"ReadAction\",\"target\":[\"https:\\\/\\\/www.maisquecuidar.com\\\/loja\\\/higiene-casa-banho\\\/produtos-higiene\\\/manapulas-limpeza-vala-clean\"]}]},{\"@type\":\"ImageObject\",\"inLanguage\":\"pt-PT\",\"@id\":\"https:\\\/\\\/www.maisquecuidar.com\\\/loja\\\/higiene-casa-banho\\\/produtos-higiene\\\/manapulas-limpeza-vala-clean#primaryimage\",\"url\":\"https:\\\/\\\/img.maisquecuidar.com\\\/loja\\\/wp-content\\\/uploads\\\/2017\\\/01\\\/manapula-descartavel-vala-clean.png\",\"contentUrl\":\"https:\\\/\\\/img.maisquecuidar.com\\\/loja\\\/wp-content\\\/uploads\\\/2017\\\/01\\\/manapula-descartavel-vala-clean.png\",\"width\":1280,\"height\":800,\"caption\":\"Man\u00e1pula descart\u00e1vel para higeine de pessoas com incontin\u00eancia Vala Clean\"},{\"@type\":\"BreadcrumbList\",\"@id\":\"https:\\\/\\\/www.maisquecuidar.com\\\/loja\\\/higiene-casa-banho\\\/produtos-higiene\\\/manapulas-limpeza-vala-clean#breadcrumb\",\"itemListElement\":[{\"@type\":\"ListItem\",\"position\":1,\"name\":\"Home\",\"item\":\"https:\\\/\\\/www.maisquecuidar.com\\\/loja\\\/\"},{\"@type\":\"ListItem\",\"position\":2,\"name\":\"Loja Online de Ortopedia e Geriatria em Portugal\",\"item\":\"https:\\\/\\\/www.maisquecuidar.com\\\/loja\\\/loja\"},{\"@type\":\"ListItem\",\"position\":3,\"name\":\"Higiene e Casa de Banho\",\"item\":\"https:\\\/\\\/www.maisquecuidar.com\\\/loja\\\/higiene-casa-banho\"},{\"@type\":\"ListItem\",\"position\":4,\"name\":\"Produtos de Apoio na Higiene\",\"item\":\"https:\\\/\\\/www.maisquecuidar.com\\\/loja\\\/higiene-casa-banho\\\/produtos-higiene\"},{\"@type\":\"ListItem\",\"position\":5,\"name\":\"Man\u00e1pulas Descart\u00e1veis de Limpeza Vala Clean Hartmann\"}]},{\"@type\":\"WebSite\",\"@id\":\"https:\\\/\\\/www.maisquecuidar.com\\\/loja\\\/#website\",\"url\":\"https:\\\/\\\/www.maisquecuidar.com\\\/loja\\\/\",\"name\":\"Mais que Cuidar\",\"description\":\"Sa\u00fade, Ortopedia e Geriatria\",\"publisher\":{\"@id\":\"https:\\\/\\\/www.maisquecuidar.com\\\/loja\\\/#organization\"},\"potentialAction\":[{\"@type\":\"SearchAction\",\"target\":{\"@type\":\"EntryPoint\",\"urlTemplate\":\"https:\\\/\\\/www.maisquecuidar.com\\\/loja\\\/?s={search_term_string}\"},\"query-input\":{\"@type\":\"PropertyValueSpecification\",\"valueRequired\":true,\"valueName\":\"search_term_string\"}}],\"inLanguage\":\"pt-PT\"},{\"@type\":\"Organization\",\"@id\":\"https:\\\/\\\/www.maisquecuidar.com\\\/loja\\\/#organization\",\"name\":\"Mais Que Cuidar\",\"url\":\"https:\\\/\\\/www.maisquecuidar.com\\\/loja\\\/\",\"logo\":{\"@type\":\"ImageObject\",\"inLanguage\":\"pt-PT\",\"@id\":\"https:\\\/\\\/www.maisquecuidar.com\\\/loja\\\/#\\\/schema\\\/logo\\\/image\\\/\",\"url\":\"https:\\\/\\\/img.maisquecuidar.com\\\/loja\\\/wp-content\\\/uploads\\\/2019\\\/08\\\/logo-mais-que-cuidar-retina.png\",\"contentUrl\":\"https:\\\/\\\/img.maisquecuidar.com\\\/loja\\\/wp-content\\\/uploads\\\/2019\\\/08\\\/logo-mais-que-cuidar-retina.png\",\"width\":565,\"height\":75,\"caption\":\"Mais Que Cuidar\"},\"image\":{\"@id\":\"https:\\\/\\\/www.maisquecuidar.com\\\/loja\\\/#\\\/schema\\\/logo\\\/image\\\/\"},\"sameAs\":[\"https:\\\/\\\/www.facebook.com\\\/maisquecuidar.pt\",\"https:\\\/\\\/www.instagram.com\\\/maisquecuidar\"]}]}<\/script>\n<!-- \/ Yoast SEO plugin. -->","yoast_head_json":{"title":"Man\u00e1pulas Descart\u00e1veis de Limpeza Vala Clean Hartmann","description":"Conhe\u00e7a as man\u00e1pulas descart\u00e1veis de limpeza Vala Clean da Hartmann ideais para a limpeza di\u00e1ria de pessoas com incontin\u00eancia. Confira o pre\u00e7o!","robots":{"index":"index","follow":"follow","max-snippet":"max-snippet:-1","max-image-preview":"max-image-preview:large","max-video-preview":"max-video-preview:-1"},"canonical":"https:\/\/www.maisquecuidar.com\/loja\/higiene-casa-banho\/produtos-higiene\/manapulas-limpeza-vala-clean","og_locale":"pt_PT","og_type":"article","og_title":"Man\u00e1pulas Descart\u00e1veis de Limpeza Vala Clean Hartmann","og_description":"Conhe\u00e7a as man\u00e1pulas descart\u00e1veis de limpeza Vala Clean da Hartmann ideais para a limpeza di\u00e1ria de pessoas com incontin\u00eancia. Confira o pre\u00e7o!","og_url":"https:\/\/www.maisquecuidar.com\/loja\/higiene-casa-banho\/produtos-higiene\/manapulas-limpeza-vala-clean","og_site_name":"Mais que Cuidar","article_publisher":"https:\/\/www.facebook.com\/maisquecuidar.pt","article_modified_time":"2025-10-01T17:32:24+00:00","og_image":[{"width":1280,"height":800,"url":"https:\/\/img.maisquecuidar.com\/loja\/wp-content\/uploads\/2017\/01\/manapula-descartavel-vala-clean.png","type":"image\/png"}],"twitter_misc":{"Tempo estimado de leitura":"1 minuto"},"schema":{"@context":"https:\/\/schema.org","@graph":[{"@type":"WebPage","@id":"https:\/\/www.maisquecuidar.com\/loja\/higiene-casa-banho\/produtos-higiene\/manapulas-limpeza-vala-clean","url":"https:\/\/www.maisquecuidar.com\/loja\/higiene-casa-banho\/produtos-higiene\/manapulas-limpeza-vala-clean","name":"Man\u00e1pulas Descart\u00e1veis de Limpeza Vala Clean Hartmann","isPartOf":{"@id":"https:\/\/www.maisquecuidar.com\/loja\/#website"},"primaryImageOfPage":{"@id":"https:\/\/www.maisquecuidar.com\/loja\/higiene-casa-banho\/produtos-higiene\/manapulas-limpeza-vala-clean#primaryimage"},"image":{"@id":"https:\/\/www.maisquecuidar.com\/loja\/higiene-casa-banho\/produtos-higiene\/manapulas-limpeza-vala-clean#primaryimage"},"thumbnailUrl":"https:\/\/img.maisquecuidar.com\/loja\/wp-content\/uploads\/2017\/01\/manapula-descartavel-vala-clean.png","datePublished":"2017-01-14T16:09:43+00:00","dateModified":"2025-10-01T17:32:24+00:00","description":"Conhe\u00e7a as man\u00e1pulas descart\u00e1veis de limpeza Vala Clean da Hartmann ideais para a limpeza di\u00e1ria de pessoas com incontin\u00eancia. Confira o pre\u00e7o!","breadcrumb":{"@id":"https:\/\/www.maisquecuidar.com\/loja\/higiene-casa-banho\/produtos-higiene\/manapulas-limpeza-vala-clean#breadcrumb"},"inLanguage":"pt-PT","potentialAction":[{"@type":"ReadAction","target":["https:\/\/www.maisquecuidar.com\/loja\/higiene-casa-banho\/produtos-higiene\/manapulas-limpeza-vala-clean"]}]},{"@type":"ImageObject","inLanguage":"pt-PT","@id":"https:\/\/www.maisquecuidar.com\/loja\/higiene-casa-banho\/produtos-higiene\/manapulas-limpeza-vala-clean#primaryimage","url":"https:\/\/img.maisquecuidar.com\/loja\/wp-content\/uploads\/2017\/01\/manapula-descartavel-vala-clean.png","contentUrl":"https:\/\/img.maisquecuidar.com\/loja\/wp-content\/uploads\/2017\/01\/manapula-descartavel-vala-clean.png","width":1280,"height":800,"caption":"Man\u00e1pula descart\u00e1vel para higeine de pessoas com incontin\u00eancia Vala Clean"},{"@type":"BreadcrumbList","@id":"https:\/\/www.maisquecuidar.com\/loja\/higiene-casa-banho\/produtos-higiene\/manapulas-limpeza-vala-clean#breadcrumb","itemListElement":[{"@type":"ListItem","position":1,"name":"Home","item":"https:\/\/www.maisquecuidar.com\/loja\/"},{"@type":"ListItem","position":2,"name":"Loja Online de Ortopedia e Geriatria em Portugal","item":"https:\/\/www.maisquecuidar.com\/loja\/loja"},{"@type":"ListItem","position":3,"name":"Higiene e Casa de Banho","item":"https:\/\/www.maisquecuidar.com\/loja\/higiene-casa-banho"},{"@type":"ListItem","position":4,"name":"Produtos de Apoio na Higiene","item":"https:\/\/www.maisquecuidar.com\/loja\/higiene-casa-banho\/produtos-higiene"},{"@type":"ListItem","position":5,"name":"Man\u00e1pulas Descart\u00e1veis de Limpeza Vala Clean Hartmann"}]},{"@type":"WebSite","@id":"https:\/\/www.maisquecuidar.com\/loja\/#website","url":"https:\/\/www.maisquecuidar.com\/loja\/","name":"Mais que Cuidar","description":"Sa\u00fade, Ortopedia e Geriatria","publisher":{"@id":"https:\/\/www.maisquecuidar.com\/loja\/#organization"},"potentialAction":[{"@type":"SearchAction","target":{"@type":"EntryPoint","urlTemplate":"https:\/\/www.maisquecuidar.com\/loja\/?s={search_term_string}"},"query-input":{"@type":"PropertyValueSpecification","valueRequired":true,"valueName":"search_term_string"}}],"inLanguage":"pt-PT"},{"@type":"Organization","@id":"https:\/\/www.maisquecuidar.com\/loja\/#organization","name":"Mais Que Cuidar","url":"https:\/\/www.maisquecuidar.com\/loja\/","logo":{"@type":"ImageObject","inLanguage":"pt-PT","@id":"https:\/\/www.maisquecuidar.com\/loja\/#\/schema\/logo\/image\/","url":"https:\/\/img.maisquecuidar.com\/loja\/wp-content\/uploads\/2019\/08\/logo-mais-que-cuidar-retina.png","contentUrl":"https:\/\/img.maisquecuidar.com\/loja\/wp-content\/uploads\/2019\/08\/logo-mais-que-cuidar-retina.png","width":565,"height":75,"caption":"Mais Que Cuidar"},"image":{"@id":"https:\/\/www.maisquecuidar.com\/loja\/#\/schema\/logo\/image\/"},"sameAs":["https:\/\/www.facebook.com\/maisquecuidar.pt","https:\/\/www.instagram.com\/maisquecuidar"]}]}},"_links":{"self":[{"href":"https:\/\/www.maisquecuidar.com\/loja\/wp-json\/wp\/v2\/product\/4613","targetHints":{"allow":["GET"]}}],"collection":[{"href":"https:\/\/www.maisquecuidar.com\/loja\/wp-json\/wp\/v2\/product"}],"about":[{"href":"https:\/\/www.maisquecuidar.com\/loja\/wp-json\/wp\/v2\/types\/product"}],"wp:featuredmedia":[{"embeddable":true,"href":"https:\/\/www.maisquecuidar.com\/loja\/wp-json\/wp\/v2\/media\/15949"}],"wp:attachment":[{"href":"https:\/\/www.maisquecuidar.com\/loja\/wp-json\/wp\/v2\/media?parent=4613"}],"wp:term":[{"taxonomy":"product_brand","embeddable":true,"href":"https:\/\/www.maisquecuidar.com\/loja\/wp-json\/wp\/v2\/product_brand?post=4613"},{"taxonomy":"product_cat","embeddable":true,"href":"https:\/\/www.maisquecuidar.com\/loja\/wp-json\/wp\/v2\/product_cat?post=4613"},{"taxonomy":"product_tag","embeddable":true,"href":"https:\/\/www.maisquecuidar.com\/loja\/wp-json\/wp\/v2\/product_tag?post=4613"}],"curies":[{"name":"wp","href":"https:\/\/api.w.org\/{rel}","templated":true}]}}