{"id":4601,"date":"2017-01-13T16:33:20","date_gmt":"2017-01-13T16:33:20","guid":{"rendered":"https:\/\/www.maisquecuidar.com\/loja\/?post_type=product&#038;p=4601"},"modified":"2025-09-15T20:07:09","modified_gmt":"2025-09-15T19:07:09","slug":"barra-rebativel-futura","status":"publish","type":"product","link":"https:\/\/www.maisquecuidar.com\/loja\/higiene-casa-banho\/barras-de-apoio-wc\/barra-rebativel-futura","title":{"rendered":"Barra de Apoio Rebat\u00edvel Futura H355 Invacare"},"content":{"rendered":"<p>A barra de apoio rebat\u00edvel Futura \u00e9 fabricada pela marca Invacare, tem estrutura em tubo redondo de a\u00e7o de alta qualidade. Pode ser utilizada em ambiente domicili\u00e1rio ou institucional, \u00e9 recomendada para pessoas com mobilidade reduzida, proporciona um bom suporte e seguran\u00e7a ao levantar e sentar na sanita.<\/p>\n<h3>Caracter\u00edsticas em destaque:<\/h3>\n<ul>\n<li>Estrutura em a\u00e7o com di\u00e2metro de 32 mm<\/li>\n<li>Peso 3,5 kg<\/li>\n<li>Homologada para utilizadores at\u00e9 120 kg<\/li>\n<li>Fornecida sem parafusos para fixa\u00e7\u00e3o na parede<\/li>\n<\/ul>\n","protected":false},"excerpt":{"rendered":"<p>Barra de apoio rebat\u00edvel para casa de banho para colocar junto da sanita<\/p>\n","protected":false},"featured_media":15709,"template":"","meta":{"_acf_changed":false,"neve_meta_sidebar":"","neve_meta_container":"","neve_meta_enable_content_width":"","neve_meta_content_width":0,"neve_meta_title_alignment":"","neve_meta_author_avatar":"","neve_post_elements_order":"","neve_meta_disable_header":"","neve_meta_disable_footer":"","neve_meta_disable_title":""},"product_brand":[],"product_cat":[76],"product_tag":[393,395,394],"class_list":{"0":"post-4601","1":"product","2":"type-product","3":"status-publish","4":"has-post-thumbnail","6":"product_cat-barras-de-apoio-wc","7":"product_tag-barras-de-apoio","8":"product_tag-barras-de-apoio-para-casa-de-banho","9":"product_tag-barras-de-apoio-para-wc","11":"first","12":"outofstock","13":"taxable","14":"shipping-taxable","15":"purchasable","16":"product-type-simple"},"acf":[],"yoast_head":"<!-- This site is optimized with the Yoast SEO plugin v27.5 - https:\/\/yoast.com\/product\/yoast-seo-wordpress\/ -->\n<title>Barra de Apoio Rebat\u00edvel Futura H355 Invacare - Mais que Cuidar<\/title>\n<meta name=\"description\" content=\"Conhe\u00e7a a barra de apoio rebat\u00edvel Futura da Invacare para colocar na casa de banho junto \u00e0 sanita para oferecer mais seguran\u00e7a e conforto.\" \/>\n<meta name=\"robots\" content=\"index, follow, max-snippet:-1, max-image-preview:large, max-video-preview:-1\" \/>\n<link rel=\"canonical\" href=\"https:\/\/www.maisquecuidar.com\/loja\/higiene-casa-banho\/barras-de-apoio-wc\/barra-rebativel-futura\" \/>\n<meta property=\"og:locale\" content=\"pt_PT\" \/>\n<meta property=\"og:type\" content=\"article\" \/>\n<meta property=\"og:title\" content=\"Barra de Apoio Rebat\u00edvel Futura H355 Invacare - Mais que Cuidar\" \/>\n<meta property=\"og:description\" content=\"Conhe\u00e7a a barra de apoio rebat\u00edvel Futura da Invacare para colocar na casa de banho junto \u00e0 sanita para oferecer mais seguran\u00e7a e conforto.\" \/>\n<meta property=\"og:url\" content=\"https:\/\/www.maisquecuidar.com\/loja\/higiene-casa-banho\/barras-de-apoio-wc\/barra-rebativel-futura\" \/>\n<meta property=\"og:site_name\" content=\"Mais que Cuidar\" \/>\n<meta property=\"article:publisher\" content=\"https:\/\/www.facebook.com\/maisquecuidar.pt\" \/>\n<meta property=\"article:modified_time\" content=\"2025-09-15T19:07:09+00:00\" \/>\n<meta property=\"og:image\" content=\"https:\/\/img.maisquecuidar.com\/loja\/wp-content\/uploads\/2017\/01\/barra-apoio-rebativel-futura.png\" \/>\n\t<meta property=\"og:image:width\" content=\"1280\" \/>\n\t<meta property=\"og:image:height\" content=\"800\" \/>\n\t<meta property=\"og:image:type\" content=\"image\/png\" \/>\n<meta name=\"twitter:label1\" content=\"Tempo estimado de leitura\" \/>\n\t<meta name=\"twitter:data1\" content=\"1 minuto\" \/>\n<script type=\"application\/ld+json\" class=\"yoast-schema-graph\">{\"@context\":\"https:\\\/\\\/schema.org\",\"@graph\":[{\"@type\":\"WebPage\",\"@id\":\"https:\\\/\\\/www.maisquecuidar.com\\\/loja\\\/higiene-casa-banho\\\/barras-de-apoio-wc\\\/barra-rebativel-futura\",\"url\":\"https:\\\/\\\/www.maisquecuidar.com\\\/loja\\\/higiene-casa-banho\\\/barras-de-apoio-wc\\\/barra-rebativel-futura\",\"name\":\"Barra de Apoio Rebat\u00edvel Futura H355 Invacare - Mais que Cuidar\",\"isPartOf\":{\"@id\":\"https:\\\/\\\/www.maisquecuidar.com\\\/loja\\\/#website\"},\"primaryImageOfPage\":{\"@id\":\"https:\\\/\\\/www.maisquecuidar.com\\\/loja\\\/higiene-casa-banho\\\/barras-de-apoio-wc\\\/barra-rebativel-futura#primaryimage\"},\"image\":{\"@id\":\"https:\\\/\\\/www.maisquecuidar.com\\\/loja\\\/higiene-casa-banho\\\/barras-de-apoio-wc\\\/barra-rebativel-futura#primaryimage\"},\"thumbnailUrl\":\"https:\\\/\\\/img.maisquecuidar.com\\\/loja\\\/wp-content\\\/uploads\\\/2017\\\/01\\\/barra-apoio-rebativel-futura.png\",\"datePublished\":\"2017-01-13T16:33:20+00:00\",\"dateModified\":\"2025-09-15T19:07:09+00:00\",\"description\":\"Conhe\u00e7a a barra de apoio rebat\u00edvel Futura da Invacare para colocar na casa de banho junto \u00e0 sanita para oferecer mais seguran\u00e7a e conforto.\",\"breadcrumb\":{\"@id\":\"https:\\\/\\\/www.maisquecuidar.com\\\/loja\\\/higiene-casa-banho\\\/barras-de-apoio-wc\\\/barra-rebativel-futura#breadcrumb\"},\"inLanguage\":\"pt-PT\",\"potentialAction\":[{\"@type\":\"ReadAction\",\"target\":[\"https:\\\/\\\/www.maisquecuidar.com\\\/loja\\\/higiene-casa-banho\\\/barras-de-apoio-wc\\\/barra-rebativel-futura\"]}]},{\"@type\":\"ImageObject\",\"inLanguage\":\"pt-PT\",\"@id\":\"https:\\\/\\\/www.maisquecuidar.com\\\/loja\\\/higiene-casa-banho\\\/barras-de-apoio-wc\\\/barra-rebativel-futura#primaryimage\",\"url\":\"https:\\\/\\\/img.maisquecuidar.com\\\/loja\\\/wp-content\\\/uploads\\\/2017\\\/01\\\/barra-apoio-rebativel-futura.png\",\"contentUrl\":\"https:\\\/\\\/img.maisquecuidar.com\\\/loja\\\/wp-content\\\/uploads\\\/2017\\\/01\\\/barra-apoio-rebativel-futura.png\",\"width\":1280,\"height\":800,\"caption\":\"Barra de apoio rebat\u00edvel para casa de banho modelo Futura da marca Invacare\"},{\"@type\":\"BreadcrumbList\",\"@id\":\"https:\\\/\\\/www.maisquecuidar.com\\\/loja\\\/higiene-casa-banho\\\/barras-de-apoio-wc\\\/barra-rebativel-futura#breadcrumb\",\"itemListElement\":[{\"@type\":\"ListItem\",\"position\":1,\"name\":\"Home\",\"item\":\"https:\\\/\\\/www.maisquecuidar.com\\\/loja\\\/\"},{\"@type\":\"ListItem\",\"position\":2,\"name\":\"Loja Online de Ortopedia e Geriatria em Portugal\",\"item\":\"https:\\\/\\\/www.maisquecuidar.com\\\/loja\\\/loja\"},{\"@type\":\"ListItem\",\"position\":3,\"name\":\"Higiene e Casa de Banho\",\"item\":\"https:\\\/\\\/www.maisquecuidar.com\\\/loja\\\/higiene-casa-banho\"},{\"@type\":\"ListItem\",\"position\":4,\"name\":\"Barras de Apoio de WC\",\"item\":\"https:\\\/\\\/www.maisquecuidar.com\\\/loja\\\/higiene-casa-banho\\\/barras-de-apoio-wc\"},{\"@type\":\"ListItem\",\"position\":5,\"name\":\"Barra de Apoio Rebat\u00edvel Futura H355 Invacare\"}]},{\"@type\":\"WebSite\",\"@id\":\"https:\\\/\\\/www.maisquecuidar.com\\\/loja\\\/#website\",\"url\":\"https:\\\/\\\/www.maisquecuidar.com\\\/loja\\\/\",\"name\":\"Mais que Cuidar\",\"description\":\"Sa\u00fade, Ortopedia e Geriatria\",\"publisher\":{\"@id\":\"https:\\\/\\\/www.maisquecuidar.com\\\/loja\\\/#organization\"},\"potentialAction\":[{\"@type\":\"SearchAction\",\"target\":{\"@type\":\"EntryPoint\",\"urlTemplate\":\"https:\\\/\\\/www.maisquecuidar.com\\\/loja\\\/?s={search_term_string}\"},\"query-input\":{\"@type\":\"PropertyValueSpecification\",\"valueRequired\":true,\"valueName\":\"search_term_string\"}}],\"inLanguage\":\"pt-PT\"},{\"@type\":\"Organization\",\"@id\":\"https:\\\/\\\/www.maisquecuidar.com\\\/loja\\\/#organization\",\"name\":\"Mais Que Cuidar\",\"url\":\"https:\\\/\\\/www.maisquecuidar.com\\\/loja\\\/\",\"logo\":{\"@type\":\"ImageObject\",\"inLanguage\":\"pt-PT\",\"@id\":\"https:\\\/\\\/www.maisquecuidar.com\\\/loja\\\/#\\\/schema\\\/logo\\\/image\\\/\",\"url\":\"https:\\\/\\\/img.maisquecuidar.com\\\/loja\\\/wp-content\\\/uploads\\\/2019\\\/08\\\/logo-mais-que-cuidar-retina.png\",\"contentUrl\":\"https:\\\/\\\/img.maisquecuidar.com\\\/loja\\\/wp-content\\\/uploads\\\/2019\\\/08\\\/logo-mais-que-cuidar-retina.png\",\"width\":565,\"height\":75,\"caption\":\"Mais Que Cuidar\"},\"image\":{\"@id\":\"https:\\\/\\\/www.maisquecuidar.com\\\/loja\\\/#\\\/schema\\\/logo\\\/image\\\/\"},\"sameAs\":[\"https:\\\/\\\/www.facebook.com\\\/maisquecuidar.pt\",\"https:\\\/\\\/www.instagram.com\\\/maisquecuidar\"]}]}<\/script>\n<!-- \/ Yoast SEO plugin. -->","yoast_head_json":{"title":"Barra de Apoio Rebat\u00edvel Futura H355 Invacare - Mais que Cuidar","description":"Conhe\u00e7a a barra de apoio rebat\u00edvel Futura da Invacare para colocar na casa de banho junto \u00e0 sanita para oferecer mais seguran\u00e7a e conforto.","robots":{"index":"index","follow":"follow","max-snippet":"max-snippet:-1","max-image-preview":"max-image-preview:large","max-video-preview":"max-video-preview:-1"},"canonical":"https:\/\/www.maisquecuidar.com\/loja\/higiene-casa-banho\/barras-de-apoio-wc\/barra-rebativel-futura","og_locale":"pt_PT","og_type":"article","og_title":"Barra de Apoio Rebat\u00edvel Futura H355 Invacare - Mais que Cuidar","og_description":"Conhe\u00e7a a barra de apoio rebat\u00edvel Futura da Invacare para colocar na casa de banho junto \u00e0 sanita para oferecer mais seguran\u00e7a e conforto.","og_url":"https:\/\/www.maisquecuidar.com\/loja\/higiene-casa-banho\/barras-de-apoio-wc\/barra-rebativel-futura","og_site_name":"Mais que Cuidar","article_publisher":"https:\/\/www.facebook.com\/maisquecuidar.pt","article_modified_time":"2025-09-15T19:07:09+00:00","og_image":[{"width":1280,"height":800,"url":"https:\/\/img.maisquecuidar.com\/loja\/wp-content\/uploads\/2017\/01\/barra-apoio-rebativel-futura.png","type":"image\/png"}],"twitter_misc":{"Tempo estimado de leitura":"1 minuto"},"schema":{"@context":"https:\/\/schema.org","@graph":[{"@type":"WebPage","@id":"https:\/\/www.maisquecuidar.com\/loja\/higiene-casa-banho\/barras-de-apoio-wc\/barra-rebativel-futura","url":"https:\/\/www.maisquecuidar.com\/loja\/higiene-casa-banho\/barras-de-apoio-wc\/barra-rebativel-futura","name":"Barra de Apoio Rebat\u00edvel Futura H355 Invacare - Mais que Cuidar","isPartOf":{"@id":"https:\/\/www.maisquecuidar.com\/loja\/#website"},"primaryImageOfPage":{"@id":"https:\/\/www.maisquecuidar.com\/loja\/higiene-casa-banho\/barras-de-apoio-wc\/barra-rebativel-futura#primaryimage"},"image":{"@id":"https:\/\/www.maisquecuidar.com\/loja\/higiene-casa-banho\/barras-de-apoio-wc\/barra-rebativel-futura#primaryimage"},"thumbnailUrl":"https:\/\/img.maisquecuidar.com\/loja\/wp-content\/uploads\/2017\/01\/barra-apoio-rebativel-futura.png","datePublished":"2017-01-13T16:33:20+00:00","dateModified":"2025-09-15T19:07:09+00:00","description":"Conhe\u00e7a a barra de apoio rebat\u00edvel Futura da Invacare para colocar na casa de banho junto \u00e0 sanita para oferecer mais seguran\u00e7a e conforto.","breadcrumb":{"@id":"https:\/\/www.maisquecuidar.com\/loja\/higiene-casa-banho\/barras-de-apoio-wc\/barra-rebativel-futura#breadcrumb"},"inLanguage":"pt-PT","potentialAction":[{"@type":"ReadAction","target":["https:\/\/www.maisquecuidar.com\/loja\/higiene-casa-banho\/barras-de-apoio-wc\/barra-rebativel-futura"]}]},{"@type":"ImageObject","inLanguage":"pt-PT","@id":"https:\/\/www.maisquecuidar.com\/loja\/higiene-casa-banho\/barras-de-apoio-wc\/barra-rebativel-futura#primaryimage","url":"https:\/\/img.maisquecuidar.com\/loja\/wp-content\/uploads\/2017\/01\/barra-apoio-rebativel-futura.png","contentUrl":"https:\/\/img.maisquecuidar.com\/loja\/wp-content\/uploads\/2017\/01\/barra-apoio-rebativel-futura.png","width":1280,"height":800,"caption":"Barra de apoio rebat\u00edvel para casa de banho modelo Futura da marca Invacare"},{"@type":"BreadcrumbList","@id":"https:\/\/www.maisquecuidar.com\/loja\/higiene-casa-banho\/barras-de-apoio-wc\/barra-rebativel-futura#breadcrumb","itemListElement":[{"@type":"ListItem","position":1,"name":"Home","item":"https:\/\/www.maisquecuidar.com\/loja\/"},{"@type":"ListItem","position":2,"name":"Loja Online de Ortopedia e Geriatria em Portugal","item":"https:\/\/www.maisquecuidar.com\/loja\/loja"},{"@type":"ListItem","position":3,"name":"Higiene e Casa de Banho","item":"https:\/\/www.maisquecuidar.com\/loja\/higiene-casa-banho"},{"@type":"ListItem","position":4,"name":"Barras de Apoio de WC","item":"https:\/\/www.maisquecuidar.com\/loja\/higiene-casa-banho\/barras-de-apoio-wc"},{"@type":"ListItem","position":5,"name":"Barra de Apoio Rebat\u00edvel Futura H355 Invacare"}]},{"@type":"WebSite","@id":"https:\/\/www.maisquecuidar.com\/loja\/#website","url":"https:\/\/www.maisquecuidar.com\/loja\/","name":"Mais que Cuidar","description":"Sa\u00fade, Ortopedia e Geriatria","publisher":{"@id":"https:\/\/www.maisquecuidar.com\/loja\/#organization"},"potentialAction":[{"@type":"SearchAction","target":{"@type":"EntryPoint","urlTemplate":"https:\/\/www.maisquecuidar.com\/loja\/?s={search_term_string}"},"query-input":{"@type":"PropertyValueSpecification","valueRequired":true,"valueName":"search_term_string"}}],"inLanguage":"pt-PT"},{"@type":"Organization","@id":"https:\/\/www.maisquecuidar.com\/loja\/#organization","name":"Mais Que Cuidar","url":"https:\/\/www.maisquecuidar.com\/loja\/","logo":{"@type":"ImageObject","inLanguage":"pt-PT","@id":"https:\/\/www.maisquecuidar.com\/loja\/#\/schema\/logo\/image\/","url":"https:\/\/img.maisquecuidar.com\/loja\/wp-content\/uploads\/2019\/08\/logo-mais-que-cuidar-retina.png","contentUrl":"https:\/\/img.maisquecuidar.com\/loja\/wp-content\/uploads\/2019\/08\/logo-mais-que-cuidar-retina.png","width":565,"height":75,"caption":"Mais Que Cuidar"},"image":{"@id":"https:\/\/www.maisquecuidar.com\/loja\/#\/schema\/logo\/image\/"},"sameAs":["https:\/\/www.facebook.com\/maisquecuidar.pt","https:\/\/www.instagram.com\/maisquecuidar"]}]}},"_links":{"self":[{"href":"https:\/\/www.maisquecuidar.com\/loja\/wp-json\/wp\/v2\/product\/4601","targetHints":{"allow":["GET"]}}],"collection":[{"href":"https:\/\/www.maisquecuidar.com\/loja\/wp-json\/wp\/v2\/product"}],"about":[{"href":"https:\/\/www.maisquecuidar.com\/loja\/wp-json\/wp\/v2\/types\/product"}],"wp:featuredmedia":[{"embeddable":true,"href":"https:\/\/www.maisquecuidar.com\/loja\/wp-json\/wp\/v2\/media\/15709"}],"wp:attachment":[{"href":"https:\/\/www.maisquecuidar.com\/loja\/wp-json\/wp\/v2\/media?parent=4601"}],"wp:term":[{"taxonomy":"product_brand","embeddable":true,"href":"https:\/\/www.maisquecuidar.com\/loja\/wp-json\/wp\/v2\/product_brand?post=4601"},{"taxonomy":"product_cat","embeddable":true,"href":"https:\/\/www.maisquecuidar.com\/loja\/wp-json\/wp\/v2\/product_cat?post=4601"},{"taxonomy":"product_tag","embeddable":true,"href":"https:\/\/www.maisquecuidar.com\/loja\/wp-json\/wp\/v2\/product_tag?post=4601"}],"curies":[{"name":"wp","href":"https:\/\/api.w.org\/{rel}","templated":true}]}}