{"id":4583,"date":"2017-01-13T15:21:11","date_gmt":"2017-01-13T15:21:11","guid":{"rendered":"https:\/\/www.maisquecuidar.com\/loja\/?post_type=product&#038;p=4583"},"modified":"2025-10-07T21:34:31","modified_gmt":"2025-10-07T20:34:31","slug":"barra-de-apoio-com-ventosa","status":"publish","type":"product","link":"https:\/\/www.maisquecuidar.com\/loja\/higiene-casa-banho\/barras-de-apoio-wc\/barra-de-apoio-com-ventosa","title":{"rendered":"Barra de Apoio Wc com Ventosas Stileo Invacare"},"content":{"rendered":"<p>A barra de apoio de wc com ventosas Stileo \u00e9 fabricada pela marca internacional Invacare. Atrav\u00e9s de duas pequenas alavancas, uma de cada lado, poder\u00e1 colocar esta barra de apoio em qualquer superf\u00edcie da casa de banho, desde que a barra n\u00e3o fique sobre algo que tenha irregularidades, jun\u00e7\u00f5es ou rugosidades, de forma a que n\u00e3o haja qualquer passagem de ar na ventosa.<\/p>\n<p>Ideal para ser usada como apoio e seguran\u00e7a no polib\u00e3, na banheira ou ao redor da sanita. Disp\u00f5e tamb\u00e9m de um excelente indicador visual que permite ao utilizador verificar se a barra est\u00e1 bem instalada.<\/p>\n<h3>Caracter\u00edsticas em destaque<\/h3>\n<ul>\n<li>Adapt\u00e1vel a qualquer tipo de superf\u00edcie na casa de banho desde que n\u00e3o tenha nenhuma irregularidade, rugosidade ou jun\u00e7\u00e3o.<\/li>\n<li>Inovador sistema visual que permite saber se a barra est\u00e1 bem instalada de forma a garantir toda a seguran\u00e7a: se estiver no vermelho, a barra est\u00e1 mal instalada e dever\u00e1 retirar e instalar novamente. Caso esteja verde, estar\u00e1 bem instalada.<\/li>\n<li>Leve e f\u00e1cil de transportar.<\/li>\n<li>Pode ser colocada em v\u00e1rias posi\u00e7\u00f5es na parede da casa de banho: horizontal, vertical e diagonal. De salientar que cada posi\u00e7\u00e3o permite apenas uma determinada carga m\u00e1xima que dever\u00e1 ser consultada no manual do utilizador.<\/li>\n<li>Dispon\u00edvel em 3 comprimentos: 30 cm, 45 cm e 55 cm.<\/li>\n<\/ul>\n","protected":false},"excerpt":{"rendered":"<p>Barras de apoio com ventosas para casa de banho. Dispon\u00edveis em tr\u00eas comprimentos.<\/p>\n","protected":false},"featured_media":15732,"template":"","meta":{"_acf_changed":false,"neve_meta_sidebar":"","neve_meta_container":"","neve_meta_enable_content_width":"off","neve_meta_content_width":100,"neve_meta_title_alignment":"","neve_meta_author_avatar":"","neve_post_elements_order":"","neve_meta_disable_header":"","neve_meta_disable_footer":"","neve_meta_disable_title":""},"product_brand":[],"product_cat":[76],"product_tag":[393,395,394],"class_list":{"0":"post-4583","1":"product","2":"type-product","3":"status-publish","4":"has-post-thumbnail","6":"product_cat-barras-de-apoio-wc","7":"product_tag-barras-de-apoio","8":"product_tag-barras-de-apoio-para-casa-de-banho","9":"product_tag-barras-de-apoio-para-wc","11":"first","12":"instock","13":"taxable","14":"shipping-taxable","15":"purchasable","16":"product-type-variable"},"acf":[],"yoast_head":"<!-- This site is optimized with the Yoast SEO plugin v27.5 - https:\/\/yoast.com\/product\/yoast-seo-wordpress\/ -->\n<title>Barra de Apoio Wc com Ventosas Stileo Invacare - Mais que Cuidar<\/title>\n<meta name=\"description\" content=\"Conhe\u00e7a a barra de apoio com ventosas Stileo da Invacare ideal para usar na parede junto \u00e0 banheira, no polib\u00e3 ou em redor da sanita.\" \/>\n<meta name=\"robots\" content=\"index, follow, max-snippet:-1, max-image-preview:large, max-video-preview:-1\" \/>\n<link rel=\"canonical\" href=\"https:\/\/www.maisquecuidar.com\/loja\/higiene-casa-banho\/barras-de-apoio-wc\/barra-de-apoio-com-ventosa\" \/>\n<meta property=\"og:locale\" content=\"pt_PT\" \/>\n<meta property=\"og:type\" content=\"article\" \/>\n<meta property=\"og:title\" content=\"Barra de Apoio Wc com Ventosas Stileo Invacare - Mais que Cuidar\" \/>\n<meta property=\"og:description\" content=\"Conhe\u00e7a a barra de apoio com ventosas Stileo da Invacare ideal para usar na parede junto \u00e0 banheira, no polib\u00e3 ou em redor da sanita.\" \/>\n<meta property=\"og:url\" content=\"https:\/\/www.maisquecuidar.com\/loja\/higiene-casa-banho\/barras-de-apoio-wc\/barra-de-apoio-com-ventosa\" \/>\n<meta property=\"og:site_name\" content=\"Mais que Cuidar\" \/>\n<meta property=\"article:publisher\" content=\"https:\/\/www.facebook.com\/maisquecuidar.pt\" \/>\n<meta property=\"article:modified_time\" content=\"2025-10-07T20:34:31+00:00\" \/>\n<meta property=\"og:image\" content=\"https:\/\/img.maisquecuidar.com\/loja\/wp-content\/uploads\/2017\/01\/barra-apoio-stileo-h172.png\" \/>\n\t<meta property=\"og:image:width\" content=\"1280\" \/>\n\t<meta property=\"og:image:height\" content=\"800\" \/>\n\t<meta property=\"og:image:type\" content=\"image\/png\" \/>\n<meta name=\"twitter:label1\" content=\"Tempo estimado de leitura\" \/>\n\t<meta name=\"twitter:data1\" content=\"2 minutos\" \/>\n<script type=\"application\/ld+json\" class=\"yoast-schema-graph\">{\"@context\":\"https:\\\/\\\/schema.org\",\"@graph\":[{\"@type\":\"WebPage\",\"@id\":\"https:\\\/\\\/www.maisquecuidar.com\\\/loja\\\/higiene-casa-banho\\\/barras-de-apoio-wc\\\/barra-de-apoio-com-ventosa\",\"url\":\"https:\\\/\\\/www.maisquecuidar.com\\\/loja\\\/higiene-casa-banho\\\/barras-de-apoio-wc\\\/barra-de-apoio-com-ventosa\",\"name\":\"Barra de Apoio Wc com Ventosas Stileo Invacare - Mais que Cuidar\",\"isPartOf\":{\"@id\":\"https:\\\/\\\/www.maisquecuidar.com\\\/loja\\\/#website\"},\"primaryImageOfPage\":{\"@id\":\"https:\\\/\\\/www.maisquecuidar.com\\\/loja\\\/higiene-casa-banho\\\/barras-de-apoio-wc\\\/barra-de-apoio-com-ventosa#primaryimage\"},\"image\":{\"@id\":\"https:\\\/\\\/www.maisquecuidar.com\\\/loja\\\/higiene-casa-banho\\\/barras-de-apoio-wc\\\/barra-de-apoio-com-ventosa#primaryimage\"},\"thumbnailUrl\":\"https:\\\/\\\/img.maisquecuidar.com\\\/loja\\\/wp-content\\\/uploads\\\/2017\\\/01\\\/barra-apoio-stileo-h172.png\",\"datePublished\":\"2017-01-13T15:21:11+00:00\",\"dateModified\":\"2025-10-07T20:34:31+00:00\",\"description\":\"Conhe\u00e7a a barra de apoio com ventosas Stileo da Invacare ideal para usar na parede junto \u00e0 banheira, no polib\u00e3 ou em redor da sanita.\",\"breadcrumb\":{\"@id\":\"https:\\\/\\\/www.maisquecuidar.com\\\/loja\\\/higiene-casa-banho\\\/barras-de-apoio-wc\\\/barra-de-apoio-com-ventosa#breadcrumb\"},\"inLanguage\":\"pt-PT\",\"potentialAction\":[{\"@type\":\"ReadAction\",\"target\":[\"https:\\\/\\\/www.maisquecuidar.com\\\/loja\\\/higiene-casa-banho\\\/barras-de-apoio-wc\\\/barra-de-apoio-com-ventosa\"]}]},{\"@type\":\"ImageObject\",\"inLanguage\":\"pt-PT\",\"@id\":\"https:\\\/\\\/www.maisquecuidar.com\\\/loja\\\/higiene-casa-banho\\\/barras-de-apoio-wc\\\/barra-de-apoio-com-ventosa#primaryimage\",\"url\":\"https:\\\/\\\/img.maisquecuidar.com\\\/loja\\\/wp-content\\\/uploads\\\/2017\\\/01\\\/barra-apoio-stileo-h172.png\",\"contentUrl\":\"https:\\\/\\\/img.maisquecuidar.com\\\/loja\\\/wp-content\\\/uploads\\\/2017\\\/01\\\/barra-apoio-stileo-h172.png\",\"width\":1280,\"height\":800,\"caption\":\"Barra de apoio de casa de banho Stileo H172 da Invacare\"},{\"@type\":\"BreadcrumbList\",\"@id\":\"https:\\\/\\\/www.maisquecuidar.com\\\/loja\\\/higiene-casa-banho\\\/barras-de-apoio-wc\\\/barra-de-apoio-com-ventosa#breadcrumb\",\"itemListElement\":[{\"@type\":\"ListItem\",\"position\":1,\"name\":\"Home\",\"item\":\"https:\\\/\\\/www.maisquecuidar.com\\\/loja\\\/\"},{\"@type\":\"ListItem\",\"position\":2,\"name\":\"Loja Online de Ortopedia e Geriatria em Portugal\",\"item\":\"https:\\\/\\\/www.maisquecuidar.com\\\/loja\\\/loja\"},{\"@type\":\"ListItem\",\"position\":3,\"name\":\"Higiene e Casa de Banho\",\"item\":\"https:\\\/\\\/www.maisquecuidar.com\\\/loja\\\/higiene-casa-banho\"},{\"@type\":\"ListItem\",\"position\":4,\"name\":\"Barras de Apoio de WC\",\"item\":\"https:\\\/\\\/www.maisquecuidar.com\\\/loja\\\/higiene-casa-banho\\\/barras-de-apoio-wc\"},{\"@type\":\"ListItem\",\"position\":5,\"name\":\"Barra de Apoio Wc com Ventosas Stileo Invacare\"}]},{\"@type\":\"WebSite\",\"@id\":\"https:\\\/\\\/www.maisquecuidar.com\\\/loja\\\/#website\",\"url\":\"https:\\\/\\\/www.maisquecuidar.com\\\/loja\\\/\",\"name\":\"Mais que Cuidar\",\"description\":\"Sa\u00fade, Ortopedia e Geriatria\",\"publisher\":{\"@id\":\"https:\\\/\\\/www.maisquecuidar.com\\\/loja\\\/#organization\"},\"potentialAction\":[{\"@type\":\"SearchAction\",\"target\":{\"@type\":\"EntryPoint\",\"urlTemplate\":\"https:\\\/\\\/www.maisquecuidar.com\\\/loja\\\/?s={search_term_string}\"},\"query-input\":{\"@type\":\"PropertyValueSpecification\",\"valueRequired\":true,\"valueName\":\"search_term_string\"}}],\"inLanguage\":\"pt-PT\"},{\"@type\":\"Organization\",\"@id\":\"https:\\\/\\\/www.maisquecuidar.com\\\/loja\\\/#organization\",\"name\":\"Mais Que Cuidar\",\"url\":\"https:\\\/\\\/www.maisquecuidar.com\\\/loja\\\/\",\"logo\":{\"@type\":\"ImageObject\",\"inLanguage\":\"pt-PT\",\"@id\":\"https:\\\/\\\/www.maisquecuidar.com\\\/loja\\\/#\\\/schema\\\/logo\\\/image\\\/\",\"url\":\"https:\\\/\\\/img.maisquecuidar.com\\\/loja\\\/wp-content\\\/uploads\\\/2019\\\/08\\\/logo-mais-que-cuidar-retina.png\",\"contentUrl\":\"https:\\\/\\\/img.maisquecuidar.com\\\/loja\\\/wp-content\\\/uploads\\\/2019\\\/08\\\/logo-mais-que-cuidar-retina.png\",\"width\":565,\"height\":75,\"caption\":\"Mais Que Cuidar\"},\"image\":{\"@id\":\"https:\\\/\\\/www.maisquecuidar.com\\\/loja\\\/#\\\/schema\\\/logo\\\/image\\\/\"},\"sameAs\":[\"https:\\\/\\\/www.facebook.com\\\/maisquecuidar.pt\",\"https:\\\/\\\/www.instagram.com\\\/maisquecuidar\"]}]}<\/script>\n<!-- \/ Yoast SEO plugin. -->","yoast_head_json":{"title":"Barra de Apoio Wc com Ventosas Stileo Invacare - Mais que Cuidar","description":"Conhe\u00e7a a barra de apoio com ventosas Stileo da Invacare ideal para usar na parede junto \u00e0 banheira, no polib\u00e3 ou em redor da sanita.","robots":{"index":"index","follow":"follow","max-snippet":"max-snippet:-1","max-image-preview":"max-image-preview:large","max-video-preview":"max-video-preview:-1"},"canonical":"https:\/\/www.maisquecuidar.com\/loja\/higiene-casa-banho\/barras-de-apoio-wc\/barra-de-apoio-com-ventosa","og_locale":"pt_PT","og_type":"article","og_title":"Barra de Apoio Wc com Ventosas Stileo Invacare - Mais que Cuidar","og_description":"Conhe\u00e7a a barra de apoio com ventosas Stileo da Invacare ideal para usar na parede junto \u00e0 banheira, no polib\u00e3 ou em redor da sanita.","og_url":"https:\/\/www.maisquecuidar.com\/loja\/higiene-casa-banho\/barras-de-apoio-wc\/barra-de-apoio-com-ventosa","og_site_name":"Mais que Cuidar","article_publisher":"https:\/\/www.facebook.com\/maisquecuidar.pt","article_modified_time":"2025-10-07T20:34:31+00:00","og_image":[{"width":1280,"height":800,"url":"https:\/\/img.maisquecuidar.com\/loja\/wp-content\/uploads\/2017\/01\/barra-apoio-stileo-h172.png","type":"image\/png"}],"twitter_misc":{"Tempo estimado de leitura":"2 minutos"},"schema":{"@context":"https:\/\/schema.org","@graph":[{"@type":"WebPage","@id":"https:\/\/www.maisquecuidar.com\/loja\/higiene-casa-banho\/barras-de-apoio-wc\/barra-de-apoio-com-ventosa","url":"https:\/\/www.maisquecuidar.com\/loja\/higiene-casa-banho\/barras-de-apoio-wc\/barra-de-apoio-com-ventosa","name":"Barra de Apoio Wc com Ventosas Stileo Invacare - Mais que Cuidar","isPartOf":{"@id":"https:\/\/www.maisquecuidar.com\/loja\/#website"},"primaryImageOfPage":{"@id":"https:\/\/www.maisquecuidar.com\/loja\/higiene-casa-banho\/barras-de-apoio-wc\/barra-de-apoio-com-ventosa#primaryimage"},"image":{"@id":"https:\/\/www.maisquecuidar.com\/loja\/higiene-casa-banho\/barras-de-apoio-wc\/barra-de-apoio-com-ventosa#primaryimage"},"thumbnailUrl":"https:\/\/img.maisquecuidar.com\/loja\/wp-content\/uploads\/2017\/01\/barra-apoio-stileo-h172.png","datePublished":"2017-01-13T15:21:11+00:00","dateModified":"2025-10-07T20:34:31+00:00","description":"Conhe\u00e7a a barra de apoio com ventosas Stileo da Invacare ideal para usar na parede junto \u00e0 banheira, no polib\u00e3 ou em redor da sanita.","breadcrumb":{"@id":"https:\/\/www.maisquecuidar.com\/loja\/higiene-casa-banho\/barras-de-apoio-wc\/barra-de-apoio-com-ventosa#breadcrumb"},"inLanguage":"pt-PT","potentialAction":[{"@type":"ReadAction","target":["https:\/\/www.maisquecuidar.com\/loja\/higiene-casa-banho\/barras-de-apoio-wc\/barra-de-apoio-com-ventosa"]}]},{"@type":"ImageObject","inLanguage":"pt-PT","@id":"https:\/\/www.maisquecuidar.com\/loja\/higiene-casa-banho\/barras-de-apoio-wc\/barra-de-apoio-com-ventosa#primaryimage","url":"https:\/\/img.maisquecuidar.com\/loja\/wp-content\/uploads\/2017\/01\/barra-apoio-stileo-h172.png","contentUrl":"https:\/\/img.maisquecuidar.com\/loja\/wp-content\/uploads\/2017\/01\/barra-apoio-stileo-h172.png","width":1280,"height":800,"caption":"Barra de apoio de casa de banho Stileo H172 da Invacare"},{"@type":"BreadcrumbList","@id":"https:\/\/www.maisquecuidar.com\/loja\/higiene-casa-banho\/barras-de-apoio-wc\/barra-de-apoio-com-ventosa#breadcrumb","itemListElement":[{"@type":"ListItem","position":1,"name":"Home","item":"https:\/\/www.maisquecuidar.com\/loja\/"},{"@type":"ListItem","position":2,"name":"Loja Online de Ortopedia e Geriatria em Portugal","item":"https:\/\/www.maisquecuidar.com\/loja\/loja"},{"@type":"ListItem","position":3,"name":"Higiene e Casa de Banho","item":"https:\/\/www.maisquecuidar.com\/loja\/higiene-casa-banho"},{"@type":"ListItem","position":4,"name":"Barras de Apoio de WC","item":"https:\/\/www.maisquecuidar.com\/loja\/higiene-casa-banho\/barras-de-apoio-wc"},{"@type":"ListItem","position":5,"name":"Barra de Apoio Wc com Ventosas Stileo Invacare"}]},{"@type":"WebSite","@id":"https:\/\/www.maisquecuidar.com\/loja\/#website","url":"https:\/\/www.maisquecuidar.com\/loja\/","name":"Mais que Cuidar","description":"Sa\u00fade, Ortopedia e Geriatria","publisher":{"@id":"https:\/\/www.maisquecuidar.com\/loja\/#organization"},"potentialAction":[{"@type":"SearchAction","target":{"@type":"EntryPoint","urlTemplate":"https:\/\/www.maisquecuidar.com\/loja\/?s={search_term_string}"},"query-input":{"@type":"PropertyValueSpecification","valueRequired":true,"valueName":"search_term_string"}}],"inLanguage":"pt-PT"},{"@type":"Organization","@id":"https:\/\/www.maisquecuidar.com\/loja\/#organization","name":"Mais Que Cuidar","url":"https:\/\/www.maisquecuidar.com\/loja\/","logo":{"@type":"ImageObject","inLanguage":"pt-PT","@id":"https:\/\/www.maisquecuidar.com\/loja\/#\/schema\/logo\/image\/","url":"https:\/\/img.maisquecuidar.com\/loja\/wp-content\/uploads\/2019\/08\/logo-mais-que-cuidar-retina.png","contentUrl":"https:\/\/img.maisquecuidar.com\/loja\/wp-content\/uploads\/2019\/08\/logo-mais-que-cuidar-retina.png","width":565,"height":75,"caption":"Mais Que Cuidar"},"image":{"@id":"https:\/\/www.maisquecuidar.com\/loja\/#\/schema\/logo\/image\/"},"sameAs":["https:\/\/www.facebook.com\/maisquecuidar.pt","https:\/\/www.instagram.com\/maisquecuidar"]}]}},"_links":{"self":[{"href":"https:\/\/www.maisquecuidar.com\/loja\/wp-json\/wp\/v2\/product\/4583","targetHints":{"allow":["GET"]}}],"collection":[{"href":"https:\/\/www.maisquecuidar.com\/loja\/wp-json\/wp\/v2\/product"}],"about":[{"href":"https:\/\/www.maisquecuidar.com\/loja\/wp-json\/wp\/v2\/types\/product"}],"wp:featuredmedia":[{"embeddable":true,"href":"https:\/\/www.maisquecuidar.com\/loja\/wp-json\/wp\/v2\/media\/15732"}],"wp:attachment":[{"href":"https:\/\/www.maisquecuidar.com\/loja\/wp-json\/wp\/v2\/media?parent=4583"}],"wp:term":[{"taxonomy":"product_brand","embeddable":true,"href":"https:\/\/www.maisquecuidar.com\/loja\/wp-json\/wp\/v2\/product_brand?post=4583"},{"taxonomy":"product_cat","embeddable":true,"href":"https:\/\/www.maisquecuidar.com\/loja\/wp-json\/wp\/v2\/product_cat?post=4583"},{"taxonomy":"product_tag","embeddable":true,"href":"https:\/\/www.maisquecuidar.com\/loja\/wp-json\/wp\/v2\/product_tag?post=4583"}],"curies":[{"name":"wp","href":"https:\/\/api.w.org\/{rel}","templated":true}]}}