{"id":4576,"date":"2017-01-13T14:54:55","date_gmt":"2017-01-13T14:54:55","guid":{"rendered":"https:\/\/www.maisquecuidar.com\/loja\/?post_type=product&#038;p=4576"},"modified":"2025-09-15T20:07:06","modified_gmt":"2025-09-15T19:07:06","slug":"elevador-de-sanita-regulavel-altura","status":"publish","type":"product","link":"https:\/\/www.maisquecuidar.com\/loja\/higiene-casa-banho\/alteador-elevador-sanita\/elevador-de-sanita-regulavel-altura","title":{"rendered":"Elevador de Sanita Aquatec 900 Invacare"},"content":{"rendered":"<p>O elevador de sanita Aquatec 900 \u00e9 fabricado pela marca Invacare e reduz a dist\u00e2ncia entre o vaso sanit\u00e1rio e o utilizador.<\/p>\n<p>\u00c9 indicado para pessoas com dificuldade em sentar ou levantar da sanita.<\/p>\n<p><strong>O elevador de sanita AT 900 substitui por completo o tampo original da sanita<\/strong> j\u00e1 que \u00e9 montado nos mesmos pontos onde habitualmente se adaptam os tampos sanit\u00e1rios.<\/p>\n<p>O AT 900 est\u00e1 dispon\u00edvel com ou sem apoio de bra\u00e7os apesar da primeira op\u00e7\u00e3o ser mais segura para os utilizadores que t\u00eam dificuldade em controlar o tronco. Os apoios de bra\u00e7os s\u00e3o tamb\u00e9m rebat\u00edveis para ajudar nas transfer\u00eancias laterais.<\/p>\n<p><strong>Este elevador de sanita pode ser regulado em tr\u00eas n\u00edveis de altura (6, 10 e 15 cm)<\/strong> e tem uma caracter\u00edstica diferenciadora que possibilita a regula\u00e7\u00e3o do elevador em inclina\u00e7\u00e3o. Desta forma vai poder adaptar o produto de apoio \u00e0s necessidades do utilizador \u00e0 medida que a situa\u00e7\u00e3o cl\u00ednica vai evoluindo.<\/p>\n<h3>Caracter\u00edsticas em destaque:<\/h3>\n<ul>\n<li>Elevador de sanita com tampa. Dispon\u00edvel com ou sem apoios de bra\u00e7os.<\/li>\n<li>Substitui por completo o tampo de origem da sanita. Compat\u00edvel com sanitas com fura\u00e7\u00f5es entre os 15 e 20,5 cm.<\/li>\n<li>Para al\u00e9m de encurtar a dist\u00e2ncia entre a sanita e o utilizador, poder\u00e1 ser ajustado em \u00e2ngulo para acompanhar as limita\u00e7\u00f5es do utilizador se houver complica\u00e7\u00f5es na flex\u00e3o dos joelhos e\/ou rota\u00e7\u00e3o da p\u00e9lvis.<\/li>\n<li>Com apoios de bra\u00e7os vai proporcionar maior apoio. Sendo rebat\u00edveis n\u00e3o ser\u00e3o entrave nas transfer\u00eancias laterais.<\/li>\n<\/ul>\n","protected":false},"excerpt":{"rendered":"<p>Alteador de sanita com apoio de bra\u00e7os e a possibilidade de regular 3 n\u00edveis de altura.<\/p>\n","protected":false},"featured_media":14897,"template":"","meta":{"_acf_changed":false,"neve_meta_sidebar":"","neve_meta_container":"","neve_meta_enable_content_width":"","neve_meta_content_width":0,"neve_meta_title_alignment":"","neve_meta_author_avatar":"","neve_post_elements_order":"","neve_meta_disable_header":"","neve_meta_disable_footer":"","neve_meta_disable_title":""},"product_brand":[],"product_cat":[75],"product_tag":[391],"class_list":{"0":"post-4576","1":"product","2":"type-product","3":"status-publish","4":"has-post-thumbnail","6":"product_cat-alteador-elevador-sanita","7":"product_tag-elevador-de-sanita","9":"first","10":"instock","11":"taxable","12":"shipping-taxable","13":"purchasable","14":"product-type-simple"},"acf":[],"yoast_head":"<!-- This site is optimized with the Yoast SEO plugin v27.4 - https:\/\/yoast.com\/product\/yoast-seo-wordpress\/ -->\n<title>Elevador de Sanita Aquatec 900 Invacare - Mais que Cuidar<\/title>\n<meta name=\"description\" content=\"Elevador de sanita Aquatec 900 da Invacare com apoio de bra\u00e7os e com a possibilidade de regular a altura em 3 n\u00edveis diferentes. Confira o pre\u00e7o!\" \/>\n<meta name=\"robots\" content=\"index, follow, max-snippet:-1, max-image-preview:large, max-video-preview:-1\" \/>\n<link rel=\"canonical\" href=\"https:\/\/www.maisquecuidar.com\/loja\/higiene-casa-banho\/alteador-elevador-sanita\/elevador-de-sanita-regulavel-altura\" \/>\n<meta property=\"og:locale\" content=\"pt_PT\" \/>\n<meta property=\"og:type\" content=\"article\" \/>\n<meta property=\"og:title\" content=\"Elevador de Sanita Aquatec 900 Invacare - Mais que Cuidar\" \/>\n<meta property=\"og:description\" content=\"Elevador de sanita Aquatec 900 da Invacare com apoio de bra\u00e7os e com a possibilidade de regular a altura em 3 n\u00edveis diferentes. Confira o pre\u00e7o!\" \/>\n<meta property=\"og:url\" content=\"https:\/\/www.maisquecuidar.com\/loja\/higiene-casa-banho\/alteador-elevador-sanita\/elevador-de-sanita-regulavel-altura\" \/>\n<meta property=\"og:site_name\" content=\"Mais que Cuidar\" \/>\n<meta property=\"article:publisher\" content=\"https:\/\/www.facebook.com\/maisquecuidar.pt\" \/>\n<meta property=\"article:modified_time\" content=\"2025-09-15T19:07:06+00:00\" \/>\n<meta property=\"og:image\" content=\"https:\/\/img.maisquecuidar.com\/loja\/wp-content\/uploads\/2017\/01\/alteador-sanita-aquatec-c900.png\" \/>\n\t<meta property=\"og:image:width\" content=\"1280\" \/>\n\t<meta property=\"og:image:height\" content=\"800\" \/>\n\t<meta property=\"og:image:type\" content=\"image\/png\" \/>\n<meta name=\"twitter:label1\" content=\"Tempo estimado de leitura\" \/>\n\t<meta name=\"twitter:data1\" content=\"2 minutos\" \/>\n<script type=\"application\/ld+json\" class=\"yoast-schema-graph\">{\"@context\":\"https:\\\/\\\/schema.org\",\"@graph\":[{\"@type\":\"WebPage\",\"@id\":\"https:\\\/\\\/www.maisquecuidar.com\\\/loja\\\/higiene-casa-banho\\\/alteador-elevador-sanita\\\/elevador-de-sanita-regulavel-altura\",\"url\":\"https:\\\/\\\/www.maisquecuidar.com\\\/loja\\\/higiene-casa-banho\\\/alteador-elevador-sanita\\\/elevador-de-sanita-regulavel-altura\",\"name\":\"Elevador de Sanita Aquatec 900 Invacare - Mais que Cuidar\",\"isPartOf\":{\"@id\":\"https:\\\/\\\/www.maisquecuidar.com\\\/loja\\\/#website\"},\"primaryImageOfPage\":{\"@id\":\"https:\\\/\\\/www.maisquecuidar.com\\\/loja\\\/higiene-casa-banho\\\/alteador-elevador-sanita\\\/elevador-de-sanita-regulavel-altura#primaryimage\"},\"image\":{\"@id\":\"https:\\\/\\\/www.maisquecuidar.com\\\/loja\\\/higiene-casa-banho\\\/alteador-elevador-sanita\\\/elevador-de-sanita-regulavel-altura#primaryimage\"},\"thumbnailUrl\":\"https:\\\/\\\/img.maisquecuidar.com\\\/loja\\\/wp-content\\\/uploads\\\/2017\\\/01\\\/alteador-sanita-aquatec-c900.png\",\"datePublished\":\"2017-01-13T14:54:55+00:00\",\"dateModified\":\"2025-09-15T19:07:06+00:00\",\"description\":\"Elevador de sanita Aquatec 900 da Invacare com apoio de bra\u00e7os e com a possibilidade de regular a altura em 3 n\u00edveis diferentes. Confira o pre\u00e7o!\",\"breadcrumb\":{\"@id\":\"https:\\\/\\\/www.maisquecuidar.com\\\/loja\\\/higiene-casa-banho\\\/alteador-elevador-sanita\\\/elevador-de-sanita-regulavel-altura#breadcrumb\"},\"inLanguage\":\"pt-PT\",\"potentialAction\":[{\"@type\":\"ReadAction\",\"target\":[\"https:\\\/\\\/www.maisquecuidar.com\\\/loja\\\/higiene-casa-banho\\\/alteador-elevador-sanita\\\/elevador-de-sanita-regulavel-altura\"]}]},{\"@type\":\"ImageObject\",\"inLanguage\":\"pt-PT\",\"@id\":\"https:\\\/\\\/www.maisquecuidar.com\\\/loja\\\/higiene-casa-banho\\\/alteador-elevador-sanita\\\/elevador-de-sanita-regulavel-altura#primaryimage\",\"url\":\"https:\\\/\\\/img.maisquecuidar.com\\\/loja\\\/wp-content\\\/uploads\\\/2017\\\/01\\\/alteador-sanita-aquatec-c900.png\",\"contentUrl\":\"https:\\\/\\\/img.maisquecuidar.com\\\/loja\\\/wp-content\\\/uploads\\\/2017\\\/01\\\/alteador-sanita-aquatec-c900.png\",\"width\":1280,\"height\":800,\"caption\":\"Alteador sanita regul\u00e1vel em altura Aquatec C 900\"},{\"@type\":\"BreadcrumbList\",\"@id\":\"https:\\\/\\\/www.maisquecuidar.com\\\/loja\\\/higiene-casa-banho\\\/alteador-elevador-sanita\\\/elevador-de-sanita-regulavel-altura#breadcrumb\",\"itemListElement\":[{\"@type\":\"ListItem\",\"position\":1,\"name\":\"Home\",\"item\":\"https:\\\/\\\/www.maisquecuidar.com\\\/loja\\\/\"},{\"@type\":\"ListItem\",\"position\":2,\"name\":\"Loja Online de Ortopedia e Geriatria em Portugal\",\"item\":\"https:\\\/\\\/www.maisquecuidar.com\\\/loja\\\/loja\"},{\"@type\":\"ListItem\",\"position\":3,\"name\":\"Higiene e Casa de Banho\",\"item\":\"https:\\\/\\\/www.maisquecuidar.com\\\/loja\\\/higiene-casa-banho\"},{\"@type\":\"ListItem\",\"position\":4,\"name\":\"Alteadores e Elevadores de Sanita\",\"item\":\"https:\\\/\\\/www.maisquecuidar.com\\\/loja\\\/higiene-casa-banho\\\/alteador-elevador-sanita\"},{\"@type\":\"ListItem\",\"position\":5,\"name\":\"Elevador de Sanita Aquatec 900 Invacare\"}]},{\"@type\":\"WebSite\",\"@id\":\"https:\\\/\\\/www.maisquecuidar.com\\\/loja\\\/#website\",\"url\":\"https:\\\/\\\/www.maisquecuidar.com\\\/loja\\\/\",\"name\":\"Mais que Cuidar\",\"description\":\"Sa\u00fade, Ortopedia e Geriatria\",\"publisher\":{\"@id\":\"https:\\\/\\\/www.maisquecuidar.com\\\/loja\\\/#organization\"},\"potentialAction\":[{\"@type\":\"SearchAction\",\"target\":{\"@type\":\"EntryPoint\",\"urlTemplate\":\"https:\\\/\\\/www.maisquecuidar.com\\\/loja\\\/?s={search_term_string}\"},\"query-input\":{\"@type\":\"PropertyValueSpecification\",\"valueRequired\":true,\"valueName\":\"search_term_string\"}}],\"inLanguage\":\"pt-PT\"},{\"@type\":\"Organization\",\"@id\":\"https:\\\/\\\/www.maisquecuidar.com\\\/loja\\\/#organization\",\"name\":\"Mais Que Cuidar\",\"url\":\"https:\\\/\\\/www.maisquecuidar.com\\\/loja\\\/\",\"logo\":{\"@type\":\"ImageObject\",\"inLanguage\":\"pt-PT\",\"@id\":\"https:\\\/\\\/www.maisquecuidar.com\\\/loja\\\/#\\\/schema\\\/logo\\\/image\\\/\",\"url\":\"https:\\\/\\\/img.maisquecuidar.com\\\/loja\\\/wp-content\\\/uploads\\\/2019\\\/08\\\/logo-mais-que-cuidar-retina.png\",\"contentUrl\":\"https:\\\/\\\/img.maisquecuidar.com\\\/loja\\\/wp-content\\\/uploads\\\/2019\\\/08\\\/logo-mais-que-cuidar-retina.png\",\"width\":565,\"height\":75,\"caption\":\"Mais Que Cuidar\"},\"image\":{\"@id\":\"https:\\\/\\\/www.maisquecuidar.com\\\/loja\\\/#\\\/schema\\\/logo\\\/image\\\/\"},\"sameAs\":[\"https:\\\/\\\/www.facebook.com\\\/maisquecuidar.pt\",\"https:\\\/\\\/www.instagram.com\\\/maisquecuidar\"]}]}<\/script>\n<!-- \/ Yoast SEO plugin. -->","yoast_head_json":{"title":"Elevador de Sanita Aquatec 900 Invacare - Mais que Cuidar","description":"Elevador de sanita Aquatec 900 da Invacare com apoio de bra\u00e7os e com a possibilidade de regular a altura em 3 n\u00edveis diferentes. Confira o pre\u00e7o!","robots":{"index":"index","follow":"follow","max-snippet":"max-snippet:-1","max-image-preview":"max-image-preview:large","max-video-preview":"max-video-preview:-1"},"canonical":"https:\/\/www.maisquecuidar.com\/loja\/higiene-casa-banho\/alteador-elevador-sanita\/elevador-de-sanita-regulavel-altura","og_locale":"pt_PT","og_type":"article","og_title":"Elevador de Sanita Aquatec 900 Invacare - Mais que Cuidar","og_description":"Elevador de sanita Aquatec 900 da Invacare com apoio de bra\u00e7os e com a possibilidade de regular a altura em 3 n\u00edveis diferentes. Confira o pre\u00e7o!","og_url":"https:\/\/www.maisquecuidar.com\/loja\/higiene-casa-banho\/alteador-elevador-sanita\/elevador-de-sanita-regulavel-altura","og_site_name":"Mais que Cuidar","article_publisher":"https:\/\/www.facebook.com\/maisquecuidar.pt","article_modified_time":"2025-09-15T19:07:06+00:00","og_image":[{"width":1280,"height":800,"url":"https:\/\/img.maisquecuidar.com\/loja\/wp-content\/uploads\/2017\/01\/alteador-sanita-aquatec-c900.png","type":"image\/png"}],"twitter_misc":{"Tempo estimado de leitura":"2 minutos"},"schema":{"@context":"https:\/\/schema.org","@graph":[{"@type":"WebPage","@id":"https:\/\/www.maisquecuidar.com\/loja\/higiene-casa-banho\/alteador-elevador-sanita\/elevador-de-sanita-regulavel-altura","url":"https:\/\/www.maisquecuidar.com\/loja\/higiene-casa-banho\/alteador-elevador-sanita\/elevador-de-sanita-regulavel-altura","name":"Elevador de Sanita Aquatec 900 Invacare - Mais que Cuidar","isPartOf":{"@id":"https:\/\/www.maisquecuidar.com\/loja\/#website"},"primaryImageOfPage":{"@id":"https:\/\/www.maisquecuidar.com\/loja\/higiene-casa-banho\/alteador-elevador-sanita\/elevador-de-sanita-regulavel-altura#primaryimage"},"image":{"@id":"https:\/\/www.maisquecuidar.com\/loja\/higiene-casa-banho\/alteador-elevador-sanita\/elevador-de-sanita-regulavel-altura#primaryimage"},"thumbnailUrl":"https:\/\/img.maisquecuidar.com\/loja\/wp-content\/uploads\/2017\/01\/alteador-sanita-aquatec-c900.png","datePublished":"2017-01-13T14:54:55+00:00","dateModified":"2025-09-15T19:07:06+00:00","description":"Elevador de sanita Aquatec 900 da Invacare com apoio de bra\u00e7os e com a possibilidade de regular a altura em 3 n\u00edveis diferentes. Confira o pre\u00e7o!","breadcrumb":{"@id":"https:\/\/www.maisquecuidar.com\/loja\/higiene-casa-banho\/alteador-elevador-sanita\/elevador-de-sanita-regulavel-altura#breadcrumb"},"inLanguage":"pt-PT","potentialAction":[{"@type":"ReadAction","target":["https:\/\/www.maisquecuidar.com\/loja\/higiene-casa-banho\/alteador-elevador-sanita\/elevador-de-sanita-regulavel-altura"]}]},{"@type":"ImageObject","inLanguage":"pt-PT","@id":"https:\/\/www.maisquecuidar.com\/loja\/higiene-casa-banho\/alteador-elevador-sanita\/elevador-de-sanita-regulavel-altura#primaryimage","url":"https:\/\/img.maisquecuidar.com\/loja\/wp-content\/uploads\/2017\/01\/alteador-sanita-aquatec-c900.png","contentUrl":"https:\/\/img.maisquecuidar.com\/loja\/wp-content\/uploads\/2017\/01\/alteador-sanita-aquatec-c900.png","width":1280,"height":800,"caption":"Alteador sanita regul\u00e1vel em altura Aquatec C 900"},{"@type":"BreadcrumbList","@id":"https:\/\/www.maisquecuidar.com\/loja\/higiene-casa-banho\/alteador-elevador-sanita\/elevador-de-sanita-regulavel-altura#breadcrumb","itemListElement":[{"@type":"ListItem","position":1,"name":"Home","item":"https:\/\/www.maisquecuidar.com\/loja\/"},{"@type":"ListItem","position":2,"name":"Loja Online de Ortopedia e Geriatria em Portugal","item":"https:\/\/www.maisquecuidar.com\/loja\/loja"},{"@type":"ListItem","position":3,"name":"Higiene e Casa de Banho","item":"https:\/\/www.maisquecuidar.com\/loja\/higiene-casa-banho"},{"@type":"ListItem","position":4,"name":"Alteadores e Elevadores de Sanita","item":"https:\/\/www.maisquecuidar.com\/loja\/higiene-casa-banho\/alteador-elevador-sanita"},{"@type":"ListItem","position":5,"name":"Elevador de Sanita Aquatec 900 Invacare"}]},{"@type":"WebSite","@id":"https:\/\/www.maisquecuidar.com\/loja\/#website","url":"https:\/\/www.maisquecuidar.com\/loja\/","name":"Mais que Cuidar","description":"Sa\u00fade, Ortopedia e Geriatria","publisher":{"@id":"https:\/\/www.maisquecuidar.com\/loja\/#organization"},"potentialAction":[{"@type":"SearchAction","target":{"@type":"EntryPoint","urlTemplate":"https:\/\/www.maisquecuidar.com\/loja\/?s={search_term_string}"},"query-input":{"@type":"PropertyValueSpecification","valueRequired":true,"valueName":"search_term_string"}}],"inLanguage":"pt-PT"},{"@type":"Organization","@id":"https:\/\/www.maisquecuidar.com\/loja\/#organization","name":"Mais Que Cuidar","url":"https:\/\/www.maisquecuidar.com\/loja\/","logo":{"@type":"ImageObject","inLanguage":"pt-PT","@id":"https:\/\/www.maisquecuidar.com\/loja\/#\/schema\/logo\/image\/","url":"https:\/\/img.maisquecuidar.com\/loja\/wp-content\/uploads\/2019\/08\/logo-mais-que-cuidar-retina.png","contentUrl":"https:\/\/img.maisquecuidar.com\/loja\/wp-content\/uploads\/2019\/08\/logo-mais-que-cuidar-retina.png","width":565,"height":75,"caption":"Mais Que Cuidar"},"image":{"@id":"https:\/\/www.maisquecuidar.com\/loja\/#\/schema\/logo\/image\/"},"sameAs":["https:\/\/www.facebook.com\/maisquecuidar.pt","https:\/\/www.instagram.com\/maisquecuidar"]}]}},"_links":{"self":[{"href":"https:\/\/www.maisquecuidar.com\/loja\/wp-json\/wp\/v2\/product\/4576","targetHints":{"allow":["GET"]}}],"collection":[{"href":"https:\/\/www.maisquecuidar.com\/loja\/wp-json\/wp\/v2\/product"}],"about":[{"href":"https:\/\/www.maisquecuidar.com\/loja\/wp-json\/wp\/v2\/types\/product"}],"wp:featuredmedia":[{"embeddable":true,"href":"https:\/\/www.maisquecuidar.com\/loja\/wp-json\/wp\/v2\/media\/14897"}],"wp:attachment":[{"href":"https:\/\/www.maisquecuidar.com\/loja\/wp-json\/wp\/v2\/media?parent=4576"}],"wp:term":[{"taxonomy":"product_brand","embeddable":true,"href":"https:\/\/www.maisquecuidar.com\/loja\/wp-json\/wp\/v2\/product_brand?post=4576"},{"taxonomy":"product_cat","embeddable":true,"href":"https:\/\/www.maisquecuidar.com\/loja\/wp-json\/wp\/v2\/product_cat?post=4576"},{"taxonomy":"product_tag","embeddable":true,"href":"https:\/\/www.maisquecuidar.com\/loja\/wp-json\/wp\/v2\/product_tag?post=4576"}],"curies":[{"name":"wp","href":"https:\/\/api.w.org\/{rel}","templated":true}]}}