{"id":4539,"date":"2017-01-12T16:00:57","date_gmt":"2017-01-12T16:00:57","guid":{"rendered":"https:\/\/www.maisquecuidar.com\/loja\/?post_type=product&#038;p=4539"},"modified":"2025-09-15T20:07:02","modified_gmt":"2025-09-15T19:07:02","slug":"cadeira-de-duche-sorrento","status":"publish","type":"product","link":"https:\/\/www.maisquecuidar.com\/loja\/higiene-casa-banho\/cadeiras-de-banho\/duche\/cadeira-de-duche-sorrento","title":{"rendered":"Cadeira de Banho Aquatec Sorrento com Recorte"},"content":{"rendered":"<p>A cadeira de banho Aquatec Sorrento com recorte da Invacare \u00e9 recomendada para utilizar no polib\u00e3 ou na casa de banho j\u00e1 que \u00e9 totalmente anti-corrosiva.<\/p>\n<p>Pode ser usada por pessoas com limita\u00e7\u00f5es da mobilidade mas com bom controlo de tronco. Pode ser utilizada nas mais variadas tarefas como a troca de roupa ou banho.<\/p>\n<h3>Caracter\u00edsticas em destaque:<\/h3>\n<ul>\n<li>Assento \u00e9 muito confort\u00e1vel e anti deslizante para garantir uma maior seguran\u00e7a do utilizador.<\/li>\n<li>A tela do encosto \u00e9 flex\u00edvel e regul\u00e1vel em tens\u00e3o para oferecer maior conforto e personaliza\u00e7\u00e3o.<\/li>\n<li>As pernas desta cadeira de banho s\u00e3o regul\u00e1veis em altura.<\/li>\n<li>Os apoios de bra\u00e7os s\u00e3o destac\u00e1veis para facilitar as transfer\u00eancias.<\/li>\n<li>Assento com recorte para facilitar a higiene da regi\u00e3o intima.<\/li>\n<li>Ponteiras dos p\u00e9s antiderrapantes.<\/li>\n<li>Fabricada em material anti-oxidante.<\/li>\n<\/ul>\n","protected":false},"excerpt":{"rendered":"<p>Cadeira de duche com grande funcionalidade, design, anti-corrosiva e f\u00e1cil de montar.<\/p>\n","protected":false},"featured_media":14907,"template":"","meta":{"_acf_changed":false,"neve_meta_sidebar":"","neve_meta_container":"","neve_meta_enable_content_width":"","neve_meta_content_width":0,"neve_meta_title_alignment":"","neve_meta_author_avatar":"","neve_post_elements_order":"","neve_meta_disable_header":"","neve_meta_disable_footer":"","neve_meta_disable_title":""},"product_brand":[],"product_cat":[73],"product_tag":[382],"class_list":{"0":"post-4539","1":"product","2":"type-product","3":"status-publish","4":"has-post-thumbnail","6":"product_cat-duche","7":"product_tag-cadeira-de-duche-sorrento","9":"first","10":"instock","11":"taxable","12":"shipping-taxable","13":"purchasable","14":"product-type-simple"},"acf":[],"yoast_head":"<!-- This site is optimized with the Yoast SEO plugin v27.3 - https:\/\/yoast.com\/product\/yoast-seo-wordpress\/ -->\n<title>Cadeira de Banho Aquatec Sorrento com Recorte<\/title>\n<meta name=\"description\" content=\"Cadeira de banho Aquatec Sorrento com recorte da Invacare recomendada para facilitar o banho a pessoas com mobilidade reduzida em chuveiros ou no polib\u00e3.\" \/>\n<meta name=\"robots\" content=\"index, follow, max-snippet:-1, max-image-preview:large, max-video-preview:-1\" \/>\n<link rel=\"canonical\" href=\"https:\/\/www.maisquecuidar.com\/loja\/higiene-casa-banho\/cadeiras-de-banho\/duche\/cadeira-de-duche-sorrento\" \/>\n<meta property=\"og:locale\" content=\"pt_PT\" \/>\n<meta property=\"og:type\" content=\"article\" \/>\n<meta property=\"og:title\" content=\"Cadeira de Banho Aquatec Sorrento com Recorte\" \/>\n<meta property=\"og:description\" content=\"Cadeira de banho Aquatec Sorrento com recorte da Invacare recomendada para facilitar o banho a pessoas com mobilidade reduzida em chuveiros ou no polib\u00e3.\" \/>\n<meta property=\"og:url\" content=\"https:\/\/www.maisquecuidar.com\/loja\/higiene-casa-banho\/cadeiras-de-banho\/duche\/cadeira-de-duche-sorrento\" \/>\n<meta property=\"og:site_name\" content=\"Mais que Cuidar\" \/>\n<meta property=\"article:publisher\" content=\"https:\/\/www.facebook.com\/maisquecuidar.pt\" \/>\n<meta property=\"article:modified_time\" content=\"2025-09-15T19:07:02+00:00\" \/>\n<meta property=\"og:image\" content=\"https:\/\/img.maisquecuidar.com\/loja\/wp-content\/uploads\/2017\/01\/cadeira-de-banho-em-u-sorrento.png\" \/>\n\t<meta property=\"og:image:width\" content=\"1280\" \/>\n\t<meta property=\"og:image:height\" content=\"800\" \/>\n\t<meta property=\"og:image:type\" content=\"image\/png\" \/>\n<meta name=\"twitter:label1\" content=\"Tempo estimado de leitura\" \/>\n\t<meta name=\"twitter:data1\" content=\"1 minuto\" \/>\n<script type=\"application\/ld+json\" class=\"yoast-schema-graph\">{\"@context\":\"https:\\\/\\\/schema.org\",\"@graph\":[{\"@type\":\"WebPage\",\"@id\":\"https:\\\/\\\/www.maisquecuidar.com\\\/loja\\\/higiene-casa-banho\\\/cadeiras-de-banho\\\/duche\\\/cadeira-de-duche-sorrento\",\"url\":\"https:\\\/\\\/www.maisquecuidar.com\\\/loja\\\/higiene-casa-banho\\\/cadeiras-de-banho\\\/duche\\\/cadeira-de-duche-sorrento\",\"name\":\"Cadeira de Banho Aquatec Sorrento com Recorte\",\"isPartOf\":{\"@id\":\"https:\\\/\\\/www.maisquecuidar.com\\\/loja\\\/#website\"},\"primaryImageOfPage\":{\"@id\":\"https:\\\/\\\/www.maisquecuidar.com\\\/loja\\\/higiene-casa-banho\\\/cadeiras-de-banho\\\/duche\\\/cadeira-de-duche-sorrento#primaryimage\"},\"image\":{\"@id\":\"https:\\\/\\\/www.maisquecuidar.com\\\/loja\\\/higiene-casa-banho\\\/cadeiras-de-banho\\\/duche\\\/cadeira-de-duche-sorrento#primaryimage\"},\"thumbnailUrl\":\"https:\\\/\\\/img.maisquecuidar.com\\\/loja\\\/wp-content\\\/uploads\\\/2017\\\/01\\\/cadeira-de-banho-em-u-sorrento.png\",\"datePublished\":\"2017-01-12T16:00:57+00:00\",\"dateModified\":\"2025-09-15T19:07:02+00:00\",\"description\":\"Cadeira de banho Aquatec Sorrento com recorte da Invacare recomendada para facilitar o banho a pessoas com mobilidade reduzida em chuveiros ou no polib\u00e3.\",\"breadcrumb\":{\"@id\":\"https:\\\/\\\/www.maisquecuidar.com\\\/loja\\\/higiene-casa-banho\\\/cadeiras-de-banho\\\/duche\\\/cadeira-de-duche-sorrento#breadcrumb\"},\"inLanguage\":\"pt-PT\",\"potentialAction\":[{\"@type\":\"ReadAction\",\"target\":[\"https:\\\/\\\/www.maisquecuidar.com\\\/loja\\\/higiene-casa-banho\\\/cadeiras-de-banho\\\/duche\\\/cadeira-de-duche-sorrento\"]}]},{\"@type\":\"ImageObject\",\"inLanguage\":\"pt-PT\",\"@id\":\"https:\\\/\\\/www.maisquecuidar.com\\\/loja\\\/higiene-casa-banho\\\/cadeiras-de-banho\\\/duche\\\/cadeira-de-duche-sorrento#primaryimage\",\"url\":\"https:\\\/\\\/img.maisquecuidar.com\\\/loja\\\/wp-content\\\/uploads\\\/2017\\\/01\\\/cadeira-de-banho-em-u-sorrento.png\",\"contentUrl\":\"https:\\\/\\\/img.maisquecuidar.com\\\/loja\\\/wp-content\\\/uploads\\\/2017\\\/01\\\/cadeira-de-banho-em-u-sorrento.png\",\"width\":1280,\"height\":800,\"caption\":\"cadeira de banho com assento abertura em U da Invacare Sorrento\"},{\"@type\":\"BreadcrumbList\",\"@id\":\"https:\\\/\\\/www.maisquecuidar.com\\\/loja\\\/higiene-casa-banho\\\/cadeiras-de-banho\\\/duche\\\/cadeira-de-duche-sorrento#breadcrumb\",\"itemListElement\":[{\"@type\":\"ListItem\",\"position\":1,\"name\":\"Home\",\"item\":\"https:\\\/\\\/www.maisquecuidar.com\\\/loja\\\/\"},{\"@type\":\"ListItem\",\"position\":2,\"name\":\"Loja Online de Ortopedia e Geriatria em Portugal\",\"item\":\"https:\\\/\\\/www.maisquecuidar.com\\\/loja\\\/loja\"},{\"@type\":\"ListItem\",\"position\":3,\"name\":\"Higiene e Casa de Banho\",\"item\":\"https:\\\/\\\/www.maisquecuidar.com\\\/loja\\\/higiene-casa-banho\"},{\"@type\":\"ListItem\",\"position\":4,\"name\":\"Cadeiras de Banho\",\"item\":\"https:\\\/\\\/www.maisquecuidar.com\\\/loja\\\/higiene-casa-banho\\\/cadeiras-de-banho\"},{\"@type\":\"ListItem\",\"position\":5,\"name\":\"Cadeiras e Bancos para Duche\",\"item\":\"https:\\\/\\\/www.maisquecuidar.com\\\/loja\\\/higiene-casa-banho\\\/cadeiras-de-banho\\\/duche\"},{\"@type\":\"ListItem\",\"position\":6,\"name\":\"Cadeira de Banho Aquatec Sorrento com Recorte\"}]},{\"@type\":\"WebSite\",\"@id\":\"https:\\\/\\\/www.maisquecuidar.com\\\/loja\\\/#website\",\"url\":\"https:\\\/\\\/www.maisquecuidar.com\\\/loja\\\/\",\"name\":\"Mais que Cuidar\",\"description\":\"Sa\u00fade, Ortopedia e Geriatria\",\"publisher\":{\"@id\":\"https:\\\/\\\/www.maisquecuidar.com\\\/loja\\\/#organization\"},\"potentialAction\":[{\"@type\":\"SearchAction\",\"target\":{\"@type\":\"EntryPoint\",\"urlTemplate\":\"https:\\\/\\\/www.maisquecuidar.com\\\/loja\\\/?s={search_term_string}\"},\"query-input\":{\"@type\":\"PropertyValueSpecification\",\"valueRequired\":true,\"valueName\":\"search_term_string\"}}],\"inLanguage\":\"pt-PT\"},{\"@type\":\"Organization\",\"@id\":\"https:\\\/\\\/www.maisquecuidar.com\\\/loja\\\/#organization\",\"name\":\"Mais Que Cuidar\",\"url\":\"https:\\\/\\\/www.maisquecuidar.com\\\/loja\\\/\",\"logo\":{\"@type\":\"ImageObject\",\"inLanguage\":\"pt-PT\",\"@id\":\"https:\\\/\\\/www.maisquecuidar.com\\\/loja\\\/#\\\/schema\\\/logo\\\/image\\\/\",\"url\":\"https:\\\/\\\/img.maisquecuidar.com\\\/loja\\\/wp-content\\\/uploads\\\/2019\\\/08\\\/logo-mais-que-cuidar-retina.png\",\"contentUrl\":\"https:\\\/\\\/img.maisquecuidar.com\\\/loja\\\/wp-content\\\/uploads\\\/2019\\\/08\\\/logo-mais-que-cuidar-retina.png\",\"width\":565,\"height\":75,\"caption\":\"Mais Que Cuidar\"},\"image\":{\"@id\":\"https:\\\/\\\/www.maisquecuidar.com\\\/loja\\\/#\\\/schema\\\/logo\\\/image\\\/\"},\"sameAs\":[\"https:\\\/\\\/www.facebook.com\\\/maisquecuidar.pt\",\"https:\\\/\\\/www.instagram.com\\\/maisquecuidar\"]}]}<\/script>\n<!-- \/ Yoast SEO plugin. -->","yoast_head_json":{"title":"Cadeira de Banho Aquatec Sorrento com Recorte","description":"Cadeira de banho Aquatec Sorrento com recorte da Invacare recomendada para facilitar o banho a pessoas com mobilidade reduzida em chuveiros ou no polib\u00e3.","robots":{"index":"index","follow":"follow","max-snippet":"max-snippet:-1","max-image-preview":"max-image-preview:large","max-video-preview":"max-video-preview:-1"},"canonical":"https:\/\/www.maisquecuidar.com\/loja\/higiene-casa-banho\/cadeiras-de-banho\/duche\/cadeira-de-duche-sorrento","og_locale":"pt_PT","og_type":"article","og_title":"Cadeira de Banho Aquatec Sorrento com Recorte","og_description":"Cadeira de banho Aquatec Sorrento com recorte da Invacare recomendada para facilitar o banho a pessoas com mobilidade reduzida em chuveiros ou no polib\u00e3.","og_url":"https:\/\/www.maisquecuidar.com\/loja\/higiene-casa-banho\/cadeiras-de-banho\/duche\/cadeira-de-duche-sorrento","og_site_name":"Mais que Cuidar","article_publisher":"https:\/\/www.facebook.com\/maisquecuidar.pt","article_modified_time":"2025-09-15T19:07:02+00:00","og_image":[{"width":1280,"height":800,"url":"https:\/\/img.maisquecuidar.com\/loja\/wp-content\/uploads\/2017\/01\/cadeira-de-banho-em-u-sorrento.png","type":"image\/png"}],"twitter_misc":{"Tempo estimado de leitura":"1 minuto"},"schema":{"@context":"https:\/\/schema.org","@graph":[{"@type":"WebPage","@id":"https:\/\/www.maisquecuidar.com\/loja\/higiene-casa-banho\/cadeiras-de-banho\/duche\/cadeira-de-duche-sorrento","url":"https:\/\/www.maisquecuidar.com\/loja\/higiene-casa-banho\/cadeiras-de-banho\/duche\/cadeira-de-duche-sorrento","name":"Cadeira de Banho Aquatec Sorrento com Recorte","isPartOf":{"@id":"https:\/\/www.maisquecuidar.com\/loja\/#website"},"primaryImageOfPage":{"@id":"https:\/\/www.maisquecuidar.com\/loja\/higiene-casa-banho\/cadeiras-de-banho\/duche\/cadeira-de-duche-sorrento#primaryimage"},"image":{"@id":"https:\/\/www.maisquecuidar.com\/loja\/higiene-casa-banho\/cadeiras-de-banho\/duche\/cadeira-de-duche-sorrento#primaryimage"},"thumbnailUrl":"https:\/\/img.maisquecuidar.com\/loja\/wp-content\/uploads\/2017\/01\/cadeira-de-banho-em-u-sorrento.png","datePublished":"2017-01-12T16:00:57+00:00","dateModified":"2025-09-15T19:07:02+00:00","description":"Cadeira de banho Aquatec Sorrento com recorte da Invacare recomendada para facilitar o banho a pessoas com mobilidade reduzida em chuveiros ou no polib\u00e3.","breadcrumb":{"@id":"https:\/\/www.maisquecuidar.com\/loja\/higiene-casa-banho\/cadeiras-de-banho\/duche\/cadeira-de-duche-sorrento#breadcrumb"},"inLanguage":"pt-PT","potentialAction":[{"@type":"ReadAction","target":["https:\/\/www.maisquecuidar.com\/loja\/higiene-casa-banho\/cadeiras-de-banho\/duche\/cadeira-de-duche-sorrento"]}]},{"@type":"ImageObject","inLanguage":"pt-PT","@id":"https:\/\/www.maisquecuidar.com\/loja\/higiene-casa-banho\/cadeiras-de-banho\/duche\/cadeira-de-duche-sorrento#primaryimage","url":"https:\/\/img.maisquecuidar.com\/loja\/wp-content\/uploads\/2017\/01\/cadeira-de-banho-em-u-sorrento.png","contentUrl":"https:\/\/img.maisquecuidar.com\/loja\/wp-content\/uploads\/2017\/01\/cadeira-de-banho-em-u-sorrento.png","width":1280,"height":800,"caption":"cadeira de banho com assento abertura em U da Invacare Sorrento"},{"@type":"BreadcrumbList","@id":"https:\/\/www.maisquecuidar.com\/loja\/higiene-casa-banho\/cadeiras-de-banho\/duche\/cadeira-de-duche-sorrento#breadcrumb","itemListElement":[{"@type":"ListItem","position":1,"name":"Home","item":"https:\/\/www.maisquecuidar.com\/loja\/"},{"@type":"ListItem","position":2,"name":"Loja Online de Ortopedia e Geriatria em Portugal","item":"https:\/\/www.maisquecuidar.com\/loja\/loja"},{"@type":"ListItem","position":3,"name":"Higiene e Casa de Banho","item":"https:\/\/www.maisquecuidar.com\/loja\/higiene-casa-banho"},{"@type":"ListItem","position":4,"name":"Cadeiras de Banho","item":"https:\/\/www.maisquecuidar.com\/loja\/higiene-casa-banho\/cadeiras-de-banho"},{"@type":"ListItem","position":5,"name":"Cadeiras e Bancos para Duche","item":"https:\/\/www.maisquecuidar.com\/loja\/higiene-casa-banho\/cadeiras-de-banho\/duche"},{"@type":"ListItem","position":6,"name":"Cadeira de Banho Aquatec Sorrento com Recorte"}]},{"@type":"WebSite","@id":"https:\/\/www.maisquecuidar.com\/loja\/#website","url":"https:\/\/www.maisquecuidar.com\/loja\/","name":"Mais que Cuidar","description":"Sa\u00fade, Ortopedia e Geriatria","publisher":{"@id":"https:\/\/www.maisquecuidar.com\/loja\/#organization"},"potentialAction":[{"@type":"SearchAction","target":{"@type":"EntryPoint","urlTemplate":"https:\/\/www.maisquecuidar.com\/loja\/?s={search_term_string}"},"query-input":{"@type":"PropertyValueSpecification","valueRequired":true,"valueName":"search_term_string"}}],"inLanguage":"pt-PT"},{"@type":"Organization","@id":"https:\/\/www.maisquecuidar.com\/loja\/#organization","name":"Mais Que Cuidar","url":"https:\/\/www.maisquecuidar.com\/loja\/","logo":{"@type":"ImageObject","inLanguage":"pt-PT","@id":"https:\/\/www.maisquecuidar.com\/loja\/#\/schema\/logo\/image\/","url":"https:\/\/img.maisquecuidar.com\/loja\/wp-content\/uploads\/2019\/08\/logo-mais-que-cuidar-retina.png","contentUrl":"https:\/\/img.maisquecuidar.com\/loja\/wp-content\/uploads\/2019\/08\/logo-mais-que-cuidar-retina.png","width":565,"height":75,"caption":"Mais Que Cuidar"},"image":{"@id":"https:\/\/www.maisquecuidar.com\/loja\/#\/schema\/logo\/image\/"},"sameAs":["https:\/\/www.facebook.com\/maisquecuidar.pt","https:\/\/www.instagram.com\/maisquecuidar"]}]}},"_links":{"self":[{"href":"https:\/\/www.maisquecuidar.com\/loja\/wp-json\/wp\/v2\/product\/4539","targetHints":{"allow":["GET"]}}],"collection":[{"href":"https:\/\/www.maisquecuidar.com\/loja\/wp-json\/wp\/v2\/product"}],"about":[{"href":"https:\/\/www.maisquecuidar.com\/loja\/wp-json\/wp\/v2\/types\/product"}],"wp:featuredmedia":[{"embeddable":true,"href":"https:\/\/www.maisquecuidar.com\/loja\/wp-json\/wp\/v2\/media\/14907"}],"wp:attachment":[{"href":"https:\/\/www.maisquecuidar.com\/loja\/wp-json\/wp\/v2\/media?parent=4539"}],"wp:term":[{"taxonomy":"product_brand","embeddable":true,"href":"https:\/\/www.maisquecuidar.com\/loja\/wp-json\/wp\/v2\/product_brand?post=4539"},{"taxonomy":"product_cat","embeddable":true,"href":"https:\/\/www.maisquecuidar.com\/loja\/wp-json\/wp\/v2\/product_cat?post=4539"},{"taxonomy":"product_tag","embeddable":true,"href":"https:\/\/www.maisquecuidar.com\/loja\/wp-json\/wp\/v2\/product_tag?post=4539"}],"curies":[{"name":"wp","href":"https:\/\/api.w.org\/{rel}","templated":true}]}}