{"id":4506,"date":"2017-01-09T12:48:30","date_gmt":"2017-01-09T12:48:30","guid":{"rendered":"https:\/\/www.maisquecuidar.com\/loja\/?post_type=product&#038;p=4506"},"modified":"2026-04-28T20:51:45","modified_gmt":"2026-04-28T19:51:45","slug":"cadeira-giratoria-sorrento","status":"publish","type":"product","link":"https:\/\/www.maisquecuidar.com\/loja\/higiene-casa-banho\/cadeiras-de-banho\/banheira\/cadeira-giratoria-sorrento","title":{"rendered":"Cadeira de Banho Girat\u00f3ria Aquatec Sorrento Invacare"},"content":{"rendered":"<p><strong>Cadeira de Banho Girat\u00f3ria Aquatec Sorrento<\/strong><\/p>\n<p>\u00c9 recomendada para pessoas que t\u00eam algum desequil\u00edbrio em p\u00e9, t\u00eam pouca for\u00e7a muscular no tronco ou necessitam apenas de maior apoio no banho.<\/p>\n<p>\u00c9 de f\u00e1cil de montar e adapta-se \u00e0 maioria das banheiras convencionais gra\u00e7as \u00e0s suas ponteiras nas extremidades que s\u00e3o anti-derrapantes e regul\u00e1veis em largura.<\/p>\n<p>O man\u00edpulo que ativa a rota\u00e7\u00e3o do assento a 360\u00ba est\u00e1 dispon\u00edvel de ambos os lados, possibilitando que o utilizador ou o cuidador o usem do lado que for mais funcional.<\/p>\n<p><strong>O assento de banho girat\u00f3rio Sorrento \u00e9 modular j\u00e1 que o encosto e os apoios de bra\u00e7os s\u00e3o desmont\u00e1veis.<\/strong> Outra vantagem de poder destacar o apoio de bra\u00e7os \u00e9 facilitar a transfer\u00eancia lateral. O encosto pode ou n\u00e3o ser montado consoante o controlo de tronco do utilizador. No caso de ser montado, a tela que incorpora \u00e9 flex\u00edvel e regul\u00e1vel em tens\u00e3o para maior ajuste \u00e0s necessidades e dimens\u00f5es do utilizador.<\/p>\n<p>A superf\u00edcie do assento e dos apoios de bra\u00e7os \u00e9 muito macia e anti-deslizante proporcionando o m\u00e1ximo conforto e seguran\u00e7a. O assento incorpora ainda um recorte na zona dianteira que possibilita uma higiene \u00edntima facilitada.<\/p>\n<p><strong>A destacar:<\/strong><\/p>\n<ul>\n<li>Tela de encosto flex\u00edvel e regul\u00e1vel em tens\u00e3o<\/li>\n<li>100% anti corrosiva<\/li>\n<li>Man\u00edpulo acess\u00edvel dos dois lados<\/li>\n<li>4 ponteiras laterais de fixa\u00e7\u00e3o regul\u00e1veis em largura e anti derrapantes<\/li>\n<li>Assento suave, anti deslizante e muito confort\u00e1vel<\/li>\n<li><strong>Dispon\u00edvel para venda e aluguer:<\/strong> para informa\u00e7\u00f5es sobre o servi\u00e7o de aluguer <a href=\"https:\/\/www.maisquecuidar.com\/aluguer\/cadeiras-de-banho\/cadeira-rotativa-para-banheira\" target=\"_blank\" rel=\"noopener\">clique aqui.<\/a><\/li>\n<\/ul>\n","protected":false},"excerpt":{"rendered":"<p>PROMO\u00c7\u00c3O V\u00c1LIDA DE 29 DE ABRIL a 05 DE MAIO DE 2026<\/p>\n<p>Assento de banho girat\u00f3rio muito funcional, anti-corrosivo e design elegante. Superf\u00edcie macia e anti-deslizante, male\u00e1vel, proporciona ao utilizador uma posi\u00e7\u00e3o sentada segura e confort\u00e1vel.<\/p>\n<p>Dispon\u00edvel para venda e aluguer.<\/p>\n","protected":false},"featured_media":12664,"template":"","meta":{"_acf_changed":false,"neve_meta_sidebar":"","neve_meta_container":"","neve_meta_enable_content_width":"off","neve_meta_content_width":100,"neve_meta_title_alignment":"","neve_meta_author_avatar":"","neve_post_elements_order":"","neve_meta_disable_header":"","neve_meta_disable_footer":"","neve_meta_disable_title":""},"product_brand":[],"product_cat":[72],"product_tag":[373,372],"class_list":{"0":"post-4506","1":"product","2":"type-product","3":"status-publish","4":"has-post-thumbnail","6":"product_cat-banheira","7":"product_tag-cadeira-giratoria-para-banheira","8":"product_tag-cadeira-giratoria-sorrento","10":"first","11":"instock","12":"sale","13":"taxable","14":"shipping-taxable","15":"purchasable","16":"product-type-simple"},"acf":[],"yoast_head":"<!-- This site is optimized with the Yoast SEO plugin v27.5 - https:\/\/yoast.com\/product\/yoast-seo-wordpress\/ -->\n<title>Cadeira de Banho Girat\u00f3ria Aquatec Sorrento Invacare - Mais que Cuidar<\/title>\n<meta name=\"description\" content=\"Cadeira de banho girat\u00f3ria Sorrento fabricada pela marca Invacare, tem um assento e encosto male\u00e1vel para maior seguran\u00e7a e conforto do utilizador.\" \/>\n<meta name=\"robots\" content=\"index, follow, max-snippet:-1, max-image-preview:large, max-video-preview:-1\" \/>\n<link rel=\"canonical\" href=\"https:\/\/www.maisquecuidar.com\/loja\/higiene-casa-banho\/cadeiras-de-banho\/banheira\/cadeira-giratoria-sorrento\" \/>\n<meta property=\"og:locale\" content=\"pt_PT\" \/>\n<meta property=\"og:type\" content=\"article\" \/>\n<meta property=\"og:title\" content=\"Cadeira de Banho Girat\u00f3ria Aquatec Sorrento Invacare - Mais que Cuidar\" \/>\n<meta property=\"og:description\" content=\"Cadeira de banho girat\u00f3ria Sorrento fabricada pela marca Invacare, tem um assento e encosto male\u00e1vel para maior seguran\u00e7a e conforto do utilizador.\" \/>\n<meta property=\"og:url\" content=\"https:\/\/www.maisquecuidar.com\/loja\/higiene-casa-banho\/cadeiras-de-banho\/banheira\/cadeira-giratoria-sorrento\" \/>\n<meta property=\"og:site_name\" content=\"Mais que Cuidar\" \/>\n<meta property=\"article:publisher\" content=\"https:\/\/www.facebook.com\/maisquecuidar.pt\" \/>\n<meta property=\"article:modified_time\" content=\"2026-04-28T19:51:45+00:00\" \/>\n<meta property=\"og:image\" content=\"https:\/\/img.maisquecuidar.com\/loja\/wp-content\/uploads\/2017\/01\/cadeira-giratoria-banheira-sorrento.jpg\" \/>\n\t<meta property=\"og:image:width\" content=\"1280\" \/>\n\t<meta property=\"og:image:height\" content=\"800\" \/>\n\t<meta property=\"og:image:type\" content=\"image\/jpeg\" \/>\n<meta name=\"twitter:label1\" content=\"Tempo estimado de leitura\" \/>\n\t<meta name=\"twitter:data1\" content=\"2 minutos\" \/>\n<script type=\"application\/ld+json\" class=\"yoast-schema-graph\">{\"@context\":\"https:\\\/\\\/schema.org\",\"@graph\":[{\"@type\":\"WebPage\",\"@id\":\"https:\\\/\\\/www.maisquecuidar.com\\\/loja\\\/higiene-casa-banho\\\/cadeiras-de-banho\\\/banheira\\\/cadeira-giratoria-sorrento\",\"url\":\"https:\\\/\\\/www.maisquecuidar.com\\\/loja\\\/higiene-casa-banho\\\/cadeiras-de-banho\\\/banheira\\\/cadeira-giratoria-sorrento\",\"name\":\"Cadeira de Banho Girat\u00f3ria Aquatec Sorrento Invacare - Mais que Cuidar\",\"isPartOf\":{\"@id\":\"https:\\\/\\\/www.maisquecuidar.com\\\/loja\\\/#website\"},\"primaryImageOfPage\":{\"@id\":\"https:\\\/\\\/www.maisquecuidar.com\\\/loja\\\/higiene-casa-banho\\\/cadeiras-de-banho\\\/banheira\\\/cadeira-giratoria-sorrento#primaryimage\"},\"image\":{\"@id\":\"https:\\\/\\\/www.maisquecuidar.com\\\/loja\\\/higiene-casa-banho\\\/cadeiras-de-banho\\\/banheira\\\/cadeira-giratoria-sorrento#primaryimage\"},\"thumbnailUrl\":\"https:\\\/\\\/img.maisquecuidar.com\\\/loja\\\/wp-content\\\/uploads\\\/2017\\\/01\\\/cadeira-giratoria-banheira-sorrento.jpg\",\"datePublished\":\"2017-01-09T12:48:30+00:00\",\"dateModified\":\"2026-04-28T19:51:45+00:00\",\"description\":\"Cadeira de banho girat\u00f3ria Sorrento fabricada pela marca Invacare, tem um assento e encosto male\u00e1vel para maior seguran\u00e7a e conforto do utilizador.\",\"breadcrumb\":{\"@id\":\"https:\\\/\\\/www.maisquecuidar.com\\\/loja\\\/higiene-casa-banho\\\/cadeiras-de-banho\\\/banheira\\\/cadeira-giratoria-sorrento#breadcrumb\"},\"inLanguage\":\"pt-PT\",\"potentialAction\":[{\"@type\":\"ReadAction\",\"target\":[\"https:\\\/\\\/www.maisquecuidar.com\\\/loja\\\/higiene-casa-banho\\\/cadeiras-de-banho\\\/banheira\\\/cadeira-giratoria-sorrento\"]}]},{\"@type\":\"ImageObject\",\"inLanguage\":\"pt-PT\",\"@id\":\"https:\\\/\\\/www.maisquecuidar.com\\\/loja\\\/higiene-casa-banho\\\/cadeiras-de-banho\\\/banheira\\\/cadeira-giratoria-sorrento#primaryimage\",\"url\":\"https:\\\/\\\/img.maisquecuidar.com\\\/loja\\\/wp-content\\\/uploads\\\/2017\\\/01\\\/cadeira-giratoria-banheira-sorrento.jpg\",\"contentUrl\":\"https:\\\/\\\/img.maisquecuidar.com\\\/loja\\\/wp-content\\\/uploads\\\/2017\\\/01\\\/cadeira-giratoria-banheira-sorrento.jpg\",\"width\":1280,\"height\":800},{\"@type\":\"BreadcrumbList\",\"@id\":\"https:\\\/\\\/www.maisquecuidar.com\\\/loja\\\/higiene-casa-banho\\\/cadeiras-de-banho\\\/banheira\\\/cadeira-giratoria-sorrento#breadcrumb\",\"itemListElement\":[{\"@type\":\"ListItem\",\"position\":1,\"name\":\"Home\",\"item\":\"https:\\\/\\\/www.maisquecuidar.com\\\/loja\\\/\"},{\"@type\":\"ListItem\",\"position\":2,\"name\":\"Loja Online de Ortopedia e Geriatria em Portugal\",\"item\":\"https:\\\/\\\/www.maisquecuidar.com\\\/loja\\\/loja\"},{\"@type\":\"ListItem\",\"position\":3,\"name\":\"Higiene e Casa de Banho\",\"item\":\"https:\\\/\\\/www.maisquecuidar.com\\\/loja\\\/higiene-casa-banho\"},{\"@type\":\"ListItem\",\"position\":4,\"name\":\"Cadeiras de Banho\",\"item\":\"https:\\\/\\\/www.maisquecuidar.com\\\/loja\\\/higiene-casa-banho\\\/cadeiras-de-banho\"},{\"@type\":\"ListItem\",\"position\":5,\"name\":\"Cadeiras e Bancos para Banheira\",\"item\":\"https:\\\/\\\/www.maisquecuidar.com\\\/loja\\\/higiene-casa-banho\\\/cadeiras-de-banho\\\/banheira\"},{\"@type\":\"ListItem\",\"position\":6,\"name\":\"Cadeira de Banho Girat\u00f3ria Aquatec Sorrento Invacare\"}]},{\"@type\":\"WebSite\",\"@id\":\"https:\\\/\\\/www.maisquecuidar.com\\\/loja\\\/#website\",\"url\":\"https:\\\/\\\/www.maisquecuidar.com\\\/loja\\\/\",\"name\":\"Mais que Cuidar\",\"description\":\"Sa\u00fade, Ortopedia e Geriatria\",\"publisher\":{\"@id\":\"https:\\\/\\\/www.maisquecuidar.com\\\/loja\\\/#organization\"},\"potentialAction\":[{\"@type\":\"SearchAction\",\"target\":{\"@type\":\"EntryPoint\",\"urlTemplate\":\"https:\\\/\\\/www.maisquecuidar.com\\\/loja\\\/?s={search_term_string}\"},\"query-input\":{\"@type\":\"PropertyValueSpecification\",\"valueRequired\":true,\"valueName\":\"search_term_string\"}}],\"inLanguage\":\"pt-PT\"},{\"@type\":\"Organization\",\"@id\":\"https:\\\/\\\/www.maisquecuidar.com\\\/loja\\\/#organization\",\"name\":\"Mais Que Cuidar\",\"url\":\"https:\\\/\\\/www.maisquecuidar.com\\\/loja\\\/\",\"logo\":{\"@type\":\"ImageObject\",\"inLanguage\":\"pt-PT\",\"@id\":\"https:\\\/\\\/www.maisquecuidar.com\\\/loja\\\/#\\\/schema\\\/logo\\\/image\\\/\",\"url\":\"https:\\\/\\\/img.maisquecuidar.com\\\/loja\\\/wp-content\\\/uploads\\\/2019\\\/08\\\/logo-mais-que-cuidar-retina.png\",\"contentUrl\":\"https:\\\/\\\/img.maisquecuidar.com\\\/loja\\\/wp-content\\\/uploads\\\/2019\\\/08\\\/logo-mais-que-cuidar-retina.png\",\"width\":565,\"height\":75,\"caption\":\"Mais Que Cuidar\"},\"image\":{\"@id\":\"https:\\\/\\\/www.maisquecuidar.com\\\/loja\\\/#\\\/schema\\\/logo\\\/image\\\/\"},\"sameAs\":[\"https:\\\/\\\/www.facebook.com\\\/maisquecuidar.pt\",\"https:\\\/\\\/www.instagram.com\\\/maisquecuidar\"]}]}<\/script>\n<!-- \/ Yoast SEO plugin. -->","yoast_head_json":{"title":"Cadeira de Banho Girat\u00f3ria Aquatec Sorrento Invacare - Mais que Cuidar","description":"Cadeira de banho girat\u00f3ria Sorrento fabricada pela marca Invacare, tem um assento e encosto male\u00e1vel para maior seguran\u00e7a e conforto do utilizador.","robots":{"index":"index","follow":"follow","max-snippet":"max-snippet:-1","max-image-preview":"max-image-preview:large","max-video-preview":"max-video-preview:-1"},"canonical":"https:\/\/www.maisquecuidar.com\/loja\/higiene-casa-banho\/cadeiras-de-banho\/banheira\/cadeira-giratoria-sorrento","og_locale":"pt_PT","og_type":"article","og_title":"Cadeira de Banho Girat\u00f3ria Aquatec Sorrento Invacare - Mais que Cuidar","og_description":"Cadeira de banho girat\u00f3ria Sorrento fabricada pela marca Invacare, tem um assento e encosto male\u00e1vel para maior seguran\u00e7a e conforto do utilizador.","og_url":"https:\/\/www.maisquecuidar.com\/loja\/higiene-casa-banho\/cadeiras-de-banho\/banheira\/cadeira-giratoria-sorrento","og_site_name":"Mais que Cuidar","article_publisher":"https:\/\/www.facebook.com\/maisquecuidar.pt","article_modified_time":"2026-04-28T19:51:45+00:00","og_image":[{"width":1280,"height":800,"url":"https:\/\/img.maisquecuidar.com\/loja\/wp-content\/uploads\/2017\/01\/cadeira-giratoria-banheira-sorrento.jpg","type":"image\/jpeg"}],"twitter_misc":{"Tempo estimado de leitura":"2 minutos"},"schema":{"@context":"https:\/\/schema.org","@graph":[{"@type":"WebPage","@id":"https:\/\/www.maisquecuidar.com\/loja\/higiene-casa-banho\/cadeiras-de-banho\/banheira\/cadeira-giratoria-sorrento","url":"https:\/\/www.maisquecuidar.com\/loja\/higiene-casa-banho\/cadeiras-de-banho\/banheira\/cadeira-giratoria-sorrento","name":"Cadeira de Banho Girat\u00f3ria Aquatec Sorrento Invacare - Mais que Cuidar","isPartOf":{"@id":"https:\/\/www.maisquecuidar.com\/loja\/#website"},"primaryImageOfPage":{"@id":"https:\/\/www.maisquecuidar.com\/loja\/higiene-casa-banho\/cadeiras-de-banho\/banheira\/cadeira-giratoria-sorrento#primaryimage"},"image":{"@id":"https:\/\/www.maisquecuidar.com\/loja\/higiene-casa-banho\/cadeiras-de-banho\/banheira\/cadeira-giratoria-sorrento#primaryimage"},"thumbnailUrl":"https:\/\/img.maisquecuidar.com\/loja\/wp-content\/uploads\/2017\/01\/cadeira-giratoria-banheira-sorrento.jpg","datePublished":"2017-01-09T12:48:30+00:00","dateModified":"2026-04-28T19:51:45+00:00","description":"Cadeira de banho girat\u00f3ria Sorrento fabricada pela marca Invacare, tem um assento e encosto male\u00e1vel para maior seguran\u00e7a e conforto do utilizador.","breadcrumb":{"@id":"https:\/\/www.maisquecuidar.com\/loja\/higiene-casa-banho\/cadeiras-de-banho\/banheira\/cadeira-giratoria-sorrento#breadcrumb"},"inLanguage":"pt-PT","potentialAction":[{"@type":"ReadAction","target":["https:\/\/www.maisquecuidar.com\/loja\/higiene-casa-banho\/cadeiras-de-banho\/banheira\/cadeira-giratoria-sorrento"]}]},{"@type":"ImageObject","inLanguage":"pt-PT","@id":"https:\/\/www.maisquecuidar.com\/loja\/higiene-casa-banho\/cadeiras-de-banho\/banheira\/cadeira-giratoria-sorrento#primaryimage","url":"https:\/\/img.maisquecuidar.com\/loja\/wp-content\/uploads\/2017\/01\/cadeira-giratoria-banheira-sorrento.jpg","contentUrl":"https:\/\/img.maisquecuidar.com\/loja\/wp-content\/uploads\/2017\/01\/cadeira-giratoria-banheira-sorrento.jpg","width":1280,"height":800},{"@type":"BreadcrumbList","@id":"https:\/\/www.maisquecuidar.com\/loja\/higiene-casa-banho\/cadeiras-de-banho\/banheira\/cadeira-giratoria-sorrento#breadcrumb","itemListElement":[{"@type":"ListItem","position":1,"name":"Home","item":"https:\/\/www.maisquecuidar.com\/loja\/"},{"@type":"ListItem","position":2,"name":"Loja Online de Ortopedia e Geriatria em Portugal","item":"https:\/\/www.maisquecuidar.com\/loja\/loja"},{"@type":"ListItem","position":3,"name":"Higiene e Casa de Banho","item":"https:\/\/www.maisquecuidar.com\/loja\/higiene-casa-banho"},{"@type":"ListItem","position":4,"name":"Cadeiras de Banho","item":"https:\/\/www.maisquecuidar.com\/loja\/higiene-casa-banho\/cadeiras-de-banho"},{"@type":"ListItem","position":5,"name":"Cadeiras e Bancos para Banheira","item":"https:\/\/www.maisquecuidar.com\/loja\/higiene-casa-banho\/cadeiras-de-banho\/banheira"},{"@type":"ListItem","position":6,"name":"Cadeira de Banho Girat\u00f3ria Aquatec Sorrento Invacare"}]},{"@type":"WebSite","@id":"https:\/\/www.maisquecuidar.com\/loja\/#website","url":"https:\/\/www.maisquecuidar.com\/loja\/","name":"Mais que Cuidar","description":"Sa\u00fade, Ortopedia e Geriatria","publisher":{"@id":"https:\/\/www.maisquecuidar.com\/loja\/#organization"},"potentialAction":[{"@type":"SearchAction","target":{"@type":"EntryPoint","urlTemplate":"https:\/\/www.maisquecuidar.com\/loja\/?s={search_term_string}"},"query-input":{"@type":"PropertyValueSpecification","valueRequired":true,"valueName":"search_term_string"}}],"inLanguage":"pt-PT"},{"@type":"Organization","@id":"https:\/\/www.maisquecuidar.com\/loja\/#organization","name":"Mais Que Cuidar","url":"https:\/\/www.maisquecuidar.com\/loja\/","logo":{"@type":"ImageObject","inLanguage":"pt-PT","@id":"https:\/\/www.maisquecuidar.com\/loja\/#\/schema\/logo\/image\/","url":"https:\/\/img.maisquecuidar.com\/loja\/wp-content\/uploads\/2019\/08\/logo-mais-que-cuidar-retina.png","contentUrl":"https:\/\/img.maisquecuidar.com\/loja\/wp-content\/uploads\/2019\/08\/logo-mais-que-cuidar-retina.png","width":565,"height":75,"caption":"Mais Que Cuidar"},"image":{"@id":"https:\/\/www.maisquecuidar.com\/loja\/#\/schema\/logo\/image\/"},"sameAs":["https:\/\/www.facebook.com\/maisquecuidar.pt","https:\/\/www.instagram.com\/maisquecuidar"]}]}},"_links":{"self":[{"href":"https:\/\/www.maisquecuidar.com\/loja\/wp-json\/wp\/v2\/product\/4506","targetHints":{"allow":["GET"]}}],"collection":[{"href":"https:\/\/www.maisquecuidar.com\/loja\/wp-json\/wp\/v2\/product"}],"about":[{"href":"https:\/\/www.maisquecuidar.com\/loja\/wp-json\/wp\/v2\/types\/product"}],"wp:featuredmedia":[{"embeddable":true,"href":"https:\/\/www.maisquecuidar.com\/loja\/wp-json\/wp\/v2\/media\/12664"}],"wp:attachment":[{"href":"https:\/\/www.maisquecuidar.com\/loja\/wp-json\/wp\/v2\/media?parent=4506"}],"wp:term":[{"taxonomy":"product_brand","embeddable":true,"href":"https:\/\/www.maisquecuidar.com\/loja\/wp-json\/wp\/v2\/product_brand?post=4506"},{"taxonomy":"product_cat","embeddable":true,"href":"https:\/\/www.maisquecuidar.com\/loja\/wp-json\/wp\/v2\/product_cat?post=4506"},{"taxonomy":"product_tag","embeddable":true,"href":"https:\/\/www.maisquecuidar.com\/loja\/wp-json\/wp\/v2\/product_tag?post=4506"}],"curies":[{"name":"wp","href":"https:\/\/api.w.org\/{rel}","templated":true}]}}