{"id":4461,"date":"2016-12-29T17:19:02","date_gmt":"2016-12-29T17:19:02","guid":{"rendered":"https:\/\/www.maisquecuidar.com\/loja\/?post_type=product&#038;p=4461"},"modified":"2025-09-15T20:12:41","modified_gmt":"2025-09-15T19:12:41","slug":"prancha-de-banheira","status":"publish","type":"product","link":"https:\/\/www.maisquecuidar.com\/loja\/higiene-casa-banho\/cadeiras-de-banho\/banheira\/prancha-de-banheira","title":{"rendered":"Prancha de Banheira Invacare Marina"},"content":{"rendered":"<p><strong>Prancha de Banheira Invacare Marina<\/strong><\/p>\n<p>Destina-se a utilizadores que ainda possuem um bom controlo de tronco mas sofrem de um ligeiro desequilibro e por isso procuram ganhar seguran\u00e7a e confian\u00e7a no momento do banho na banheira.<\/p>\n<p>\u00c9 de f\u00e1cil montagem, tem ponteiras antiderrapantes e ajust\u00e1veis em largura e adapta-se a banheiras com dist\u00e2ncia interna entre os 39 e os 62 cm, com rebordos com o m\u00ednimo de 3 cm.<\/p>\n<p>O design da prancha de banheira \u00e9 <strong>ergon\u00f3mico e a base \u00e9 antiderrapante e perfurada<\/strong> para escoamento da \u00e1gua. Possui ainda uma pega lateral de cor azul para contrastar com a base e com a parede. Tem 69 cm de largura e suporta at\u00e9 150 kg. Para banheiras mais largas e\/ou utilizadores com um peso superior, <strong>est\u00e1 dispon\u00edvel a vers\u00e3o XL<\/strong> com um comprimento de 74 cm e adapta-se a banheiras com dist\u00e2ncia interna entre 42 e os 70 cm. Esta vers\u00e3o suporta um peso m\u00e1ximo de utilizador de 200 kg.<\/p>\n<h3>Dispon\u00edvel em duas vers\u00f5es:<\/h3>\n<p><img fetchpriority=\"high\" decoding=\"async\" class=\"alignnone wp-image-15565\" src=\"https:\/\/img.maisquecuidar.com\/loja\/wp-content\/uploads\/2016\/12\/tabua-de-banho-invacare.jpg\" alt=\"T\u00e1bua de banho Invacare Marina\" width=\"360\" height=\"218\" srcset=\"https:\/\/img.maisquecuidar.com\/loja\/wp-content\/uploads\/2016\/12\/tabua-de-banho-invacare.jpg 754w, https:\/\/img.maisquecuidar.com\/loja\/wp-content\/uploads\/2016\/12\/tabua-de-banho-invacare-380x230.jpg 380w, https:\/\/img.maisquecuidar.com\/loja\/wp-content\/uploads\/2016\/12\/tabua-de-banho-invacare-350x212.jpg 350w\" sizes=\"(max-width: 360px) 100vw, 360px\" \/> <img decoding=\"async\" class=\"alignnone wp-image-15566 lazyload\" data-src=\"https:\/\/img.maisquecuidar.com\/loja\/wp-content\/uploads\/2016\/12\/prancha-banheira-xl.jpg\" alt=\"Prancha de banheira Xl invacare\" width=\"360\" height=\"203\" data-srcset=\"https:\/\/img.maisquecuidar.com\/loja\/wp-content\/uploads\/2016\/12\/prancha-banheira-xl.jpg 631w, https:\/\/img.maisquecuidar.com\/loja\/wp-content\/uploads\/2016\/12\/prancha-banheira-xl-380x214.jpg 380w, https:\/\/img.maisquecuidar.com\/loja\/wp-content\/uploads\/2016\/12\/prancha-banheira-xl-350x197.jpg 350w\" data-sizes=\"(max-width: 360px) 100vw, 360px\" src=\"data:image\/svg+xml;base64,PHN2ZyB3aWR0aD0iMSIgaGVpZ2h0PSIxIiB4bWxucz0iaHR0cDovL3d3dy53My5vcmcvMjAwMC9zdmciPjwvc3ZnPg==\" style=\"--smush-placeholder-width: 360px; --smush-placeholder-aspect-ratio: 360\/203;\" \/><\/p>\n<p>&nbsp;<\/p>\n","protected":false},"excerpt":{"rendered":"<p>Uma solu\u00e7\u00e3o pr\u00e1tica e econ\u00f3mica para adaptar a banheira para pessoas com mobilidade reduzida.<\/p>\n","protected":false},"featured_media":12667,"template":"","meta":{"_acf_changed":false,"neve_meta_sidebar":"","neve_meta_container":"","neve_meta_enable_content_width":"","neve_meta_content_width":0,"neve_meta_title_alignment":"","neve_meta_author_avatar":"","neve_post_elements_order":"","neve_meta_disable_header":"","neve_meta_disable_footer":"","neve_meta_disable_title":""},"product_brand":[],"product_cat":[72],"product_tag":[368],"class_list":{"0":"post-4461","1":"product","2":"type-product","3":"status-publish","4":"has-post-thumbnail","6":"product_cat-banheira","7":"product_tag-prancha-de-banheira","9":"first","10":"instock","11":"taxable","12":"shipping-taxable","13":"purchasable","14":"product-type-variable"},"acf":[],"yoast_head":"<!-- This site is optimized with the Yoast SEO plugin v27.5 - https:\/\/yoast.com\/product\/yoast-seo-wordpress\/ -->\n<title>Prancha de Banheira Invacare Marina - Mais que Cuidar<\/title>\n<meta name=\"description\" content=\"Prancha (t\u00e1bua) de banho Marina para banheira da Invacare, ideal para um banho mais seguro e confort\u00e1vel na posi\u00e7\u00e3o sentada. Confira o pre\u00e7o!\" \/>\n<meta name=\"robots\" content=\"index, follow, max-snippet:-1, max-image-preview:large, max-video-preview:-1\" \/>\n<link rel=\"canonical\" href=\"https:\/\/www.maisquecuidar.com\/loja\/higiene-casa-banho\/cadeiras-de-banho\/banheira\/prancha-de-banheira\" \/>\n<meta property=\"og:locale\" content=\"pt_PT\" \/>\n<meta property=\"og:type\" content=\"article\" \/>\n<meta property=\"og:title\" content=\"Prancha de Banheira Invacare Marina - Mais que Cuidar\" \/>\n<meta property=\"og:description\" content=\"Prancha (t\u00e1bua) de banho Marina para banheira da Invacare, ideal para um banho mais seguro e confort\u00e1vel na posi\u00e7\u00e3o sentada. Confira o pre\u00e7o!\" \/>\n<meta property=\"og:url\" content=\"https:\/\/www.maisquecuidar.com\/loja\/higiene-casa-banho\/cadeiras-de-banho\/banheira\/prancha-de-banheira\" \/>\n<meta property=\"og:site_name\" content=\"Mais que Cuidar\" \/>\n<meta property=\"article:publisher\" content=\"https:\/\/www.facebook.com\/maisquecuidar.pt\" \/>\n<meta property=\"article:modified_time\" content=\"2025-09-15T19:12:41+00:00\" \/>\n<meta property=\"og:image\" content=\"https:\/\/img.maisquecuidar.com\/loja\/wp-content\/uploads\/2016\/12\/prancha-banheira-idosos.jpg\" \/>\n\t<meta property=\"og:image:width\" content=\"1280\" \/>\n\t<meta property=\"og:image:height\" content=\"800\" \/>\n\t<meta property=\"og:image:type\" content=\"image\/jpeg\" \/>\n<meta name=\"twitter:label1\" content=\"Tempo estimado de leitura\" \/>\n\t<meta name=\"twitter:data1\" content=\"2 minutos\" \/>\n<script type=\"application\/ld+json\" class=\"yoast-schema-graph\">{\"@context\":\"https:\\\/\\\/schema.org\",\"@graph\":[{\"@type\":\"WebPage\",\"@id\":\"https:\\\/\\\/www.maisquecuidar.com\\\/loja\\\/higiene-casa-banho\\\/cadeiras-de-banho\\\/banheira\\\/prancha-de-banheira\",\"url\":\"https:\\\/\\\/www.maisquecuidar.com\\\/loja\\\/higiene-casa-banho\\\/cadeiras-de-banho\\\/banheira\\\/prancha-de-banheira\",\"name\":\"Prancha de Banheira Invacare Marina - Mais que Cuidar\",\"isPartOf\":{\"@id\":\"https:\\\/\\\/www.maisquecuidar.com\\\/loja\\\/#website\"},\"primaryImageOfPage\":{\"@id\":\"https:\\\/\\\/www.maisquecuidar.com\\\/loja\\\/higiene-casa-banho\\\/cadeiras-de-banho\\\/banheira\\\/prancha-de-banheira#primaryimage\"},\"image\":{\"@id\":\"https:\\\/\\\/www.maisquecuidar.com\\\/loja\\\/higiene-casa-banho\\\/cadeiras-de-banho\\\/banheira\\\/prancha-de-banheira#primaryimage\"},\"thumbnailUrl\":\"https:\\\/\\\/img.maisquecuidar.com\\\/loja\\\/wp-content\\\/uploads\\\/2016\\\/12\\\/prancha-banheira-idosos.jpg\",\"datePublished\":\"2016-12-29T17:19:02+00:00\",\"dateModified\":\"2025-09-15T19:12:41+00:00\",\"description\":\"Prancha (t\u00e1bua) de banho Marina para banheira da Invacare, ideal para um banho mais seguro e confort\u00e1vel na posi\u00e7\u00e3o sentada. Confira o pre\u00e7o!\",\"breadcrumb\":{\"@id\":\"https:\\\/\\\/www.maisquecuidar.com\\\/loja\\\/higiene-casa-banho\\\/cadeiras-de-banho\\\/banheira\\\/prancha-de-banheira#breadcrumb\"},\"inLanguage\":\"pt-PT\",\"potentialAction\":[{\"@type\":\"ReadAction\",\"target\":[\"https:\\\/\\\/www.maisquecuidar.com\\\/loja\\\/higiene-casa-banho\\\/cadeiras-de-banho\\\/banheira\\\/prancha-de-banheira\"]}]},{\"@type\":\"ImageObject\",\"inLanguage\":\"pt-PT\",\"@id\":\"https:\\\/\\\/www.maisquecuidar.com\\\/loja\\\/higiene-casa-banho\\\/cadeiras-de-banho\\\/banheira\\\/prancha-de-banheira#primaryimage\",\"url\":\"https:\\\/\\\/img.maisquecuidar.com\\\/loja\\\/wp-content\\\/uploads\\\/2016\\\/12\\\/prancha-banheira-idosos.jpg\",\"contentUrl\":\"https:\\\/\\\/img.maisquecuidar.com\\\/loja\\\/wp-content\\\/uploads\\\/2016\\\/12\\\/prancha-banheira-idosos.jpg\",\"width\":1280,\"height\":800},{\"@type\":\"BreadcrumbList\",\"@id\":\"https:\\\/\\\/www.maisquecuidar.com\\\/loja\\\/higiene-casa-banho\\\/cadeiras-de-banho\\\/banheira\\\/prancha-de-banheira#breadcrumb\",\"itemListElement\":[{\"@type\":\"ListItem\",\"position\":1,\"name\":\"Home\",\"item\":\"https:\\\/\\\/www.maisquecuidar.com\\\/loja\\\/\"},{\"@type\":\"ListItem\",\"position\":2,\"name\":\"Loja Online de Ortopedia e Geriatria em Portugal\",\"item\":\"https:\\\/\\\/www.maisquecuidar.com\\\/loja\\\/loja\"},{\"@type\":\"ListItem\",\"position\":3,\"name\":\"Higiene e Casa de Banho\",\"item\":\"https:\\\/\\\/www.maisquecuidar.com\\\/loja\\\/higiene-casa-banho\"},{\"@type\":\"ListItem\",\"position\":4,\"name\":\"Cadeiras de Banho\",\"item\":\"https:\\\/\\\/www.maisquecuidar.com\\\/loja\\\/higiene-casa-banho\\\/cadeiras-de-banho\"},{\"@type\":\"ListItem\",\"position\":5,\"name\":\"Cadeiras e Bancos para Banheira\",\"item\":\"https:\\\/\\\/www.maisquecuidar.com\\\/loja\\\/higiene-casa-banho\\\/cadeiras-de-banho\\\/banheira\"},{\"@type\":\"ListItem\",\"position\":6,\"name\":\"Prancha de Banheira Invacare Marina\"}]},{\"@type\":\"WebSite\",\"@id\":\"https:\\\/\\\/www.maisquecuidar.com\\\/loja\\\/#website\",\"url\":\"https:\\\/\\\/www.maisquecuidar.com\\\/loja\\\/\",\"name\":\"Mais que Cuidar\",\"description\":\"Sa\u00fade, Ortopedia e Geriatria\",\"publisher\":{\"@id\":\"https:\\\/\\\/www.maisquecuidar.com\\\/loja\\\/#organization\"},\"potentialAction\":[{\"@type\":\"SearchAction\",\"target\":{\"@type\":\"EntryPoint\",\"urlTemplate\":\"https:\\\/\\\/www.maisquecuidar.com\\\/loja\\\/?s={search_term_string}\"},\"query-input\":{\"@type\":\"PropertyValueSpecification\",\"valueRequired\":true,\"valueName\":\"search_term_string\"}}],\"inLanguage\":\"pt-PT\"},{\"@type\":\"Organization\",\"@id\":\"https:\\\/\\\/www.maisquecuidar.com\\\/loja\\\/#organization\",\"name\":\"Mais Que Cuidar\",\"url\":\"https:\\\/\\\/www.maisquecuidar.com\\\/loja\\\/\",\"logo\":{\"@type\":\"ImageObject\",\"inLanguage\":\"pt-PT\",\"@id\":\"https:\\\/\\\/www.maisquecuidar.com\\\/loja\\\/#\\\/schema\\\/logo\\\/image\\\/\",\"url\":\"https:\\\/\\\/img.maisquecuidar.com\\\/loja\\\/wp-content\\\/uploads\\\/2019\\\/08\\\/logo-mais-que-cuidar-retina.png\",\"contentUrl\":\"https:\\\/\\\/img.maisquecuidar.com\\\/loja\\\/wp-content\\\/uploads\\\/2019\\\/08\\\/logo-mais-que-cuidar-retina.png\",\"width\":565,\"height\":75,\"caption\":\"Mais Que Cuidar\"},\"image\":{\"@id\":\"https:\\\/\\\/www.maisquecuidar.com\\\/loja\\\/#\\\/schema\\\/logo\\\/image\\\/\"},\"sameAs\":[\"https:\\\/\\\/www.facebook.com\\\/maisquecuidar.pt\",\"https:\\\/\\\/www.instagram.com\\\/maisquecuidar\"]}]}<\/script>\n<!-- \/ Yoast SEO plugin. -->","yoast_head_json":{"title":"Prancha de Banheira Invacare Marina - Mais que Cuidar","description":"Prancha (t\u00e1bua) de banho Marina para banheira da Invacare, ideal para um banho mais seguro e confort\u00e1vel na posi\u00e7\u00e3o sentada. Confira o pre\u00e7o!","robots":{"index":"index","follow":"follow","max-snippet":"max-snippet:-1","max-image-preview":"max-image-preview:large","max-video-preview":"max-video-preview:-1"},"canonical":"https:\/\/www.maisquecuidar.com\/loja\/higiene-casa-banho\/cadeiras-de-banho\/banheira\/prancha-de-banheira","og_locale":"pt_PT","og_type":"article","og_title":"Prancha de Banheira Invacare Marina - Mais que Cuidar","og_description":"Prancha (t\u00e1bua) de banho Marina para banheira da Invacare, ideal para um banho mais seguro e confort\u00e1vel na posi\u00e7\u00e3o sentada. Confira o pre\u00e7o!","og_url":"https:\/\/www.maisquecuidar.com\/loja\/higiene-casa-banho\/cadeiras-de-banho\/banheira\/prancha-de-banheira","og_site_name":"Mais que Cuidar","article_publisher":"https:\/\/www.facebook.com\/maisquecuidar.pt","article_modified_time":"2025-09-15T19:12:41+00:00","og_image":[{"width":1280,"height":800,"url":"https:\/\/img.maisquecuidar.com\/loja\/wp-content\/uploads\/2016\/12\/prancha-banheira-idosos.jpg","type":"image\/jpeg"}],"twitter_misc":{"Tempo estimado de leitura":"2 minutos"},"schema":{"@context":"https:\/\/schema.org","@graph":[{"@type":"WebPage","@id":"https:\/\/www.maisquecuidar.com\/loja\/higiene-casa-banho\/cadeiras-de-banho\/banheira\/prancha-de-banheira","url":"https:\/\/www.maisquecuidar.com\/loja\/higiene-casa-banho\/cadeiras-de-banho\/banheira\/prancha-de-banheira","name":"Prancha de Banheira Invacare Marina - Mais que Cuidar","isPartOf":{"@id":"https:\/\/www.maisquecuidar.com\/loja\/#website"},"primaryImageOfPage":{"@id":"https:\/\/www.maisquecuidar.com\/loja\/higiene-casa-banho\/cadeiras-de-banho\/banheira\/prancha-de-banheira#primaryimage"},"image":{"@id":"https:\/\/www.maisquecuidar.com\/loja\/higiene-casa-banho\/cadeiras-de-banho\/banheira\/prancha-de-banheira#primaryimage"},"thumbnailUrl":"https:\/\/img.maisquecuidar.com\/loja\/wp-content\/uploads\/2016\/12\/prancha-banheira-idosos.jpg","datePublished":"2016-12-29T17:19:02+00:00","dateModified":"2025-09-15T19:12:41+00:00","description":"Prancha (t\u00e1bua) de banho Marina para banheira da Invacare, ideal para um banho mais seguro e confort\u00e1vel na posi\u00e7\u00e3o sentada. Confira o pre\u00e7o!","breadcrumb":{"@id":"https:\/\/www.maisquecuidar.com\/loja\/higiene-casa-banho\/cadeiras-de-banho\/banheira\/prancha-de-banheira#breadcrumb"},"inLanguage":"pt-PT","potentialAction":[{"@type":"ReadAction","target":["https:\/\/www.maisquecuidar.com\/loja\/higiene-casa-banho\/cadeiras-de-banho\/banheira\/prancha-de-banheira"]}]},{"@type":"ImageObject","inLanguage":"pt-PT","@id":"https:\/\/www.maisquecuidar.com\/loja\/higiene-casa-banho\/cadeiras-de-banho\/banheira\/prancha-de-banheira#primaryimage","url":"https:\/\/img.maisquecuidar.com\/loja\/wp-content\/uploads\/2016\/12\/prancha-banheira-idosos.jpg","contentUrl":"https:\/\/img.maisquecuidar.com\/loja\/wp-content\/uploads\/2016\/12\/prancha-banheira-idosos.jpg","width":1280,"height":800},{"@type":"BreadcrumbList","@id":"https:\/\/www.maisquecuidar.com\/loja\/higiene-casa-banho\/cadeiras-de-banho\/banheira\/prancha-de-banheira#breadcrumb","itemListElement":[{"@type":"ListItem","position":1,"name":"Home","item":"https:\/\/www.maisquecuidar.com\/loja\/"},{"@type":"ListItem","position":2,"name":"Loja Online de Ortopedia e Geriatria em Portugal","item":"https:\/\/www.maisquecuidar.com\/loja\/loja"},{"@type":"ListItem","position":3,"name":"Higiene e Casa de Banho","item":"https:\/\/www.maisquecuidar.com\/loja\/higiene-casa-banho"},{"@type":"ListItem","position":4,"name":"Cadeiras de Banho","item":"https:\/\/www.maisquecuidar.com\/loja\/higiene-casa-banho\/cadeiras-de-banho"},{"@type":"ListItem","position":5,"name":"Cadeiras e Bancos para Banheira","item":"https:\/\/www.maisquecuidar.com\/loja\/higiene-casa-banho\/cadeiras-de-banho\/banheira"},{"@type":"ListItem","position":6,"name":"Prancha de Banheira Invacare Marina"}]},{"@type":"WebSite","@id":"https:\/\/www.maisquecuidar.com\/loja\/#website","url":"https:\/\/www.maisquecuidar.com\/loja\/","name":"Mais que Cuidar","description":"Sa\u00fade, Ortopedia e Geriatria","publisher":{"@id":"https:\/\/www.maisquecuidar.com\/loja\/#organization"},"potentialAction":[{"@type":"SearchAction","target":{"@type":"EntryPoint","urlTemplate":"https:\/\/www.maisquecuidar.com\/loja\/?s={search_term_string}"},"query-input":{"@type":"PropertyValueSpecification","valueRequired":true,"valueName":"search_term_string"}}],"inLanguage":"pt-PT"},{"@type":"Organization","@id":"https:\/\/www.maisquecuidar.com\/loja\/#organization","name":"Mais Que Cuidar","url":"https:\/\/www.maisquecuidar.com\/loja\/","logo":{"@type":"ImageObject","inLanguage":"pt-PT","@id":"https:\/\/www.maisquecuidar.com\/loja\/#\/schema\/logo\/image\/","url":"https:\/\/img.maisquecuidar.com\/loja\/wp-content\/uploads\/2019\/08\/logo-mais-que-cuidar-retina.png","contentUrl":"https:\/\/img.maisquecuidar.com\/loja\/wp-content\/uploads\/2019\/08\/logo-mais-que-cuidar-retina.png","width":565,"height":75,"caption":"Mais Que Cuidar"},"image":{"@id":"https:\/\/www.maisquecuidar.com\/loja\/#\/schema\/logo\/image\/"},"sameAs":["https:\/\/www.facebook.com\/maisquecuidar.pt","https:\/\/www.instagram.com\/maisquecuidar"]}]}},"_links":{"self":[{"href":"https:\/\/www.maisquecuidar.com\/loja\/wp-json\/wp\/v2\/product\/4461","targetHints":{"allow":["GET"]}}],"collection":[{"href":"https:\/\/www.maisquecuidar.com\/loja\/wp-json\/wp\/v2\/product"}],"about":[{"href":"https:\/\/www.maisquecuidar.com\/loja\/wp-json\/wp\/v2\/types\/product"}],"wp:featuredmedia":[{"embeddable":true,"href":"https:\/\/www.maisquecuidar.com\/loja\/wp-json\/wp\/v2\/media\/12667"}],"wp:attachment":[{"href":"https:\/\/www.maisquecuidar.com\/loja\/wp-json\/wp\/v2\/media?parent=4461"}],"wp:term":[{"taxonomy":"product_brand","embeddable":true,"href":"https:\/\/www.maisquecuidar.com\/loja\/wp-json\/wp\/v2\/product_brand?post=4461"},{"taxonomy":"product_cat","embeddable":true,"href":"https:\/\/www.maisquecuidar.com\/loja\/wp-json\/wp\/v2\/product_cat?post=4461"},{"taxonomy":"product_tag","embeddable":true,"href":"https:\/\/www.maisquecuidar.com\/loja\/wp-json\/wp\/v2\/product_tag?post=4461"}],"curies":[{"name":"wp","href":"https:\/\/api.w.org\/{rel}","templated":true}]}}