{"id":4457,"date":"2016-12-28T16:49:23","date_gmt":"2016-12-28T16:49:23","guid":{"rendered":"https:\/\/www.maisquecuidar.com\/loja\/?post_type=product&#038;p=4457"},"modified":"2025-09-15T20:06:54","modified_gmt":"2025-09-15T19:06:54","slug":"cunha-posicionamento-semi-lateral","status":"publish","type":"product","link":"https:\/\/www.maisquecuidar.com\/loja\/quarto-conforto-bem-estar\/material-anti-escaras-cama\/cunha-posicionamento-semi-lateral","title":{"rendered":"Almofada Anti-Escaras Viscoel\u00e1stica de Posicionamento"},"content":{"rendered":"<p><strong>Almofada anti-escaras viscoel\u00e1stica de posicionamento<\/strong><\/p>\n<p>Fabricada pela marca Systam \u00e9 uma esp\u00e9cie de almofada viscoel\u00e1stica com formato anat\u00f3mico e efeito de mem\u00f3ria que se adapta perfeitamente ao corpo proporcionando uma sensa\u00e7\u00e3o de apoio aliviando os pontos de press\u00e3o.<\/p>\n<p>Pessoas que devido \u00e0 sua sa\u00fade e condi\u00e7\u00e3o f\u00edsica tenham que ficar acamadas por longos per\u00edodos de tempo, t\u00eam um risco elevado de desenvolverem feridas ou escaras. Esta almofada viscoel\u00e1stica \u00e9 recomendada para ajudar a atingir um correto posicionamento do utilizador e na preven\u00e7\u00e3o e no tratamento de \u00falceras na regi\u00e3o do sacro e f\u00e9mur.<\/p>\n<p>Pode ser usada em hospitais, resid\u00eancias, lares de idosos e em casa. Permite ao utilizador reduzir a press\u00e3o sobre os tecidos, aumentando a superf\u00edcie de contacto e transferindo as press\u00f5es para zonas de menor risco.<\/p>\n<h3>Caracter\u00edsticas em destaque:<\/h3>\n<ul>\n<li><strong>Adapt\u00e1vel<\/strong>: gra\u00e7as ao seu material em viscoel\u00e1stico, a almofada anti-\u00falceras \u00e9 moldada ao corpo com precis\u00e3o. A coluna fica bem posicionada, adaptada ao suporte, mantendo o utilizador seguro sem risco de escorregar na cama.<\/li>\n<li><strong>Materiais de qualidade:<\/strong> fabricada em espuma viscoel\u00e1stica com efeito mem\u00f3ria cuja principal caracter\u00edstica \u00e9 transferir a press\u00e3o para tecidos de menor risco de feridas.<\/li>\n<li><strong>Ergon\u00f3mica e postural:<\/strong> a almofada postural serve de apoio quando o utilizador estiver deitado numa posi\u00e7\u00e3o semi-lateral para conseguir uma postura ideal ao descansar. Mant\u00e9m zonas de alto risco, como o sacro e o f\u00e9mur, livres de press\u00e3o, gra\u00e7as ao seu design anat\u00f3mico em forma de concha.<\/li>\n<li><strong>Suporte bilateral:<\/strong> especialmente desenhada para ser usada do lado que o utilizador precisa. Satisfaz as necessidades de mudan\u00e7a de posi\u00e7\u00e3o no lado direito ou esquerdo do corpo.<\/li>\n<li><strong>Capa imperme\u00e1vel:<\/strong> f\u00e1cil de limpar e desinfetar. Feita em material que facilita a respira\u00e7\u00e3o da pele.<\/li>\n<li>Ideal para pessoas que precisam de mudar constantemente de press\u00e3o.<\/li>\n<\/ul>\n<p>&nbsp;<\/p>\n<p>&nbsp;<\/p>\n<p><strong>Cuidados a ter na limpeza da almofada<\/strong><\/p>\n<p><img decoding=\"async\" class=\"alignnone wp-image-16112 lazyload\" data-src=\"https:\/\/img.maisquecuidar.com\/loja\/wp-content\/uploads\/2016\/12\/Limpeza.png\" alt=\"Limpeza almofada de posicionamento da Systam\" width=\"181\" height=\"118\" src=\"data:image\/svg+xml;base64,PHN2ZyB3aWR0aD0iMSIgaGVpZ2h0PSIxIiB4bWxucz0iaHR0cDovL3d3dy53My5vcmcvMjAwMC9zdmciPjwvc3ZnPg==\" style=\"--smush-placeholder-width: 181px; --smush-placeholder-aspect-ratio: 181\/118;\" \/><\/p>\n","protected":false},"excerpt":{"rendered":"<p>Bloco de Posicionamento Lateral a 30\u00ba<\/p>\n<p>&nbsp;<\/p>\n","protected":false},"featured_media":15538,"template":"","meta":{"_acf_changed":false,"neve_meta_sidebar":"","neve_meta_container":"","neve_meta_enable_content_width":"","neve_meta_content_width":0,"neve_meta_title_alignment":"","neve_meta_author_avatar":"","neve_post_elements_order":"","neve_meta_disable_header":"","neve_meta_disable_footer":"","neve_meta_disable_title":""},"product_brand":[],"product_cat":[71],"product_tag":[367],"class_list":{"0":"post-4457","1":"product","2":"type-product","3":"status-publish","4":"has-post-thumbnail","6":"product_cat-material-anti-escaras-cama","7":"product_tag-cunha-de-posicionamento-semi-lateral","9":"first","10":"instock","11":"taxable","12":"shipping-taxable","13":"purchasable","14":"product-type-simple"},"acf":[],"yoast_head":"<!-- This site is optimized with the Yoast SEO plugin v27.4 - https:\/\/yoast.com\/product\/yoast-seo-wordpress\/ -->\n<title>Almofada Anti-Escaras Viscoel\u00e1stica de Posicionamento<\/title>\n<meta name=\"description\" content=\"Almofada anti-escaras viscoel\u00e1stica de posicionamento da Systam, ideal para utilizadores acamados que precisam de mudar constantemente de posi\u00e7\u00e3o na cama.\" \/>\n<meta name=\"robots\" content=\"index, follow, max-snippet:-1, max-image-preview:large, max-video-preview:-1\" \/>\n<link rel=\"canonical\" href=\"https:\/\/www.maisquecuidar.com\/loja\/quarto-conforto-bem-estar\/material-anti-escaras-cama\/cunha-posicionamento-semi-lateral\" \/>\n<meta property=\"og:locale\" content=\"pt_PT\" \/>\n<meta property=\"og:type\" content=\"article\" \/>\n<meta property=\"og:title\" content=\"Almofada Anti-Escaras Viscoel\u00e1stica de Posicionamento\" \/>\n<meta property=\"og:description\" content=\"Almofada anti-escaras viscoel\u00e1stica de posicionamento da Systam, ideal para utilizadores acamados que precisam de mudar constantemente de posi\u00e7\u00e3o na cama.\" \/>\n<meta property=\"og:url\" content=\"https:\/\/www.maisquecuidar.com\/loja\/quarto-conforto-bem-estar\/material-anti-escaras-cama\/cunha-posicionamento-semi-lateral\" \/>\n<meta property=\"og:site_name\" content=\"Mais que Cuidar\" \/>\n<meta property=\"article:publisher\" content=\"https:\/\/www.facebook.com\/maisquecuidar.pt\" \/>\n<meta property=\"article:modified_time\" content=\"2025-09-15T19:06:54+00:00\" \/>\n<meta property=\"og:image\" content=\"https:\/\/img.maisquecuidar.com\/loja\/wp-content\/uploads\/2016\/12\/cunha-posicionamento-semi-lateral.png\" \/>\n\t<meta property=\"og:image:width\" content=\"1280\" \/>\n\t<meta property=\"og:image:height\" content=\"800\" \/>\n\t<meta property=\"og:image:type\" content=\"image\/png\" \/>\n<meta name=\"twitter:label1\" content=\"Tempo estimado de leitura\" \/>\n\t<meta name=\"twitter:data1\" content=\"3 minutos\" \/>\n<script type=\"application\/ld+json\" class=\"yoast-schema-graph\">{\"@context\":\"https:\\\/\\\/schema.org\",\"@graph\":[{\"@type\":\"WebPage\",\"@id\":\"https:\\\/\\\/www.maisquecuidar.com\\\/loja\\\/quarto-conforto-bem-estar\\\/material-anti-escaras-cama\\\/cunha-posicionamento-semi-lateral\",\"url\":\"https:\\\/\\\/www.maisquecuidar.com\\\/loja\\\/quarto-conforto-bem-estar\\\/material-anti-escaras-cama\\\/cunha-posicionamento-semi-lateral\",\"name\":\"Almofada Anti-Escaras Viscoel\u00e1stica de Posicionamento\",\"isPartOf\":{\"@id\":\"https:\\\/\\\/www.maisquecuidar.com\\\/loja\\\/#website\"},\"primaryImageOfPage\":{\"@id\":\"https:\\\/\\\/www.maisquecuidar.com\\\/loja\\\/quarto-conforto-bem-estar\\\/material-anti-escaras-cama\\\/cunha-posicionamento-semi-lateral#primaryimage\"},\"image\":{\"@id\":\"https:\\\/\\\/www.maisquecuidar.com\\\/loja\\\/quarto-conforto-bem-estar\\\/material-anti-escaras-cama\\\/cunha-posicionamento-semi-lateral#primaryimage\"},\"thumbnailUrl\":\"https:\\\/\\\/img.maisquecuidar.com\\\/loja\\\/wp-content\\\/uploads\\\/2016\\\/12\\\/cunha-posicionamento-semi-lateral.png\",\"datePublished\":\"2016-12-28T16:49:23+00:00\",\"dateModified\":\"2025-09-15T19:06:54+00:00\",\"description\":\"Almofada anti-escaras viscoel\u00e1stica de posicionamento da Systam, ideal para utilizadores acamados que precisam de mudar constantemente de posi\u00e7\u00e3o na cama.\",\"breadcrumb\":{\"@id\":\"https:\\\/\\\/www.maisquecuidar.com\\\/loja\\\/quarto-conforto-bem-estar\\\/material-anti-escaras-cama\\\/cunha-posicionamento-semi-lateral#breadcrumb\"},\"inLanguage\":\"pt-PT\",\"potentialAction\":[{\"@type\":\"ReadAction\",\"target\":[\"https:\\\/\\\/www.maisquecuidar.com\\\/loja\\\/quarto-conforto-bem-estar\\\/material-anti-escaras-cama\\\/cunha-posicionamento-semi-lateral\"]}]},{\"@type\":\"ImageObject\",\"inLanguage\":\"pt-PT\",\"@id\":\"https:\\\/\\\/www.maisquecuidar.com\\\/loja\\\/quarto-conforto-bem-estar\\\/material-anti-escaras-cama\\\/cunha-posicionamento-semi-lateral#primaryimage\",\"url\":\"https:\\\/\\\/img.maisquecuidar.com\\\/loja\\\/wp-content\\\/uploads\\\/2016\\\/12\\\/cunha-posicionamento-semi-lateral.png\",\"contentUrl\":\"https:\\\/\\\/img.maisquecuidar.com\\\/loja\\\/wp-content\\\/uploads\\\/2016\\\/12\\\/cunha-posicionamento-semi-lateral.png\",\"width\":1280,\"height\":800,\"caption\":\"Cunha de posicionamento semi-lateral na cama\"},{\"@type\":\"BreadcrumbList\",\"@id\":\"https:\\\/\\\/www.maisquecuidar.com\\\/loja\\\/quarto-conforto-bem-estar\\\/material-anti-escaras-cama\\\/cunha-posicionamento-semi-lateral#breadcrumb\",\"itemListElement\":[{\"@type\":\"ListItem\",\"position\":1,\"name\":\"Home\",\"item\":\"https:\\\/\\\/www.maisquecuidar.com\\\/loja\\\/\"},{\"@type\":\"ListItem\",\"position\":2,\"name\":\"Loja Online de Ortopedia e Geriatria em Portugal\",\"item\":\"https:\\\/\\\/www.maisquecuidar.com\\\/loja\\\/loja\"},{\"@type\":\"ListItem\",\"position\":3,\"name\":\"Quarto, Conforto e Bem Estar\",\"item\":\"https:\\\/\\\/www.maisquecuidar.com\\\/loja\\\/quarto-conforto-bem-estar\"},{\"@type\":\"ListItem\",\"position\":4,\"name\":\"Material Anti-Escaras para Posicionamento na Cama\",\"item\":\"https:\\\/\\\/www.maisquecuidar.com\\\/loja\\\/quarto-conforto-bem-estar\\\/material-anti-escaras-cama\"},{\"@type\":\"ListItem\",\"position\":5,\"name\":\"Almofada Anti-Escaras Viscoel\u00e1stica de Posicionamento\"}]},{\"@type\":\"WebSite\",\"@id\":\"https:\\\/\\\/www.maisquecuidar.com\\\/loja\\\/#website\",\"url\":\"https:\\\/\\\/www.maisquecuidar.com\\\/loja\\\/\",\"name\":\"Mais que Cuidar\",\"description\":\"Sa\u00fade, Ortopedia e Geriatria\",\"publisher\":{\"@id\":\"https:\\\/\\\/www.maisquecuidar.com\\\/loja\\\/#organization\"},\"potentialAction\":[{\"@type\":\"SearchAction\",\"target\":{\"@type\":\"EntryPoint\",\"urlTemplate\":\"https:\\\/\\\/www.maisquecuidar.com\\\/loja\\\/?s={search_term_string}\"},\"query-input\":{\"@type\":\"PropertyValueSpecification\",\"valueRequired\":true,\"valueName\":\"search_term_string\"}}],\"inLanguage\":\"pt-PT\"},{\"@type\":\"Organization\",\"@id\":\"https:\\\/\\\/www.maisquecuidar.com\\\/loja\\\/#organization\",\"name\":\"Mais Que Cuidar\",\"url\":\"https:\\\/\\\/www.maisquecuidar.com\\\/loja\\\/\",\"logo\":{\"@type\":\"ImageObject\",\"inLanguage\":\"pt-PT\",\"@id\":\"https:\\\/\\\/www.maisquecuidar.com\\\/loja\\\/#\\\/schema\\\/logo\\\/image\\\/\",\"url\":\"https:\\\/\\\/img.maisquecuidar.com\\\/loja\\\/wp-content\\\/uploads\\\/2019\\\/08\\\/logo-mais-que-cuidar-retina.png\",\"contentUrl\":\"https:\\\/\\\/img.maisquecuidar.com\\\/loja\\\/wp-content\\\/uploads\\\/2019\\\/08\\\/logo-mais-que-cuidar-retina.png\",\"width\":565,\"height\":75,\"caption\":\"Mais Que Cuidar\"},\"image\":{\"@id\":\"https:\\\/\\\/www.maisquecuidar.com\\\/loja\\\/#\\\/schema\\\/logo\\\/image\\\/\"},\"sameAs\":[\"https:\\\/\\\/www.facebook.com\\\/maisquecuidar.pt\",\"https:\\\/\\\/www.instagram.com\\\/maisquecuidar\"]}]}<\/script>\n<!-- \/ Yoast SEO plugin. -->","yoast_head_json":{"title":"Almofada Anti-Escaras Viscoel\u00e1stica de Posicionamento","description":"Almofada anti-escaras viscoel\u00e1stica de posicionamento da Systam, ideal para utilizadores acamados que precisam de mudar constantemente de posi\u00e7\u00e3o na cama.","robots":{"index":"index","follow":"follow","max-snippet":"max-snippet:-1","max-image-preview":"max-image-preview:large","max-video-preview":"max-video-preview:-1"},"canonical":"https:\/\/www.maisquecuidar.com\/loja\/quarto-conforto-bem-estar\/material-anti-escaras-cama\/cunha-posicionamento-semi-lateral","og_locale":"pt_PT","og_type":"article","og_title":"Almofada Anti-Escaras Viscoel\u00e1stica de Posicionamento","og_description":"Almofada anti-escaras viscoel\u00e1stica de posicionamento da Systam, ideal para utilizadores acamados que precisam de mudar constantemente de posi\u00e7\u00e3o na cama.","og_url":"https:\/\/www.maisquecuidar.com\/loja\/quarto-conforto-bem-estar\/material-anti-escaras-cama\/cunha-posicionamento-semi-lateral","og_site_name":"Mais que Cuidar","article_publisher":"https:\/\/www.facebook.com\/maisquecuidar.pt","article_modified_time":"2025-09-15T19:06:54+00:00","og_image":[{"width":1280,"height":800,"url":"https:\/\/img.maisquecuidar.com\/loja\/wp-content\/uploads\/2016\/12\/cunha-posicionamento-semi-lateral.png","type":"image\/png"}],"twitter_misc":{"Tempo estimado de leitura":"3 minutos"},"schema":{"@context":"https:\/\/schema.org","@graph":[{"@type":"WebPage","@id":"https:\/\/www.maisquecuidar.com\/loja\/quarto-conforto-bem-estar\/material-anti-escaras-cama\/cunha-posicionamento-semi-lateral","url":"https:\/\/www.maisquecuidar.com\/loja\/quarto-conforto-bem-estar\/material-anti-escaras-cama\/cunha-posicionamento-semi-lateral","name":"Almofada Anti-Escaras Viscoel\u00e1stica de Posicionamento","isPartOf":{"@id":"https:\/\/www.maisquecuidar.com\/loja\/#website"},"primaryImageOfPage":{"@id":"https:\/\/www.maisquecuidar.com\/loja\/quarto-conforto-bem-estar\/material-anti-escaras-cama\/cunha-posicionamento-semi-lateral#primaryimage"},"image":{"@id":"https:\/\/www.maisquecuidar.com\/loja\/quarto-conforto-bem-estar\/material-anti-escaras-cama\/cunha-posicionamento-semi-lateral#primaryimage"},"thumbnailUrl":"https:\/\/img.maisquecuidar.com\/loja\/wp-content\/uploads\/2016\/12\/cunha-posicionamento-semi-lateral.png","datePublished":"2016-12-28T16:49:23+00:00","dateModified":"2025-09-15T19:06:54+00:00","description":"Almofada anti-escaras viscoel\u00e1stica de posicionamento da Systam, ideal para utilizadores acamados que precisam de mudar constantemente de posi\u00e7\u00e3o na cama.","breadcrumb":{"@id":"https:\/\/www.maisquecuidar.com\/loja\/quarto-conforto-bem-estar\/material-anti-escaras-cama\/cunha-posicionamento-semi-lateral#breadcrumb"},"inLanguage":"pt-PT","potentialAction":[{"@type":"ReadAction","target":["https:\/\/www.maisquecuidar.com\/loja\/quarto-conforto-bem-estar\/material-anti-escaras-cama\/cunha-posicionamento-semi-lateral"]}]},{"@type":"ImageObject","inLanguage":"pt-PT","@id":"https:\/\/www.maisquecuidar.com\/loja\/quarto-conforto-bem-estar\/material-anti-escaras-cama\/cunha-posicionamento-semi-lateral#primaryimage","url":"https:\/\/img.maisquecuidar.com\/loja\/wp-content\/uploads\/2016\/12\/cunha-posicionamento-semi-lateral.png","contentUrl":"https:\/\/img.maisquecuidar.com\/loja\/wp-content\/uploads\/2016\/12\/cunha-posicionamento-semi-lateral.png","width":1280,"height":800,"caption":"Cunha de posicionamento semi-lateral na cama"},{"@type":"BreadcrumbList","@id":"https:\/\/www.maisquecuidar.com\/loja\/quarto-conforto-bem-estar\/material-anti-escaras-cama\/cunha-posicionamento-semi-lateral#breadcrumb","itemListElement":[{"@type":"ListItem","position":1,"name":"Home","item":"https:\/\/www.maisquecuidar.com\/loja\/"},{"@type":"ListItem","position":2,"name":"Loja Online de Ortopedia e Geriatria em Portugal","item":"https:\/\/www.maisquecuidar.com\/loja\/loja"},{"@type":"ListItem","position":3,"name":"Quarto, Conforto e Bem Estar","item":"https:\/\/www.maisquecuidar.com\/loja\/quarto-conforto-bem-estar"},{"@type":"ListItem","position":4,"name":"Material Anti-Escaras para Posicionamento na Cama","item":"https:\/\/www.maisquecuidar.com\/loja\/quarto-conforto-bem-estar\/material-anti-escaras-cama"},{"@type":"ListItem","position":5,"name":"Almofada Anti-Escaras Viscoel\u00e1stica de Posicionamento"}]},{"@type":"WebSite","@id":"https:\/\/www.maisquecuidar.com\/loja\/#website","url":"https:\/\/www.maisquecuidar.com\/loja\/","name":"Mais que Cuidar","description":"Sa\u00fade, Ortopedia e Geriatria","publisher":{"@id":"https:\/\/www.maisquecuidar.com\/loja\/#organization"},"potentialAction":[{"@type":"SearchAction","target":{"@type":"EntryPoint","urlTemplate":"https:\/\/www.maisquecuidar.com\/loja\/?s={search_term_string}"},"query-input":{"@type":"PropertyValueSpecification","valueRequired":true,"valueName":"search_term_string"}}],"inLanguage":"pt-PT"},{"@type":"Organization","@id":"https:\/\/www.maisquecuidar.com\/loja\/#organization","name":"Mais Que Cuidar","url":"https:\/\/www.maisquecuidar.com\/loja\/","logo":{"@type":"ImageObject","inLanguage":"pt-PT","@id":"https:\/\/www.maisquecuidar.com\/loja\/#\/schema\/logo\/image\/","url":"https:\/\/img.maisquecuidar.com\/loja\/wp-content\/uploads\/2019\/08\/logo-mais-que-cuidar-retina.png","contentUrl":"https:\/\/img.maisquecuidar.com\/loja\/wp-content\/uploads\/2019\/08\/logo-mais-que-cuidar-retina.png","width":565,"height":75,"caption":"Mais Que Cuidar"},"image":{"@id":"https:\/\/www.maisquecuidar.com\/loja\/#\/schema\/logo\/image\/"},"sameAs":["https:\/\/www.facebook.com\/maisquecuidar.pt","https:\/\/www.instagram.com\/maisquecuidar"]}]}},"_links":{"self":[{"href":"https:\/\/www.maisquecuidar.com\/loja\/wp-json\/wp\/v2\/product\/4457","targetHints":{"allow":["GET"]}}],"collection":[{"href":"https:\/\/www.maisquecuidar.com\/loja\/wp-json\/wp\/v2\/product"}],"about":[{"href":"https:\/\/www.maisquecuidar.com\/loja\/wp-json\/wp\/v2\/types\/product"}],"wp:featuredmedia":[{"embeddable":true,"href":"https:\/\/www.maisquecuidar.com\/loja\/wp-json\/wp\/v2\/media\/15538"}],"wp:attachment":[{"href":"https:\/\/www.maisquecuidar.com\/loja\/wp-json\/wp\/v2\/media?parent=4457"}],"wp:term":[{"taxonomy":"product_brand","embeddable":true,"href":"https:\/\/www.maisquecuidar.com\/loja\/wp-json\/wp\/v2\/product_brand?post=4457"},{"taxonomy":"product_cat","embeddable":true,"href":"https:\/\/www.maisquecuidar.com\/loja\/wp-json\/wp\/v2\/product_cat?post=4457"},{"taxonomy":"product_tag","embeddable":true,"href":"https:\/\/www.maisquecuidar.com\/loja\/wp-json\/wp\/v2\/product_tag?post=4457"}],"curies":[{"name":"wp","href":"https:\/\/api.w.org\/{rel}","templated":true}]}}