{"id":4453,"date":"2016-12-28T16:38:49","date_gmt":"2016-12-28T16:38:49","guid":{"rendered":"https:\/\/www.maisquecuidar.com\/loja\/?post_type=product&#038;p=4453"},"modified":"2025-09-15T20:06:54","modified_gmt":"2025-09-15T19:06:54","slug":"apoio-bilateral-calcanhares","status":"publish","type":"product","link":"https:\/\/www.maisquecuidar.com\/loja\/quarto-conforto-bem-estar\/material-anti-escaras-cama\/apoio-bilateral-calcanhares","title":{"rendered":"Apoio Bilateral Anti-Escaras para Calcanhares"},"content":{"rendered":"<p><strong>Apoio bilateral anti-escaras para calcanhares<\/strong><\/p>\n<p>Fabricado pela marca Systam em material viscoel\u00e1stico com formato anat\u00f3mico e efeito de mem\u00f3ria que se adapta perfeitamente \u00e0 regi\u00e3o das pernas proporcionando uma sensa\u00e7\u00e3o de conforto e apoio aliviando os pontos de press\u00e3o nos calcanhares.<\/p>\n<p>Recomendado na preven\u00e7\u00e3o e no tratamento de \u00falceras por press\u00e3o nos calcanhares, em pessoas que tenham que permanecer longos per\u00edodos de tempo acamados e que tenham o risco m\u00e9dio e elevado de desenvolverem escaras.<\/p>\n<p>Pode ser utilizado em hospitais, lares de idosos e em casa. Permite ao utilizador reduzir a press\u00e3o sobre os tecidos dos calc\u00e2neos.<\/p>\n<h3>Caracter\u00edsticas em destaque:<\/h3>\n<ul>\n<li><strong>Adapt\u00e1vel:<\/strong> gra\u00e7as ao seu material em viscoel\u00e1stico, o apoio bilateral anti-escaras \u00e9 moldado \u00e0 regi\u00e3o das pernas com precis\u00e3o, fazendo a eleva\u00e7\u00e3o ou o posicionamento adequado dos calcanhares de forma a aliviar a press\u00e3o.<\/li>\n<li><strong>Materiais de qualidade:<\/strong> feito em espuma viscoel\u00e1stica com efeito de mem\u00f3ria cuja principal caracter\u00edstica \u00e9 reduzir a press\u00e3o na regi\u00e3o dos calc\u00e2neos.<\/li>\n<li><strong>Ergon\u00f3mica e postural:<\/strong> serve de apoio quando o utilizador estiver deitado na posi\u00e7\u00e3o de dec\u00fabito dorsal para conseguir uma postura correta para descansar, ajudando a posicionar as pernas e a manter a zona dos calcanhares livres de press\u00e3o.<\/li>\n<li><strong>Capa imperme\u00e1vel e remov\u00edvel:<\/strong> F\u00e1cil de lavar e desinfetar. Pode ser retirada para lavar.<\/li>\n<\/ul>\n<p><img fetchpriority=\"high\" decoding=\"async\" class=\"alignnone wp-image-16114\" src=\"https:\/\/img.maisquecuidar.com\/loja\/wp-content\/uploads\/2016\/12\/apoio-calcanhares-800x328.png\" alt=\"Apoio anti-ulcera para calcanhar\" width=\"717\" height=\"294\" srcset=\"https:\/\/img.maisquecuidar.com\/loja\/wp-content\/uploads\/2016\/12\/apoio-calcanhares-800x328.png 800w, https:\/\/img.maisquecuidar.com\/loja\/wp-content\/uploads\/2016\/12\/apoio-calcanhares-380x156.png 380w, https:\/\/img.maisquecuidar.com\/loja\/wp-content\/uploads\/2016\/12\/apoio-calcanhares-1024x420.png 1024w, https:\/\/img.maisquecuidar.com\/loja\/wp-content\/uploads\/2016\/12\/apoio-calcanhares-768x315.png 768w, https:\/\/img.maisquecuidar.com\/loja\/wp-content\/uploads\/2016\/12\/apoio-calcanhares-350x144.png 350w, https:\/\/img.maisquecuidar.com\/loja\/wp-content\/uploads\/2016\/12\/apoio-calcanhares.png 1200w\" sizes=\"(max-width: 717px) 100vw, 717px\" \/><\/p>\n","protected":false},"excerpt":{"rendered":"<p>Dispositivo de posicionamento e apoio para calc\u00e2neos.<\/p>\n<p>&nbsp;<\/p>\n","protected":false},"featured_media":16116,"template":"","meta":{"_acf_changed":false,"neve_meta_sidebar":"","neve_meta_container":"","neve_meta_enable_content_width":"","neve_meta_content_width":0,"neve_meta_title_alignment":"","neve_meta_author_avatar":"","neve_post_elements_order":"","neve_meta_disable_header":"","neve_meta_disable_footer":"","neve_meta_disable_title":""},"product_brand":[],"product_cat":[71],"product_tag":[363],"class_list":{"0":"post-4453","1":"product","2":"type-product","3":"status-publish","4":"has-post-thumbnail","6":"product_cat-material-anti-escaras-cama","7":"product_tag-apoio-anti-escaras-para-calcanhar","9":"first","10":"instock","11":"taxable","12":"shipping-taxable","13":"purchasable","14":"product-type-simple"},"acf":[],"yoast_head":"<!-- This site is optimized with the Yoast SEO plugin v27.5 - https:\/\/yoast.com\/product\/yoast-seo-wordpress\/ -->\n<title>Apoio Bilateral Anti-Escaras para Calcanhares - Mais que Cuidar<\/title>\n<meta name=\"description\" content=\"Apoio bilateral anti-escaras para calcanhares feito em viscoel\u00e1stico e recomendado para utilizadores acamados com risco m\u00e9dio ou elevado de \u00falceras press\u00e3o.\" \/>\n<meta name=\"robots\" content=\"index, follow, max-snippet:-1, max-image-preview:large, max-video-preview:-1\" \/>\n<link rel=\"canonical\" href=\"https:\/\/www.maisquecuidar.com\/loja\/quarto-conforto-bem-estar\/material-anti-escaras-cama\/apoio-bilateral-calcanhares\" \/>\n<meta property=\"og:locale\" content=\"pt_PT\" \/>\n<meta property=\"og:type\" content=\"article\" \/>\n<meta property=\"og:title\" content=\"Apoio Bilateral Anti-Escaras para Calcanhares - Mais que Cuidar\" \/>\n<meta property=\"og:description\" content=\"Apoio bilateral anti-escaras para calcanhares feito em viscoel\u00e1stico e recomendado para utilizadores acamados com risco m\u00e9dio ou elevado de \u00falceras press\u00e3o.\" \/>\n<meta property=\"og:url\" content=\"https:\/\/www.maisquecuidar.com\/loja\/quarto-conforto-bem-estar\/material-anti-escaras-cama\/apoio-bilateral-calcanhares\" \/>\n<meta property=\"og:site_name\" content=\"Mais que Cuidar\" \/>\n<meta property=\"article:publisher\" content=\"https:\/\/www.facebook.com\/maisquecuidar.pt\" \/>\n<meta property=\"article:modified_time\" content=\"2025-09-15T19:06:54+00:00\" \/>\n<meta property=\"og:image\" content=\"https:\/\/img.maisquecuidar.com\/loja\/wp-content\/uploads\/2016\/12\/apoio-bilateral-calcaneos.png\" \/>\n\t<meta property=\"og:image:width\" content=\"1280\" \/>\n\t<meta property=\"og:image:height\" content=\"800\" \/>\n\t<meta property=\"og:image:type\" content=\"image\/png\" \/>\n<meta name=\"twitter:label1\" content=\"Tempo estimado de leitura\" \/>\n\t<meta name=\"twitter:data1\" content=\"2 minutos\" \/>\n<script type=\"application\/ld+json\" class=\"yoast-schema-graph\">{\"@context\":\"https:\\\/\\\/schema.org\",\"@graph\":[{\"@type\":\"WebPage\",\"@id\":\"https:\\\/\\\/www.maisquecuidar.com\\\/loja\\\/quarto-conforto-bem-estar\\\/material-anti-escaras-cama\\\/apoio-bilateral-calcanhares\",\"url\":\"https:\\\/\\\/www.maisquecuidar.com\\\/loja\\\/quarto-conforto-bem-estar\\\/material-anti-escaras-cama\\\/apoio-bilateral-calcanhares\",\"name\":\"Apoio Bilateral Anti-Escaras para Calcanhares - Mais que Cuidar\",\"isPartOf\":{\"@id\":\"https:\\\/\\\/www.maisquecuidar.com\\\/loja\\\/#website\"},\"primaryImageOfPage\":{\"@id\":\"https:\\\/\\\/www.maisquecuidar.com\\\/loja\\\/quarto-conforto-bem-estar\\\/material-anti-escaras-cama\\\/apoio-bilateral-calcanhares#primaryimage\"},\"image\":{\"@id\":\"https:\\\/\\\/www.maisquecuidar.com\\\/loja\\\/quarto-conforto-bem-estar\\\/material-anti-escaras-cama\\\/apoio-bilateral-calcanhares#primaryimage\"},\"thumbnailUrl\":\"https:\\\/\\\/img.maisquecuidar.com\\\/loja\\\/wp-content\\\/uploads\\\/2016\\\/12\\\/apoio-bilateral-calcaneos.png\",\"datePublished\":\"2016-12-28T16:38:49+00:00\",\"dateModified\":\"2025-09-15T19:06:54+00:00\",\"description\":\"Apoio bilateral anti-escaras para calcanhares feito em viscoel\u00e1stico e recomendado para utilizadores acamados com risco m\u00e9dio ou elevado de \u00falceras press\u00e3o.\",\"breadcrumb\":{\"@id\":\"https:\\\/\\\/www.maisquecuidar.com\\\/loja\\\/quarto-conforto-bem-estar\\\/material-anti-escaras-cama\\\/apoio-bilateral-calcanhares#breadcrumb\"},\"inLanguage\":\"pt-PT\",\"potentialAction\":[{\"@type\":\"ReadAction\",\"target\":[\"https:\\\/\\\/www.maisquecuidar.com\\\/loja\\\/quarto-conforto-bem-estar\\\/material-anti-escaras-cama\\\/apoio-bilateral-calcanhares\"]}]},{\"@type\":\"ImageObject\",\"inLanguage\":\"pt-PT\",\"@id\":\"https:\\\/\\\/www.maisquecuidar.com\\\/loja\\\/quarto-conforto-bem-estar\\\/material-anti-escaras-cama\\\/apoio-bilateral-calcanhares#primaryimage\",\"url\":\"https:\\\/\\\/img.maisquecuidar.com\\\/loja\\\/wp-content\\\/uploads\\\/2016\\\/12\\\/apoio-bilateral-calcaneos.png\",\"contentUrl\":\"https:\\\/\\\/img.maisquecuidar.com\\\/loja\\\/wp-content\\\/uploads\\\/2016\\\/12\\\/apoio-bilateral-calcaneos.png\",\"width\":1280,\"height\":800,\"caption\":\"Apoio bilateral anti-escaras para calcanhares\"},{\"@type\":\"BreadcrumbList\",\"@id\":\"https:\\\/\\\/www.maisquecuidar.com\\\/loja\\\/quarto-conforto-bem-estar\\\/material-anti-escaras-cama\\\/apoio-bilateral-calcanhares#breadcrumb\",\"itemListElement\":[{\"@type\":\"ListItem\",\"position\":1,\"name\":\"Home\",\"item\":\"https:\\\/\\\/www.maisquecuidar.com\\\/loja\\\/\"},{\"@type\":\"ListItem\",\"position\":2,\"name\":\"Loja Online de Ortopedia e Geriatria em Portugal\",\"item\":\"https:\\\/\\\/www.maisquecuidar.com\\\/loja\\\/loja\"},{\"@type\":\"ListItem\",\"position\":3,\"name\":\"Quarto, Conforto e Bem Estar\",\"item\":\"https:\\\/\\\/www.maisquecuidar.com\\\/loja\\\/quarto-conforto-bem-estar\"},{\"@type\":\"ListItem\",\"position\":4,\"name\":\"Material Anti-Escaras para Posicionamento na Cama\",\"item\":\"https:\\\/\\\/www.maisquecuidar.com\\\/loja\\\/quarto-conforto-bem-estar\\\/material-anti-escaras-cama\"},{\"@type\":\"ListItem\",\"position\":5,\"name\":\"Apoio Bilateral Anti-Escaras para Calcanhares\"}]},{\"@type\":\"WebSite\",\"@id\":\"https:\\\/\\\/www.maisquecuidar.com\\\/loja\\\/#website\",\"url\":\"https:\\\/\\\/www.maisquecuidar.com\\\/loja\\\/\",\"name\":\"Mais que Cuidar\",\"description\":\"Sa\u00fade, Ortopedia e Geriatria\",\"publisher\":{\"@id\":\"https:\\\/\\\/www.maisquecuidar.com\\\/loja\\\/#organization\"},\"potentialAction\":[{\"@type\":\"SearchAction\",\"target\":{\"@type\":\"EntryPoint\",\"urlTemplate\":\"https:\\\/\\\/www.maisquecuidar.com\\\/loja\\\/?s={search_term_string}\"},\"query-input\":{\"@type\":\"PropertyValueSpecification\",\"valueRequired\":true,\"valueName\":\"search_term_string\"}}],\"inLanguage\":\"pt-PT\"},{\"@type\":\"Organization\",\"@id\":\"https:\\\/\\\/www.maisquecuidar.com\\\/loja\\\/#organization\",\"name\":\"Mais Que Cuidar\",\"url\":\"https:\\\/\\\/www.maisquecuidar.com\\\/loja\\\/\",\"logo\":{\"@type\":\"ImageObject\",\"inLanguage\":\"pt-PT\",\"@id\":\"https:\\\/\\\/www.maisquecuidar.com\\\/loja\\\/#\\\/schema\\\/logo\\\/image\\\/\",\"url\":\"https:\\\/\\\/img.maisquecuidar.com\\\/loja\\\/wp-content\\\/uploads\\\/2019\\\/08\\\/logo-mais-que-cuidar-retina.png\",\"contentUrl\":\"https:\\\/\\\/img.maisquecuidar.com\\\/loja\\\/wp-content\\\/uploads\\\/2019\\\/08\\\/logo-mais-que-cuidar-retina.png\",\"width\":565,\"height\":75,\"caption\":\"Mais Que Cuidar\"},\"image\":{\"@id\":\"https:\\\/\\\/www.maisquecuidar.com\\\/loja\\\/#\\\/schema\\\/logo\\\/image\\\/\"},\"sameAs\":[\"https:\\\/\\\/www.facebook.com\\\/maisquecuidar.pt\",\"https:\\\/\\\/www.instagram.com\\\/maisquecuidar\"]}]}<\/script>\n<!-- \/ Yoast SEO plugin. -->","yoast_head_json":{"title":"Apoio Bilateral Anti-Escaras para Calcanhares - Mais que Cuidar","description":"Apoio bilateral anti-escaras para calcanhares feito em viscoel\u00e1stico e recomendado para utilizadores acamados com risco m\u00e9dio ou elevado de \u00falceras press\u00e3o.","robots":{"index":"index","follow":"follow","max-snippet":"max-snippet:-1","max-image-preview":"max-image-preview:large","max-video-preview":"max-video-preview:-1"},"canonical":"https:\/\/www.maisquecuidar.com\/loja\/quarto-conforto-bem-estar\/material-anti-escaras-cama\/apoio-bilateral-calcanhares","og_locale":"pt_PT","og_type":"article","og_title":"Apoio Bilateral Anti-Escaras para Calcanhares - Mais que Cuidar","og_description":"Apoio bilateral anti-escaras para calcanhares feito em viscoel\u00e1stico e recomendado para utilizadores acamados com risco m\u00e9dio ou elevado de \u00falceras press\u00e3o.","og_url":"https:\/\/www.maisquecuidar.com\/loja\/quarto-conforto-bem-estar\/material-anti-escaras-cama\/apoio-bilateral-calcanhares","og_site_name":"Mais que Cuidar","article_publisher":"https:\/\/www.facebook.com\/maisquecuidar.pt","article_modified_time":"2025-09-15T19:06:54+00:00","og_image":[{"width":1280,"height":800,"url":"https:\/\/img.maisquecuidar.com\/loja\/wp-content\/uploads\/2016\/12\/apoio-bilateral-calcaneos.png","type":"image\/png"}],"twitter_misc":{"Tempo estimado de leitura":"2 minutos"},"schema":{"@context":"https:\/\/schema.org","@graph":[{"@type":"WebPage","@id":"https:\/\/www.maisquecuidar.com\/loja\/quarto-conforto-bem-estar\/material-anti-escaras-cama\/apoio-bilateral-calcanhares","url":"https:\/\/www.maisquecuidar.com\/loja\/quarto-conforto-bem-estar\/material-anti-escaras-cama\/apoio-bilateral-calcanhares","name":"Apoio Bilateral Anti-Escaras para Calcanhares - Mais que Cuidar","isPartOf":{"@id":"https:\/\/www.maisquecuidar.com\/loja\/#website"},"primaryImageOfPage":{"@id":"https:\/\/www.maisquecuidar.com\/loja\/quarto-conforto-bem-estar\/material-anti-escaras-cama\/apoio-bilateral-calcanhares#primaryimage"},"image":{"@id":"https:\/\/www.maisquecuidar.com\/loja\/quarto-conforto-bem-estar\/material-anti-escaras-cama\/apoio-bilateral-calcanhares#primaryimage"},"thumbnailUrl":"https:\/\/img.maisquecuidar.com\/loja\/wp-content\/uploads\/2016\/12\/apoio-bilateral-calcaneos.png","datePublished":"2016-12-28T16:38:49+00:00","dateModified":"2025-09-15T19:06:54+00:00","description":"Apoio bilateral anti-escaras para calcanhares feito em viscoel\u00e1stico e recomendado para utilizadores acamados com risco m\u00e9dio ou elevado de \u00falceras press\u00e3o.","breadcrumb":{"@id":"https:\/\/www.maisquecuidar.com\/loja\/quarto-conforto-bem-estar\/material-anti-escaras-cama\/apoio-bilateral-calcanhares#breadcrumb"},"inLanguage":"pt-PT","potentialAction":[{"@type":"ReadAction","target":["https:\/\/www.maisquecuidar.com\/loja\/quarto-conforto-bem-estar\/material-anti-escaras-cama\/apoio-bilateral-calcanhares"]}]},{"@type":"ImageObject","inLanguage":"pt-PT","@id":"https:\/\/www.maisquecuidar.com\/loja\/quarto-conforto-bem-estar\/material-anti-escaras-cama\/apoio-bilateral-calcanhares#primaryimage","url":"https:\/\/img.maisquecuidar.com\/loja\/wp-content\/uploads\/2016\/12\/apoio-bilateral-calcaneos.png","contentUrl":"https:\/\/img.maisquecuidar.com\/loja\/wp-content\/uploads\/2016\/12\/apoio-bilateral-calcaneos.png","width":1280,"height":800,"caption":"Apoio bilateral anti-escaras para calcanhares"},{"@type":"BreadcrumbList","@id":"https:\/\/www.maisquecuidar.com\/loja\/quarto-conforto-bem-estar\/material-anti-escaras-cama\/apoio-bilateral-calcanhares#breadcrumb","itemListElement":[{"@type":"ListItem","position":1,"name":"Home","item":"https:\/\/www.maisquecuidar.com\/loja\/"},{"@type":"ListItem","position":2,"name":"Loja Online de Ortopedia e Geriatria em Portugal","item":"https:\/\/www.maisquecuidar.com\/loja\/loja"},{"@type":"ListItem","position":3,"name":"Quarto, Conforto e Bem Estar","item":"https:\/\/www.maisquecuidar.com\/loja\/quarto-conforto-bem-estar"},{"@type":"ListItem","position":4,"name":"Material Anti-Escaras para Posicionamento na Cama","item":"https:\/\/www.maisquecuidar.com\/loja\/quarto-conforto-bem-estar\/material-anti-escaras-cama"},{"@type":"ListItem","position":5,"name":"Apoio Bilateral Anti-Escaras para Calcanhares"}]},{"@type":"WebSite","@id":"https:\/\/www.maisquecuidar.com\/loja\/#website","url":"https:\/\/www.maisquecuidar.com\/loja\/","name":"Mais que Cuidar","description":"Sa\u00fade, Ortopedia e Geriatria","publisher":{"@id":"https:\/\/www.maisquecuidar.com\/loja\/#organization"},"potentialAction":[{"@type":"SearchAction","target":{"@type":"EntryPoint","urlTemplate":"https:\/\/www.maisquecuidar.com\/loja\/?s={search_term_string}"},"query-input":{"@type":"PropertyValueSpecification","valueRequired":true,"valueName":"search_term_string"}}],"inLanguage":"pt-PT"},{"@type":"Organization","@id":"https:\/\/www.maisquecuidar.com\/loja\/#organization","name":"Mais Que Cuidar","url":"https:\/\/www.maisquecuidar.com\/loja\/","logo":{"@type":"ImageObject","inLanguage":"pt-PT","@id":"https:\/\/www.maisquecuidar.com\/loja\/#\/schema\/logo\/image\/","url":"https:\/\/img.maisquecuidar.com\/loja\/wp-content\/uploads\/2019\/08\/logo-mais-que-cuidar-retina.png","contentUrl":"https:\/\/img.maisquecuidar.com\/loja\/wp-content\/uploads\/2019\/08\/logo-mais-que-cuidar-retina.png","width":565,"height":75,"caption":"Mais Que Cuidar"},"image":{"@id":"https:\/\/www.maisquecuidar.com\/loja\/#\/schema\/logo\/image\/"},"sameAs":["https:\/\/www.facebook.com\/maisquecuidar.pt","https:\/\/www.instagram.com\/maisquecuidar"]}]}},"_links":{"self":[{"href":"https:\/\/www.maisquecuidar.com\/loja\/wp-json\/wp\/v2\/product\/4453","targetHints":{"allow":["GET"]}}],"collection":[{"href":"https:\/\/www.maisquecuidar.com\/loja\/wp-json\/wp\/v2\/product"}],"about":[{"href":"https:\/\/www.maisquecuidar.com\/loja\/wp-json\/wp\/v2\/types\/product"}],"wp:featuredmedia":[{"embeddable":true,"href":"https:\/\/www.maisquecuidar.com\/loja\/wp-json\/wp\/v2\/media\/16116"}],"wp:attachment":[{"href":"https:\/\/www.maisquecuidar.com\/loja\/wp-json\/wp\/v2\/media?parent=4453"}],"wp:term":[{"taxonomy":"product_brand","embeddable":true,"href":"https:\/\/www.maisquecuidar.com\/loja\/wp-json\/wp\/v2\/product_brand?post=4453"},{"taxonomy":"product_cat","embeddable":true,"href":"https:\/\/www.maisquecuidar.com\/loja\/wp-json\/wp\/v2\/product_cat?post=4453"},{"taxonomy":"product_tag","embeddable":true,"href":"https:\/\/www.maisquecuidar.com\/loja\/wp-json\/wp\/v2\/product_tag?post=4453"}],"curies":[{"name":"wp","href":"https:\/\/api.w.org\/{rel}","templated":true}]}}