{"id":4444,"date":"2016-12-28T16:08:34","date_gmt":"2016-12-28T16:08:34","guid":{"rendered":"https:\/\/www.maisquecuidar.com\/loja\/?post_type=product&#038;p=4444"},"modified":"2025-09-15T20:06:53","modified_gmt":"2025-09-15T19:06:53","slug":"abdutor-para-coxas","status":"publish","type":"product","link":"https:\/\/www.maisquecuidar.com\/loja\/quarto-conforto-bem-estar\/material-anti-escaras-cama\/abdutor-para-coxas","title":{"rendered":"Almofada Abdutora para Cama e Cadeira de Rodas"},"content":{"rendered":"<p><strong>Almofada Abdutora para Cama e Cadeira de Rodas<\/strong><\/p>\n<p>Fabricado em espuma viscoel\u00e1stica macia pela marca Systam, este bloco abdutor possui formas curvas e dimens\u00f5es ajustadas para se adaptar ao uso na cama e na cadeira de rodas. Al\u00e9m disso, esta almofada separadora de pernas fica entre as coxas e possui uma al\u00e7a de amarrar de modo a ajustar as pernas enquanto o utilizador permanece na cadeira de rodas ou na cama.<\/p>\n<p>A almofada imobilizadora \u00e9 indicada para pessoas com dores nas ancas, pernas, problemas posturais e em p\u00f3s-operat\u00f3rio, pois proporciona a imobiliza\u00e7\u00e3o que \u00e9 necess\u00e1ria.<\/p>\n<p><strong>Caracter\u00edsticas em destaque:<\/strong><\/p>\n<ul>\n<li><strong>Utiliza\u00e7\u00e3o na cama ou cadeira de rodas:<\/strong> gra\u00e7as \u00e0s suas dimens\u00f5es ajustadas, pode ser utilizada na cadeira de rodas ou na cama, segurando-se facilmente entre as pernas sem esfor\u00e7o f\u00edsico.<\/li>\n<li><strong>Anat\u00f3mica e ergon\u00f3mica:<\/strong> respeita a curvatura morfol\u00f3gica das coxas e a natural abertura de \u00e2ngulo dos membros inferiores. Oferece seguran\u00e7a ao utilizador durante a sua recupera\u00e7\u00e3o.<\/li>\n<li><strong>Materiais de qualidade:<\/strong> feita com espuma de viscoel\u00e1stico macia ao toque que proporciona conforto e bem estar.<\/li>\n<li><strong>Capa imperme\u00e1vel e remov\u00edvel<\/strong>: inclui capa protetora imperme\u00e1vel e al\u00e7a de ajuste r\u00e1pido que garantem a ader\u00eancia e a durabilidade da almofada. Fabricada em Polymaille \u00e9 f\u00e1cil de limpar e de desinfetar.<\/li>\n<\/ul>\n","protected":false},"excerpt":{"rendered":"<p>Bloco abdutor com forma anat\u00f3mica para separar e imobilizar as pernas.<\/p>\n","protected":false},"featured_media":16126,"template":"","meta":{"_acf_changed":false,"neve_meta_sidebar":"","neve_meta_container":"","neve_meta_enable_content_width":"","neve_meta_content_width":0,"neve_meta_title_alignment":"","neve_meta_author_avatar":"","neve_post_elements_order":"","neve_meta_disable_header":"","neve_meta_disable_footer":"","neve_meta_disable_title":""},"product_brand":[],"product_cat":[71],"product_tag":[364],"class_list":{"0":"post-4444","1":"product","2":"type-product","3":"status-publish","4":"has-post-thumbnail","6":"product_cat-material-anti-escaras-cama","7":"product_tag-abdutor-para-coxas","9":"first","10":"instock","11":"taxable","12":"shipping-taxable","13":"purchasable","14":"product-type-simple"},"acf":[],"yoast_head":"<!-- This site is optimized with the Yoast SEO plugin v27.3 - https:\/\/yoast.com\/product\/yoast-seo-wordpress\/ -->\n<title>Almofada Abdutora para Cama e Cadeira de Rodas<\/title>\n<meta name=\"description\" content=\"Almofada abdutora para cama e cadeira de rodas fabricada pela Systam. Desenhada para separar e imobilizar as pernas nas situa\u00e7\u00f5es em que for necess\u00e1rio.\" \/>\n<meta name=\"robots\" content=\"index, follow, max-snippet:-1, max-image-preview:large, max-video-preview:-1\" \/>\n<link rel=\"canonical\" href=\"https:\/\/www.maisquecuidar.com\/loja\/quarto-conforto-bem-estar\/material-anti-escaras-cama\/abdutor-para-coxas\" \/>\n<meta property=\"og:locale\" content=\"pt_PT\" \/>\n<meta property=\"og:type\" content=\"article\" \/>\n<meta property=\"og:title\" content=\"Almofada Abdutora para Cama e Cadeira de Rodas\" \/>\n<meta property=\"og:description\" content=\"Almofada abdutora para cama e cadeira de rodas fabricada pela Systam. Desenhada para separar e imobilizar as pernas nas situa\u00e7\u00f5es em que for necess\u00e1rio.\" \/>\n<meta property=\"og:url\" content=\"https:\/\/www.maisquecuidar.com\/loja\/quarto-conforto-bem-estar\/material-anti-escaras-cama\/abdutor-para-coxas\" \/>\n<meta property=\"og:site_name\" content=\"Mais que Cuidar\" \/>\n<meta property=\"article:publisher\" content=\"https:\/\/www.facebook.com\/maisquecuidar.pt\" \/>\n<meta property=\"article:modified_time\" content=\"2025-09-15T19:06:53+00:00\" \/>\n<meta property=\"og:image\" content=\"https:\/\/img.maisquecuidar.com\/loja\/wp-content\/uploads\/2016\/12\/bloco-abdutor-systam.png\" \/>\n\t<meta property=\"og:image:width\" content=\"1280\" \/>\n\t<meta property=\"og:image:height\" content=\"800\" \/>\n\t<meta property=\"og:image:type\" content=\"image\/png\" \/>\n<meta name=\"twitter:label1\" content=\"Tempo estimado de leitura\" \/>\n\t<meta name=\"twitter:data1\" content=\"2 minutos\" \/>\n<script type=\"application\/ld+json\" class=\"yoast-schema-graph\">{\"@context\":\"https:\\\/\\\/schema.org\",\"@graph\":[{\"@type\":\"WebPage\",\"@id\":\"https:\\\/\\\/www.maisquecuidar.com\\\/loja\\\/quarto-conforto-bem-estar\\\/material-anti-escaras-cama\\\/abdutor-para-coxas\",\"url\":\"https:\\\/\\\/www.maisquecuidar.com\\\/loja\\\/quarto-conforto-bem-estar\\\/material-anti-escaras-cama\\\/abdutor-para-coxas\",\"name\":\"Almofada Abdutora para Cama e Cadeira de Rodas\",\"isPartOf\":{\"@id\":\"https:\\\/\\\/www.maisquecuidar.com\\\/loja\\\/#website\"},\"primaryImageOfPage\":{\"@id\":\"https:\\\/\\\/www.maisquecuidar.com\\\/loja\\\/quarto-conforto-bem-estar\\\/material-anti-escaras-cama\\\/abdutor-para-coxas#primaryimage\"},\"image\":{\"@id\":\"https:\\\/\\\/www.maisquecuidar.com\\\/loja\\\/quarto-conforto-bem-estar\\\/material-anti-escaras-cama\\\/abdutor-para-coxas#primaryimage\"},\"thumbnailUrl\":\"https:\\\/\\\/img.maisquecuidar.com\\\/loja\\\/wp-content\\\/uploads\\\/2016\\\/12\\\/bloco-abdutor-systam.png\",\"datePublished\":\"2016-12-28T16:08:34+00:00\",\"dateModified\":\"2025-09-15T19:06:53+00:00\",\"description\":\"Almofada abdutora para cama e cadeira de rodas fabricada pela Systam. Desenhada para separar e imobilizar as pernas nas situa\u00e7\u00f5es em que for necess\u00e1rio.\",\"breadcrumb\":{\"@id\":\"https:\\\/\\\/www.maisquecuidar.com\\\/loja\\\/quarto-conforto-bem-estar\\\/material-anti-escaras-cama\\\/abdutor-para-coxas#breadcrumb\"},\"inLanguage\":\"pt-PT\",\"potentialAction\":[{\"@type\":\"ReadAction\",\"target\":[\"https:\\\/\\\/www.maisquecuidar.com\\\/loja\\\/quarto-conforto-bem-estar\\\/material-anti-escaras-cama\\\/abdutor-para-coxas\"]}]},{\"@type\":\"ImageObject\",\"inLanguage\":\"pt-PT\",\"@id\":\"https:\\\/\\\/www.maisquecuidar.com\\\/loja\\\/quarto-conforto-bem-estar\\\/material-anti-escaras-cama\\\/abdutor-para-coxas#primaryimage\",\"url\":\"https:\\\/\\\/img.maisquecuidar.com\\\/loja\\\/wp-content\\\/uploads\\\/2016\\\/12\\\/bloco-abdutor-systam.png\",\"contentUrl\":\"https:\\\/\\\/img.maisquecuidar.com\\\/loja\\\/wp-content\\\/uploads\\\/2016\\\/12\\\/bloco-abdutor-systam.png\",\"width\":1280,\"height\":800,\"caption\":\"Bloco abdutor das pernas em viscoel\u00e1stico\"},{\"@type\":\"BreadcrumbList\",\"@id\":\"https:\\\/\\\/www.maisquecuidar.com\\\/loja\\\/quarto-conforto-bem-estar\\\/material-anti-escaras-cama\\\/abdutor-para-coxas#breadcrumb\",\"itemListElement\":[{\"@type\":\"ListItem\",\"position\":1,\"name\":\"Home\",\"item\":\"https:\\\/\\\/www.maisquecuidar.com\\\/loja\\\/\"},{\"@type\":\"ListItem\",\"position\":2,\"name\":\"Loja Online de Ortopedia e Geriatria em Portugal\",\"item\":\"https:\\\/\\\/www.maisquecuidar.com\\\/loja\\\/loja\"},{\"@type\":\"ListItem\",\"position\":3,\"name\":\"Quarto, Conforto e Bem Estar\",\"item\":\"https:\\\/\\\/www.maisquecuidar.com\\\/loja\\\/quarto-conforto-bem-estar\"},{\"@type\":\"ListItem\",\"position\":4,\"name\":\"Material Anti-Escaras para Posicionamento na Cama\",\"item\":\"https:\\\/\\\/www.maisquecuidar.com\\\/loja\\\/quarto-conforto-bem-estar\\\/material-anti-escaras-cama\"},{\"@type\":\"ListItem\",\"position\":5,\"name\":\"Almofada Abdutora para Cama e Cadeira de Rodas\"}]},{\"@type\":\"WebSite\",\"@id\":\"https:\\\/\\\/www.maisquecuidar.com\\\/loja\\\/#website\",\"url\":\"https:\\\/\\\/www.maisquecuidar.com\\\/loja\\\/\",\"name\":\"Mais que Cuidar\",\"description\":\"Sa\u00fade, Ortopedia e Geriatria\",\"publisher\":{\"@id\":\"https:\\\/\\\/www.maisquecuidar.com\\\/loja\\\/#organization\"},\"potentialAction\":[{\"@type\":\"SearchAction\",\"target\":{\"@type\":\"EntryPoint\",\"urlTemplate\":\"https:\\\/\\\/www.maisquecuidar.com\\\/loja\\\/?s={search_term_string}\"},\"query-input\":{\"@type\":\"PropertyValueSpecification\",\"valueRequired\":true,\"valueName\":\"search_term_string\"}}],\"inLanguage\":\"pt-PT\"},{\"@type\":\"Organization\",\"@id\":\"https:\\\/\\\/www.maisquecuidar.com\\\/loja\\\/#organization\",\"name\":\"Mais Que Cuidar\",\"url\":\"https:\\\/\\\/www.maisquecuidar.com\\\/loja\\\/\",\"logo\":{\"@type\":\"ImageObject\",\"inLanguage\":\"pt-PT\",\"@id\":\"https:\\\/\\\/www.maisquecuidar.com\\\/loja\\\/#\\\/schema\\\/logo\\\/image\\\/\",\"url\":\"https:\\\/\\\/img.maisquecuidar.com\\\/loja\\\/wp-content\\\/uploads\\\/2019\\\/08\\\/logo-mais-que-cuidar-retina.png\",\"contentUrl\":\"https:\\\/\\\/img.maisquecuidar.com\\\/loja\\\/wp-content\\\/uploads\\\/2019\\\/08\\\/logo-mais-que-cuidar-retina.png\",\"width\":565,\"height\":75,\"caption\":\"Mais Que Cuidar\"},\"image\":{\"@id\":\"https:\\\/\\\/www.maisquecuidar.com\\\/loja\\\/#\\\/schema\\\/logo\\\/image\\\/\"},\"sameAs\":[\"https:\\\/\\\/www.facebook.com\\\/maisquecuidar.pt\",\"https:\\\/\\\/www.instagram.com\\\/maisquecuidar\"]}]}<\/script>\n<!-- \/ Yoast SEO plugin. -->","yoast_head_json":{"title":"Almofada Abdutora para Cama e Cadeira de Rodas","description":"Almofada abdutora para cama e cadeira de rodas fabricada pela Systam. Desenhada para separar e imobilizar as pernas nas situa\u00e7\u00f5es em que for necess\u00e1rio.","robots":{"index":"index","follow":"follow","max-snippet":"max-snippet:-1","max-image-preview":"max-image-preview:large","max-video-preview":"max-video-preview:-1"},"canonical":"https:\/\/www.maisquecuidar.com\/loja\/quarto-conforto-bem-estar\/material-anti-escaras-cama\/abdutor-para-coxas","og_locale":"pt_PT","og_type":"article","og_title":"Almofada Abdutora para Cama e Cadeira de Rodas","og_description":"Almofada abdutora para cama e cadeira de rodas fabricada pela Systam. Desenhada para separar e imobilizar as pernas nas situa\u00e7\u00f5es em que for necess\u00e1rio.","og_url":"https:\/\/www.maisquecuidar.com\/loja\/quarto-conforto-bem-estar\/material-anti-escaras-cama\/abdutor-para-coxas","og_site_name":"Mais que Cuidar","article_publisher":"https:\/\/www.facebook.com\/maisquecuidar.pt","article_modified_time":"2025-09-15T19:06:53+00:00","og_image":[{"width":1280,"height":800,"url":"https:\/\/img.maisquecuidar.com\/loja\/wp-content\/uploads\/2016\/12\/bloco-abdutor-systam.png","type":"image\/png"}],"twitter_misc":{"Tempo estimado de leitura":"2 minutos"},"schema":{"@context":"https:\/\/schema.org","@graph":[{"@type":"WebPage","@id":"https:\/\/www.maisquecuidar.com\/loja\/quarto-conforto-bem-estar\/material-anti-escaras-cama\/abdutor-para-coxas","url":"https:\/\/www.maisquecuidar.com\/loja\/quarto-conforto-bem-estar\/material-anti-escaras-cama\/abdutor-para-coxas","name":"Almofada Abdutora para Cama e Cadeira de Rodas","isPartOf":{"@id":"https:\/\/www.maisquecuidar.com\/loja\/#website"},"primaryImageOfPage":{"@id":"https:\/\/www.maisquecuidar.com\/loja\/quarto-conforto-bem-estar\/material-anti-escaras-cama\/abdutor-para-coxas#primaryimage"},"image":{"@id":"https:\/\/www.maisquecuidar.com\/loja\/quarto-conforto-bem-estar\/material-anti-escaras-cama\/abdutor-para-coxas#primaryimage"},"thumbnailUrl":"https:\/\/img.maisquecuidar.com\/loja\/wp-content\/uploads\/2016\/12\/bloco-abdutor-systam.png","datePublished":"2016-12-28T16:08:34+00:00","dateModified":"2025-09-15T19:06:53+00:00","description":"Almofada abdutora para cama e cadeira de rodas fabricada pela Systam. Desenhada para separar e imobilizar as pernas nas situa\u00e7\u00f5es em que for necess\u00e1rio.","breadcrumb":{"@id":"https:\/\/www.maisquecuidar.com\/loja\/quarto-conforto-bem-estar\/material-anti-escaras-cama\/abdutor-para-coxas#breadcrumb"},"inLanguage":"pt-PT","potentialAction":[{"@type":"ReadAction","target":["https:\/\/www.maisquecuidar.com\/loja\/quarto-conforto-bem-estar\/material-anti-escaras-cama\/abdutor-para-coxas"]}]},{"@type":"ImageObject","inLanguage":"pt-PT","@id":"https:\/\/www.maisquecuidar.com\/loja\/quarto-conforto-bem-estar\/material-anti-escaras-cama\/abdutor-para-coxas#primaryimage","url":"https:\/\/img.maisquecuidar.com\/loja\/wp-content\/uploads\/2016\/12\/bloco-abdutor-systam.png","contentUrl":"https:\/\/img.maisquecuidar.com\/loja\/wp-content\/uploads\/2016\/12\/bloco-abdutor-systam.png","width":1280,"height":800,"caption":"Bloco abdutor das pernas em viscoel\u00e1stico"},{"@type":"BreadcrumbList","@id":"https:\/\/www.maisquecuidar.com\/loja\/quarto-conforto-bem-estar\/material-anti-escaras-cama\/abdutor-para-coxas#breadcrumb","itemListElement":[{"@type":"ListItem","position":1,"name":"Home","item":"https:\/\/www.maisquecuidar.com\/loja\/"},{"@type":"ListItem","position":2,"name":"Loja Online de Ortopedia e Geriatria em Portugal","item":"https:\/\/www.maisquecuidar.com\/loja\/loja"},{"@type":"ListItem","position":3,"name":"Quarto, Conforto e Bem Estar","item":"https:\/\/www.maisquecuidar.com\/loja\/quarto-conforto-bem-estar"},{"@type":"ListItem","position":4,"name":"Material Anti-Escaras para Posicionamento na Cama","item":"https:\/\/www.maisquecuidar.com\/loja\/quarto-conforto-bem-estar\/material-anti-escaras-cama"},{"@type":"ListItem","position":5,"name":"Almofada Abdutora para Cama e Cadeira de Rodas"}]},{"@type":"WebSite","@id":"https:\/\/www.maisquecuidar.com\/loja\/#website","url":"https:\/\/www.maisquecuidar.com\/loja\/","name":"Mais que Cuidar","description":"Sa\u00fade, Ortopedia e Geriatria","publisher":{"@id":"https:\/\/www.maisquecuidar.com\/loja\/#organization"},"potentialAction":[{"@type":"SearchAction","target":{"@type":"EntryPoint","urlTemplate":"https:\/\/www.maisquecuidar.com\/loja\/?s={search_term_string}"},"query-input":{"@type":"PropertyValueSpecification","valueRequired":true,"valueName":"search_term_string"}}],"inLanguage":"pt-PT"},{"@type":"Organization","@id":"https:\/\/www.maisquecuidar.com\/loja\/#organization","name":"Mais Que Cuidar","url":"https:\/\/www.maisquecuidar.com\/loja\/","logo":{"@type":"ImageObject","inLanguage":"pt-PT","@id":"https:\/\/www.maisquecuidar.com\/loja\/#\/schema\/logo\/image\/","url":"https:\/\/img.maisquecuidar.com\/loja\/wp-content\/uploads\/2019\/08\/logo-mais-que-cuidar-retina.png","contentUrl":"https:\/\/img.maisquecuidar.com\/loja\/wp-content\/uploads\/2019\/08\/logo-mais-que-cuidar-retina.png","width":565,"height":75,"caption":"Mais Que Cuidar"},"image":{"@id":"https:\/\/www.maisquecuidar.com\/loja\/#\/schema\/logo\/image\/"},"sameAs":["https:\/\/www.facebook.com\/maisquecuidar.pt","https:\/\/www.instagram.com\/maisquecuidar"]}]}},"_links":{"self":[{"href":"https:\/\/www.maisquecuidar.com\/loja\/wp-json\/wp\/v2\/product\/4444","targetHints":{"allow":["GET"]}}],"collection":[{"href":"https:\/\/www.maisquecuidar.com\/loja\/wp-json\/wp\/v2\/product"}],"about":[{"href":"https:\/\/www.maisquecuidar.com\/loja\/wp-json\/wp\/v2\/types\/product"}],"wp:featuredmedia":[{"embeddable":true,"href":"https:\/\/www.maisquecuidar.com\/loja\/wp-json\/wp\/v2\/media\/16126"}],"wp:attachment":[{"href":"https:\/\/www.maisquecuidar.com\/loja\/wp-json\/wp\/v2\/media?parent=4444"}],"wp:term":[{"taxonomy":"product_brand","embeddable":true,"href":"https:\/\/www.maisquecuidar.com\/loja\/wp-json\/wp\/v2\/product_brand?post=4444"},{"taxonomy":"product_cat","embeddable":true,"href":"https:\/\/www.maisquecuidar.com\/loja\/wp-json\/wp\/v2\/product_cat?post=4444"},{"taxonomy":"product_tag","embeddable":true,"href":"https:\/\/www.maisquecuidar.com\/loja\/wp-json\/wp\/v2\/product_tag?post=4444"}],"curies":[{"name":"wp","href":"https:\/\/api.w.org\/{rel}","templated":true}]}}