{"id":4429,"date":"2016-12-27T16:50:02","date_gmt":"2016-12-27T16:50:02","guid":{"rendered":"https:\/\/www.maisquecuidar.com\/loja\/?post_type=product&#038;p=4429"},"modified":"2025-10-01T18:31:35","modified_gmt":"2025-10-01T17:31:35","slug":"almofada-antiescaras-para-orelha","status":"publish","type":"product","link":"https:\/\/www.maisquecuidar.com\/loja\/quarto-conforto-bem-estar\/material-anti-escaras-cama\/almofada-antiescaras-para-orelha","title":{"rendered":"Almofada de Orelha com Furo Ubio"},"content":{"rendered":"<p><strong>Almofada de orelha com furo Ubio<\/strong><\/p>\n<p>Fabricada pela marca Ubio esta almofada anti-escaras \u00e9 composta por fibras de bamb\u00fa biodegrad\u00e1veis que s\u00e3o muito ben\u00e9ficas para a circula\u00e7\u00e3o sangu\u00ednea. \u00c9 indicada para aliviar a press\u00e3o em algumas partes da orelha. <strong>Gra\u00e7as ao seu orif\u00edcio central, reduz a press\u00e3o na \u00e1rea do ouvido.<\/strong><\/p>\n<p>Na sua composi\u00e7\u00e3o tem 30% de bambu, 70% de poli\u00e9ster e preenchimento de fibra. Materiais de alta qualidade 100% hipoalerg\u00e9nicos. Agrad\u00e1vel ao toque.<\/p>\n<h3><strong>Caracter\u00edsticas em destaque:<\/strong><\/h3>\n<ul>\n<li><strong>Propriedades anti-escaras:<\/strong> recomendada para a Condrodermatite (doen\u00e7a das cartilagens) e para a preven\u00e7\u00e3o e tratamento de feridas ou \u00falceras na regi\u00e3o da orelha em pacientes acamados.<\/li>\n<li><strong>Materiais de alta qualidade:<\/strong> feita em tecido Bamb\u00fa biodegrad\u00e1vel, transpir\u00e1vel, antibacteriano e resistente.<\/li>\n<\/ul>\n<p>&nbsp;<\/p>\n<h3><strong>Recomenda\u00e7\u00f5es para a sua utiliza\u00e7\u00e3o:<\/strong><\/h3>\n<ul>\n<li>Pode lavar-se \u00e0 m\u00e3o ou \u00e0 m\u00e1quina, sem centrifuga\u00e7\u00e3o, com detergente neutro, no m\u00e1ximo a 30\u00baC.<\/li>\n<li>N\u00e3o passar a ferro.<\/li>\n<li>N\u00e3o usar lix\u00edvia.<\/li>\n<\/ul>\n<div class=\"innerShortcode\"><\/div>\n","protected":false},"excerpt":{"rendered":"<p>Almofada de orelha com furo para Condrodermatite da marca Ubio<\/p>\n<p>&nbsp;<\/p>\n","protected":false},"featured_media":16153,"template":"","meta":{"_acf_changed":false,"neve_meta_sidebar":"","neve_meta_container":"","neve_meta_enable_content_width":"","neve_meta_content_width":0,"neve_meta_title_alignment":"","neve_meta_author_avatar":"","neve_post_elements_order":"","neve_meta_disable_header":"","neve_meta_disable_footer":"","neve_meta_disable_title":""},"product_brand":[],"product_cat":[71],"product_tag":[361],"class_list":{"0":"post-4429","1":"product","2":"type-product","3":"status-publish","4":"has-post-thumbnail","6":"product_cat-material-anti-escaras-cama","7":"product_tag-almofada-anti-escaras-para-orelha","9":"first","10":"instock","11":"taxable","12":"shipping-taxable","13":"purchasable","14":"product-type-simple"},"acf":[],"yoast_head":"<!-- This site is optimized with the Yoast SEO plugin v27.4 - https:\/\/yoast.com\/product\/yoast-seo-wordpress\/ -->\n<title>Almofada de Orelha com Furo Ubio - Mais que Cuidar<\/title>\n<meta name=\"description\" content=\"Almofada de orelha anti-escaras com furo, composta por fibras de bamb\u00fa e recomendada para a preven\u00e7\u00e3o de escaras nas orelhas de pacientes acamados.\" \/>\n<meta name=\"robots\" content=\"index, follow, max-snippet:-1, max-image-preview:large, max-video-preview:-1\" \/>\n<link rel=\"canonical\" href=\"https:\/\/www.maisquecuidar.com\/loja\/quarto-conforto-bem-estar\/material-anti-escaras-cama\/almofada-antiescaras-para-orelha\" \/>\n<meta property=\"og:locale\" content=\"pt_PT\" \/>\n<meta property=\"og:type\" content=\"article\" \/>\n<meta property=\"og:title\" content=\"Almofada de Orelha com Furo Ubio - Mais que Cuidar\" \/>\n<meta property=\"og:description\" content=\"Almofada de orelha anti-escaras com furo, composta por fibras de bamb\u00fa e recomendada para a preven\u00e7\u00e3o de escaras nas orelhas de pacientes acamados.\" \/>\n<meta property=\"og:url\" content=\"https:\/\/www.maisquecuidar.com\/loja\/quarto-conforto-bem-estar\/material-anti-escaras-cama\/almofada-antiescaras-para-orelha\" \/>\n<meta property=\"og:site_name\" content=\"Mais que Cuidar\" \/>\n<meta property=\"article:publisher\" content=\"https:\/\/www.facebook.com\/maisquecuidar.pt\" \/>\n<meta property=\"article:modified_time\" content=\"2025-10-01T17:31:35+00:00\" \/>\n<meta property=\"og:image\" content=\"https:\/\/img.maisquecuidar.com\/loja\/wp-content\/uploads\/2016\/12\/almofada-orelha-com-furo.png\" \/>\n\t<meta property=\"og:image:width\" content=\"1280\" \/>\n\t<meta property=\"og:image:height\" content=\"800\" \/>\n\t<meta property=\"og:image:type\" content=\"image\/png\" \/>\n<meta name=\"twitter:label1\" content=\"Tempo estimado de leitura\" \/>\n\t<meta name=\"twitter:data1\" content=\"1 minuto\" \/>\n<script type=\"application\/ld+json\" class=\"yoast-schema-graph\">{\"@context\":\"https:\\\/\\\/schema.org\",\"@graph\":[{\"@type\":\"WebPage\",\"@id\":\"https:\\\/\\\/www.maisquecuidar.com\\\/loja\\\/quarto-conforto-bem-estar\\\/material-anti-escaras-cama\\\/almofada-antiescaras-para-orelha\",\"url\":\"https:\\\/\\\/www.maisquecuidar.com\\\/loja\\\/quarto-conforto-bem-estar\\\/material-anti-escaras-cama\\\/almofada-antiescaras-para-orelha\",\"name\":\"Almofada de Orelha com Furo Ubio - Mais que Cuidar\",\"isPartOf\":{\"@id\":\"https:\\\/\\\/www.maisquecuidar.com\\\/loja\\\/#website\"},\"primaryImageOfPage\":{\"@id\":\"https:\\\/\\\/www.maisquecuidar.com\\\/loja\\\/quarto-conforto-bem-estar\\\/material-anti-escaras-cama\\\/almofada-antiescaras-para-orelha#primaryimage\"},\"image\":{\"@id\":\"https:\\\/\\\/www.maisquecuidar.com\\\/loja\\\/quarto-conforto-bem-estar\\\/material-anti-escaras-cama\\\/almofada-antiescaras-para-orelha#primaryimage\"},\"thumbnailUrl\":\"https:\\\/\\\/img.maisquecuidar.com\\\/loja\\\/wp-content\\\/uploads\\\/2016\\\/12\\\/almofada-orelha-com-furo.png\",\"datePublished\":\"2016-12-27T16:50:02+00:00\",\"dateModified\":\"2025-10-01T17:31:35+00:00\",\"description\":\"Almofada de orelha anti-escaras com furo, composta por fibras de bamb\u00fa e recomendada para a preven\u00e7\u00e3o de escaras nas orelhas de pacientes acamados.\",\"breadcrumb\":{\"@id\":\"https:\\\/\\\/www.maisquecuidar.com\\\/loja\\\/quarto-conforto-bem-estar\\\/material-anti-escaras-cama\\\/almofada-antiescaras-para-orelha#breadcrumb\"},\"inLanguage\":\"pt-PT\",\"potentialAction\":[{\"@type\":\"ReadAction\",\"target\":[\"https:\\\/\\\/www.maisquecuidar.com\\\/loja\\\/quarto-conforto-bem-estar\\\/material-anti-escaras-cama\\\/almofada-antiescaras-para-orelha\"]}]},{\"@type\":\"ImageObject\",\"inLanguage\":\"pt-PT\",\"@id\":\"https:\\\/\\\/www.maisquecuidar.com\\\/loja\\\/quarto-conforto-bem-estar\\\/material-anti-escaras-cama\\\/almofada-antiescaras-para-orelha#primaryimage\",\"url\":\"https:\\\/\\\/img.maisquecuidar.com\\\/loja\\\/wp-content\\\/uploads\\\/2016\\\/12\\\/almofada-orelha-com-furo.png\",\"contentUrl\":\"https:\\\/\\\/img.maisquecuidar.com\\\/loja\\\/wp-content\\\/uploads\\\/2016\\\/12\\\/almofada-orelha-com-furo.png\",\"width\":1280,\"height\":800,\"caption\":\"Almofada de bambu anti-escaras com furo da Ubio\"},{\"@type\":\"BreadcrumbList\",\"@id\":\"https:\\\/\\\/www.maisquecuidar.com\\\/loja\\\/quarto-conforto-bem-estar\\\/material-anti-escaras-cama\\\/almofada-antiescaras-para-orelha#breadcrumb\",\"itemListElement\":[{\"@type\":\"ListItem\",\"position\":1,\"name\":\"Home\",\"item\":\"https:\\\/\\\/www.maisquecuidar.com\\\/loja\\\/\"},{\"@type\":\"ListItem\",\"position\":2,\"name\":\"Loja Online de Ortopedia e Geriatria em Portugal\",\"item\":\"https:\\\/\\\/www.maisquecuidar.com\\\/loja\\\/loja\"},{\"@type\":\"ListItem\",\"position\":3,\"name\":\"Quarto, Conforto e Bem Estar\",\"item\":\"https:\\\/\\\/www.maisquecuidar.com\\\/loja\\\/quarto-conforto-bem-estar\"},{\"@type\":\"ListItem\",\"position\":4,\"name\":\"Material Anti-Escaras para Posicionamento na Cama\",\"item\":\"https:\\\/\\\/www.maisquecuidar.com\\\/loja\\\/quarto-conforto-bem-estar\\\/material-anti-escaras-cama\"},{\"@type\":\"ListItem\",\"position\":5,\"name\":\"Almofada de Orelha com Furo Ubio\"}]},{\"@type\":\"WebSite\",\"@id\":\"https:\\\/\\\/www.maisquecuidar.com\\\/loja\\\/#website\",\"url\":\"https:\\\/\\\/www.maisquecuidar.com\\\/loja\\\/\",\"name\":\"Mais que Cuidar\",\"description\":\"Sa\u00fade, Ortopedia e Geriatria\",\"publisher\":{\"@id\":\"https:\\\/\\\/www.maisquecuidar.com\\\/loja\\\/#organization\"},\"potentialAction\":[{\"@type\":\"SearchAction\",\"target\":{\"@type\":\"EntryPoint\",\"urlTemplate\":\"https:\\\/\\\/www.maisquecuidar.com\\\/loja\\\/?s={search_term_string}\"},\"query-input\":{\"@type\":\"PropertyValueSpecification\",\"valueRequired\":true,\"valueName\":\"search_term_string\"}}],\"inLanguage\":\"pt-PT\"},{\"@type\":\"Organization\",\"@id\":\"https:\\\/\\\/www.maisquecuidar.com\\\/loja\\\/#organization\",\"name\":\"Mais Que Cuidar\",\"url\":\"https:\\\/\\\/www.maisquecuidar.com\\\/loja\\\/\",\"logo\":{\"@type\":\"ImageObject\",\"inLanguage\":\"pt-PT\",\"@id\":\"https:\\\/\\\/www.maisquecuidar.com\\\/loja\\\/#\\\/schema\\\/logo\\\/image\\\/\",\"url\":\"https:\\\/\\\/img.maisquecuidar.com\\\/loja\\\/wp-content\\\/uploads\\\/2019\\\/08\\\/logo-mais-que-cuidar-retina.png\",\"contentUrl\":\"https:\\\/\\\/img.maisquecuidar.com\\\/loja\\\/wp-content\\\/uploads\\\/2019\\\/08\\\/logo-mais-que-cuidar-retina.png\",\"width\":565,\"height\":75,\"caption\":\"Mais Que Cuidar\"},\"image\":{\"@id\":\"https:\\\/\\\/www.maisquecuidar.com\\\/loja\\\/#\\\/schema\\\/logo\\\/image\\\/\"},\"sameAs\":[\"https:\\\/\\\/www.facebook.com\\\/maisquecuidar.pt\",\"https:\\\/\\\/www.instagram.com\\\/maisquecuidar\"]}]}<\/script>\n<!-- \/ Yoast SEO plugin. -->","yoast_head_json":{"title":"Almofada de Orelha com Furo Ubio - Mais que Cuidar","description":"Almofada de orelha anti-escaras com furo, composta por fibras de bamb\u00fa e recomendada para a preven\u00e7\u00e3o de escaras nas orelhas de pacientes acamados.","robots":{"index":"index","follow":"follow","max-snippet":"max-snippet:-1","max-image-preview":"max-image-preview:large","max-video-preview":"max-video-preview:-1"},"canonical":"https:\/\/www.maisquecuidar.com\/loja\/quarto-conforto-bem-estar\/material-anti-escaras-cama\/almofada-antiescaras-para-orelha","og_locale":"pt_PT","og_type":"article","og_title":"Almofada de Orelha com Furo Ubio - Mais que Cuidar","og_description":"Almofada de orelha anti-escaras com furo, composta por fibras de bamb\u00fa e recomendada para a preven\u00e7\u00e3o de escaras nas orelhas de pacientes acamados.","og_url":"https:\/\/www.maisquecuidar.com\/loja\/quarto-conforto-bem-estar\/material-anti-escaras-cama\/almofada-antiescaras-para-orelha","og_site_name":"Mais que Cuidar","article_publisher":"https:\/\/www.facebook.com\/maisquecuidar.pt","article_modified_time":"2025-10-01T17:31:35+00:00","og_image":[{"width":1280,"height":800,"url":"https:\/\/img.maisquecuidar.com\/loja\/wp-content\/uploads\/2016\/12\/almofada-orelha-com-furo.png","type":"image\/png"}],"twitter_misc":{"Tempo estimado de leitura":"1 minuto"},"schema":{"@context":"https:\/\/schema.org","@graph":[{"@type":"WebPage","@id":"https:\/\/www.maisquecuidar.com\/loja\/quarto-conforto-bem-estar\/material-anti-escaras-cama\/almofada-antiescaras-para-orelha","url":"https:\/\/www.maisquecuidar.com\/loja\/quarto-conforto-bem-estar\/material-anti-escaras-cama\/almofada-antiescaras-para-orelha","name":"Almofada de Orelha com Furo Ubio - Mais que Cuidar","isPartOf":{"@id":"https:\/\/www.maisquecuidar.com\/loja\/#website"},"primaryImageOfPage":{"@id":"https:\/\/www.maisquecuidar.com\/loja\/quarto-conforto-bem-estar\/material-anti-escaras-cama\/almofada-antiescaras-para-orelha#primaryimage"},"image":{"@id":"https:\/\/www.maisquecuidar.com\/loja\/quarto-conforto-bem-estar\/material-anti-escaras-cama\/almofada-antiescaras-para-orelha#primaryimage"},"thumbnailUrl":"https:\/\/img.maisquecuidar.com\/loja\/wp-content\/uploads\/2016\/12\/almofada-orelha-com-furo.png","datePublished":"2016-12-27T16:50:02+00:00","dateModified":"2025-10-01T17:31:35+00:00","description":"Almofada de orelha anti-escaras com furo, composta por fibras de bamb\u00fa e recomendada para a preven\u00e7\u00e3o de escaras nas orelhas de pacientes acamados.","breadcrumb":{"@id":"https:\/\/www.maisquecuidar.com\/loja\/quarto-conforto-bem-estar\/material-anti-escaras-cama\/almofada-antiescaras-para-orelha#breadcrumb"},"inLanguage":"pt-PT","potentialAction":[{"@type":"ReadAction","target":["https:\/\/www.maisquecuidar.com\/loja\/quarto-conforto-bem-estar\/material-anti-escaras-cama\/almofada-antiescaras-para-orelha"]}]},{"@type":"ImageObject","inLanguage":"pt-PT","@id":"https:\/\/www.maisquecuidar.com\/loja\/quarto-conforto-bem-estar\/material-anti-escaras-cama\/almofada-antiescaras-para-orelha#primaryimage","url":"https:\/\/img.maisquecuidar.com\/loja\/wp-content\/uploads\/2016\/12\/almofada-orelha-com-furo.png","contentUrl":"https:\/\/img.maisquecuidar.com\/loja\/wp-content\/uploads\/2016\/12\/almofada-orelha-com-furo.png","width":1280,"height":800,"caption":"Almofada de bambu anti-escaras com furo da Ubio"},{"@type":"BreadcrumbList","@id":"https:\/\/www.maisquecuidar.com\/loja\/quarto-conforto-bem-estar\/material-anti-escaras-cama\/almofada-antiescaras-para-orelha#breadcrumb","itemListElement":[{"@type":"ListItem","position":1,"name":"Home","item":"https:\/\/www.maisquecuidar.com\/loja\/"},{"@type":"ListItem","position":2,"name":"Loja Online de Ortopedia e Geriatria em Portugal","item":"https:\/\/www.maisquecuidar.com\/loja\/loja"},{"@type":"ListItem","position":3,"name":"Quarto, Conforto e Bem Estar","item":"https:\/\/www.maisquecuidar.com\/loja\/quarto-conforto-bem-estar"},{"@type":"ListItem","position":4,"name":"Material Anti-Escaras para Posicionamento na Cama","item":"https:\/\/www.maisquecuidar.com\/loja\/quarto-conforto-bem-estar\/material-anti-escaras-cama"},{"@type":"ListItem","position":5,"name":"Almofada de Orelha com Furo Ubio"}]},{"@type":"WebSite","@id":"https:\/\/www.maisquecuidar.com\/loja\/#website","url":"https:\/\/www.maisquecuidar.com\/loja\/","name":"Mais que Cuidar","description":"Sa\u00fade, Ortopedia e Geriatria","publisher":{"@id":"https:\/\/www.maisquecuidar.com\/loja\/#organization"},"potentialAction":[{"@type":"SearchAction","target":{"@type":"EntryPoint","urlTemplate":"https:\/\/www.maisquecuidar.com\/loja\/?s={search_term_string}"},"query-input":{"@type":"PropertyValueSpecification","valueRequired":true,"valueName":"search_term_string"}}],"inLanguage":"pt-PT"},{"@type":"Organization","@id":"https:\/\/www.maisquecuidar.com\/loja\/#organization","name":"Mais Que Cuidar","url":"https:\/\/www.maisquecuidar.com\/loja\/","logo":{"@type":"ImageObject","inLanguage":"pt-PT","@id":"https:\/\/www.maisquecuidar.com\/loja\/#\/schema\/logo\/image\/","url":"https:\/\/img.maisquecuidar.com\/loja\/wp-content\/uploads\/2019\/08\/logo-mais-que-cuidar-retina.png","contentUrl":"https:\/\/img.maisquecuidar.com\/loja\/wp-content\/uploads\/2019\/08\/logo-mais-que-cuidar-retina.png","width":565,"height":75,"caption":"Mais Que Cuidar"},"image":{"@id":"https:\/\/www.maisquecuidar.com\/loja\/#\/schema\/logo\/image\/"},"sameAs":["https:\/\/www.facebook.com\/maisquecuidar.pt","https:\/\/www.instagram.com\/maisquecuidar"]}]}},"_links":{"self":[{"href":"https:\/\/www.maisquecuidar.com\/loja\/wp-json\/wp\/v2\/product\/4429","targetHints":{"allow":["GET"]}}],"collection":[{"href":"https:\/\/www.maisquecuidar.com\/loja\/wp-json\/wp\/v2\/product"}],"about":[{"href":"https:\/\/www.maisquecuidar.com\/loja\/wp-json\/wp\/v2\/types\/product"}],"wp:featuredmedia":[{"embeddable":true,"href":"https:\/\/www.maisquecuidar.com\/loja\/wp-json\/wp\/v2\/media\/16153"}],"wp:attachment":[{"href":"https:\/\/www.maisquecuidar.com\/loja\/wp-json\/wp\/v2\/media?parent=4429"}],"wp:term":[{"taxonomy":"product_brand","embeddable":true,"href":"https:\/\/www.maisquecuidar.com\/loja\/wp-json\/wp\/v2\/product_brand?post=4429"},{"taxonomy":"product_cat","embeddable":true,"href":"https:\/\/www.maisquecuidar.com\/loja\/wp-json\/wp\/v2\/product_cat?post=4429"},{"taxonomy":"product_tag","embeddable":true,"href":"https:\/\/www.maisquecuidar.com\/loja\/wp-json\/wp\/v2\/product_tag?post=4429"}],"curies":[{"name":"wp","href":"https:\/\/api.w.org\/{rel}","templated":true}]}}