{"id":4031,"date":"2016-12-15T16:34:04","date_gmt":"2016-12-15T16:34:04","guid":{"rendered":"https:\/\/www.maisquecuidar.com\/loja\/?post_type=product&#038;p=4031"},"modified":"2025-10-01T18:30:48","modified_gmt":"2025-10-01T17:30:48","slug":"escadinha-para-cama","status":"publish","type":"product","link":"https:\/\/www.maisquecuidar.com\/loja\/quarto-conforto-bem-estar\/acessorios-uteis-quarto\/escadinha-para-cama","title":{"rendered":"Escada de Apoio para Cama"},"content":{"rendered":"<p><strong>Escada de apoio para cama<\/strong><\/p>\n<p>Fabricada pela marca Ayudas Din\u00e2micas, permite que o utilizador se sente na cama sem auxilio. \u00c9 constitu\u00edda por quatro degraus ligados a uma corda de nylon, que fica ligada ao peseiro da cama do paciente.<\/p>\n<p>Torna mais f\u00e1cil para pessoas idosas e com limita\u00e7\u00f5es f\u00edsicas passar da posi\u00e7\u00e3o deitada para a posi\u00e7\u00e3o sentada e vice versa. O utilizador segurando os degraus com as m\u00e3os, pode se sentar sozinho. Ao mudar de posi\u00e7\u00e3o de forma aut\u00f3noma, o utilizador tende a ficar mais motivado para trabalhar na recupera\u00e7\u00e3o das suas habilidades f\u00edsicas e assim, aumentar a for\u00e7a muscular das m\u00e3os e dos bra\u00e7os.<\/p>\n<p><strong>Caracter\u00edsticas em destaque:<\/strong><\/p>\n<ul>\n<li>Produto de apoio para sentar e deitar na cama.<\/li>\n<li>Muito f\u00e1cil de montar.<\/li>\n<li>Ideal para utiliza\u00e7\u00e3o em camas com peseira para facilitar a sua fixa\u00e7\u00e3o. Habitualmente \u00e9 utilizada em camas articuladas hospitalares.<\/li>\n<\/ul>\n<p>&nbsp;<\/p>\n<p><strong>Indica\u00e7\u00f5es:<\/strong><\/p>\n<ul>\n<li>Ajuda o paciente a ser aut\u00f3nomo no momento de se sentar da cama.<\/li>\n<li>Pacientes geri\u00e1tricos, parapl\u00e9gicos ou ap\u00f3s cirurgia tor\u00e1cica.<\/li>\n<li>Preven\u00e7\u00e3o de feridas e \u00falceras de press\u00e3o.<\/li>\n<li>Na cinesioterapia com o objetivo de aumentar o fortalecimento da musculatura dos membros superiores e abd\u00f3men.<\/li>\n<\/ul>\n","protected":false},"excerpt":{"rendered":"<p>Ajuda para sentar na cama.<\/p>\n<p>&nbsp;<\/p>\n","protected":false},"featured_media":16094,"template":"","meta":{"_acf_changed":false,"neve_meta_sidebar":"","neve_meta_container":"","neve_meta_enable_content_width":"","neve_meta_content_width":0,"neve_meta_title_alignment":"","neve_meta_author_avatar":"","neve_post_elements_order":"","neve_meta_disable_header":"","neve_meta_disable_footer":"","neve_meta_disable_title":""},"product_brand":[],"product_cat":[70],"product_tag":[354],"class_list":{"0":"post-4031","1":"product","2":"type-product","3":"status-publish","4":"has-post-thumbnail","6":"product_cat-acessorios-uteis-quarto","7":"product_tag-escadinha-para-cama","9":"first","10":"onbackorder","11":"taxable","12":"shipping-taxable","13":"purchasable","14":"product-type-simple"},"acf":[],"yoast_head":"<!-- This site is optimized with the Yoast SEO plugin v27.5 - https:\/\/yoast.com\/product\/yoast-seo-wordpress\/ -->\n<title>Escada de Apoio para Cama - Mais que Cuidar<\/title>\n<meta name=\"description\" content=\"Escada de apoio para ajudar o utilizador a sentar-se na cama de forma aut\u00f3noma. F\u00e1cil de utilizar e adaptar em camas articuladas hospitalares.\" \/>\n<meta name=\"robots\" content=\"index, follow, max-snippet:-1, max-image-preview:large, max-video-preview:-1\" \/>\n<link rel=\"canonical\" href=\"https:\/\/www.maisquecuidar.com\/loja\/quarto-conforto-bem-estar\/acessorios-uteis-quarto\/escadinha-para-cama\" \/>\n<meta property=\"og:locale\" content=\"pt_PT\" \/>\n<meta property=\"og:type\" content=\"article\" \/>\n<meta property=\"og:title\" content=\"Escada de Apoio para Cama - Mais que Cuidar\" \/>\n<meta property=\"og:description\" content=\"Escada de apoio para ajudar o utilizador a sentar-se na cama de forma aut\u00f3noma. F\u00e1cil de utilizar e adaptar em camas articuladas hospitalares.\" \/>\n<meta property=\"og:url\" content=\"https:\/\/www.maisquecuidar.com\/loja\/quarto-conforto-bem-estar\/acessorios-uteis-quarto\/escadinha-para-cama\" \/>\n<meta property=\"og:site_name\" content=\"Mais que Cuidar\" \/>\n<meta property=\"article:publisher\" content=\"https:\/\/www.facebook.com\/maisquecuidar.pt\" \/>\n<meta property=\"article:modified_time\" content=\"2025-10-01T17:30:48+00:00\" \/>\n<meta property=\"og:image\" content=\"https:\/\/img.maisquecuidar.com\/loja\/wp-content\/uploads\/2016\/12\/escada-de-apoio.png\" \/>\n\t<meta property=\"og:image:width\" content=\"1280\" \/>\n\t<meta property=\"og:image:height\" content=\"800\" \/>\n\t<meta property=\"og:image:type\" content=\"image\/png\" \/>\n<meta name=\"twitter:label1\" content=\"Tempo estimado de leitura\" \/>\n\t<meta name=\"twitter:data1\" content=\"2 minutos\" \/>\n<script type=\"application\/ld+json\" class=\"yoast-schema-graph\">{\"@context\":\"https:\\\/\\\/schema.org\",\"@graph\":[{\"@type\":\"WebPage\",\"@id\":\"https:\\\/\\\/www.maisquecuidar.com\\\/loja\\\/quarto-conforto-bem-estar\\\/acessorios-uteis-quarto\\\/escadinha-para-cama\",\"url\":\"https:\\\/\\\/www.maisquecuidar.com\\\/loja\\\/quarto-conforto-bem-estar\\\/acessorios-uteis-quarto\\\/escadinha-para-cama\",\"name\":\"Escada de Apoio para Cama - Mais que Cuidar\",\"isPartOf\":{\"@id\":\"https:\\\/\\\/www.maisquecuidar.com\\\/loja\\\/#website\"},\"primaryImageOfPage\":{\"@id\":\"https:\\\/\\\/www.maisquecuidar.com\\\/loja\\\/quarto-conforto-bem-estar\\\/acessorios-uteis-quarto\\\/escadinha-para-cama#primaryimage\"},\"image\":{\"@id\":\"https:\\\/\\\/www.maisquecuidar.com\\\/loja\\\/quarto-conforto-bem-estar\\\/acessorios-uteis-quarto\\\/escadinha-para-cama#primaryimage\"},\"thumbnailUrl\":\"https:\\\/\\\/img.maisquecuidar.com\\\/loja\\\/wp-content\\\/uploads\\\/2016\\\/12\\\/escada-de-apoio.png\",\"datePublished\":\"2016-12-15T16:34:04+00:00\",\"dateModified\":\"2025-10-01T17:30:48+00:00\",\"description\":\"Escada de apoio para ajudar o utilizador a sentar-se na cama de forma aut\u00f3noma. F\u00e1cil de utilizar e adaptar em camas articuladas hospitalares.\",\"breadcrumb\":{\"@id\":\"https:\\\/\\\/www.maisquecuidar.com\\\/loja\\\/quarto-conforto-bem-estar\\\/acessorios-uteis-quarto\\\/escadinha-para-cama#breadcrumb\"},\"inLanguage\":\"pt-PT\",\"potentialAction\":[{\"@type\":\"ReadAction\",\"target\":[\"https:\\\/\\\/www.maisquecuidar.com\\\/loja\\\/quarto-conforto-bem-estar\\\/acessorios-uteis-quarto\\\/escadinha-para-cama\"]}]},{\"@type\":\"ImageObject\",\"inLanguage\":\"pt-PT\",\"@id\":\"https:\\\/\\\/www.maisquecuidar.com\\\/loja\\\/quarto-conforto-bem-estar\\\/acessorios-uteis-quarto\\\/escadinha-para-cama#primaryimage\",\"url\":\"https:\\\/\\\/img.maisquecuidar.com\\\/loja\\\/wp-content\\\/uploads\\\/2016\\\/12\\\/escada-de-apoio.png\",\"contentUrl\":\"https:\\\/\\\/img.maisquecuidar.com\\\/loja\\\/wp-content\\\/uploads\\\/2016\\\/12\\\/escada-de-apoio.png\",\"width\":1280,\"height\":800,\"caption\":\"Escada de apoio para cama\"},{\"@type\":\"BreadcrumbList\",\"@id\":\"https:\\\/\\\/www.maisquecuidar.com\\\/loja\\\/quarto-conforto-bem-estar\\\/acessorios-uteis-quarto\\\/escadinha-para-cama#breadcrumb\",\"itemListElement\":[{\"@type\":\"ListItem\",\"position\":1,\"name\":\"Home\",\"item\":\"https:\\\/\\\/www.maisquecuidar.com\\\/loja\\\/\"},{\"@type\":\"ListItem\",\"position\":2,\"name\":\"Loja Online de Ortopedia e Geriatria em Portugal\",\"item\":\"https:\\\/\\\/www.maisquecuidar.com\\\/loja\\\/loja\"},{\"@type\":\"ListItem\",\"position\":3,\"name\":\"Quarto, Conforto e Bem Estar\",\"item\":\"https:\\\/\\\/www.maisquecuidar.com\\\/loja\\\/quarto-conforto-bem-estar\"},{\"@type\":\"ListItem\",\"position\":4,\"name\":\"Acess\u00f3rios para Camas Hospitalares\",\"item\":\"https:\\\/\\\/www.maisquecuidar.com\\\/loja\\\/quarto-conforto-bem-estar\\\/acessorios-uteis-quarto\"},{\"@type\":\"ListItem\",\"position\":5,\"name\":\"Escada de Apoio para Cama\"}]},{\"@type\":\"WebSite\",\"@id\":\"https:\\\/\\\/www.maisquecuidar.com\\\/loja\\\/#website\",\"url\":\"https:\\\/\\\/www.maisquecuidar.com\\\/loja\\\/\",\"name\":\"Mais que Cuidar\",\"description\":\"Sa\u00fade, Ortopedia e Geriatria\",\"publisher\":{\"@id\":\"https:\\\/\\\/www.maisquecuidar.com\\\/loja\\\/#organization\"},\"potentialAction\":[{\"@type\":\"SearchAction\",\"target\":{\"@type\":\"EntryPoint\",\"urlTemplate\":\"https:\\\/\\\/www.maisquecuidar.com\\\/loja\\\/?s={search_term_string}\"},\"query-input\":{\"@type\":\"PropertyValueSpecification\",\"valueRequired\":true,\"valueName\":\"search_term_string\"}}],\"inLanguage\":\"pt-PT\"},{\"@type\":\"Organization\",\"@id\":\"https:\\\/\\\/www.maisquecuidar.com\\\/loja\\\/#organization\",\"name\":\"Mais Que Cuidar\",\"url\":\"https:\\\/\\\/www.maisquecuidar.com\\\/loja\\\/\",\"logo\":{\"@type\":\"ImageObject\",\"inLanguage\":\"pt-PT\",\"@id\":\"https:\\\/\\\/www.maisquecuidar.com\\\/loja\\\/#\\\/schema\\\/logo\\\/image\\\/\",\"url\":\"https:\\\/\\\/img.maisquecuidar.com\\\/loja\\\/wp-content\\\/uploads\\\/2019\\\/08\\\/logo-mais-que-cuidar-retina.png\",\"contentUrl\":\"https:\\\/\\\/img.maisquecuidar.com\\\/loja\\\/wp-content\\\/uploads\\\/2019\\\/08\\\/logo-mais-que-cuidar-retina.png\",\"width\":565,\"height\":75,\"caption\":\"Mais Que Cuidar\"},\"image\":{\"@id\":\"https:\\\/\\\/www.maisquecuidar.com\\\/loja\\\/#\\\/schema\\\/logo\\\/image\\\/\"},\"sameAs\":[\"https:\\\/\\\/www.facebook.com\\\/maisquecuidar.pt\",\"https:\\\/\\\/www.instagram.com\\\/maisquecuidar\"]}]}<\/script>\n<!-- \/ Yoast SEO plugin. -->","yoast_head_json":{"title":"Escada de Apoio para Cama - Mais que Cuidar","description":"Escada de apoio para ajudar o utilizador a sentar-se na cama de forma aut\u00f3noma. F\u00e1cil de utilizar e adaptar em camas articuladas hospitalares.","robots":{"index":"index","follow":"follow","max-snippet":"max-snippet:-1","max-image-preview":"max-image-preview:large","max-video-preview":"max-video-preview:-1"},"canonical":"https:\/\/www.maisquecuidar.com\/loja\/quarto-conforto-bem-estar\/acessorios-uteis-quarto\/escadinha-para-cama","og_locale":"pt_PT","og_type":"article","og_title":"Escada de Apoio para Cama - Mais que Cuidar","og_description":"Escada de apoio para ajudar o utilizador a sentar-se na cama de forma aut\u00f3noma. F\u00e1cil de utilizar e adaptar em camas articuladas hospitalares.","og_url":"https:\/\/www.maisquecuidar.com\/loja\/quarto-conforto-bem-estar\/acessorios-uteis-quarto\/escadinha-para-cama","og_site_name":"Mais que Cuidar","article_publisher":"https:\/\/www.facebook.com\/maisquecuidar.pt","article_modified_time":"2025-10-01T17:30:48+00:00","og_image":[{"width":1280,"height":800,"url":"https:\/\/img.maisquecuidar.com\/loja\/wp-content\/uploads\/2016\/12\/escada-de-apoio.png","type":"image\/png"}],"twitter_misc":{"Tempo estimado de leitura":"2 minutos"},"schema":{"@context":"https:\/\/schema.org","@graph":[{"@type":"WebPage","@id":"https:\/\/www.maisquecuidar.com\/loja\/quarto-conforto-bem-estar\/acessorios-uteis-quarto\/escadinha-para-cama","url":"https:\/\/www.maisquecuidar.com\/loja\/quarto-conforto-bem-estar\/acessorios-uteis-quarto\/escadinha-para-cama","name":"Escada de Apoio para Cama - Mais que Cuidar","isPartOf":{"@id":"https:\/\/www.maisquecuidar.com\/loja\/#website"},"primaryImageOfPage":{"@id":"https:\/\/www.maisquecuidar.com\/loja\/quarto-conforto-bem-estar\/acessorios-uteis-quarto\/escadinha-para-cama#primaryimage"},"image":{"@id":"https:\/\/www.maisquecuidar.com\/loja\/quarto-conforto-bem-estar\/acessorios-uteis-quarto\/escadinha-para-cama#primaryimage"},"thumbnailUrl":"https:\/\/img.maisquecuidar.com\/loja\/wp-content\/uploads\/2016\/12\/escada-de-apoio.png","datePublished":"2016-12-15T16:34:04+00:00","dateModified":"2025-10-01T17:30:48+00:00","description":"Escada de apoio para ajudar o utilizador a sentar-se na cama de forma aut\u00f3noma. F\u00e1cil de utilizar e adaptar em camas articuladas hospitalares.","breadcrumb":{"@id":"https:\/\/www.maisquecuidar.com\/loja\/quarto-conforto-bem-estar\/acessorios-uteis-quarto\/escadinha-para-cama#breadcrumb"},"inLanguage":"pt-PT","potentialAction":[{"@type":"ReadAction","target":["https:\/\/www.maisquecuidar.com\/loja\/quarto-conforto-bem-estar\/acessorios-uteis-quarto\/escadinha-para-cama"]}]},{"@type":"ImageObject","inLanguage":"pt-PT","@id":"https:\/\/www.maisquecuidar.com\/loja\/quarto-conforto-bem-estar\/acessorios-uteis-quarto\/escadinha-para-cama#primaryimage","url":"https:\/\/img.maisquecuidar.com\/loja\/wp-content\/uploads\/2016\/12\/escada-de-apoio.png","contentUrl":"https:\/\/img.maisquecuidar.com\/loja\/wp-content\/uploads\/2016\/12\/escada-de-apoio.png","width":1280,"height":800,"caption":"Escada de apoio para cama"},{"@type":"BreadcrumbList","@id":"https:\/\/www.maisquecuidar.com\/loja\/quarto-conforto-bem-estar\/acessorios-uteis-quarto\/escadinha-para-cama#breadcrumb","itemListElement":[{"@type":"ListItem","position":1,"name":"Home","item":"https:\/\/www.maisquecuidar.com\/loja\/"},{"@type":"ListItem","position":2,"name":"Loja Online de Ortopedia e Geriatria em Portugal","item":"https:\/\/www.maisquecuidar.com\/loja\/loja"},{"@type":"ListItem","position":3,"name":"Quarto, Conforto e Bem Estar","item":"https:\/\/www.maisquecuidar.com\/loja\/quarto-conforto-bem-estar"},{"@type":"ListItem","position":4,"name":"Acess\u00f3rios para Camas Hospitalares","item":"https:\/\/www.maisquecuidar.com\/loja\/quarto-conforto-bem-estar\/acessorios-uteis-quarto"},{"@type":"ListItem","position":5,"name":"Escada de Apoio para Cama"}]},{"@type":"WebSite","@id":"https:\/\/www.maisquecuidar.com\/loja\/#website","url":"https:\/\/www.maisquecuidar.com\/loja\/","name":"Mais que Cuidar","description":"Sa\u00fade, Ortopedia e Geriatria","publisher":{"@id":"https:\/\/www.maisquecuidar.com\/loja\/#organization"},"potentialAction":[{"@type":"SearchAction","target":{"@type":"EntryPoint","urlTemplate":"https:\/\/www.maisquecuidar.com\/loja\/?s={search_term_string}"},"query-input":{"@type":"PropertyValueSpecification","valueRequired":true,"valueName":"search_term_string"}}],"inLanguage":"pt-PT"},{"@type":"Organization","@id":"https:\/\/www.maisquecuidar.com\/loja\/#organization","name":"Mais Que Cuidar","url":"https:\/\/www.maisquecuidar.com\/loja\/","logo":{"@type":"ImageObject","inLanguage":"pt-PT","@id":"https:\/\/www.maisquecuidar.com\/loja\/#\/schema\/logo\/image\/","url":"https:\/\/img.maisquecuidar.com\/loja\/wp-content\/uploads\/2019\/08\/logo-mais-que-cuidar-retina.png","contentUrl":"https:\/\/img.maisquecuidar.com\/loja\/wp-content\/uploads\/2019\/08\/logo-mais-que-cuidar-retina.png","width":565,"height":75,"caption":"Mais Que Cuidar"},"image":{"@id":"https:\/\/www.maisquecuidar.com\/loja\/#\/schema\/logo\/image\/"},"sameAs":["https:\/\/www.facebook.com\/maisquecuidar.pt","https:\/\/www.instagram.com\/maisquecuidar"]}]}},"_links":{"self":[{"href":"https:\/\/www.maisquecuidar.com\/loja\/wp-json\/wp\/v2\/product\/4031","targetHints":{"allow":["GET"]}}],"collection":[{"href":"https:\/\/www.maisquecuidar.com\/loja\/wp-json\/wp\/v2\/product"}],"about":[{"href":"https:\/\/www.maisquecuidar.com\/loja\/wp-json\/wp\/v2\/types\/product"}],"wp:featuredmedia":[{"embeddable":true,"href":"https:\/\/www.maisquecuidar.com\/loja\/wp-json\/wp\/v2\/media\/16094"}],"wp:attachment":[{"href":"https:\/\/www.maisquecuidar.com\/loja\/wp-json\/wp\/v2\/media?parent=4031"}],"wp:term":[{"taxonomy":"product_brand","embeddable":true,"href":"https:\/\/www.maisquecuidar.com\/loja\/wp-json\/wp\/v2\/product_brand?post=4031"},{"taxonomy":"product_cat","embeddable":true,"href":"https:\/\/www.maisquecuidar.com\/loja\/wp-json\/wp\/v2\/product_cat?post=4031"},{"taxonomy":"product_tag","embeddable":true,"href":"https:\/\/www.maisquecuidar.com\/loja\/wp-json\/wp\/v2\/product_tag?post=4031"}],"curies":[{"name":"wp","href":"https:\/\/api.w.org\/{rel}","templated":true}]}}