{"id":3998,"date":"2016-12-13T22:40:48","date_gmt":"2016-12-13T22:40:48","guid":{"rendered":"https:\/\/www.maisquecuidar.com\/loja\/?post_type=product&#038;p=3998"},"modified":"2022-10-06T16:08:16","modified_gmt":"2022-10-06T15:08:16","slug":"poltrona-eletrica-porto","status":"publish","type":"product","link":"https:\/\/www.maisquecuidar.com\/loja\/cadeiroes-e-poltronas-de-descanso\/poltrona-eletrica-porto","title":{"rendered":"Poltrona El\u00e9trica de Eleva\u00e7\u00e3o Porto NG 1 Motor Invacare"},"content":{"rendered":"<p><strong>Poltrona El\u00e9trica com Eleva\u00e7\u00e3o Porto 1 Motor<\/strong><\/p>\n<p>Fabricada pela marca Invacare foi desenhada com apoio de pernas inteiri\u00e7o e apoios laterais de tronco que garantem conforto otimizado. Mais compacta e envolvente, as suas dimens\u00f5es reduzidas, v\u00e1rios tipos de tecido, um acabamento debruado a branco nas vers\u00f5es em microfibra, s\u00e3o estas caracter\u00edsticas que tornam este cadeir\u00e3o f\u00e1cil de integrar em qualquer tipo de ambiente.<\/p>\n<h3>Caracter\u00edsticas em destaque<\/h3>\n<ul>\n<li>Proporciona v\u00e1rias possibilidades de posicionamento.<\/li>\n<li>Posi\u00e7\u00e3o Relax: posi\u00e7\u00e3o sentada confort\u00e1vel que permite ainda a eleva\u00e7\u00e3o de pernas e reclina\u00e7\u00e3o de encosto para uma posi\u00e7\u00e3o semi deitada.<\/li>\n<li>Posi\u00e7\u00e3o de Eleva\u00e7\u00e3o: ajuda \u00e0 passagem da posi\u00e7\u00e3o sentada para a posi\u00e7\u00e3o de p\u00e9 e vice-versa.<\/li>\n<li>Tem 2 rod\u00edzios na parte traseira que possibilitam que possa ser facilmente deslocada.<\/li>\n<li>O encosto com abas (orelhas) laterais e apoio lombar integrado proporcionam um bom posicionamento.<\/li>\n<li>Comando ergon\u00f3mico com 2 bot\u00f5es de f\u00e1cil utiliza\u00e7\u00e3o.<\/li>\n<li>Revestimento em napa castanha.<\/li>\n<\/ul>\n<h3>Informa\u00e7\u00e3o sobre o servi\u00e7o de entrega<\/h3>\n<ul>\n<li>Dispomos de servi\u00e7o de entrega e montagem no domicilio na regi\u00e3o do Porto e de Lisboa por t\u00e9cnicos especializados da Mais que Cuidar.<\/li>\n<li>Fazemos entregas para andares acima do r\u00e9s-do-ch\u00e3o na regi\u00e3o do Porto e de Lisboa.<\/li>\n<\/ul>\n","protected":false},"excerpt":{"rendered":"<p>Poltrona Geri\u00e1trica El\u00e9trica de Eleva\u00e7\u00e3o Porto<\/p>\n","protected":false},"featured_media":12763,"template":"","meta":{"_acf_changed":false,"neve_meta_sidebar":"","neve_meta_container":"","neve_meta_enable_content_width":"","neve_meta_content_width":0,"neve_meta_title_alignment":"","neve_meta_author_avatar":"","neve_post_elements_order":"","neve_meta_disable_header":"","neve_meta_disable_footer":"","neve_meta_disable_title":""},"product_brand":[],"product_cat":[68],"product_tag":[344,342,341,546,343,346,345],"class_list":{"0":"post-3998","1":"product","2":"type-product","3":"status-publish","4":"has-post-thumbnail","6":"product_cat-cadeiroes-e-poltronas-de-descanso","7":"product_tag-poltrona-eletrica-para-idosos","8":"product_tag-poltrona-para-doentes","9":"product_tag-poltrona-para-idosos","10":"product_tag-poltronas-invacare","11":"product_tag-poltronas-para-idosos","12":"product_tag-sofas-para-doentes","13":"product_tag-sofas-para-idosos","15":"first","16":"onbackorder","17":"taxable","18":"shipping-taxable","19":"purchasable","20":"product-type-simple"},"acf":[],"yoast_head":"<!-- This site is optimized with the Yoast SEO plugin v27.3 - https:\/\/yoast.com\/product\/yoast-seo-wordpress\/ -->\n<title>Poltrona El\u00e9trica de Eleva\u00e7\u00e3o Porto NG 1 Motor Invacare<\/title>\n<meta name=\"description\" content=\"Poltrona el\u00e9trica de eleva\u00e7\u00e3o Porto NG da marca Invacare em napa castanha. Oferece um excelente conforto e posicionamento ao utilizador. Confira o pre\u00e7o!\" \/>\n<meta name=\"robots\" content=\"index, follow, max-snippet:-1, max-image-preview:large, max-video-preview:-1\" \/>\n<link rel=\"canonical\" href=\"https:\/\/www.maisquecuidar.com\/loja\/cadeiroes-e-poltronas-de-descanso\/poltrona-eletrica-porto\" \/>\n<meta property=\"og:locale\" content=\"pt_PT\" \/>\n<meta property=\"og:type\" content=\"article\" \/>\n<meta property=\"og:title\" content=\"Poltrona El\u00e9trica de Eleva\u00e7\u00e3o Porto NG 1 Motor Invacare\" \/>\n<meta property=\"og:description\" content=\"Poltrona el\u00e9trica de eleva\u00e7\u00e3o Porto NG da marca Invacare em napa castanha. Oferece um excelente conforto e posicionamento ao utilizador. Confira o pre\u00e7o!\" \/>\n<meta property=\"og:url\" content=\"https:\/\/www.maisquecuidar.com\/loja\/cadeiroes-e-poltronas-de-descanso\/poltrona-eletrica-porto\" \/>\n<meta property=\"og:site_name\" content=\"Mais que Cuidar\" \/>\n<meta property=\"article:publisher\" content=\"https:\/\/www.facebook.com\/maisquecuidar.pt\" \/>\n<meta property=\"article:modified_time\" content=\"2022-10-06T15:08:16+00:00\" \/>\n<meta property=\"og:image\" content=\"https:\/\/img.maisquecuidar.com\/loja\/wp-content\/uploads\/2016\/12\/poltrona-eletrica-porto-invacare.jpg\" \/>\n\t<meta property=\"og:image:width\" content=\"1280\" \/>\n\t<meta property=\"og:image:height\" content=\"800\" \/>\n\t<meta property=\"og:image:type\" content=\"image\/jpeg\" \/>\n<meta name=\"twitter:label1\" content=\"Tempo estimado de leitura\" \/>\n\t<meta name=\"twitter:data1\" content=\"2 minutos\" \/>\n<script type=\"application\/ld+json\" class=\"yoast-schema-graph\">{\"@context\":\"https:\\\/\\\/schema.org\",\"@graph\":[{\"@type\":\"WebPage\",\"@id\":\"https:\\\/\\\/www.maisquecuidar.com\\\/loja\\\/cadeiroes-e-poltronas-de-descanso\\\/poltrona-eletrica-porto\",\"url\":\"https:\\\/\\\/www.maisquecuidar.com\\\/loja\\\/cadeiroes-e-poltronas-de-descanso\\\/poltrona-eletrica-porto\",\"name\":\"Poltrona El\u00e9trica de Eleva\u00e7\u00e3o Porto NG 1 Motor Invacare\",\"isPartOf\":{\"@id\":\"https:\\\/\\\/www.maisquecuidar.com\\\/loja\\\/#website\"},\"primaryImageOfPage\":{\"@id\":\"https:\\\/\\\/www.maisquecuidar.com\\\/loja\\\/cadeiroes-e-poltronas-de-descanso\\\/poltrona-eletrica-porto#primaryimage\"},\"image\":{\"@id\":\"https:\\\/\\\/www.maisquecuidar.com\\\/loja\\\/cadeiroes-e-poltronas-de-descanso\\\/poltrona-eletrica-porto#primaryimage\"},\"thumbnailUrl\":\"https:\\\/\\\/img.maisquecuidar.com\\\/loja\\\/wp-content\\\/uploads\\\/2016\\\/12\\\/poltrona-eletrica-porto-invacare.jpg\",\"datePublished\":\"2016-12-13T22:40:48+00:00\",\"dateModified\":\"2022-10-06T15:08:16+00:00\",\"description\":\"Poltrona el\u00e9trica de eleva\u00e7\u00e3o Porto NG da marca Invacare em napa castanha. Oferece um excelente conforto e posicionamento ao utilizador. Confira o pre\u00e7o!\",\"breadcrumb\":{\"@id\":\"https:\\\/\\\/www.maisquecuidar.com\\\/loja\\\/cadeiroes-e-poltronas-de-descanso\\\/poltrona-eletrica-porto#breadcrumb\"},\"inLanguage\":\"pt-PT\",\"potentialAction\":[{\"@type\":\"ReadAction\",\"target\":[\"https:\\\/\\\/www.maisquecuidar.com\\\/loja\\\/cadeiroes-e-poltronas-de-descanso\\\/poltrona-eletrica-porto\"]}]},{\"@type\":\"ImageObject\",\"inLanguage\":\"pt-PT\",\"@id\":\"https:\\\/\\\/www.maisquecuidar.com\\\/loja\\\/cadeiroes-e-poltronas-de-descanso\\\/poltrona-eletrica-porto#primaryimage\",\"url\":\"https:\\\/\\\/img.maisquecuidar.com\\\/loja\\\/wp-content\\\/uploads\\\/2016\\\/12\\\/poltrona-eletrica-porto-invacare.jpg\",\"contentUrl\":\"https:\\\/\\\/img.maisquecuidar.com\\\/loja\\\/wp-content\\\/uploads\\\/2016\\\/12\\\/poltrona-eletrica-porto-invacare.jpg\",\"width\":1280,\"height\":800,\"caption\":\"poltrona el\u00e9trica porto invacare\"},{\"@type\":\"BreadcrumbList\",\"@id\":\"https:\\\/\\\/www.maisquecuidar.com\\\/loja\\\/cadeiroes-e-poltronas-de-descanso\\\/poltrona-eletrica-porto#breadcrumb\",\"itemListElement\":[{\"@type\":\"ListItem\",\"position\":1,\"name\":\"Home\",\"item\":\"https:\\\/\\\/www.maisquecuidar.com\\\/loja\\\/\"},{\"@type\":\"ListItem\",\"position\":2,\"name\":\"Loja Online de Ortopedia e Geriatria em Portugal\",\"item\":\"https:\\\/\\\/www.maisquecuidar.com\\\/loja\\\/loja\"},{\"@type\":\"ListItem\",\"position\":3,\"name\":\"Cadeir\u00f5es e Poltronas de Descanso\",\"item\":\"https:\\\/\\\/www.maisquecuidar.com\\\/loja\\\/cadeiroes-e-poltronas-de-descanso\"},{\"@type\":\"ListItem\",\"position\":4,\"name\":\"Poltrona El\u00e9trica de Eleva\u00e7\u00e3o Porto NG 1 Motor Invacare\"}]},{\"@type\":\"WebSite\",\"@id\":\"https:\\\/\\\/www.maisquecuidar.com\\\/loja\\\/#website\",\"url\":\"https:\\\/\\\/www.maisquecuidar.com\\\/loja\\\/\",\"name\":\"Mais que Cuidar\",\"description\":\"Sa\u00fade, Ortopedia e Geriatria\",\"publisher\":{\"@id\":\"https:\\\/\\\/www.maisquecuidar.com\\\/loja\\\/#organization\"},\"potentialAction\":[{\"@type\":\"SearchAction\",\"target\":{\"@type\":\"EntryPoint\",\"urlTemplate\":\"https:\\\/\\\/www.maisquecuidar.com\\\/loja\\\/?s={search_term_string}\"},\"query-input\":{\"@type\":\"PropertyValueSpecification\",\"valueRequired\":true,\"valueName\":\"search_term_string\"}}],\"inLanguage\":\"pt-PT\"},{\"@type\":\"Organization\",\"@id\":\"https:\\\/\\\/www.maisquecuidar.com\\\/loja\\\/#organization\",\"name\":\"Mais Que Cuidar\",\"url\":\"https:\\\/\\\/www.maisquecuidar.com\\\/loja\\\/\",\"logo\":{\"@type\":\"ImageObject\",\"inLanguage\":\"pt-PT\",\"@id\":\"https:\\\/\\\/www.maisquecuidar.com\\\/loja\\\/#\\\/schema\\\/logo\\\/image\\\/\",\"url\":\"https:\\\/\\\/img.maisquecuidar.com\\\/loja\\\/wp-content\\\/uploads\\\/2019\\\/08\\\/logo-mais-que-cuidar-retina.png\",\"contentUrl\":\"https:\\\/\\\/img.maisquecuidar.com\\\/loja\\\/wp-content\\\/uploads\\\/2019\\\/08\\\/logo-mais-que-cuidar-retina.png\",\"width\":565,\"height\":75,\"caption\":\"Mais Que Cuidar\"},\"image\":{\"@id\":\"https:\\\/\\\/www.maisquecuidar.com\\\/loja\\\/#\\\/schema\\\/logo\\\/image\\\/\"},\"sameAs\":[\"https:\\\/\\\/www.facebook.com\\\/maisquecuidar.pt\",\"https:\\\/\\\/www.instagram.com\\\/maisquecuidar\"]}]}<\/script>\n<!-- \/ Yoast SEO plugin. -->","yoast_head_json":{"title":"Poltrona El\u00e9trica de Eleva\u00e7\u00e3o Porto NG 1 Motor Invacare","description":"Poltrona el\u00e9trica de eleva\u00e7\u00e3o Porto NG da marca Invacare em napa castanha. Oferece um excelente conforto e posicionamento ao utilizador. Confira o pre\u00e7o!","robots":{"index":"index","follow":"follow","max-snippet":"max-snippet:-1","max-image-preview":"max-image-preview:large","max-video-preview":"max-video-preview:-1"},"canonical":"https:\/\/www.maisquecuidar.com\/loja\/cadeiroes-e-poltronas-de-descanso\/poltrona-eletrica-porto","og_locale":"pt_PT","og_type":"article","og_title":"Poltrona El\u00e9trica de Eleva\u00e7\u00e3o Porto NG 1 Motor Invacare","og_description":"Poltrona el\u00e9trica de eleva\u00e7\u00e3o Porto NG da marca Invacare em napa castanha. Oferece um excelente conforto e posicionamento ao utilizador. Confira o pre\u00e7o!","og_url":"https:\/\/www.maisquecuidar.com\/loja\/cadeiroes-e-poltronas-de-descanso\/poltrona-eletrica-porto","og_site_name":"Mais que Cuidar","article_publisher":"https:\/\/www.facebook.com\/maisquecuidar.pt","article_modified_time":"2022-10-06T15:08:16+00:00","og_image":[{"width":1280,"height":800,"url":"https:\/\/img.maisquecuidar.com\/loja\/wp-content\/uploads\/2016\/12\/poltrona-eletrica-porto-invacare.jpg","type":"image\/jpeg"}],"twitter_misc":{"Tempo estimado de leitura":"2 minutos"},"schema":{"@context":"https:\/\/schema.org","@graph":[{"@type":"WebPage","@id":"https:\/\/www.maisquecuidar.com\/loja\/cadeiroes-e-poltronas-de-descanso\/poltrona-eletrica-porto","url":"https:\/\/www.maisquecuidar.com\/loja\/cadeiroes-e-poltronas-de-descanso\/poltrona-eletrica-porto","name":"Poltrona El\u00e9trica de Eleva\u00e7\u00e3o Porto NG 1 Motor Invacare","isPartOf":{"@id":"https:\/\/www.maisquecuidar.com\/loja\/#website"},"primaryImageOfPage":{"@id":"https:\/\/www.maisquecuidar.com\/loja\/cadeiroes-e-poltronas-de-descanso\/poltrona-eletrica-porto#primaryimage"},"image":{"@id":"https:\/\/www.maisquecuidar.com\/loja\/cadeiroes-e-poltronas-de-descanso\/poltrona-eletrica-porto#primaryimage"},"thumbnailUrl":"https:\/\/img.maisquecuidar.com\/loja\/wp-content\/uploads\/2016\/12\/poltrona-eletrica-porto-invacare.jpg","datePublished":"2016-12-13T22:40:48+00:00","dateModified":"2022-10-06T15:08:16+00:00","description":"Poltrona el\u00e9trica de eleva\u00e7\u00e3o Porto NG da marca Invacare em napa castanha. Oferece um excelente conforto e posicionamento ao utilizador. Confira o pre\u00e7o!","breadcrumb":{"@id":"https:\/\/www.maisquecuidar.com\/loja\/cadeiroes-e-poltronas-de-descanso\/poltrona-eletrica-porto#breadcrumb"},"inLanguage":"pt-PT","potentialAction":[{"@type":"ReadAction","target":["https:\/\/www.maisquecuidar.com\/loja\/cadeiroes-e-poltronas-de-descanso\/poltrona-eletrica-porto"]}]},{"@type":"ImageObject","inLanguage":"pt-PT","@id":"https:\/\/www.maisquecuidar.com\/loja\/cadeiroes-e-poltronas-de-descanso\/poltrona-eletrica-porto#primaryimage","url":"https:\/\/img.maisquecuidar.com\/loja\/wp-content\/uploads\/2016\/12\/poltrona-eletrica-porto-invacare.jpg","contentUrl":"https:\/\/img.maisquecuidar.com\/loja\/wp-content\/uploads\/2016\/12\/poltrona-eletrica-porto-invacare.jpg","width":1280,"height":800,"caption":"poltrona el\u00e9trica porto invacare"},{"@type":"BreadcrumbList","@id":"https:\/\/www.maisquecuidar.com\/loja\/cadeiroes-e-poltronas-de-descanso\/poltrona-eletrica-porto#breadcrumb","itemListElement":[{"@type":"ListItem","position":1,"name":"Home","item":"https:\/\/www.maisquecuidar.com\/loja\/"},{"@type":"ListItem","position":2,"name":"Loja Online de Ortopedia e Geriatria em Portugal","item":"https:\/\/www.maisquecuidar.com\/loja\/loja"},{"@type":"ListItem","position":3,"name":"Cadeir\u00f5es e Poltronas de Descanso","item":"https:\/\/www.maisquecuidar.com\/loja\/cadeiroes-e-poltronas-de-descanso"},{"@type":"ListItem","position":4,"name":"Poltrona El\u00e9trica de Eleva\u00e7\u00e3o Porto NG 1 Motor Invacare"}]},{"@type":"WebSite","@id":"https:\/\/www.maisquecuidar.com\/loja\/#website","url":"https:\/\/www.maisquecuidar.com\/loja\/","name":"Mais que Cuidar","description":"Sa\u00fade, Ortopedia e Geriatria","publisher":{"@id":"https:\/\/www.maisquecuidar.com\/loja\/#organization"},"potentialAction":[{"@type":"SearchAction","target":{"@type":"EntryPoint","urlTemplate":"https:\/\/www.maisquecuidar.com\/loja\/?s={search_term_string}"},"query-input":{"@type":"PropertyValueSpecification","valueRequired":true,"valueName":"search_term_string"}}],"inLanguage":"pt-PT"},{"@type":"Organization","@id":"https:\/\/www.maisquecuidar.com\/loja\/#organization","name":"Mais Que Cuidar","url":"https:\/\/www.maisquecuidar.com\/loja\/","logo":{"@type":"ImageObject","inLanguage":"pt-PT","@id":"https:\/\/www.maisquecuidar.com\/loja\/#\/schema\/logo\/image\/","url":"https:\/\/img.maisquecuidar.com\/loja\/wp-content\/uploads\/2019\/08\/logo-mais-que-cuidar-retina.png","contentUrl":"https:\/\/img.maisquecuidar.com\/loja\/wp-content\/uploads\/2019\/08\/logo-mais-que-cuidar-retina.png","width":565,"height":75,"caption":"Mais Que Cuidar"},"image":{"@id":"https:\/\/www.maisquecuidar.com\/loja\/#\/schema\/logo\/image\/"},"sameAs":["https:\/\/www.facebook.com\/maisquecuidar.pt","https:\/\/www.instagram.com\/maisquecuidar"]}]}},"_links":{"self":[{"href":"https:\/\/www.maisquecuidar.com\/loja\/wp-json\/wp\/v2\/product\/3998","targetHints":{"allow":["GET"]}}],"collection":[{"href":"https:\/\/www.maisquecuidar.com\/loja\/wp-json\/wp\/v2\/product"}],"about":[{"href":"https:\/\/www.maisquecuidar.com\/loja\/wp-json\/wp\/v2\/types\/product"}],"wp:featuredmedia":[{"embeddable":true,"href":"https:\/\/www.maisquecuidar.com\/loja\/wp-json\/wp\/v2\/media\/12763"}],"wp:attachment":[{"href":"https:\/\/www.maisquecuidar.com\/loja\/wp-json\/wp\/v2\/media?parent=3998"}],"wp:term":[{"taxonomy":"product_brand","embeddable":true,"href":"https:\/\/www.maisquecuidar.com\/loja\/wp-json\/wp\/v2\/product_brand?post=3998"},{"taxonomy":"product_cat","embeddable":true,"href":"https:\/\/www.maisquecuidar.com\/loja\/wp-json\/wp\/v2\/product_cat?post=3998"},{"taxonomy":"product_tag","embeddable":true,"href":"https:\/\/www.maisquecuidar.com\/loja\/wp-json\/wp\/v2\/product_tag?post=3998"}],"curies":[{"name":"wp","href":"https:\/\/api.w.org\/{rel}","templated":true}]}}